{"id":655,"date":"2020-07-20T11:04:50","date_gmt":"2020-07-20T09:04:50","guid":{"rendered":"https:\/\/partsandpieces.bonsaidev.nl\/?product=knob-with-plate-63x40-brass"},"modified":"2025-12-03T21:28:06","modified_gmt":"2025-12-03T20:28:06","slug":"messing-antikknopf-mit-ruckplatte-diamant-28-mm","status":"publish","type":"product","link":"https:\/\/partsandpieces.nl\/de\/product\/knop-messing-antiek-met-achterplaatje-ruit-28mm\/","title":{"rendered":"Knopf Messing antik mit R\u00fcckenplatte Diamant 28mm"},"content":{"rendered":"<p><strong>Knopf Messing antik mit R\u00fcckenplatte Diamant 28mm<\/strong> ist ein Knopf mit Sonnenmotiv in Kombination mit einer d\u00fcnnen, aber sehr stabilen Schl\u00fcsselplatte mit Ausbuchtungen an den Ecken in Form von Ravelins, wie man sie in niederl\u00e4ndischen Festungsst\u00e4dten sieht. Die Kombination hat ein antikes, leicht gl\u00e4nzendes, bronzefarbenes Finish. Das Bild hat ein sehr feines Gitterrelief und bei genauem Hinsehen zwei kleine franz\u00f6sische Lilien. Der Knauf mit Schl\u00fcsselplatte passt gut zu Ihrem antiken Schrank.<\/p>\n<p>Passt gut zu <a href=\"https:\/\/partsandpieces.nl\/de\/produkt\/schlusselplatte-messing-antik-diamant-vertikal-40mm\/\"><span style=\"text-decoration: underline;\">diesen Schl\u00fcsselanh\u00e4nger<\/span><\/a>.<\/p>\n<p>Dieses hochwertige Schl\u00fcsselschild wird in Italien hergestellt.<\/p>\n<p><strong>Ma\u00dfe<br \/>\n<\/strong>Der antike Messingknopf mit R\u00fcckplatte hat einen Durchmesser von 28 mm. Die Schl\u00fcsselplatte hat eine H\u00f6he von 40 mm und eine Breite von 63 mm. Nach der Montage steht die Kombination 26mm \u00fcber.<\/p>\n<p><strong>Bearbeiten<br \/>\n<\/strong>Sie k\u00f6nnen den Knopf mit montieren<span style=\"text-decoration: underline;\">\u00a0<a href=\"https:\/\/partsandpieces.nl\/de\/produkt\/schrauben-mit-rundkopf-antikbronze-mit-schlitz-2-x-14-mm\/\">Schraube Rundkopf Antik Bronze mit Schlitz (2x14mm)<\/a><\/span> in Kombination mit <a href=\"https:\/\/partsandpieces.nl\/de\/produkt\/schraube-edelstahl-zur-blindmontage-von-mobelbeschlagen-45x4mm-20-stuck\/\"><span style=\"text-decoration: underline;\">Edelstahlschraube zur Blindbefestigung von M\u00f6belbeschl\u00e4gen (45x4mm)<\/span><\/a>. Ich schicke diese Schrauben <strong>FREI<\/strong>\u00a0mit Ihrer Bestellung.<\/p>","protected":false},"excerpt":{"rendered":"<p>Knop Messing antiek met achterplaatje Ruit 28mm is een knop met een zon motief in combinatie met een dun, maar erg stevig sleutelplaatje met op de hoeken uitstulpingen in de vorm van ravelijnen zoals je ziet bij Nederlandse vestingstadjes. De combinatie heeft een antieke, licht glanzende, bronskleurige afwerking. Op het plaatje zit een heel fijn [&hellip;]<\/p>\n","protected":false},"featured_media":4968,"template":"","meta":{"_acf_changed":false},"product_brand":[],"product_cat":[37,23],"product_tag":[],"class_list":{"0":"post-655","1":"product","2":"type-product","3":"status-publish","4":"has-post-thumbnail","6":"product_cat-knoppen","7":"product_cat-meubelbeslag","9":"first","10":"instock","11":"taxable","12":"shipping-taxable","13":"purchasable","14":"product-type-simple"},"acf":[],"yoast_head":"<!-- This site is optimized with the Yoast SEO plugin v27.3 - https:\/\/yoast.com\/product\/yoast-seo-wordpress\/ -->\n<title>Knop Messing antiek met achterplaatje Ruit 28mm<\/title>\n<meta name=\"description\" content=\"Knop Messing antiek met achterplaatje Ruit 28mm is een knop met een zon motief in combinatie met een sleutelplaatje. De knop past goed op je antieke kastje.\" \/>\n<meta name=\"robots\" content=\"index, follow, max-snippet:-1, max-image-preview:large, max-video-preview:-1\" \/>\n<link rel=\"canonical\" href=\"https:\/\/partsandpieces.nl\/de\/produkt\/messing-antikknopf-mit-ruckplatte-diamant-28-mm\/\" \/>\n<meta property=\"og:locale\" content=\"de_DE\" \/>\n<meta property=\"og:type\" content=\"article\" \/>\n<meta property=\"og:title\" content=\"Knop Messing antiek met achterplaatje Ruit 28mm\" \/>\n<meta property=\"og:description\" content=\"Knop Messing antiek met achterplaatje Ruit 28mm is een knop met een zon motief in combinatie met een sleutelplaatje. De knop past goed op je antieke kastje.\" \/>\n<meta property=\"og:url\" content=\"https:\/\/partsandpieces.nl\/de\/produkt\/messing-antikknopf-mit-ruckplatte-diamant-28-mm\/\" \/>\n<meta property=\"og:site_name\" content=\"Parts &amp; Pieces\" \/>\n<meta property=\"article:modified_time\" content=\"2025-12-03T20:28:06+00:00\" \/>\n<meta property=\"og:image\" content=\"https:\/\/partsandpieces.nl\/wp-content\/uploads\/2020\/07\/Knop-Messing-antiek-met-achterplaatje-Ruit-28mm.jpg\" \/>\n\t<meta property=\"og:image:width\" content=\"480\" \/>\n\t<meta property=\"og:image:height\" content=\"640\" \/>\n\t<meta property=\"og:image:type\" content=\"image\/jpeg\" \/>\n<meta name=\"twitter:card\" content=\"summary_large_image\" \/>\n<meta name=\"twitter:label1\" content=\"Gesch\u00e4tzte Lesezeit\" \/>\n\t<meta name=\"twitter:data1\" content=\"1\u00a0Minute\" \/>\n<script type=\"application\/ld+json\" class=\"yoast-schema-graph\">{\"@context\":\"https:\\\/\\\/schema.org\",\"@graph\":[{\"@type\":\"WebPage\",\"@id\":\"https:\\\/\\\/partsandpieces.nl\\\/product\\\/knop-messing-antiek-met-achterplaatje-ruit-28mm\\\/\",\"url\":\"https:\\\/\\\/partsandpieces.nl\\\/product\\\/knop-messing-antiek-met-achterplaatje-ruit-28mm\\\/\",\"name\":\"Knop Messing antiek met achterplaatje Ruit 28mm\",\"isPartOf\":{\"@id\":\"https:\\\/\\\/partsandpieces.nl\\\/#website\"},\"primaryImageOfPage\":{\"@id\":\"https:\\\/\\\/partsandpieces.nl\\\/product\\\/knop-messing-antiek-met-achterplaatje-ruit-28mm\\\/#primaryimage\"},\"image\":{\"@id\":\"https:\\\/\\\/partsandpieces.nl\\\/product\\\/knop-messing-antiek-met-achterplaatje-ruit-28mm\\\/#primaryimage\"},\"thumbnailUrl\":\"https:\\\/\\\/partsandpieces.nl\\\/wp-content\\\/uploads\\\/2020\\\/07\\\/Knop-Messing-antiek-met-achterplaatje-Ruit-28mm.jpg\",\"datePublished\":\"2020-07-20T09:04:50+00:00\",\"dateModified\":\"2025-12-03T20:28:06+00:00\",\"description\":\"Knop Messing antiek met achterplaatje Ruit 28mm is een knop met een zon motief in combinatie met een sleutelplaatje. De knop past goed op je antieke kastje.\",\"breadcrumb\":{\"@id\":\"https:\\\/\\\/partsandpieces.nl\\\/product\\\/knop-messing-antiek-met-achterplaatje-ruit-28mm\\\/#breadcrumb\"},\"inLanguage\":\"de\",\"potentialAction\":[{\"@type\":\"ReadAction\",\"target\":[\"https:\\\/\\\/partsandpieces.nl\\\/product\\\/knop-messing-antiek-met-achterplaatje-ruit-28mm\\\/\"]}]},{\"@type\":\"ImageObject\",\"inLanguage\":\"de\",\"@id\":\"https:\\\/\\\/partsandpieces.nl\\\/product\\\/knop-messing-antiek-met-achterplaatje-ruit-28mm\\\/#primaryimage\",\"url\":\"https:\\\/\\\/partsandpieces.nl\\\/wp-content\\\/uploads\\\/2020\\\/07\\\/Knop-Messing-antiek-met-achterplaatje-Ruit-28mm.jpg\",\"contentUrl\":\"https:\\\/\\\/partsandpieces.nl\\\/wp-content\\\/uploads\\\/2020\\\/07\\\/Knop-Messing-antiek-met-achterplaatje-Ruit-28mm.jpg\",\"width\":480,\"height\":640,\"caption\":\"Knop Messing antiek met achterplaatje Ruit 28mm\"},{\"@type\":\"BreadcrumbList\",\"@id\":\"https:\\\/\\\/partsandpieces.nl\\\/product\\\/knop-messing-antiek-met-achterplaatje-ruit-28mm\\\/#breadcrumb\",\"itemListElement\":[{\"@type\":\"ListItem\",\"position\":1,\"name\":\"Home\",\"item\":\"https:\\\/\\\/partsandpieces.nl\\\/home\\\/\"},{\"@type\":\"ListItem\",\"position\":2,\"name\":\"Winkel\",\"item\":\"https:\\\/\\\/partsandpieces.nl\\\/winkel\\\/\"},{\"@type\":\"ListItem\",\"position\":3,\"name\":\"Knop Messing antiek met achterplaatje Ruit 28mm\"}]},{\"@type\":\"WebSite\",\"@id\":\"https:\\\/\\\/partsandpieces.nl\\\/#website\",\"url\":\"https:\\\/\\\/partsandpieces.nl\\\/\",\"name\":\"Parts &amp; Pieces\",\"description\":\"Alles voor uw meubelrestauratie en -onderhoud!\",\"potentialAction\":[{\"@type\":\"SearchAction\",\"target\":{\"@type\":\"EntryPoint\",\"urlTemplate\":\"https:\\\/\\\/partsandpieces.nl\\\/?s={search_term_string}\"},\"query-input\":{\"@type\":\"PropertyValueSpecification\",\"valueRequired\":true,\"valueName\":\"search_term_string\"}}],\"inLanguage\":\"de\"}]}<\/script>\n<!-- \/ Yoast SEO plugin. -->","yoast_head_json":{"title":"Knopf Messing antik mit R\u00fcckenplatte Diamant 28mm","description":"Antiker Messingknopf mit R\u00fcckplatte Diamond 28 mm ist ein Knopf mit einem Sonnenmotiv in Kombination mit einer Schl\u00fcsselplatte. Der Knauf passt gut zu Ihrem antiken Schrank.","robots":{"index":"index","follow":"follow","max-snippet":"max-snippet:-1","max-image-preview":"max-image-preview:large","max-video-preview":"max-video-preview:-1"},"canonical":"https:\/\/partsandpieces.nl\/de\/produkt\/messing-antikknopf-mit-ruckplatte-diamant-28-mm\/","og_locale":"de_DE","og_type":"article","og_title":"Knop Messing antiek met achterplaatje Ruit 28mm","og_description":"Knop Messing antiek met achterplaatje Ruit 28mm is een knop met een zon motief in combinatie met een sleutelplaatje. De knop past goed op je antieke kastje.","og_url":"https:\/\/partsandpieces.nl\/de\/produkt\/messing-antikknopf-mit-ruckplatte-diamant-28-mm\/","og_site_name":"Parts &amp; Pieces","article_modified_time":"2025-12-03T20:28:06+00:00","og_image":[{"width":480,"height":640,"url":"https:\/\/partsandpieces.nl\/wp-content\/uploads\/2020\/07\/Knop-Messing-antiek-met-achterplaatje-Ruit-28mm.jpg","type":"image\/jpeg"}],"twitter_card":"summary_large_image","twitter_misc":{"Gesch\u00e4tzte Lesezeit":"1\u00a0Minute"},"schema":{"@context":"https:\/\/schema.org","@graph":[{"@type":"WebPage","@id":"https:\/\/partsandpieces.nl\/product\/knop-messing-antiek-met-achterplaatje-ruit-28mm\/","url":"https:\/\/partsandpieces.nl\/product\/knop-messing-antiek-met-achterplaatje-ruit-28mm\/","name":"Knopf Messing antik mit R\u00fcckenplatte Diamant 28mm","isPartOf":{"@id":"https:\/\/partsandpieces.nl\/#website"},"primaryImageOfPage":{"@id":"https:\/\/partsandpieces.nl\/product\/knop-messing-antiek-met-achterplaatje-ruit-28mm\/#primaryimage"},"image":{"@id":"https:\/\/partsandpieces.nl\/product\/knop-messing-antiek-met-achterplaatje-ruit-28mm\/#primaryimage"},"thumbnailUrl":"https:\/\/partsandpieces.nl\/wp-content\/uploads\/2020\/07\/Knop-Messing-antiek-met-achterplaatje-Ruit-28mm.jpg","datePublished":"2020-07-20T09:04:50+00:00","dateModified":"2025-12-03T20:28:06+00:00","description":"Antiker Messingknopf mit R\u00fcckplatte Diamond 28 mm ist ein Knopf mit einem Sonnenmotiv in Kombination mit einer Schl\u00fcsselplatte. Der Knauf passt gut zu Ihrem antiken Schrank.","breadcrumb":{"@id":"https:\/\/partsandpieces.nl\/product\/knop-messing-antiek-met-achterplaatje-ruit-28mm\/#breadcrumb"},"inLanguage":"de","potentialAction":[{"@type":"ReadAction","target":["https:\/\/partsandpieces.nl\/product\/knop-messing-antiek-met-achterplaatje-ruit-28mm\/"]}]},{"@type":"ImageObject","inLanguage":"de","@id":"https:\/\/partsandpieces.nl\/product\/knop-messing-antiek-met-achterplaatje-ruit-28mm\/#primaryimage","url":"https:\/\/partsandpieces.nl\/wp-content\/uploads\/2020\/07\/Knop-Messing-antiek-met-achterplaatje-Ruit-28mm.jpg","contentUrl":"https:\/\/partsandpieces.nl\/wp-content\/uploads\/2020\/07\/Knop-Messing-antiek-met-achterplaatje-Ruit-28mm.jpg","width":480,"height":640,"caption":"Knop Messing antiek met achterplaatje Ruit 28mm"},{"@type":"BreadcrumbList","@id":"https:\/\/partsandpieces.nl\/product\/knop-messing-antiek-met-achterplaatje-ruit-28mm\/#breadcrumb","itemListElement":[{"@type":"ListItem","position":1,"name":"Home","item":"https:\/\/partsandpieces.nl\/home\/"},{"@type":"ListItem","position":2,"name":"Winkel","item":"https:\/\/partsandpieces.nl\/winkel\/"},{"@type":"ListItem","position":3,"name":"Knop Messing antiek met achterplaatje Ruit 28mm"}]},{"@type":"WebSite","@id":"https:\/\/partsandpieces.nl\/#website","url":"https:\/\/partsandpieces.nl\/","name":"Teile &amp; St\u00fccke","description":"Alles f\u00fcr Ihre M\u00f6belrestaurierung und -pflege!","potentialAction":[{"@type":"SearchAction","target":{"@type":"EntryPoint","urlTemplate":"https:\/\/partsandpieces.nl\/?s={search_term_string}"},"query-input":{"@type":"PropertyValueSpecification","valueRequired":true,"valueName":"search_term_string"}}],"inLanguage":"de"}]}},"_links":{"self":[{"href":"https:\/\/partsandpieces.nl\/de\/wp-json\/wp\/v2\/product\/655","targetHints":{"allow":["GET"]}}],"collection":[{"href":"https:\/\/partsandpieces.nl\/de\/wp-json\/wp\/v2\/product"}],"about":[{"href":"https:\/\/partsandpieces.nl\/de\/wp-json\/wp\/v2\/types\/product"}],"wp:featuredmedia":[{"embeddable":true,"href":"https:\/\/partsandpieces.nl\/de\/wp-json\/wp\/v2\/media\/4968"}],"wp:attachment":[{"href":"https:\/\/partsandpieces.nl\/de\/wp-json\/wp\/v2\/media?parent=655"}],"wp:term":[{"taxonomy":"product_brand","embeddable":true,"href":"https:\/\/partsandpieces.nl\/de\/wp-json\/wp\/v2\/product_brand?post=655"},{"taxonomy":"product_cat","embeddable":true,"href":"https:\/\/partsandpieces.nl\/de\/wp-json\/wp\/v2\/product_cat?post=655"},{"taxonomy":"product_tag","embeddable":true,"href":"https:\/\/partsandpieces.nl\/de\/wp-json\/wp\/v2\/product_tag?post=655"}],"curies":[{"name":"wp","href":"https:\/\/api.w.org\/{rel}","templated":true}]}}