{"id":6556,"date":"2023-07-14T10:54:51","date_gmt":"2023-07-14T08:54:51","guid":{"rendered":"https:\/\/partsandpieces.nl\/?post_type=product&#038;p=6556"},"modified":"2024-06-03T14:04:50","modified_gmt":"2024-06-03T12:04:50","slug":"frasgriff-nickel-matt-geburstet-rechteckig-75mm-10-stuck","status":"publish","type":"product","link":"https:\/\/partsandpieces.nl\/de\/product\/infreesgreep-mat-geborsteld-nikkel-rechthoekig-75mm-10-stuks\/","title":{"rendered":"Fr\u00e4sgriff Matt geb\u00fcrstetes Nickel rechteckig 75mm (10 St\u00fcck)"},"content":{"rendered":"<p><strong>Fr\u00e4sgriff Matt geb\u00fcrstetes Nickel, rechteckig, 75 mm<\/strong> ist ein stabiler Griff aus einer Zinklegierung mit matt-nickelfarbener Oberfl\u00e4che. Dieser gefr\u00e4ste Griff hat eine l\u00e4ngliche Form und kann an einer Schrankt\u00fcr und einer Schiebet\u00fcr verwendet werden.<\/p>\n<p>Dieser hochwertige Griff wird in Italien hergestellt.<\/p>\n<p><strong>Ma\u00dfe<br \/>\n<\/strong>Der Fr\u00e4sgriff Matt geb\u00fcrstetes Nickel rechteckig 75 mm hat eine Breite von 90 mm und eine H\u00f6he von 31 mm. Die Fr\u00e4stiefe betr\u00e4gt 12mm. Die Bohrl\u00f6cher haben einen Abstand von 75 mm.<\/p>\n<p><strong>Lieferung<\/strong><br \/>\nDiese Griffe werden Ihnen direkt vom Hersteller geliefert. Die Lieferung dauert in der Regel 3 bis 4 Werktage.<br \/>\nBen\u00f6tigen Sie weitere Teile? Kontaktieren Sie mich f\u00fcr ein individuelles Angebot.<\/p>","protected":false},"excerpt":{"rendered":"<p>Infreesgreep Mat Geborsteld Nikkel rechthoekig 75mm is een stoere greep gemaakt van een zink legering met een mat nikkel kleurige afwerking. Deze infreesgreep is langwerpig van vorm en is te gebruiken op een kastdeur en schuifdeur. Deze kwalitatief uitstekende greep is gemaakt in Itali\u00eb. Afmetingen Infreesgreep Mat Geborsteld Nikkel rechthoekig 75mm heeft een breedte van [&hellip;]<\/p>\n","protected":false},"featured_media":6558,"template":"","meta":{"_acf_changed":false},"product_brand":[],"product_cat":[146,23],"product_tag":[],"class_list":{"0":"post-6556","1":"product","2":"type-product","3":"status-publish","4":"has-post-thumbnail","6":"product_cat-infreesgrepen","7":"product_cat-meubelbeslag","9":"first","10":"instock","11":"taxable","12":"shipping-taxable","13":"purchasable","14":"product-type-simple"},"acf":[],"yoast_head":"<!-- This site is optimized with the Yoast SEO plugin v27.3 - https:\/\/yoast.com\/product\/yoast-seo-wordpress\/ -->\n<title>Infreesgreep Nikkel rechthoekig 75mm<\/title>\n<meta name=\"description\" content=\"Infreesgreep Mat Geborsteld Nikkel rechthoekig 75mm is een stoere van zink legering met een mat nikkelen afwerking. Te gebruiken op kast- en schuifdeur.\" \/>\n<meta name=\"robots\" content=\"index, follow, max-snippet:-1, max-image-preview:large, max-video-preview:-1\" \/>\n<link rel=\"canonical\" href=\"https:\/\/partsandpieces.nl\/de\/produkt\/frasgriff-nickel-matt-geburstet-rechteckig-75mm-10-stuck\/\" \/>\n<meta property=\"og:locale\" content=\"de_DE\" \/>\n<meta property=\"og:type\" content=\"article\" \/>\n<meta property=\"og:title\" content=\"Infreesgreep Nikkel rechthoekig 75mm\" \/>\n<meta property=\"og:description\" content=\"Infreesgreep Mat Geborsteld Nikkel rechthoekig 75mm is een stoere van zink legering met een mat nikkelen afwerking. Te gebruiken op kast- en schuifdeur.\" \/>\n<meta property=\"og:url\" content=\"https:\/\/partsandpieces.nl\/de\/produkt\/frasgriff-nickel-matt-geburstet-rechteckig-75mm-10-stuck\/\" \/>\n<meta property=\"og:site_name\" content=\"Parts &amp; Pieces\" \/>\n<meta property=\"article:modified_time\" content=\"2024-06-03T12:04:50+00:00\" \/>\n<meta property=\"og:image\" content=\"https:\/\/partsandpieces.nl\/wp-content\/uploads\/2023\/07\/Infreesgreep-Mat-Geborsteld-Nikkel-rechthoekig-75mm.jpg\" \/>\n\t<meta property=\"og:image:width\" content=\"1011\" \/>\n\t<meta property=\"og:image:height\" content=\"1009\" \/>\n\t<meta property=\"og:image:type\" content=\"image\/jpeg\" \/>\n<meta name=\"twitter:card\" content=\"summary_large_image\" \/>\n<meta name=\"twitter:label1\" content=\"Gesch\u00e4tzte Lesezeit\" \/>\n\t<meta name=\"twitter:data1\" content=\"1\u00a0Minute\" \/>\n<script type=\"application\/ld+json\" class=\"yoast-schema-graph\">{\"@context\":\"https:\\\/\\\/schema.org\",\"@graph\":[{\"@type\":\"WebPage\",\"@id\":\"https:\\\/\\\/partsandpieces.nl\\\/product\\\/infreesgreep-mat-geborsteld-nikkel-rechthoekig-75mm-10-stuks\\\/\",\"url\":\"https:\\\/\\\/partsandpieces.nl\\\/product\\\/infreesgreep-mat-geborsteld-nikkel-rechthoekig-75mm-10-stuks\\\/\",\"name\":\"Infreesgreep Nikkel rechthoekig 75mm\",\"isPartOf\":{\"@id\":\"https:\\\/\\\/partsandpieces.nl\\\/#website\"},\"primaryImageOfPage\":{\"@id\":\"https:\\\/\\\/partsandpieces.nl\\\/product\\\/infreesgreep-mat-geborsteld-nikkel-rechthoekig-75mm-10-stuks\\\/#primaryimage\"},\"image\":{\"@id\":\"https:\\\/\\\/partsandpieces.nl\\\/product\\\/infreesgreep-mat-geborsteld-nikkel-rechthoekig-75mm-10-stuks\\\/#primaryimage\"},\"thumbnailUrl\":\"https:\\\/\\\/partsandpieces.nl\\\/wp-content\\\/uploads\\\/2023\\\/07\\\/Infreesgreep-Mat-Geborsteld-Nikkel-rechthoekig-75mm.jpg\",\"datePublished\":\"2023-07-14T08:54:51+00:00\",\"dateModified\":\"2024-06-03T12:04:50+00:00\",\"description\":\"Infreesgreep Mat Geborsteld Nikkel rechthoekig 75mm is een stoere van zink legering met een mat nikkelen afwerking. Te gebruiken op kast- en schuifdeur.\",\"breadcrumb\":{\"@id\":\"https:\\\/\\\/partsandpieces.nl\\\/product\\\/infreesgreep-mat-geborsteld-nikkel-rechthoekig-75mm-10-stuks\\\/#breadcrumb\"},\"inLanguage\":\"de\",\"potentialAction\":[{\"@type\":\"ReadAction\",\"target\":[\"https:\\\/\\\/partsandpieces.nl\\\/product\\\/infreesgreep-mat-geborsteld-nikkel-rechthoekig-75mm-10-stuks\\\/\"]}]},{\"@type\":\"ImageObject\",\"inLanguage\":\"de\",\"@id\":\"https:\\\/\\\/partsandpieces.nl\\\/product\\\/infreesgreep-mat-geborsteld-nikkel-rechthoekig-75mm-10-stuks\\\/#primaryimage\",\"url\":\"https:\\\/\\\/partsandpieces.nl\\\/wp-content\\\/uploads\\\/2023\\\/07\\\/Infreesgreep-Mat-Geborsteld-Nikkel-rechthoekig-75mm.jpg\",\"contentUrl\":\"https:\\\/\\\/partsandpieces.nl\\\/wp-content\\\/uploads\\\/2023\\\/07\\\/Infreesgreep-Mat-Geborsteld-Nikkel-rechthoekig-75mm.jpg\",\"width\":1011,\"height\":1009,\"caption\":\"Infreesgreep Mat Geborsteld Nikkel rechthoekig 75mm\"},{\"@type\":\"BreadcrumbList\",\"@id\":\"https:\\\/\\\/partsandpieces.nl\\\/product\\\/infreesgreep-mat-geborsteld-nikkel-rechthoekig-75mm-10-stuks\\\/#breadcrumb\",\"itemListElement\":[{\"@type\":\"ListItem\",\"position\":1,\"name\":\"Home\",\"item\":\"https:\\\/\\\/partsandpieces.nl\\\/home\\\/\"},{\"@type\":\"ListItem\",\"position\":2,\"name\":\"Winkel\",\"item\":\"https:\\\/\\\/partsandpieces.nl\\\/winkel\\\/\"},{\"@type\":\"ListItem\",\"position\":3,\"name\":\"Infreesgreep Mat Geborsteld Nikkel rechthoekig 75mm (10 stuks)\"}]},{\"@type\":\"WebSite\",\"@id\":\"https:\\\/\\\/partsandpieces.nl\\\/#website\",\"url\":\"https:\\\/\\\/partsandpieces.nl\\\/\",\"name\":\"Parts &amp; Pieces\",\"description\":\"Alles voor uw meubelrestauratie en -onderhoud!\",\"potentialAction\":[{\"@type\":\"SearchAction\",\"target\":{\"@type\":\"EntryPoint\",\"urlTemplate\":\"https:\\\/\\\/partsandpieces.nl\\\/?s={search_term_string}\"},\"query-input\":{\"@type\":\"PropertyValueSpecification\",\"valueRequired\":true,\"valueName\":\"search_term_string\"}}],\"inLanguage\":\"de\"}]}<\/script>\n<!-- \/ Yoast SEO plugin. -->","yoast_head_json":{"title":"Fr\u00e4sgriff Nickel rechteckig 75mm","description":"Der Fr\u00e4sgriff Matt geb\u00fcrstetes Nickel rechteckig 75 mm ist eine robuste Zinklegierung mit einer matten Nickeloberfl\u00e4che. Kann an Schrank- und Schiebet\u00fcren verwendet werden.","robots":{"index":"index","follow":"follow","max-snippet":"max-snippet:-1","max-image-preview":"max-image-preview:large","max-video-preview":"max-video-preview:-1"},"canonical":"https:\/\/partsandpieces.nl\/de\/produkt\/frasgriff-nickel-matt-geburstet-rechteckig-75mm-10-stuck\/","og_locale":"de_DE","og_type":"article","og_title":"Infreesgreep Nikkel rechthoekig 75mm","og_description":"Infreesgreep Mat Geborsteld Nikkel rechthoekig 75mm is een stoere van zink legering met een mat nikkelen afwerking. Te gebruiken op kast- en schuifdeur.","og_url":"https:\/\/partsandpieces.nl\/de\/produkt\/frasgriff-nickel-matt-geburstet-rechteckig-75mm-10-stuck\/","og_site_name":"Parts &amp; Pieces","article_modified_time":"2024-06-03T12:04:50+00:00","og_image":[{"width":1011,"height":1009,"url":"https:\/\/partsandpieces.nl\/wp-content\/uploads\/2023\/07\/Infreesgreep-Mat-Geborsteld-Nikkel-rechthoekig-75mm.jpg","type":"image\/jpeg"}],"twitter_card":"summary_large_image","twitter_misc":{"Gesch\u00e4tzte Lesezeit":"1\u00a0Minute"},"schema":{"@context":"https:\/\/schema.org","@graph":[{"@type":"WebPage","@id":"https:\/\/partsandpieces.nl\/product\/infreesgreep-mat-geborsteld-nikkel-rechthoekig-75mm-10-stuks\/","url":"https:\/\/partsandpieces.nl\/product\/infreesgreep-mat-geborsteld-nikkel-rechthoekig-75mm-10-stuks\/","name":"Fr\u00e4sgriff Nickel rechteckig 75mm","isPartOf":{"@id":"https:\/\/partsandpieces.nl\/#website"},"primaryImageOfPage":{"@id":"https:\/\/partsandpieces.nl\/product\/infreesgreep-mat-geborsteld-nikkel-rechthoekig-75mm-10-stuks\/#primaryimage"},"image":{"@id":"https:\/\/partsandpieces.nl\/product\/infreesgreep-mat-geborsteld-nikkel-rechthoekig-75mm-10-stuks\/#primaryimage"},"thumbnailUrl":"https:\/\/partsandpieces.nl\/wp-content\/uploads\/2023\/07\/Infreesgreep-Mat-Geborsteld-Nikkel-rechthoekig-75mm.jpg","datePublished":"2023-07-14T08:54:51+00:00","dateModified":"2024-06-03T12:04:50+00:00","description":"Der Fr\u00e4sgriff Matt geb\u00fcrstetes Nickel rechteckig 75 mm ist eine robuste Zinklegierung mit einer matten Nickeloberfl\u00e4che. Kann an Schrank- und Schiebet\u00fcren verwendet werden.","breadcrumb":{"@id":"https:\/\/partsandpieces.nl\/product\/infreesgreep-mat-geborsteld-nikkel-rechthoekig-75mm-10-stuks\/#breadcrumb"},"inLanguage":"de","potentialAction":[{"@type":"ReadAction","target":["https:\/\/partsandpieces.nl\/product\/infreesgreep-mat-geborsteld-nikkel-rechthoekig-75mm-10-stuks\/"]}]},{"@type":"ImageObject","inLanguage":"de","@id":"https:\/\/partsandpieces.nl\/product\/infreesgreep-mat-geborsteld-nikkel-rechthoekig-75mm-10-stuks\/#primaryimage","url":"https:\/\/partsandpieces.nl\/wp-content\/uploads\/2023\/07\/Infreesgreep-Mat-Geborsteld-Nikkel-rechthoekig-75mm.jpg","contentUrl":"https:\/\/partsandpieces.nl\/wp-content\/uploads\/2023\/07\/Infreesgreep-Mat-Geborsteld-Nikkel-rechthoekig-75mm.jpg","width":1011,"height":1009,"caption":"Infreesgreep Mat Geborsteld Nikkel rechthoekig 75mm"},{"@type":"BreadcrumbList","@id":"https:\/\/partsandpieces.nl\/product\/infreesgreep-mat-geborsteld-nikkel-rechthoekig-75mm-10-stuks\/#breadcrumb","itemListElement":[{"@type":"ListItem","position":1,"name":"Home","item":"https:\/\/partsandpieces.nl\/home\/"},{"@type":"ListItem","position":2,"name":"Winkel","item":"https:\/\/partsandpieces.nl\/winkel\/"},{"@type":"ListItem","position":3,"name":"Infreesgreep Mat Geborsteld Nikkel rechthoekig 75mm (10 stuks)"}]},{"@type":"WebSite","@id":"https:\/\/partsandpieces.nl\/#website","url":"https:\/\/partsandpieces.nl\/","name":"Teile &amp; St\u00fccke","description":"Alles f\u00fcr Ihre M\u00f6belrestaurierung und -pflege!","potentialAction":[{"@type":"SearchAction","target":{"@type":"EntryPoint","urlTemplate":"https:\/\/partsandpieces.nl\/?s={search_term_string}"},"query-input":{"@type":"PropertyValueSpecification","valueRequired":true,"valueName":"search_term_string"}}],"inLanguage":"de"}]}},"_links":{"self":[{"href":"https:\/\/partsandpieces.nl\/de\/wp-json\/wp\/v2\/product\/6556","targetHints":{"allow":["GET"]}}],"collection":[{"href":"https:\/\/partsandpieces.nl\/de\/wp-json\/wp\/v2\/product"}],"about":[{"href":"https:\/\/partsandpieces.nl\/de\/wp-json\/wp\/v2\/types\/product"}],"wp:featuredmedia":[{"embeddable":true,"href":"https:\/\/partsandpieces.nl\/de\/wp-json\/wp\/v2\/media\/6558"}],"wp:attachment":[{"href":"https:\/\/partsandpieces.nl\/de\/wp-json\/wp\/v2\/media?parent=6556"}],"wp:term":[{"taxonomy":"product_brand","embeddable":true,"href":"https:\/\/partsandpieces.nl\/de\/wp-json\/wp\/v2\/product_brand?post=6556"},{"taxonomy":"product_cat","embeddable":true,"href":"https:\/\/partsandpieces.nl\/de\/wp-json\/wp\/v2\/product_cat?post=6556"},{"taxonomy":"product_tag","embeddable":true,"href":"https:\/\/partsandpieces.nl\/de\/wp-json\/wp\/v2\/product_tag?post=6556"}],"curies":[{"name":"wp","href":"https:\/\/api.w.org\/{rel}","templated":true}]}}