{"id":6559,"date":"2023-07-14T10:58:05","date_gmt":"2023-07-14T08:58:05","guid":{"rendered":"https:\/\/partsandpieces.nl\/?post_type=product&#038;p=6559"},"modified":"2026-01-19T11:02:37","modified_gmt":"2026-01-19T10:02:37","slug":"gefraster-griff-messing-antik-rechteckig-75mm-10-stuck","status":"publish","type":"product","link":"https:\/\/partsandpieces.nl\/de\/product\/infreesgreep-messing-antiek-rechthoekig-75mm-10-stuks\/","title":{"rendered":"Gefr\u00e4ster Griff Messing Antik rechteckig 75mm (10 St\u00fcck)"},"content":{"rendered":"<p><strong>Gefr\u00e4ster Griff Messing Antik rechteckig 75mm<\/strong> ist ein stabiler Griff aus einer Zinklegierung mit antikem Messingfinish. Dieser gefr\u00e4ste Griff hat eine l\u00e4ngliche Form und kann an einer Schrankt\u00fcr und einer Schiebet\u00fcr verwendet werden.<\/p>\n<p>Dieser hochwertige Griff wird in Italien hergestellt.<\/p>\n<p><strong>Ma\u00dfe<br \/>\n<\/strong>Der gefr\u00e4ste Griff Messing Antik rechteckig 75 mm hat eine Breite von 90 mm und eine H\u00f6he von 31 mm. Die Fr\u00e4stiefe betr\u00e4gt 12mm. Die Bohrl\u00f6cher haben einen Abstand von 75 mm.<\/p>\n<p><strong>Lieferung<\/strong><br \/>\nDiese Griffe werden Ihnen direkt vom Hersteller geliefert. Die Lieferung dauert in der Regel 3 bis 4 Werktage.<br \/>\nBen\u00f6tigen Sie weitere Teile? Kontaktieren Sie mich f\u00fcr ein individuelles Angebot.<\/p>","protected":false},"excerpt":{"rendered":"<p>Infreesgreep Messing Antiek rechthoekig 75mm is een stoere greep gemaakt van een zink legering met een antieke messing afwerking. Deze infreesgreep is langwerpig van vorm en is te gebruiken op een kastdeur en schuifdeur. Deze kwalitatief uitstekende greep is gemaakt in Itali\u00eb. Afmetingen Infreesgreep Messing Antiek rechthoekig 75mm heeft een breedte van 90mm en een [&hellip;]<\/p>\n","protected":false},"featured_media":6561,"template":"","meta":{"_acf_changed":false},"product_brand":[],"product_cat":[146,23],"product_tag":[],"class_list":{"0":"post-6559","1":"product","2":"type-product","3":"status-publish","4":"has-post-thumbnail","6":"product_cat-infreesgrepen","7":"product_cat-meubelbeslag","9":"first","10":"instock","11":"taxable","12":"shipping-taxable","13":"purchasable","14":"product-type-simple"},"acf":[],"yoast_head":"<!-- This site is optimized with the Yoast SEO plugin v27.3 - https:\/\/yoast.com\/product\/yoast-seo-wordpress\/ -->\n<title>Infreesgreep Messing rechthoekig 75mm<\/title>\n<meta name=\"description\" content=\"Infreesgreep Messing rechthoekig 75mm is een stoere greep van een zink legering met een antieke messing afwerking. Te gebruiken op kast- en schuifdeur.\" \/>\n<meta name=\"robots\" content=\"index, follow, max-snippet:-1, max-image-preview:large, max-video-preview:-1\" \/>\n<link rel=\"canonical\" href=\"https:\/\/partsandpieces.nl\/de\/produkt\/gefraster-griff-messing-antik-rechteckig-75mm-10-stuck\/\" \/>\n<meta property=\"og:locale\" content=\"de_DE\" \/>\n<meta property=\"og:type\" content=\"article\" \/>\n<meta property=\"og:title\" content=\"Infreesgreep Messing rechthoekig 75mm\" \/>\n<meta property=\"og:description\" content=\"Infreesgreep Messing rechthoekig 75mm is een stoere greep van een zink legering met een antieke messing afwerking. Te gebruiken op kast- en schuifdeur.\" \/>\n<meta property=\"og:url\" content=\"https:\/\/partsandpieces.nl\/de\/produkt\/gefraster-griff-messing-antik-rechteckig-75mm-10-stuck\/\" \/>\n<meta property=\"og:site_name\" content=\"Parts &amp; Pieces\" \/>\n<meta property=\"article:modified_time\" content=\"2026-01-19T10:02:37+00:00\" \/>\n<meta property=\"og:image\" content=\"https:\/\/partsandpieces.nl\/wp-content\/uploads\/2023\/07\/Infreesgreep-Messing-Antiek-rechthoekig-75mm.jpg\" \/>\n\t<meta property=\"og:image:width\" content=\"1095\" \/>\n\t<meta property=\"og:image:height\" content=\"1098\" \/>\n\t<meta property=\"og:image:type\" content=\"image\/jpeg\" \/>\n<meta name=\"twitter:card\" content=\"summary_large_image\" \/>\n<meta name=\"twitter:label1\" content=\"Gesch\u00e4tzte Lesezeit\" \/>\n\t<meta name=\"twitter:data1\" content=\"1\u00a0Minute\" \/>\n<script type=\"application\/ld+json\" class=\"yoast-schema-graph\">{\"@context\":\"https:\\\/\\\/schema.org\",\"@graph\":[{\"@type\":\"WebPage\",\"@id\":\"https:\\\/\\\/partsandpieces.nl\\\/product\\\/infreesgreep-messing-antiek-rechthoekig-75mm-10-stuks\\\/\",\"url\":\"https:\\\/\\\/partsandpieces.nl\\\/product\\\/infreesgreep-messing-antiek-rechthoekig-75mm-10-stuks\\\/\",\"name\":\"Infreesgreep Messing rechthoekig 75mm\",\"isPartOf\":{\"@id\":\"https:\\\/\\\/partsandpieces.nl\\\/#website\"},\"primaryImageOfPage\":{\"@id\":\"https:\\\/\\\/partsandpieces.nl\\\/product\\\/infreesgreep-messing-antiek-rechthoekig-75mm-10-stuks\\\/#primaryimage\"},\"image\":{\"@id\":\"https:\\\/\\\/partsandpieces.nl\\\/product\\\/infreesgreep-messing-antiek-rechthoekig-75mm-10-stuks\\\/#primaryimage\"},\"thumbnailUrl\":\"https:\\\/\\\/partsandpieces.nl\\\/wp-content\\\/uploads\\\/2023\\\/07\\\/Infreesgreep-Messing-Antiek-rechthoekig-75mm.jpg\",\"datePublished\":\"2023-07-14T08:58:05+00:00\",\"dateModified\":\"2026-01-19T10:02:37+00:00\",\"description\":\"Infreesgreep Messing rechthoekig 75mm is een stoere greep van een zink legering met een antieke messing afwerking. Te gebruiken op kast- en schuifdeur.\",\"breadcrumb\":{\"@id\":\"https:\\\/\\\/partsandpieces.nl\\\/product\\\/infreesgreep-messing-antiek-rechthoekig-75mm-10-stuks\\\/#breadcrumb\"},\"inLanguage\":\"de\",\"potentialAction\":[{\"@type\":\"ReadAction\",\"target\":[\"https:\\\/\\\/partsandpieces.nl\\\/product\\\/infreesgreep-messing-antiek-rechthoekig-75mm-10-stuks\\\/\"]}]},{\"@type\":\"ImageObject\",\"inLanguage\":\"de\",\"@id\":\"https:\\\/\\\/partsandpieces.nl\\\/product\\\/infreesgreep-messing-antiek-rechthoekig-75mm-10-stuks\\\/#primaryimage\",\"url\":\"https:\\\/\\\/partsandpieces.nl\\\/wp-content\\\/uploads\\\/2023\\\/07\\\/Infreesgreep-Messing-Antiek-rechthoekig-75mm.jpg\",\"contentUrl\":\"https:\\\/\\\/partsandpieces.nl\\\/wp-content\\\/uploads\\\/2023\\\/07\\\/Infreesgreep-Messing-Antiek-rechthoekig-75mm.jpg\",\"width\":1095,\"height\":1098,\"caption\":\"Infreesgreep Messing Antiek rechthoekig 75mm\"},{\"@type\":\"BreadcrumbList\",\"@id\":\"https:\\\/\\\/partsandpieces.nl\\\/product\\\/infreesgreep-messing-antiek-rechthoekig-75mm-10-stuks\\\/#breadcrumb\",\"itemListElement\":[{\"@type\":\"ListItem\",\"position\":1,\"name\":\"Home\",\"item\":\"https:\\\/\\\/partsandpieces.nl\\\/home\\\/\"},{\"@type\":\"ListItem\",\"position\":2,\"name\":\"Winkel\",\"item\":\"https:\\\/\\\/partsandpieces.nl\\\/winkel\\\/\"},{\"@type\":\"ListItem\",\"position\":3,\"name\":\"Infreesgreep Messing Antiek rechthoekig 75mm (10 stuks)\"}]},{\"@type\":\"WebSite\",\"@id\":\"https:\\\/\\\/partsandpieces.nl\\\/#website\",\"url\":\"https:\\\/\\\/partsandpieces.nl\\\/\",\"name\":\"Parts &amp; Pieces\",\"description\":\"Alles voor uw meubelrestauratie en -onderhoud!\",\"potentialAction\":[{\"@type\":\"SearchAction\",\"target\":{\"@type\":\"EntryPoint\",\"urlTemplate\":\"https:\\\/\\\/partsandpieces.nl\\\/?s={search_term_string}\"},\"query-input\":{\"@type\":\"PropertyValueSpecification\",\"valueRequired\":true,\"valueName\":\"search_term_string\"}}],\"inLanguage\":\"de\"}]}<\/script>\n<!-- \/ Yoast SEO plugin. -->","yoast_head_json":{"title":"Gefr\u00e4ster Griff aus Messing, rechteckig, 75 mm","description":"Der gefr\u00e4ste Messinggriff rechteckig 75 mm ist ein stabiler Griff aus einer Zinklegierung mit einem antiken Messingfinish. Kann an Schrank- und Schiebet\u00fcren verwendet werden.","robots":{"index":"index","follow":"follow","max-snippet":"max-snippet:-1","max-image-preview":"max-image-preview:large","max-video-preview":"max-video-preview:-1"},"canonical":"https:\/\/partsandpieces.nl\/de\/produkt\/gefraster-griff-messing-antik-rechteckig-75mm-10-stuck\/","og_locale":"de_DE","og_type":"article","og_title":"Infreesgreep Messing rechthoekig 75mm","og_description":"Infreesgreep Messing rechthoekig 75mm is een stoere greep van een zink legering met een antieke messing afwerking. Te gebruiken op kast- en schuifdeur.","og_url":"https:\/\/partsandpieces.nl\/de\/produkt\/gefraster-griff-messing-antik-rechteckig-75mm-10-stuck\/","og_site_name":"Parts &amp; Pieces","article_modified_time":"2026-01-19T10:02:37+00:00","og_image":[{"width":1095,"height":1098,"url":"https:\/\/partsandpieces.nl\/wp-content\/uploads\/2023\/07\/Infreesgreep-Messing-Antiek-rechthoekig-75mm.jpg","type":"image\/jpeg"}],"twitter_card":"summary_large_image","twitter_misc":{"Gesch\u00e4tzte Lesezeit":"1\u00a0Minute"},"schema":{"@context":"https:\/\/schema.org","@graph":[{"@type":"WebPage","@id":"https:\/\/partsandpieces.nl\/product\/infreesgreep-messing-antiek-rechthoekig-75mm-10-stuks\/","url":"https:\/\/partsandpieces.nl\/product\/infreesgreep-messing-antiek-rechthoekig-75mm-10-stuks\/","name":"Gefr\u00e4ster Griff aus Messing, rechteckig, 75 mm","isPartOf":{"@id":"https:\/\/partsandpieces.nl\/#website"},"primaryImageOfPage":{"@id":"https:\/\/partsandpieces.nl\/product\/infreesgreep-messing-antiek-rechthoekig-75mm-10-stuks\/#primaryimage"},"image":{"@id":"https:\/\/partsandpieces.nl\/product\/infreesgreep-messing-antiek-rechthoekig-75mm-10-stuks\/#primaryimage"},"thumbnailUrl":"https:\/\/partsandpieces.nl\/wp-content\/uploads\/2023\/07\/Infreesgreep-Messing-Antiek-rechthoekig-75mm.jpg","datePublished":"2023-07-14T08:58:05+00:00","dateModified":"2026-01-19T10:02:37+00:00","description":"Der gefr\u00e4ste Messinggriff rechteckig 75 mm ist ein stabiler Griff aus einer Zinklegierung mit einem antiken Messingfinish. Kann an Schrank- und Schiebet\u00fcren verwendet werden.","breadcrumb":{"@id":"https:\/\/partsandpieces.nl\/product\/infreesgreep-messing-antiek-rechthoekig-75mm-10-stuks\/#breadcrumb"},"inLanguage":"de","potentialAction":[{"@type":"ReadAction","target":["https:\/\/partsandpieces.nl\/product\/infreesgreep-messing-antiek-rechthoekig-75mm-10-stuks\/"]}]},{"@type":"ImageObject","inLanguage":"de","@id":"https:\/\/partsandpieces.nl\/product\/infreesgreep-messing-antiek-rechthoekig-75mm-10-stuks\/#primaryimage","url":"https:\/\/partsandpieces.nl\/wp-content\/uploads\/2023\/07\/Infreesgreep-Messing-Antiek-rechthoekig-75mm.jpg","contentUrl":"https:\/\/partsandpieces.nl\/wp-content\/uploads\/2023\/07\/Infreesgreep-Messing-Antiek-rechthoekig-75mm.jpg","width":1095,"height":1098,"caption":"Infreesgreep Messing Antiek rechthoekig 75mm"},{"@type":"BreadcrumbList","@id":"https:\/\/partsandpieces.nl\/product\/infreesgreep-messing-antiek-rechthoekig-75mm-10-stuks\/#breadcrumb","itemListElement":[{"@type":"ListItem","position":1,"name":"Home","item":"https:\/\/partsandpieces.nl\/home\/"},{"@type":"ListItem","position":2,"name":"Winkel","item":"https:\/\/partsandpieces.nl\/winkel\/"},{"@type":"ListItem","position":3,"name":"Infreesgreep Messing Antiek rechthoekig 75mm (10 stuks)"}]},{"@type":"WebSite","@id":"https:\/\/partsandpieces.nl\/#website","url":"https:\/\/partsandpieces.nl\/","name":"Teile &amp; St\u00fccke","description":"Alles f\u00fcr Ihre M\u00f6belrestaurierung und -pflege!","potentialAction":[{"@type":"SearchAction","target":{"@type":"EntryPoint","urlTemplate":"https:\/\/partsandpieces.nl\/?s={search_term_string}"},"query-input":{"@type":"PropertyValueSpecification","valueRequired":true,"valueName":"search_term_string"}}],"inLanguage":"de"}]}},"_links":{"self":[{"href":"https:\/\/partsandpieces.nl\/de\/wp-json\/wp\/v2\/product\/6559","targetHints":{"allow":["GET"]}}],"collection":[{"href":"https:\/\/partsandpieces.nl\/de\/wp-json\/wp\/v2\/product"}],"about":[{"href":"https:\/\/partsandpieces.nl\/de\/wp-json\/wp\/v2\/types\/product"}],"wp:featuredmedia":[{"embeddable":true,"href":"https:\/\/partsandpieces.nl\/de\/wp-json\/wp\/v2\/media\/6561"}],"wp:attachment":[{"href":"https:\/\/partsandpieces.nl\/de\/wp-json\/wp\/v2\/media?parent=6559"}],"wp:term":[{"taxonomy":"product_brand","embeddable":true,"href":"https:\/\/partsandpieces.nl\/de\/wp-json\/wp\/v2\/product_brand?post=6559"},{"taxonomy":"product_cat","embeddable":true,"href":"https:\/\/partsandpieces.nl\/de\/wp-json\/wp\/v2\/product_cat?post=6559"},{"taxonomy":"product_tag","embeddable":true,"href":"https:\/\/partsandpieces.nl\/de\/wp-json\/wp\/v2\/product_tag?post=6559"}],"curies":[{"name":"wp","href":"https:\/\/api.w.org\/{rel}","templated":true}]}}