{"id":659,"date":"2020-07-20T11:10:51","date_gmt":"2020-07-20T11:10:51","guid":{"rendered":"https:\/\/partsandpieces.bonsaidev.nl\/?product=knop-ijzer-ger-25-mm"},"modified":"2026-01-21T09:45:00","modified_gmt":"2026-01-21T08:45:00","slug":"knauf-eisenrost-massiv-25mm","status":"publish","type":"product","link":"https:\/\/partsandpieces.nl\/de\/product\/knop-ijzer-roest-massief-25mm\/","title":{"rendered":"Knopf Eisen Rost Massiv 25mm"},"content":{"rendered":"<p><strong>Knopf Eisen Rost Massiv 25mm<\/strong> ist ein runder, sich verj\u00fcngender M\u00f6belknopf aus Eisen mit rostiger Oberfl\u00e4che. Der Knopf hat eine konvexe Spitze und einen Kragen. Die Taste l\u00e4sst sich nicht l\u00f6sen. Dieser Knopf passt gut auf Ihr klassisches oder l\u00e4ndliches M\u00f6belst\u00fcck.<\/p>\n<p>Diesen Button habe ich auch in der Gr\u00f6\u00dfe auf Lager <a href=\"https:\/\/partsandpieces.nl\/de\/produkt\/knop-ijzer-roest-30mm\/\">30mm<\/a>.<\/p>\n<p>Dieser hochwertige Knopf wird in Italien hergestellt.<\/p>\n<p><strong>Ma\u00dfe<br \/>\n<\/strong>Der massive 25-mm-Knopf aus Eisenrost hat einen Durchmesser von 25 mm. Nach der Installation steht dieser Knopf 27 mm hervor. Die Basis des Knopfes hat einen Durchmesser von 14 mm.<\/p>\n<p><strong>Bearbeiten<br \/>\n<\/strong>Sie k\u00f6nnen den Taster mit blind montieren\u00a0<span style=\"text-decoration: underline;\"><a href=\"https:\/\/partsandpieces.nl\/de\/produkt\/schraube-edelstahl-fur-blindmontageknopf-20x4mm-20-stuck\/\">Edelstahlschraube f\u00fcr Blindbefestigungsknopf (20x4mm)<\/a><\/span>. Ich schicke diese Schraube\u00a0<strong>FREI<\/strong>\u00a0mit Ihrer Bestellung.<\/p>","protected":false},"excerpt":{"rendered":"<p>Knop IJzer Roest Massief 25mm is een ronde, taps toelopende meubelknop van ijzer met een roestige afwerking. De knop heeft een bolle punt en een kraag. De knop geeft niet af. Deze knop past goed op je klassieke of landelijke meubelstuk. Ik heb deze knop ook op voorraad in de maat 30mm. Deze kwalitatief uitstekende [&hellip;]<\/p>\n","protected":false},"featured_media":5306,"template":"","meta":{"_acf_changed":false},"product_brand":[],"product_cat":[37,23],"product_tag":[],"class_list":{"0":"post-659","1":"product","2":"type-product","3":"status-publish","4":"has-post-thumbnail","6":"product_cat-knoppen","7":"product_cat-meubelbeslag","9":"first","10":"instock","11":"taxable","12":"shipping-taxable","13":"purchasable","14":"product-type-simple"},"acf":[],"yoast_head":"<!-- This site is optimized with the Yoast SEO plugin v27.3 - https:\/\/yoast.com\/product\/yoast-seo-wordpress\/ -->\n<title>Knop Roest Massief 25mm<\/title>\n<meta name=\"description\" content=\"Knop IJzer Roest Massief 25mm is een taps toelopende meubelknop van ijzer met een roestige afwerking. Deze knop past goed op je landelijke meubelstuk.\" \/>\n<meta name=\"robots\" content=\"index, follow, max-snippet:-1, max-image-preview:large, max-video-preview:-1\" \/>\n<link rel=\"canonical\" href=\"https:\/\/partsandpieces.nl\/de\/produkt\/knauf-eisenrost-massiv-25mm\/\" \/>\n<meta property=\"og:locale\" content=\"de_DE\" \/>\n<meta property=\"og:type\" content=\"article\" \/>\n<meta property=\"og:title\" content=\"Knop Roest Massief 25mm\" \/>\n<meta property=\"og:description\" content=\"Knop IJzer Roest Massief 25mm is een taps toelopende meubelknop van ijzer met een roestige afwerking. Deze knop past goed op je landelijke meubelstuk.\" \/>\n<meta property=\"og:url\" content=\"https:\/\/partsandpieces.nl\/de\/produkt\/knauf-eisenrost-massiv-25mm\/\" \/>\n<meta property=\"og:site_name\" content=\"Parts &amp; Pieces\" \/>\n<meta property=\"article:modified_time\" content=\"2026-01-21T08:45:00+00:00\" \/>\n<meta property=\"og:image\" content=\"https:\/\/partsandpieces.nl\/wp-content\/uploads\/2020\/07\/Knop-IJzer-Roest-Massief-25mm.jpg\" \/>\n\t<meta property=\"og:image:width\" content=\"480\" \/>\n\t<meta property=\"og:image:height\" content=\"479\" \/>\n\t<meta property=\"og:image:type\" content=\"image\/jpeg\" \/>\n<meta name=\"twitter:card\" content=\"summary_large_image\" \/>\n<meta name=\"twitter:label1\" content=\"Gesch\u00e4tzte Lesezeit\" \/>\n\t<meta name=\"twitter:data1\" content=\"1\u00a0Minute\" \/>\n<script type=\"application\/ld+json\" class=\"yoast-schema-graph\">{\"@context\":\"https:\\\/\\\/schema.org\",\"@graph\":[{\"@type\":\"WebPage\",\"@id\":\"https:\\\/\\\/partsandpieces.nl\\\/product\\\/knop-ijzer-roest-massief-25mm\\\/\",\"url\":\"https:\\\/\\\/partsandpieces.nl\\\/product\\\/knop-ijzer-roest-massief-25mm\\\/\",\"name\":\"Knop Roest Massief 25mm\",\"isPartOf\":{\"@id\":\"https:\\\/\\\/partsandpieces.nl\\\/#website\"},\"primaryImageOfPage\":{\"@id\":\"https:\\\/\\\/partsandpieces.nl\\\/product\\\/knop-ijzer-roest-massief-25mm\\\/#primaryimage\"},\"image\":{\"@id\":\"https:\\\/\\\/partsandpieces.nl\\\/product\\\/knop-ijzer-roest-massief-25mm\\\/#primaryimage\"},\"thumbnailUrl\":\"https:\\\/\\\/partsandpieces.nl\\\/wp-content\\\/uploads\\\/2020\\\/07\\\/Knop-IJzer-Roest-Massief-25mm.jpg\",\"datePublished\":\"2020-07-20T11:10:51+00:00\",\"dateModified\":\"2026-01-21T08:45:00+00:00\",\"description\":\"Knop IJzer Roest Massief 25mm is een taps toelopende meubelknop van ijzer met een roestige afwerking. Deze knop past goed op je landelijke meubelstuk.\",\"breadcrumb\":{\"@id\":\"https:\\\/\\\/partsandpieces.nl\\\/product\\\/knop-ijzer-roest-massief-25mm\\\/#breadcrumb\"},\"inLanguage\":\"de\",\"potentialAction\":[{\"@type\":\"ReadAction\",\"target\":[\"https:\\\/\\\/partsandpieces.nl\\\/product\\\/knop-ijzer-roest-massief-25mm\\\/\"]}]},{\"@type\":\"ImageObject\",\"inLanguage\":\"de\",\"@id\":\"https:\\\/\\\/partsandpieces.nl\\\/product\\\/knop-ijzer-roest-massief-25mm\\\/#primaryimage\",\"url\":\"https:\\\/\\\/partsandpieces.nl\\\/wp-content\\\/uploads\\\/2020\\\/07\\\/Knop-IJzer-Roest-Massief-25mm.jpg\",\"contentUrl\":\"https:\\\/\\\/partsandpieces.nl\\\/wp-content\\\/uploads\\\/2020\\\/07\\\/Knop-IJzer-Roest-Massief-25mm.jpg\",\"width\":480,\"height\":479,\"caption\":\"Knop IJzer Roest Massief 25mm\"},{\"@type\":\"BreadcrumbList\",\"@id\":\"https:\\\/\\\/partsandpieces.nl\\\/product\\\/knop-ijzer-roest-massief-25mm\\\/#breadcrumb\",\"itemListElement\":[{\"@type\":\"ListItem\",\"position\":1,\"name\":\"Home\",\"item\":\"https:\\\/\\\/partsandpieces.nl\\\/home\\\/\"},{\"@type\":\"ListItem\",\"position\":2,\"name\":\"Winkel\",\"item\":\"https:\\\/\\\/partsandpieces.nl\\\/winkel\\\/\"},{\"@type\":\"ListItem\",\"position\":3,\"name\":\"Knop IJzer Roest Massief 25mm\"}]},{\"@type\":\"WebSite\",\"@id\":\"https:\\\/\\\/partsandpieces.nl\\\/#website\",\"url\":\"https:\\\/\\\/partsandpieces.nl\\\/\",\"name\":\"Parts &amp; Pieces\",\"description\":\"Alles voor uw meubelrestauratie en -onderhoud!\",\"potentialAction\":[{\"@type\":\"SearchAction\",\"target\":{\"@type\":\"EntryPoint\",\"urlTemplate\":\"https:\\\/\\\/partsandpieces.nl\\\/?s={search_term_string}\"},\"query-input\":{\"@type\":\"PropertyValueSpecification\",\"valueRequired\":true,\"valueName\":\"search_term_string\"}}],\"inLanguage\":\"de\"}]}<\/script>\n<!-- \/ Yoast SEO plugin. -->","yoast_head_json":{"title":"Knopf Rost Massiv 25mm","description":"Knauf Eisen Rost Massiv 25 mm ist ein konischer M\u00f6belknopf aus Eisen mit rostiger Oberfl\u00e4che. Dieser Knauf passt gut zu Ihrem l\u00e4ndlichen M\u00f6belst\u00fcck.","robots":{"index":"index","follow":"follow","max-snippet":"max-snippet:-1","max-image-preview":"max-image-preview:large","max-video-preview":"max-video-preview:-1"},"canonical":"https:\/\/partsandpieces.nl\/de\/produkt\/knauf-eisenrost-massiv-25mm\/","og_locale":"de_DE","og_type":"article","og_title":"Knop Roest Massief 25mm","og_description":"Knop IJzer Roest Massief 25mm is een taps toelopende meubelknop van ijzer met een roestige afwerking. Deze knop past goed op je landelijke meubelstuk.","og_url":"https:\/\/partsandpieces.nl\/de\/produkt\/knauf-eisenrost-massiv-25mm\/","og_site_name":"Parts &amp; Pieces","article_modified_time":"2026-01-21T08:45:00+00:00","og_image":[{"width":480,"height":479,"url":"https:\/\/partsandpieces.nl\/wp-content\/uploads\/2020\/07\/Knop-IJzer-Roest-Massief-25mm.jpg","type":"image\/jpeg"}],"twitter_card":"summary_large_image","twitter_misc":{"Gesch\u00e4tzte Lesezeit":"1\u00a0Minute"},"schema":{"@context":"https:\/\/schema.org","@graph":[{"@type":"WebPage","@id":"https:\/\/partsandpieces.nl\/product\/knop-ijzer-roest-massief-25mm\/","url":"https:\/\/partsandpieces.nl\/product\/knop-ijzer-roest-massief-25mm\/","name":"Knopf Rost Massiv 25mm","isPartOf":{"@id":"https:\/\/partsandpieces.nl\/#website"},"primaryImageOfPage":{"@id":"https:\/\/partsandpieces.nl\/product\/knop-ijzer-roest-massief-25mm\/#primaryimage"},"image":{"@id":"https:\/\/partsandpieces.nl\/product\/knop-ijzer-roest-massief-25mm\/#primaryimage"},"thumbnailUrl":"https:\/\/partsandpieces.nl\/wp-content\/uploads\/2020\/07\/Knop-IJzer-Roest-Massief-25mm.jpg","datePublished":"2020-07-20T11:10:51+00:00","dateModified":"2026-01-21T08:45:00+00:00","description":"Knauf Eisen Rost Massiv 25 mm ist ein konischer M\u00f6belknopf aus Eisen mit rostiger Oberfl\u00e4che. Dieser Knauf passt gut zu Ihrem l\u00e4ndlichen M\u00f6belst\u00fcck.","breadcrumb":{"@id":"https:\/\/partsandpieces.nl\/product\/knop-ijzer-roest-massief-25mm\/#breadcrumb"},"inLanguage":"de","potentialAction":[{"@type":"ReadAction","target":["https:\/\/partsandpieces.nl\/product\/knop-ijzer-roest-massief-25mm\/"]}]},{"@type":"ImageObject","inLanguage":"de","@id":"https:\/\/partsandpieces.nl\/product\/knop-ijzer-roest-massief-25mm\/#primaryimage","url":"https:\/\/partsandpieces.nl\/wp-content\/uploads\/2020\/07\/Knop-IJzer-Roest-Massief-25mm.jpg","contentUrl":"https:\/\/partsandpieces.nl\/wp-content\/uploads\/2020\/07\/Knop-IJzer-Roest-Massief-25mm.jpg","width":480,"height":479,"caption":"Knop IJzer Roest Massief 25mm"},{"@type":"BreadcrumbList","@id":"https:\/\/partsandpieces.nl\/product\/knop-ijzer-roest-massief-25mm\/#breadcrumb","itemListElement":[{"@type":"ListItem","position":1,"name":"Home","item":"https:\/\/partsandpieces.nl\/home\/"},{"@type":"ListItem","position":2,"name":"Winkel","item":"https:\/\/partsandpieces.nl\/winkel\/"},{"@type":"ListItem","position":3,"name":"Knop IJzer Roest Massief 25mm"}]},{"@type":"WebSite","@id":"https:\/\/partsandpieces.nl\/#website","url":"https:\/\/partsandpieces.nl\/","name":"Teile &amp; St\u00fccke","description":"Alles f\u00fcr Ihre M\u00f6belrestaurierung und -pflege!","potentialAction":[{"@type":"SearchAction","target":{"@type":"EntryPoint","urlTemplate":"https:\/\/partsandpieces.nl\/?s={search_term_string}"},"query-input":{"@type":"PropertyValueSpecification","valueRequired":true,"valueName":"search_term_string"}}],"inLanguage":"de"}]}},"_links":{"self":[{"href":"https:\/\/partsandpieces.nl\/de\/wp-json\/wp\/v2\/product\/659","targetHints":{"allow":["GET"]}}],"collection":[{"href":"https:\/\/partsandpieces.nl\/de\/wp-json\/wp\/v2\/product"}],"about":[{"href":"https:\/\/partsandpieces.nl\/de\/wp-json\/wp\/v2\/types\/product"}],"wp:featuredmedia":[{"embeddable":true,"href":"https:\/\/partsandpieces.nl\/de\/wp-json\/wp\/v2\/media\/5306"}],"wp:attachment":[{"href":"https:\/\/partsandpieces.nl\/de\/wp-json\/wp\/v2\/media?parent=659"}],"wp:term":[{"taxonomy":"product_brand","embeddable":true,"href":"https:\/\/partsandpieces.nl\/de\/wp-json\/wp\/v2\/product_brand?post=659"},{"taxonomy":"product_cat","embeddable":true,"href":"https:\/\/partsandpieces.nl\/de\/wp-json\/wp\/v2\/product_cat?post=659"},{"taxonomy":"product_tag","embeddable":true,"href":"https:\/\/partsandpieces.nl\/de\/wp-json\/wp\/v2\/product_tag?post=659"}],"curies":[{"name":"wp","href":"https:\/\/api.w.org\/{rel}","templated":true}]}}