{"id":663,"date":"2020-07-20T11:14:25","date_gmt":"2020-07-20T11:14:25","guid":{"rendered":"https:\/\/partsandpieces.bonsaidev.nl\/?product=knop-ijzer-geroest-25-mm"},"modified":"2026-04-08T07:34:17","modified_gmt":"2026-04-08T05:34:17","slug":"knauf-eisenrost-25mm","status":"publish","type":"product","link":"https:\/\/partsandpieces.nl\/de\/product\/knop-ijzer-roest-25mm\/","title":{"rendered":"Knopf Eisenrost 25mm"},"content":{"rendered":"<p><strong>Knopf Eisenrost 25mm<\/strong> ist ein runder, flacher M\u00f6belknopf aus Eisen mit rostiger Oberfl\u00e4che. Die Taste l\u00e4sst sich nicht l\u00f6sen. Dieser Knopf passt gut auf Ihr klassisches oder l\u00e4ndliches M\u00f6belst\u00fcck.<\/p>\n<p>Ich habe auch diesen Knopf in Gr\u00f6\u00dfen auf Lager <a href=\"https:\/\/partsandpieces.nl\/de\/produkt\/knop-ijzer-roest-30mm\/\"><span style=\"text-decoration: underline;\">30mm<\/span><\/a> und <a href=\"https:\/\/partsandpieces.nl\/de\/produkt\/knauf-eisenrost-35mm\/\"><span style=\"text-decoration: underline;\">35mm<\/span><\/a>.<\/p>\n<p>Dieser hochwertige Knopf wird in Italien hergestellt.<\/p>\n<p><strong>Ma\u00dfe<br \/>\n<\/strong>Der Knob Iron Rust 25mm hat einen Durchmesser von 25mm. Nach der Montage steht dieser Taster 20mm hervor. Die Basis des Knopfes hat einen Durchmesser von 9 mm.<\/p>\n<p><strong>Bearbeiten<br \/>\n<\/strong>Sie k\u00f6nnen den Taster mit blind montieren <span style=\"text-decoration: underline;\"><a href=\"https:\/\/partsandpieces.nl\/de\/produkt\/schraube-edelstahl-fur-blindmontageknopf-20x4mm-20-stuck\/\">Edelstahlschraube f\u00fcr Blindbefestigungsknopf (20x4mm)<\/a><\/span>. Ich schicke diese Schraube <strong>FREI<\/strong> mit Ihrer Bestellung.<\/p>","protected":false},"excerpt":{"rendered":"<p>Knop IJzer Roest 25mm is een ronde, platte meubelknop van ijzer met een roestige afwerking. De knop geeft niet af. Deze knop past goed op je klassieke of landelijke meubelstuk. Ik heb deze knop ook op voorraad in de maten 30mm en 35mm. Deze kwalitatief uitstekende knop is gemaakt in Itali\u00eb. Afmetingen De Knop IJzer [&hellip;]<\/p>\n","protected":false},"featured_media":5296,"template":"","meta":{"_acf_changed":false},"product_brand":[],"product_cat":[37,23],"product_tag":[],"class_list":{"0":"post-663","1":"product","2":"type-product","3":"status-publish","4":"has-post-thumbnail","6":"product_cat-knoppen","7":"product_cat-meubelbeslag","9":"first","10":"instock","11":"taxable","12":"shipping-taxable","13":"purchasable","14":"product-type-simple"},"acf":[],"yoast_head":"<!-- This site is optimized with the Yoast SEO plugin v27.3 - https:\/\/yoast.com\/product\/yoast-seo-wordpress\/ -->\n<title>Knop IJzer Roest 25mm<\/title>\n<meta name=\"description\" content=\"Knop IJzer Roest 25mm is een ronde, platte meubelknop van ijzer met een roestige afwerking. Deze knop past goed op je klassieke of landelijke meubelstuk.\" \/>\n<meta name=\"robots\" content=\"index, follow, max-snippet:-1, max-image-preview:large, max-video-preview:-1\" \/>\n<link rel=\"canonical\" href=\"https:\/\/partsandpieces.nl\/de\/produkt\/knauf-eisenrost-25mm\/\" \/>\n<meta property=\"og:locale\" content=\"de_DE\" \/>\n<meta property=\"og:type\" content=\"article\" \/>\n<meta property=\"og:title\" content=\"Knop IJzer Roest 25mm\" \/>\n<meta property=\"og:description\" content=\"Knop IJzer Roest 25mm is een ronde, platte meubelknop van ijzer met een roestige afwerking. Deze knop past goed op je klassieke of landelijke meubelstuk.\" \/>\n<meta property=\"og:url\" content=\"https:\/\/partsandpieces.nl\/de\/produkt\/knauf-eisenrost-25mm\/\" \/>\n<meta property=\"og:site_name\" content=\"Parts &amp; Pieces\" \/>\n<meta property=\"article:modified_time\" content=\"2026-04-08T05:34:17+00:00\" \/>\n<meta property=\"og:image\" content=\"https:\/\/partsandpieces.nl\/wp-content\/uploads\/2020\/07\/Knop-IJzer-Roest-25mm.jpg\" \/>\n\t<meta property=\"og:image:width\" content=\"480\" \/>\n\t<meta property=\"og:image:height\" content=\"480\" \/>\n\t<meta property=\"og:image:type\" content=\"image\/jpeg\" \/>\n<meta name=\"twitter:card\" content=\"summary_large_image\" \/>\n<meta name=\"twitter:label1\" content=\"Gesch\u00e4tzte Lesezeit\" \/>\n\t<meta name=\"twitter:data1\" content=\"1\u00a0Minute\" \/>\n<script type=\"application\/ld+json\" class=\"yoast-schema-graph\">{\"@context\":\"https:\\\/\\\/schema.org\",\"@graph\":[{\"@type\":\"WebPage\",\"@id\":\"https:\\\/\\\/partsandpieces.nl\\\/product\\\/knop-ijzer-roest-25mm\\\/\",\"url\":\"https:\\\/\\\/partsandpieces.nl\\\/product\\\/knop-ijzer-roest-25mm\\\/\",\"name\":\"Knop IJzer Roest 25mm\",\"isPartOf\":{\"@id\":\"https:\\\/\\\/partsandpieces.nl\\\/#website\"},\"primaryImageOfPage\":{\"@id\":\"https:\\\/\\\/partsandpieces.nl\\\/product\\\/knop-ijzer-roest-25mm\\\/#primaryimage\"},\"image\":{\"@id\":\"https:\\\/\\\/partsandpieces.nl\\\/product\\\/knop-ijzer-roest-25mm\\\/#primaryimage\"},\"thumbnailUrl\":\"https:\\\/\\\/partsandpieces.nl\\\/wp-content\\\/uploads\\\/2020\\\/07\\\/Knop-IJzer-Roest-25mm.jpg\",\"datePublished\":\"2020-07-20T11:14:25+00:00\",\"dateModified\":\"2026-04-08T05:34:17+00:00\",\"description\":\"Knop IJzer Roest 25mm is een ronde, platte meubelknop van ijzer met een roestige afwerking. Deze knop past goed op je klassieke of landelijke meubelstuk.\",\"breadcrumb\":{\"@id\":\"https:\\\/\\\/partsandpieces.nl\\\/product\\\/knop-ijzer-roest-25mm\\\/#breadcrumb\"},\"inLanguage\":\"de\",\"potentialAction\":[{\"@type\":\"ReadAction\",\"target\":[\"https:\\\/\\\/partsandpieces.nl\\\/product\\\/knop-ijzer-roest-25mm\\\/\"]}]},{\"@type\":\"ImageObject\",\"inLanguage\":\"de\",\"@id\":\"https:\\\/\\\/partsandpieces.nl\\\/product\\\/knop-ijzer-roest-25mm\\\/#primaryimage\",\"url\":\"https:\\\/\\\/partsandpieces.nl\\\/wp-content\\\/uploads\\\/2020\\\/07\\\/Knop-IJzer-Roest-25mm.jpg\",\"contentUrl\":\"https:\\\/\\\/partsandpieces.nl\\\/wp-content\\\/uploads\\\/2020\\\/07\\\/Knop-IJzer-Roest-25mm.jpg\",\"width\":480,\"height\":480,\"caption\":\"Knop IJzer Roest 25mm\"},{\"@type\":\"BreadcrumbList\",\"@id\":\"https:\\\/\\\/partsandpieces.nl\\\/product\\\/knop-ijzer-roest-25mm\\\/#breadcrumb\",\"itemListElement\":[{\"@type\":\"ListItem\",\"position\":1,\"name\":\"Home\",\"item\":\"https:\\\/\\\/partsandpieces.nl\\\/home\\\/\"},{\"@type\":\"ListItem\",\"position\":2,\"name\":\"Winkel\",\"item\":\"https:\\\/\\\/partsandpieces.nl\\\/winkel\\\/\"},{\"@type\":\"ListItem\",\"position\":3,\"name\":\"Knop IJzer Roest 25mm\"}]},{\"@type\":\"WebSite\",\"@id\":\"https:\\\/\\\/partsandpieces.nl\\\/#website\",\"url\":\"https:\\\/\\\/partsandpieces.nl\\\/\",\"name\":\"Parts &amp; Pieces\",\"description\":\"Alles voor uw meubelrestauratie en -onderhoud!\",\"potentialAction\":[{\"@type\":\"SearchAction\",\"target\":{\"@type\":\"EntryPoint\",\"urlTemplate\":\"https:\\\/\\\/partsandpieces.nl\\\/?s={search_term_string}\"},\"query-input\":{\"@type\":\"PropertyValueSpecification\",\"valueRequired\":true,\"valueName\":\"search_term_string\"}}],\"inLanguage\":\"de\"}]}<\/script>\n<!-- \/ Yoast SEO plugin. -->","yoast_head_json":{"title":"Knopf Eisenrost 25mm","description":"Knob Iron Rust 25mm ist ein runder, flacher M\u00f6belknopf aus Eisen mit rostigem Finish. Dieser Knopf passt gut auf Ihr klassisches oder l\u00e4ndliches M\u00f6belst\u00fcck.","robots":{"index":"index","follow":"follow","max-snippet":"max-snippet:-1","max-image-preview":"max-image-preview:large","max-video-preview":"max-video-preview:-1"},"canonical":"https:\/\/partsandpieces.nl\/de\/produkt\/knauf-eisenrost-25mm\/","og_locale":"de_DE","og_type":"article","og_title":"Knop IJzer Roest 25mm","og_description":"Knop IJzer Roest 25mm is een ronde, platte meubelknop van ijzer met een roestige afwerking. Deze knop past goed op je klassieke of landelijke meubelstuk.","og_url":"https:\/\/partsandpieces.nl\/de\/produkt\/knauf-eisenrost-25mm\/","og_site_name":"Parts &amp; Pieces","article_modified_time":"2026-04-08T05:34:17+00:00","og_image":[{"width":480,"height":480,"url":"https:\/\/partsandpieces.nl\/wp-content\/uploads\/2020\/07\/Knop-IJzer-Roest-25mm.jpg","type":"image\/jpeg"}],"twitter_card":"summary_large_image","twitter_misc":{"Gesch\u00e4tzte Lesezeit":"1\u00a0Minute"},"schema":{"@context":"https:\/\/schema.org","@graph":[{"@type":"WebPage","@id":"https:\/\/partsandpieces.nl\/product\/knop-ijzer-roest-25mm\/","url":"https:\/\/partsandpieces.nl\/product\/knop-ijzer-roest-25mm\/","name":"Knopf Eisenrost 25mm","isPartOf":{"@id":"https:\/\/partsandpieces.nl\/#website"},"primaryImageOfPage":{"@id":"https:\/\/partsandpieces.nl\/product\/knop-ijzer-roest-25mm\/#primaryimage"},"image":{"@id":"https:\/\/partsandpieces.nl\/product\/knop-ijzer-roest-25mm\/#primaryimage"},"thumbnailUrl":"https:\/\/partsandpieces.nl\/wp-content\/uploads\/2020\/07\/Knop-IJzer-Roest-25mm.jpg","datePublished":"2020-07-20T11:14:25+00:00","dateModified":"2026-04-08T05:34:17+00:00","description":"Knob Iron Rust 25mm ist ein runder, flacher M\u00f6belknopf aus Eisen mit rostigem Finish. Dieser Knopf passt gut auf Ihr klassisches oder l\u00e4ndliches M\u00f6belst\u00fcck.","breadcrumb":{"@id":"https:\/\/partsandpieces.nl\/product\/knop-ijzer-roest-25mm\/#breadcrumb"},"inLanguage":"de","potentialAction":[{"@type":"ReadAction","target":["https:\/\/partsandpieces.nl\/product\/knop-ijzer-roest-25mm\/"]}]},{"@type":"ImageObject","inLanguage":"de","@id":"https:\/\/partsandpieces.nl\/product\/knop-ijzer-roest-25mm\/#primaryimage","url":"https:\/\/partsandpieces.nl\/wp-content\/uploads\/2020\/07\/Knop-IJzer-Roest-25mm.jpg","contentUrl":"https:\/\/partsandpieces.nl\/wp-content\/uploads\/2020\/07\/Knop-IJzer-Roest-25mm.jpg","width":480,"height":480,"caption":"Knop IJzer Roest 25mm"},{"@type":"BreadcrumbList","@id":"https:\/\/partsandpieces.nl\/product\/knop-ijzer-roest-25mm\/#breadcrumb","itemListElement":[{"@type":"ListItem","position":1,"name":"Home","item":"https:\/\/partsandpieces.nl\/home\/"},{"@type":"ListItem","position":2,"name":"Winkel","item":"https:\/\/partsandpieces.nl\/winkel\/"},{"@type":"ListItem","position":3,"name":"Knop IJzer Roest 25mm"}]},{"@type":"WebSite","@id":"https:\/\/partsandpieces.nl\/#website","url":"https:\/\/partsandpieces.nl\/","name":"Teile &amp; St\u00fccke","description":"Alles f\u00fcr Ihre M\u00f6belrestaurierung und -pflege!","potentialAction":[{"@type":"SearchAction","target":{"@type":"EntryPoint","urlTemplate":"https:\/\/partsandpieces.nl\/?s={search_term_string}"},"query-input":{"@type":"PropertyValueSpecification","valueRequired":true,"valueName":"search_term_string"}}],"inLanguage":"de"}]}},"_links":{"self":[{"href":"https:\/\/partsandpieces.nl\/de\/wp-json\/wp\/v2\/product\/663","targetHints":{"allow":["GET"]}}],"collection":[{"href":"https:\/\/partsandpieces.nl\/de\/wp-json\/wp\/v2\/product"}],"about":[{"href":"https:\/\/partsandpieces.nl\/de\/wp-json\/wp\/v2\/types\/product"}],"wp:featuredmedia":[{"embeddable":true,"href":"https:\/\/partsandpieces.nl\/de\/wp-json\/wp\/v2\/media\/5296"}],"wp:attachment":[{"href":"https:\/\/partsandpieces.nl\/de\/wp-json\/wp\/v2\/media?parent=663"}],"wp:term":[{"taxonomy":"product_brand","embeddable":true,"href":"https:\/\/partsandpieces.nl\/de\/wp-json\/wp\/v2\/product_brand?post=663"},{"taxonomy":"product_cat","embeddable":true,"href":"https:\/\/partsandpieces.nl\/de\/wp-json\/wp\/v2\/product_cat?post=663"},{"taxonomy":"product_tag","embeddable":true,"href":"https:\/\/partsandpieces.nl\/de\/wp-json\/wp\/v2\/product_tag?post=663"}],"curies":[{"name":"wp","href":"https:\/\/api.w.org\/{rel}","templated":true}]}}