{"id":667,"date":"2020-07-20T11:18:02","date_gmt":"2020-07-20T11:18:02","guid":{"rendered":"https:\/\/partsandpieces.bonsaidev.nl\/?product=knop-messing-glans-22-mm"},"modified":"2025-09-22T17:15:50","modified_gmt":"2025-09-22T15:15:50","slug":"knopf-messing-glanzend-rotor-20mm","status":"publish","type":"product","link":"https:\/\/partsandpieces.nl\/de\/product\/knop-messing-glanzend-rotor-20mm\/","title":{"rendered":"Knopf Gl\u00e4nzendes Messing &#039;Rotor&#039; 20mm"},"content":{"rendered":"<p><strong>Knopf Gl\u00e4nzendes Messing &#039;Rotor&#039; 20mm<\/strong> ist ein runder M\u00f6belknopf mit gl\u00e4nzender Messingoberfl\u00e4che. Der Knopf hat eine wundersch\u00f6n verzierte Vorderseite in Form von 3 Rotorbl\u00e4ttern. Dieser Knauf passt gut zu Ihren klassischen oder Vintage-M\u00f6beln.<br \/>\n<strong><br \/>\nMa\u00dfe<br \/>\n<\/strong>Der gl\u00e4nzende Messingknopf \u201eRotor\u201c 20 mm hat einen Durchmesser von 20 mm. Nach der Installation steht dieser Knopf 24 mm hervor. Die Basis des Knopfes hat einen Durchmesser von 15 mm.<\/p>\n<p><strong>Bearbeiten<br \/>\n<\/strong>Sie k\u00f6nnen diesen Knopf mit blind montieren\u00a0<span style=\"text-decoration: underline;\"><a href=\"https:\/\/partsandpieces.nl\/de\/produkt\/schraube-edelstahl-fur-blindmontageknopf-20x4mm-20-stuck\/\">Edelstahlschraube f\u00fcr Blindbefestigungsknopf (20x4mm)<\/a><\/span>. Ich schicke diese Schraube\u00a0<strong>FREI<\/strong>\u00a0mit Ihrer Bestellung.<\/p>","protected":false},"excerpt":{"rendered":"<p>Knop Messing glanzend &#8216;Rotor&#8217; 20mm is een ronde meubelknop met een glanzende messing afwerking. De knop heeft een mooi bewerkte voorkant in de vorm van 3 rotorbladen. Deze knop past goed op je klassieke of brocante meubel. Afmetingen Knop Messing glanzend &#8216;Rotor&#8217; 20mm heeft een diameter van 20mm. Na montage steekt deze knop 24mm uit. [&hellip;]<\/p>\n","protected":false},"featured_media":7680,"template":"","meta":{"_acf_changed":false},"product_brand":[],"product_cat":[37,23],"product_tag":[],"class_list":{"0":"post-667","1":"product","2":"type-product","3":"status-publish","4":"has-post-thumbnail","6":"product_cat-knoppen","7":"product_cat-meubelbeslag","9":"first","10":"instock","11":"taxable","12":"shipping-taxable","13":"purchasable","14":"product-type-simple"},"acf":[],"yoast_head":"<!-- This site is optimized with the Yoast SEO plugin v27.3 - https:\/\/yoast.com\/product\/yoast-seo-wordpress\/ -->\n<title>Knop Messing glanzend 20mm<\/title>\n<meta name=\"description\" content=\"Knop Messing glanzend &#039;Rotor&#039; 20mm is een ronde meubelknop met een glanzende messing afwerking. Past goed op je klassieke of brocante meubel.\" \/>\n<meta name=\"robots\" content=\"index, follow, max-snippet:-1, max-image-preview:large, max-video-preview:-1\" \/>\n<link rel=\"canonical\" href=\"https:\/\/partsandpieces.nl\/de\/produkt\/knopf-messing-glanzend-rotor-20mm\/\" \/>\n<meta property=\"og:locale\" content=\"de_DE\" \/>\n<meta property=\"og:type\" content=\"article\" \/>\n<meta property=\"og:title\" content=\"Knop Messing glanzend 20mm\" \/>\n<meta property=\"og:description\" content=\"Knop Messing glanzend &#039;Rotor&#039; 20mm is een ronde meubelknop met een glanzende messing afwerking. Past goed op je klassieke of brocante meubel.\" \/>\n<meta property=\"og:url\" content=\"https:\/\/partsandpieces.nl\/de\/produkt\/knopf-messing-glanzend-rotor-20mm\/\" \/>\n<meta property=\"og:site_name\" content=\"Parts &amp; Pieces\" \/>\n<meta property=\"article:modified_time\" content=\"2025-09-22T15:15:50+00:00\" \/>\n<meta property=\"og:image\" content=\"https:\/\/partsandpieces.nl\/wp-content\/uploads\/2020\/07\/Knop-Messing-glanzend-Rotor-20mm.jpg\" \/>\n\t<meta property=\"og:image:width\" content=\"400\" \/>\n\t<meta property=\"og:image:height\" content=\"400\" \/>\n\t<meta property=\"og:image:type\" content=\"image\/jpeg\" \/>\n<meta name=\"twitter:card\" content=\"summary_large_image\" \/>\n<meta name=\"twitter:label1\" content=\"Gesch\u00e4tzte Lesezeit\" \/>\n\t<meta name=\"twitter:data1\" content=\"1\u00a0Minute\" \/>\n<script type=\"application\/ld+json\" class=\"yoast-schema-graph\">{\"@context\":\"https:\\\/\\\/schema.org\",\"@graph\":[{\"@type\":\"WebPage\",\"@id\":\"https:\\\/\\\/partsandpieces.nl\\\/product\\\/knop-messing-glanzend-rotor-20mm\\\/\",\"url\":\"https:\\\/\\\/partsandpieces.nl\\\/product\\\/knop-messing-glanzend-rotor-20mm\\\/\",\"name\":\"Knop Messing glanzend 20mm\",\"isPartOf\":{\"@id\":\"https:\\\/\\\/partsandpieces.nl\\\/#website\"},\"primaryImageOfPage\":{\"@id\":\"https:\\\/\\\/partsandpieces.nl\\\/product\\\/knop-messing-glanzend-rotor-20mm\\\/#primaryimage\"},\"image\":{\"@id\":\"https:\\\/\\\/partsandpieces.nl\\\/product\\\/knop-messing-glanzend-rotor-20mm\\\/#primaryimage\"},\"thumbnailUrl\":\"https:\\\/\\\/partsandpieces.nl\\\/wp-content\\\/uploads\\\/2020\\\/07\\\/Knop-Messing-glanzend-Rotor-20mm.jpg\",\"datePublished\":\"2020-07-20T11:18:02+00:00\",\"dateModified\":\"2025-09-22T15:15:50+00:00\",\"description\":\"Knop Messing glanzend 'Rotor' 20mm is een ronde meubelknop met een glanzende messing afwerking. Past goed op je klassieke of brocante meubel.\",\"breadcrumb\":{\"@id\":\"https:\\\/\\\/partsandpieces.nl\\\/product\\\/knop-messing-glanzend-rotor-20mm\\\/#breadcrumb\"},\"inLanguage\":\"de\",\"potentialAction\":[{\"@type\":\"ReadAction\",\"target\":[\"https:\\\/\\\/partsandpieces.nl\\\/product\\\/knop-messing-glanzend-rotor-20mm\\\/\"]}]},{\"@type\":\"ImageObject\",\"inLanguage\":\"de\",\"@id\":\"https:\\\/\\\/partsandpieces.nl\\\/product\\\/knop-messing-glanzend-rotor-20mm\\\/#primaryimage\",\"url\":\"https:\\\/\\\/partsandpieces.nl\\\/wp-content\\\/uploads\\\/2020\\\/07\\\/Knop-Messing-glanzend-Rotor-20mm.jpg\",\"contentUrl\":\"https:\\\/\\\/partsandpieces.nl\\\/wp-content\\\/uploads\\\/2020\\\/07\\\/Knop-Messing-glanzend-Rotor-20mm.jpg\",\"width\":400,\"height\":400,\"caption\":\"Knop Messing glanzend 'Rotor' 20mm\"},{\"@type\":\"BreadcrumbList\",\"@id\":\"https:\\\/\\\/partsandpieces.nl\\\/product\\\/knop-messing-glanzend-rotor-20mm\\\/#breadcrumb\",\"itemListElement\":[{\"@type\":\"ListItem\",\"position\":1,\"name\":\"Home\",\"item\":\"https:\\\/\\\/partsandpieces.nl\\\/home\\\/\"},{\"@type\":\"ListItem\",\"position\":2,\"name\":\"Winkel\",\"item\":\"https:\\\/\\\/partsandpieces.nl\\\/winkel\\\/\"},{\"@type\":\"ListItem\",\"position\":3,\"name\":\"Knop Messing glanzend &#8216;Rotor&#8217; 20mm\"}]},{\"@type\":\"WebSite\",\"@id\":\"https:\\\/\\\/partsandpieces.nl\\\/#website\",\"url\":\"https:\\\/\\\/partsandpieces.nl\\\/\",\"name\":\"Parts &amp; Pieces\",\"description\":\"Alles voor uw meubelrestauratie en -onderhoud!\",\"potentialAction\":[{\"@type\":\"SearchAction\",\"target\":{\"@type\":\"EntryPoint\",\"urlTemplate\":\"https:\\\/\\\/partsandpieces.nl\\\/?s={search_term_string}\"},\"query-input\":{\"@type\":\"PropertyValueSpecification\",\"valueRequired\":true,\"valueName\":\"search_term_string\"}}],\"inLanguage\":\"de\"}]}<\/script>\n<!-- \/ Yoast SEO plugin. -->","yoast_head_json":{"title":"Knopf Messing gl\u00e4nzend 20mm","description":"Der gl\u00e4nzende Messingknopf \u201eRotor\u201c 20 mm ist ein runder M\u00f6belknopf mit gl\u00e4nzender Messingoberfl\u00e4che. Passt gut zu Ihren klassischen oder Vintage-M\u00f6beln.","robots":{"index":"index","follow":"follow","max-snippet":"max-snippet:-1","max-image-preview":"max-image-preview:large","max-video-preview":"max-video-preview:-1"},"canonical":"https:\/\/partsandpieces.nl\/de\/produkt\/knopf-messing-glanzend-rotor-20mm\/","og_locale":"de_DE","og_type":"article","og_title":"Knop Messing glanzend 20mm","og_description":"Knop Messing glanzend 'Rotor' 20mm is een ronde meubelknop met een glanzende messing afwerking. Past goed op je klassieke of brocante meubel.","og_url":"https:\/\/partsandpieces.nl\/de\/produkt\/knopf-messing-glanzend-rotor-20mm\/","og_site_name":"Parts &amp; Pieces","article_modified_time":"2025-09-22T15:15:50+00:00","og_image":[{"width":400,"height":400,"url":"https:\/\/partsandpieces.nl\/wp-content\/uploads\/2020\/07\/Knop-Messing-glanzend-Rotor-20mm.jpg","type":"image\/jpeg"}],"twitter_card":"summary_large_image","twitter_misc":{"Gesch\u00e4tzte Lesezeit":"1\u00a0Minute"},"schema":{"@context":"https:\/\/schema.org","@graph":[{"@type":"WebPage","@id":"https:\/\/partsandpieces.nl\/product\/knop-messing-glanzend-rotor-20mm\/","url":"https:\/\/partsandpieces.nl\/product\/knop-messing-glanzend-rotor-20mm\/","name":"Knopf Messing gl\u00e4nzend 20mm","isPartOf":{"@id":"https:\/\/partsandpieces.nl\/#website"},"primaryImageOfPage":{"@id":"https:\/\/partsandpieces.nl\/product\/knop-messing-glanzend-rotor-20mm\/#primaryimage"},"image":{"@id":"https:\/\/partsandpieces.nl\/product\/knop-messing-glanzend-rotor-20mm\/#primaryimage"},"thumbnailUrl":"https:\/\/partsandpieces.nl\/wp-content\/uploads\/2020\/07\/Knop-Messing-glanzend-Rotor-20mm.jpg","datePublished":"2020-07-20T11:18:02+00:00","dateModified":"2025-09-22T15:15:50+00:00","description":"Der gl\u00e4nzende Messingknopf \u201eRotor\u201c 20 mm ist ein runder M\u00f6belknopf mit gl\u00e4nzender Messingoberfl\u00e4che. Passt gut zu Ihren klassischen oder Vintage-M\u00f6beln.","breadcrumb":{"@id":"https:\/\/partsandpieces.nl\/product\/knop-messing-glanzend-rotor-20mm\/#breadcrumb"},"inLanguage":"de","potentialAction":[{"@type":"ReadAction","target":["https:\/\/partsandpieces.nl\/product\/knop-messing-glanzend-rotor-20mm\/"]}]},{"@type":"ImageObject","inLanguage":"de","@id":"https:\/\/partsandpieces.nl\/product\/knop-messing-glanzend-rotor-20mm\/#primaryimage","url":"https:\/\/partsandpieces.nl\/wp-content\/uploads\/2020\/07\/Knop-Messing-glanzend-Rotor-20mm.jpg","contentUrl":"https:\/\/partsandpieces.nl\/wp-content\/uploads\/2020\/07\/Knop-Messing-glanzend-Rotor-20mm.jpg","width":400,"height":400,"caption":"Knop Messing glanzend 'Rotor' 20mm"},{"@type":"BreadcrumbList","@id":"https:\/\/partsandpieces.nl\/product\/knop-messing-glanzend-rotor-20mm\/#breadcrumb","itemListElement":[{"@type":"ListItem","position":1,"name":"Home","item":"https:\/\/partsandpieces.nl\/home\/"},{"@type":"ListItem","position":2,"name":"Winkel","item":"https:\/\/partsandpieces.nl\/winkel\/"},{"@type":"ListItem","position":3,"name":"Knop Messing glanzend &#8216;Rotor&#8217; 20mm"}]},{"@type":"WebSite","@id":"https:\/\/partsandpieces.nl\/#website","url":"https:\/\/partsandpieces.nl\/","name":"Teile &amp; St\u00fccke","description":"Alles f\u00fcr Ihre M\u00f6belrestaurierung und -pflege!","potentialAction":[{"@type":"SearchAction","target":{"@type":"EntryPoint","urlTemplate":"https:\/\/partsandpieces.nl\/?s={search_term_string}"},"query-input":{"@type":"PropertyValueSpecification","valueRequired":true,"valueName":"search_term_string"}}],"inLanguage":"de"}]}},"_links":{"self":[{"href":"https:\/\/partsandpieces.nl\/de\/wp-json\/wp\/v2\/product\/667","targetHints":{"allow":["GET"]}}],"collection":[{"href":"https:\/\/partsandpieces.nl\/de\/wp-json\/wp\/v2\/product"}],"about":[{"href":"https:\/\/partsandpieces.nl\/de\/wp-json\/wp\/v2\/types\/product"}],"wp:featuredmedia":[{"embeddable":true,"href":"https:\/\/partsandpieces.nl\/de\/wp-json\/wp\/v2\/media\/7680"}],"wp:attachment":[{"href":"https:\/\/partsandpieces.nl\/de\/wp-json\/wp\/v2\/media?parent=667"}],"wp:term":[{"taxonomy":"product_brand","embeddable":true,"href":"https:\/\/partsandpieces.nl\/de\/wp-json\/wp\/v2\/product_brand?post=667"},{"taxonomy":"product_cat","embeddable":true,"href":"https:\/\/partsandpieces.nl\/de\/wp-json\/wp\/v2\/product_cat?post=667"},{"taxonomy":"product_tag","embeddable":true,"href":"https:\/\/partsandpieces.nl\/de\/wp-json\/wp\/v2\/product_tag?post=667"}],"curies":[{"name":"wp","href":"https:\/\/api.w.org\/{rel}","templated":true}]}}