{"id":679,"date":"2020-07-20T11:30:46","date_gmt":"2020-07-20T11:30:46","guid":{"rendered":"https:\/\/partsandpieces.bonsaidev.nl\/?product=porseleine-knop-ribbel-rond-18"},"modified":"2026-01-10T20:13:29","modified_gmt":"2026-01-10T19:13:29","slug":"weiser-porzellanknopf-mit-geripptem-motiv-18-mm","status":"publish","type":"product","link":"https:\/\/partsandpieces.nl\/de\/product\/knop-porselein-wit-met-ribbel-motief-18mm\/","title":{"rendered":"Knauf Porzellan Wei\u00df mit geripptem Motiv 18mm"},"content":{"rendered":"<p><strong>Knauf Porzellan Wei\u00df mit geripptem Motiv 18mm<\/strong> ist ein M\u00f6belknopf aus Porzellan mit geripptem Motiv. Dieser Knauf passt gut zu Ihrem klassischen oder l\u00e4ndlichen M\u00f6belst\u00fcck.<\/p>\n<p>Ich habe dieses Modell eines Porzellanknaufs in den Gr\u00f6\u00dfen 18 mm (Art. 10001), 25 mm (Art. 10002), 35 mm (Art. 10003) und 40 mm (Art. 10004).<\/p>\n<p><strong>Ma\u00dfe<br \/>\n<\/strong>Der wei\u00dfe Porzellanknopf mit geripptem Motiv (18 mm) hat einen Durchmesser von ca. 18 mm. Die Basis des Knopfes hat einen Durchmesser von ca. 13 mm. Nach der Installation steht dieser Knopf 17 mm hervor.<\/p>\n<p><strong>Bearbeiten<br \/>\n<\/strong>Zu dem abgebildeten Knopf liefere ich eine passende Schraube mit.<\/p>","protected":false},"excerpt":{"rendered":"<p>Knop Porselein Wit met ribbel motief 18mm is een porseleinen meubelknop met een ribbel motief. Deze knop past goed op je klassieke of landelijke meubelstuk. Ik heb dit model porseleinen knop in de maten 18mm (art. 10001), 25mm (art. 10002), 35mm (10003) en 40mm (art. 10004). Afmetingen Knop Porselein Wit met ribbel motief 18mm heeft [&hellip;]<\/p>\n","protected":false},"featured_media":12161,"template":"","meta":{"_acf_changed":false},"product_brand":[],"product_cat":[23,38],"product_tag":[],"class_list":{"0":"post-679","1":"product","2":"type-product","3":"status-publish","4":"has-post-thumbnail","6":"product_cat-meubelbeslag","7":"product_cat-porseleinen-knoppen","9":"first","10":"instock","11":"taxable","12":"shipping-taxable","13":"purchasable","14":"product-type-simple"},"acf":[],"yoast_head":"<!-- This site is optimized with the Yoast SEO plugin v27.3 - https:\/\/yoast.com\/product\/yoast-seo-wordpress\/ -->\n<title>Knop Porselein Wit 18mm<\/title>\n<meta name=\"description\" content=\"Knop Porselein Wit met ribbel motief 18mm is een porseleinen meubelknop met een ribbel motief. Deze knop past goed op je klassieke of landelijke meubelstuk.\" \/>\n<meta name=\"robots\" content=\"index, follow, max-snippet:-1, max-image-preview:large, max-video-preview:-1\" \/>\n<link rel=\"canonical\" href=\"https:\/\/partsandpieces.nl\/de\/produkt\/weiser-porzellanknopf-mit-geripptem-motiv-18-mm\/\" \/>\n<meta property=\"og:locale\" content=\"de_DE\" \/>\n<meta property=\"og:type\" content=\"article\" \/>\n<meta property=\"og:title\" content=\"Knop Porselein Wit 18mm\" \/>\n<meta property=\"og:description\" content=\"Knop Porselein Wit met ribbel motief 18mm is een porseleinen meubelknop met een ribbel motief. Deze knop past goed op je klassieke of landelijke meubelstuk.\" \/>\n<meta property=\"og:url\" content=\"https:\/\/partsandpieces.nl\/de\/produkt\/weiser-porzellanknopf-mit-geripptem-motiv-18-mm\/\" \/>\n<meta property=\"og:site_name\" content=\"Parts &amp; Pieces\" \/>\n<meta property=\"article:modified_time\" content=\"2026-01-10T19:13:29+00:00\" \/>\n<meta property=\"og:image\" content=\"https:\/\/partsandpieces.nl\/wp-content\/uploads\/2020\/07\/Knop-Porselein-Wit-met-ribbel-motief-18mm-2.jpg\" \/>\n\t<meta property=\"og:image:width\" content=\"993\" \/>\n\t<meta property=\"og:image:height\" content=\"992\" \/>\n\t<meta property=\"og:image:type\" content=\"image\/jpeg\" \/>\n<meta name=\"twitter:card\" content=\"summary_large_image\" \/>\n<meta name=\"twitter:label1\" content=\"Gesch\u00e4tzte Lesezeit\" \/>\n\t<meta name=\"twitter:data1\" content=\"1\u00a0Minute\" \/>\n<script type=\"application\/ld+json\" class=\"yoast-schema-graph\">{\"@context\":\"https:\\\/\\\/schema.org\",\"@graph\":[{\"@type\":\"WebPage\",\"@id\":\"https:\\\/\\\/partsandpieces.nl\\\/product\\\/knop-porselein-wit-met-ribbel-motief-18mm\\\/\",\"url\":\"https:\\\/\\\/partsandpieces.nl\\\/product\\\/knop-porselein-wit-met-ribbel-motief-18mm\\\/\",\"name\":\"Knop Porselein Wit 18mm\",\"isPartOf\":{\"@id\":\"https:\\\/\\\/partsandpieces.nl\\\/#website\"},\"primaryImageOfPage\":{\"@id\":\"https:\\\/\\\/partsandpieces.nl\\\/product\\\/knop-porselein-wit-met-ribbel-motief-18mm\\\/#primaryimage\"},\"image\":{\"@id\":\"https:\\\/\\\/partsandpieces.nl\\\/product\\\/knop-porselein-wit-met-ribbel-motief-18mm\\\/#primaryimage\"},\"thumbnailUrl\":\"https:\\\/\\\/partsandpieces.nl\\\/wp-content\\\/uploads\\\/2020\\\/07\\\/Knop-Porselein-Wit-met-ribbel-motief-18mm-2.jpg\",\"datePublished\":\"2020-07-20T11:30:46+00:00\",\"dateModified\":\"2026-01-10T19:13:29+00:00\",\"description\":\"Knop Porselein Wit met ribbel motief 18mm is een porseleinen meubelknop met een ribbel motief. Deze knop past goed op je klassieke of landelijke meubelstuk.\",\"breadcrumb\":{\"@id\":\"https:\\\/\\\/partsandpieces.nl\\\/product\\\/knop-porselein-wit-met-ribbel-motief-18mm\\\/#breadcrumb\"},\"inLanguage\":\"de\",\"potentialAction\":[{\"@type\":\"ReadAction\",\"target\":[\"https:\\\/\\\/partsandpieces.nl\\\/product\\\/knop-porselein-wit-met-ribbel-motief-18mm\\\/\"]}]},{\"@type\":\"ImageObject\",\"inLanguage\":\"de\",\"@id\":\"https:\\\/\\\/partsandpieces.nl\\\/product\\\/knop-porselein-wit-met-ribbel-motief-18mm\\\/#primaryimage\",\"url\":\"https:\\\/\\\/partsandpieces.nl\\\/wp-content\\\/uploads\\\/2020\\\/07\\\/Knop-Porselein-Wit-met-ribbel-motief-18mm-2.jpg\",\"contentUrl\":\"https:\\\/\\\/partsandpieces.nl\\\/wp-content\\\/uploads\\\/2020\\\/07\\\/Knop-Porselein-Wit-met-ribbel-motief-18mm-2.jpg\",\"width\":993,\"height\":992,\"caption\":\"Knop Porselein Wit met ribbel motief 18mm\"},{\"@type\":\"BreadcrumbList\",\"@id\":\"https:\\\/\\\/partsandpieces.nl\\\/product\\\/knop-porselein-wit-met-ribbel-motief-18mm\\\/#breadcrumb\",\"itemListElement\":[{\"@type\":\"ListItem\",\"position\":1,\"name\":\"Home\",\"item\":\"https:\\\/\\\/partsandpieces.nl\\\/home\\\/\"},{\"@type\":\"ListItem\",\"position\":2,\"name\":\"Winkel\",\"item\":\"https:\\\/\\\/partsandpieces.nl\\\/winkel\\\/\"},{\"@type\":\"ListItem\",\"position\":3,\"name\":\"Knop Porselein Wit met ribbel motief 18mm\"}]},{\"@type\":\"WebSite\",\"@id\":\"https:\\\/\\\/partsandpieces.nl\\\/#website\",\"url\":\"https:\\\/\\\/partsandpieces.nl\\\/\",\"name\":\"Parts &amp; Pieces\",\"description\":\"Alles voor uw meubelrestauratie en -onderhoud!\",\"potentialAction\":[{\"@type\":\"SearchAction\",\"target\":{\"@type\":\"EntryPoint\",\"urlTemplate\":\"https:\\\/\\\/partsandpieces.nl\\\/?s={search_term_string}\"},\"query-input\":{\"@type\":\"PropertyValueSpecification\",\"valueRequired\":true,\"valueName\":\"search_term_string\"}}],\"inLanguage\":\"de\"}]}<\/script>\n<!-- \/ Yoast SEO plugin. -->","yoast_head_json":{"title":"Knopf Porzellan Wei\u00df 18mm","description":"Der wei\u00dfe Porzellanknopf mit geripptem Motiv (18 mm) ist ein M\u00f6belknopf aus Porzellan mit geripptem Motiv. Dieser Knauf passt gut zu Ihrem klassischen oder l\u00e4ndlichen M\u00f6belst\u00fcck.","robots":{"index":"index","follow":"follow","max-snippet":"max-snippet:-1","max-image-preview":"max-image-preview:large","max-video-preview":"max-video-preview:-1"},"canonical":"https:\/\/partsandpieces.nl\/de\/produkt\/weiser-porzellanknopf-mit-geripptem-motiv-18-mm\/","og_locale":"de_DE","og_type":"article","og_title":"Knop Porselein Wit 18mm","og_description":"Knop Porselein Wit met ribbel motief 18mm is een porseleinen meubelknop met een ribbel motief. Deze knop past goed op je klassieke of landelijke meubelstuk.","og_url":"https:\/\/partsandpieces.nl\/de\/produkt\/weiser-porzellanknopf-mit-geripptem-motiv-18-mm\/","og_site_name":"Parts &amp; Pieces","article_modified_time":"2026-01-10T19:13:29+00:00","og_image":[{"width":993,"height":992,"url":"https:\/\/partsandpieces.nl\/wp-content\/uploads\/2020\/07\/Knop-Porselein-Wit-met-ribbel-motief-18mm-2.jpg","type":"image\/jpeg"}],"twitter_card":"summary_large_image","twitter_misc":{"Gesch\u00e4tzte Lesezeit":"1\u00a0Minute"},"schema":{"@context":"https:\/\/schema.org","@graph":[{"@type":"WebPage","@id":"https:\/\/partsandpieces.nl\/product\/knop-porselein-wit-met-ribbel-motief-18mm\/","url":"https:\/\/partsandpieces.nl\/product\/knop-porselein-wit-met-ribbel-motief-18mm\/","name":"Knopf Porzellan Wei\u00df 18mm","isPartOf":{"@id":"https:\/\/partsandpieces.nl\/#website"},"primaryImageOfPage":{"@id":"https:\/\/partsandpieces.nl\/product\/knop-porselein-wit-met-ribbel-motief-18mm\/#primaryimage"},"image":{"@id":"https:\/\/partsandpieces.nl\/product\/knop-porselein-wit-met-ribbel-motief-18mm\/#primaryimage"},"thumbnailUrl":"https:\/\/partsandpieces.nl\/wp-content\/uploads\/2020\/07\/Knop-Porselein-Wit-met-ribbel-motief-18mm-2.jpg","datePublished":"2020-07-20T11:30:46+00:00","dateModified":"2026-01-10T19:13:29+00:00","description":"Der wei\u00dfe Porzellanknopf mit geripptem Motiv (18 mm) ist ein M\u00f6belknopf aus Porzellan mit geripptem Motiv. Dieser Knauf passt gut zu Ihrem klassischen oder l\u00e4ndlichen M\u00f6belst\u00fcck.","breadcrumb":{"@id":"https:\/\/partsandpieces.nl\/product\/knop-porselein-wit-met-ribbel-motief-18mm\/#breadcrumb"},"inLanguage":"de","potentialAction":[{"@type":"ReadAction","target":["https:\/\/partsandpieces.nl\/product\/knop-porselein-wit-met-ribbel-motief-18mm\/"]}]},{"@type":"ImageObject","inLanguage":"de","@id":"https:\/\/partsandpieces.nl\/product\/knop-porselein-wit-met-ribbel-motief-18mm\/#primaryimage","url":"https:\/\/partsandpieces.nl\/wp-content\/uploads\/2020\/07\/Knop-Porselein-Wit-met-ribbel-motief-18mm-2.jpg","contentUrl":"https:\/\/partsandpieces.nl\/wp-content\/uploads\/2020\/07\/Knop-Porselein-Wit-met-ribbel-motief-18mm-2.jpg","width":993,"height":992,"caption":"Knop Porselein Wit met ribbel motief 18mm"},{"@type":"BreadcrumbList","@id":"https:\/\/partsandpieces.nl\/product\/knop-porselein-wit-met-ribbel-motief-18mm\/#breadcrumb","itemListElement":[{"@type":"ListItem","position":1,"name":"Home","item":"https:\/\/partsandpieces.nl\/home\/"},{"@type":"ListItem","position":2,"name":"Winkel","item":"https:\/\/partsandpieces.nl\/winkel\/"},{"@type":"ListItem","position":3,"name":"Knop Porselein Wit met ribbel motief 18mm"}]},{"@type":"WebSite","@id":"https:\/\/partsandpieces.nl\/#website","url":"https:\/\/partsandpieces.nl\/","name":"Teile &amp; St\u00fccke","description":"Alles f\u00fcr Ihre M\u00f6belrestaurierung und -pflege!","potentialAction":[{"@type":"SearchAction","target":{"@type":"EntryPoint","urlTemplate":"https:\/\/partsandpieces.nl\/?s={search_term_string}"},"query-input":{"@type":"PropertyValueSpecification","valueRequired":true,"valueName":"search_term_string"}}],"inLanguage":"de"}]}},"_links":{"self":[{"href":"https:\/\/partsandpieces.nl\/de\/wp-json\/wp\/v2\/product\/679","targetHints":{"allow":["GET"]}}],"collection":[{"href":"https:\/\/partsandpieces.nl\/de\/wp-json\/wp\/v2\/product"}],"about":[{"href":"https:\/\/partsandpieces.nl\/de\/wp-json\/wp\/v2\/types\/product"}],"wp:featuredmedia":[{"embeddable":true,"href":"https:\/\/partsandpieces.nl\/de\/wp-json\/wp\/v2\/media\/12161"}],"wp:attachment":[{"href":"https:\/\/partsandpieces.nl\/de\/wp-json\/wp\/v2\/media?parent=679"}],"wp:term":[{"taxonomy":"product_brand","embeddable":true,"href":"https:\/\/partsandpieces.nl\/de\/wp-json\/wp\/v2\/product_brand?post=679"},{"taxonomy":"product_cat","embeddable":true,"href":"https:\/\/partsandpieces.nl\/de\/wp-json\/wp\/v2\/product_cat?post=679"},{"taxonomy":"product_tag","embeddable":true,"href":"https:\/\/partsandpieces.nl\/de\/wp-json\/wp\/v2\/product_tag?post=679"}],"curies":[{"name":"wp","href":"https:\/\/api.w.org\/{rel}","templated":true}]}}