{"id":686,"date":"2020-07-20T11:39:24","date_gmt":"2020-07-20T09:39:24","guid":{"rendered":"https:\/\/partsandpieces.bonsaidev.nl\/?product=knop-messing-ant-gepat-rond-25-mm"},"modified":"2026-03-11T21:10:08","modified_gmt":"2026-03-11T20:10:08","slug":"antiker-messingknopf-rund-24mm","status":"publish","type":"product","link":"https:\/\/partsandpieces.nl\/de\/product\/knop-messing-antiek-rond-24mm\/","title":{"rendered":"Knopf Messing Antik rund 24mm"},"content":{"rendered":"<p><strong>Knopf Messing Antik 24mm rund<\/strong> ist ein sch\u00f6ner, schlichter M\u00f6belknopf aus massivem Messing. Die Oberfl\u00e4che des Knopfes ist matt und glatt. Dieser Knopf passt gut auf Ihre M\u00f6bel oder Ihren K\u00fcchenschrank.<\/p>\n<p>Dieser hochwertige Knopf wird in Italien hergestellt.<\/p>\n<p>Diesen Button habe ich in den Formaten auf Lager <u><a href=\"https:\/\/partsandpieces.nl\/de\/produkt\/antiker-messingknopf-rund-16mm\/\">16mm<\/a><\/u>, <u><a href=\"https:\/\/partsandpieces.nl\/de\/produkt\/knauf-messing-antik-rund-20mm\/\">20mm<\/a><\/u>, <u><a href=\"https:\/\/partsandpieces.nl\/de\/produkt\/antiker-messingknopf-rund-24mm\/\">24mm<\/a><\/u> und <u><a href=\"https:\/\/partsandpieces.nl\/de\/produkt\/knauf-messing-antik-rund-30mm\/\">30mm<\/a><\/u>.<\/p>\n<p><strong>Ma\u00dfe<br \/>\n<\/strong>Dieser Knopf Messing antik 24mm hat einen Durchmesser von 24mm. Nach der Montage steht dieser Taster 18mm hervor. Die Basis des Knopfes hat einen Durchmesser von 14 mm.<\/p>\n<p><strong>Bearbeiten<br \/>\n<\/strong>Sie k\u00f6nnen diesen Knopf mit blind montieren\u00a0<a href=\"https:\/\/partsandpieces.nl\/de\/produkt\/schraube-edelstahl-fur-blindmontageknopf-20x4mm-20-stuck\/\"><u>Edelstahlschraube f\u00fcr Blindbefestigungsknopf (20x4mm)<\/u><\/a>. Ich schicke diese Schraube <strong>FREI<\/strong> mit Ihrer Bestellung.<\/p>","protected":false},"excerpt":{"rendered":"<p>Knop Messing Antiek 24mm rond is een mooie, strakke meubelknop gemaakt van massief messing. De afwerking van de knop is mat en glad. Deze knop past goed op je meubel of keukenkastje. Deze kwalitatief uitstekende knop is gemaakt in Itali\u00eb. Deze knop heb ik op voorraad in de formaten 16mm, 20mm, 24mm en 30mm. Afmetingen [&hellip;]<\/p>\n","protected":false},"featured_media":4799,"template":"","meta":{"_acf_changed":false},"product_brand":[],"product_cat":[37,23],"product_tag":[],"class_list":{"0":"post-686","1":"product","2":"type-product","3":"status-publish","4":"has-post-thumbnail","6":"product_cat-knoppen","7":"product_cat-meubelbeslag","9":"first","10":"instock","11":"taxable","12":"shipping-taxable","13":"purchasable","14":"product-type-simple"},"acf":[],"yoast_head":"<!-- This site is optimized with the Yoast SEO plugin v27.4 - https:\/\/yoast.com\/product\/yoast-seo-wordpress\/ -->\n<title>Knop Messing Antiek 24mm rond massief<\/title>\n<meta name=\"description\" content=\"Knop Messing Antiek 24mm is een mooie, strakke meubelknop gemaakt van massief messing. De afwerking is mat en glad. Past goed op je meubel of keukenkastje.\" \/>\n<meta name=\"robots\" content=\"index, follow, max-snippet:-1, max-image-preview:large, max-video-preview:-1\" \/>\n<link rel=\"canonical\" href=\"https:\/\/partsandpieces.nl\/de\/produkt\/antiker-messingknopf-rund-24mm\/\" \/>\n<meta property=\"og:locale\" content=\"de_DE\" \/>\n<meta property=\"og:type\" content=\"article\" \/>\n<meta property=\"og:title\" content=\"Knop Messing Antiek 24mm rond massief\" \/>\n<meta property=\"og:description\" content=\"Knop Messing Antiek 24mm is een mooie, strakke meubelknop gemaakt van massief messing. De afwerking is mat en glad. Past goed op je meubel of keukenkastje.\" \/>\n<meta property=\"og:url\" content=\"https:\/\/partsandpieces.nl\/de\/produkt\/antiker-messingknopf-rund-24mm\/\" \/>\n<meta property=\"og:site_name\" content=\"Parts &amp; Pieces\" \/>\n<meta property=\"article:modified_time\" content=\"2026-03-11T20:10:08+00:00\" \/>\n<meta property=\"og:image\" content=\"https:\/\/partsandpieces.nl\/wp-content\/uploads\/2020\/07\/Knop-Messing-Antiek-rond-24mm.jpg\" \/>\n\t<meta property=\"og:image:width\" content=\"480\" \/>\n\t<meta property=\"og:image:height\" content=\"640\" \/>\n\t<meta property=\"og:image:type\" content=\"image\/jpeg\" \/>\n<meta name=\"twitter:card\" content=\"summary_large_image\" \/>\n<meta name=\"twitter:label1\" content=\"Gesch\u00e4tzte Lesezeit\" \/>\n\t<meta name=\"twitter:data1\" content=\"1\u00a0Minute\" \/>\n<script type=\"application\/ld+json\" class=\"yoast-schema-graph\">{\"@context\":\"https:\\\/\\\/schema.org\",\"@graph\":[{\"@type\":\"WebPage\",\"@id\":\"https:\\\/\\\/partsandpieces.nl\\\/product\\\/knop-messing-antiek-rond-24mm\\\/\",\"url\":\"https:\\\/\\\/partsandpieces.nl\\\/product\\\/knop-messing-antiek-rond-24mm\\\/\",\"name\":\"Knop Messing Antiek 24mm rond massief\",\"isPartOf\":{\"@id\":\"https:\\\/\\\/partsandpieces.nl\\\/#website\"},\"primaryImageOfPage\":{\"@id\":\"https:\\\/\\\/partsandpieces.nl\\\/product\\\/knop-messing-antiek-rond-24mm\\\/#primaryimage\"},\"image\":{\"@id\":\"https:\\\/\\\/partsandpieces.nl\\\/product\\\/knop-messing-antiek-rond-24mm\\\/#primaryimage\"},\"thumbnailUrl\":\"https:\\\/\\\/partsandpieces.nl\\\/wp-content\\\/uploads\\\/2020\\\/07\\\/Knop-Messing-Antiek-rond-24mm.jpg\",\"datePublished\":\"2020-07-20T09:39:24+00:00\",\"dateModified\":\"2026-03-11T20:10:08+00:00\",\"description\":\"Knop Messing Antiek 24mm is een mooie, strakke meubelknop gemaakt van massief messing. De afwerking is mat en glad. Past goed op je meubel of keukenkastje.\",\"breadcrumb\":{\"@id\":\"https:\\\/\\\/partsandpieces.nl\\\/product\\\/knop-messing-antiek-rond-24mm\\\/#breadcrumb\"},\"inLanguage\":\"de\",\"potentialAction\":[{\"@type\":\"ReadAction\",\"target\":[\"https:\\\/\\\/partsandpieces.nl\\\/product\\\/knop-messing-antiek-rond-24mm\\\/\"]}]},{\"@type\":\"ImageObject\",\"inLanguage\":\"de\",\"@id\":\"https:\\\/\\\/partsandpieces.nl\\\/product\\\/knop-messing-antiek-rond-24mm\\\/#primaryimage\",\"url\":\"https:\\\/\\\/partsandpieces.nl\\\/wp-content\\\/uploads\\\/2020\\\/07\\\/Knop-Messing-Antiek-rond-24mm.jpg\",\"contentUrl\":\"https:\\\/\\\/partsandpieces.nl\\\/wp-content\\\/uploads\\\/2020\\\/07\\\/Knop-Messing-Antiek-rond-24mm.jpg\",\"width\":480,\"height\":640,\"caption\":\"Knop Messing Antiek rond 24mm\"},{\"@type\":\"BreadcrumbList\",\"@id\":\"https:\\\/\\\/partsandpieces.nl\\\/product\\\/knop-messing-antiek-rond-24mm\\\/#breadcrumb\",\"itemListElement\":[{\"@type\":\"ListItem\",\"position\":1,\"name\":\"Home\",\"item\":\"https:\\\/\\\/partsandpieces.nl\\\/home\\\/\"},{\"@type\":\"ListItem\",\"position\":2,\"name\":\"Winkel\",\"item\":\"https:\\\/\\\/partsandpieces.nl\\\/winkel\\\/\"},{\"@type\":\"ListItem\",\"position\":3,\"name\":\"Knop Messing Antiek rond 24mm\"}]},{\"@type\":\"WebSite\",\"@id\":\"https:\\\/\\\/partsandpieces.nl\\\/#website\",\"url\":\"https:\\\/\\\/partsandpieces.nl\\\/\",\"name\":\"Parts &amp; Pieces\",\"description\":\"Alles voor uw meubelrestauratie en -onderhoud!\",\"potentialAction\":[{\"@type\":\"SearchAction\",\"target\":{\"@type\":\"EntryPoint\",\"urlTemplate\":\"https:\\\/\\\/partsandpieces.nl\\\/?s={search_term_string}\"},\"query-input\":{\"@type\":\"PropertyValueSpecification\",\"valueRequired\":true,\"valueName\":\"search_term_string\"}}],\"inLanguage\":\"de\"}]}<\/script>\n<!-- \/ Yoast SEO plugin. -->","yoast_head_json":{"title":"Knopf Messing Antik 24mm rund massiv","description":"Knopf Messing Antik 24 mm ist ein sch\u00f6ner, schlichter M\u00f6belknopf aus massivem Messing. Das Finish ist matt und glatt. Passt gut auf Ihre M\u00f6bel oder Ihren K\u00fcchenschrank.","robots":{"index":"index","follow":"follow","max-snippet":"max-snippet:-1","max-image-preview":"max-image-preview:large","max-video-preview":"max-video-preview:-1"},"canonical":"https:\/\/partsandpieces.nl\/de\/produkt\/antiker-messingknopf-rund-24mm\/","og_locale":"de_DE","og_type":"article","og_title":"Knop Messing Antiek 24mm rond massief","og_description":"Knop Messing Antiek 24mm is een mooie, strakke meubelknop gemaakt van massief messing. De afwerking is mat en glad. Past goed op je meubel of keukenkastje.","og_url":"https:\/\/partsandpieces.nl\/de\/produkt\/antiker-messingknopf-rund-24mm\/","og_site_name":"Parts &amp; Pieces","article_modified_time":"2026-03-11T20:10:08+00:00","og_image":[{"width":480,"height":640,"url":"https:\/\/partsandpieces.nl\/wp-content\/uploads\/2020\/07\/Knop-Messing-Antiek-rond-24mm.jpg","type":"image\/jpeg"}],"twitter_card":"summary_large_image","twitter_misc":{"Gesch\u00e4tzte Lesezeit":"1\u00a0Minute"},"schema":{"@context":"https:\/\/schema.org","@graph":[{"@type":"WebPage","@id":"https:\/\/partsandpieces.nl\/product\/knop-messing-antiek-rond-24mm\/","url":"https:\/\/partsandpieces.nl\/product\/knop-messing-antiek-rond-24mm\/","name":"Knopf Messing Antik 24mm rund massiv","isPartOf":{"@id":"https:\/\/partsandpieces.nl\/#website"},"primaryImageOfPage":{"@id":"https:\/\/partsandpieces.nl\/product\/knop-messing-antiek-rond-24mm\/#primaryimage"},"image":{"@id":"https:\/\/partsandpieces.nl\/product\/knop-messing-antiek-rond-24mm\/#primaryimage"},"thumbnailUrl":"https:\/\/partsandpieces.nl\/wp-content\/uploads\/2020\/07\/Knop-Messing-Antiek-rond-24mm.jpg","datePublished":"2020-07-20T09:39:24+00:00","dateModified":"2026-03-11T20:10:08+00:00","description":"Knopf Messing Antik 24 mm ist ein sch\u00f6ner, schlichter M\u00f6belknopf aus massivem Messing. Das Finish ist matt und glatt. Passt gut auf Ihre M\u00f6bel oder Ihren K\u00fcchenschrank.","breadcrumb":{"@id":"https:\/\/partsandpieces.nl\/product\/knop-messing-antiek-rond-24mm\/#breadcrumb"},"inLanguage":"de","potentialAction":[{"@type":"ReadAction","target":["https:\/\/partsandpieces.nl\/product\/knop-messing-antiek-rond-24mm\/"]}]},{"@type":"ImageObject","inLanguage":"de","@id":"https:\/\/partsandpieces.nl\/product\/knop-messing-antiek-rond-24mm\/#primaryimage","url":"https:\/\/partsandpieces.nl\/wp-content\/uploads\/2020\/07\/Knop-Messing-Antiek-rond-24mm.jpg","contentUrl":"https:\/\/partsandpieces.nl\/wp-content\/uploads\/2020\/07\/Knop-Messing-Antiek-rond-24mm.jpg","width":480,"height":640,"caption":"Knop Messing Antiek rond 24mm"},{"@type":"BreadcrumbList","@id":"https:\/\/partsandpieces.nl\/product\/knop-messing-antiek-rond-24mm\/#breadcrumb","itemListElement":[{"@type":"ListItem","position":1,"name":"Home","item":"https:\/\/partsandpieces.nl\/home\/"},{"@type":"ListItem","position":2,"name":"Winkel","item":"https:\/\/partsandpieces.nl\/winkel\/"},{"@type":"ListItem","position":3,"name":"Knop Messing Antiek rond 24mm"}]},{"@type":"WebSite","@id":"https:\/\/partsandpieces.nl\/#website","url":"https:\/\/partsandpieces.nl\/","name":"Teile &amp; St\u00fccke","description":"Alles f\u00fcr Ihre M\u00f6belrestaurierung und -pflege!","potentialAction":[{"@type":"SearchAction","target":{"@type":"EntryPoint","urlTemplate":"https:\/\/partsandpieces.nl\/?s={search_term_string}"},"query-input":{"@type":"PropertyValueSpecification","valueRequired":true,"valueName":"search_term_string"}}],"inLanguage":"de"}]}},"_links":{"self":[{"href":"https:\/\/partsandpieces.nl\/de\/wp-json\/wp\/v2\/product\/686","targetHints":{"allow":["GET"]}}],"collection":[{"href":"https:\/\/partsandpieces.nl\/de\/wp-json\/wp\/v2\/product"}],"about":[{"href":"https:\/\/partsandpieces.nl\/de\/wp-json\/wp\/v2\/types\/product"}],"wp:featuredmedia":[{"embeddable":true,"href":"https:\/\/partsandpieces.nl\/de\/wp-json\/wp\/v2\/media\/4799"}],"wp:attachment":[{"href":"https:\/\/partsandpieces.nl\/de\/wp-json\/wp\/v2\/media?parent=686"}],"wp:term":[{"taxonomy":"product_brand","embeddable":true,"href":"https:\/\/partsandpieces.nl\/de\/wp-json\/wp\/v2\/product_brand?post=686"},{"taxonomy":"product_cat","embeddable":true,"href":"https:\/\/partsandpieces.nl\/de\/wp-json\/wp\/v2\/product_cat?post=686"},{"taxonomy":"product_tag","embeddable":true,"href":"https:\/\/partsandpieces.nl\/de\/wp-json\/wp\/v2\/product_tag?post=686"}],"curies":[{"name":"wp","href":"https:\/\/api.w.org\/{rel}","templated":true}]}}