{"id":690,"date":"2020-07-20T11:47:52","date_gmt":"2020-07-20T11:47:52","guid":{"rendered":"https:\/\/partsandpieces.bonsaidev.nl\/?product=knop-zam-vintage-black-zwart-25x25-mm"},"modified":"2026-04-07T17:36:05","modified_gmt":"2026-04-07T15:36:05","slug":"industrieller-quadratischer-knopf-28mm","status":"publish","type":"product","link":"https:\/\/partsandpieces.nl\/de\/product\/knop-industrieel-vierkant-28mm\/","title":{"rendered":"Knopf Industrie quadratisch 28mm"},"content":{"rendered":"<p><strong>Knopf Industrie quadratisch 28mm<\/strong> ist ein robuster M\u00f6belknauf mit einem mattschwarzen \/ bronzefarbenen Finish. Der Knopf ist nicht pechschwarz, sondern hat einen interessanten Mix aus Schwarz und Bronze-Optik. Die Seiten sind ganz leicht gebogen. Der Knauf ist aus Zamak*.<\/p>\n<p>Zu diesem Knauf habe ich auch passende Griffe auf Lager.<\/p>\n<p>Dieser hochwertige Knopf wird in Italien hergestellt.<\/p>\n<p><strong>Ma\u00dfe<br \/>\n<\/strong>Der Knopf Industrie Quadrat 28mm hat eine Gr\u00f6\u00dfe von 28x28mm. Nach der Montage steht dieser Taster 25mm hervor. Die Basis des Knopfes misst 18 x 18 mm.<\/p>\n<p><strong>Bearbeiten<br \/>\n<\/strong>Sie k\u00f6nnen den Taster mit blind montieren\u00a0<a href=\"https:\/\/partsandpieces.nl\/de\/produkt\/schraube-edelstahl-fur-blindmontageknopf-20x4mm-20-stuck\/\"><span style=\"text-decoration: underline;\">Edelstahlschraube f\u00fcr Blindbefestigungsknopf (20x4mm)<\/span><\/a>. Ich schicke diese Schraube\u00a0<strong>FREI<\/strong>\u00a0mit Ihrer Bestellung.<\/p>\n<p>* Zamak ist eine Legierung mit Zink als Hauptbestandteil. Es hat einen relativ niedrigen Schmelzpunkt und ist leicht zu gie\u00dfen. Der Name ist ein Akronym, abgeleitet von den Anfangsbuchstaben der deutschen Bezeichnungen f\u00fcr die Metalle, aus denen sich der Werkstoff zusammensetzt: Zink, Aluminium, MAGnesium, Kupfer. Zamak wird in der Auto- und M\u00f6belindustrie f\u00fcr T\u00fcrgriffe, Griffe, Logos und Zierleisten verwendet. Es wird auch h\u00e4ufig als Ersatz f\u00fcr das giftige Blei verwendet.<\/p>","protected":false},"excerpt":{"rendered":"<p>Knop Industrieel vierkant 28mm is een stoere meubelknop met een mat zwart \/ bronskleurige afwerking. De knop is niet gitzwart, maar heeft een interessante mix van zwart en bronskleurige uitstraling. De zijdes zijn heel licht gebogen. De knop is gemaakt van zamak*. Bij deze knop heb ik ook bijpassende grepen\u00a0op voorraad. Deze kwalitatief uitstekende knop [&hellip;]<\/p>\n","protected":false},"featured_media":5016,"template":"","meta":{"_acf_changed":false},"product_brand":[],"product_cat":[37,23,53],"product_tag":[],"class_list":{"0":"post-690","1":"product","2":"type-product","3":"status-publish","4":"has-post-thumbnail","6":"product_cat-knoppen","7":"product_cat-meubelbeslag","8":"product_cat-vintage-grepen","10":"first","11":"instock","12":"taxable","13":"shipping-taxable","14":"purchasable","15":"product-type-simple"},"acf":[],"yoast_head":"<!-- This site is optimized with the Yoast SEO plugin v27.3 - https:\/\/yoast.com\/product\/yoast-seo-wordpress\/ -->\n<title>Knop Industrieel vierkant 28mm<\/title>\n<meta name=\"description\" content=\"Knop Industrieel vierkant 28mm is een stoere meubelknop met een mat zwart \/ brons kleurige afwerking. De zijdes zijn heel licht gebogen.\" \/>\n<meta name=\"robots\" content=\"index, follow, max-snippet:-1, max-image-preview:large, max-video-preview:-1\" \/>\n<link rel=\"canonical\" href=\"https:\/\/partsandpieces.nl\/de\/produkt\/industrieller-quadratischer-knopf-28mm\/\" \/>\n<meta property=\"og:locale\" content=\"de_DE\" \/>\n<meta property=\"og:type\" content=\"article\" \/>\n<meta property=\"og:title\" content=\"Knop Industrieel vierkant 28mm\" \/>\n<meta property=\"og:description\" content=\"Knop Industrieel vierkant 28mm is een stoere meubelknop met een mat zwart \/ brons kleurige afwerking. De zijdes zijn heel licht gebogen.\" \/>\n<meta property=\"og:url\" content=\"https:\/\/partsandpieces.nl\/de\/produkt\/industrieller-quadratischer-knopf-28mm\/\" \/>\n<meta property=\"og:site_name\" content=\"Parts &amp; Pieces\" \/>\n<meta property=\"article:modified_time\" content=\"2026-04-07T15:36:05+00:00\" \/>\n<meta property=\"og:image\" content=\"https:\/\/partsandpieces.nl\/wp-content\/uploads\/2020\/07\/Knop-Industrieel-vierkant-28mm.jpg\" \/>\n\t<meta property=\"og:image:width\" content=\"480\" \/>\n\t<meta property=\"og:image:height\" content=\"480\" \/>\n\t<meta property=\"og:image:type\" content=\"image\/jpeg\" \/>\n<meta name=\"twitter:card\" content=\"summary_large_image\" \/>\n<meta name=\"twitter:label1\" content=\"Gesch\u00e4tzte Lesezeit\" \/>\n\t<meta name=\"twitter:data1\" content=\"1\u00a0Minute\" \/>\n<script type=\"application\/ld+json\" class=\"yoast-schema-graph\">{\"@context\":\"https:\\\/\\\/schema.org\",\"@graph\":[{\"@type\":\"WebPage\",\"@id\":\"https:\\\/\\\/partsandpieces.nl\\\/product\\\/knop-industrieel-vierkant-28mm\\\/\",\"url\":\"https:\\\/\\\/partsandpieces.nl\\\/product\\\/knop-industrieel-vierkant-28mm\\\/\",\"name\":\"Knop Industrieel vierkant 28mm\",\"isPartOf\":{\"@id\":\"https:\\\/\\\/partsandpieces.nl\\\/#website\"},\"primaryImageOfPage\":{\"@id\":\"https:\\\/\\\/partsandpieces.nl\\\/product\\\/knop-industrieel-vierkant-28mm\\\/#primaryimage\"},\"image\":{\"@id\":\"https:\\\/\\\/partsandpieces.nl\\\/product\\\/knop-industrieel-vierkant-28mm\\\/#primaryimage\"},\"thumbnailUrl\":\"https:\\\/\\\/partsandpieces.nl\\\/wp-content\\\/uploads\\\/2020\\\/07\\\/Knop-Industrieel-vierkant-28mm.jpg\",\"datePublished\":\"2020-07-20T11:47:52+00:00\",\"dateModified\":\"2026-04-07T15:36:05+00:00\",\"description\":\"Knop Industrieel vierkant 28mm is een stoere meubelknop met een mat zwart \\\/ brons kleurige afwerking. De zijdes zijn heel licht gebogen.\",\"breadcrumb\":{\"@id\":\"https:\\\/\\\/partsandpieces.nl\\\/product\\\/knop-industrieel-vierkant-28mm\\\/#breadcrumb\"},\"inLanguage\":\"de\",\"potentialAction\":[{\"@type\":\"ReadAction\",\"target\":[\"https:\\\/\\\/partsandpieces.nl\\\/product\\\/knop-industrieel-vierkant-28mm\\\/\"]}]},{\"@type\":\"ImageObject\",\"inLanguage\":\"de\",\"@id\":\"https:\\\/\\\/partsandpieces.nl\\\/product\\\/knop-industrieel-vierkant-28mm\\\/#primaryimage\",\"url\":\"https:\\\/\\\/partsandpieces.nl\\\/wp-content\\\/uploads\\\/2020\\\/07\\\/Knop-Industrieel-vierkant-28mm.jpg\",\"contentUrl\":\"https:\\\/\\\/partsandpieces.nl\\\/wp-content\\\/uploads\\\/2020\\\/07\\\/Knop-Industrieel-vierkant-28mm.jpg\",\"width\":480,\"height\":480,\"caption\":\"Knop Industrieel vierkant 28mm\"},{\"@type\":\"BreadcrumbList\",\"@id\":\"https:\\\/\\\/partsandpieces.nl\\\/product\\\/knop-industrieel-vierkant-28mm\\\/#breadcrumb\",\"itemListElement\":[{\"@type\":\"ListItem\",\"position\":1,\"name\":\"Home\",\"item\":\"https:\\\/\\\/partsandpieces.nl\\\/home\\\/\"},{\"@type\":\"ListItem\",\"position\":2,\"name\":\"Winkel\",\"item\":\"https:\\\/\\\/partsandpieces.nl\\\/winkel\\\/\"},{\"@type\":\"ListItem\",\"position\":3,\"name\":\"Knop Industrieel vierkant 28mm\"}]},{\"@type\":\"WebSite\",\"@id\":\"https:\\\/\\\/partsandpieces.nl\\\/#website\",\"url\":\"https:\\\/\\\/partsandpieces.nl\\\/\",\"name\":\"Parts &amp; Pieces\",\"description\":\"Alles voor uw meubelrestauratie en -onderhoud!\",\"potentialAction\":[{\"@type\":\"SearchAction\",\"target\":{\"@type\":\"EntryPoint\",\"urlTemplate\":\"https:\\\/\\\/partsandpieces.nl\\\/?s={search_term_string}\"},\"query-input\":{\"@type\":\"PropertyValueSpecification\",\"valueRequired\":true,\"valueName\":\"search_term_string\"}}],\"inLanguage\":\"de\"}]}<\/script>\n<!-- \/ Yoast SEO plugin. -->","yoast_head_json":{"title":"Knopf Industrie quadratisch 28mm","description":"Knob Industrial quadratisch 28 mm ist ein robuster M\u00f6belknauf mit mattschwarzer \/ bronzefarbener Oberfl\u00e4che. Die Seiten sind ganz leicht gebogen.","robots":{"index":"index","follow":"follow","max-snippet":"max-snippet:-1","max-image-preview":"max-image-preview:large","max-video-preview":"max-video-preview:-1"},"canonical":"https:\/\/partsandpieces.nl\/de\/produkt\/industrieller-quadratischer-knopf-28mm\/","og_locale":"de_DE","og_type":"article","og_title":"Knop Industrieel vierkant 28mm","og_description":"Knop Industrieel vierkant 28mm is een stoere meubelknop met een mat zwart \/ brons kleurige afwerking. De zijdes zijn heel licht gebogen.","og_url":"https:\/\/partsandpieces.nl\/de\/produkt\/industrieller-quadratischer-knopf-28mm\/","og_site_name":"Parts &amp; Pieces","article_modified_time":"2026-04-07T15:36:05+00:00","og_image":[{"width":480,"height":480,"url":"https:\/\/partsandpieces.nl\/wp-content\/uploads\/2020\/07\/Knop-Industrieel-vierkant-28mm.jpg","type":"image\/jpeg"}],"twitter_card":"summary_large_image","twitter_misc":{"Gesch\u00e4tzte Lesezeit":"1\u00a0Minute"},"schema":{"@context":"https:\/\/schema.org","@graph":[{"@type":"WebPage","@id":"https:\/\/partsandpieces.nl\/product\/knop-industrieel-vierkant-28mm\/","url":"https:\/\/partsandpieces.nl\/product\/knop-industrieel-vierkant-28mm\/","name":"Knopf Industrie quadratisch 28mm","isPartOf":{"@id":"https:\/\/partsandpieces.nl\/#website"},"primaryImageOfPage":{"@id":"https:\/\/partsandpieces.nl\/product\/knop-industrieel-vierkant-28mm\/#primaryimage"},"image":{"@id":"https:\/\/partsandpieces.nl\/product\/knop-industrieel-vierkant-28mm\/#primaryimage"},"thumbnailUrl":"https:\/\/partsandpieces.nl\/wp-content\/uploads\/2020\/07\/Knop-Industrieel-vierkant-28mm.jpg","datePublished":"2020-07-20T11:47:52+00:00","dateModified":"2026-04-07T15:36:05+00:00","description":"Knob Industrial quadratisch 28 mm ist ein robuster M\u00f6belknauf mit mattschwarzer \/ bronzefarbener Oberfl\u00e4che. Die Seiten sind ganz leicht gebogen.","breadcrumb":{"@id":"https:\/\/partsandpieces.nl\/product\/knop-industrieel-vierkant-28mm\/#breadcrumb"},"inLanguage":"de","potentialAction":[{"@type":"ReadAction","target":["https:\/\/partsandpieces.nl\/product\/knop-industrieel-vierkant-28mm\/"]}]},{"@type":"ImageObject","inLanguage":"de","@id":"https:\/\/partsandpieces.nl\/product\/knop-industrieel-vierkant-28mm\/#primaryimage","url":"https:\/\/partsandpieces.nl\/wp-content\/uploads\/2020\/07\/Knop-Industrieel-vierkant-28mm.jpg","contentUrl":"https:\/\/partsandpieces.nl\/wp-content\/uploads\/2020\/07\/Knop-Industrieel-vierkant-28mm.jpg","width":480,"height":480,"caption":"Knop Industrieel vierkant 28mm"},{"@type":"BreadcrumbList","@id":"https:\/\/partsandpieces.nl\/product\/knop-industrieel-vierkant-28mm\/#breadcrumb","itemListElement":[{"@type":"ListItem","position":1,"name":"Home","item":"https:\/\/partsandpieces.nl\/home\/"},{"@type":"ListItem","position":2,"name":"Winkel","item":"https:\/\/partsandpieces.nl\/winkel\/"},{"@type":"ListItem","position":3,"name":"Knop Industrieel vierkant 28mm"}]},{"@type":"WebSite","@id":"https:\/\/partsandpieces.nl\/#website","url":"https:\/\/partsandpieces.nl\/","name":"Teile &amp; St\u00fccke","description":"Alles f\u00fcr Ihre M\u00f6belrestaurierung und -pflege!","potentialAction":[{"@type":"SearchAction","target":{"@type":"EntryPoint","urlTemplate":"https:\/\/partsandpieces.nl\/?s={search_term_string}"},"query-input":{"@type":"PropertyValueSpecification","valueRequired":true,"valueName":"search_term_string"}}],"inLanguage":"de"}]}},"_links":{"self":[{"href":"https:\/\/partsandpieces.nl\/de\/wp-json\/wp\/v2\/product\/690","targetHints":{"allow":["GET"]}}],"collection":[{"href":"https:\/\/partsandpieces.nl\/de\/wp-json\/wp\/v2\/product"}],"about":[{"href":"https:\/\/partsandpieces.nl\/de\/wp-json\/wp\/v2\/types\/product"}],"wp:featuredmedia":[{"embeddable":true,"href":"https:\/\/partsandpieces.nl\/de\/wp-json\/wp\/v2\/media\/5016"}],"wp:attachment":[{"href":"https:\/\/partsandpieces.nl\/de\/wp-json\/wp\/v2\/media?parent=690"}],"wp:term":[{"taxonomy":"product_brand","embeddable":true,"href":"https:\/\/partsandpieces.nl\/de\/wp-json\/wp\/v2\/product_brand?post=690"},{"taxonomy":"product_cat","embeddable":true,"href":"https:\/\/partsandpieces.nl\/de\/wp-json\/wp\/v2\/product_cat?post=690"},{"taxonomy":"product_tag","embeddable":true,"href":"https:\/\/partsandpieces.nl\/de\/wp-json\/wp\/v2\/product_tag?post=690"}],"curies":[{"name":"wp","href":"https:\/\/api.w.org\/{rel}","templated":true}]}}