{"id":692,"date":"2020-07-20T11:49:41","date_gmt":"2020-07-20T11:49:41","guid":{"rendered":"https:\/\/partsandpieces.bonsaidev.nl\/?product=knop-zam-vintage-black-zwart-18-mm-draadstaal"},"modified":"2025-01-24T15:04:28","modified_gmt":"2025-01-24T14:04:28","slug":"knopf-industrielle-schwarze-bewehrung-17mm","status":"publish","type":"product","link":"https:\/\/partsandpieces.nl\/de\/product\/knop-industrieel-zwart-betonstaal-17mm\/","title":{"rendered":"Knauf Industrial Schwarz &#039;Verst\u00e4rkungsstahl&#039; 17mm"},"content":{"rendered":"<p><strong>Knauf Industrial Schwarz &#039;Verst\u00e4rkungsstahl&#039; 17mm<\/strong> ist ein robuster M\u00f6belknopf mit mattschwarzer \/ bronzefarbener Oberfl\u00e4che. Der Knopf ist nicht tiefschwarz, sondern hat eine interessante Mischung aus Schwarz und Bronze. Der Knopf hat eine zylindrische Form und eine Verzierung, die an Bewehrungsstahl erinnert. Der Knopf stammt aus der Evolve-Linie Serie 784 von Giusti und ist aus Zamak* gefertigt.<\/p>\n<p>Dieser hochwertige Knopf wird in Italien hergestellt.<\/p>\n<p><strong>Ma\u00dfe<br \/>\n<\/strong>Knauf Industrial Black \u201eRebar\u201c 17 mm hat einen Durchmesser von 17 mm und ragt nach der Installation 26 mm hervor.<\/p>\n<p><strong>Bearbeiten<br \/>\n<\/strong>Sie k\u00f6nnen den Taster mit blind montieren\u00a0<span style=\"text-decoration: underline;\"><a href=\"https:\/\/partsandpieces.nl\/de\/produkt\/schraube-edelstahl-fur-blindmontageknopf-20x4mm-20-stuck\/\">Edelstahlschraube f\u00fcr Blindbefestigungsknopf (20x4mm)<\/a><\/span>. Ich schicke diese Schraube\u00a0<strong>FREI<\/strong>\u00a0mit Ihrer Bestellung.<\/p>\n<p>* Zamak ist eine Legierung mit Zink als Hauptbestandteil. Es hat einen relativ niedrigen Schmelzpunkt und ist leicht zu gie\u00dfen. Der Name ist ein Akronym, abgeleitet von den Anfangsbuchstaben der deutschen Bezeichnungen f\u00fcr die Metalle, aus denen sich der Werkstoff zusammensetzt: Zink, Aluminium, MAGnesium, Kupfer. Zamak wird in der Auto- und M\u00f6belindustrie f\u00fcr T\u00fcrgriffe, Griffe, Logos und Zierleisten verwendet. Es wird auch h\u00e4ufig als Ersatz f\u00fcr das giftige Blei verwendet.<\/p>","protected":false},"excerpt":{"rendered":"<p>Knop Industrieel Zwart &#8216;Betonstaal&#8217; 17mm is een stoere meubelknop met een mat zwart \/ bronskleurige afwerking. De knop is niet gitzwart, maar heeft een interessante mix van zwart en bronskleurige uitstraling. De knop is cilindrisch van vorm en heeft een versiering die lijkt op betonstaal. De knop komt uit de Evolve lijn serie 784 van [&hellip;]<\/p>\n","protected":false},"featured_media":6231,"template":"","meta":{"_acf_changed":false},"product_brand":[],"product_cat":[37,23,53],"product_tag":[],"class_list":{"0":"post-692","1":"product","2":"type-product","3":"status-publish","4":"has-post-thumbnail","6":"product_cat-knoppen","7":"product_cat-meubelbeslag","8":"product_cat-vintage-grepen","10":"first","11":"instock","12":"taxable","13":"shipping-taxable","14":"purchasable","15":"product-type-simple"},"acf":[],"yoast_head":"<!-- This site is optimized with the Yoast SEO plugin v27.5 - https:\/\/yoast.com\/product\/yoast-seo-wordpress\/ -->\n<title>Knop Industrieel Zwart Betonstaal<\/title>\n<meta name=\"description\" content=\"Knop Industrieel Zwart &#039;Betonstaal&#039; 17mm is een meubelknop met zwart \/ bronskleurige afwerking. De knop heeft een versiering die lijkt op betonstaal.\" \/>\n<meta name=\"robots\" content=\"index, follow, max-snippet:-1, max-image-preview:large, max-video-preview:-1\" \/>\n<link rel=\"canonical\" href=\"https:\/\/partsandpieces.nl\/de\/produkt\/knopf-industrielle-schwarze-bewehrung-17mm\/\" \/>\n<meta property=\"og:locale\" content=\"de_DE\" \/>\n<meta property=\"og:type\" content=\"article\" \/>\n<meta property=\"og:title\" content=\"Knop Industrieel Zwart Betonstaal\" \/>\n<meta property=\"og:description\" content=\"Knop Industrieel Zwart &#039;Betonstaal&#039; 17mm is een meubelknop met zwart \/ bronskleurige afwerking. De knop heeft een versiering die lijkt op betonstaal.\" \/>\n<meta property=\"og:url\" content=\"https:\/\/partsandpieces.nl\/de\/produkt\/knopf-industrielle-schwarze-bewehrung-17mm\/\" \/>\n<meta property=\"og:site_name\" content=\"Parts &amp; Pieces\" \/>\n<meta property=\"article:modified_time\" content=\"2025-01-24T14:04:28+00:00\" \/>\n<meta property=\"og:image\" content=\"https:\/\/partsandpieces.nl\/wp-content\/uploads\/2020\/07\/Knop-Industrieel-Zwart-Betonstaal-17mm-2.jpg\" \/>\n\t<meta property=\"og:image:width\" content=\"420\" \/>\n\t<meta property=\"og:image:height\" content=\"419\" \/>\n\t<meta property=\"og:image:type\" content=\"image\/jpeg\" \/>\n<meta name=\"twitter:card\" content=\"summary_large_image\" \/>\n<meta name=\"twitter:label1\" content=\"Gesch\u00e4tzte Lesezeit\" \/>\n\t<meta name=\"twitter:data1\" content=\"1\u00a0Minute\" \/>\n<script type=\"application\/ld+json\" class=\"yoast-schema-graph\">{\"@context\":\"https:\\\/\\\/schema.org\",\"@graph\":[{\"@type\":\"WebPage\",\"@id\":\"https:\\\/\\\/partsandpieces.nl\\\/product\\\/knop-industrieel-zwart-betonstaal-17mm\\\/\",\"url\":\"https:\\\/\\\/partsandpieces.nl\\\/product\\\/knop-industrieel-zwart-betonstaal-17mm\\\/\",\"name\":\"Knop Industrieel Zwart Betonstaal\",\"isPartOf\":{\"@id\":\"https:\\\/\\\/partsandpieces.nl\\\/#website\"},\"primaryImageOfPage\":{\"@id\":\"https:\\\/\\\/partsandpieces.nl\\\/product\\\/knop-industrieel-zwart-betonstaal-17mm\\\/#primaryimage\"},\"image\":{\"@id\":\"https:\\\/\\\/partsandpieces.nl\\\/product\\\/knop-industrieel-zwart-betonstaal-17mm\\\/#primaryimage\"},\"thumbnailUrl\":\"https:\\\/\\\/partsandpieces.nl\\\/wp-content\\\/uploads\\\/2020\\\/07\\\/Knop-Industrieel-Zwart-Betonstaal-17mm-2.jpg\",\"datePublished\":\"2020-07-20T11:49:41+00:00\",\"dateModified\":\"2025-01-24T14:04:28+00:00\",\"description\":\"Knop Industrieel Zwart 'Betonstaal' 17mm is een meubelknop met zwart \\\/ bronskleurige afwerking. De knop heeft een versiering die lijkt op betonstaal.\",\"breadcrumb\":{\"@id\":\"https:\\\/\\\/partsandpieces.nl\\\/product\\\/knop-industrieel-zwart-betonstaal-17mm\\\/#breadcrumb\"},\"inLanguage\":\"de\",\"potentialAction\":[{\"@type\":\"ReadAction\",\"target\":[\"https:\\\/\\\/partsandpieces.nl\\\/product\\\/knop-industrieel-zwart-betonstaal-17mm\\\/\"]}]},{\"@type\":\"ImageObject\",\"inLanguage\":\"de\",\"@id\":\"https:\\\/\\\/partsandpieces.nl\\\/product\\\/knop-industrieel-zwart-betonstaal-17mm\\\/#primaryimage\",\"url\":\"https:\\\/\\\/partsandpieces.nl\\\/wp-content\\\/uploads\\\/2020\\\/07\\\/Knop-Industrieel-Zwart-Betonstaal-17mm-2.jpg\",\"contentUrl\":\"https:\\\/\\\/partsandpieces.nl\\\/wp-content\\\/uploads\\\/2020\\\/07\\\/Knop-Industrieel-Zwart-Betonstaal-17mm-2.jpg\",\"width\":420,\"height\":419,\"caption\":\"Knop Industrieel Zwart 'Betonstaal' 17mm\"},{\"@type\":\"BreadcrumbList\",\"@id\":\"https:\\\/\\\/partsandpieces.nl\\\/product\\\/knop-industrieel-zwart-betonstaal-17mm\\\/#breadcrumb\",\"itemListElement\":[{\"@type\":\"ListItem\",\"position\":1,\"name\":\"Home\",\"item\":\"https:\\\/\\\/partsandpieces.nl\\\/home\\\/\"},{\"@type\":\"ListItem\",\"position\":2,\"name\":\"Winkel\",\"item\":\"https:\\\/\\\/partsandpieces.nl\\\/winkel\\\/\"},{\"@type\":\"ListItem\",\"position\":3,\"name\":\"Knop Industrieel Zwart &#8216;Betonstaal&#8217; 17mm\"}]},{\"@type\":\"WebSite\",\"@id\":\"https:\\\/\\\/partsandpieces.nl\\\/#website\",\"url\":\"https:\\\/\\\/partsandpieces.nl\\\/\",\"name\":\"Parts &amp; Pieces\",\"description\":\"Alles voor uw meubelrestauratie en -onderhoud!\",\"potentialAction\":[{\"@type\":\"SearchAction\",\"target\":{\"@type\":\"EntryPoint\",\"urlTemplate\":\"https:\\\/\\\/partsandpieces.nl\\\/?s={search_term_string}\"},\"query-input\":{\"@type\":\"PropertyValueSpecification\",\"valueRequired\":true,\"valueName\":\"search_term_string\"}}],\"inLanguage\":\"de\"}]}<\/script>\n<!-- \/ Yoast SEO plugin. -->","yoast_head_json":{"title":"Knopf Industrial Black Rebar","description":"Knauf Industrial Black &#039;Rebar&#039; 17mm ist ein M\u00f6belknopf mit einer schwarz\/bronzefarbenen Oberfl\u00e4che. Der Knopf hat eine Verzierung, die an Bewehrungsst\u00e4be erinnert.","robots":{"index":"index","follow":"follow","max-snippet":"max-snippet:-1","max-image-preview":"max-image-preview:large","max-video-preview":"max-video-preview:-1"},"canonical":"https:\/\/partsandpieces.nl\/de\/produkt\/knopf-industrielle-schwarze-bewehrung-17mm\/","og_locale":"de_DE","og_type":"article","og_title":"Knop Industrieel Zwart Betonstaal","og_description":"Knop Industrieel Zwart 'Betonstaal' 17mm is een meubelknop met zwart \/ bronskleurige afwerking. De knop heeft een versiering die lijkt op betonstaal.","og_url":"https:\/\/partsandpieces.nl\/de\/produkt\/knopf-industrielle-schwarze-bewehrung-17mm\/","og_site_name":"Parts &amp; Pieces","article_modified_time":"2025-01-24T14:04:28+00:00","og_image":[{"width":420,"height":419,"url":"https:\/\/partsandpieces.nl\/wp-content\/uploads\/2020\/07\/Knop-Industrieel-Zwart-Betonstaal-17mm-2.jpg","type":"image\/jpeg"}],"twitter_card":"summary_large_image","twitter_misc":{"Gesch\u00e4tzte Lesezeit":"1\u00a0Minute"},"schema":{"@context":"https:\/\/schema.org","@graph":[{"@type":"WebPage","@id":"https:\/\/partsandpieces.nl\/product\/knop-industrieel-zwart-betonstaal-17mm\/","url":"https:\/\/partsandpieces.nl\/product\/knop-industrieel-zwart-betonstaal-17mm\/","name":"Knopf Industrial Black Rebar","isPartOf":{"@id":"https:\/\/partsandpieces.nl\/#website"},"primaryImageOfPage":{"@id":"https:\/\/partsandpieces.nl\/product\/knop-industrieel-zwart-betonstaal-17mm\/#primaryimage"},"image":{"@id":"https:\/\/partsandpieces.nl\/product\/knop-industrieel-zwart-betonstaal-17mm\/#primaryimage"},"thumbnailUrl":"https:\/\/partsandpieces.nl\/wp-content\/uploads\/2020\/07\/Knop-Industrieel-Zwart-Betonstaal-17mm-2.jpg","datePublished":"2020-07-20T11:49:41+00:00","dateModified":"2025-01-24T14:04:28+00:00","description":"Knauf Industrial Black &#039;Rebar&#039; 17mm ist ein M\u00f6belknopf mit einer schwarz\/bronzefarbenen Oberfl\u00e4che. Der Knopf hat eine Verzierung, die an Bewehrungsst\u00e4be erinnert.","breadcrumb":{"@id":"https:\/\/partsandpieces.nl\/product\/knop-industrieel-zwart-betonstaal-17mm\/#breadcrumb"},"inLanguage":"de","potentialAction":[{"@type":"ReadAction","target":["https:\/\/partsandpieces.nl\/product\/knop-industrieel-zwart-betonstaal-17mm\/"]}]},{"@type":"ImageObject","inLanguage":"de","@id":"https:\/\/partsandpieces.nl\/product\/knop-industrieel-zwart-betonstaal-17mm\/#primaryimage","url":"https:\/\/partsandpieces.nl\/wp-content\/uploads\/2020\/07\/Knop-Industrieel-Zwart-Betonstaal-17mm-2.jpg","contentUrl":"https:\/\/partsandpieces.nl\/wp-content\/uploads\/2020\/07\/Knop-Industrieel-Zwart-Betonstaal-17mm-2.jpg","width":420,"height":419,"caption":"Knop Industrieel Zwart 'Betonstaal' 17mm"},{"@type":"BreadcrumbList","@id":"https:\/\/partsandpieces.nl\/product\/knop-industrieel-zwart-betonstaal-17mm\/#breadcrumb","itemListElement":[{"@type":"ListItem","position":1,"name":"Home","item":"https:\/\/partsandpieces.nl\/home\/"},{"@type":"ListItem","position":2,"name":"Winkel","item":"https:\/\/partsandpieces.nl\/winkel\/"},{"@type":"ListItem","position":3,"name":"Knop Industrieel Zwart &#8216;Betonstaal&#8217; 17mm"}]},{"@type":"WebSite","@id":"https:\/\/partsandpieces.nl\/#website","url":"https:\/\/partsandpieces.nl\/","name":"Teile &amp; St\u00fccke","description":"Alles f\u00fcr Ihre M\u00f6belrestaurierung und -pflege!","potentialAction":[{"@type":"SearchAction","target":{"@type":"EntryPoint","urlTemplate":"https:\/\/partsandpieces.nl\/?s={search_term_string}"},"query-input":{"@type":"PropertyValueSpecification","valueRequired":true,"valueName":"search_term_string"}}],"inLanguage":"de"}]}},"_links":{"self":[{"href":"https:\/\/partsandpieces.nl\/de\/wp-json\/wp\/v2\/product\/692","targetHints":{"allow":["GET"]}}],"collection":[{"href":"https:\/\/partsandpieces.nl\/de\/wp-json\/wp\/v2\/product"}],"about":[{"href":"https:\/\/partsandpieces.nl\/de\/wp-json\/wp\/v2\/types\/product"}],"wp:featuredmedia":[{"embeddable":true,"href":"https:\/\/partsandpieces.nl\/de\/wp-json\/wp\/v2\/media\/6231"}],"wp:attachment":[{"href":"https:\/\/partsandpieces.nl\/de\/wp-json\/wp\/v2\/media?parent=692"}],"wp:term":[{"taxonomy":"product_brand","embeddable":true,"href":"https:\/\/partsandpieces.nl\/de\/wp-json\/wp\/v2\/product_brand?post=692"},{"taxonomy":"product_cat","embeddable":true,"href":"https:\/\/partsandpieces.nl\/de\/wp-json\/wp\/v2\/product_cat?post=692"},{"taxonomy":"product_tag","embeddable":true,"href":"https:\/\/partsandpieces.nl\/de\/wp-json\/wp\/v2\/product_tag?post=692"}],"curies":[{"name":"wp","href":"https:\/\/api.w.org\/{rel}","templated":true}]}}