{"id":6931,"date":"2023-09-04T14:39:02","date_gmt":"2023-09-04T12:39:02","guid":{"rendered":"https:\/\/partsandpieces.nl\/?post_type=product&#038;p=6931"},"modified":"2024-11-26T12:09:51","modified_gmt":"2024-11-26T11:09:51","slug":"schlusselplatte-messing-antik-vertikal-gros-18x149mm","status":"publish","type":"product","link":"https:\/\/partsandpieces.nl\/de\/product\/sleutelplaat-messing-antiek-verticaal-groot-18x149mm\/","title":{"rendered":"Schl\u00fcsselplatte Messing Antik vertikal Gro\u00df 18x149mm"},"content":{"rendered":"<p><strong>Schl\u00fcsselplatte Messing Antik vertikal Gro\u00df 18x149mm<\/strong> ist ein wundersch\u00f6n verarbeitetes Schl\u00fcsselschild f\u00fcr Ihre M\u00f6belt\u00fcren. Die Schl\u00fcsselplatte hat ein antikes Messingfinish. Die Schl\u00fcsselplatte besteht aus Zamak*.<\/p>\n<p><strong>Ma\u00dfe<br \/>\n<\/strong>Schl\u00fcsselplatte Messing Antik vertikal gro\u00df 18x149mm hat eine Breite von 18mm und eine H\u00f6he von 149mm.<\/p>\n<p><strong>Bearbeiten<br \/>\n<\/strong>Sie k\u00f6nnen die Schl\u00fcsselplatte mit montieren\u00a0<span style=\"text-decoration: underline;\"><a href=\"https:\/\/partsandpieces.nl\/de\/produkt\/schrauben-mit-rundkopf-antikbronze-mit-schlitz-2-x-14-mm\/\">Schraube Rundkopf Antik Bronze mit Schlitz (2x14mm)<\/a><\/span>. Ich schicke diese Schrauben\u00a0<strong>FREI<\/strong>\u00a0mit Ihrer Bestellung.<\/p>\n<p>* Zamak ist eine Legierung mit Zink als Hauptbestandteil. Es hat einen relativ niedrigen Schmelzpunkt und ist leicht zu gie\u00dfen. Der Name ist ein Akronym, abgeleitet von den Anfangsbuchstaben der deutschen Bezeichnungen f\u00fcr die Metalle, aus denen sich der Werkstoff zusammensetzt: Zink, Aluminium, MAGnesium, Kupfer. Zamak wird in der Auto- und M\u00f6belindustrie f\u00fcr T\u00fcrgriffe, Griffe, Logos und Zierleisten verwendet. Es wird auch h\u00e4ufig als Ersatz f\u00fcr das giftige Blei verwendet.<\/p>","protected":false},"excerpt":{"rendered":"<p>Sleutelplaat Messing Antiek verticaal Groot 18x149mm is een prachtig afgewerkte sleutelplaat voor op je meubeldeurtjes. De sleutelplaat heeft een antieke messing afwerking. De sleutelplaat is gemaakt van Zamak*. Afmetingen Sleutelplaat Messing Antiek verticaal Groot 18x149mm heeft een breedte van 18mm en een hoogte van 149mm. Montage Je kunt de sleutelplaat monteren met\u00a0Schroef Bolkop Antiek Brons [&hellip;]<\/p>\n","protected":false},"featured_media":7059,"template":"","meta":{"_acf_changed":false},"product_brand":[],"product_cat":[23,48],"product_tag":[],"class_list":{"0":"post-6931","1":"product","2":"type-product","3":"status-publish","4":"has-post-thumbnail","6":"product_cat-meubelbeslag","7":"product_cat-sleutelplaten","9":"first","10":"instock","11":"taxable","12":"shipping-taxable","13":"purchasable","14":"product-type-simple"},"acf":[],"yoast_head":"<!-- This site is optimized with the Yoast SEO plugin v27.3 - https:\/\/yoast.com\/product\/yoast-seo-wordpress\/ -->\n<title>Sleutelplaat Messing verticaal 18x149mm<\/title>\n<meta name=\"description\" content=\"Sleutelplaat Messing Antiek verticaal Groot 18x149mm is een prachtig afgewerkte sleutelplaat voor op je meubeldeurtjes. Heeft een antieke messing afwerking.\" \/>\n<meta name=\"robots\" content=\"index, follow, max-snippet:-1, max-image-preview:large, max-video-preview:-1\" \/>\n<link rel=\"canonical\" href=\"https:\/\/partsandpieces.nl\/de\/produkt\/schlusselplatte-messing-antik-vertikal-gros-18x149mm\/\" \/>\n<meta property=\"og:locale\" content=\"de_DE\" \/>\n<meta property=\"og:type\" content=\"article\" \/>\n<meta property=\"og:title\" content=\"Sleutelplaat Messing verticaal 18x149mm\" \/>\n<meta property=\"og:description\" content=\"Sleutelplaat Messing Antiek verticaal Groot 18x149mm is een prachtig afgewerkte sleutelplaat voor op je meubeldeurtjes. Heeft een antieke messing afwerking.\" \/>\n<meta property=\"og:url\" content=\"https:\/\/partsandpieces.nl\/de\/produkt\/schlusselplatte-messing-antik-vertikal-gros-18x149mm\/\" \/>\n<meta property=\"og:site_name\" content=\"Parts &amp; Pieces\" \/>\n<meta property=\"article:modified_time\" content=\"2024-11-26T11:09:51+00:00\" \/>\n<meta property=\"og:image\" content=\"https:\/\/partsandpieces.nl\/wp-content\/uploads\/2023\/09\/Sleutelplaat-Messing-Antiek-verticaal-Groot-18x149mm-1-rotated.jpg\" \/>\n\t<meta property=\"og:image:width\" content=\"414\" \/>\n\t<meta property=\"og:image:height\" content=\"415\" \/>\n\t<meta property=\"og:image:type\" content=\"image\/jpeg\" \/>\n<meta name=\"twitter:card\" content=\"summary_large_image\" \/>\n<meta name=\"twitter:label1\" content=\"Gesch\u00e4tzte Lesezeit\" \/>\n\t<meta name=\"twitter:data1\" content=\"1\u00a0Minute\" \/>\n<script type=\"application\/ld+json\" class=\"yoast-schema-graph\">{\"@context\":\"https:\\\/\\\/schema.org\",\"@graph\":[{\"@type\":\"WebPage\",\"@id\":\"https:\\\/\\\/partsandpieces.nl\\\/product\\\/sleutelplaat-messing-antiek-verticaal-groot-18x149mm\\\/\",\"url\":\"https:\\\/\\\/partsandpieces.nl\\\/product\\\/sleutelplaat-messing-antiek-verticaal-groot-18x149mm\\\/\",\"name\":\"Sleutelplaat Messing verticaal 18x149mm\",\"isPartOf\":{\"@id\":\"https:\\\/\\\/partsandpieces.nl\\\/#website\"},\"primaryImageOfPage\":{\"@id\":\"https:\\\/\\\/partsandpieces.nl\\\/product\\\/sleutelplaat-messing-antiek-verticaal-groot-18x149mm\\\/#primaryimage\"},\"image\":{\"@id\":\"https:\\\/\\\/partsandpieces.nl\\\/product\\\/sleutelplaat-messing-antiek-verticaal-groot-18x149mm\\\/#primaryimage\"},\"thumbnailUrl\":\"https:\\\/\\\/partsandpieces.nl\\\/wp-content\\\/uploads\\\/2023\\\/09\\\/Sleutelplaat-Messing-Antiek-verticaal-Groot-18x149mm-1-rotated.jpg\",\"datePublished\":\"2023-09-04T12:39:02+00:00\",\"dateModified\":\"2024-11-26T11:09:51+00:00\",\"description\":\"Sleutelplaat Messing Antiek verticaal Groot 18x149mm is een prachtig afgewerkte sleutelplaat voor op je meubeldeurtjes. Heeft een antieke messing afwerking.\",\"breadcrumb\":{\"@id\":\"https:\\\/\\\/partsandpieces.nl\\\/product\\\/sleutelplaat-messing-antiek-verticaal-groot-18x149mm\\\/#breadcrumb\"},\"inLanguage\":\"de\",\"potentialAction\":[{\"@type\":\"ReadAction\",\"target\":[\"https:\\\/\\\/partsandpieces.nl\\\/product\\\/sleutelplaat-messing-antiek-verticaal-groot-18x149mm\\\/\"]}]},{\"@type\":\"ImageObject\",\"inLanguage\":\"de\",\"@id\":\"https:\\\/\\\/partsandpieces.nl\\\/product\\\/sleutelplaat-messing-antiek-verticaal-groot-18x149mm\\\/#primaryimage\",\"url\":\"https:\\\/\\\/partsandpieces.nl\\\/wp-content\\\/uploads\\\/2023\\\/09\\\/Sleutelplaat-Messing-Antiek-verticaal-Groot-18x149mm-1-rotated.jpg\",\"contentUrl\":\"https:\\\/\\\/partsandpieces.nl\\\/wp-content\\\/uploads\\\/2023\\\/09\\\/Sleutelplaat-Messing-Antiek-verticaal-Groot-18x149mm-1-rotated.jpg\",\"width\":414,\"height\":415,\"caption\":\"Sleutelplaat Messing Antiek verticaal Groot 18x149mm\"},{\"@type\":\"BreadcrumbList\",\"@id\":\"https:\\\/\\\/partsandpieces.nl\\\/product\\\/sleutelplaat-messing-antiek-verticaal-groot-18x149mm\\\/#breadcrumb\",\"itemListElement\":[{\"@type\":\"ListItem\",\"position\":1,\"name\":\"Home\",\"item\":\"https:\\\/\\\/partsandpieces.nl\\\/home\\\/\"},{\"@type\":\"ListItem\",\"position\":2,\"name\":\"Winkel\",\"item\":\"https:\\\/\\\/partsandpieces.nl\\\/winkel\\\/\"},{\"@type\":\"ListItem\",\"position\":3,\"name\":\"Sleutelplaat Messing Antiek verticaal Groot 18x149mm\"}]},{\"@type\":\"WebSite\",\"@id\":\"https:\\\/\\\/partsandpieces.nl\\\/#website\",\"url\":\"https:\\\/\\\/partsandpieces.nl\\\/\",\"name\":\"Parts &amp; Pieces\",\"description\":\"Alles voor uw meubelrestauratie en -onderhoud!\",\"potentialAction\":[{\"@type\":\"SearchAction\",\"target\":{\"@type\":\"EntryPoint\",\"urlTemplate\":\"https:\\\/\\\/partsandpieces.nl\\\/?s={search_term_string}\"},\"query-input\":{\"@type\":\"PropertyValueSpecification\",\"valueRequired\":true,\"valueName\":\"search_term_string\"}}],\"inLanguage\":\"de\"}]}<\/script>\n<!-- \/ Yoast SEO plugin. -->","yoast_head_json":{"title":"Schl\u00fcsselplatte Messing vertikal 18x149mm","description":"Das Schl\u00fcsselschild Messing Antik, vertikal, gro\u00df, 18 x 149 mm, ist ein wundersch\u00f6n verarbeitetes Schl\u00fcsselschild f\u00fcr Ihre M\u00f6belt\u00fcren. Hat ein antikes Messingfinish.","robots":{"index":"index","follow":"follow","max-snippet":"max-snippet:-1","max-image-preview":"max-image-preview:large","max-video-preview":"max-video-preview:-1"},"canonical":"https:\/\/partsandpieces.nl\/de\/produkt\/schlusselplatte-messing-antik-vertikal-gros-18x149mm\/","og_locale":"de_DE","og_type":"article","og_title":"Sleutelplaat Messing verticaal 18x149mm","og_description":"Sleutelplaat Messing Antiek verticaal Groot 18x149mm is een prachtig afgewerkte sleutelplaat voor op je meubeldeurtjes. Heeft een antieke messing afwerking.","og_url":"https:\/\/partsandpieces.nl\/de\/produkt\/schlusselplatte-messing-antik-vertikal-gros-18x149mm\/","og_site_name":"Parts &amp; Pieces","article_modified_time":"2024-11-26T11:09:51+00:00","og_image":[{"width":414,"height":415,"url":"https:\/\/partsandpieces.nl\/wp-content\/uploads\/2023\/09\/Sleutelplaat-Messing-Antiek-verticaal-Groot-18x149mm-1-rotated.jpg","type":"image\/jpeg"}],"twitter_card":"summary_large_image","twitter_misc":{"Gesch\u00e4tzte Lesezeit":"1\u00a0Minute"},"schema":{"@context":"https:\/\/schema.org","@graph":[{"@type":"WebPage","@id":"https:\/\/partsandpieces.nl\/product\/sleutelplaat-messing-antiek-verticaal-groot-18x149mm\/","url":"https:\/\/partsandpieces.nl\/product\/sleutelplaat-messing-antiek-verticaal-groot-18x149mm\/","name":"Schl\u00fcsselplatte Messing vertikal 18x149mm","isPartOf":{"@id":"https:\/\/partsandpieces.nl\/#website"},"primaryImageOfPage":{"@id":"https:\/\/partsandpieces.nl\/product\/sleutelplaat-messing-antiek-verticaal-groot-18x149mm\/#primaryimage"},"image":{"@id":"https:\/\/partsandpieces.nl\/product\/sleutelplaat-messing-antiek-verticaal-groot-18x149mm\/#primaryimage"},"thumbnailUrl":"https:\/\/partsandpieces.nl\/wp-content\/uploads\/2023\/09\/Sleutelplaat-Messing-Antiek-verticaal-Groot-18x149mm-1-rotated.jpg","datePublished":"2023-09-04T12:39:02+00:00","dateModified":"2024-11-26T11:09:51+00:00","description":"Das Schl\u00fcsselschild Messing Antik, vertikal, gro\u00df, 18 x 149 mm, ist ein wundersch\u00f6n verarbeitetes Schl\u00fcsselschild f\u00fcr Ihre M\u00f6belt\u00fcren. Hat ein antikes Messingfinish.","breadcrumb":{"@id":"https:\/\/partsandpieces.nl\/product\/sleutelplaat-messing-antiek-verticaal-groot-18x149mm\/#breadcrumb"},"inLanguage":"de","potentialAction":[{"@type":"ReadAction","target":["https:\/\/partsandpieces.nl\/product\/sleutelplaat-messing-antiek-verticaal-groot-18x149mm\/"]}]},{"@type":"ImageObject","inLanguage":"de","@id":"https:\/\/partsandpieces.nl\/product\/sleutelplaat-messing-antiek-verticaal-groot-18x149mm\/#primaryimage","url":"https:\/\/partsandpieces.nl\/wp-content\/uploads\/2023\/09\/Sleutelplaat-Messing-Antiek-verticaal-Groot-18x149mm-1-rotated.jpg","contentUrl":"https:\/\/partsandpieces.nl\/wp-content\/uploads\/2023\/09\/Sleutelplaat-Messing-Antiek-verticaal-Groot-18x149mm-1-rotated.jpg","width":414,"height":415,"caption":"Sleutelplaat Messing Antiek verticaal Groot 18x149mm"},{"@type":"BreadcrumbList","@id":"https:\/\/partsandpieces.nl\/product\/sleutelplaat-messing-antiek-verticaal-groot-18x149mm\/#breadcrumb","itemListElement":[{"@type":"ListItem","position":1,"name":"Home","item":"https:\/\/partsandpieces.nl\/home\/"},{"@type":"ListItem","position":2,"name":"Winkel","item":"https:\/\/partsandpieces.nl\/winkel\/"},{"@type":"ListItem","position":3,"name":"Sleutelplaat Messing Antiek verticaal Groot 18x149mm"}]},{"@type":"WebSite","@id":"https:\/\/partsandpieces.nl\/#website","url":"https:\/\/partsandpieces.nl\/","name":"Teile &amp; St\u00fccke","description":"Alles f\u00fcr Ihre M\u00f6belrestaurierung und -pflege!","potentialAction":[{"@type":"SearchAction","target":{"@type":"EntryPoint","urlTemplate":"https:\/\/partsandpieces.nl\/?s={search_term_string}"},"query-input":{"@type":"PropertyValueSpecification","valueRequired":true,"valueName":"search_term_string"}}],"inLanguage":"de"}]}},"_links":{"self":[{"href":"https:\/\/partsandpieces.nl\/de\/wp-json\/wp\/v2\/product\/6931","targetHints":{"allow":["GET"]}}],"collection":[{"href":"https:\/\/partsandpieces.nl\/de\/wp-json\/wp\/v2\/product"}],"about":[{"href":"https:\/\/partsandpieces.nl\/de\/wp-json\/wp\/v2\/types\/product"}],"wp:featuredmedia":[{"embeddable":true,"href":"https:\/\/partsandpieces.nl\/de\/wp-json\/wp\/v2\/media\/7059"}],"wp:attachment":[{"href":"https:\/\/partsandpieces.nl\/de\/wp-json\/wp\/v2\/media?parent=6931"}],"wp:term":[{"taxonomy":"product_brand","embeddable":true,"href":"https:\/\/partsandpieces.nl\/de\/wp-json\/wp\/v2\/product_brand?post=6931"},{"taxonomy":"product_cat","embeddable":true,"href":"https:\/\/partsandpieces.nl\/de\/wp-json\/wp\/v2\/product_cat?post=6931"},{"taxonomy":"product_tag","embeddable":true,"href":"https:\/\/partsandpieces.nl\/de\/wp-json\/wp\/v2\/product_tag?post=6931"}],"curies":[{"name":"wp","href":"https:\/\/api.w.org\/{rel}","templated":true}]}}