{"id":6981,"date":"2023-09-06T15:54:55","date_gmt":"2023-09-06T13:54:55","guid":{"rendered":"https:\/\/partsandpieces.nl\/?post_type=product&#038;p=6981"},"modified":"2024-09-20T13:02:46","modified_gmt":"2024-09-20T11:02:46","slug":"schlusselplatte-messing-antik-orientalisch-vertikal-38x114mm","status":"publish","type":"product","link":"https:\/\/partsandpieces.nl\/de\/product\/sleutelplaat-messing-antiek-orientaal-verticaal-38x114mm\/","title":{"rendered":"Schl\u00fcsselschild Messing antik orientalisch vertikal 38x114mm"},"content":{"rendered":"<p><strong>Schl\u00fcsselschild Messing antik orientalisch vertikal 38x114mm<\/strong> ist ein wundersch\u00f6nes gestanztes Schl\u00fcsselschild aus Messing mit antikem Finish. Die Schl\u00fcsselplatte ist vertikal ausgerichtet. Dieses Schl\u00fcsselschild passt gut zu Ihren antiken oder klassischen M\u00f6beln.<\/p>\n<p>Dieser hochwertige Schubladengriff wird in Italien hergestellt.<\/p>\n<p><strong>Ma\u00dfe<br \/>\n<\/strong>Schl\u00fcsselplatte Messing antik orientalisch vertikal 38x114mm hat eine Breite von 38mm und eine H\u00f6he von 114mm.<\/p>\n<p><strong>Bearbeiten<br \/>\n<\/strong>Sie k\u00f6nnen die Schl\u00fcsselplatte mit montieren\u00a0<a href=\"https:\/\/partsandpieces.nl\/de\/produkt\/schraube-edelstahl-zur-blindmontage-von-mobelbeschlagen-45x4mm-20-stuck\/\">Edelstahlschraube zur Blindbefestigung von M\u00f6belbeschl\u00e4gen (45x4mm)<\/a>\u00a0Ich schicke diese Schrauben\u00a0<strong>FREI<\/strong>\u00a0mit Ihrer Bestellung.<\/p>","protected":false},"excerpt":{"rendered":"<p>Sleutelplaat Messing antiek Orientaal verticaal 38x114mm is een mooie gestanste sleutelplaat gemaakt van messing met een antieke afwerking. De sleutelplaat is verticaal gericht. Deze sleutelplaat past goed op je antieke of klassieke meubels. Deze kwalitatief uitstekende ladegreep is gemaakt in Itali\u00eb. Afmetingen Sleutelplaat Messing antiek Orientaal verticaal 38x114mm heeft een breedte van 38mm en een [&hellip;]<\/p>\n","protected":false},"featured_media":6983,"template":"","meta":{"_acf_changed":false},"product_brand":[],"product_cat":[23,48],"product_tag":[],"class_list":{"0":"post-6981","1":"product","2":"type-product","3":"status-publish","4":"has-post-thumbnail","6":"product_cat-meubelbeslag","7":"product_cat-sleutelplaten","9":"first","10":"instock","11":"taxable","12":"shipping-taxable","13":"purchasable","14":"product-type-simple"},"acf":[],"yoast_head":"<!-- This site is optimized with the Yoast SEO plugin v27.3 - https:\/\/yoast.com\/product\/yoast-seo-wordpress\/ -->\n<title>Sleutelplaat Messing verticaal 38x114mm<\/title>\n<meta name=\"description\" content=\"Sleutelplaat Messing antiek Orientaal verticaal 38x114mm is een mooie gestanste sleutelplaat gemaakt van messing met een antieke afwerking.\" \/>\n<meta name=\"robots\" content=\"index, follow, max-snippet:-1, max-image-preview:large, max-video-preview:-1\" \/>\n<link rel=\"canonical\" href=\"https:\/\/partsandpieces.nl\/de\/produkt\/schlusselplatte-messing-antik-orientalisch-vertikal-38x114mm\/\" \/>\n<meta property=\"og:locale\" content=\"de_DE\" \/>\n<meta property=\"og:type\" content=\"article\" \/>\n<meta property=\"og:title\" content=\"Sleutelplaat Messing verticaal 38x114mm\" \/>\n<meta property=\"og:description\" content=\"Sleutelplaat Messing antiek Orientaal verticaal 38x114mm is een mooie gestanste sleutelplaat gemaakt van messing met een antieke afwerking.\" \/>\n<meta property=\"og:url\" content=\"https:\/\/partsandpieces.nl\/de\/produkt\/schlusselplatte-messing-antik-orientalisch-vertikal-38x114mm\/\" \/>\n<meta property=\"og:site_name\" content=\"Parts &amp; Pieces\" \/>\n<meta property=\"article:modified_time\" content=\"2024-09-20T11:02:46+00:00\" \/>\n<meta property=\"og:image\" content=\"https:\/\/partsandpieces.nl\/wp-content\/uploads\/2023\/09\/Sleutelplaat-Messing-antiek-Orientaal-verticaal-38x114mm.jpg\" \/>\n\t<meta property=\"og:image:width\" content=\"448\" \/>\n\t<meta property=\"og:image:height\" content=\"437\" \/>\n\t<meta property=\"og:image:type\" content=\"image\/jpeg\" \/>\n<meta name=\"twitter:card\" content=\"summary_large_image\" \/>\n<meta name=\"twitter:label1\" content=\"Gesch\u00e4tzte Lesezeit\" \/>\n\t<meta name=\"twitter:data1\" content=\"1\u00a0Minute\" \/>\n<script type=\"application\/ld+json\" class=\"yoast-schema-graph\">{\"@context\":\"https:\\\/\\\/schema.org\",\"@graph\":[{\"@type\":\"WebPage\",\"@id\":\"https:\\\/\\\/partsandpieces.nl\\\/product\\\/sleutelplaat-messing-antiek-orientaal-verticaal-38x114mm\\\/\",\"url\":\"https:\\\/\\\/partsandpieces.nl\\\/product\\\/sleutelplaat-messing-antiek-orientaal-verticaal-38x114mm\\\/\",\"name\":\"Sleutelplaat Messing verticaal 38x114mm\",\"isPartOf\":{\"@id\":\"https:\\\/\\\/partsandpieces.nl\\\/#website\"},\"primaryImageOfPage\":{\"@id\":\"https:\\\/\\\/partsandpieces.nl\\\/product\\\/sleutelplaat-messing-antiek-orientaal-verticaal-38x114mm\\\/#primaryimage\"},\"image\":{\"@id\":\"https:\\\/\\\/partsandpieces.nl\\\/product\\\/sleutelplaat-messing-antiek-orientaal-verticaal-38x114mm\\\/#primaryimage\"},\"thumbnailUrl\":\"https:\\\/\\\/partsandpieces.nl\\\/wp-content\\\/uploads\\\/2023\\\/09\\\/Sleutelplaat-Messing-antiek-Orientaal-verticaal-38x114mm.jpg\",\"datePublished\":\"2023-09-06T13:54:55+00:00\",\"dateModified\":\"2024-09-20T11:02:46+00:00\",\"description\":\"Sleutelplaat Messing antiek Orientaal verticaal 38x114mm is een mooie gestanste sleutelplaat gemaakt van messing met een antieke afwerking.\",\"breadcrumb\":{\"@id\":\"https:\\\/\\\/partsandpieces.nl\\\/product\\\/sleutelplaat-messing-antiek-orientaal-verticaal-38x114mm\\\/#breadcrumb\"},\"inLanguage\":\"de\",\"potentialAction\":[{\"@type\":\"ReadAction\",\"target\":[\"https:\\\/\\\/partsandpieces.nl\\\/product\\\/sleutelplaat-messing-antiek-orientaal-verticaal-38x114mm\\\/\"]}]},{\"@type\":\"ImageObject\",\"inLanguage\":\"de\",\"@id\":\"https:\\\/\\\/partsandpieces.nl\\\/product\\\/sleutelplaat-messing-antiek-orientaal-verticaal-38x114mm\\\/#primaryimage\",\"url\":\"https:\\\/\\\/partsandpieces.nl\\\/wp-content\\\/uploads\\\/2023\\\/09\\\/Sleutelplaat-Messing-antiek-Orientaal-verticaal-38x114mm.jpg\",\"contentUrl\":\"https:\\\/\\\/partsandpieces.nl\\\/wp-content\\\/uploads\\\/2023\\\/09\\\/Sleutelplaat-Messing-antiek-Orientaal-verticaal-38x114mm.jpg\",\"width\":448,\"height\":437,\"caption\":\"Sleutelplaat Messing antiek Orientaal verticaal 38x114mm\"},{\"@type\":\"BreadcrumbList\",\"@id\":\"https:\\\/\\\/partsandpieces.nl\\\/product\\\/sleutelplaat-messing-antiek-orientaal-verticaal-38x114mm\\\/#breadcrumb\",\"itemListElement\":[{\"@type\":\"ListItem\",\"position\":1,\"name\":\"Home\",\"item\":\"https:\\\/\\\/partsandpieces.nl\\\/home\\\/\"},{\"@type\":\"ListItem\",\"position\":2,\"name\":\"Winkel\",\"item\":\"https:\\\/\\\/partsandpieces.nl\\\/winkel\\\/\"},{\"@type\":\"ListItem\",\"position\":3,\"name\":\"Sleutelplaat Messing antiek Orientaal verticaal 38x114mm\"}]},{\"@type\":\"WebSite\",\"@id\":\"https:\\\/\\\/partsandpieces.nl\\\/#website\",\"url\":\"https:\\\/\\\/partsandpieces.nl\\\/\",\"name\":\"Parts &amp; Pieces\",\"description\":\"Alles voor uw meubelrestauratie en -onderhoud!\",\"potentialAction\":[{\"@type\":\"SearchAction\",\"target\":{\"@type\":\"EntryPoint\",\"urlTemplate\":\"https:\\\/\\\/partsandpieces.nl\\\/?s={search_term_string}\"},\"query-input\":{\"@type\":\"PropertyValueSpecification\",\"valueRequired\":true,\"valueName\":\"search_term_string\"}}],\"inLanguage\":\"de\"}]}<\/script>\n<!-- \/ Yoast SEO plugin. -->","yoast_head_json":{"title":"Schl\u00fcsselplatte Messing vertikal 38x114mm","description":"Schl\u00fcsselplatte Messing antik Orientalisch vertikal 38x114mm ist eine sch\u00f6ne gestanzte Schl\u00fcsselplatte aus Messing mit antikem Finish.","robots":{"index":"index","follow":"follow","max-snippet":"max-snippet:-1","max-image-preview":"max-image-preview:large","max-video-preview":"max-video-preview:-1"},"canonical":"https:\/\/partsandpieces.nl\/de\/produkt\/schlusselplatte-messing-antik-orientalisch-vertikal-38x114mm\/","og_locale":"de_DE","og_type":"article","og_title":"Sleutelplaat Messing verticaal 38x114mm","og_description":"Sleutelplaat Messing antiek Orientaal verticaal 38x114mm is een mooie gestanste sleutelplaat gemaakt van messing met een antieke afwerking.","og_url":"https:\/\/partsandpieces.nl\/de\/produkt\/schlusselplatte-messing-antik-orientalisch-vertikal-38x114mm\/","og_site_name":"Parts &amp; Pieces","article_modified_time":"2024-09-20T11:02:46+00:00","og_image":[{"width":448,"height":437,"url":"https:\/\/partsandpieces.nl\/wp-content\/uploads\/2023\/09\/Sleutelplaat-Messing-antiek-Orientaal-verticaal-38x114mm.jpg","type":"image\/jpeg"}],"twitter_card":"summary_large_image","twitter_misc":{"Gesch\u00e4tzte Lesezeit":"1\u00a0Minute"},"schema":{"@context":"https:\/\/schema.org","@graph":[{"@type":"WebPage","@id":"https:\/\/partsandpieces.nl\/product\/sleutelplaat-messing-antiek-orientaal-verticaal-38x114mm\/","url":"https:\/\/partsandpieces.nl\/product\/sleutelplaat-messing-antiek-orientaal-verticaal-38x114mm\/","name":"Schl\u00fcsselplatte Messing vertikal 38x114mm","isPartOf":{"@id":"https:\/\/partsandpieces.nl\/#website"},"primaryImageOfPage":{"@id":"https:\/\/partsandpieces.nl\/product\/sleutelplaat-messing-antiek-orientaal-verticaal-38x114mm\/#primaryimage"},"image":{"@id":"https:\/\/partsandpieces.nl\/product\/sleutelplaat-messing-antiek-orientaal-verticaal-38x114mm\/#primaryimage"},"thumbnailUrl":"https:\/\/partsandpieces.nl\/wp-content\/uploads\/2023\/09\/Sleutelplaat-Messing-antiek-Orientaal-verticaal-38x114mm.jpg","datePublished":"2023-09-06T13:54:55+00:00","dateModified":"2024-09-20T11:02:46+00:00","description":"Schl\u00fcsselplatte Messing antik Orientalisch vertikal 38x114mm ist eine sch\u00f6ne gestanzte Schl\u00fcsselplatte aus Messing mit antikem Finish.","breadcrumb":{"@id":"https:\/\/partsandpieces.nl\/product\/sleutelplaat-messing-antiek-orientaal-verticaal-38x114mm\/#breadcrumb"},"inLanguage":"de","potentialAction":[{"@type":"ReadAction","target":["https:\/\/partsandpieces.nl\/product\/sleutelplaat-messing-antiek-orientaal-verticaal-38x114mm\/"]}]},{"@type":"ImageObject","inLanguage":"de","@id":"https:\/\/partsandpieces.nl\/product\/sleutelplaat-messing-antiek-orientaal-verticaal-38x114mm\/#primaryimage","url":"https:\/\/partsandpieces.nl\/wp-content\/uploads\/2023\/09\/Sleutelplaat-Messing-antiek-Orientaal-verticaal-38x114mm.jpg","contentUrl":"https:\/\/partsandpieces.nl\/wp-content\/uploads\/2023\/09\/Sleutelplaat-Messing-antiek-Orientaal-verticaal-38x114mm.jpg","width":448,"height":437,"caption":"Sleutelplaat Messing antiek Orientaal verticaal 38x114mm"},{"@type":"BreadcrumbList","@id":"https:\/\/partsandpieces.nl\/product\/sleutelplaat-messing-antiek-orientaal-verticaal-38x114mm\/#breadcrumb","itemListElement":[{"@type":"ListItem","position":1,"name":"Home","item":"https:\/\/partsandpieces.nl\/home\/"},{"@type":"ListItem","position":2,"name":"Winkel","item":"https:\/\/partsandpieces.nl\/winkel\/"},{"@type":"ListItem","position":3,"name":"Sleutelplaat Messing antiek Orientaal verticaal 38x114mm"}]},{"@type":"WebSite","@id":"https:\/\/partsandpieces.nl\/#website","url":"https:\/\/partsandpieces.nl\/","name":"Teile &amp; St\u00fccke","description":"Alles f\u00fcr Ihre M\u00f6belrestaurierung und -pflege!","potentialAction":[{"@type":"SearchAction","target":{"@type":"EntryPoint","urlTemplate":"https:\/\/partsandpieces.nl\/?s={search_term_string}"},"query-input":{"@type":"PropertyValueSpecification","valueRequired":true,"valueName":"search_term_string"}}],"inLanguage":"de"}]}},"_links":{"self":[{"href":"https:\/\/partsandpieces.nl\/de\/wp-json\/wp\/v2\/product\/6981","targetHints":{"allow":["GET"]}}],"collection":[{"href":"https:\/\/partsandpieces.nl\/de\/wp-json\/wp\/v2\/product"}],"about":[{"href":"https:\/\/partsandpieces.nl\/de\/wp-json\/wp\/v2\/types\/product"}],"wp:featuredmedia":[{"embeddable":true,"href":"https:\/\/partsandpieces.nl\/de\/wp-json\/wp\/v2\/media\/6983"}],"wp:attachment":[{"href":"https:\/\/partsandpieces.nl\/de\/wp-json\/wp\/v2\/media?parent=6981"}],"wp:term":[{"taxonomy":"product_brand","embeddable":true,"href":"https:\/\/partsandpieces.nl\/de\/wp-json\/wp\/v2\/product_brand?post=6981"},{"taxonomy":"product_cat","embeddable":true,"href":"https:\/\/partsandpieces.nl\/de\/wp-json\/wp\/v2\/product_cat?post=6981"},{"taxonomy":"product_tag","embeddable":true,"href":"https:\/\/partsandpieces.nl\/de\/wp-json\/wp\/v2\/product_tag?post=6981"}],"curies":[{"name":"wp","href":"https:\/\/api.w.org\/{rel}","templated":true}]}}