{"id":702,"date":"2020-07-20T12:03:13","date_gmt":"2020-07-20T12:03:13","guid":{"rendered":"https:\/\/partsandpieces.bonsaidev.nl\/?product=knop-india-rond-40-mm-35-mm"},"modified":"2025-12-05T11:21:26","modified_gmt":"2025-12-05T10:21:26","slug":"porzellanknopf-sonnenblumen-40mm-handbemalt","status":"publish","type":"product","link":"https:\/\/partsandpieces.nl\/de\/product\/porseleinen-knop-zonnebloemen-40mm-handgeschilderd\/","title":{"rendered":"Porzellanknopf Sonnenblumen 40mm handbemalt"},"content":{"rendered":"<p><strong>Porzellanknopf Sonnenblumen 40mm handbemalt<\/strong> ist ein konvexer M\u00f6belknopf aus Porzellan auf wei\u00dfem Grund mit einem Dekor aus Sonnenblumen auf blauem Grund. Die Befestigungsleiste und die Rosetten sind mit einem goldfarbenen Antik-Finish versehen. Dieser Knauf passt gut zu Ihrem klassischen oder l\u00e4ndlichen M\u00f6belst\u00fcck.<\/p>\n<p><strong>Ma\u00dfe<br \/>\n<\/strong>Porzellanknopf Sonnenblumen 40 mm handbemalt hat einen Durchmesser von ca. 40 mm. Nach der Installation steht dieser Knopf 35 mm hervor.<\/p>\n<p><strong>Bearbeiten<br \/>\n<\/strong>Sie k\u00f6nnen den Knopf mit der mitgelieferten Schraube und Montagestange montieren. Ich werde das schicken <strong>FREI<\/strong>\u00a0mit Ihrer Bestellung.<\/p>","protected":false},"excerpt":{"rendered":"<p>Porseleinen Knop Zonnebloemen 40mm handgeschilderd is een bolle meubelknop gemaakt van porselein in de basis wit met een versiering met zonnebloemen op een blauwe achtergrond. Het bevestigingsstaafje en de rozetten hebben een goudkleurige antieke finish. Deze knop past goed op je klassieke of landelijke meubelstuk. Afmetingen Porseleinen Knop Zonnebloemen 40mm handgeschilderd heeft een diameter van [&hellip;]<\/p>\n","protected":false},"featured_media":7601,"template":"","meta":{"_acf_changed":false},"product_brand":[],"product_cat":[37,23,38],"product_tag":[],"class_list":{"0":"post-702","1":"product","2":"type-product","3":"status-publish","4":"has-post-thumbnail","6":"product_cat-knoppen","7":"product_cat-meubelbeslag","8":"product_cat-porseleinen-knoppen","10":"first","11":"instock","12":"taxable","13":"shipping-taxable","14":"purchasable","15":"product-type-simple"},"acf":[],"yoast_head":"<!-- This site is optimized with the Yoast SEO plugin v27.3 - https:\/\/yoast.com\/product\/yoast-seo-wordpress\/ -->\n<title>Porseleinen Knop Zonnebloemen 40mm<\/title>\n<meta name=\"description\" content=\"Porseleinen Knop Zonnebloemen 40mm handgeschilderd is een meubelknop van porselein met een versiering met zonnebloemen op een blauwe achtergrond.\" \/>\n<meta name=\"robots\" content=\"index, follow, max-snippet:-1, max-image-preview:large, max-video-preview:-1\" \/>\n<link rel=\"canonical\" href=\"https:\/\/partsandpieces.nl\/de\/produkt\/porzellanknopf-sonnenblumen-40mm-handbemalt\/\" \/>\n<meta property=\"og:locale\" content=\"de_DE\" \/>\n<meta property=\"og:type\" content=\"article\" \/>\n<meta property=\"og:title\" content=\"Porseleinen Knop Zonnebloemen 40mm\" \/>\n<meta property=\"og:description\" content=\"Porseleinen Knop Zonnebloemen 40mm handgeschilderd is een meubelknop van porselein met een versiering met zonnebloemen op een blauwe achtergrond.\" \/>\n<meta property=\"og:url\" content=\"https:\/\/partsandpieces.nl\/de\/produkt\/porzellanknopf-sonnenblumen-40mm-handbemalt\/\" \/>\n<meta property=\"og:site_name\" content=\"Parts &amp; Pieces\" \/>\n<meta property=\"article:modified_time\" content=\"2025-12-05T10:21:26+00:00\" \/>\n<meta property=\"og:image\" content=\"https:\/\/partsandpieces.nl\/wp-content\/uploads\/2020\/07\/Porseleinen-Knop-Zonnebloemen-40mm-handgeschilderd.jpg\" \/>\n\t<meta property=\"og:image:width\" content=\"402\" \/>\n\t<meta property=\"og:image:height\" content=\"400\" \/>\n\t<meta property=\"og:image:type\" content=\"image\/jpeg\" \/>\n<meta name=\"twitter:card\" content=\"summary_large_image\" \/>\n<meta name=\"twitter:label1\" content=\"Gesch\u00e4tzte Lesezeit\" \/>\n\t<meta name=\"twitter:data1\" content=\"1\u00a0Minute\" \/>\n<script type=\"application\/ld+json\" class=\"yoast-schema-graph\">{\"@context\":\"https:\\\/\\\/schema.org\",\"@graph\":[{\"@type\":\"WebPage\",\"@id\":\"https:\\\/\\\/partsandpieces.nl\\\/product\\\/porseleinen-knop-zonnebloemen-40mm-handgeschilderd\\\/\",\"url\":\"https:\\\/\\\/partsandpieces.nl\\\/product\\\/porseleinen-knop-zonnebloemen-40mm-handgeschilderd\\\/\",\"name\":\"Porseleinen Knop Zonnebloemen 40mm\",\"isPartOf\":{\"@id\":\"https:\\\/\\\/partsandpieces.nl\\\/#website\"},\"primaryImageOfPage\":{\"@id\":\"https:\\\/\\\/partsandpieces.nl\\\/product\\\/porseleinen-knop-zonnebloemen-40mm-handgeschilderd\\\/#primaryimage\"},\"image\":{\"@id\":\"https:\\\/\\\/partsandpieces.nl\\\/product\\\/porseleinen-knop-zonnebloemen-40mm-handgeschilderd\\\/#primaryimage\"},\"thumbnailUrl\":\"https:\\\/\\\/partsandpieces.nl\\\/wp-content\\\/uploads\\\/2020\\\/07\\\/Porseleinen-Knop-Zonnebloemen-40mm-handgeschilderd.jpg\",\"datePublished\":\"2020-07-20T12:03:13+00:00\",\"dateModified\":\"2025-12-05T10:21:26+00:00\",\"description\":\"Porseleinen Knop Zonnebloemen 40mm handgeschilderd is een meubelknop van porselein met een versiering met zonnebloemen op een blauwe achtergrond.\",\"breadcrumb\":{\"@id\":\"https:\\\/\\\/partsandpieces.nl\\\/product\\\/porseleinen-knop-zonnebloemen-40mm-handgeschilderd\\\/#breadcrumb\"},\"inLanguage\":\"de\",\"potentialAction\":[{\"@type\":\"ReadAction\",\"target\":[\"https:\\\/\\\/partsandpieces.nl\\\/product\\\/porseleinen-knop-zonnebloemen-40mm-handgeschilderd\\\/\"]}]},{\"@type\":\"ImageObject\",\"inLanguage\":\"de\",\"@id\":\"https:\\\/\\\/partsandpieces.nl\\\/product\\\/porseleinen-knop-zonnebloemen-40mm-handgeschilderd\\\/#primaryimage\",\"url\":\"https:\\\/\\\/partsandpieces.nl\\\/wp-content\\\/uploads\\\/2020\\\/07\\\/Porseleinen-Knop-Zonnebloemen-40mm-handgeschilderd.jpg\",\"contentUrl\":\"https:\\\/\\\/partsandpieces.nl\\\/wp-content\\\/uploads\\\/2020\\\/07\\\/Porseleinen-Knop-Zonnebloemen-40mm-handgeschilderd.jpg\",\"width\":402,\"height\":400,\"caption\":\"Porseleinen Knop Zonnebloemen 40mm handgeschilderd\"},{\"@type\":\"BreadcrumbList\",\"@id\":\"https:\\\/\\\/partsandpieces.nl\\\/product\\\/porseleinen-knop-zonnebloemen-40mm-handgeschilderd\\\/#breadcrumb\",\"itemListElement\":[{\"@type\":\"ListItem\",\"position\":1,\"name\":\"Home\",\"item\":\"https:\\\/\\\/partsandpieces.nl\\\/home\\\/\"},{\"@type\":\"ListItem\",\"position\":2,\"name\":\"Winkel\",\"item\":\"https:\\\/\\\/partsandpieces.nl\\\/winkel\\\/\"},{\"@type\":\"ListItem\",\"position\":3,\"name\":\"Porseleinen Knop Zonnebloemen 40mm handgeschilderd\"}]},{\"@type\":\"WebSite\",\"@id\":\"https:\\\/\\\/partsandpieces.nl\\\/#website\",\"url\":\"https:\\\/\\\/partsandpieces.nl\\\/\",\"name\":\"Parts &amp; Pieces\",\"description\":\"Alles voor uw meubelrestauratie en -onderhoud!\",\"potentialAction\":[{\"@type\":\"SearchAction\",\"target\":{\"@type\":\"EntryPoint\",\"urlTemplate\":\"https:\\\/\\\/partsandpieces.nl\\\/?s={search_term_string}\"},\"query-input\":{\"@type\":\"PropertyValueSpecification\",\"valueRequired\":true,\"valueName\":\"search_term_string\"}}],\"inLanguage\":\"de\"}]}<\/script>\n<!-- \/ Yoast SEO plugin. -->","yoast_head_json":{"title":"Porzellanknopf Sonnenblumen 40mm","description":"Der handbemalte Porzellanknopf Sonnenblumen 40 mm ist ein M\u00f6belknopf aus Porzellan mit einem Dekor aus Sonnenblumen auf blauem Hintergrund.","robots":{"index":"index","follow":"follow","max-snippet":"max-snippet:-1","max-image-preview":"max-image-preview:large","max-video-preview":"max-video-preview:-1"},"canonical":"https:\/\/partsandpieces.nl\/de\/produkt\/porzellanknopf-sonnenblumen-40mm-handbemalt\/","og_locale":"de_DE","og_type":"article","og_title":"Porseleinen Knop Zonnebloemen 40mm","og_description":"Porseleinen Knop Zonnebloemen 40mm handgeschilderd is een meubelknop van porselein met een versiering met zonnebloemen op een blauwe achtergrond.","og_url":"https:\/\/partsandpieces.nl\/de\/produkt\/porzellanknopf-sonnenblumen-40mm-handbemalt\/","og_site_name":"Parts &amp; Pieces","article_modified_time":"2025-12-05T10:21:26+00:00","og_image":[{"width":402,"height":400,"url":"https:\/\/partsandpieces.nl\/wp-content\/uploads\/2020\/07\/Porseleinen-Knop-Zonnebloemen-40mm-handgeschilderd.jpg","type":"image\/jpeg"}],"twitter_card":"summary_large_image","twitter_misc":{"Gesch\u00e4tzte Lesezeit":"1\u00a0Minute"},"schema":{"@context":"https:\/\/schema.org","@graph":[{"@type":"WebPage","@id":"https:\/\/partsandpieces.nl\/product\/porseleinen-knop-zonnebloemen-40mm-handgeschilderd\/","url":"https:\/\/partsandpieces.nl\/product\/porseleinen-knop-zonnebloemen-40mm-handgeschilderd\/","name":"Porzellanknopf Sonnenblumen 40mm","isPartOf":{"@id":"https:\/\/partsandpieces.nl\/#website"},"primaryImageOfPage":{"@id":"https:\/\/partsandpieces.nl\/product\/porseleinen-knop-zonnebloemen-40mm-handgeschilderd\/#primaryimage"},"image":{"@id":"https:\/\/partsandpieces.nl\/product\/porseleinen-knop-zonnebloemen-40mm-handgeschilderd\/#primaryimage"},"thumbnailUrl":"https:\/\/partsandpieces.nl\/wp-content\/uploads\/2020\/07\/Porseleinen-Knop-Zonnebloemen-40mm-handgeschilderd.jpg","datePublished":"2020-07-20T12:03:13+00:00","dateModified":"2025-12-05T10:21:26+00:00","description":"Der handbemalte Porzellanknopf Sonnenblumen 40 mm ist ein M\u00f6belknopf aus Porzellan mit einem Dekor aus Sonnenblumen auf blauem Hintergrund.","breadcrumb":{"@id":"https:\/\/partsandpieces.nl\/product\/porseleinen-knop-zonnebloemen-40mm-handgeschilderd\/#breadcrumb"},"inLanguage":"de","potentialAction":[{"@type":"ReadAction","target":["https:\/\/partsandpieces.nl\/product\/porseleinen-knop-zonnebloemen-40mm-handgeschilderd\/"]}]},{"@type":"ImageObject","inLanguage":"de","@id":"https:\/\/partsandpieces.nl\/product\/porseleinen-knop-zonnebloemen-40mm-handgeschilderd\/#primaryimage","url":"https:\/\/partsandpieces.nl\/wp-content\/uploads\/2020\/07\/Porseleinen-Knop-Zonnebloemen-40mm-handgeschilderd.jpg","contentUrl":"https:\/\/partsandpieces.nl\/wp-content\/uploads\/2020\/07\/Porseleinen-Knop-Zonnebloemen-40mm-handgeschilderd.jpg","width":402,"height":400,"caption":"Porseleinen Knop Zonnebloemen 40mm handgeschilderd"},{"@type":"BreadcrumbList","@id":"https:\/\/partsandpieces.nl\/product\/porseleinen-knop-zonnebloemen-40mm-handgeschilderd\/#breadcrumb","itemListElement":[{"@type":"ListItem","position":1,"name":"Home","item":"https:\/\/partsandpieces.nl\/home\/"},{"@type":"ListItem","position":2,"name":"Winkel","item":"https:\/\/partsandpieces.nl\/winkel\/"},{"@type":"ListItem","position":3,"name":"Porseleinen Knop Zonnebloemen 40mm handgeschilderd"}]},{"@type":"WebSite","@id":"https:\/\/partsandpieces.nl\/#website","url":"https:\/\/partsandpieces.nl\/","name":"Teile &amp; St\u00fccke","description":"Alles f\u00fcr Ihre M\u00f6belrestaurierung und -pflege!","potentialAction":[{"@type":"SearchAction","target":{"@type":"EntryPoint","urlTemplate":"https:\/\/partsandpieces.nl\/?s={search_term_string}"},"query-input":{"@type":"PropertyValueSpecification","valueRequired":true,"valueName":"search_term_string"}}],"inLanguage":"de"}]}},"_links":{"self":[{"href":"https:\/\/partsandpieces.nl\/de\/wp-json\/wp\/v2\/product\/702","targetHints":{"allow":["GET"]}}],"collection":[{"href":"https:\/\/partsandpieces.nl\/de\/wp-json\/wp\/v2\/product"}],"about":[{"href":"https:\/\/partsandpieces.nl\/de\/wp-json\/wp\/v2\/types\/product"}],"wp:featuredmedia":[{"embeddable":true,"href":"https:\/\/partsandpieces.nl\/de\/wp-json\/wp\/v2\/media\/7601"}],"wp:attachment":[{"href":"https:\/\/partsandpieces.nl\/de\/wp-json\/wp\/v2\/media?parent=702"}],"wp:term":[{"taxonomy":"product_brand","embeddable":true,"href":"https:\/\/partsandpieces.nl\/de\/wp-json\/wp\/v2\/product_brand?post=702"},{"taxonomy":"product_cat","embeddable":true,"href":"https:\/\/partsandpieces.nl\/de\/wp-json\/wp\/v2\/product_cat?post=702"},{"taxonomy":"product_tag","embeddable":true,"href":"https:\/\/partsandpieces.nl\/de\/wp-json\/wp\/v2\/product_tag?post=702"}],"curies":[{"name":"wp","href":"https:\/\/api.w.org\/{rel}","templated":true}]}}