{"id":706,"date":"2020-07-20T12:07:28","date_gmt":"2020-07-20T12:07:28","guid":{"rendered":"https:\/\/partsandpieces.bonsaidev.nl\/?product=knop-india-rond-40-mm-30-mm-1664443921"},"modified":"2025-06-27T15:32:50","modified_gmt":"2025-06-27T13:32:50","slug":"porzellanknopf-rund-turkis-40mm-handbemalt","status":"publish","type":"product","link":"https:\/\/partsandpieces.nl\/de\/product\/porseleinen-knop-rond-turquoise-40mm-handgeschilderd\/","title":{"rendered":"Porzellanknopf, rund, T\u00fcrkis, 40 mm, handbemalt"},"content":{"rendered":"<div class=\"container_wrap container_wrap_first main_color sidebar_right template-shop shop_columns_4\">\n<div class=\"container\">\n<div id=\"product-710\" class=\"product type-product post-710 status-publish first instock product_cat-knoppen product_cat-meubelbeslag product_cat-porseleinen-knoppen has-post-thumbnail taxable shipping-taxable purchasable product-type-simple\">\n<div class=\"single-product-summary\">\n<div class=\"woocommerce-tabs wc-tabs-wrapper\">\n<div id=\"tab-description\" class=\"woocommerce-Tabs-panel woocommerce-Tabs-panel--description panel entry-content wc-tab\" role=\"tabpanel\" aria-labelledby=\"tab-title-description\">\n<p><b>Porzellanknopf, rund, T\u00fcrkis, 40 mm, handbemalt<\/b> ist ein konvexer M\u00f6belknopf aus Porzellan in der Farbe T\u00fcrkis. Die Befestigungsleiste und die Rosetten sind mit einem goldfarbenen Antik-Finish versehen. Dieser Knauf passt gut zu Ihrem klassischen oder l\u00e4ndlichen M\u00f6belst\u00fcck.<\/p>\n<p><strong>Ma\u00dfe<br \/>\n<\/strong>Der handbemalte Porzellanknopf rund t\u00fcrkis 40 mm hat einen Durchmesser von ca. 40 mm. Nach der Installation steht dieser Knopf 35 mm hervor.<\/p>\n<p><strong>Bearbeiten<br \/>\n<\/strong>Sie k\u00f6nnen den Knopf mit der mitgelieferten Schraube und Montagestange blind montieren. Ich werde das schicken\u00a0<strong>FREI<\/strong>\u00a0mit Ihrer Bestellung.<\/p>\n<\/div>\n<\/div>\n<\/div>\n<\/div>\n<\/div>\n<\/div>\n<div id=\"av_section_1\" class=\"avia-section alternate_color avia-section-small container_wrap fullsize\">\n<div class=\"container\">\n<div class=\"template-page content twelve alpha units\">\n<div class=\"product_column product_column_4\"><\/div>\n<\/div>\n<\/div>\n<\/div>","protected":false},"excerpt":{"rendered":"<p>Porseleinen Knop Rond Turquoise 40mm handgeschilderd is een bolle meubelknop gemaakt van porselein in de kleur turquoise. Het bevestigingsstaafje en de rozetten hebben een goudkleurige antieke finish. Deze knop past goed op je klassieke of landelijke meubelstuk. Afmetingen Porseleinen Knop Rond Turquoise 40mm handgeschilderd heeft een diameter van ongeveer 40mm. Na montage steekt deze knop [&hellip;]<\/p>\n","protected":false},"featured_media":7605,"template":"","meta":{"_acf_changed":false},"product_brand":[],"product_cat":[37,23,38],"product_tag":[],"class_list":{"0":"post-706","1":"product","2":"type-product","3":"status-publish","4":"has-post-thumbnail","6":"product_cat-knoppen","7":"product_cat-meubelbeslag","8":"product_cat-porseleinen-knoppen","10":"first","11":"instock","12":"taxable","13":"shipping-taxable","14":"purchasable","15":"product-type-simple"},"acf":[],"yoast_head":"<!-- This site is optimized with the Yoast SEO plugin v27.3 - https:\/\/yoast.com\/product\/yoast-seo-wordpress\/ -->\n<title>Porseleinen Knop Turquoise 40mm<\/title>\n<meta name=\"description\" content=\"Porseleinen Knop Rond Turquoise 40mm handgeschilderd is een bolle meubelknop gemaakt van porselein in de kleur turquoise.\" \/>\n<meta name=\"robots\" content=\"index, follow, max-snippet:-1, max-image-preview:large, max-video-preview:-1\" \/>\n<link rel=\"canonical\" href=\"https:\/\/partsandpieces.nl\/de\/produkt\/porzellanknopf-rund-turkis-40mm-handbemalt\/\" \/>\n<meta property=\"og:locale\" content=\"de_DE\" \/>\n<meta property=\"og:type\" content=\"article\" \/>\n<meta property=\"og:title\" content=\"Porseleinen Knop Turquoise 40mm\" \/>\n<meta property=\"og:description\" content=\"Porseleinen Knop Rond Turquoise 40mm handgeschilderd is een bolle meubelknop gemaakt van porselein in de kleur turquoise.\" \/>\n<meta property=\"og:url\" content=\"https:\/\/partsandpieces.nl\/de\/produkt\/porzellanknopf-rund-turkis-40mm-handbemalt\/\" \/>\n<meta property=\"og:site_name\" content=\"Parts &amp; Pieces\" \/>\n<meta property=\"article:modified_time\" content=\"2025-06-27T13:32:50+00:00\" \/>\n<meta property=\"og:image\" content=\"https:\/\/partsandpieces.nl\/wp-content\/uploads\/2020\/07\/Porseleinen-Knop-Rond-Turquoise-40mm-handgeschilderd.jpg\" \/>\n\t<meta property=\"og:image:width\" content=\"401\" \/>\n\t<meta property=\"og:image:height\" content=\"400\" \/>\n\t<meta property=\"og:image:type\" content=\"image\/jpeg\" \/>\n<meta name=\"twitter:card\" content=\"summary_large_image\" \/>\n<meta name=\"twitter:label1\" content=\"Gesch\u00e4tzte Lesezeit\" \/>\n\t<meta name=\"twitter:data1\" content=\"1\u00a0Minute\" \/>\n<script type=\"application\/ld+json\" class=\"yoast-schema-graph\">{\"@context\":\"https:\\\/\\\/schema.org\",\"@graph\":[{\"@type\":\"WebPage\",\"@id\":\"https:\\\/\\\/partsandpieces.nl\\\/product\\\/porseleinen-knop-rond-turquoise-40mm-handgeschilderd\\\/\",\"url\":\"https:\\\/\\\/partsandpieces.nl\\\/product\\\/porseleinen-knop-rond-turquoise-40mm-handgeschilderd\\\/\",\"name\":\"Porseleinen Knop Turquoise 40mm\",\"isPartOf\":{\"@id\":\"https:\\\/\\\/partsandpieces.nl\\\/#website\"},\"primaryImageOfPage\":{\"@id\":\"https:\\\/\\\/partsandpieces.nl\\\/product\\\/porseleinen-knop-rond-turquoise-40mm-handgeschilderd\\\/#primaryimage\"},\"image\":{\"@id\":\"https:\\\/\\\/partsandpieces.nl\\\/product\\\/porseleinen-knop-rond-turquoise-40mm-handgeschilderd\\\/#primaryimage\"},\"thumbnailUrl\":\"https:\\\/\\\/partsandpieces.nl\\\/wp-content\\\/uploads\\\/2020\\\/07\\\/Porseleinen-Knop-Rond-Turquoise-40mm-handgeschilderd.jpg\",\"datePublished\":\"2020-07-20T12:07:28+00:00\",\"dateModified\":\"2025-06-27T13:32:50+00:00\",\"description\":\"Porseleinen Knop Rond Turquoise 40mm handgeschilderd is een bolle meubelknop gemaakt van porselein in de kleur turquoise.\",\"breadcrumb\":{\"@id\":\"https:\\\/\\\/partsandpieces.nl\\\/product\\\/porseleinen-knop-rond-turquoise-40mm-handgeschilderd\\\/#breadcrumb\"},\"inLanguage\":\"de\",\"potentialAction\":[{\"@type\":\"ReadAction\",\"target\":[\"https:\\\/\\\/partsandpieces.nl\\\/product\\\/porseleinen-knop-rond-turquoise-40mm-handgeschilderd\\\/\"]}]},{\"@type\":\"ImageObject\",\"inLanguage\":\"de\",\"@id\":\"https:\\\/\\\/partsandpieces.nl\\\/product\\\/porseleinen-knop-rond-turquoise-40mm-handgeschilderd\\\/#primaryimage\",\"url\":\"https:\\\/\\\/partsandpieces.nl\\\/wp-content\\\/uploads\\\/2020\\\/07\\\/Porseleinen-Knop-Rond-Turquoise-40mm-handgeschilderd.jpg\",\"contentUrl\":\"https:\\\/\\\/partsandpieces.nl\\\/wp-content\\\/uploads\\\/2020\\\/07\\\/Porseleinen-Knop-Rond-Turquoise-40mm-handgeschilderd.jpg\",\"width\":401,\"height\":400,\"caption\":\"Porseleinen Knop Rond Turquoise 40mm handgeschilderd\"},{\"@type\":\"BreadcrumbList\",\"@id\":\"https:\\\/\\\/partsandpieces.nl\\\/product\\\/porseleinen-knop-rond-turquoise-40mm-handgeschilderd\\\/#breadcrumb\",\"itemListElement\":[{\"@type\":\"ListItem\",\"position\":1,\"name\":\"Home\",\"item\":\"https:\\\/\\\/partsandpieces.nl\\\/home\\\/\"},{\"@type\":\"ListItem\",\"position\":2,\"name\":\"Winkel\",\"item\":\"https:\\\/\\\/partsandpieces.nl\\\/winkel\\\/\"},{\"@type\":\"ListItem\",\"position\":3,\"name\":\"Porseleinen Knop Rond Turquoise 40mm handgeschilderd\"}]},{\"@type\":\"WebSite\",\"@id\":\"https:\\\/\\\/partsandpieces.nl\\\/#website\",\"url\":\"https:\\\/\\\/partsandpieces.nl\\\/\",\"name\":\"Parts &amp; Pieces\",\"description\":\"Alles voor uw meubelrestauratie en -onderhoud!\",\"potentialAction\":[{\"@type\":\"SearchAction\",\"target\":{\"@type\":\"EntryPoint\",\"urlTemplate\":\"https:\\\/\\\/partsandpieces.nl\\\/?s={search_term_string}\"},\"query-input\":{\"@type\":\"PropertyValueSpecification\",\"valueRequired\":true,\"valueName\":\"search_term_string\"}}],\"inLanguage\":\"de\"}]}<\/script>\n<!-- \/ Yoast SEO plugin. -->","yoast_head_json":{"title":"Porzellanknopf T\u00fcrkis 40mm","description":"Porzellanknopf Rund T\u00fcrkis 40mm handbemalt, ein konvexer M\u00f6belknopf aus Porzellan in der Farbe T\u00fcrkis.","robots":{"index":"index","follow":"follow","max-snippet":"max-snippet:-1","max-image-preview":"max-image-preview:large","max-video-preview":"max-video-preview:-1"},"canonical":"https:\/\/partsandpieces.nl\/de\/produkt\/porzellanknopf-rund-turkis-40mm-handbemalt\/","og_locale":"de_DE","og_type":"article","og_title":"Porseleinen Knop Turquoise 40mm","og_description":"Porseleinen Knop Rond Turquoise 40mm handgeschilderd is een bolle meubelknop gemaakt van porselein in de kleur turquoise.","og_url":"https:\/\/partsandpieces.nl\/de\/produkt\/porzellanknopf-rund-turkis-40mm-handbemalt\/","og_site_name":"Parts &amp; Pieces","article_modified_time":"2025-06-27T13:32:50+00:00","og_image":[{"width":401,"height":400,"url":"https:\/\/partsandpieces.nl\/wp-content\/uploads\/2020\/07\/Porseleinen-Knop-Rond-Turquoise-40mm-handgeschilderd.jpg","type":"image\/jpeg"}],"twitter_card":"summary_large_image","twitter_misc":{"Gesch\u00e4tzte Lesezeit":"1\u00a0Minute"},"schema":{"@context":"https:\/\/schema.org","@graph":[{"@type":"WebPage","@id":"https:\/\/partsandpieces.nl\/product\/porseleinen-knop-rond-turquoise-40mm-handgeschilderd\/","url":"https:\/\/partsandpieces.nl\/product\/porseleinen-knop-rond-turquoise-40mm-handgeschilderd\/","name":"Porzellanknopf T\u00fcrkis 40mm","isPartOf":{"@id":"https:\/\/partsandpieces.nl\/#website"},"primaryImageOfPage":{"@id":"https:\/\/partsandpieces.nl\/product\/porseleinen-knop-rond-turquoise-40mm-handgeschilderd\/#primaryimage"},"image":{"@id":"https:\/\/partsandpieces.nl\/product\/porseleinen-knop-rond-turquoise-40mm-handgeschilderd\/#primaryimage"},"thumbnailUrl":"https:\/\/partsandpieces.nl\/wp-content\/uploads\/2020\/07\/Porseleinen-Knop-Rond-Turquoise-40mm-handgeschilderd.jpg","datePublished":"2020-07-20T12:07:28+00:00","dateModified":"2025-06-27T13:32:50+00:00","description":"Porzellanknopf Rund T\u00fcrkis 40mm handbemalt, ein konvexer M\u00f6belknopf aus Porzellan in der Farbe T\u00fcrkis.","breadcrumb":{"@id":"https:\/\/partsandpieces.nl\/product\/porseleinen-knop-rond-turquoise-40mm-handgeschilderd\/#breadcrumb"},"inLanguage":"de","potentialAction":[{"@type":"ReadAction","target":["https:\/\/partsandpieces.nl\/product\/porseleinen-knop-rond-turquoise-40mm-handgeschilderd\/"]}]},{"@type":"ImageObject","inLanguage":"de","@id":"https:\/\/partsandpieces.nl\/product\/porseleinen-knop-rond-turquoise-40mm-handgeschilderd\/#primaryimage","url":"https:\/\/partsandpieces.nl\/wp-content\/uploads\/2020\/07\/Porseleinen-Knop-Rond-Turquoise-40mm-handgeschilderd.jpg","contentUrl":"https:\/\/partsandpieces.nl\/wp-content\/uploads\/2020\/07\/Porseleinen-Knop-Rond-Turquoise-40mm-handgeschilderd.jpg","width":401,"height":400,"caption":"Porseleinen Knop Rond Turquoise 40mm handgeschilderd"},{"@type":"BreadcrumbList","@id":"https:\/\/partsandpieces.nl\/product\/porseleinen-knop-rond-turquoise-40mm-handgeschilderd\/#breadcrumb","itemListElement":[{"@type":"ListItem","position":1,"name":"Home","item":"https:\/\/partsandpieces.nl\/home\/"},{"@type":"ListItem","position":2,"name":"Winkel","item":"https:\/\/partsandpieces.nl\/winkel\/"},{"@type":"ListItem","position":3,"name":"Porseleinen Knop Rond Turquoise 40mm handgeschilderd"}]},{"@type":"WebSite","@id":"https:\/\/partsandpieces.nl\/#website","url":"https:\/\/partsandpieces.nl\/","name":"Teile &amp; St\u00fccke","description":"Alles f\u00fcr Ihre M\u00f6belrestaurierung und -pflege!","potentialAction":[{"@type":"SearchAction","target":{"@type":"EntryPoint","urlTemplate":"https:\/\/partsandpieces.nl\/?s={search_term_string}"},"query-input":{"@type":"PropertyValueSpecification","valueRequired":true,"valueName":"search_term_string"}}],"inLanguage":"de"}]}},"_links":{"self":[{"href":"https:\/\/partsandpieces.nl\/de\/wp-json\/wp\/v2\/product\/706","targetHints":{"allow":["GET"]}}],"collection":[{"href":"https:\/\/partsandpieces.nl\/de\/wp-json\/wp\/v2\/product"}],"about":[{"href":"https:\/\/partsandpieces.nl\/de\/wp-json\/wp\/v2\/types\/product"}],"wp:featuredmedia":[{"embeddable":true,"href":"https:\/\/partsandpieces.nl\/de\/wp-json\/wp\/v2\/media\/7605"}],"wp:attachment":[{"href":"https:\/\/partsandpieces.nl\/de\/wp-json\/wp\/v2\/media?parent=706"}],"wp:term":[{"taxonomy":"product_brand","embeddable":true,"href":"https:\/\/partsandpieces.nl\/de\/wp-json\/wp\/v2\/product_brand?post=706"},{"taxonomy":"product_cat","embeddable":true,"href":"https:\/\/partsandpieces.nl\/de\/wp-json\/wp\/v2\/product_cat?post=706"},{"taxonomy":"product_tag","embeddable":true,"href":"https:\/\/partsandpieces.nl\/de\/wp-json\/wp\/v2\/product_tag?post=706"}],"curies":[{"name":"wp","href":"https:\/\/api.w.org\/{rel}","templated":true}]}}