{"id":708,"date":"2020-07-20T12:10:19","date_gmt":"2020-07-20T12:10:19","guid":{"rendered":"https:\/\/partsandpieces.bonsaidev.nl\/?product=knop-india-rond-40-mm-30-mm-1664443939"},"modified":"2024-11-26T12:10:29","modified_gmt":"2024-11-26T11:10:29","slug":"porzellanknopf-schwarz-mit-weisen-streifen-40-mm-handbemalt","status":"publish","type":"product","link":"https:\/\/partsandpieces.nl\/de\/product\/porseleinen-knop-zwart-met-witte-strepen-40mm-handgeschilderd\/","title":{"rendered":"Porzellanknopf Schwarz mit wei\u00dfen Streifen 40 mm handbemalt"},"content":{"rendered":"<p><strong>Porzellanknopf Schwarz mit wei\u00dfen Streifen 40 mm handbemalt<\/strong> ist ein konvexer M\u00f6belknopf aus Porzellan in Schwarz mit einem Dekor aus wei\u00dfen konzentrischen Streifen. Die Befestigungsleiste und die Rosetten sind mit einem goldfarbenen Antik-Finish versehen. Dieser Knauf passt gut zu Ihrem klassischen oder l\u00e4ndlichen M\u00f6belst\u00fcck.<\/p>\n<p><strong>Ma\u00dfe<br \/>\n<\/strong>Der handbemalte 40-mm-Porzellanknopf in Schwarz mit wei\u00dfen Streifen hat einen Durchmesser von ca. 40 mm. Nach der Installation steht dieser Knopf 35 mm hervor.<\/p>\n<p><strong>Bearbeiten<br \/>\n<\/strong>Sie k\u00f6nnen den Knopf mit der mitgelieferten Schraube und Montagestange blind montieren. Ich werde das schicken\u00a0<strong>FREI<\/strong>\u00a0mit Ihrer Bestellung.<\/p>","protected":false},"excerpt":{"rendered":"<p>Porseleinen Knop Zwart met witte strepen 40mm handgeschilderd is een bolle meubelknop gemaakt van porselein in de kleur zwart met een versiering met witte concentrische strepen. Het bevestigingsstaafje en de rozetten hebben een goudkleurige antieke finish. Deze knop past goed op je klassieke of landelijke meubelstuk. Afmetingen Porseleinen Knop Zwart met witte strepen 40mm handgeschilderd [&hellip;]<\/p>\n","protected":false},"featured_media":7608,"template":"","meta":{"_acf_changed":false},"product_brand":[],"product_cat":[37,23,38],"product_tag":[],"class_list":{"0":"post-708","1":"product","2":"type-product","3":"status-publish","4":"has-post-thumbnail","6":"product_cat-knoppen","7":"product_cat-meubelbeslag","8":"product_cat-porseleinen-knoppen","10":"first","11":"instock","12":"taxable","13":"shipping-taxable","14":"purchasable","15":"product-type-simple"},"acf":[],"yoast_head":"<!-- This site is optimized with the Yoast SEO plugin v27.3 - https:\/\/yoast.com\/product\/yoast-seo-wordpress\/ -->\n<title>Porseleinen Knop Zwart met strepen 40mm handgeschilderd<\/title>\n<meta name=\"description\" content=\"Porseleinen Knop Zwart met witte strepen 40mm handgeschilderd is van porselein in de kleur zwart met een versiering met witte concentrische strepen.\" \/>\n<meta name=\"robots\" content=\"index, follow, max-snippet:-1, max-image-preview:large, max-video-preview:-1\" \/>\n<link rel=\"canonical\" href=\"https:\/\/partsandpieces.nl\/de\/produkt\/porzellanknopf-schwarz-mit-weisen-streifen-40-mm-handbemalt\/\" \/>\n<meta property=\"og:locale\" content=\"de_DE\" \/>\n<meta property=\"og:type\" content=\"article\" \/>\n<meta property=\"og:title\" content=\"Porseleinen Knop Zwart met strepen 40mm handgeschilderd\" \/>\n<meta property=\"og:description\" content=\"Porseleinen Knop Zwart met witte strepen 40mm handgeschilderd is van porselein in de kleur zwart met een versiering met witte concentrische strepen.\" \/>\n<meta property=\"og:url\" content=\"https:\/\/partsandpieces.nl\/de\/produkt\/porzellanknopf-schwarz-mit-weisen-streifen-40-mm-handbemalt\/\" \/>\n<meta property=\"og:site_name\" content=\"Parts &amp; Pieces\" \/>\n<meta property=\"article:modified_time\" content=\"2024-11-26T11:10:29+00:00\" \/>\n<meta property=\"og:image\" content=\"https:\/\/partsandpieces.nl\/wp-content\/uploads\/2020\/07\/Porseleinen-Knop-Zwart-met-witte-strepen-40mm-handgeschilderd.jpg\" \/>\n\t<meta property=\"og:image:width\" content=\"401\" \/>\n\t<meta property=\"og:image:height\" content=\"401\" \/>\n\t<meta property=\"og:image:type\" content=\"image\/jpeg\" \/>\n<meta name=\"twitter:card\" content=\"summary_large_image\" \/>\n<meta name=\"twitter:label1\" content=\"Gesch\u00e4tzte Lesezeit\" \/>\n\t<meta name=\"twitter:data1\" content=\"1\u00a0Minute\" \/>\n<script type=\"application\/ld+json\" class=\"yoast-schema-graph\">{\"@context\":\"https:\\\/\\\/schema.org\",\"@graph\":[{\"@type\":\"WebPage\",\"@id\":\"https:\\\/\\\/partsandpieces.nl\\\/product\\\/porseleinen-knop-zwart-met-witte-strepen-40mm-handgeschilderd\\\/\",\"url\":\"https:\\\/\\\/partsandpieces.nl\\\/product\\\/porseleinen-knop-zwart-met-witte-strepen-40mm-handgeschilderd\\\/\",\"name\":\"Porseleinen Knop Zwart met strepen 40mm handgeschilderd\",\"isPartOf\":{\"@id\":\"https:\\\/\\\/partsandpieces.nl\\\/#website\"},\"primaryImageOfPage\":{\"@id\":\"https:\\\/\\\/partsandpieces.nl\\\/product\\\/porseleinen-knop-zwart-met-witte-strepen-40mm-handgeschilderd\\\/#primaryimage\"},\"image\":{\"@id\":\"https:\\\/\\\/partsandpieces.nl\\\/product\\\/porseleinen-knop-zwart-met-witte-strepen-40mm-handgeschilderd\\\/#primaryimage\"},\"thumbnailUrl\":\"https:\\\/\\\/partsandpieces.nl\\\/wp-content\\\/uploads\\\/2020\\\/07\\\/Porseleinen-Knop-Zwart-met-witte-strepen-40mm-handgeschilderd.jpg\",\"datePublished\":\"2020-07-20T12:10:19+00:00\",\"dateModified\":\"2024-11-26T11:10:29+00:00\",\"description\":\"Porseleinen Knop Zwart met witte strepen 40mm handgeschilderd is van porselein in de kleur zwart met een versiering met witte concentrische strepen.\",\"breadcrumb\":{\"@id\":\"https:\\\/\\\/partsandpieces.nl\\\/product\\\/porseleinen-knop-zwart-met-witte-strepen-40mm-handgeschilderd\\\/#breadcrumb\"},\"inLanguage\":\"de\",\"potentialAction\":[{\"@type\":\"ReadAction\",\"target\":[\"https:\\\/\\\/partsandpieces.nl\\\/product\\\/porseleinen-knop-zwart-met-witte-strepen-40mm-handgeschilderd\\\/\"]}]},{\"@type\":\"ImageObject\",\"inLanguage\":\"de\",\"@id\":\"https:\\\/\\\/partsandpieces.nl\\\/product\\\/porseleinen-knop-zwart-met-witte-strepen-40mm-handgeschilderd\\\/#primaryimage\",\"url\":\"https:\\\/\\\/partsandpieces.nl\\\/wp-content\\\/uploads\\\/2020\\\/07\\\/Porseleinen-Knop-Zwart-met-witte-strepen-40mm-handgeschilderd.jpg\",\"contentUrl\":\"https:\\\/\\\/partsandpieces.nl\\\/wp-content\\\/uploads\\\/2020\\\/07\\\/Porseleinen-Knop-Zwart-met-witte-strepen-40mm-handgeschilderd.jpg\",\"width\":401,\"height\":401,\"caption\":\"Porseleinen Knop Zwart met witte strepen 40mm handgeschilderd\"},{\"@type\":\"BreadcrumbList\",\"@id\":\"https:\\\/\\\/partsandpieces.nl\\\/product\\\/porseleinen-knop-zwart-met-witte-strepen-40mm-handgeschilderd\\\/#breadcrumb\",\"itemListElement\":[{\"@type\":\"ListItem\",\"position\":1,\"name\":\"Home\",\"item\":\"https:\\\/\\\/partsandpieces.nl\\\/home\\\/\"},{\"@type\":\"ListItem\",\"position\":2,\"name\":\"Winkel\",\"item\":\"https:\\\/\\\/partsandpieces.nl\\\/winkel\\\/\"},{\"@type\":\"ListItem\",\"position\":3,\"name\":\"Porseleinen Knop Zwart met witte strepen 40mm handgeschilderd\"}]},{\"@type\":\"WebSite\",\"@id\":\"https:\\\/\\\/partsandpieces.nl\\\/#website\",\"url\":\"https:\\\/\\\/partsandpieces.nl\\\/\",\"name\":\"Parts &amp; Pieces\",\"description\":\"Alles voor uw meubelrestauratie en -onderhoud!\",\"potentialAction\":[{\"@type\":\"SearchAction\",\"target\":{\"@type\":\"EntryPoint\",\"urlTemplate\":\"https:\\\/\\\/partsandpieces.nl\\\/?s={search_term_string}\"},\"query-input\":{\"@type\":\"PropertyValueSpecification\",\"valueRequired\":true,\"valueName\":\"search_term_string\"}}],\"inLanguage\":\"de\"}]}<\/script>\n<!-- \/ Yoast SEO plugin. -->","yoast_head_json":{"title":"Porzellanknopf Schwarz mit Streifen 40 mm handbemalt","description":"Porzellanknopf Schwarz mit wei\u00dfen Streifen 40 mm, handbemalt, aus Porzellan in Schwarz mit einer Verzierung aus wei\u00dfen konzentrischen Streifen.","robots":{"index":"index","follow":"follow","max-snippet":"max-snippet:-1","max-image-preview":"max-image-preview:large","max-video-preview":"max-video-preview:-1"},"canonical":"https:\/\/partsandpieces.nl\/de\/produkt\/porzellanknopf-schwarz-mit-weisen-streifen-40-mm-handbemalt\/","og_locale":"de_DE","og_type":"article","og_title":"Porseleinen Knop Zwart met strepen 40mm handgeschilderd","og_description":"Porseleinen Knop Zwart met witte strepen 40mm handgeschilderd is van porselein in de kleur zwart met een versiering met witte concentrische strepen.","og_url":"https:\/\/partsandpieces.nl\/de\/produkt\/porzellanknopf-schwarz-mit-weisen-streifen-40-mm-handbemalt\/","og_site_name":"Parts &amp; Pieces","article_modified_time":"2024-11-26T11:10:29+00:00","og_image":[{"width":401,"height":401,"url":"https:\/\/partsandpieces.nl\/wp-content\/uploads\/2020\/07\/Porseleinen-Knop-Zwart-met-witte-strepen-40mm-handgeschilderd.jpg","type":"image\/jpeg"}],"twitter_card":"summary_large_image","twitter_misc":{"Gesch\u00e4tzte Lesezeit":"1\u00a0Minute"},"schema":{"@context":"https:\/\/schema.org","@graph":[{"@type":"WebPage","@id":"https:\/\/partsandpieces.nl\/product\/porseleinen-knop-zwart-met-witte-strepen-40mm-handgeschilderd\/","url":"https:\/\/partsandpieces.nl\/product\/porseleinen-knop-zwart-met-witte-strepen-40mm-handgeschilderd\/","name":"Porzellanknopf Schwarz mit Streifen 40 mm handbemalt","isPartOf":{"@id":"https:\/\/partsandpieces.nl\/#website"},"primaryImageOfPage":{"@id":"https:\/\/partsandpieces.nl\/product\/porseleinen-knop-zwart-met-witte-strepen-40mm-handgeschilderd\/#primaryimage"},"image":{"@id":"https:\/\/partsandpieces.nl\/product\/porseleinen-knop-zwart-met-witte-strepen-40mm-handgeschilderd\/#primaryimage"},"thumbnailUrl":"https:\/\/partsandpieces.nl\/wp-content\/uploads\/2020\/07\/Porseleinen-Knop-Zwart-met-witte-strepen-40mm-handgeschilderd.jpg","datePublished":"2020-07-20T12:10:19+00:00","dateModified":"2024-11-26T11:10:29+00:00","description":"Porzellanknopf Schwarz mit wei\u00dfen Streifen 40 mm, handbemalt, aus Porzellan in Schwarz mit einer Verzierung aus wei\u00dfen konzentrischen Streifen.","breadcrumb":{"@id":"https:\/\/partsandpieces.nl\/product\/porseleinen-knop-zwart-met-witte-strepen-40mm-handgeschilderd\/#breadcrumb"},"inLanguage":"de","potentialAction":[{"@type":"ReadAction","target":["https:\/\/partsandpieces.nl\/product\/porseleinen-knop-zwart-met-witte-strepen-40mm-handgeschilderd\/"]}]},{"@type":"ImageObject","inLanguage":"de","@id":"https:\/\/partsandpieces.nl\/product\/porseleinen-knop-zwart-met-witte-strepen-40mm-handgeschilderd\/#primaryimage","url":"https:\/\/partsandpieces.nl\/wp-content\/uploads\/2020\/07\/Porseleinen-Knop-Zwart-met-witte-strepen-40mm-handgeschilderd.jpg","contentUrl":"https:\/\/partsandpieces.nl\/wp-content\/uploads\/2020\/07\/Porseleinen-Knop-Zwart-met-witte-strepen-40mm-handgeschilderd.jpg","width":401,"height":401,"caption":"Porseleinen Knop Zwart met witte strepen 40mm handgeschilderd"},{"@type":"BreadcrumbList","@id":"https:\/\/partsandpieces.nl\/product\/porseleinen-knop-zwart-met-witte-strepen-40mm-handgeschilderd\/#breadcrumb","itemListElement":[{"@type":"ListItem","position":1,"name":"Home","item":"https:\/\/partsandpieces.nl\/home\/"},{"@type":"ListItem","position":2,"name":"Winkel","item":"https:\/\/partsandpieces.nl\/winkel\/"},{"@type":"ListItem","position":3,"name":"Porseleinen Knop Zwart met witte strepen 40mm handgeschilderd"}]},{"@type":"WebSite","@id":"https:\/\/partsandpieces.nl\/#website","url":"https:\/\/partsandpieces.nl\/","name":"Teile &amp; St\u00fccke","description":"Alles f\u00fcr Ihre M\u00f6belrestaurierung und -pflege!","potentialAction":[{"@type":"SearchAction","target":{"@type":"EntryPoint","urlTemplate":"https:\/\/partsandpieces.nl\/?s={search_term_string}"},"query-input":{"@type":"PropertyValueSpecification","valueRequired":true,"valueName":"search_term_string"}}],"inLanguage":"de"}]}},"_links":{"self":[{"href":"https:\/\/partsandpieces.nl\/de\/wp-json\/wp\/v2\/product\/708","targetHints":{"allow":["GET"]}}],"collection":[{"href":"https:\/\/partsandpieces.nl\/de\/wp-json\/wp\/v2\/product"}],"about":[{"href":"https:\/\/partsandpieces.nl\/de\/wp-json\/wp\/v2\/types\/product"}],"wp:featuredmedia":[{"embeddable":true,"href":"https:\/\/partsandpieces.nl\/de\/wp-json\/wp\/v2\/media\/7608"}],"wp:attachment":[{"href":"https:\/\/partsandpieces.nl\/de\/wp-json\/wp\/v2\/media?parent=708"}],"wp:term":[{"taxonomy":"product_brand","embeddable":true,"href":"https:\/\/partsandpieces.nl\/de\/wp-json\/wp\/v2\/product_brand?post=708"},{"taxonomy":"product_cat","embeddable":true,"href":"https:\/\/partsandpieces.nl\/de\/wp-json\/wp\/v2\/product_cat?post=708"},{"taxonomy":"product_tag","embeddable":true,"href":"https:\/\/partsandpieces.nl\/de\/wp-json\/wp\/v2\/product_tag?post=708"}],"curies":[{"name":"wp","href":"https:\/\/api.w.org\/{rel}","templated":true}]}}