{"id":7161,"date":"2023-09-19T15:19:58","date_gmt":"2023-09-19T13:19:58","guid":{"rendered":"https:\/\/partsandpieces.nl\/?post_type=product&#038;p=7161"},"modified":"2025-08-25T14:09:34","modified_gmt":"2025-08-25T12:09:34","slug":"mobeldekorationsset-mit-2-putten-40x60mm","status":"publish","type":"product","link":"https:\/\/partsandpieces.nl\/de\/product\/meubeldecoratie-set-van-2-cherubijntjes-40x60mm\/","title":{"rendered":"M\u00f6beldekorationsset mit 2 Putten 40x60mm"},"content":{"rendered":"<p><strong>M\u00f6beldekorationsset mit 2 Putten 40x60mm<\/strong> sind 2 verspiegelte Dekobilder f\u00fcr Ihr klassisches oder antikes M\u00f6belst\u00fcck. Die Dekoration besteht aus Zamak* und hat eine gl\u00e4nzende, antike Messingoberfl\u00e4che.<\/p>\n<p>Diese hochwertige Dekoration wird in Italien hergestellt.<\/p>\n<p><strong>Ma\u00dfe<br \/>\n<\/strong>M\u00f6beldekorationsset mit 2 Putten 40 x 60 mm hat eine Breite von 40 mm und ist jeweils 60 mm hoch.<\/p>\n<p><strong>Bearbeiten<br \/>\n<\/strong>Sie montieren die Dekorationen mit 1 Schraube. Ich liefere diese Schraube NICHT.<\/p>\n<p>* Zamak ist eine Legierung mit Zink als Hauptbestandteil. Es hat einen relativ niedrigen Schmelzpunkt und ist leicht zu gie\u00dfen. Der Name ist ein Akronym, abgeleitet von den Anfangsbuchstaben der deutschen Bezeichnungen f\u00fcr die Metalle, aus denen sich der Werkstoff zusammensetzt: Zink, Aluminium, MAGnesium, Kupfer. Zamak wird in der Auto- und M\u00f6belindustrie f\u00fcr T\u00fcrgriffe, Griffe, Logos und Zierleisten verwendet. Es wird auch h\u00e4ufig als Ersatz f\u00fcr das giftige Blei verwendet.<\/p>","protected":false},"excerpt":{"rendered":"<p>Meubeldecoratie set van 2 Cherubijntjes 40x60mm zijn 2 gespiegelde decoratieve plaatje voor op je klassieke of antieke meubelstuk. De decoratie is gemaakt van zamak* en heeft een glanzende, antieke messing finish. Deze kwalitatief uitstekende decoratie is gemaakt in Itali\u00eb. Afmetingen Meubeldecoratie set van 2 Cherubijntjes 40x60mm heeft een breedte van 40mm en is 60mm hoog [&hellip;]<\/p>\n","protected":false},"featured_media":7163,"template":"","meta":{"_acf_changed":false},"product_brand":[],"product_cat":[27,23],"product_tag":[],"class_list":{"0":"post-7161","1":"product","2":"type-product","3":"status-publish","4":"has-post-thumbnail","6":"product_cat-decoratieve-plaatjes-en-rozetten","7":"product_cat-meubelbeslag","9":"first","10":"instock","11":"taxable","12":"shipping-taxable","13":"purchasable","14":"product-type-simple"},"acf":[],"yoast_head":"<!-- This site is optimized with the Yoast SEO plugin v27.3 - https:\/\/yoast.com\/product\/yoast-seo-wordpress\/ -->\n<title>Meubeldecoratie set van 2 Cherubijntjes 40x60mm<\/title>\n<meta name=\"description\" content=\"Meubeldecoratie set van 2 Cherubijntjes 40x60mm zijn 2 gespiegelde decoratieve plaatje voor op je antieke meubelstuk. Heeft een glanzende, messing finish.\" \/>\n<meta name=\"robots\" content=\"index, follow, max-snippet:-1, max-image-preview:large, max-video-preview:-1\" \/>\n<link rel=\"canonical\" href=\"https:\/\/partsandpieces.nl\/de\/produkt\/mobeldekorationsset-mit-2-putten-40x60mm\/\" \/>\n<meta property=\"og:locale\" content=\"de_DE\" \/>\n<meta property=\"og:type\" content=\"article\" \/>\n<meta property=\"og:title\" content=\"Meubeldecoratie set van 2 Cherubijntjes 40x60mm\" \/>\n<meta property=\"og:description\" content=\"Meubeldecoratie set van 2 Cherubijntjes 40x60mm zijn 2 gespiegelde decoratieve plaatje voor op je antieke meubelstuk. Heeft een glanzende, messing finish.\" \/>\n<meta property=\"og:url\" content=\"https:\/\/partsandpieces.nl\/de\/produkt\/mobeldekorationsset-mit-2-putten-40x60mm\/\" \/>\n<meta property=\"og:site_name\" content=\"Parts &amp; Pieces\" \/>\n<meta property=\"article:modified_time\" content=\"2025-08-25T12:09:34+00:00\" \/>\n<meta property=\"og:image\" content=\"https:\/\/partsandpieces.nl\/wp-content\/uploads\/2023\/09\/Meubeldecoratie-set-van-2-Cherubijntjes-40x60mm.jpg\" \/>\n\t<meta property=\"og:image:width\" content=\"480\" \/>\n\t<meta property=\"og:image:height\" content=\"481\" \/>\n\t<meta property=\"og:image:type\" content=\"image\/jpeg\" \/>\n<meta name=\"twitter:card\" content=\"summary_large_image\" \/>\n<meta name=\"twitter:label1\" content=\"Gesch\u00e4tzte Lesezeit\" \/>\n\t<meta name=\"twitter:data1\" content=\"1\u00a0Minute\" \/>\n<script type=\"application\/ld+json\" class=\"yoast-schema-graph\">{\"@context\":\"https:\\\/\\\/schema.org\",\"@graph\":[{\"@type\":\"WebPage\",\"@id\":\"https:\\\/\\\/partsandpieces.nl\\\/product\\\/meubeldecoratie-set-van-2-cherubijntjes-40x60mm\\\/\",\"url\":\"https:\\\/\\\/partsandpieces.nl\\\/product\\\/meubeldecoratie-set-van-2-cherubijntjes-40x60mm\\\/\",\"name\":\"Meubeldecoratie set van 2 Cherubijntjes 40x60mm\",\"isPartOf\":{\"@id\":\"https:\\\/\\\/partsandpieces.nl\\\/#website\"},\"primaryImageOfPage\":{\"@id\":\"https:\\\/\\\/partsandpieces.nl\\\/product\\\/meubeldecoratie-set-van-2-cherubijntjes-40x60mm\\\/#primaryimage\"},\"image\":{\"@id\":\"https:\\\/\\\/partsandpieces.nl\\\/product\\\/meubeldecoratie-set-van-2-cherubijntjes-40x60mm\\\/#primaryimage\"},\"thumbnailUrl\":\"https:\\\/\\\/partsandpieces.nl\\\/wp-content\\\/uploads\\\/2023\\\/09\\\/Meubeldecoratie-set-van-2-Cherubijntjes-40x60mm.jpg\",\"datePublished\":\"2023-09-19T13:19:58+00:00\",\"dateModified\":\"2025-08-25T12:09:34+00:00\",\"description\":\"Meubeldecoratie set van 2 Cherubijntjes 40x60mm zijn 2 gespiegelde decoratieve plaatje voor op je antieke meubelstuk. Heeft een glanzende, messing finish.\",\"breadcrumb\":{\"@id\":\"https:\\\/\\\/partsandpieces.nl\\\/product\\\/meubeldecoratie-set-van-2-cherubijntjes-40x60mm\\\/#breadcrumb\"},\"inLanguage\":\"de\",\"potentialAction\":[{\"@type\":\"ReadAction\",\"target\":[\"https:\\\/\\\/partsandpieces.nl\\\/product\\\/meubeldecoratie-set-van-2-cherubijntjes-40x60mm\\\/\"]}]},{\"@type\":\"ImageObject\",\"inLanguage\":\"de\",\"@id\":\"https:\\\/\\\/partsandpieces.nl\\\/product\\\/meubeldecoratie-set-van-2-cherubijntjes-40x60mm\\\/#primaryimage\",\"url\":\"https:\\\/\\\/partsandpieces.nl\\\/wp-content\\\/uploads\\\/2023\\\/09\\\/Meubeldecoratie-set-van-2-Cherubijntjes-40x60mm.jpg\",\"contentUrl\":\"https:\\\/\\\/partsandpieces.nl\\\/wp-content\\\/uploads\\\/2023\\\/09\\\/Meubeldecoratie-set-van-2-Cherubijntjes-40x60mm.jpg\",\"width\":480,\"height\":481,\"caption\":\"Meubeldecoratie set van 2 Cherubijntjes 40x60mm\"},{\"@type\":\"BreadcrumbList\",\"@id\":\"https:\\\/\\\/partsandpieces.nl\\\/product\\\/meubeldecoratie-set-van-2-cherubijntjes-40x60mm\\\/#breadcrumb\",\"itemListElement\":[{\"@type\":\"ListItem\",\"position\":1,\"name\":\"Home\",\"item\":\"https:\\\/\\\/partsandpieces.nl\\\/home\\\/\"},{\"@type\":\"ListItem\",\"position\":2,\"name\":\"Winkel\",\"item\":\"https:\\\/\\\/partsandpieces.nl\\\/winkel\\\/\"},{\"@type\":\"ListItem\",\"position\":3,\"name\":\"Meubeldecoratie set van 2 Cherubijntjes 40x60mm\"}]},{\"@type\":\"WebSite\",\"@id\":\"https:\\\/\\\/partsandpieces.nl\\\/#website\",\"url\":\"https:\\\/\\\/partsandpieces.nl\\\/\",\"name\":\"Parts &amp; Pieces\",\"description\":\"Alles voor uw meubelrestauratie en -onderhoud!\",\"potentialAction\":[{\"@type\":\"SearchAction\",\"target\":{\"@type\":\"EntryPoint\",\"urlTemplate\":\"https:\\\/\\\/partsandpieces.nl\\\/?s={search_term_string}\"},\"query-input\":{\"@type\":\"PropertyValueSpecification\",\"valueRequired\":true,\"valueName\":\"search_term_string\"}}],\"inLanguage\":\"de\"}]}<\/script>\n<!-- \/ Yoast SEO plugin. -->","yoast_head_json":{"title":"M\u00f6beldekorationsset mit 2 Putten 40x60mm","description":"M\u00f6beldekorationsset mit 2 Putten 40x60mm sind 2 verspiegelte Dekobilder f\u00fcr Ihr antikes M\u00f6belst\u00fcck. Hat eine gl\u00e4nzende Messingoberfl\u00e4che.","robots":{"index":"index","follow":"follow","max-snippet":"max-snippet:-1","max-image-preview":"max-image-preview:large","max-video-preview":"max-video-preview:-1"},"canonical":"https:\/\/partsandpieces.nl\/de\/produkt\/mobeldekorationsset-mit-2-putten-40x60mm\/","og_locale":"de_DE","og_type":"article","og_title":"Meubeldecoratie set van 2 Cherubijntjes 40x60mm","og_description":"Meubeldecoratie set van 2 Cherubijntjes 40x60mm zijn 2 gespiegelde decoratieve plaatje voor op je antieke meubelstuk. Heeft een glanzende, messing finish.","og_url":"https:\/\/partsandpieces.nl\/de\/produkt\/mobeldekorationsset-mit-2-putten-40x60mm\/","og_site_name":"Parts &amp; Pieces","article_modified_time":"2025-08-25T12:09:34+00:00","og_image":[{"width":480,"height":481,"url":"https:\/\/partsandpieces.nl\/wp-content\/uploads\/2023\/09\/Meubeldecoratie-set-van-2-Cherubijntjes-40x60mm.jpg","type":"image\/jpeg"}],"twitter_card":"summary_large_image","twitter_misc":{"Gesch\u00e4tzte Lesezeit":"1\u00a0Minute"},"schema":{"@context":"https:\/\/schema.org","@graph":[{"@type":"WebPage","@id":"https:\/\/partsandpieces.nl\/product\/meubeldecoratie-set-van-2-cherubijntjes-40x60mm\/","url":"https:\/\/partsandpieces.nl\/product\/meubeldecoratie-set-van-2-cherubijntjes-40x60mm\/","name":"M\u00f6beldekorationsset mit 2 Putten 40x60mm","isPartOf":{"@id":"https:\/\/partsandpieces.nl\/#website"},"primaryImageOfPage":{"@id":"https:\/\/partsandpieces.nl\/product\/meubeldecoratie-set-van-2-cherubijntjes-40x60mm\/#primaryimage"},"image":{"@id":"https:\/\/partsandpieces.nl\/product\/meubeldecoratie-set-van-2-cherubijntjes-40x60mm\/#primaryimage"},"thumbnailUrl":"https:\/\/partsandpieces.nl\/wp-content\/uploads\/2023\/09\/Meubeldecoratie-set-van-2-Cherubijntjes-40x60mm.jpg","datePublished":"2023-09-19T13:19:58+00:00","dateModified":"2025-08-25T12:09:34+00:00","description":"M\u00f6beldekorationsset mit 2 Putten 40x60mm sind 2 verspiegelte Dekobilder f\u00fcr Ihr antikes M\u00f6belst\u00fcck. Hat eine gl\u00e4nzende Messingoberfl\u00e4che.","breadcrumb":{"@id":"https:\/\/partsandpieces.nl\/product\/meubeldecoratie-set-van-2-cherubijntjes-40x60mm\/#breadcrumb"},"inLanguage":"de","potentialAction":[{"@type":"ReadAction","target":["https:\/\/partsandpieces.nl\/product\/meubeldecoratie-set-van-2-cherubijntjes-40x60mm\/"]}]},{"@type":"ImageObject","inLanguage":"de","@id":"https:\/\/partsandpieces.nl\/product\/meubeldecoratie-set-van-2-cherubijntjes-40x60mm\/#primaryimage","url":"https:\/\/partsandpieces.nl\/wp-content\/uploads\/2023\/09\/Meubeldecoratie-set-van-2-Cherubijntjes-40x60mm.jpg","contentUrl":"https:\/\/partsandpieces.nl\/wp-content\/uploads\/2023\/09\/Meubeldecoratie-set-van-2-Cherubijntjes-40x60mm.jpg","width":480,"height":481,"caption":"Meubeldecoratie set van 2 Cherubijntjes 40x60mm"},{"@type":"BreadcrumbList","@id":"https:\/\/partsandpieces.nl\/product\/meubeldecoratie-set-van-2-cherubijntjes-40x60mm\/#breadcrumb","itemListElement":[{"@type":"ListItem","position":1,"name":"Home","item":"https:\/\/partsandpieces.nl\/home\/"},{"@type":"ListItem","position":2,"name":"Winkel","item":"https:\/\/partsandpieces.nl\/winkel\/"},{"@type":"ListItem","position":3,"name":"Meubeldecoratie set van 2 Cherubijntjes 40x60mm"}]},{"@type":"WebSite","@id":"https:\/\/partsandpieces.nl\/#website","url":"https:\/\/partsandpieces.nl\/","name":"Teile &amp; St\u00fccke","description":"Alles f\u00fcr Ihre M\u00f6belrestaurierung und -pflege!","potentialAction":[{"@type":"SearchAction","target":{"@type":"EntryPoint","urlTemplate":"https:\/\/partsandpieces.nl\/?s={search_term_string}"},"query-input":{"@type":"PropertyValueSpecification","valueRequired":true,"valueName":"search_term_string"}}],"inLanguage":"de"}]}},"_links":{"self":[{"href":"https:\/\/partsandpieces.nl\/de\/wp-json\/wp\/v2\/product\/7161","targetHints":{"allow":["GET"]}}],"collection":[{"href":"https:\/\/partsandpieces.nl\/de\/wp-json\/wp\/v2\/product"}],"about":[{"href":"https:\/\/partsandpieces.nl\/de\/wp-json\/wp\/v2\/types\/product"}],"wp:featuredmedia":[{"embeddable":true,"href":"https:\/\/partsandpieces.nl\/de\/wp-json\/wp\/v2\/media\/7163"}],"wp:attachment":[{"href":"https:\/\/partsandpieces.nl\/de\/wp-json\/wp\/v2\/media?parent=7161"}],"wp:term":[{"taxonomy":"product_brand","embeddable":true,"href":"https:\/\/partsandpieces.nl\/de\/wp-json\/wp\/v2\/product_brand?post=7161"},{"taxonomy":"product_cat","embeddable":true,"href":"https:\/\/partsandpieces.nl\/de\/wp-json\/wp\/v2\/product_cat?post=7161"},{"taxonomy":"product_tag","embeddable":true,"href":"https:\/\/partsandpieces.nl\/de\/wp-json\/wp\/v2\/product_tag?post=7161"}],"curies":[{"name":"wp","href":"https:\/\/api.w.org\/{rel}","templated":true}]}}