{"id":7277,"date":"2023-09-28T14:01:42","date_gmt":"2023-09-28T12:01:42","guid":{"rendered":"https:\/\/partsandpieces.nl\/?post_type=product&#038;p=7277"},"modified":"2026-03-25T12:07:09","modified_gmt":"2026-03-25T11:07:09","slug":"borma-wachs-holz-2000-holzwurm-pestizid-250-ml-mit-spruhgerat","status":"publish","type":"product","link":"https:\/\/partsandpieces.nl\/de\/product\/borma-wachs-holz-2000-houtworm-bestrijdingsmiddel-250ml-met-spuit\/","title":{"rendered":"Borma Wachs Holz 2000 Holzwurmbek\u00e4mpfung mit Spritze 250ml"},"content":{"rendered":"<p><strong>Borma Wachs Holz 2000 Holzwurmbek\u00e4mpfung mit Spritze 250ml<\/strong> von <a href=\"http:\/\/www.bormawachs.com\"><span style=\"text-decoration: underline;\">Borma Wachs<\/span><\/a> wurde speziell f\u00fcr den Schutz von Holzoberfl\u00e4chen vor Holzw\u00fcrmern und Bockk\u00e4fern entwickelt. Es t\u00f6tet unerw\u00fcnschte Holzw\u00fcrmer und Bockk\u00e4fer ab. Es ist eine Mischung aus reinen L\u00f6sungsmitteln und nahezu geruchlos. Sie k\u00f6nnen das Produkt auftragen, ohne dass die weiteren Veredelungsm\u00f6glichkeiten Ihrer Holzm\u00f6bel dadurch beeintr\u00e4chtigt werden. Mit dem Spr\u00fchger\u00e4t ist es m\u00f6glich, das Pestizid sehr gezielt an tiefer gelegenen Stellen auszubringen.<\/p>\n<p>ich habe auch <a href=\"https:\/\/partsandpieces.nl\/de\/produkt\/borma-wachs-holz-2000-holzwurm-pestizid\/\">Holz 2000 Holzwurmpestizid in fl\u00fcssiger Form<\/a> auf Lager.<\/p>\n<p><strong>Warum Holzw\u00fcrmer und Bockk\u00e4fer bek\u00e4mpfen?<\/strong><br \/>\nHolzw\u00fcrmer sind ein l\u00e4stiges Problem, das gro\u00dfe Sch\u00e4den an Holzkonstruktionen und M\u00f6beln verursachen kann. Es ist wichtig, Holzw\u00fcrmer zu erkennen, damit Sie schnell Ma\u00dfnahmen ergreifen k\u00f6nnen, um weitere Sch\u00e4den zu verhindern.<br \/>\nHolzw\u00fcrmer erkennt man an kleinen L\u00f6chern im Holz. Oftmals ist S\u00e4gemehl um die L\u00f6cher herum vorhanden. Die Larven des Holzwurmk\u00e4fers ern\u00e4hren sich vom Holz, wodurch die Festigkeit und Struktur des Holzes beeintr\u00e4chtigt werden. Dies kann letztendlich zur Instabilit\u00e4t bis hin zum Einsturz von beispielsweise B\u00f6den oder M\u00f6beln f\u00fchren. Deshalb ist es sehr wichtig, den Holzwurm m\u00f6glichst schnell zu bek\u00e4mpfen.<\/p>\n<p><strong>Wie funktioniert Borma Wachs Holz 2000 Holzwurm-Pestizid 250 ml mit Spr\u00fchger\u00e4t?<\/strong><br \/>\nDieses Holzwurm-Pestizid ist wirksam gegen Holzw\u00fcrmer. Mit der mitgelieferten Spritze k\u00f6nnen Sie dieses Produkt ganz einfach auf die Holzwurml\u00f6cher auftragen. Das Holzwurm-Pestizid dringt tief in das Holz ein und t\u00f6tet die Larven und Eier des Holzwurms ab.<br \/>\nWichtig ist, dass Sie das Pflanzenschutzmittel sorgf\u00e4ltig und gem\u00e4\u00df der Gebrauchsanweisung verwenden. Damit es seine Arbeit effektiv erledigen kann und Sie den Holzwurm endg\u00fcltig ausrotten k\u00f6nnen.<\/p>\n<p><strong>Vorteile<br \/>\n<\/strong>Die Verwendung dieses Holzwurm-Pestizids mit Spray hat viele Vorteile. Erstens bietet es a <em><strong>wirksame Bek\u00e4mpfung von Holzw\u00fcrmern<\/strong><\/em>, was bedeutet, dass diese l\u00e4stigen Kreaturen schnell und effektiv bek\u00e4mpft werden.<br \/>\nDar\u00fcber hinaus ist es ein Mittel <em><strong>einfach mit einer Spritze aufzutragen<\/strong><\/em>, wodurch es auch f\u00fcr schwer zug\u00e4ngliche Stellen geeignet ist.<\/p>\n<p>Ein weiterer gro\u00dfer Vorteil ist der <em><strong>schnelle Bedienung<\/strong><\/em> gegen Holzw\u00fcrmer. Sobald das Pestizid ausgebracht ist, beginnt es sofort zu wirken und die Holzw\u00fcrmer werden schnell beseitigt. Dies tr\u00e4gt nicht nur dazu bei, weitere Sch\u00e4den am Holz zu verhindern, sondern sorgt auch daf\u00fcr, dass der Holzwurmbefall schnell unter Kontrolle ist.<\/p>\n<p>Dar\u00fcber hinaus bietet es Holzwurmbek\u00e4mpfungsmittel mit Spray an <em><strong>Langzeitschutz gegen Holzw\u00fcrmer<\/strong><\/em>. Durch die regelm\u00e4\u00dfige Anwendung dieses Produktes k\u00f6nnen Sie einem erneuten Befall des Holzes durch Holzw\u00fcrmer in Zukunft vorbeugen. Dies stellt eine dauerhafte L\u00f6sung dar und sch\u00fctzt das Holz vor weiteren Sch\u00e4den.<\/p>\n<p><strong>Verwendung<br \/>\n<\/strong>Bei der Anwendung von Holzwurmbek\u00e4mpfungsmitteln als Spray ist es wichtig, die Hinweise auf der Verpackung genau zu lesen. Darin wird genau beschrieben, wie Sie das Produkt anwenden und welche Vorsichtsma\u00dfnahmen Sie beachten sollten.<br \/>\nUm gegen Holzw\u00fcrmer wirksam zu sein, ist es wichtig, die richtige Dosierung einzuhalten. Dar\u00fcber hinaus ist es wichtig, das Produkt so auf die zu behandelnde Oberfl\u00e4che aufzutragen, dass alle Holzw\u00fcrmer erreicht werden.<br \/>\nNach der Anwendung des Pestizids ist es ratsam, den Bereich gut zu l\u00fcften und etwaige R\u00fcckst\u00e4nde des Pestizids gem\u00e4\u00df den Vorschriften zu entfernen. So k\u00f6nnen Sie Holzw\u00fcrmer sicher und effizient bek\u00e4mpfen.<\/p>\n<p><strong>Sicherheitsma\u00dfnahmen bei der Verwendung von Holzwurm-Pestiziden<\/strong><\/p>\n<p>Bei der Anwendung dieses Holzwurmbek\u00e4mpfungsmittels als Spray ist es wichtig, dass Sie immer Schutzkleidung, wie Handschuhe und eine Gesichtsmaske, tragen.<br \/>\nDar\u00fcber hinaus ist es wichtig, f\u00fcr eine ausreichende Bel\u00fcftung des Raums zu sorgen, in dem Sie das Pestizid verwenden, um das Risiko des Einatmens sch\u00e4dlicher D\u00e4mpfe zu minimieren.<br \/>\nEs ist au\u00dferdem sehr wichtig, Kinder und Haustiere von der behandelten Fl\u00e4che fernzuhalten, bis das Pestizid vollst\u00e4ndig getrocknet ist.<br \/>\nDar\u00fcber hinaus ist es wichtig, dass Sie die Anweisungen auf der Verpackung des Holzwurmbek\u00e4mpfungsmittels sorgf\u00e4ltig lesen und genau befolgen.<br \/>\nSp\u00fclen Sie die Spritze nach Gebrauch gr\u00fcndlich aus und bewahren Sie sie sorgf\u00e4ltig auf, um Unf\u00e4lle zu vermeiden.<br \/>\nSchlie\u00dflich sollte das Pestizid an einem sicheren Ort au\u00dferhalb der Reichweite von Kindern und Haustieren aufbewahrt werden.<\/p>","protected":false},"excerpt":{"rendered":"<p>Borma Wachs Holz 2000 Houtworm bestrijdingsmiddel met spuit 250ml van Borma Wachs is speciaal ontwikkeld voor de bescherming van houten oppervlakken tegen houtworm en boktor. Het doodt ongewenste houtworm en boktor. Het is een mix van zuivere oplosmiddelen en het is vrijwel reukloos. Je kunt het middel aanbrengen zonder dat dit de verdere afwerkingsmogelijkheden van [&hellip;]<\/p>\n","protected":false},"featured_media":7279,"template":"","meta":{"_acf_changed":false},"product_brand":[],"product_cat":[68,64],"product_tag":[],"class_list":{"0":"post-7277","1":"product","2":"type-product","3":"status-publish","4":"has-post-thumbnail","6":"product_cat-houtworm-bestrijdingsmiddel","7":"product_cat-oppervlakte-behandeling-borma-wachs","9":"first","10":"instock","11":"taxable","12":"shipping-taxable","13":"purchasable","14":"product-type-simple"},"acf":[],"yoast_head":"<!-- This site is optimized with the Yoast SEO plugin v27.3 - https:\/\/yoast.com\/product\/yoast-seo-wordpress\/ -->\n<title>Houtworm bestrijdingsmiddel spuit Holz 2000 van Borma Wachs<\/title>\n<meta name=\"description\" content=\"Borma Wachs Holz 2000 Houtworm bestrijdingsmiddel 250ml met spuit voor de bescherming van onafgewerkte houten oppervlakken tegen houtworm en boktor.\" \/>\n<meta name=\"robots\" content=\"index, follow, max-snippet:-1, max-image-preview:large, max-video-preview:-1\" \/>\n<link rel=\"canonical\" href=\"https:\/\/partsandpieces.nl\/de\/produkt\/borma-wachs-holz-2000-holzwurm-pestizid-250-ml-mit-spruhgerat\/\" \/>\n<meta property=\"og:locale\" content=\"de_DE\" \/>\n<meta property=\"og:type\" content=\"article\" \/>\n<meta property=\"og:title\" content=\"Houtworm bestrijdingsmiddel spuit Holz 2000 van Borma Wachs\" \/>\n<meta property=\"og:description\" content=\"Borma Wachs Holz 2000 Houtworm bestrijdingsmiddel 250ml met spuit voor de bescherming van onafgewerkte houten oppervlakken tegen houtworm en boktor.\" \/>\n<meta property=\"og:url\" content=\"https:\/\/partsandpieces.nl\/de\/produkt\/borma-wachs-holz-2000-holzwurm-pestizid-250-ml-mit-spruhgerat\/\" \/>\n<meta property=\"og:site_name\" content=\"Parts &amp; Pieces\" \/>\n<meta property=\"article:modified_time\" content=\"2026-03-25T11:07:09+00:00\" \/>\n<meta property=\"og:image\" content=\"https:\/\/partsandpieces.nl\/wp-content\/uploads\/2023\/09\/Borma-Wachs-Holz-2000-Houtworm-bestrijdingsmiddel-250ml-met-spuit.jpg\" \/>\n\t<meta property=\"og:image:width\" content=\"401\" \/>\n\t<meta property=\"og:image:height\" content=\"401\" \/>\n\t<meta property=\"og:image:type\" content=\"image\/jpeg\" \/>\n<meta name=\"twitter:card\" content=\"summary_large_image\" \/>\n<meta name=\"twitter:label1\" content=\"Gesch\u00e4tzte Lesezeit\" \/>\n\t<meta name=\"twitter:data1\" content=\"4\u00a0Minuten\" \/>\n<script type=\"application\/ld+json\" class=\"yoast-schema-graph\">{\"@context\":\"https:\\\/\\\/schema.org\",\"@graph\":[{\"@type\":\"WebPage\",\"@id\":\"https:\\\/\\\/partsandpieces.nl\\\/product\\\/borma-wachs-holz-2000-houtworm-bestrijdingsmiddel-250ml-met-spuit\\\/\",\"url\":\"https:\\\/\\\/partsandpieces.nl\\\/product\\\/borma-wachs-holz-2000-houtworm-bestrijdingsmiddel-250ml-met-spuit\\\/\",\"name\":\"Houtworm bestrijdingsmiddel spuit Holz 2000 van Borma Wachs\",\"isPartOf\":{\"@id\":\"https:\\\/\\\/partsandpieces.nl\\\/#website\"},\"primaryImageOfPage\":{\"@id\":\"https:\\\/\\\/partsandpieces.nl\\\/product\\\/borma-wachs-holz-2000-houtworm-bestrijdingsmiddel-250ml-met-spuit\\\/#primaryimage\"},\"image\":{\"@id\":\"https:\\\/\\\/partsandpieces.nl\\\/product\\\/borma-wachs-holz-2000-houtworm-bestrijdingsmiddel-250ml-met-spuit\\\/#primaryimage\"},\"thumbnailUrl\":\"https:\\\/\\\/partsandpieces.nl\\\/wp-content\\\/uploads\\\/2023\\\/09\\\/Borma-Wachs-Holz-2000-Houtworm-bestrijdingsmiddel-250ml-met-spuit.jpg\",\"datePublished\":\"2023-09-28T12:01:42+00:00\",\"dateModified\":\"2026-03-25T11:07:09+00:00\",\"description\":\"Borma Wachs Holz 2000 Houtworm bestrijdingsmiddel 250ml met spuit voor de bescherming van onafgewerkte houten oppervlakken tegen houtworm en boktor.\",\"breadcrumb\":{\"@id\":\"https:\\\/\\\/partsandpieces.nl\\\/product\\\/borma-wachs-holz-2000-houtworm-bestrijdingsmiddel-250ml-met-spuit\\\/#breadcrumb\"},\"inLanguage\":\"de\",\"potentialAction\":[{\"@type\":\"ReadAction\",\"target\":[\"https:\\\/\\\/partsandpieces.nl\\\/product\\\/borma-wachs-holz-2000-houtworm-bestrijdingsmiddel-250ml-met-spuit\\\/\"]}]},{\"@type\":\"ImageObject\",\"inLanguage\":\"de\",\"@id\":\"https:\\\/\\\/partsandpieces.nl\\\/product\\\/borma-wachs-holz-2000-houtworm-bestrijdingsmiddel-250ml-met-spuit\\\/#primaryimage\",\"url\":\"https:\\\/\\\/partsandpieces.nl\\\/wp-content\\\/uploads\\\/2023\\\/09\\\/Borma-Wachs-Holz-2000-Houtworm-bestrijdingsmiddel-250ml-met-spuit.jpg\",\"contentUrl\":\"https:\\\/\\\/partsandpieces.nl\\\/wp-content\\\/uploads\\\/2023\\\/09\\\/Borma-Wachs-Holz-2000-Houtworm-bestrijdingsmiddel-250ml-met-spuit.jpg\",\"width\":401,\"height\":401},{\"@type\":\"BreadcrumbList\",\"@id\":\"https:\\\/\\\/partsandpieces.nl\\\/product\\\/borma-wachs-holz-2000-houtworm-bestrijdingsmiddel-250ml-met-spuit\\\/#breadcrumb\",\"itemListElement\":[{\"@type\":\"ListItem\",\"position\":1,\"name\":\"Home\",\"item\":\"https:\\\/\\\/partsandpieces.nl\\\/home\\\/\"},{\"@type\":\"ListItem\",\"position\":2,\"name\":\"Winkel\",\"item\":\"https:\\\/\\\/partsandpieces.nl\\\/winkel\\\/\"},{\"@type\":\"ListItem\",\"position\":3,\"name\":\"Borma Wachs Holz 2000 Houtworm bestrijdingsmiddel met spuit 250ml\"}]},{\"@type\":\"WebSite\",\"@id\":\"https:\\\/\\\/partsandpieces.nl\\\/#website\",\"url\":\"https:\\\/\\\/partsandpieces.nl\\\/\",\"name\":\"Parts &amp; Pieces\",\"description\":\"Alles voor uw meubelrestauratie en -onderhoud!\",\"potentialAction\":[{\"@type\":\"SearchAction\",\"target\":{\"@type\":\"EntryPoint\",\"urlTemplate\":\"https:\\\/\\\/partsandpieces.nl\\\/?s={search_term_string}\"},\"query-input\":{\"@type\":\"PropertyValueSpecification\",\"valueRequired\":true,\"valueName\":\"search_term_string\"}}],\"inLanguage\":\"de\"}]}<\/script>\n<!-- \/ Yoast SEO plugin. -->","yoast_head_json":{"title":"Holzwurm-Pestizidspr\u00fchger\u00e4t Holz 2000 von Borma Wachs","description":"Borma Wachs Holz 2000 Holzwurmbek\u00e4mpfungsmittel 250ml mit Spritze zum Schutz unbehandelter Holzoberfl\u00e4chen gegen Holzw\u00fcrmer und Bockk\u00e4fer.","robots":{"index":"index","follow":"follow","max-snippet":"max-snippet:-1","max-image-preview":"max-image-preview:large","max-video-preview":"max-video-preview:-1"},"canonical":"https:\/\/partsandpieces.nl\/de\/produkt\/borma-wachs-holz-2000-holzwurm-pestizid-250-ml-mit-spruhgerat\/","og_locale":"de_DE","og_type":"article","og_title":"Houtworm bestrijdingsmiddel spuit Holz 2000 van Borma Wachs","og_description":"Borma Wachs Holz 2000 Houtworm bestrijdingsmiddel 250ml met spuit voor de bescherming van onafgewerkte houten oppervlakken tegen houtworm en boktor.","og_url":"https:\/\/partsandpieces.nl\/de\/produkt\/borma-wachs-holz-2000-holzwurm-pestizid-250-ml-mit-spruhgerat\/","og_site_name":"Parts &amp; Pieces","article_modified_time":"2026-03-25T11:07:09+00:00","og_image":[{"width":401,"height":401,"url":"https:\/\/partsandpieces.nl\/wp-content\/uploads\/2023\/09\/Borma-Wachs-Holz-2000-Houtworm-bestrijdingsmiddel-250ml-met-spuit.jpg","type":"image\/jpeg"}],"twitter_card":"summary_large_image","twitter_misc":{"Gesch\u00e4tzte Lesezeit":"4\u00a0Minuten"},"schema":{"@context":"https:\/\/schema.org","@graph":[{"@type":"WebPage","@id":"https:\/\/partsandpieces.nl\/product\/borma-wachs-holz-2000-houtworm-bestrijdingsmiddel-250ml-met-spuit\/","url":"https:\/\/partsandpieces.nl\/product\/borma-wachs-holz-2000-houtworm-bestrijdingsmiddel-250ml-met-spuit\/","name":"Holzwurm-Pestizidspr\u00fchger\u00e4t Holz 2000 von Borma Wachs","isPartOf":{"@id":"https:\/\/partsandpieces.nl\/#website"},"primaryImageOfPage":{"@id":"https:\/\/partsandpieces.nl\/product\/borma-wachs-holz-2000-houtworm-bestrijdingsmiddel-250ml-met-spuit\/#primaryimage"},"image":{"@id":"https:\/\/partsandpieces.nl\/product\/borma-wachs-holz-2000-houtworm-bestrijdingsmiddel-250ml-met-spuit\/#primaryimage"},"thumbnailUrl":"https:\/\/partsandpieces.nl\/wp-content\/uploads\/2023\/09\/Borma-Wachs-Holz-2000-Houtworm-bestrijdingsmiddel-250ml-met-spuit.jpg","datePublished":"2023-09-28T12:01:42+00:00","dateModified":"2026-03-25T11:07:09+00:00","description":"Borma Wachs Holz 2000 Holzwurmbek\u00e4mpfungsmittel 250ml mit Spritze zum Schutz unbehandelter Holzoberfl\u00e4chen gegen Holzw\u00fcrmer und Bockk\u00e4fer.","breadcrumb":{"@id":"https:\/\/partsandpieces.nl\/product\/borma-wachs-holz-2000-houtworm-bestrijdingsmiddel-250ml-met-spuit\/#breadcrumb"},"inLanguage":"de","potentialAction":[{"@type":"ReadAction","target":["https:\/\/partsandpieces.nl\/product\/borma-wachs-holz-2000-houtworm-bestrijdingsmiddel-250ml-met-spuit\/"]}]},{"@type":"ImageObject","inLanguage":"de","@id":"https:\/\/partsandpieces.nl\/product\/borma-wachs-holz-2000-houtworm-bestrijdingsmiddel-250ml-met-spuit\/#primaryimage","url":"https:\/\/partsandpieces.nl\/wp-content\/uploads\/2023\/09\/Borma-Wachs-Holz-2000-Houtworm-bestrijdingsmiddel-250ml-met-spuit.jpg","contentUrl":"https:\/\/partsandpieces.nl\/wp-content\/uploads\/2023\/09\/Borma-Wachs-Holz-2000-Houtworm-bestrijdingsmiddel-250ml-met-spuit.jpg","width":401,"height":401},{"@type":"BreadcrumbList","@id":"https:\/\/partsandpieces.nl\/product\/borma-wachs-holz-2000-houtworm-bestrijdingsmiddel-250ml-met-spuit\/#breadcrumb","itemListElement":[{"@type":"ListItem","position":1,"name":"Home","item":"https:\/\/partsandpieces.nl\/home\/"},{"@type":"ListItem","position":2,"name":"Winkel","item":"https:\/\/partsandpieces.nl\/winkel\/"},{"@type":"ListItem","position":3,"name":"Borma Wachs Holz 2000 Houtworm bestrijdingsmiddel met spuit 250ml"}]},{"@type":"WebSite","@id":"https:\/\/partsandpieces.nl\/#website","url":"https:\/\/partsandpieces.nl\/","name":"Teile &amp; St\u00fccke","description":"Alles f\u00fcr Ihre M\u00f6belrestaurierung und -pflege!","potentialAction":[{"@type":"SearchAction","target":{"@type":"EntryPoint","urlTemplate":"https:\/\/partsandpieces.nl\/?s={search_term_string}"},"query-input":{"@type":"PropertyValueSpecification","valueRequired":true,"valueName":"search_term_string"}}],"inLanguage":"de"}]}},"_links":{"self":[{"href":"https:\/\/partsandpieces.nl\/de\/wp-json\/wp\/v2\/product\/7277","targetHints":{"allow":["GET"]}}],"collection":[{"href":"https:\/\/partsandpieces.nl\/de\/wp-json\/wp\/v2\/product"}],"about":[{"href":"https:\/\/partsandpieces.nl\/de\/wp-json\/wp\/v2\/types\/product"}],"wp:featuredmedia":[{"embeddable":true,"href":"https:\/\/partsandpieces.nl\/de\/wp-json\/wp\/v2\/media\/7279"}],"wp:attachment":[{"href":"https:\/\/partsandpieces.nl\/de\/wp-json\/wp\/v2\/media?parent=7277"}],"wp:term":[{"taxonomy":"product_brand","embeddable":true,"href":"https:\/\/partsandpieces.nl\/de\/wp-json\/wp\/v2\/product_brand?post=7277"},{"taxonomy":"product_cat","embeddable":true,"href":"https:\/\/partsandpieces.nl\/de\/wp-json\/wp\/v2\/product_cat?post=7277"},{"taxonomy":"product_tag","embeddable":true,"href":"https:\/\/partsandpieces.nl\/de\/wp-json\/wp\/v2\/product_tag?post=7277"}],"curies":[{"name":"wp","href":"https:\/\/api.w.org\/{rel}","templated":true}]}}