{"id":741,"date":"2020-07-22T09:24:41","date_gmt":"2020-07-22T09:24:41","guid":{"rendered":"https:\/\/partsandpieces.bonsaidev.nl\/?product=komgreep-blauw-gepatineerd-85x34-mm"},"modified":"2025-09-30T10:52:44","modified_gmt":"2025-09-30T08:52:44","slug":"antiksilberner-stosgriff-mit-blauer-einlage-84-mm","status":"publish","type":"product","link":"https:\/\/partsandpieces.nl\/de\/product\/komgreep-antiek-zilver-met-blauwe-inleg-84mm\/","title":{"rendered":"Tassenhenkel antiksilber mit blauer Einlage 84mm"},"content":{"rendered":"<p><strong>Tassenhenkel antiksilber mit blauer Einlage 84mm<\/strong> ist ein massiver Muschelgriff mit antikem Silber-\/Nickel-Finish. Der Griffmulde hat eine blaue Einlage. Der Griff ist von schwerer Qualit\u00e4t. Das Erscheinungsbild des Tassengriffs ist halbgl\u00e4nzend und glatt. Dieser Ziehgriff ist f\u00fcr schwere Schubladen geeignet.<\/p>\n<p><strong>Ma\u00dfe<br \/>\n<\/strong>Der antiksilberne Sch\u00fcsselgriff mit blauer Einlage 84 mm hat eine Gesamtbreite von 84 mm. Nach der Montage ragt dieser Griffmulde ca. 20mm hervor. Die Sch\u00fcssel ist ca. 64 mm breit und 34 mm hoch. Die Bohrl\u00f6cher haben einen Abstand von 64 mm.<\/p>\n<p><strong>Bearbeiten<br \/>\n<\/strong>Sie k\u00f6nnen den Taster mit blind montieren\u00a0<span style=\"text-decoration: underline;\"><a href=\"https:\/\/partsandpieces.nl\/de\/produkt\/schraube-edelstahl-zur-blindmontage-von-mobelbeschlagen-45x4mm-20-stuck\/\">Edelstahlschraube zur Blindbefestigung von M\u00f6belbeschl\u00e4gen (45x4mm)<\/a><\/span>. Ich schicke diese Schraube\u00a0<strong>FREI<\/strong>\u00a0mit Ihrer Bestellung.<\/p>","protected":false},"excerpt":{"rendered":"<p>Komgreep antiek Zilver met Blauwe inleg 84mm is een massieve schelpgreep met een antiek zilveren \/ nikkelen finish. De komgreep heeft een blauwe inleg. De komgreep is van zware kwaliteit. De uitstraling van de komgreep is semi glanzend en glad. Deze komgreep is geschikt voor zware lades. Afmetingen De Komgreep antiek Zilver met Blauwe inleg [&hellip;]<\/p>\n","protected":false},"featured_media":5686,"template":"","meta":{"_acf_changed":false},"product_brand":[],"product_cat":[39,23],"product_tag":[],"class_list":{"0":"post-741","1":"product","2":"type-product","3":"status-publish","4":"has-post-thumbnail","6":"product_cat-komgrepen","7":"product_cat-meubelbeslag","9":"first","10":"instock","11":"taxable","12":"shipping-taxable","13":"purchasable","14":"product-type-simple"},"acf":[],"yoast_head":"<!-- This site is optimized with the Yoast SEO plugin v27.3 - https:\/\/yoast.com\/product\/yoast-seo-wordpress\/ -->\n<title>Komgreep Zilver Blauwe 84mm<\/title>\n<meta name=\"description\" content=\"Komgreep antiek Zilver met Blauwe inleg 84mm is een massieve schelpgreep met een antiek zilveren \/ nikkelen finish. De komgreep heeft een blauwe inleg.\" \/>\n<meta name=\"robots\" content=\"index, follow, max-snippet:-1, max-image-preview:large, max-video-preview:-1\" \/>\n<link rel=\"canonical\" href=\"https:\/\/partsandpieces.nl\/de\/produkt\/antiksilberner-stosgriff-mit-blauer-einlage-84-mm\/\" \/>\n<meta property=\"og:locale\" content=\"de_DE\" \/>\n<meta property=\"og:type\" content=\"article\" \/>\n<meta property=\"og:title\" content=\"Komgreep Zilver Blauwe 84mm\" \/>\n<meta property=\"og:description\" content=\"Komgreep antiek Zilver met Blauwe inleg 84mm is een massieve schelpgreep met een antiek zilveren \/ nikkelen finish. De komgreep heeft een blauwe inleg.\" \/>\n<meta property=\"og:url\" content=\"https:\/\/partsandpieces.nl\/de\/produkt\/antiksilberner-stosgriff-mit-blauer-einlage-84-mm\/\" \/>\n<meta property=\"og:site_name\" content=\"Parts &amp; Pieces\" \/>\n<meta property=\"article:modified_time\" content=\"2025-09-30T08:52:44+00:00\" \/>\n<meta property=\"og:image\" content=\"https:\/\/partsandpieces.nl\/wp-content\/uploads\/2020\/07\/Komgreep-antiek-Zilver-met-Blauwe-inleg-84mm.jpg\" \/>\n\t<meta property=\"og:image:width\" content=\"381\" \/>\n\t<meta property=\"og:image:height\" content=\"383\" \/>\n\t<meta property=\"og:image:type\" content=\"image\/jpeg\" \/>\n<meta name=\"twitter:card\" content=\"summary_large_image\" \/>\n<meta name=\"twitter:label1\" content=\"Gesch\u00e4tzte Lesezeit\" \/>\n\t<meta name=\"twitter:data1\" content=\"1\u00a0Minute\" \/>\n<script type=\"application\/ld+json\" class=\"yoast-schema-graph\">{\"@context\":\"https:\\\/\\\/schema.org\",\"@graph\":[{\"@type\":\"WebPage\",\"@id\":\"https:\\\/\\\/partsandpieces.nl\\\/product\\\/komgreep-antiek-zilver-met-blauwe-inleg-84mm\\\/\",\"url\":\"https:\\\/\\\/partsandpieces.nl\\\/product\\\/komgreep-antiek-zilver-met-blauwe-inleg-84mm\\\/\",\"name\":\"Komgreep Zilver Blauwe 84mm\",\"isPartOf\":{\"@id\":\"https:\\\/\\\/partsandpieces.nl\\\/#website\"},\"primaryImageOfPage\":{\"@id\":\"https:\\\/\\\/partsandpieces.nl\\\/product\\\/komgreep-antiek-zilver-met-blauwe-inleg-84mm\\\/#primaryimage\"},\"image\":{\"@id\":\"https:\\\/\\\/partsandpieces.nl\\\/product\\\/komgreep-antiek-zilver-met-blauwe-inleg-84mm\\\/#primaryimage\"},\"thumbnailUrl\":\"https:\\\/\\\/partsandpieces.nl\\\/wp-content\\\/uploads\\\/2020\\\/07\\\/Komgreep-antiek-Zilver-met-Blauwe-inleg-84mm.jpg\",\"datePublished\":\"2020-07-22T09:24:41+00:00\",\"dateModified\":\"2025-09-30T08:52:44+00:00\",\"description\":\"Komgreep antiek Zilver met Blauwe inleg 84mm is een massieve schelpgreep met een antiek zilveren \\\/ nikkelen finish. De komgreep heeft een blauwe inleg.\",\"breadcrumb\":{\"@id\":\"https:\\\/\\\/partsandpieces.nl\\\/product\\\/komgreep-antiek-zilver-met-blauwe-inleg-84mm\\\/#breadcrumb\"},\"inLanguage\":\"de\",\"potentialAction\":[{\"@type\":\"ReadAction\",\"target\":[\"https:\\\/\\\/partsandpieces.nl\\\/product\\\/komgreep-antiek-zilver-met-blauwe-inleg-84mm\\\/\"]}]},{\"@type\":\"ImageObject\",\"inLanguage\":\"de\",\"@id\":\"https:\\\/\\\/partsandpieces.nl\\\/product\\\/komgreep-antiek-zilver-met-blauwe-inleg-84mm\\\/#primaryimage\",\"url\":\"https:\\\/\\\/partsandpieces.nl\\\/wp-content\\\/uploads\\\/2020\\\/07\\\/Komgreep-antiek-Zilver-met-Blauwe-inleg-84mm.jpg\",\"contentUrl\":\"https:\\\/\\\/partsandpieces.nl\\\/wp-content\\\/uploads\\\/2020\\\/07\\\/Komgreep-antiek-Zilver-met-Blauwe-inleg-84mm.jpg\",\"width\":381,\"height\":383,\"caption\":\"Komgreep antiek Zilver met Blauwe inleg 84mm\"},{\"@type\":\"BreadcrumbList\",\"@id\":\"https:\\\/\\\/partsandpieces.nl\\\/product\\\/komgreep-antiek-zilver-met-blauwe-inleg-84mm\\\/#breadcrumb\",\"itemListElement\":[{\"@type\":\"ListItem\",\"position\":1,\"name\":\"Home\",\"item\":\"https:\\\/\\\/partsandpieces.nl\\\/home\\\/\"},{\"@type\":\"ListItem\",\"position\":2,\"name\":\"Winkel\",\"item\":\"https:\\\/\\\/partsandpieces.nl\\\/winkel\\\/\"},{\"@type\":\"ListItem\",\"position\":3,\"name\":\"Komgreep antiek Zilver met Blauwe inleg 84mm\"}]},{\"@type\":\"WebSite\",\"@id\":\"https:\\\/\\\/partsandpieces.nl\\\/#website\",\"url\":\"https:\\\/\\\/partsandpieces.nl\\\/\",\"name\":\"Parts &amp; Pieces\",\"description\":\"Alles voor uw meubelrestauratie en -onderhoud!\",\"potentialAction\":[{\"@type\":\"SearchAction\",\"target\":{\"@type\":\"EntryPoint\",\"urlTemplate\":\"https:\\\/\\\/partsandpieces.nl\\\/?s={search_term_string}\"},\"query-input\":{\"@type\":\"PropertyValueSpecification\",\"valueRequired\":true,\"valueName\":\"search_term_string\"}}],\"inLanguage\":\"de\"}]}<\/script>\n<!-- \/ Yoast SEO plugin. -->","yoast_head_json":{"title":"Tassengriff Silberblau 84mm","description":"Der Tassengriff in Antiksilber mit blauer Einlage (84 mm) ist ein massiver Muschelgriff mit einem Antiksilber-\/Nickel-Finish. Der Griffmulde hat eine blaue Einlage.","robots":{"index":"index","follow":"follow","max-snippet":"max-snippet:-1","max-image-preview":"max-image-preview:large","max-video-preview":"max-video-preview:-1"},"canonical":"https:\/\/partsandpieces.nl\/de\/produkt\/antiksilberner-stosgriff-mit-blauer-einlage-84-mm\/","og_locale":"de_DE","og_type":"article","og_title":"Komgreep Zilver Blauwe 84mm","og_description":"Komgreep antiek Zilver met Blauwe inleg 84mm is een massieve schelpgreep met een antiek zilveren \/ nikkelen finish. De komgreep heeft een blauwe inleg.","og_url":"https:\/\/partsandpieces.nl\/de\/produkt\/antiksilberner-stosgriff-mit-blauer-einlage-84-mm\/","og_site_name":"Parts &amp; Pieces","article_modified_time":"2025-09-30T08:52:44+00:00","og_image":[{"width":381,"height":383,"url":"https:\/\/partsandpieces.nl\/wp-content\/uploads\/2020\/07\/Komgreep-antiek-Zilver-met-Blauwe-inleg-84mm.jpg","type":"image\/jpeg"}],"twitter_card":"summary_large_image","twitter_misc":{"Gesch\u00e4tzte Lesezeit":"1\u00a0Minute"},"schema":{"@context":"https:\/\/schema.org","@graph":[{"@type":"WebPage","@id":"https:\/\/partsandpieces.nl\/product\/komgreep-antiek-zilver-met-blauwe-inleg-84mm\/","url":"https:\/\/partsandpieces.nl\/product\/komgreep-antiek-zilver-met-blauwe-inleg-84mm\/","name":"Tassengriff Silberblau 84mm","isPartOf":{"@id":"https:\/\/partsandpieces.nl\/#website"},"primaryImageOfPage":{"@id":"https:\/\/partsandpieces.nl\/product\/komgreep-antiek-zilver-met-blauwe-inleg-84mm\/#primaryimage"},"image":{"@id":"https:\/\/partsandpieces.nl\/product\/komgreep-antiek-zilver-met-blauwe-inleg-84mm\/#primaryimage"},"thumbnailUrl":"https:\/\/partsandpieces.nl\/wp-content\/uploads\/2020\/07\/Komgreep-antiek-Zilver-met-Blauwe-inleg-84mm.jpg","datePublished":"2020-07-22T09:24:41+00:00","dateModified":"2025-09-30T08:52:44+00:00","description":"Der Tassengriff in Antiksilber mit blauer Einlage (84 mm) ist ein massiver Muschelgriff mit einem Antiksilber-\/Nickel-Finish. Der Griffmulde hat eine blaue Einlage.","breadcrumb":{"@id":"https:\/\/partsandpieces.nl\/product\/komgreep-antiek-zilver-met-blauwe-inleg-84mm\/#breadcrumb"},"inLanguage":"de","potentialAction":[{"@type":"ReadAction","target":["https:\/\/partsandpieces.nl\/product\/komgreep-antiek-zilver-met-blauwe-inleg-84mm\/"]}]},{"@type":"ImageObject","inLanguage":"de","@id":"https:\/\/partsandpieces.nl\/product\/komgreep-antiek-zilver-met-blauwe-inleg-84mm\/#primaryimage","url":"https:\/\/partsandpieces.nl\/wp-content\/uploads\/2020\/07\/Komgreep-antiek-Zilver-met-Blauwe-inleg-84mm.jpg","contentUrl":"https:\/\/partsandpieces.nl\/wp-content\/uploads\/2020\/07\/Komgreep-antiek-Zilver-met-Blauwe-inleg-84mm.jpg","width":381,"height":383,"caption":"Komgreep antiek Zilver met Blauwe inleg 84mm"},{"@type":"BreadcrumbList","@id":"https:\/\/partsandpieces.nl\/product\/komgreep-antiek-zilver-met-blauwe-inleg-84mm\/#breadcrumb","itemListElement":[{"@type":"ListItem","position":1,"name":"Home","item":"https:\/\/partsandpieces.nl\/home\/"},{"@type":"ListItem","position":2,"name":"Winkel","item":"https:\/\/partsandpieces.nl\/winkel\/"},{"@type":"ListItem","position":3,"name":"Komgreep antiek Zilver met Blauwe inleg 84mm"}]},{"@type":"WebSite","@id":"https:\/\/partsandpieces.nl\/#website","url":"https:\/\/partsandpieces.nl\/","name":"Teile &amp; St\u00fccke","description":"Alles f\u00fcr Ihre M\u00f6belrestaurierung und -pflege!","potentialAction":[{"@type":"SearchAction","target":{"@type":"EntryPoint","urlTemplate":"https:\/\/partsandpieces.nl\/?s={search_term_string}"},"query-input":{"@type":"PropertyValueSpecification","valueRequired":true,"valueName":"search_term_string"}}],"inLanguage":"de"}]}},"_links":{"self":[{"href":"https:\/\/partsandpieces.nl\/de\/wp-json\/wp\/v2\/product\/741","targetHints":{"allow":["GET"]}}],"collection":[{"href":"https:\/\/partsandpieces.nl\/de\/wp-json\/wp\/v2\/product"}],"about":[{"href":"https:\/\/partsandpieces.nl\/de\/wp-json\/wp\/v2\/types\/product"}],"wp:featuredmedia":[{"embeddable":true,"href":"https:\/\/partsandpieces.nl\/de\/wp-json\/wp\/v2\/media\/5686"}],"wp:attachment":[{"href":"https:\/\/partsandpieces.nl\/de\/wp-json\/wp\/v2\/media?parent=741"}],"wp:term":[{"taxonomy":"product_brand","embeddable":true,"href":"https:\/\/partsandpieces.nl\/de\/wp-json\/wp\/v2\/product_brand?post=741"},{"taxonomy":"product_cat","embeddable":true,"href":"https:\/\/partsandpieces.nl\/de\/wp-json\/wp\/v2\/product_cat?post=741"},{"taxonomy":"product_tag","embeddable":true,"href":"https:\/\/partsandpieces.nl\/de\/wp-json\/wp\/v2\/product_tag?post=741"}],"curies":[{"name":"wp","href":"https:\/\/api.w.org\/{rel}","templated":true}]}}