{"id":743,"date":"2020-07-22T09:29:51","date_gmt":"2020-07-22T09:29:51","guid":{"rendered":"https:\/\/partsandpieces.bonsaidev.nl\/?product=komgreep-bew-massief-90x40-mm"},"modified":"2026-02-16T12:53:31","modified_gmt":"2026-02-16T11:53:31","slug":"stosgriff-aus-massivem-messing-antik-orient-90mm","status":"publish","type":"product","link":"https:\/\/partsandpieces.nl\/de\/product\/komgreep-massief-messing-antiek-orient-90mm\/","title":{"rendered":"Tassengriff Massivmessing Antik &#039;Orient&#039; 90mm"},"content":{"rendered":"<p><strong>Tassengriff Massivmessing Antik &#039;Orient&#039; 90mm<\/strong> ist ein massiver Muschelgriff mit messing-\/bronzefarbener Oberfl\u00e4che. Der Griff ist von schwerer Qualit\u00e4t. Der Griff ist wundersch\u00f6n verziert. Dieser Ziehgriff ist f\u00fcr schwere Schubladen geeignet.<\/p>\n<p><strong>Ma\u00dfe<br \/>\n<\/strong>Der Tassengriff aus massivem Messing in Antikoptik \u201eOrient\u201c 90 mm hat eine Gesamtbreite von 90 mm und eine H\u00f6he von 42 mm. Nach der Montage ragt dieser Griffmulde ca. 16mm hervor. Die Sch\u00fcssel ist ca. 65 mm breit und 22 mm hoch.<\/p>\n<p><strong>Bearbeiten<br \/>\n<\/strong>Sie k\u00f6nnen den Griff mit montieren\u00a0<span style=\"text-decoration: underline;\"><a href=\"https:\/\/partsandpieces.nl\/de\/produkt\/schrauben-flachkopf-antik-bronze-mit-schlitz-3x12mm\/\">Schraube Rundkopf Antik Bronze mit Schlitz (3x12mm)<\/a><\/span>. Ich schicke diese Schrauben\u00a0<strong>FREI<\/strong>\u00a0mit Ihrer Bestellung.<\/p>","protected":false},"excerpt":{"rendered":"<p>Komgreep Massief Messing Antiek &#8216;Orient&#8217; 90mm is een massieve schelpgreep met een messing \/ bronskleurige finish. De komgreep is van zware kwaliteit. De greep is mooi versierd. Deze komgreep is geschikt voor zware lades. Afmetingen Komgreep Massief Messing Antiek &#8216;Orient&#8217; 90mm heeft een totale breedte van 90mm en een hoogte van 42mm. Na montage steekt [&hellip;]<\/p>\n","protected":false},"featured_media":7893,"template":"","meta":{"_acf_changed":false},"product_brand":[],"product_cat":[39,23],"product_tag":[],"class_list":{"0":"post-743","1":"product","2":"type-product","3":"status-publish","4":"has-post-thumbnail","6":"product_cat-komgrepen","7":"product_cat-meubelbeslag","9":"first","10":"instock","11":"taxable","12":"shipping-taxable","13":"purchasable","14":"product-type-simple"},"acf":[],"yoast_head":"<!-- This site is optimized with the Yoast SEO plugin v27.3 - https:\/\/yoast.com\/product\/yoast-seo-wordpress\/ -->\n<title>Komgreep Massief Messing 90mm Antiek &#039;Orient&#039;<\/title>\n<meta name=\"description\" content=\"Komgreep Massief Messing Antiek &#039;Orient&#039; 90mm is een massieve schelpgreep met een messing \/ bronskleurige finish. De komgreep is geschikt voor zware lades.\" \/>\n<meta name=\"robots\" content=\"index, follow, max-snippet:-1, max-image-preview:large, max-video-preview:-1\" \/>\n<link rel=\"canonical\" href=\"https:\/\/partsandpieces.nl\/de\/produkt\/stosgriff-aus-massivem-messing-antik-orient-90mm\/\" \/>\n<meta property=\"og:locale\" content=\"de_DE\" \/>\n<meta property=\"og:type\" content=\"article\" \/>\n<meta property=\"og:title\" content=\"Komgreep Massief Messing 90mm Antiek &#039;Orient&#039;\" \/>\n<meta property=\"og:description\" content=\"Komgreep Massief Messing Antiek &#039;Orient&#039; 90mm is een massieve schelpgreep met een messing \/ bronskleurige finish. De komgreep is geschikt voor zware lades.\" \/>\n<meta property=\"og:url\" content=\"https:\/\/partsandpieces.nl\/de\/produkt\/stosgriff-aus-massivem-messing-antik-orient-90mm\/\" \/>\n<meta property=\"og:site_name\" content=\"Parts &amp; Pieces\" \/>\n<meta property=\"article:modified_time\" content=\"2026-02-16T11:53:31+00:00\" \/>\n<meta property=\"og:image\" content=\"https:\/\/partsandpieces.nl\/wp-content\/uploads\/2020\/07\/Komgreep-Massief-Messing-Antiek-Orient-90mm.jpg\" \/>\n\t<meta property=\"og:image:width\" content=\"391\" \/>\n\t<meta property=\"og:image:height\" content=\"391\" \/>\n\t<meta property=\"og:image:type\" content=\"image\/jpeg\" \/>\n<meta name=\"twitter:card\" content=\"summary_large_image\" \/>\n<meta name=\"twitter:label1\" content=\"Gesch\u00e4tzte Lesezeit\" \/>\n\t<meta name=\"twitter:data1\" content=\"1\u00a0Minute\" \/>\n<script type=\"application\/ld+json\" class=\"yoast-schema-graph\">{\"@context\":\"https:\\\/\\\/schema.org\",\"@graph\":[{\"@type\":\"WebPage\",\"@id\":\"https:\\\/\\\/partsandpieces.nl\\\/product\\\/komgreep-massief-messing-antiek-orient-90mm\\\/\",\"url\":\"https:\\\/\\\/partsandpieces.nl\\\/product\\\/komgreep-massief-messing-antiek-orient-90mm\\\/\",\"name\":\"Komgreep Massief Messing 90mm Antiek 'Orient'\",\"isPartOf\":{\"@id\":\"https:\\\/\\\/partsandpieces.nl\\\/#website\"},\"primaryImageOfPage\":{\"@id\":\"https:\\\/\\\/partsandpieces.nl\\\/product\\\/komgreep-massief-messing-antiek-orient-90mm\\\/#primaryimage\"},\"image\":{\"@id\":\"https:\\\/\\\/partsandpieces.nl\\\/product\\\/komgreep-massief-messing-antiek-orient-90mm\\\/#primaryimage\"},\"thumbnailUrl\":\"https:\\\/\\\/partsandpieces.nl\\\/wp-content\\\/uploads\\\/2020\\\/07\\\/Komgreep-Massief-Messing-Antiek-Orient-90mm.jpg\",\"datePublished\":\"2020-07-22T09:29:51+00:00\",\"dateModified\":\"2026-02-16T11:53:31+00:00\",\"description\":\"Komgreep Massief Messing Antiek 'Orient' 90mm is een massieve schelpgreep met een messing \\\/ bronskleurige finish. De komgreep is geschikt voor zware lades.\",\"breadcrumb\":{\"@id\":\"https:\\\/\\\/partsandpieces.nl\\\/product\\\/komgreep-massief-messing-antiek-orient-90mm\\\/#breadcrumb\"},\"inLanguage\":\"de\",\"potentialAction\":[{\"@type\":\"ReadAction\",\"target\":[\"https:\\\/\\\/partsandpieces.nl\\\/product\\\/komgreep-massief-messing-antiek-orient-90mm\\\/\"]}]},{\"@type\":\"ImageObject\",\"inLanguage\":\"de\",\"@id\":\"https:\\\/\\\/partsandpieces.nl\\\/product\\\/komgreep-massief-messing-antiek-orient-90mm\\\/#primaryimage\",\"url\":\"https:\\\/\\\/partsandpieces.nl\\\/wp-content\\\/uploads\\\/2020\\\/07\\\/Komgreep-Massief-Messing-Antiek-Orient-90mm.jpg\",\"contentUrl\":\"https:\\\/\\\/partsandpieces.nl\\\/wp-content\\\/uploads\\\/2020\\\/07\\\/Komgreep-Massief-Messing-Antiek-Orient-90mm.jpg\",\"width\":391,\"height\":391,\"caption\":\"Komgreep Massief Messing Antiek 'Orient' 90mm\"},{\"@type\":\"BreadcrumbList\",\"@id\":\"https:\\\/\\\/partsandpieces.nl\\\/product\\\/komgreep-massief-messing-antiek-orient-90mm\\\/#breadcrumb\",\"itemListElement\":[{\"@type\":\"ListItem\",\"position\":1,\"name\":\"Home\",\"item\":\"https:\\\/\\\/partsandpieces.nl\\\/home\\\/\"},{\"@type\":\"ListItem\",\"position\":2,\"name\":\"Winkel\",\"item\":\"https:\\\/\\\/partsandpieces.nl\\\/winkel\\\/\"},{\"@type\":\"ListItem\",\"position\":3,\"name\":\"Komgreep Massief Messing Antiek &#8216;Orient&#8217; 90mm\"}]},{\"@type\":\"WebSite\",\"@id\":\"https:\\\/\\\/partsandpieces.nl\\\/#website\",\"url\":\"https:\\\/\\\/partsandpieces.nl\\\/\",\"name\":\"Parts &amp; Pieces\",\"description\":\"Alles voor uw meubelrestauratie en -onderhoud!\",\"potentialAction\":[{\"@type\":\"SearchAction\",\"target\":{\"@type\":\"EntryPoint\",\"urlTemplate\":\"https:\\\/\\\/partsandpieces.nl\\\/?s={search_term_string}\"},\"query-input\":{\"@type\":\"PropertyValueSpecification\",\"valueRequired\":true,\"valueName\":\"search_term_string\"}}],\"inLanguage\":\"de\"}]}<\/script>\n<!-- \/ Yoast SEO plugin. -->","yoast_head_json":{"title":"Tassengriff Massivmessing 90mm Antik &#039;Orient&#039;","description":"Tassengriff aus massivem Messing Antik \u201eOrient\u201c 90 mm ist ein massiver Muschelgriff mit messing-\/bronzefarbener Oberfl\u00e4che. Der eingelassene Griff ist f\u00fcr schwere Schubladen geeignet.","robots":{"index":"index","follow":"follow","max-snippet":"max-snippet:-1","max-image-preview":"max-image-preview:large","max-video-preview":"max-video-preview:-1"},"canonical":"https:\/\/partsandpieces.nl\/de\/produkt\/stosgriff-aus-massivem-messing-antik-orient-90mm\/","og_locale":"de_DE","og_type":"article","og_title":"Komgreep Massief Messing 90mm Antiek 'Orient'","og_description":"Komgreep Massief Messing Antiek 'Orient' 90mm is een massieve schelpgreep met een messing \/ bronskleurige finish. De komgreep is geschikt voor zware lades.","og_url":"https:\/\/partsandpieces.nl\/de\/produkt\/stosgriff-aus-massivem-messing-antik-orient-90mm\/","og_site_name":"Parts &amp; Pieces","article_modified_time":"2026-02-16T11:53:31+00:00","og_image":[{"width":391,"height":391,"url":"https:\/\/partsandpieces.nl\/wp-content\/uploads\/2020\/07\/Komgreep-Massief-Messing-Antiek-Orient-90mm.jpg","type":"image\/jpeg"}],"twitter_card":"summary_large_image","twitter_misc":{"Gesch\u00e4tzte Lesezeit":"1\u00a0Minute"},"schema":{"@context":"https:\/\/schema.org","@graph":[{"@type":"WebPage","@id":"https:\/\/partsandpieces.nl\/product\/komgreep-massief-messing-antiek-orient-90mm\/","url":"https:\/\/partsandpieces.nl\/product\/komgreep-massief-messing-antiek-orient-90mm\/","name":"Tassengriff Massivmessing 90mm Antik &#039;Orient&#039;","isPartOf":{"@id":"https:\/\/partsandpieces.nl\/#website"},"primaryImageOfPage":{"@id":"https:\/\/partsandpieces.nl\/product\/komgreep-massief-messing-antiek-orient-90mm\/#primaryimage"},"image":{"@id":"https:\/\/partsandpieces.nl\/product\/komgreep-massief-messing-antiek-orient-90mm\/#primaryimage"},"thumbnailUrl":"https:\/\/partsandpieces.nl\/wp-content\/uploads\/2020\/07\/Komgreep-Massief-Messing-Antiek-Orient-90mm.jpg","datePublished":"2020-07-22T09:29:51+00:00","dateModified":"2026-02-16T11:53:31+00:00","description":"Tassengriff aus massivem Messing Antik \u201eOrient\u201c 90 mm ist ein massiver Muschelgriff mit messing-\/bronzefarbener Oberfl\u00e4che. Der eingelassene Griff ist f\u00fcr schwere Schubladen geeignet.","breadcrumb":{"@id":"https:\/\/partsandpieces.nl\/product\/komgreep-massief-messing-antiek-orient-90mm\/#breadcrumb"},"inLanguage":"de","potentialAction":[{"@type":"ReadAction","target":["https:\/\/partsandpieces.nl\/product\/komgreep-massief-messing-antiek-orient-90mm\/"]}]},{"@type":"ImageObject","inLanguage":"de","@id":"https:\/\/partsandpieces.nl\/product\/komgreep-massief-messing-antiek-orient-90mm\/#primaryimage","url":"https:\/\/partsandpieces.nl\/wp-content\/uploads\/2020\/07\/Komgreep-Massief-Messing-Antiek-Orient-90mm.jpg","contentUrl":"https:\/\/partsandpieces.nl\/wp-content\/uploads\/2020\/07\/Komgreep-Massief-Messing-Antiek-Orient-90mm.jpg","width":391,"height":391,"caption":"Komgreep Massief Messing Antiek 'Orient' 90mm"},{"@type":"BreadcrumbList","@id":"https:\/\/partsandpieces.nl\/product\/komgreep-massief-messing-antiek-orient-90mm\/#breadcrumb","itemListElement":[{"@type":"ListItem","position":1,"name":"Home","item":"https:\/\/partsandpieces.nl\/home\/"},{"@type":"ListItem","position":2,"name":"Winkel","item":"https:\/\/partsandpieces.nl\/winkel\/"},{"@type":"ListItem","position":3,"name":"Komgreep Massief Messing Antiek &#8216;Orient&#8217; 90mm"}]},{"@type":"WebSite","@id":"https:\/\/partsandpieces.nl\/#website","url":"https:\/\/partsandpieces.nl\/","name":"Teile &amp; St\u00fccke","description":"Alles f\u00fcr Ihre M\u00f6belrestaurierung und -pflege!","potentialAction":[{"@type":"SearchAction","target":{"@type":"EntryPoint","urlTemplate":"https:\/\/partsandpieces.nl\/?s={search_term_string}"},"query-input":{"@type":"PropertyValueSpecification","valueRequired":true,"valueName":"search_term_string"}}],"inLanguage":"de"}]}},"_links":{"self":[{"href":"https:\/\/partsandpieces.nl\/de\/wp-json\/wp\/v2\/product\/743","targetHints":{"allow":["GET"]}}],"collection":[{"href":"https:\/\/partsandpieces.nl\/de\/wp-json\/wp\/v2\/product"}],"about":[{"href":"https:\/\/partsandpieces.nl\/de\/wp-json\/wp\/v2\/types\/product"}],"wp:featuredmedia":[{"embeddable":true,"href":"https:\/\/partsandpieces.nl\/de\/wp-json\/wp\/v2\/media\/7893"}],"wp:attachment":[{"href":"https:\/\/partsandpieces.nl\/de\/wp-json\/wp\/v2\/media?parent=743"}],"wp:term":[{"taxonomy":"product_brand","embeddable":true,"href":"https:\/\/partsandpieces.nl\/de\/wp-json\/wp\/v2\/product_brand?post=743"},{"taxonomy":"product_cat","embeddable":true,"href":"https:\/\/partsandpieces.nl\/de\/wp-json\/wp\/v2\/product_cat?post=743"},{"taxonomy":"product_tag","embeddable":true,"href":"https:\/\/partsandpieces.nl\/de\/wp-json\/wp\/v2\/product_tag?post=743"}],"curies":[{"name":"wp","href":"https:\/\/api.w.org\/{rel}","templated":true}]}}