{"id":7486,"date":"2023-10-12T10:45:22","date_gmt":"2023-10-12T08:45:22","guid":{"rendered":"https:\/\/partsandpieces.nl\/?post_type=product&#038;p=7486"},"modified":"2025-11-06T10:28:21","modified_gmt":"2025-11-06T09:28:21","slug":"messing-turschlosshalter-mit-knopf-gros-130-mm","status":"publish","type":"product","link":"https:\/\/partsandpieces.nl\/de\/product\/kierstandhouder-messing-met-knop-groot-130mm\/","title":{"rendered":"Fensterhalter aus Messing mit Knopf, gro\u00df, 130 mm"},"content":{"rendered":"<p><strong>Fensterhalter aus Messing mit Knopf, gro\u00df, 130 mm<\/strong> ist ein Set bestehend aus einem Haken und einem Knopf, mit dem Sie Ihre T\u00fcr offen lassen k\u00f6nnen. Passend f\u00fcr nach innen \u00f6ffnende, b\u00fcndige T\u00fcren. Der Spalthalter ist aus Metall gefertigt und mit einem gl\u00e4nzenden Messingfinish versehen.<\/p>\n<p><strong>Ma\u00dfe<br \/>\n<\/strong>Der T\u00fcrst\u00e4nderhalter aus massivem Messing mit Knopf Large 130 mm hat eine L\u00e4nge von 130 mm. Die Montageplatte des Hakens ist 25 mm breit und 62 mm hoch. Die Bohrl\u00f6cher haben einen Abstand von 50 mm. Der Knopf ist insgesamt 63 mm breit. Diese Montageplatte ist 28 mm breit und 43 mm hoch.<\/p>\n<p><strong>Bearbeiten<br \/>\n<\/strong>Ich liefere diesen L\u00fcckenhalter <strong>exklusiv<\/strong>\u00a0Montagematerial.<\/p>","protected":false},"excerpt":{"rendered":"<p>Kierstandhouder Messing met knop Groot 130mm is een set van een haak en een knop waarmee je je deur op een kier kunt zetten. Past op naar binnen draaiende, stompe deuren. De kierstandhouder is gemaakt van metaal en afgewerkt met een glanzende messing finish. Afmetingen Kierstandhouder Massief Messing met knop Groot 130mm heeft een lengte [&hellip;]<\/p>\n","protected":false},"featured_media":7488,"template":"","meta":{"_acf_changed":false},"product_brand":[],"product_cat":[58,59],"product_tag":[],"class_list":{"0":"post-7486","1":"product","2":"type-product","3":"status-publish","4":"has-post-thumbnail","6":"product_cat-deurbeslag","7":"product_cat-klapdeur-grepen","9":"first","10":"instock","11":"taxable","12":"shipping-taxable","13":"purchasable","14":"product-type-simple"},"acf":[],"yoast_head":"<!-- This site is optimized with the Yoast SEO plugin v27.3 - https:\/\/yoast.com\/product\/yoast-seo-wordpress\/ -->\n<title>Kierstandhouder Messing Groot 130mm<\/title>\n<meta name=\"description\" content=\"Kierstandhouder Messing met knop Groot 130mm is een haak en een knop waarmee je je deur op een kier zet. Past op naar binnen draaiende, stompe deuren.\" \/>\n<meta name=\"robots\" content=\"index, follow, max-snippet:-1, max-image-preview:large, max-video-preview:-1\" \/>\n<link rel=\"canonical\" href=\"https:\/\/partsandpieces.nl\/de\/produkt\/messing-turschlosshalter-mit-knopf-gros-130-mm\/\" \/>\n<meta property=\"og:locale\" content=\"de_DE\" \/>\n<meta property=\"og:type\" content=\"article\" \/>\n<meta property=\"og:title\" content=\"Kierstandhouder Messing Groot 130mm\" \/>\n<meta property=\"og:description\" content=\"Kierstandhouder Messing met knop Groot 130mm is een haak en een knop waarmee je je deur op een kier zet. Past op naar binnen draaiende, stompe deuren.\" \/>\n<meta property=\"og:url\" content=\"https:\/\/partsandpieces.nl\/de\/produkt\/messing-turschlosshalter-mit-knopf-gros-130-mm\/\" \/>\n<meta property=\"og:site_name\" content=\"Parts &amp; Pieces\" \/>\n<meta property=\"article:modified_time\" content=\"2025-11-06T09:28:21+00:00\" \/>\n<meta property=\"og:image\" content=\"https:\/\/partsandpieces.nl\/wp-content\/uploads\/2023\/10\/Kierstandhouder-Messing-met-knop-Groot-130mm.jpg\" \/>\n\t<meta property=\"og:image:width\" content=\"459\" \/>\n\t<meta property=\"og:image:height\" content=\"458\" \/>\n\t<meta property=\"og:image:type\" content=\"image\/jpeg\" \/>\n<meta name=\"twitter:card\" content=\"summary_large_image\" \/>\n<meta name=\"twitter:label1\" content=\"Gesch\u00e4tzte Lesezeit\" \/>\n\t<meta name=\"twitter:data1\" content=\"1\u00a0Minute\" \/>\n<script type=\"application\/ld+json\" class=\"yoast-schema-graph\">{\"@context\":\"https:\\\/\\\/schema.org\",\"@graph\":[{\"@type\":\"WebPage\",\"@id\":\"https:\\\/\\\/partsandpieces.nl\\\/product\\\/kierstandhouder-messing-met-knop-groot-130mm\\\/\",\"url\":\"https:\\\/\\\/partsandpieces.nl\\\/product\\\/kierstandhouder-messing-met-knop-groot-130mm\\\/\",\"name\":\"Kierstandhouder Messing Groot 130mm\",\"isPartOf\":{\"@id\":\"https:\\\/\\\/partsandpieces.nl\\\/#website\"},\"primaryImageOfPage\":{\"@id\":\"https:\\\/\\\/partsandpieces.nl\\\/product\\\/kierstandhouder-messing-met-knop-groot-130mm\\\/#primaryimage\"},\"image\":{\"@id\":\"https:\\\/\\\/partsandpieces.nl\\\/product\\\/kierstandhouder-messing-met-knop-groot-130mm\\\/#primaryimage\"},\"thumbnailUrl\":\"https:\\\/\\\/partsandpieces.nl\\\/wp-content\\\/uploads\\\/2023\\\/10\\\/Kierstandhouder-Messing-met-knop-Groot-130mm.jpg\",\"datePublished\":\"2023-10-12T08:45:22+00:00\",\"dateModified\":\"2025-11-06T09:28:21+00:00\",\"description\":\"Kierstandhouder Messing met knop Groot 130mm is een haak en een knop waarmee je je deur op een kier zet. Past op naar binnen draaiende, stompe deuren.\",\"breadcrumb\":{\"@id\":\"https:\\\/\\\/partsandpieces.nl\\\/product\\\/kierstandhouder-messing-met-knop-groot-130mm\\\/#breadcrumb\"},\"inLanguage\":\"de\",\"potentialAction\":[{\"@type\":\"ReadAction\",\"target\":[\"https:\\\/\\\/partsandpieces.nl\\\/product\\\/kierstandhouder-messing-met-knop-groot-130mm\\\/\"]}]},{\"@type\":\"ImageObject\",\"inLanguage\":\"de\",\"@id\":\"https:\\\/\\\/partsandpieces.nl\\\/product\\\/kierstandhouder-messing-met-knop-groot-130mm\\\/#primaryimage\",\"url\":\"https:\\\/\\\/partsandpieces.nl\\\/wp-content\\\/uploads\\\/2023\\\/10\\\/Kierstandhouder-Messing-met-knop-Groot-130mm.jpg\",\"contentUrl\":\"https:\\\/\\\/partsandpieces.nl\\\/wp-content\\\/uploads\\\/2023\\\/10\\\/Kierstandhouder-Messing-met-knop-Groot-130mm.jpg\",\"width\":459,\"height\":458,\"caption\":\"Kierstandhouder Messing met knop Groot 130mm\"},{\"@type\":\"BreadcrumbList\",\"@id\":\"https:\\\/\\\/partsandpieces.nl\\\/product\\\/kierstandhouder-messing-met-knop-groot-130mm\\\/#breadcrumb\",\"itemListElement\":[{\"@type\":\"ListItem\",\"position\":1,\"name\":\"Home\",\"item\":\"https:\\\/\\\/partsandpieces.nl\\\/home\\\/\"},{\"@type\":\"ListItem\",\"position\":2,\"name\":\"Winkel\",\"item\":\"https:\\\/\\\/partsandpieces.nl\\\/winkel\\\/\"},{\"@type\":\"ListItem\",\"position\":3,\"name\":\"Kierstandhouder Messing met knop Groot 130mm\"}]},{\"@type\":\"WebSite\",\"@id\":\"https:\\\/\\\/partsandpieces.nl\\\/#website\",\"url\":\"https:\\\/\\\/partsandpieces.nl\\\/\",\"name\":\"Parts &amp; Pieces\",\"description\":\"Alles voor uw meubelrestauratie en -onderhoud!\",\"potentialAction\":[{\"@type\":\"SearchAction\",\"target\":{\"@type\":\"EntryPoint\",\"urlTemplate\":\"https:\\\/\\\/partsandpieces.nl\\\/?s={search_term_string}\"},\"query-input\":{\"@type\":\"PropertyValueSpecification\",\"valueRequired\":true,\"valueName\":\"search_term_string\"}}],\"inLanguage\":\"de\"}]}<\/script>\n<!-- \/ Yoast SEO plugin. -->","yoast_head_json":{"title":"Fensterhalter Messing gro\u00df 130 mm","description":"Messing-T\u00fcrhalter mit Knauf, gro\u00df, 130 mm, ist ein Haken und ein Knauf, mit denen Sie Ihre T\u00fcr offen lassen k\u00f6nnen. Passend f\u00fcr nach innen \u00f6ffnende, b\u00fcndige T\u00fcren.","robots":{"index":"index","follow":"follow","max-snippet":"max-snippet:-1","max-image-preview":"max-image-preview:large","max-video-preview":"max-video-preview:-1"},"canonical":"https:\/\/partsandpieces.nl\/de\/produkt\/messing-turschlosshalter-mit-knopf-gros-130-mm\/","og_locale":"de_DE","og_type":"article","og_title":"Kierstandhouder Messing Groot 130mm","og_description":"Kierstandhouder Messing met knop Groot 130mm is een haak en een knop waarmee je je deur op een kier zet. Past op naar binnen draaiende, stompe deuren.","og_url":"https:\/\/partsandpieces.nl\/de\/produkt\/messing-turschlosshalter-mit-knopf-gros-130-mm\/","og_site_name":"Parts &amp; Pieces","article_modified_time":"2025-11-06T09:28:21+00:00","og_image":[{"width":459,"height":458,"url":"https:\/\/partsandpieces.nl\/wp-content\/uploads\/2023\/10\/Kierstandhouder-Messing-met-knop-Groot-130mm.jpg","type":"image\/jpeg"}],"twitter_card":"summary_large_image","twitter_misc":{"Gesch\u00e4tzte Lesezeit":"1\u00a0Minute"},"schema":{"@context":"https:\/\/schema.org","@graph":[{"@type":"WebPage","@id":"https:\/\/partsandpieces.nl\/product\/kierstandhouder-messing-met-knop-groot-130mm\/","url":"https:\/\/partsandpieces.nl\/product\/kierstandhouder-messing-met-knop-groot-130mm\/","name":"Fensterhalter Messing gro\u00df 130 mm","isPartOf":{"@id":"https:\/\/partsandpieces.nl\/#website"},"primaryImageOfPage":{"@id":"https:\/\/partsandpieces.nl\/product\/kierstandhouder-messing-met-knop-groot-130mm\/#primaryimage"},"image":{"@id":"https:\/\/partsandpieces.nl\/product\/kierstandhouder-messing-met-knop-groot-130mm\/#primaryimage"},"thumbnailUrl":"https:\/\/partsandpieces.nl\/wp-content\/uploads\/2023\/10\/Kierstandhouder-Messing-met-knop-Groot-130mm.jpg","datePublished":"2023-10-12T08:45:22+00:00","dateModified":"2025-11-06T09:28:21+00:00","description":"Messing-T\u00fcrhalter mit Knauf, gro\u00df, 130 mm, ist ein Haken und ein Knauf, mit denen Sie Ihre T\u00fcr offen lassen k\u00f6nnen. Passend f\u00fcr nach innen \u00f6ffnende, b\u00fcndige T\u00fcren.","breadcrumb":{"@id":"https:\/\/partsandpieces.nl\/product\/kierstandhouder-messing-met-knop-groot-130mm\/#breadcrumb"},"inLanguage":"de","potentialAction":[{"@type":"ReadAction","target":["https:\/\/partsandpieces.nl\/product\/kierstandhouder-messing-met-knop-groot-130mm\/"]}]},{"@type":"ImageObject","inLanguage":"de","@id":"https:\/\/partsandpieces.nl\/product\/kierstandhouder-messing-met-knop-groot-130mm\/#primaryimage","url":"https:\/\/partsandpieces.nl\/wp-content\/uploads\/2023\/10\/Kierstandhouder-Messing-met-knop-Groot-130mm.jpg","contentUrl":"https:\/\/partsandpieces.nl\/wp-content\/uploads\/2023\/10\/Kierstandhouder-Messing-met-knop-Groot-130mm.jpg","width":459,"height":458,"caption":"Kierstandhouder Messing met knop Groot 130mm"},{"@type":"BreadcrumbList","@id":"https:\/\/partsandpieces.nl\/product\/kierstandhouder-messing-met-knop-groot-130mm\/#breadcrumb","itemListElement":[{"@type":"ListItem","position":1,"name":"Home","item":"https:\/\/partsandpieces.nl\/home\/"},{"@type":"ListItem","position":2,"name":"Winkel","item":"https:\/\/partsandpieces.nl\/winkel\/"},{"@type":"ListItem","position":3,"name":"Kierstandhouder Messing met knop Groot 130mm"}]},{"@type":"WebSite","@id":"https:\/\/partsandpieces.nl\/#website","url":"https:\/\/partsandpieces.nl\/","name":"Teile &amp; St\u00fccke","description":"Alles f\u00fcr Ihre M\u00f6belrestaurierung und -pflege!","potentialAction":[{"@type":"SearchAction","target":{"@type":"EntryPoint","urlTemplate":"https:\/\/partsandpieces.nl\/?s={search_term_string}"},"query-input":{"@type":"PropertyValueSpecification","valueRequired":true,"valueName":"search_term_string"}}],"inLanguage":"de"}]}},"_links":{"self":[{"href":"https:\/\/partsandpieces.nl\/de\/wp-json\/wp\/v2\/product\/7486","targetHints":{"allow":["GET"]}}],"collection":[{"href":"https:\/\/partsandpieces.nl\/de\/wp-json\/wp\/v2\/product"}],"about":[{"href":"https:\/\/partsandpieces.nl\/de\/wp-json\/wp\/v2\/types\/product"}],"wp:featuredmedia":[{"embeddable":true,"href":"https:\/\/partsandpieces.nl\/de\/wp-json\/wp\/v2\/media\/7488"}],"wp:attachment":[{"href":"https:\/\/partsandpieces.nl\/de\/wp-json\/wp\/v2\/media?parent=7486"}],"wp:term":[{"taxonomy":"product_brand","embeddable":true,"href":"https:\/\/partsandpieces.nl\/de\/wp-json\/wp\/v2\/product_brand?post=7486"},{"taxonomy":"product_cat","embeddable":true,"href":"https:\/\/partsandpieces.nl\/de\/wp-json\/wp\/v2\/product_cat?post=7486"},{"taxonomy":"product_tag","embeddable":true,"href":"https:\/\/partsandpieces.nl\/de\/wp-json\/wp\/v2\/product_tag?post=7486"}],"curies":[{"name":"wp","href":"https:\/\/api.w.org\/{rel}","templated":true}]}}