{"id":7489,"date":"2023-10-12T11:06:15","date_gmt":"2023-10-12T09:06:15","guid":{"rendered":"https:\/\/partsandpieces.nl\/?post_type=product&#038;p=7489"},"modified":"2026-03-22T13:00:12","modified_gmt":"2026-03-22T12:00:12","slug":"turkette-messing-85mm","status":"publish","type":"product","link":"https:\/\/partsandpieces.nl\/de\/product\/deurketting-messing-85mm\/","title":{"rendered":"T\u00fcrkette Messing 85mm"},"content":{"rendered":"<p><strong>T\u00fcrkette Messing 85mm<\/strong> ist eine T\u00fcrkette aus Metall mit gl\u00e4nzendem Messingfinish. Sie platzieren die F\u00fchrung am Rahmen und die Kette an der R\u00fcckseite Ihrer T\u00fcr. Sie k\u00f6nnen die Kette mit dem Knopf hinter der F\u00fchrung einh\u00e4ngen, sodass sich Ihre T\u00fcr nicht weiter als die L\u00e4nge der Kette \u00f6ffnet.<\/p>\n<p><strong>Ma\u00dfe<\/strong><br \/>\nDer Leiter ist 85 mm breit und 35 mm hoch. Die Bohrl\u00f6cher haben einen Abstand von 70 mm. Die Montageplatte der Kette ist 18 mm breit und 53 mm hoch. Die Kette ist 19 cm lang.<\/p>\n<p><strong>Bearbeiten<\/strong><br \/>\nSie k\u00f6nnen die T\u00fcrkette mit den mitgelieferten Schrauben montieren.<\/p>","protected":false},"excerpt":{"rendered":"<p>Deurketting Messing 85mm is een deurketting gemaakt van metaal met een glanzende messing finish. Je plaatst de geleider tegen het kozijn en de ketting aan de achterkant van je deur. De ketting kun je met het knopje achter de geleider haken zodat je deur niet verder opengaat dan de lengte van de ketting. Afmetingen De [&hellip;]<\/p>\n","protected":false},"featured_media":7491,"template":"","meta":{"_acf_changed":false},"product_brand":[],"product_cat":[58,59],"product_tag":[],"class_list":{"0":"post-7489","1":"product","2":"type-product","3":"status-publish","4":"has-post-thumbnail","6":"product_cat-deurbeslag","7":"product_cat-klapdeur-grepen","9":"first","10":"instock","11":"taxable","12":"shipping-taxable","13":"purchasable","14":"product-type-simple"},"acf":[],"yoast_head":"<!-- This site is optimized with the Yoast SEO plugin v27.3 - https:\/\/yoast.com\/product\/yoast-seo-wordpress\/ -->\n<title>Deurketting Messing 85mm<\/title>\n<meta name=\"description\" content=\"Deurketting Messing 85mm is een deurketting gemaakt van metaal met een glanzende messing finish. Geeft een veilig gevoel bij het openen van de deur.\" \/>\n<meta name=\"robots\" content=\"index, follow, max-snippet:-1, max-image-preview:large, max-video-preview:-1\" \/>\n<link rel=\"canonical\" href=\"https:\/\/partsandpieces.nl\/de\/produkt\/turkette-messing-85mm\/\" \/>\n<meta property=\"og:locale\" content=\"de_DE\" \/>\n<meta property=\"og:type\" content=\"article\" \/>\n<meta property=\"og:title\" content=\"Deurketting Messing 85mm\" \/>\n<meta property=\"og:description\" content=\"Deurketting Messing 85mm is een deurketting gemaakt van metaal met een glanzende messing finish. Geeft een veilig gevoel bij het openen van de deur.\" \/>\n<meta property=\"og:url\" content=\"https:\/\/partsandpieces.nl\/de\/produkt\/turkette-messing-85mm\/\" \/>\n<meta property=\"og:site_name\" content=\"Parts &amp; Pieces\" \/>\n<meta property=\"article:modified_time\" content=\"2026-03-22T12:00:12+00:00\" \/>\n<meta property=\"og:image\" content=\"https:\/\/partsandpieces.nl\/wp-content\/uploads\/2023\/10\/Deurketting-Messing-85mm.jpg\" \/>\n\t<meta property=\"og:image:width\" content=\"410\" \/>\n\t<meta property=\"og:image:height\" content=\"409\" \/>\n\t<meta property=\"og:image:type\" content=\"image\/jpeg\" \/>\n<meta name=\"twitter:card\" content=\"summary_large_image\" \/>\n<meta name=\"twitter:label1\" content=\"Gesch\u00e4tzte Lesezeit\" \/>\n\t<meta name=\"twitter:data1\" content=\"1\u00a0Minute\" \/>\n<script type=\"application\/ld+json\" class=\"yoast-schema-graph\">{\"@context\":\"https:\\\/\\\/schema.org\",\"@graph\":[{\"@type\":\"WebPage\",\"@id\":\"https:\\\/\\\/partsandpieces.nl\\\/product\\\/deurketting-messing-85mm\\\/\",\"url\":\"https:\\\/\\\/partsandpieces.nl\\\/product\\\/deurketting-messing-85mm\\\/\",\"name\":\"Deurketting Messing 85mm\",\"isPartOf\":{\"@id\":\"https:\\\/\\\/partsandpieces.nl\\\/#website\"},\"primaryImageOfPage\":{\"@id\":\"https:\\\/\\\/partsandpieces.nl\\\/product\\\/deurketting-messing-85mm\\\/#primaryimage\"},\"image\":{\"@id\":\"https:\\\/\\\/partsandpieces.nl\\\/product\\\/deurketting-messing-85mm\\\/#primaryimage\"},\"thumbnailUrl\":\"https:\\\/\\\/partsandpieces.nl\\\/wp-content\\\/uploads\\\/2023\\\/10\\\/Deurketting-Messing-85mm.jpg\",\"datePublished\":\"2023-10-12T09:06:15+00:00\",\"dateModified\":\"2026-03-22T12:00:12+00:00\",\"description\":\"Deurketting Messing 85mm is een deurketting gemaakt van metaal met een glanzende messing finish. Geeft een veilig gevoel bij het openen van de deur.\",\"breadcrumb\":{\"@id\":\"https:\\\/\\\/partsandpieces.nl\\\/product\\\/deurketting-messing-85mm\\\/#breadcrumb\"},\"inLanguage\":\"de\",\"potentialAction\":[{\"@type\":\"ReadAction\",\"target\":[\"https:\\\/\\\/partsandpieces.nl\\\/product\\\/deurketting-messing-85mm\\\/\"]}]},{\"@type\":\"ImageObject\",\"inLanguage\":\"de\",\"@id\":\"https:\\\/\\\/partsandpieces.nl\\\/product\\\/deurketting-messing-85mm\\\/#primaryimage\",\"url\":\"https:\\\/\\\/partsandpieces.nl\\\/wp-content\\\/uploads\\\/2023\\\/10\\\/Deurketting-Messing-85mm.jpg\",\"contentUrl\":\"https:\\\/\\\/partsandpieces.nl\\\/wp-content\\\/uploads\\\/2023\\\/10\\\/Deurketting-Messing-85mm.jpg\",\"width\":410,\"height\":409,\"caption\":\"Deurketting Messing 85mm\"},{\"@type\":\"BreadcrumbList\",\"@id\":\"https:\\\/\\\/partsandpieces.nl\\\/product\\\/deurketting-messing-85mm\\\/#breadcrumb\",\"itemListElement\":[{\"@type\":\"ListItem\",\"position\":1,\"name\":\"Home\",\"item\":\"https:\\\/\\\/partsandpieces.nl\\\/home\\\/\"},{\"@type\":\"ListItem\",\"position\":2,\"name\":\"Winkel\",\"item\":\"https:\\\/\\\/partsandpieces.nl\\\/winkel\\\/\"},{\"@type\":\"ListItem\",\"position\":3,\"name\":\"Deurketting Messing 85mm\"}]},{\"@type\":\"WebSite\",\"@id\":\"https:\\\/\\\/partsandpieces.nl\\\/#website\",\"url\":\"https:\\\/\\\/partsandpieces.nl\\\/\",\"name\":\"Parts &amp; Pieces\",\"description\":\"Alles voor uw meubelrestauratie en -onderhoud!\",\"potentialAction\":[{\"@type\":\"SearchAction\",\"target\":{\"@type\":\"EntryPoint\",\"urlTemplate\":\"https:\\\/\\\/partsandpieces.nl\\\/?s={search_term_string}\"},\"query-input\":{\"@type\":\"PropertyValueSpecification\",\"valueRequired\":true,\"valueName\":\"search_term_string\"}}],\"inLanguage\":\"de\"}]}<\/script>\n<!-- \/ Yoast SEO plugin. -->","yoast_head_json":{"title":"T\u00fcrkette Messing 85mm","description":"Die T\u00fcrkette Messing 85 mm ist eine T\u00fcrkette aus Metall mit gl\u00e4nzender Messingoberfl\u00e4che. Gibt ein sicheres Gef\u00fchl beim \u00d6ffnen der T\u00fcr.","robots":{"index":"index","follow":"follow","max-snippet":"max-snippet:-1","max-image-preview":"max-image-preview:large","max-video-preview":"max-video-preview:-1"},"canonical":"https:\/\/partsandpieces.nl\/de\/produkt\/turkette-messing-85mm\/","og_locale":"de_DE","og_type":"article","og_title":"Deurketting Messing 85mm","og_description":"Deurketting Messing 85mm is een deurketting gemaakt van metaal met een glanzende messing finish. Geeft een veilig gevoel bij het openen van de deur.","og_url":"https:\/\/partsandpieces.nl\/de\/produkt\/turkette-messing-85mm\/","og_site_name":"Parts &amp; Pieces","article_modified_time":"2026-03-22T12:00:12+00:00","og_image":[{"width":410,"height":409,"url":"https:\/\/partsandpieces.nl\/wp-content\/uploads\/2023\/10\/Deurketting-Messing-85mm.jpg","type":"image\/jpeg"}],"twitter_card":"summary_large_image","twitter_misc":{"Gesch\u00e4tzte Lesezeit":"1\u00a0Minute"},"schema":{"@context":"https:\/\/schema.org","@graph":[{"@type":"WebPage","@id":"https:\/\/partsandpieces.nl\/product\/deurketting-messing-85mm\/","url":"https:\/\/partsandpieces.nl\/product\/deurketting-messing-85mm\/","name":"T\u00fcrkette Messing 85mm","isPartOf":{"@id":"https:\/\/partsandpieces.nl\/#website"},"primaryImageOfPage":{"@id":"https:\/\/partsandpieces.nl\/product\/deurketting-messing-85mm\/#primaryimage"},"image":{"@id":"https:\/\/partsandpieces.nl\/product\/deurketting-messing-85mm\/#primaryimage"},"thumbnailUrl":"https:\/\/partsandpieces.nl\/wp-content\/uploads\/2023\/10\/Deurketting-Messing-85mm.jpg","datePublished":"2023-10-12T09:06:15+00:00","dateModified":"2026-03-22T12:00:12+00:00","description":"Die T\u00fcrkette Messing 85 mm ist eine T\u00fcrkette aus Metall mit gl\u00e4nzender Messingoberfl\u00e4che. Gibt ein sicheres Gef\u00fchl beim \u00d6ffnen der T\u00fcr.","breadcrumb":{"@id":"https:\/\/partsandpieces.nl\/product\/deurketting-messing-85mm\/#breadcrumb"},"inLanguage":"de","potentialAction":[{"@type":"ReadAction","target":["https:\/\/partsandpieces.nl\/product\/deurketting-messing-85mm\/"]}]},{"@type":"ImageObject","inLanguage":"de","@id":"https:\/\/partsandpieces.nl\/product\/deurketting-messing-85mm\/#primaryimage","url":"https:\/\/partsandpieces.nl\/wp-content\/uploads\/2023\/10\/Deurketting-Messing-85mm.jpg","contentUrl":"https:\/\/partsandpieces.nl\/wp-content\/uploads\/2023\/10\/Deurketting-Messing-85mm.jpg","width":410,"height":409,"caption":"Deurketting Messing 85mm"},{"@type":"BreadcrumbList","@id":"https:\/\/partsandpieces.nl\/product\/deurketting-messing-85mm\/#breadcrumb","itemListElement":[{"@type":"ListItem","position":1,"name":"Home","item":"https:\/\/partsandpieces.nl\/home\/"},{"@type":"ListItem","position":2,"name":"Winkel","item":"https:\/\/partsandpieces.nl\/winkel\/"},{"@type":"ListItem","position":3,"name":"Deurketting Messing 85mm"}]},{"@type":"WebSite","@id":"https:\/\/partsandpieces.nl\/#website","url":"https:\/\/partsandpieces.nl\/","name":"Teile &amp; St\u00fccke","description":"Alles f\u00fcr Ihre M\u00f6belrestaurierung und -pflege!","potentialAction":[{"@type":"SearchAction","target":{"@type":"EntryPoint","urlTemplate":"https:\/\/partsandpieces.nl\/?s={search_term_string}"},"query-input":{"@type":"PropertyValueSpecification","valueRequired":true,"valueName":"search_term_string"}}],"inLanguage":"de"}]}},"_links":{"self":[{"href":"https:\/\/partsandpieces.nl\/de\/wp-json\/wp\/v2\/product\/7489","targetHints":{"allow":["GET"]}}],"collection":[{"href":"https:\/\/partsandpieces.nl\/de\/wp-json\/wp\/v2\/product"}],"about":[{"href":"https:\/\/partsandpieces.nl\/de\/wp-json\/wp\/v2\/types\/product"}],"wp:featuredmedia":[{"embeddable":true,"href":"https:\/\/partsandpieces.nl\/de\/wp-json\/wp\/v2\/media\/7491"}],"wp:attachment":[{"href":"https:\/\/partsandpieces.nl\/de\/wp-json\/wp\/v2\/media?parent=7489"}],"wp:term":[{"taxonomy":"product_brand","embeddable":true,"href":"https:\/\/partsandpieces.nl\/de\/wp-json\/wp\/v2\/product_brand?post=7489"},{"taxonomy":"product_cat","embeddable":true,"href":"https:\/\/partsandpieces.nl\/de\/wp-json\/wp\/v2\/product_cat?post=7489"},{"taxonomy":"product_tag","embeddable":true,"href":"https:\/\/partsandpieces.nl\/de\/wp-json\/wp\/v2\/product_tag?post=7489"}],"curies":[{"name":"wp","href":"https:\/\/api.w.org\/{rel}","templated":true}]}}