{"id":755,"date":"2020-07-22T09:48:21","date_gmt":"2020-07-22T09:48:21","guid":{"rendered":"https:\/\/partsandpieces.bonsaidev.nl\/?product=komgreep-mat-chroom-94x3564"},"modified":"2026-04-06T14:22:02","modified_gmt":"2026-04-06T12:22:02","slug":"grauer-eisenfarbener-antiker-stosgriff-gros-95-x-38-mm","status":"publish","type":"product","link":"https:\/\/partsandpieces.nl\/de\/product\/komgreep-grijs-ijzerkleurig-antiek-groot-95x38mm\/","title":{"rendered":"Tassengriff Grau \/ Eisenfarben Antik Gro\u00df 95x38mm"},"content":{"rendered":"<p><strong>Tassengriff Grau \/ Eisenfarben Antik Gro\u00df 95x38mm<\/strong> ist ein gegossener Muschelgriff mit einer grau-\/eisenfarbenen Oberfl\u00e4che. Der Griffmulde besteht aus Zamak* und ist von schwerer Qualit\u00e4t. Das Erscheinungsbild des Tassengriffs ist halbgl\u00e4nzend und glatt. Der Griff ist mit drei Schraubenmotiven verziert. Dieser Ziehgriff ist f\u00fcr schwere Schubladen geeignet.<\/p>\n<p><strong>Ma\u00dfe<br \/>\n<\/strong>Der Tassengriff Grau\/Eisenfarben Antik Gro\u00df 95x38mm hat eine Gesamtbreite von 95mm und eine H\u00f6he von 38mm. Nach der Montage ragt dieser Griffmulde ca. 18mm hervor. Die Sch\u00fcssel ist ca. 77 mm breit und 28 mm hoch. Die Bohrl\u00f6cher haben einen Abstand von 64 mm.<\/p>\n<p><strong>Bearbeiten<br \/>\n<\/strong>Sie k\u00f6nnen den Einbaugriff blind montieren\u00a0<span style=\"text-decoration: underline;\"><a href=\"https:\/\/partsandpieces.nl\/de\/produkt\/schraube-edelstahl-zur-blindmontage-von-mobelbeschlagen-45x4mm-20-stuck\/\">Edelstahlschraube zur Blindbefestigung von M\u00f6belbeschl\u00e4gen (45x4mm)<\/a><\/span>. Ich schicke diese Schrauben <strong>FREI<\/strong>\u00a0mit Ihrer Bestellung.<\/p>\n<p>* Zamak ist eine Legierung mit Zink als Hauptbestandteil. Es hat einen relativ niedrigen Schmelzpunkt und ist leicht zu gie\u00dfen. Der Name ist ein Akronym, abgeleitet von den Anfangsbuchstaben der deutschen Bezeichnungen f\u00fcr die Metalle, aus denen sich der Werkstoff zusammensetzt: Zink, Aluminium, MAGnesium, Kupfer. Zamak wird in der Auto- und M\u00f6belindustrie f\u00fcr T\u00fcrgriffe, Griffe, Logos und Zierleisten verwendet. Es wird auch h\u00e4ufig als Ersatz f\u00fcr das giftige Blei verwendet.<\/p>","protected":false},"excerpt":{"rendered":"<p>Komgreep Grijs \/ IJzerkleurig Antiek Groot 95x38mm is een gegoten schelpgreep met een grijze \/ ijzerkleurige finish. De komgreep is gemaakt van zamak* en van zware kwaliteit. De uitstraling van de komgreep is semi glanzend en glad. De greep is versierd met drie schroefmotieven. Deze komgreep is geschikt voor zware lades. Afmetingen Komgreep Grijs \/ [&hellip;]<\/p>\n","protected":false},"featured_media":6825,"template":"","meta":{"_acf_changed":false},"product_brand":[],"product_cat":[39,23],"product_tag":[],"class_list":{"0":"post-755","1":"product","2":"type-product","3":"status-publish","4":"has-post-thumbnail","6":"product_cat-komgrepen","7":"product_cat-meubelbeslag","9":"first","10":"instock","11":"taxable","12":"shipping-taxable","13":"purchasable","14":"product-type-simple"},"acf":[],"yoast_head":"<!-- This site is optimized with the Yoast SEO plugin v27.3 - https:\/\/yoast.com\/product\/yoast-seo-wordpress\/ -->\n<title>Komgreep Grijs Antiek Groot<\/title>\n<meta name=\"description\" content=\"Komgreep Grijs \/ IJzerkleurig Antiek Groot 95x38mm is een gegoten schelpgreep met een grijze \/ ijzerkleurige finish. Deze komgreep is voor zware lades.\" \/>\n<meta name=\"robots\" content=\"index, follow, max-snippet:-1, max-image-preview:large, max-video-preview:-1\" \/>\n<link rel=\"canonical\" href=\"https:\/\/partsandpieces.nl\/de\/produkt\/grauer-eisenfarbener-antiker-stosgriff-gros-95-x-38-mm\/\" \/>\n<meta property=\"og:locale\" content=\"de_DE\" \/>\n<meta property=\"og:type\" content=\"article\" \/>\n<meta property=\"og:title\" content=\"Komgreep Grijs Antiek Groot\" \/>\n<meta property=\"og:description\" content=\"Komgreep Grijs \/ IJzerkleurig Antiek Groot 95x38mm is een gegoten schelpgreep met een grijze \/ ijzerkleurige finish. Deze komgreep is voor zware lades.\" \/>\n<meta property=\"og:url\" content=\"https:\/\/partsandpieces.nl\/de\/produkt\/grauer-eisenfarbener-antiker-stosgriff-gros-95-x-38-mm\/\" \/>\n<meta property=\"og:site_name\" content=\"Parts &amp; Pieces\" \/>\n<meta property=\"article:modified_time\" content=\"2026-04-06T12:22:02+00:00\" \/>\n<meta property=\"og:image\" content=\"https:\/\/partsandpieces.nl\/wp-content\/uploads\/2020\/07\/Komgreep-Grijs-IJzerkleurig-Antiek-Groot-95x38mm.jpg\" \/>\n\t<meta property=\"og:image:width\" content=\"439\" \/>\n\t<meta property=\"og:image:height\" content=\"438\" \/>\n\t<meta property=\"og:image:type\" content=\"image\/jpeg\" \/>\n<meta name=\"twitter:card\" content=\"summary_large_image\" \/>\n<meta name=\"twitter:label1\" content=\"Gesch\u00e4tzte Lesezeit\" \/>\n\t<meta name=\"twitter:data1\" content=\"1\u00a0Minute\" \/>\n<script type=\"application\/ld+json\" class=\"yoast-schema-graph\">{\"@context\":\"https:\\\/\\\/schema.org\",\"@graph\":[{\"@type\":\"WebPage\",\"@id\":\"https:\\\/\\\/partsandpieces.nl\\\/product\\\/komgreep-grijs-ijzerkleurig-antiek-groot-95x38mm\\\/\",\"url\":\"https:\\\/\\\/partsandpieces.nl\\\/product\\\/komgreep-grijs-ijzerkleurig-antiek-groot-95x38mm\\\/\",\"name\":\"Komgreep Grijs Antiek Groot\",\"isPartOf\":{\"@id\":\"https:\\\/\\\/partsandpieces.nl\\\/#website\"},\"primaryImageOfPage\":{\"@id\":\"https:\\\/\\\/partsandpieces.nl\\\/product\\\/komgreep-grijs-ijzerkleurig-antiek-groot-95x38mm\\\/#primaryimage\"},\"image\":{\"@id\":\"https:\\\/\\\/partsandpieces.nl\\\/product\\\/komgreep-grijs-ijzerkleurig-antiek-groot-95x38mm\\\/#primaryimage\"},\"thumbnailUrl\":\"https:\\\/\\\/partsandpieces.nl\\\/wp-content\\\/uploads\\\/2020\\\/07\\\/Komgreep-Grijs-IJzerkleurig-Antiek-Groot-95x38mm.jpg\",\"datePublished\":\"2020-07-22T09:48:21+00:00\",\"dateModified\":\"2026-04-06T12:22:02+00:00\",\"description\":\"Komgreep Grijs \\\/ IJzerkleurig Antiek Groot 95x38mm is een gegoten schelpgreep met een grijze \\\/ ijzerkleurige finish. Deze komgreep is voor zware lades.\",\"breadcrumb\":{\"@id\":\"https:\\\/\\\/partsandpieces.nl\\\/product\\\/komgreep-grijs-ijzerkleurig-antiek-groot-95x38mm\\\/#breadcrumb\"},\"inLanguage\":\"de\",\"potentialAction\":[{\"@type\":\"ReadAction\",\"target\":[\"https:\\\/\\\/partsandpieces.nl\\\/product\\\/komgreep-grijs-ijzerkleurig-antiek-groot-95x38mm\\\/\"]}]},{\"@type\":\"ImageObject\",\"inLanguage\":\"de\",\"@id\":\"https:\\\/\\\/partsandpieces.nl\\\/product\\\/komgreep-grijs-ijzerkleurig-antiek-groot-95x38mm\\\/#primaryimage\",\"url\":\"https:\\\/\\\/partsandpieces.nl\\\/wp-content\\\/uploads\\\/2020\\\/07\\\/Komgreep-Grijs-IJzerkleurig-Antiek-Groot-95x38mm.jpg\",\"contentUrl\":\"https:\\\/\\\/partsandpieces.nl\\\/wp-content\\\/uploads\\\/2020\\\/07\\\/Komgreep-Grijs-IJzerkleurig-Antiek-Groot-95x38mm.jpg\",\"width\":439,\"height\":438,\"caption\":\"Komgreep Grijs \\\/ IJzerkleurig Antiek Groot 95x38mm\"},{\"@type\":\"BreadcrumbList\",\"@id\":\"https:\\\/\\\/partsandpieces.nl\\\/product\\\/komgreep-grijs-ijzerkleurig-antiek-groot-95x38mm\\\/#breadcrumb\",\"itemListElement\":[{\"@type\":\"ListItem\",\"position\":1,\"name\":\"Home\",\"item\":\"https:\\\/\\\/partsandpieces.nl\\\/home\\\/\"},{\"@type\":\"ListItem\",\"position\":2,\"name\":\"Winkel\",\"item\":\"https:\\\/\\\/partsandpieces.nl\\\/winkel\\\/\"},{\"@type\":\"ListItem\",\"position\":3,\"name\":\"Komgreep Grijs \\\/ IJzerkleurig Antiek Groot 95x38mm\"}]},{\"@type\":\"WebSite\",\"@id\":\"https:\\\/\\\/partsandpieces.nl\\\/#website\",\"url\":\"https:\\\/\\\/partsandpieces.nl\\\/\",\"name\":\"Parts &amp; Pieces\",\"description\":\"Alles voor uw meubelrestauratie en -onderhoud!\",\"potentialAction\":[{\"@type\":\"SearchAction\",\"target\":{\"@type\":\"EntryPoint\",\"urlTemplate\":\"https:\\\/\\\/partsandpieces.nl\\\/?s={search_term_string}\"},\"query-input\":{\"@type\":\"PropertyValueSpecification\",\"valueRequired\":true,\"valueName\":\"search_term_string\"}}],\"inLanguage\":\"de\"}]}<\/script>\n<!-- \/ Yoast SEO plugin. -->","yoast_head_json":{"title":"Tassengriff Grau Antik Gro\u00df","description":"Der Bechergriff Grau\/Eisenfarben Antik Gro\u00df 95x38mm ist ein gegossener Muschelgriff mit grauer\/eisenfarbener Oberfl\u00e4che. Dieser Zuggriff ist f\u00fcr schwere Schubladen.","robots":{"index":"index","follow":"follow","max-snippet":"max-snippet:-1","max-image-preview":"max-image-preview:large","max-video-preview":"max-video-preview:-1"},"canonical":"https:\/\/partsandpieces.nl\/de\/produkt\/grauer-eisenfarbener-antiker-stosgriff-gros-95-x-38-mm\/","og_locale":"de_DE","og_type":"article","og_title":"Komgreep Grijs Antiek Groot","og_description":"Komgreep Grijs \/ IJzerkleurig Antiek Groot 95x38mm is een gegoten schelpgreep met een grijze \/ ijzerkleurige finish. Deze komgreep is voor zware lades.","og_url":"https:\/\/partsandpieces.nl\/de\/produkt\/grauer-eisenfarbener-antiker-stosgriff-gros-95-x-38-mm\/","og_site_name":"Parts &amp; Pieces","article_modified_time":"2026-04-06T12:22:02+00:00","og_image":[{"width":439,"height":438,"url":"https:\/\/partsandpieces.nl\/wp-content\/uploads\/2020\/07\/Komgreep-Grijs-IJzerkleurig-Antiek-Groot-95x38mm.jpg","type":"image\/jpeg"}],"twitter_card":"summary_large_image","twitter_misc":{"Gesch\u00e4tzte Lesezeit":"1\u00a0Minute"},"schema":{"@context":"https:\/\/schema.org","@graph":[{"@type":"WebPage","@id":"https:\/\/partsandpieces.nl\/product\/komgreep-grijs-ijzerkleurig-antiek-groot-95x38mm\/","url":"https:\/\/partsandpieces.nl\/product\/komgreep-grijs-ijzerkleurig-antiek-groot-95x38mm\/","name":"Tassengriff Grau Antik Gro\u00df","isPartOf":{"@id":"https:\/\/partsandpieces.nl\/#website"},"primaryImageOfPage":{"@id":"https:\/\/partsandpieces.nl\/product\/komgreep-grijs-ijzerkleurig-antiek-groot-95x38mm\/#primaryimage"},"image":{"@id":"https:\/\/partsandpieces.nl\/product\/komgreep-grijs-ijzerkleurig-antiek-groot-95x38mm\/#primaryimage"},"thumbnailUrl":"https:\/\/partsandpieces.nl\/wp-content\/uploads\/2020\/07\/Komgreep-Grijs-IJzerkleurig-Antiek-Groot-95x38mm.jpg","datePublished":"2020-07-22T09:48:21+00:00","dateModified":"2026-04-06T12:22:02+00:00","description":"Der Bechergriff Grau\/Eisenfarben Antik Gro\u00df 95x38mm ist ein gegossener Muschelgriff mit grauer\/eisenfarbener Oberfl\u00e4che. Dieser Zuggriff ist f\u00fcr schwere Schubladen.","breadcrumb":{"@id":"https:\/\/partsandpieces.nl\/product\/komgreep-grijs-ijzerkleurig-antiek-groot-95x38mm\/#breadcrumb"},"inLanguage":"de","potentialAction":[{"@type":"ReadAction","target":["https:\/\/partsandpieces.nl\/product\/komgreep-grijs-ijzerkleurig-antiek-groot-95x38mm\/"]}]},{"@type":"ImageObject","inLanguage":"de","@id":"https:\/\/partsandpieces.nl\/product\/komgreep-grijs-ijzerkleurig-antiek-groot-95x38mm\/#primaryimage","url":"https:\/\/partsandpieces.nl\/wp-content\/uploads\/2020\/07\/Komgreep-Grijs-IJzerkleurig-Antiek-Groot-95x38mm.jpg","contentUrl":"https:\/\/partsandpieces.nl\/wp-content\/uploads\/2020\/07\/Komgreep-Grijs-IJzerkleurig-Antiek-Groot-95x38mm.jpg","width":439,"height":438,"caption":"Komgreep Grijs \/ IJzerkleurig Antiek Groot 95x38mm"},{"@type":"BreadcrumbList","@id":"https:\/\/partsandpieces.nl\/product\/komgreep-grijs-ijzerkleurig-antiek-groot-95x38mm\/#breadcrumb","itemListElement":[{"@type":"ListItem","position":1,"name":"Home","item":"https:\/\/partsandpieces.nl\/home\/"},{"@type":"ListItem","position":2,"name":"Winkel","item":"https:\/\/partsandpieces.nl\/winkel\/"},{"@type":"ListItem","position":3,"name":"Komgreep Grijs \/ IJzerkleurig Antiek Groot 95x38mm"}]},{"@type":"WebSite","@id":"https:\/\/partsandpieces.nl\/#website","url":"https:\/\/partsandpieces.nl\/","name":"Teile &amp; St\u00fccke","description":"Alles f\u00fcr Ihre M\u00f6belrestaurierung und -pflege!","potentialAction":[{"@type":"SearchAction","target":{"@type":"EntryPoint","urlTemplate":"https:\/\/partsandpieces.nl\/?s={search_term_string}"},"query-input":{"@type":"PropertyValueSpecification","valueRequired":true,"valueName":"search_term_string"}}],"inLanguage":"de"}]}},"_links":{"self":[{"href":"https:\/\/partsandpieces.nl\/de\/wp-json\/wp\/v2\/product\/755","targetHints":{"allow":["GET"]}}],"collection":[{"href":"https:\/\/partsandpieces.nl\/de\/wp-json\/wp\/v2\/product"}],"about":[{"href":"https:\/\/partsandpieces.nl\/de\/wp-json\/wp\/v2\/types\/product"}],"wp:featuredmedia":[{"embeddable":true,"href":"https:\/\/partsandpieces.nl\/de\/wp-json\/wp\/v2\/media\/6825"}],"wp:attachment":[{"href":"https:\/\/partsandpieces.nl\/de\/wp-json\/wp\/v2\/media?parent=755"}],"wp:term":[{"taxonomy":"product_brand","embeddable":true,"href":"https:\/\/partsandpieces.nl\/de\/wp-json\/wp\/v2\/product_brand?post=755"},{"taxonomy":"product_cat","embeddable":true,"href":"https:\/\/partsandpieces.nl\/de\/wp-json\/wp\/v2\/product_cat?post=755"},{"taxonomy":"product_tag","embeddable":true,"href":"https:\/\/partsandpieces.nl\/de\/wp-json\/wp\/v2\/product_tag?post=755"}],"curies":[{"name":"wp","href":"https:\/\/api.w.org\/{rel}","templated":true}]}}