{"id":760,"date":"2020-07-22T09:57:42","date_gmt":"2020-07-22T09:57:42","guid":{"rendered":"https:\/\/partsandpieces.bonsaidev.nl\/?product=komgreep-antique-100x48-mm"},"modified":"2026-04-06T19:55:21","modified_gmt":"2026-04-06T17:55:21","slug":"schusselgriff-bronze-antikschale-100mm","status":"publish","type":"product","link":"https:\/\/partsandpieces.nl\/de\/product\/komgreep-brons-antiek-schelp-100mm\/","title":{"rendered":"Tassengriff Bronze Antik &#039;Muschel&#039; 100mm"},"content":{"rendered":"<p><strong>Tassengriff Bronze Antik &#039;Muschel&#039; 100mm<\/strong> ist ein Muschelgriff mit messing-\/bronzefarbener Oberfl\u00e4che. Der Griff ist von schwerer Qualit\u00e4t. Das Erscheinungsbild des Tassengriffs ist halbgl\u00e4nzend und glatt. Dieser Ziehgriff ist f\u00fcr schwere Schubladen geeignet.<\/p>\n<p><strong>Ma\u00dfe<br \/>\n<\/strong>Der 100-mm-Bechergriff \u201eMuschel\u201c in Antik-Bronze hat eine Gesamtbreite von 100 mm. Nach der Montage ragt dieser Griffmulde ca. 25mm hervor. Die Sch\u00fcssel ist ca. 70 mm breit und 33 mm hoch.<\/p>\n<p><strong>Bearbeiten<br \/>\n<\/strong>Sie k\u00f6nnen den Knopf mit montieren\u00a0<span style=\"text-decoration: underline;\"><a href=\"https:\/\/partsandpieces.nl\/de\/produkt\/schrauben-flachkopf-antik-bronze-mit-schlitz-3x12mm\/\">Schraube Rundkopf Antik Bronze mit Schlitz (3x12mm)<\/a><\/span>. Ich schicke diese Schrauben\u00a0<strong>FREI<\/strong>\u00a0mit Ihrer Bestellung.<\/p>","protected":false},"excerpt":{"rendered":"<p>Komgreep Brons Antiek &#8216;Schelp&#8217; 100mm is een schelpgreep met een messing \/ bronskleurige finish. De komgreep is van zware kwaliteit. De uitstraling van de komgreep is semi glanzend en glad. Deze komgreep is geschikt voor zware lades. Afmetingen Komgreep Brons Antiek &#8216;Schelp&#8217; 100mm heeft een totale breedte van 100mm. Na montage steekt deze komgreep ongeveer [&hellip;]<\/p>\n","protected":false},"featured_media":8011,"template":"","meta":{"_acf_changed":false},"product_brand":[],"product_cat":[39,23],"product_tag":[],"class_list":{"0":"post-760","1":"product","2":"type-product","3":"status-publish","4":"has-post-thumbnail","6":"product_cat-komgrepen","7":"product_cat-meubelbeslag","9":"first","10":"outofstock","11":"taxable","12":"shipping-taxable","13":"purchasable","14":"product-type-simple"},"acf":[],"yoast_head":"<!-- This site is optimized with the Yoast SEO plugin v27.3 - https:\/\/yoast.com\/product\/yoast-seo-wordpress\/ -->\n<title>Komgreep Brons Antiek 100mm &#039;Schelp&#039;<\/title>\n<meta name=\"description\" content=\"Komgreep Brons Antiek &#039;Schelp&#039; 100mm is een schelpgreep met een messing \/ bronskleurige finish. De komgreep is van zware kwaliteit.\" \/>\n<meta name=\"robots\" content=\"index, follow, max-snippet:-1, max-image-preview:large, max-video-preview:-1\" \/>\n<link rel=\"canonical\" href=\"https:\/\/partsandpieces.nl\/de\/produkt\/schusselgriff-bronze-antikschale-100mm\/\" \/>\n<meta property=\"og:locale\" content=\"de_DE\" \/>\n<meta property=\"og:type\" content=\"article\" \/>\n<meta property=\"og:title\" content=\"Komgreep Brons Antiek 100mm &#039;Schelp&#039;\" \/>\n<meta property=\"og:description\" content=\"Komgreep Brons Antiek &#039;Schelp&#039; 100mm is een schelpgreep met een messing \/ bronskleurige finish. De komgreep is van zware kwaliteit.\" \/>\n<meta property=\"og:url\" content=\"https:\/\/partsandpieces.nl\/de\/produkt\/schusselgriff-bronze-antikschale-100mm\/\" \/>\n<meta property=\"og:site_name\" content=\"Parts &amp; Pieces\" \/>\n<meta property=\"article:modified_time\" content=\"2026-04-06T17:55:21+00:00\" \/>\n<meta property=\"og:image\" content=\"https:\/\/partsandpieces.nl\/wp-content\/uploads\/2020\/07\/Komgreep-Brons-Antiek-Schelp-100mm.jpg\" \/>\n\t<meta property=\"og:image:width\" content=\"416\" \/>\n\t<meta property=\"og:image:height\" content=\"415\" \/>\n\t<meta property=\"og:image:type\" content=\"image\/jpeg\" \/>\n<meta name=\"twitter:card\" content=\"summary_large_image\" \/>\n<meta name=\"twitter:label1\" content=\"Gesch\u00e4tzte Lesezeit\" \/>\n\t<meta name=\"twitter:data1\" content=\"1\u00a0Minute\" \/>\n<script type=\"application\/ld+json\" class=\"yoast-schema-graph\">{\"@context\":\"https:\\\/\\\/schema.org\",\"@graph\":[{\"@type\":\"WebPage\",\"@id\":\"https:\\\/\\\/partsandpieces.nl\\\/product\\\/komgreep-brons-antiek-schelp-100mm\\\/\",\"url\":\"https:\\\/\\\/partsandpieces.nl\\\/product\\\/komgreep-brons-antiek-schelp-100mm\\\/\",\"name\":\"Komgreep Brons Antiek 100mm 'Schelp'\",\"isPartOf\":{\"@id\":\"https:\\\/\\\/partsandpieces.nl\\\/#website\"},\"primaryImageOfPage\":{\"@id\":\"https:\\\/\\\/partsandpieces.nl\\\/product\\\/komgreep-brons-antiek-schelp-100mm\\\/#primaryimage\"},\"image\":{\"@id\":\"https:\\\/\\\/partsandpieces.nl\\\/product\\\/komgreep-brons-antiek-schelp-100mm\\\/#primaryimage\"},\"thumbnailUrl\":\"https:\\\/\\\/partsandpieces.nl\\\/wp-content\\\/uploads\\\/2020\\\/07\\\/Komgreep-Brons-Antiek-Schelp-100mm.jpg\",\"datePublished\":\"2020-07-22T09:57:42+00:00\",\"dateModified\":\"2026-04-06T17:55:21+00:00\",\"description\":\"Komgreep Brons Antiek 'Schelp' 100mm is een schelpgreep met een messing \\\/ bronskleurige finish. De komgreep is van zware kwaliteit.\",\"breadcrumb\":{\"@id\":\"https:\\\/\\\/partsandpieces.nl\\\/product\\\/komgreep-brons-antiek-schelp-100mm\\\/#breadcrumb\"},\"inLanguage\":\"de\",\"potentialAction\":[{\"@type\":\"ReadAction\",\"target\":[\"https:\\\/\\\/partsandpieces.nl\\\/product\\\/komgreep-brons-antiek-schelp-100mm\\\/\"]}]},{\"@type\":\"ImageObject\",\"inLanguage\":\"de\",\"@id\":\"https:\\\/\\\/partsandpieces.nl\\\/product\\\/komgreep-brons-antiek-schelp-100mm\\\/#primaryimage\",\"url\":\"https:\\\/\\\/partsandpieces.nl\\\/wp-content\\\/uploads\\\/2020\\\/07\\\/Komgreep-Brons-Antiek-Schelp-100mm.jpg\",\"contentUrl\":\"https:\\\/\\\/partsandpieces.nl\\\/wp-content\\\/uploads\\\/2020\\\/07\\\/Komgreep-Brons-Antiek-Schelp-100mm.jpg\",\"width\":416,\"height\":415,\"caption\":\"Komgreep Brons Antiek 'Schelp' 100mm\"},{\"@type\":\"BreadcrumbList\",\"@id\":\"https:\\\/\\\/partsandpieces.nl\\\/product\\\/komgreep-brons-antiek-schelp-100mm\\\/#breadcrumb\",\"itemListElement\":[{\"@type\":\"ListItem\",\"position\":1,\"name\":\"Home\",\"item\":\"https:\\\/\\\/partsandpieces.nl\\\/home\\\/\"},{\"@type\":\"ListItem\",\"position\":2,\"name\":\"Winkel\",\"item\":\"https:\\\/\\\/partsandpieces.nl\\\/winkel\\\/\"},{\"@type\":\"ListItem\",\"position\":3,\"name\":\"Komgreep Brons Antiek &#8216;Schelp&#8217; 100mm\"}]},{\"@type\":\"WebSite\",\"@id\":\"https:\\\/\\\/partsandpieces.nl\\\/#website\",\"url\":\"https:\\\/\\\/partsandpieces.nl\\\/\",\"name\":\"Parts &amp; Pieces\",\"description\":\"Alles voor uw meubelrestauratie en -onderhoud!\",\"potentialAction\":[{\"@type\":\"SearchAction\",\"target\":{\"@type\":\"EntryPoint\",\"urlTemplate\":\"https:\\\/\\\/partsandpieces.nl\\\/?s={search_term_string}\"},\"query-input\":{\"@type\":\"PropertyValueSpecification\",\"valueRequired\":true,\"valueName\":\"search_term_string\"}}],\"inLanguage\":\"de\"}]}<\/script>\n<!-- \/ Yoast SEO plugin. -->","yoast_head_json":{"title":"Sch\u00fcsselgriff Bronze Antik 100mm &#039;Muschel&#039;","description":"Tassengriff Bronze Antik \u201eShell\u201c 100 mm ist ein Muschelgriff mit messing-\/bronzefarbener Oberfl\u00e4che. Der Griff ist von schwerer Qualit\u00e4t.","robots":{"index":"index","follow":"follow","max-snippet":"max-snippet:-1","max-image-preview":"max-image-preview:large","max-video-preview":"max-video-preview:-1"},"canonical":"https:\/\/partsandpieces.nl\/de\/produkt\/schusselgriff-bronze-antikschale-100mm\/","og_locale":"de_DE","og_type":"article","og_title":"Komgreep Brons Antiek 100mm 'Schelp'","og_description":"Komgreep Brons Antiek 'Schelp' 100mm is een schelpgreep met een messing \/ bronskleurige finish. De komgreep is van zware kwaliteit.","og_url":"https:\/\/partsandpieces.nl\/de\/produkt\/schusselgriff-bronze-antikschale-100mm\/","og_site_name":"Parts &amp; Pieces","article_modified_time":"2026-04-06T17:55:21+00:00","og_image":[{"width":416,"height":415,"url":"https:\/\/partsandpieces.nl\/wp-content\/uploads\/2020\/07\/Komgreep-Brons-Antiek-Schelp-100mm.jpg","type":"image\/jpeg"}],"twitter_card":"summary_large_image","twitter_misc":{"Gesch\u00e4tzte Lesezeit":"1\u00a0Minute"},"schema":{"@context":"https:\/\/schema.org","@graph":[{"@type":"WebPage","@id":"https:\/\/partsandpieces.nl\/product\/komgreep-brons-antiek-schelp-100mm\/","url":"https:\/\/partsandpieces.nl\/product\/komgreep-brons-antiek-schelp-100mm\/","name":"Sch\u00fcsselgriff Bronze Antik 100mm &#039;Muschel&#039;","isPartOf":{"@id":"https:\/\/partsandpieces.nl\/#website"},"primaryImageOfPage":{"@id":"https:\/\/partsandpieces.nl\/product\/komgreep-brons-antiek-schelp-100mm\/#primaryimage"},"image":{"@id":"https:\/\/partsandpieces.nl\/product\/komgreep-brons-antiek-schelp-100mm\/#primaryimage"},"thumbnailUrl":"https:\/\/partsandpieces.nl\/wp-content\/uploads\/2020\/07\/Komgreep-Brons-Antiek-Schelp-100mm.jpg","datePublished":"2020-07-22T09:57:42+00:00","dateModified":"2026-04-06T17:55:21+00:00","description":"Tassengriff Bronze Antik \u201eShell\u201c 100 mm ist ein Muschelgriff mit messing-\/bronzefarbener Oberfl\u00e4che. Der Griff ist von schwerer Qualit\u00e4t.","breadcrumb":{"@id":"https:\/\/partsandpieces.nl\/product\/komgreep-brons-antiek-schelp-100mm\/#breadcrumb"},"inLanguage":"de","potentialAction":[{"@type":"ReadAction","target":["https:\/\/partsandpieces.nl\/product\/komgreep-brons-antiek-schelp-100mm\/"]}]},{"@type":"ImageObject","inLanguage":"de","@id":"https:\/\/partsandpieces.nl\/product\/komgreep-brons-antiek-schelp-100mm\/#primaryimage","url":"https:\/\/partsandpieces.nl\/wp-content\/uploads\/2020\/07\/Komgreep-Brons-Antiek-Schelp-100mm.jpg","contentUrl":"https:\/\/partsandpieces.nl\/wp-content\/uploads\/2020\/07\/Komgreep-Brons-Antiek-Schelp-100mm.jpg","width":416,"height":415,"caption":"Komgreep Brons Antiek 'Schelp' 100mm"},{"@type":"BreadcrumbList","@id":"https:\/\/partsandpieces.nl\/product\/komgreep-brons-antiek-schelp-100mm\/#breadcrumb","itemListElement":[{"@type":"ListItem","position":1,"name":"Home","item":"https:\/\/partsandpieces.nl\/home\/"},{"@type":"ListItem","position":2,"name":"Winkel","item":"https:\/\/partsandpieces.nl\/winkel\/"},{"@type":"ListItem","position":3,"name":"Komgreep Brons Antiek &#8216;Schelp&#8217; 100mm"}]},{"@type":"WebSite","@id":"https:\/\/partsandpieces.nl\/#website","url":"https:\/\/partsandpieces.nl\/","name":"Teile &amp; St\u00fccke","description":"Alles f\u00fcr Ihre M\u00f6belrestaurierung und -pflege!","potentialAction":[{"@type":"SearchAction","target":{"@type":"EntryPoint","urlTemplate":"https:\/\/partsandpieces.nl\/?s={search_term_string}"},"query-input":{"@type":"PropertyValueSpecification","valueRequired":true,"valueName":"search_term_string"}}],"inLanguage":"de"}]}},"_links":{"self":[{"href":"https:\/\/partsandpieces.nl\/de\/wp-json\/wp\/v2\/product\/760","targetHints":{"allow":["GET"]}}],"collection":[{"href":"https:\/\/partsandpieces.nl\/de\/wp-json\/wp\/v2\/product"}],"about":[{"href":"https:\/\/partsandpieces.nl\/de\/wp-json\/wp\/v2\/types\/product"}],"wp:featuredmedia":[{"embeddable":true,"href":"https:\/\/partsandpieces.nl\/de\/wp-json\/wp\/v2\/media\/8011"}],"wp:attachment":[{"href":"https:\/\/partsandpieces.nl\/de\/wp-json\/wp\/v2\/media?parent=760"}],"wp:term":[{"taxonomy":"product_brand","embeddable":true,"href":"https:\/\/partsandpieces.nl\/de\/wp-json\/wp\/v2\/product_brand?post=760"},{"taxonomy":"product_cat","embeddable":true,"href":"https:\/\/partsandpieces.nl\/de\/wp-json\/wp\/v2\/product_cat?post=760"},{"taxonomy":"product_tag","embeddable":true,"href":"https:\/\/partsandpieces.nl\/de\/wp-json\/wp\/v2\/product_tag?post=760"}],"curies":[{"name":"wp","href":"https:\/\/api.w.org\/{rel}","templated":true}]}}