{"id":7619,"date":"2023-10-31T10:29:31","date_gmt":"2023-10-31T09:29:31","guid":{"rendered":"https:\/\/partsandpieces.nl\/?post_type=product&#038;p=7619"},"modified":"2024-11-26T12:11:32","modified_gmt":"2024-11-26T11:11:32","slug":"schlusselplatte-messing-vertikal-xxl-37x460mm-2-stuck","status":"publish","type":"product","link":"https:\/\/partsandpieces.nl\/de\/product\/sleutelplaat-messing-verticaal-xxl-37x460mm-2-stuks\/","title":{"rendered":"Schl\u00fcsselplatte Messing vertikal XXL 37x460mm (2 St\u00fcck)"},"content":{"rendered":"<p><strong>Schl\u00fcsselplatte Messing vertikal XXL 37x460mm (2 St\u00fcck)<\/strong> ist eine sehr gro\u00dfe Schl\u00fcsselplatte aus Zamak* mit Messingfinish. Das Schl\u00fcsselschild ist f\u00fcr eine gro\u00dfe T\u00fcr gedacht und ein echter Hingucker.<\/p>\n<p><strong>Ma\u00dfe<br \/>\n<\/strong>Schl\u00fcsselplatte Messing vertikal XXL 37x460mm (2 St\u00fcck) hat eine Breite von 37mm und eine H\u00f6he von 460mm. Das Schl\u00fcsselloch ist 20 mm hoch.<\/p>\n<p><strong>Bearbeiten<br \/>\n<\/strong>Sie k\u00f6nnen die Schl\u00fcsselplatte mit 8 Schrauben montieren. Ich werde diese Schrauben NICHT mit Ihrer Bestellung verschicken.<\/p>\n<p>* Zamak ist eine Legierung mit Zink als Hauptbestandteil. Es hat einen relativ niedrigen Schmelzpunkt und ist leicht zu gie\u00dfen. Der Name ist ein Akronym, abgeleitet von den Anfangsbuchstaben der deutschen Bezeichnungen f\u00fcr die Metalle, aus denen sich der Werkstoff zusammensetzt: Zink, Aluminium, MAGnesium, Kupfer. Zamak wird in der Auto- und M\u00f6belindustrie f\u00fcr T\u00fcrgriffe, Griffe, Logos und Zierleisten verwendet. Es wird auch h\u00e4ufig als Ersatz f\u00fcr das giftige Blei verwendet.<\/p>","protected":false},"excerpt":{"rendered":"<p>Sleutelplaat Messing verticaal XXL 37x460mm (2 stuks) is een zeer grote sleutelplaat gemaakt van zamak* met een messing afwerking. De sleutelplaat is bedoeld voor een grote deur en is een echte blikvanger. Afmetingen Sleutelplaat Messing verticaal XXL 37x460mm (2 stuks) heeft een breedte van 37mm en een hoogte van 460mm. Het sleutelgat is 20mm hoog. [&hellip;]<\/p>\n","protected":false},"featured_media":7620,"template":"","meta":{"_acf_changed":false},"product_brand":[],"product_cat":[23,48],"product_tag":[],"class_list":{"0":"post-7619","1":"product","2":"type-product","3":"status-publish","4":"has-post-thumbnail","6":"product_cat-meubelbeslag","7":"product_cat-sleutelplaten","9":"first","10":"instock","11":"taxable","12":"shipping-taxable","13":"purchasable","14":"product-type-simple"},"acf":[],"yoast_head":"<!-- This site is optimized with the Yoast SEO plugin v27.3 - https:\/\/yoast.com\/product\/yoast-seo-wordpress\/ -->\n<title>Sleutelplaat Messing verticaal XXL 37x460mm (2 stuks)<\/title>\n<meta name=\"description\" content=\"Sleutelplaat Messing verticaal XXL 37x460mm (2 stuks) is een zeer grote sleutelplaat gemaakt van zamak* met een messing afwerking.\" \/>\n<meta name=\"robots\" content=\"index, follow, max-snippet:-1, max-image-preview:large, max-video-preview:-1\" \/>\n<link rel=\"canonical\" href=\"https:\/\/partsandpieces.nl\/de\/produkt\/schlusselplatte-messing-vertikal-xxl-37x460mm-2-stuck\/\" \/>\n<meta property=\"og:locale\" content=\"de_DE\" \/>\n<meta property=\"og:type\" content=\"article\" \/>\n<meta property=\"og:title\" content=\"Sleutelplaat Messing verticaal XXL 37x460mm (2 stuks)\" \/>\n<meta property=\"og:description\" content=\"Sleutelplaat Messing verticaal XXL 37x460mm (2 stuks) is een zeer grote sleutelplaat gemaakt van zamak* met een messing afwerking.\" \/>\n<meta property=\"og:url\" content=\"https:\/\/partsandpieces.nl\/de\/produkt\/schlusselplatte-messing-vertikal-xxl-37x460mm-2-stuck\/\" \/>\n<meta property=\"og:site_name\" content=\"Parts &amp; Pieces\" \/>\n<meta property=\"article:modified_time\" content=\"2024-11-26T11:11:32+00:00\" \/>\n<meta property=\"og:image\" content=\"https:\/\/partsandpieces.nl\/wp-content\/uploads\/2023\/10\/Sleutelplaat-Messing-verticaal-XXL-37x460mm-2-stuks.jpg\" \/>\n\t<meta property=\"og:image:width\" content=\"480\" \/>\n\t<meta property=\"og:image:height\" content=\"527\" \/>\n\t<meta property=\"og:image:type\" content=\"image\/jpeg\" \/>\n<meta name=\"twitter:card\" content=\"summary_large_image\" \/>\n<meta name=\"twitter:label1\" content=\"Gesch\u00e4tzte Lesezeit\" \/>\n\t<meta name=\"twitter:data1\" content=\"1\u00a0Minute\" \/>\n<script type=\"application\/ld+json\" class=\"yoast-schema-graph\">{\"@context\":\"https:\\\/\\\/schema.org\",\"@graph\":[{\"@type\":\"WebPage\",\"@id\":\"https:\\\/\\\/partsandpieces.nl\\\/product\\\/sleutelplaat-messing-verticaal-xxl-37x460mm-2-stuks\\\/\",\"url\":\"https:\\\/\\\/partsandpieces.nl\\\/product\\\/sleutelplaat-messing-verticaal-xxl-37x460mm-2-stuks\\\/\",\"name\":\"Sleutelplaat Messing verticaal XXL 37x460mm (2 stuks)\",\"isPartOf\":{\"@id\":\"https:\\\/\\\/partsandpieces.nl\\\/#website\"},\"primaryImageOfPage\":{\"@id\":\"https:\\\/\\\/partsandpieces.nl\\\/product\\\/sleutelplaat-messing-verticaal-xxl-37x460mm-2-stuks\\\/#primaryimage\"},\"image\":{\"@id\":\"https:\\\/\\\/partsandpieces.nl\\\/product\\\/sleutelplaat-messing-verticaal-xxl-37x460mm-2-stuks\\\/#primaryimage\"},\"thumbnailUrl\":\"https:\\\/\\\/partsandpieces.nl\\\/wp-content\\\/uploads\\\/2023\\\/10\\\/Sleutelplaat-Messing-verticaal-XXL-37x460mm-2-stuks.jpg\",\"datePublished\":\"2023-10-31T09:29:31+00:00\",\"dateModified\":\"2024-11-26T11:11:32+00:00\",\"description\":\"Sleutelplaat Messing verticaal XXL 37x460mm (2 stuks) is een zeer grote sleutelplaat gemaakt van zamak* met een messing afwerking.\",\"breadcrumb\":{\"@id\":\"https:\\\/\\\/partsandpieces.nl\\\/product\\\/sleutelplaat-messing-verticaal-xxl-37x460mm-2-stuks\\\/#breadcrumb\"},\"inLanguage\":\"de\",\"potentialAction\":[{\"@type\":\"ReadAction\",\"target\":[\"https:\\\/\\\/partsandpieces.nl\\\/product\\\/sleutelplaat-messing-verticaal-xxl-37x460mm-2-stuks\\\/\"]}]},{\"@type\":\"ImageObject\",\"inLanguage\":\"de\",\"@id\":\"https:\\\/\\\/partsandpieces.nl\\\/product\\\/sleutelplaat-messing-verticaal-xxl-37x460mm-2-stuks\\\/#primaryimage\",\"url\":\"https:\\\/\\\/partsandpieces.nl\\\/wp-content\\\/uploads\\\/2023\\\/10\\\/Sleutelplaat-Messing-verticaal-XXL-37x460mm-2-stuks.jpg\",\"contentUrl\":\"https:\\\/\\\/partsandpieces.nl\\\/wp-content\\\/uploads\\\/2023\\\/10\\\/Sleutelplaat-Messing-verticaal-XXL-37x460mm-2-stuks.jpg\",\"width\":480,\"height\":527,\"caption\":\"Sleutelplaat Messing verticaal XXL 37x460mm (2 stuks)\"},{\"@type\":\"BreadcrumbList\",\"@id\":\"https:\\\/\\\/partsandpieces.nl\\\/product\\\/sleutelplaat-messing-verticaal-xxl-37x460mm-2-stuks\\\/#breadcrumb\",\"itemListElement\":[{\"@type\":\"ListItem\",\"position\":1,\"name\":\"Home\",\"item\":\"https:\\\/\\\/partsandpieces.nl\\\/home\\\/\"},{\"@type\":\"ListItem\",\"position\":2,\"name\":\"Winkel\",\"item\":\"https:\\\/\\\/partsandpieces.nl\\\/winkel\\\/\"},{\"@type\":\"ListItem\",\"position\":3,\"name\":\"Sleutelplaat Messing verticaal XXL 37x460mm (2 stuks)\"}]},{\"@type\":\"WebSite\",\"@id\":\"https:\\\/\\\/partsandpieces.nl\\\/#website\",\"url\":\"https:\\\/\\\/partsandpieces.nl\\\/\",\"name\":\"Parts &amp; Pieces\",\"description\":\"Alles voor uw meubelrestauratie en -onderhoud!\",\"potentialAction\":[{\"@type\":\"SearchAction\",\"target\":{\"@type\":\"EntryPoint\",\"urlTemplate\":\"https:\\\/\\\/partsandpieces.nl\\\/?s={search_term_string}\"},\"query-input\":{\"@type\":\"PropertyValueSpecification\",\"valueRequired\":true,\"valueName\":\"search_term_string\"}}],\"inLanguage\":\"de\"}]}<\/script>\n<!-- \/ Yoast SEO plugin. -->","yoast_head_json":{"title":"Schl\u00fcsselplatte Messing vertikal XXL 37x460mm (2 St\u00fcck)","description":"Schl\u00fcsselplatte Messing vertikal XXL 37x460mm (2 St\u00fcck) ist eine sehr gro\u00dfe Schl\u00fcsselplatte aus Zamak* mit Messingfinish.","robots":{"index":"index","follow":"follow","max-snippet":"max-snippet:-1","max-image-preview":"max-image-preview:large","max-video-preview":"max-video-preview:-1"},"canonical":"https:\/\/partsandpieces.nl\/de\/produkt\/schlusselplatte-messing-vertikal-xxl-37x460mm-2-stuck\/","og_locale":"de_DE","og_type":"article","og_title":"Sleutelplaat Messing verticaal XXL 37x460mm (2 stuks)","og_description":"Sleutelplaat Messing verticaal XXL 37x460mm (2 stuks) is een zeer grote sleutelplaat gemaakt van zamak* met een messing afwerking.","og_url":"https:\/\/partsandpieces.nl\/de\/produkt\/schlusselplatte-messing-vertikal-xxl-37x460mm-2-stuck\/","og_site_name":"Parts &amp; Pieces","article_modified_time":"2024-11-26T11:11:32+00:00","og_image":[{"width":480,"height":527,"url":"https:\/\/partsandpieces.nl\/wp-content\/uploads\/2023\/10\/Sleutelplaat-Messing-verticaal-XXL-37x460mm-2-stuks.jpg","type":"image\/jpeg"}],"twitter_card":"summary_large_image","twitter_misc":{"Gesch\u00e4tzte Lesezeit":"1\u00a0Minute"},"schema":{"@context":"https:\/\/schema.org","@graph":[{"@type":"WebPage","@id":"https:\/\/partsandpieces.nl\/product\/sleutelplaat-messing-verticaal-xxl-37x460mm-2-stuks\/","url":"https:\/\/partsandpieces.nl\/product\/sleutelplaat-messing-verticaal-xxl-37x460mm-2-stuks\/","name":"Schl\u00fcsselplatte Messing vertikal XXL 37x460mm (2 St\u00fcck)","isPartOf":{"@id":"https:\/\/partsandpieces.nl\/#website"},"primaryImageOfPage":{"@id":"https:\/\/partsandpieces.nl\/product\/sleutelplaat-messing-verticaal-xxl-37x460mm-2-stuks\/#primaryimage"},"image":{"@id":"https:\/\/partsandpieces.nl\/product\/sleutelplaat-messing-verticaal-xxl-37x460mm-2-stuks\/#primaryimage"},"thumbnailUrl":"https:\/\/partsandpieces.nl\/wp-content\/uploads\/2023\/10\/Sleutelplaat-Messing-verticaal-XXL-37x460mm-2-stuks.jpg","datePublished":"2023-10-31T09:29:31+00:00","dateModified":"2024-11-26T11:11:32+00:00","description":"Schl\u00fcsselplatte Messing vertikal XXL 37x460mm (2 St\u00fcck) ist eine sehr gro\u00dfe Schl\u00fcsselplatte aus Zamak* mit Messingfinish.","breadcrumb":{"@id":"https:\/\/partsandpieces.nl\/product\/sleutelplaat-messing-verticaal-xxl-37x460mm-2-stuks\/#breadcrumb"},"inLanguage":"de","potentialAction":[{"@type":"ReadAction","target":["https:\/\/partsandpieces.nl\/product\/sleutelplaat-messing-verticaal-xxl-37x460mm-2-stuks\/"]}]},{"@type":"ImageObject","inLanguage":"de","@id":"https:\/\/partsandpieces.nl\/product\/sleutelplaat-messing-verticaal-xxl-37x460mm-2-stuks\/#primaryimage","url":"https:\/\/partsandpieces.nl\/wp-content\/uploads\/2023\/10\/Sleutelplaat-Messing-verticaal-XXL-37x460mm-2-stuks.jpg","contentUrl":"https:\/\/partsandpieces.nl\/wp-content\/uploads\/2023\/10\/Sleutelplaat-Messing-verticaal-XXL-37x460mm-2-stuks.jpg","width":480,"height":527,"caption":"Sleutelplaat Messing verticaal XXL 37x460mm (2 stuks)"},{"@type":"BreadcrumbList","@id":"https:\/\/partsandpieces.nl\/product\/sleutelplaat-messing-verticaal-xxl-37x460mm-2-stuks\/#breadcrumb","itemListElement":[{"@type":"ListItem","position":1,"name":"Home","item":"https:\/\/partsandpieces.nl\/home\/"},{"@type":"ListItem","position":2,"name":"Winkel","item":"https:\/\/partsandpieces.nl\/winkel\/"},{"@type":"ListItem","position":3,"name":"Sleutelplaat Messing verticaal XXL 37x460mm (2 stuks)"}]},{"@type":"WebSite","@id":"https:\/\/partsandpieces.nl\/#website","url":"https:\/\/partsandpieces.nl\/","name":"Teile &amp; St\u00fccke","description":"Alles f\u00fcr Ihre M\u00f6belrestaurierung und -pflege!","potentialAction":[{"@type":"SearchAction","target":{"@type":"EntryPoint","urlTemplate":"https:\/\/partsandpieces.nl\/?s={search_term_string}"},"query-input":{"@type":"PropertyValueSpecification","valueRequired":true,"valueName":"search_term_string"}}],"inLanguage":"de"}]}},"_links":{"self":[{"href":"https:\/\/partsandpieces.nl\/de\/wp-json\/wp\/v2\/product\/7619","targetHints":{"allow":["GET"]}}],"collection":[{"href":"https:\/\/partsandpieces.nl\/de\/wp-json\/wp\/v2\/product"}],"about":[{"href":"https:\/\/partsandpieces.nl\/de\/wp-json\/wp\/v2\/types\/product"}],"wp:featuredmedia":[{"embeddable":true,"href":"https:\/\/partsandpieces.nl\/de\/wp-json\/wp\/v2\/media\/7620"}],"wp:attachment":[{"href":"https:\/\/partsandpieces.nl\/de\/wp-json\/wp\/v2\/media?parent=7619"}],"wp:term":[{"taxonomy":"product_brand","embeddable":true,"href":"https:\/\/partsandpieces.nl\/de\/wp-json\/wp\/v2\/product_brand?post=7619"},{"taxonomy":"product_cat","embeddable":true,"href":"https:\/\/partsandpieces.nl\/de\/wp-json\/wp\/v2\/product_cat?post=7619"},{"taxonomy":"product_tag","embeddable":true,"href":"https:\/\/partsandpieces.nl\/de\/wp-json\/wp\/v2\/product_tag?post=7619"}],"curies":[{"name":"wp","href":"https:\/\/api.w.org\/{rel}","templated":true}]}}