{"id":762,"date":"2020-07-22T09:59:33","date_gmt":"2020-07-22T09:59:33","guid":{"rendered":"https:\/\/partsandpieces.bonsaidev.nl\/?product=komgreep-ijzer-geroest-80x30mm"},"modified":"2025-09-14T14:42:04","modified_gmt":"2025-09-14T12:42:04","slug":"tassengriff-eisen-verrostet-dunn-80mm","status":"publish","type":"product","link":"https:\/\/partsandpieces.nl\/de\/product\/komgreep-ijzer-geroest-dun-80mm\/","title":{"rendered":"Tassenhenkel Eisen gerostet d\u00fcnn 80mm"},"content":{"rendered":"<p><strong>Tassenhenkel Eisen gerostet d\u00fcnn 80mm<\/strong>\u00a0ist ein d\u00fcnner gestanzter Tassenhenkel aus Eisen mit rostigem Finish. Der Rost am Fingerzug ist nicht zu sehen! Dieser Fingergriff passt gut auf Ihre rustikalen M\u00f6bel.<\/p>\n<p>Diesen Fingergriff habe ich in den Formaten 80mm u <a href=\"https:\/\/partsandpieces.nl\/de\/produkt\/tassengriff-eisen-verrostet-dunn-100mm\/\"><span style=\"text-decoration: underline;\">100mm<\/span><\/a>.<\/p>\n<p>Dieser hochwertige Ziehgriff wird in Italien hergestellt.<\/p>\n<p><strong>Ma\u00dfe<br \/>\n<\/strong>Dieser Tassenhenkel Eisen gerostet d\u00fcnn 80 mm hat eine Breite von 80 mm und eine H\u00f6he von 33 mm. Nach der Montage ragt dieser Muschelgriff 17 mm heraus. Die Schale ist etwa 60 mm breit.<\/p>\n<p><strong>Bearbeiten<br \/>\n<\/strong>Sie k\u00f6nnen den Fingerzug mit montieren\u00a0<a href=\"https:\/\/partsandpieces.nl\/de\/produkt\/schrauben-mit-rundkopf-antikbronze-mit-schlitz-2-x-14-mm\/\">Schrauben Rundkopf Antik Bronze mit Schlitz (2x14mm)<\/a>. Ich schicke diese Schraube\u00a0<strong>FREI<\/strong>\u00a0mit Ihrer Bestellung.<\/p>","protected":false},"excerpt":{"rendered":"<p>Komgreep IJzer geroest dun 80mm\u00a0is een dunne gestanste komgreep gemaakt van ijzer met een roestige finish. De roest op de komgreep geeft niet af! Deze komgreep past goed op je rustieke meubel. Ik heb deze komgreep op voorraad in de formaten 80mm en 100mm. Deze kwalitatief uitstekende komgreep is gemaakt in Itali\u00eb. Afmetingen Deze Komgreep [&hellip;]<\/p>\n","protected":false},"featured_media":4847,"template":"","meta":{"_acf_changed":false},"product_brand":[],"product_cat":[39,23],"product_tag":[],"class_list":{"0":"post-762","1":"product","2":"type-product","3":"status-publish","4":"has-post-thumbnail","6":"product_cat-komgrepen","7":"product_cat-meubelbeslag","9":"first","10":"instock","11":"taxable","12":"shipping-taxable","13":"purchasable","14":"product-type-simple"},"acf":[],"yoast_head":"<!-- This site is optimized with the Yoast SEO plugin v27.3 - https:\/\/yoast.com\/product\/yoast-seo-wordpress\/ -->\n<title>Komgreep IJzer geroest 80mm dun<\/title>\n<meta name=\"description\" content=\"Komgreep IJzer geroest dun 80mm\u00a0is een dunne gestanste komgreep gemaakt van ijzer met een roestige finish. Deze komgreep past goed op je rustieke meubel.\" \/>\n<meta name=\"robots\" content=\"index, follow, max-snippet:-1, max-image-preview:large, max-video-preview:-1\" \/>\n<link rel=\"canonical\" href=\"https:\/\/partsandpieces.nl\/de\/produkt\/tassengriff-eisen-verrostet-dunn-80mm\/\" \/>\n<meta property=\"og:locale\" content=\"de_DE\" \/>\n<meta property=\"og:type\" content=\"article\" \/>\n<meta property=\"og:title\" content=\"Komgreep IJzer geroest 80mm dun\" \/>\n<meta property=\"og:description\" content=\"Komgreep IJzer geroest dun 80mm\u00a0is een dunne gestanste komgreep gemaakt van ijzer met een roestige finish. Deze komgreep past goed op je rustieke meubel.\" \/>\n<meta property=\"og:url\" content=\"https:\/\/partsandpieces.nl\/de\/produkt\/tassengriff-eisen-verrostet-dunn-80mm\/\" \/>\n<meta property=\"og:site_name\" content=\"Parts &amp; Pieces\" \/>\n<meta property=\"article:modified_time\" content=\"2025-09-14T12:42:04+00:00\" \/>\n<meta property=\"og:image\" content=\"https:\/\/partsandpieces.nl\/wp-content\/uploads\/2020\/07\/Komgreep-IJzer-geroest-dun-80mm.jpg\" \/>\n\t<meta property=\"og:image:width\" content=\"480\" \/>\n\t<meta property=\"og:image:height\" content=\"640\" \/>\n\t<meta property=\"og:image:type\" content=\"image\/jpeg\" \/>\n<meta name=\"twitter:card\" content=\"summary_large_image\" \/>\n<meta name=\"twitter:label1\" content=\"Gesch\u00e4tzte Lesezeit\" \/>\n\t<meta name=\"twitter:data1\" content=\"1\u00a0Minute\" \/>\n<script type=\"application\/ld+json\" class=\"yoast-schema-graph\">{\"@context\":\"https:\\\/\\\/schema.org\",\"@graph\":[{\"@type\":\"WebPage\",\"@id\":\"https:\\\/\\\/partsandpieces.nl\\\/product\\\/komgreep-ijzer-geroest-dun-80mm\\\/\",\"url\":\"https:\\\/\\\/partsandpieces.nl\\\/product\\\/komgreep-ijzer-geroest-dun-80mm\\\/\",\"name\":\"Komgreep IJzer geroest 80mm dun\",\"isPartOf\":{\"@id\":\"https:\\\/\\\/partsandpieces.nl\\\/#website\"},\"primaryImageOfPage\":{\"@id\":\"https:\\\/\\\/partsandpieces.nl\\\/product\\\/komgreep-ijzer-geroest-dun-80mm\\\/#primaryimage\"},\"image\":{\"@id\":\"https:\\\/\\\/partsandpieces.nl\\\/product\\\/komgreep-ijzer-geroest-dun-80mm\\\/#primaryimage\"},\"thumbnailUrl\":\"https:\\\/\\\/partsandpieces.nl\\\/wp-content\\\/uploads\\\/2020\\\/07\\\/Komgreep-IJzer-geroest-dun-80mm.jpg\",\"datePublished\":\"2020-07-22T09:59:33+00:00\",\"dateModified\":\"2025-09-14T12:42:04+00:00\",\"description\":\"Komgreep IJzer geroest dun 80mm\u00a0is een dunne gestanste komgreep gemaakt van ijzer met een roestige finish. Deze komgreep past goed op je rustieke meubel.\",\"breadcrumb\":{\"@id\":\"https:\\\/\\\/partsandpieces.nl\\\/product\\\/komgreep-ijzer-geroest-dun-80mm\\\/#breadcrumb\"},\"inLanguage\":\"de\",\"potentialAction\":[{\"@type\":\"ReadAction\",\"target\":[\"https:\\\/\\\/partsandpieces.nl\\\/product\\\/komgreep-ijzer-geroest-dun-80mm\\\/\"]}]},{\"@type\":\"ImageObject\",\"inLanguage\":\"de\",\"@id\":\"https:\\\/\\\/partsandpieces.nl\\\/product\\\/komgreep-ijzer-geroest-dun-80mm\\\/#primaryimage\",\"url\":\"https:\\\/\\\/partsandpieces.nl\\\/wp-content\\\/uploads\\\/2020\\\/07\\\/Komgreep-IJzer-geroest-dun-80mm.jpg\",\"contentUrl\":\"https:\\\/\\\/partsandpieces.nl\\\/wp-content\\\/uploads\\\/2020\\\/07\\\/Komgreep-IJzer-geroest-dun-80mm.jpg\",\"width\":480,\"height\":640,\"caption\":\"Komgreep IJzer geroest dun 80mm\"},{\"@type\":\"BreadcrumbList\",\"@id\":\"https:\\\/\\\/partsandpieces.nl\\\/product\\\/komgreep-ijzer-geroest-dun-80mm\\\/#breadcrumb\",\"itemListElement\":[{\"@type\":\"ListItem\",\"position\":1,\"name\":\"Home\",\"item\":\"https:\\\/\\\/partsandpieces.nl\\\/home\\\/\"},{\"@type\":\"ListItem\",\"position\":2,\"name\":\"Winkel\",\"item\":\"https:\\\/\\\/partsandpieces.nl\\\/winkel\\\/\"},{\"@type\":\"ListItem\",\"position\":3,\"name\":\"Komgreep IJzer geroest dun 80mm\"}]},{\"@type\":\"WebSite\",\"@id\":\"https:\\\/\\\/partsandpieces.nl\\\/#website\",\"url\":\"https:\\\/\\\/partsandpieces.nl\\\/\",\"name\":\"Parts &amp; Pieces\",\"description\":\"Alles voor uw meubelrestauratie en -onderhoud!\",\"potentialAction\":[{\"@type\":\"SearchAction\",\"target\":{\"@type\":\"EntryPoint\",\"urlTemplate\":\"https:\\\/\\\/partsandpieces.nl\\\/?s={search_term_string}\"},\"query-input\":{\"@type\":\"PropertyValueSpecification\",\"valueRequired\":true,\"valueName\":\"search_term_string\"}}],\"inLanguage\":\"de\"}]}<\/script>\n<!-- \/ Yoast SEO plugin. -->","yoast_head_json":{"title":"Tassenhenkel Eisen gerostet 80mm d\u00fcnn","description":"Tassenhenkel Eisen rostig d\u00fcnn 80 mm ist ein d\u00fcnner Tassenhenkel aus Eisen mit rostigem Finish. Dieser Fingergriff passt gut zu Ihren rustikalen M\u00f6beln.","robots":{"index":"index","follow":"follow","max-snippet":"max-snippet:-1","max-image-preview":"max-image-preview:large","max-video-preview":"max-video-preview:-1"},"canonical":"https:\/\/partsandpieces.nl\/de\/produkt\/tassengriff-eisen-verrostet-dunn-80mm\/","og_locale":"de_DE","og_type":"article","og_title":"Komgreep IJzer geroest 80mm dun","og_description":"Komgreep IJzer geroest dun 80mm\u00a0is een dunne gestanste komgreep gemaakt van ijzer met een roestige finish. Deze komgreep past goed op je rustieke meubel.","og_url":"https:\/\/partsandpieces.nl\/de\/produkt\/tassengriff-eisen-verrostet-dunn-80mm\/","og_site_name":"Parts &amp; Pieces","article_modified_time":"2025-09-14T12:42:04+00:00","og_image":[{"width":480,"height":640,"url":"https:\/\/partsandpieces.nl\/wp-content\/uploads\/2020\/07\/Komgreep-IJzer-geroest-dun-80mm.jpg","type":"image\/jpeg"}],"twitter_card":"summary_large_image","twitter_misc":{"Gesch\u00e4tzte Lesezeit":"1\u00a0Minute"},"schema":{"@context":"https:\/\/schema.org","@graph":[{"@type":"WebPage","@id":"https:\/\/partsandpieces.nl\/product\/komgreep-ijzer-geroest-dun-80mm\/","url":"https:\/\/partsandpieces.nl\/product\/komgreep-ijzer-geroest-dun-80mm\/","name":"Tassenhenkel Eisen gerostet 80mm d\u00fcnn","isPartOf":{"@id":"https:\/\/partsandpieces.nl\/#website"},"primaryImageOfPage":{"@id":"https:\/\/partsandpieces.nl\/product\/komgreep-ijzer-geroest-dun-80mm\/#primaryimage"},"image":{"@id":"https:\/\/partsandpieces.nl\/product\/komgreep-ijzer-geroest-dun-80mm\/#primaryimage"},"thumbnailUrl":"https:\/\/partsandpieces.nl\/wp-content\/uploads\/2020\/07\/Komgreep-IJzer-geroest-dun-80mm.jpg","datePublished":"2020-07-22T09:59:33+00:00","dateModified":"2025-09-14T12:42:04+00:00","description":"Tassenhenkel Eisen rostig d\u00fcnn 80 mm ist ein d\u00fcnner Tassenhenkel aus Eisen mit rostigem Finish. Dieser Fingergriff passt gut zu Ihren rustikalen M\u00f6beln.","breadcrumb":{"@id":"https:\/\/partsandpieces.nl\/product\/komgreep-ijzer-geroest-dun-80mm\/#breadcrumb"},"inLanguage":"de","potentialAction":[{"@type":"ReadAction","target":["https:\/\/partsandpieces.nl\/product\/komgreep-ijzer-geroest-dun-80mm\/"]}]},{"@type":"ImageObject","inLanguage":"de","@id":"https:\/\/partsandpieces.nl\/product\/komgreep-ijzer-geroest-dun-80mm\/#primaryimage","url":"https:\/\/partsandpieces.nl\/wp-content\/uploads\/2020\/07\/Komgreep-IJzer-geroest-dun-80mm.jpg","contentUrl":"https:\/\/partsandpieces.nl\/wp-content\/uploads\/2020\/07\/Komgreep-IJzer-geroest-dun-80mm.jpg","width":480,"height":640,"caption":"Komgreep IJzer geroest dun 80mm"},{"@type":"BreadcrumbList","@id":"https:\/\/partsandpieces.nl\/product\/komgreep-ijzer-geroest-dun-80mm\/#breadcrumb","itemListElement":[{"@type":"ListItem","position":1,"name":"Home","item":"https:\/\/partsandpieces.nl\/home\/"},{"@type":"ListItem","position":2,"name":"Winkel","item":"https:\/\/partsandpieces.nl\/winkel\/"},{"@type":"ListItem","position":3,"name":"Komgreep IJzer geroest dun 80mm"}]},{"@type":"WebSite","@id":"https:\/\/partsandpieces.nl\/#website","url":"https:\/\/partsandpieces.nl\/","name":"Teile &amp; St\u00fccke","description":"Alles f\u00fcr Ihre M\u00f6belrestaurierung und -pflege!","potentialAction":[{"@type":"SearchAction","target":{"@type":"EntryPoint","urlTemplate":"https:\/\/partsandpieces.nl\/?s={search_term_string}"},"query-input":{"@type":"PropertyValueSpecification","valueRequired":true,"valueName":"search_term_string"}}],"inLanguage":"de"}]}},"_links":{"self":[{"href":"https:\/\/partsandpieces.nl\/de\/wp-json\/wp\/v2\/product\/762","targetHints":{"allow":["GET"]}}],"collection":[{"href":"https:\/\/partsandpieces.nl\/de\/wp-json\/wp\/v2\/product"}],"about":[{"href":"https:\/\/partsandpieces.nl\/de\/wp-json\/wp\/v2\/types\/product"}],"wp:featuredmedia":[{"embeddable":true,"href":"https:\/\/partsandpieces.nl\/de\/wp-json\/wp\/v2\/media\/4847"}],"wp:attachment":[{"href":"https:\/\/partsandpieces.nl\/de\/wp-json\/wp\/v2\/media?parent=762"}],"wp:term":[{"taxonomy":"product_brand","embeddable":true,"href":"https:\/\/partsandpieces.nl\/de\/wp-json\/wp\/v2\/product_brand?post=762"},{"taxonomy":"product_cat","embeddable":true,"href":"https:\/\/partsandpieces.nl\/de\/wp-json\/wp\/v2\/product_cat?post=762"},{"taxonomy":"product_tag","embeddable":true,"href":"https:\/\/partsandpieces.nl\/de\/wp-json\/wp\/v2\/product_tag?post=762"}],"curies":[{"name":"wp","href":"https:\/\/api.w.org\/{rel}","templated":true}]}}