{"id":765,"date":"2020-07-22T10:01:23","date_gmt":"2020-07-22T08:01:23","guid":{"rendered":"https:\/\/partsandpieces.bonsaidev.nl\/?product=komgreep-ijzer-geroest-100x40mm"},"modified":"2026-03-02T10:34:20","modified_gmt":"2026-03-02T09:34:20","slug":"tassengriff-eisen-verrostet-dunn-100mm","status":"publish","type":"product","link":"https:\/\/partsandpieces.nl\/de\/product\/komgreep-ijzer-geroest-dun-100mm\/","title":{"rendered":"Tassenhenkel Eisen gerostet d\u00fcnn 100mm"},"content":{"rendered":"<p><strong>Tassenhenkel Eisen gerostet d\u00fcnn 100mm<\/strong> ist ein d\u00fcnner gestanzter Tassenhenkel aus Eisen mit rostigem Finish. Der Rost am Fingerzug ist nicht zu sehen! Dieser Fingergriff passt gut auf Ihre rustikalen M\u00f6bel.<\/p>\n<p>Diesen Fingergriff habe ich in den Formaten 100mm u <a href=\"https:\/\/partsandpieces.nl\/de\/produkt\/tassengriff-eisen-verrostet-dunn-80mm\/\"><span style=\"text-decoration: underline;\">80mm<\/span><\/a>.<\/p>\n<p>Dieser hochwertige Ziehgriff wird in Italien hergestellt.<\/p>\n<p><strong>Ma\u00dfe<br \/>\n<\/strong>Dieser Tassenhenkel Eisen gerostet d\u00fcnn 100 mm hat eine Breite von 100 mm und eine H\u00f6he von 40 mm. Nach der Montage ragt dieser Muschelgriff 20 mm heraus. Die Schale ist etwa 75 mm breit.<\/p>\n<p><strong>Bearbeiten<br \/>\n<\/strong>Sie k\u00f6nnen den Fingerzug mit montieren <a href=\"https:\/\/partsandpieces.nl\/de\/produkt\/schrauben-mit-rundkopf-antikbronze-mit-schlitz-2-x-14-mm\/\">Schrauben Rundkopf Antik Bronze mit Schlitz (2x14mm)<\/a>. Ich schicke diese Schraube <strong>FREI<\/strong> mit Ihrer Bestellung.<\/p>","protected":false},"excerpt":{"rendered":"<p>Komgreep IJzer geroest dun 100mm is een dunne gestanste komgreep gemaakt van ijzer met een roestige finish. De roest op de komgreep geeft niet af! Deze komgreep past goed op je rustieke meubel. Ik heb deze komgreep op voorraad in de formaten 100mm en 80mm. Deze kwalitatief uitstekende komgreep is gemaakt in Itali\u00eb. Afmetingen Deze [&hellip;]<\/p>\n","protected":false},"featured_media":4845,"template":"","meta":{"_acf_changed":false},"product_brand":[],"product_cat":[39,23],"product_tag":[],"class_list":{"0":"post-765","1":"product","2":"type-product","3":"status-publish","4":"has-post-thumbnail","6":"product_cat-komgrepen","7":"product_cat-meubelbeslag","9":"first","10":"instock","11":"taxable","12":"shipping-taxable","13":"purchasable","14":"product-type-simple"},"acf":[],"yoast_head":"<!-- This site is optimized with the Yoast SEO plugin v27.3 - https:\/\/yoast.com\/product\/yoast-seo-wordpress\/ -->\n<title>Komgreep IJzer geroest 100mm dun<\/title>\n<meta name=\"description\" content=\"Komgreep IJzer geroest dun 100mm is een dunne gestanste komgreep gemaakt van ijzer met een roestige finish. Deze komgreep past goed op je rustieke meubel.\" \/>\n<meta name=\"robots\" content=\"index, follow, max-snippet:-1, max-image-preview:large, max-video-preview:-1\" \/>\n<link rel=\"canonical\" href=\"https:\/\/partsandpieces.nl\/de\/produkt\/tassengriff-eisen-verrostet-dunn-100mm\/\" \/>\n<meta property=\"og:locale\" content=\"de_DE\" \/>\n<meta property=\"og:type\" content=\"article\" \/>\n<meta property=\"og:title\" content=\"Komgreep IJzer geroest 100mm dun\" \/>\n<meta property=\"og:description\" content=\"Komgreep IJzer geroest dun 100mm is een dunne gestanste komgreep gemaakt van ijzer met een roestige finish. Deze komgreep past goed op je rustieke meubel.\" \/>\n<meta property=\"og:url\" content=\"https:\/\/partsandpieces.nl\/de\/produkt\/tassengriff-eisen-verrostet-dunn-100mm\/\" \/>\n<meta property=\"og:site_name\" content=\"Parts &amp; Pieces\" \/>\n<meta property=\"article:modified_time\" content=\"2026-03-02T09:34:20+00:00\" \/>\n<meta property=\"og:image\" content=\"https:\/\/partsandpieces.nl\/wp-content\/uploads\/2020\/07\/Komgreep-IJzer-geroest-dun-100mm.jpg\" \/>\n\t<meta property=\"og:image:width\" content=\"480\" \/>\n\t<meta property=\"og:image:height\" content=\"640\" \/>\n\t<meta property=\"og:image:type\" content=\"image\/jpeg\" \/>\n<meta name=\"twitter:card\" content=\"summary_large_image\" \/>\n<meta name=\"twitter:label1\" content=\"Gesch\u00e4tzte Lesezeit\" \/>\n\t<meta name=\"twitter:data1\" content=\"1\u00a0Minute\" \/>\n<script type=\"application\/ld+json\" class=\"yoast-schema-graph\">{\"@context\":\"https:\\\/\\\/schema.org\",\"@graph\":[{\"@type\":\"WebPage\",\"@id\":\"https:\\\/\\\/partsandpieces.nl\\\/product\\\/komgreep-ijzer-geroest-dun-100mm\\\/\",\"url\":\"https:\\\/\\\/partsandpieces.nl\\\/product\\\/komgreep-ijzer-geroest-dun-100mm\\\/\",\"name\":\"Komgreep IJzer geroest 100mm dun\",\"isPartOf\":{\"@id\":\"https:\\\/\\\/partsandpieces.nl\\\/#website\"},\"primaryImageOfPage\":{\"@id\":\"https:\\\/\\\/partsandpieces.nl\\\/product\\\/komgreep-ijzer-geroest-dun-100mm\\\/#primaryimage\"},\"image\":{\"@id\":\"https:\\\/\\\/partsandpieces.nl\\\/product\\\/komgreep-ijzer-geroest-dun-100mm\\\/#primaryimage\"},\"thumbnailUrl\":\"https:\\\/\\\/partsandpieces.nl\\\/wp-content\\\/uploads\\\/2020\\\/07\\\/Komgreep-IJzer-geroest-dun-100mm.jpg\",\"datePublished\":\"2020-07-22T08:01:23+00:00\",\"dateModified\":\"2026-03-02T09:34:20+00:00\",\"description\":\"Komgreep IJzer geroest dun 100mm is een dunne gestanste komgreep gemaakt van ijzer met een roestige finish. Deze komgreep past goed op je rustieke meubel.\",\"breadcrumb\":{\"@id\":\"https:\\\/\\\/partsandpieces.nl\\\/product\\\/komgreep-ijzer-geroest-dun-100mm\\\/#breadcrumb\"},\"inLanguage\":\"de\",\"potentialAction\":[{\"@type\":\"ReadAction\",\"target\":[\"https:\\\/\\\/partsandpieces.nl\\\/product\\\/komgreep-ijzer-geroest-dun-100mm\\\/\"]}]},{\"@type\":\"ImageObject\",\"inLanguage\":\"de\",\"@id\":\"https:\\\/\\\/partsandpieces.nl\\\/product\\\/komgreep-ijzer-geroest-dun-100mm\\\/#primaryimage\",\"url\":\"https:\\\/\\\/partsandpieces.nl\\\/wp-content\\\/uploads\\\/2020\\\/07\\\/Komgreep-IJzer-geroest-dun-100mm.jpg\",\"contentUrl\":\"https:\\\/\\\/partsandpieces.nl\\\/wp-content\\\/uploads\\\/2020\\\/07\\\/Komgreep-IJzer-geroest-dun-100mm.jpg\",\"width\":480,\"height\":640,\"caption\":\"Komgreep IJzer geroest dun 100mm\"},{\"@type\":\"BreadcrumbList\",\"@id\":\"https:\\\/\\\/partsandpieces.nl\\\/product\\\/komgreep-ijzer-geroest-dun-100mm\\\/#breadcrumb\",\"itemListElement\":[{\"@type\":\"ListItem\",\"position\":1,\"name\":\"Home\",\"item\":\"https:\\\/\\\/partsandpieces.nl\\\/home\\\/\"},{\"@type\":\"ListItem\",\"position\":2,\"name\":\"Winkel\",\"item\":\"https:\\\/\\\/partsandpieces.nl\\\/winkel\\\/\"},{\"@type\":\"ListItem\",\"position\":3,\"name\":\"Komgreep IJzer geroest dun 100mm\"}]},{\"@type\":\"WebSite\",\"@id\":\"https:\\\/\\\/partsandpieces.nl\\\/#website\",\"url\":\"https:\\\/\\\/partsandpieces.nl\\\/\",\"name\":\"Parts &amp; Pieces\",\"description\":\"Alles voor uw meubelrestauratie en -onderhoud!\",\"potentialAction\":[{\"@type\":\"SearchAction\",\"target\":{\"@type\":\"EntryPoint\",\"urlTemplate\":\"https:\\\/\\\/partsandpieces.nl\\\/?s={search_term_string}\"},\"query-input\":{\"@type\":\"PropertyValueSpecification\",\"valueRequired\":true,\"valueName\":\"search_term_string\"}}],\"inLanguage\":\"de\"}]}<\/script>\n<!-- \/ Yoast SEO plugin. -->","yoast_head_json":{"title":"Tassenhenkel Eisen verrostet 100mm d\u00fcnn","description":"Tassenhenkel Eisen rostig d\u00fcnn 100 mm ist ein d\u00fcnner Tassenhenkel aus gestanztem Eisen mit rostigem Finish. Dieser Fingergriff passt gut auf Ihre rustikalen M\u00f6bel.","robots":{"index":"index","follow":"follow","max-snippet":"max-snippet:-1","max-image-preview":"max-image-preview:large","max-video-preview":"max-video-preview:-1"},"canonical":"https:\/\/partsandpieces.nl\/de\/produkt\/tassengriff-eisen-verrostet-dunn-100mm\/","og_locale":"de_DE","og_type":"article","og_title":"Komgreep IJzer geroest 100mm dun","og_description":"Komgreep IJzer geroest dun 100mm is een dunne gestanste komgreep gemaakt van ijzer met een roestige finish. Deze komgreep past goed op je rustieke meubel.","og_url":"https:\/\/partsandpieces.nl\/de\/produkt\/tassengriff-eisen-verrostet-dunn-100mm\/","og_site_name":"Parts &amp; Pieces","article_modified_time":"2026-03-02T09:34:20+00:00","og_image":[{"width":480,"height":640,"url":"https:\/\/partsandpieces.nl\/wp-content\/uploads\/2020\/07\/Komgreep-IJzer-geroest-dun-100mm.jpg","type":"image\/jpeg"}],"twitter_card":"summary_large_image","twitter_misc":{"Gesch\u00e4tzte Lesezeit":"1\u00a0Minute"},"schema":{"@context":"https:\/\/schema.org","@graph":[{"@type":"WebPage","@id":"https:\/\/partsandpieces.nl\/product\/komgreep-ijzer-geroest-dun-100mm\/","url":"https:\/\/partsandpieces.nl\/product\/komgreep-ijzer-geroest-dun-100mm\/","name":"Tassenhenkel Eisen verrostet 100mm d\u00fcnn","isPartOf":{"@id":"https:\/\/partsandpieces.nl\/#website"},"primaryImageOfPage":{"@id":"https:\/\/partsandpieces.nl\/product\/komgreep-ijzer-geroest-dun-100mm\/#primaryimage"},"image":{"@id":"https:\/\/partsandpieces.nl\/product\/komgreep-ijzer-geroest-dun-100mm\/#primaryimage"},"thumbnailUrl":"https:\/\/partsandpieces.nl\/wp-content\/uploads\/2020\/07\/Komgreep-IJzer-geroest-dun-100mm.jpg","datePublished":"2020-07-22T08:01:23+00:00","dateModified":"2026-03-02T09:34:20+00:00","description":"Tassenhenkel Eisen rostig d\u00fcnn 100 mm ist ein d\u00fcnner Tassenhenkel aus gestanztem Eisen mit rostigem Finish. Dieser Fingergriff passt gut auf Ihre rustikalen M\u00f6bel.","breadcrumb":{"@id":"https:\/\/partsandpieces.nl\/product\/komgreep-ijzer-geroest-dun-100mm\/#breadcrumb"},"inLanguage":"de","potentialAction":[{"@type":"ReadAction","target":["https:\/\/partsandpieces.nl\/product\/komgreep-ijzer-geroest-dun-100mm\/"]}]},{"@type":"ImageObject","inLanguage":"de","@id":"https:\/\/partsandpieces.nl\/product\/komgreep-ijzer-geroest-dun-100mm\/#primaryimage","url":"https:\/\/partsandpieces.nl\/wp-content\/uploads\/2020\/07\/Komgreep-IJzer-geroest-dun-100mm.jpg","contentUrl":"https:\/\/partsandpieces.nl\/wp-content\/uploads\/2020\/07\/Komgreep-IJzer-geroest-dun-100mm.jpg","width":480,"height":640,"caption":"Komgreep IJzer geroest dun 100mm"},{"@type":"BreadcrumbList","@id":"https:\/\/partsandpieces.nl\/product\/komgreep-ijzer-geroest-dun-100mm\/#breadcrumb","itemListElement":[{"@type":"ListItem","position":1,"name":"Home","item":"https:\/\/partsandpieces.nl\/home\/"},{"@type":"ListItem","position":2,"name":"Winkel","item":"https:\/\/partsandpieces.nl\/winkel\/"},{"@type":"ListItem","position":3,"name":"Komgreep IJzer geroest dun 100mm"}]},{"@type":"WebSite","@id":"https:\/\/partsandpieces.nl\/#website","url":"https:\/\/partsandpieces.nl\/","name":"Teile &amp; St\u00fccke","description":"Alles f\u00fcr Ihre M\u00f6belrestaurierung und -pflege!","potentialAction":[{"@type":"SearchAction","target":{"@type":"EntryPoint","urlTemplate":"https:\/\/partsandpieces.nl\/?s={search_term_string}"},"query-input":{"@type":"PropertyValueSpecification","valueRequired":true,"valueName":"search_term_string"}}],"inLanguage":"de"}]}},"_links":{"self":[{"href":"https:\/\/partsandpieces.nl\/de\/wp-json\/wp\/v2\/product\/765","targetHints":{"allow":["GET"]}}],"collection":[{"href":"https:\/\/partsandpieces.nl\/de\/wp-json\/wp\/v2\/product"}],"about":[{"href":"https:\/\/partsandpieces.nl\/de\/wp-json\/wp\/v2\/types\/product"}],"wp:featuredmedia":[{"embeddable":true,"href":"https:\/\/partsandpieces.nl\/de\/wp-json\/wp\/v2\/media\/4845"}],"wp:attachment":[{"href":"https:\/\/partsandpieces.nl\/de\/wp-json\/wp\/v2\/media?parent=765"}],"wp:term":[{"taxonomy":"product_brand","embeddable":true,"href":"https:\/\/partsandpieces.nl\/de\/wp-json\/wp\/v2\/product_brand?post=765"},{"taxonomy":"product_cat","embeddable":true,"href":"https:\/\/partsandpieces.nl\/de\/wp-json\/wp\/v2\/product_cat?post=765"},{"taxonomy":"product_tag","embeddable":true,"href":"https:\/\/partsandpieces.nl\/de\/wp-json\/wp\/v2\/product_tag?post=765"}],"curies":[{"name":"wp","href":"https:\/\/api.w.org\/{rel}","templated":true}]}}