{"id":767,"date":"2020-07-22T10:03:06","date_gmt":"2020-07-22T10:03:06","guid":{"rendered":"https:\/\/partsandpieces.bonsaidev.nl\/?product=komgreep-messing-95x38mm"},"modified":"2026-03-04T19:15:49","modified_gmt":"2026-03-04T18:15:49","slug":"tassengriff-dunn-glanzend-geripptes-motiv-95-mm","status":"publish","type":"product","link":"https:\/\/partsandpieces.nl\/de\/product\/komgreep-dun-glanzend-ribbel-motief-95mm\/","title":{"rendered":"Bechergriff D\u00fcnnes gl\u00e4nzendes geripptes Motiv 95 mm"},"content":{"rendered":"<p><strong>Bechergriff D\u00fcnnes gl\u00e4nzendes geripptes Motiv 95 mm<\/strong> ist ein d\u00fcnner, gepr\u00e4gter Muschelgriff mit gl\u00e4nzender Messingpolitur. Der Griff hat ein geripptes Motiv oder, wenn Sie m\u00f6chten, ein Bild einer untergehenden Sonne.<\/p>\n<p><strong>Ma\u00dfe<br \/>\n<\/strong>Der Ziehgriff hat eine Gesamtbreite von 95 mm. Nach der Montage ragt dieser Ziehgriff ca. 16 mm heraus. Die Schale ist etwa 73 mm breit und 30 mm hoch.<\/p>\n<p><strong>Bearbeiten<br \/>\n<\/strong>Sie montieren den Muschelgriff mit 3 Schrauben. Ich liefere diese Schrauben NICHT mit dem Griff.<\/p>","protected":false},"excerpt":{"rendered":"<p>Komgreep Dun Glanzend Ribbel motief 95mm is een dunne, gestanste schelpgreep met een glanzend messing polijst finish. De greep heeft een ribbel motief of zo je wilt een afbeelding van een ondergaande zon. Afmetingen De komgreep heeft een totale breedte van 95mm. Na montage steekt deze komgreep ongeveer 16mm uit. De kom is ongeveer 73mm [&hellip;]<\/p>\n","protected":false},"featured_media":5194,"template":"","meta":{"_acf_changed":false},"product_brand":[],"product_cat":[39,23],"product_tag":[],"class_list":{"0":"post-767","1":"product","2":"type-product","3":"status-publish","4":"has-post-thumbnail","6":"product_cat-komgrepen","7":"product_cat-meubelbeslag","9":"first","10":"instock","11":"taxable","12":"shipping-taxable","13":"purchasable","14":"product-type-simple"},"acf":[],"yoast_head":"<!-- This site is optimized with the Yoast SEO plugin v27.3 - https:\/\/yoast.com\/product\/yoast-seo-wordpress\/ -->\n<title>Komgreep Glanzend Ribbel 95mm<\/title>\n<meta name=\"description\" content=\"Komgreep Dun Glanzend Ribbel motief 95mm is een schelpgreep met een glanzend messing polijst finish. De greep heeft en afbeelding van een ondergaande zon.\" \/>\n<meta name=\"robots\" content=\"index, follow, max-snippet:-1, max-image-preview:large, max-video-preview:-1\" \/>\n<link rel=\"canonical\" href=\"https:\/\/partsandpieces.nl\/de\/produkt\/tassengriff-dunn-glanzend-geripptes-motiv-95-mm\/\" \/>\n<meta property=\"og:locale\" content=\"de_DE\" \/>\n<meta property=\"og:type\" content=\"article\" \/>\n<meta property=\"og:title\" content=\"Komgreep Glanzend Ribbel 95mm\" \/>\n<meta property=\"og:description\" content=\"Komgreep Dun Glanzend Ribbel motief 95mm is een schelpgreep met een glanzend messing polijst finish. De greep heeft en afbeelding van een ondergaande zon.\" \/>\n<meta property=\"og:url\" content=\"https:\/\/partsandpieces.nl\/de\/produkt\/tassengriff-dunn-glanzend-geripptes-motiv-95-mm\/\" \/>\n<meta property=\"og:site_name\" content=\"Parts &amp; Pieces\" \/>\n<meta property=\"article:modified_time\" content=\"2026-03-04T18:15:49+00:00\" \/>\n<meta property=\"og:image\" content=\"https:\/\/partsandpieces.nl\/wp-content\/uploads\/2020\/07\/Komgreep-Dun-Glanzend-Ribbel-motief-95mm.jpg\" \/>\n\t<meta property=\"og:image:width\" content=\"480\" \/>\n\t<meta property=\"og:image:height\" content=\"480\" \/>\n\t<meta property=\"og:image:type\" content=\"image\/jpeg\" \/>\n<meta name=\"twitter:card\" content=\"summary_large_image\" \/>\n<meta name=\"twitter:label1\" content=\"Gesch\u00e4tzte Lesezeit\" \/>\n\t<meta name=\"twitter:data1\" content=\"1\u00a0Minute\" \/>\n<script type=\"application\/ld+json\" class=\"yoast-schema-graph\">{\"@context\":\"https:\\\/\\\/schema.org\",\"@graph\":[{\"@type\":\"WebPage\",\"@id\":\"https:\\\/\\\/partsandpieces.nl\\\/product\\\/komgreep-dun-glanzend-ribbel-motief-95mm\\\/\",\"url\":\"https:\\\/\\\/partsandpieces.nl\\\/product\\\/komgreep-dun-glanzend-ribbel-motief-95mm\\\/\",\"name\":\"Komgreep Glanzend Ribbel 95mm\",\"isPartOf\":{\"@id\":\"https:\\\/\\\/partsandpieces.nl\\\/#website\"},\"primaryImageOfPage\":{\"@id\":\"https:\\\/\\\/partsandpieces.nl\\\/product\\\/komgreep-dun-glanzend-ribbel-motief-95mm\\\/#primaryimage\"},\"image\":{\"@id\":\"https:\\\/\\\/partsandpieces.nl\\\/product\\\/komgreep-dun-glanzend-ribbel-motief-95mm\\\/#primaryimage\"},\"thumbnailUrl\":\"https:\\\/\\\/partsandpieces.nl\\\/wp-content\\\/uploads\\\/2020\\\/07\\\/Komgreep-Dun-Glanzend-Ribbel-motief-95mm.jpg\",\"datePublished\":\"2020-07-22T10:03:06+00:00\",\"dateModified\":\"2026-03-04T18:15:49+00:00\",\"description\":\"Komgreep Dun Glanzend Ribbel motief 95mm is een schelpgreep met een glanzend messing polijst finish. De greep heeft en afbeelding van een ondergaande zon.\",\"breadcrumb\":{\"@id\":\"https:\\\/\\\/partsandpieces.nl\\\/product\\\/komgreep-dun-glanzend-ribbel-motief-95mm\\\/#breadcrumb\"},\"inLanguage\":\"de\",\"potentialAction\":[{\"@type\":\"ReadAction\",\"target\":[\"https:\\\/\\\/partsandpieces.nl\\\/product\\\/komgreep-dun-glanzend-ribbel-motief-95mm\\\/\"]}]},{\"@type\":\"ImageObject\",\"inLanguage\":\"de\",\"@id\":\"https:\\\/\\\/partsandpieces.nl\\\/product\\\/komgreep-dun-glanzend-ribbel-motief-95mm\\\/#primaryimage\",\"url\":\"https:\\\/\\\/partsandpieces.nl\\\/wp-content\\\/uploads\\\/2020\\\/07\\\/Komgreep-Dun-Glanzend-Ribbel-motief-95mm.jpg\",\"contentUrl\":\"https:\\\/\\\/partsandpieces.nl\\\/wp-content\\\/uploads\\\/2020\\\/07\\\/Komgreep-Dun-Glanzend-Ribbel-motief-95mm.jpg\",\"width\":480,\"height\":480,\"caption\":\"Komgreep Dun Glanzend Ribbel motief 95mm\"},{\"@type\":\"BreadcrumbList\",\"@id\":\"https:\\\/\\\/partsandpieces.nl\\\/product\\\/komgreep-dun-glanzend-ribbel-motief-95mm\\\/#breadcrumb\",\"itemListElement\":[{\"@type\":\"ListItem\",\"position\":1,\"name\":\"Home\",\"item\":\"https:\\\/\\\/partsandpieces.nl\\\/home\\\/\"},{\"@type\":\"ListItem\",\"position\":2,\"name\":\"Winkel\",\"item\":\"https:\\\/\\\/partsandpieces.nl\\\/winkel\\\/\"},{\"@type\":\"ListItem\",\"position\":3,\"name\":\"Komgreep Dun Glanzend Ribbel motief 95mm\"}]},{\"@type\":\"WebSite\",\"@id\":\"https:\\\/\\\/partsandpieces.nl\\\/#website\",\"url\":\"https:\\\/\\\/partsandpieces.nl\\\/\",\"name\":\"Parts &amp; Pieces\",\"description\":\"Alles voor uw meubelrestauratie en -onderhoud!\",\"potentialAction\":[{\"@type\":\"SearchAction\",\"target\":{\"@type\":\"EntryPoint\",\"urlTemplate\":\"https:\\\/\\\/partsandpieces.nl\\\/?s={search_term_string}\"},\"query-input\":{\"@type\":\"PropertyValueSpecification\",\"valueRequired\":true,\"valueName\":\"search_term_string\"}}],\"inLanguage\":\"de\"}]}<\/script>\n<!-- \/ Yoast SEO plugin. -->","yoast_head_json":{"title":"Bechergriff Gl\u00e4nzend gerippt 95mm","description":"Schalengriff Thin Shiny Ribbed Motiv 95 mm ist ein Muschelgriff mit gl\u00e4nzender Messingpolitur. Der Griff hat ein Bild einer untergehenden Sonne.","robots":{"index":"index","follow":"follow","max-snippet":"max-snippet:-1","max-image-preview":"max-image-preview:large","max-video-preview":"max-video-preview:-1"},"canonical":"https:\/\/partsandpieces.nl\/de\/produkt\/tassengriff-dunn-glanzend-geripptes-motiv-95-mm\/","og_locale":"de_DE","og_type":"article","og_title":"Komgreep Glanzend Ribbel 95mm","og_description":"Komgreep Dun Glanzend Ribbel motief 95mm is een schelpgreep met een glanzend messing polijst finish. De greep heeft en afbeelding van een ondergaande zon.","og_url":"https:\/\/partsandpieces.nl\/de\/produkt\/tassengriff-dunn-glanzend-geripptes-motiv-95-mm\/","og_site_name":"Parts &amp; Pieces","article_modified_time":"2026-03-04T18:15:49+00:00","og_image":[{"width":480,"height":480,"url":"https:\/\/partsandpieces.nl\/wp-content\/uploads\/2020\/07\/Komgreep-Dun-Glanzend-Ribbel-motief-95mm.jpg","type":"image\/jpeg"}],"twitter_card":"summary_large_image","twitter_misc":{"Gesch\u00e4tzte Lesezeit":"1\u00a0Minute"},"schema":{"@context":"https:\/\/schema.org","@graph":[{"@type":"WebPage","@id":"https:\/\/partsandpieces.nl\/product\/komgreep-dun-glanzend-ribbel-motief-95mm\/","url":"https:\/\/partsandpieces.nl\/product\/komgreep-dun-glanzend-ribbel-motief-95mm\/","name":"Bechergriff Gl\u00e4nzend gerippt 95mm","isPartOf":{"@id":"https:\/\/partsandpieces.nl\/#website"},"primaryImageOfPage":{"@id":"https:\/\/partsandpieces.nl\/product\/komgreep-dun-glanzend-ribbel-motief-95mm\/#primaryimage"},"image":{"@id":"https:\/\/partsandpieces.nl\/product\/komgreep-dun-glanzend-ribbel-motief-95mm\/#primaryimage"},"thumbnailUrl":"https:\/\/partsandpieces.nl\/wp-content\/uploads\/2020\/07\/Komgreep-Dun-Glanzend-Ribbel-motief-95mm.jpg","datePublished":"2020-07-22T10:03:06+00:00","dateModified":"2026-03-04T18:15:49+00:00","description":"Schalengriff Thin Shiny Ribbed Motiv 95 mm ist ein Muschelgriff mit gl\u00e4nzender Messingpolitur. Der Griff hat ein Bild einer untergehenden Sonne.","breadcrumb":{"@id":"https:\/\/partsandpieces.nl\/product\/komgreep-dun-glanzend-ribbel-motief-95mm\/#breadcrumb"},"inLanguage":"de","potentialAction":[{"@type":"ReadAction","target":["https:\/\/partsandpieces.nl\/product\/komgreep-dun-glanzend-ribbel-motief-95mm\/"]}]},{"@type":"ImageObject","inLanguage":"de","@id":"https:\/\/partsandpieces.nl\/product\/komgreep-dun-glanzend-ribbel-motief-95mm\/#primaryimage","url":"https:\/\/partsandpieces.nl\/wp-content\/uploads\/2020\/07\/Komgreep-Dun-Glanzend-Ribbel-motief-95mm.jpg","contentUrl":"https:\/\/partsandpieces.nl\/wp-content\/uploads\/2020\/07\/Komgreep-Dun-Glanzend-Ribbel-motief-95mm.jpg","width":480,"height":480,"caption":"Komgreep Dun Glanzend Ribbel motief 95mm"},{"@type":"BreadcrumbList","@id":"https:\/\/partsandpieces.nl\/product\/komgreep-dun-glanzend-ribbel-motief-95mm\/#breadcrumb","itemListElement":[{"@type":"ListItem","position":1,"name":"Home","item":"https:\/\/partsandpieces.nl\/home\/"},{"@type":"ListItem","position":2,"name":"Winkel","item":"https:\/\/partsandpieces.nl\/winkel\/"},{"@type":"ListItem","position":3,"name":"Komgreep Dun Glanzend Ribbel motief 95mm"}]},{"@type":"WebSite","@id":"https:\/\/partsandpieces.nl\/#website","url":"https:\/\/partsandpieces.nl\/","name":"Teile &amp; St\u00fccke","description":"Alles f\u00fcr Ihre M\u00f6belrestaurierung und -pflege!","potentialAction":[{"@type":"SearchAction","target":{"@type":"EntryPoint","urlTemplate":"https:\/\/partsandpieces.nl\/?s={search_term_string}"},"query-input":{"@type":"PropertyValueSpecification","valueRequired":true,"valueName":"search_term_string"}}],"inLanguage":"de"}]}},"_links":{"self":[{"href":"https:\/\/partsandpieces.nl\/de\/wp-json\/wp\/v2\/product\/767","targetHints":{"allow":["GET"]}}],"collection":[{"href":"https:\/\/partsandpieces.nl\/de\/wp-json\/wp\/v2\/product"}],"about":[{"href":"https:\/\/partsandpieces.nl\/de\/wp-json\/wp\/v2\/types\/product"}],"wp:featuredmedia":[{"embeddable":true,"href":"https:\/\/partsandpieces.nl\/de\/wp-json\/wp\/v2\/media\/5194"}],"wp:attachment":[{"href":"https:\/\/partsandpieces.nl\/de\/wp-json\/wp\/v2\/media?parent=767"}],"wp:term":[{"taxonomy":"product_brand","embeddable":true,"href":"https:\/\/partsandpieces.nl\/de\/wp-json\/wp\/v2\/product_brand?post=767"},{"taxonomy":"product_cat","embeddable":true,"href":"https:\/\/partsandpieces.nl\/de\/wp-json\/wp\/v2\/product_cat?post=767"},{"taxonomy":"product_tag","embeddable":true,"href":"https:\/\/partsandpieces.nl\/de\/wp-json\/wp\/v2\/product_tag?post=767"}],"curies":[{"name":"wp","href":"https:\/\/api.w.org\/{rel}","templated":true}]}}