{"id":7675,"date":"2023-11-08T10:59:38","date_gmt":"2023-11-08T09:59:38","guid":{"rendered":"https:\/\/partsandpieces.nl\/?post_type=product&#038;p=7675"},"modified":"2025-07-02T07:56:32","modified_gmt":"2025-07-02T05:56:32","slug":"kronenornament-messinggussschale-380x95mm","status":"publish","type":"product","link":"https:\/\/partsandpieces.nl\/de\/product\/kroon-ornament-messing-gegoten-schelp-380x95mm\/","title":{"rendered":"Kronenornament Messingguss &#039;Muschel&#039; 380x95mm"},"content":{"rendered":"<p><strong>Kronenornament Messingguss &#039;Muschel&#039; 380x95mm<\/strong> ist eine wundersch\u00f6ne Dekoration aus massivem Messing f\u00fcr Ihre M\u00f6bel. Dies ist eine schwere Qualit\u00e4tsdekoration. Es wiegt nicht weniger als 500 Gramm! Die Dekoration ist als Krone beispielsweise auf einem Schrank gedacht.<\/p>\n<p><strong>Ma\u00dfe<\/strong><br \/>\nKronenornament \u201eMuschel\u201c aus Gussmessing, 380 x 95 mm, ist 380 mm breit und 95 mm hoch.<\/p>\n<p><strong>Bearbeiten<\/strong><br \/>\nSie k\u00f6nnen das Ornament mit 3 Schrauben befestigen. Ich werde diese Schrauben NICHT mit Ihrer Bestellung verschicken.<\/p>","protected":false},"excerpt":{"rendered":"<p>Kroon ornament Messing gegoten &#8216;Schelp&#8217; 380x95mm is een prachtige massief messing decoratie voor op je meubel. Het betreft een decoratie van zware kwaliteit. Het weegt maar liefst 500 gram! De decoratie is bedoeld als kroon op bijvoorbeeld een kast. Afmetingen Kroon ornament Messing gegoten &#8216;Schelp&#8217; 380x95mm is 380mm breed en 95mm hoog. Montage Je kunt [&hellip;]<\/p>\n","protected":false},"featured_media":7676,"template":"","meta":{"_acf_changed":false},"product_brand":[],"product_cat":[27,23],"product_tag":[],"class_list":{"0":"post-7675","1":"product","2":"type-product","3":"status-publish","4":"has-post-thumbnail","6":"product_cat-decoratieve-plaatjes-en-rozetten","7":"product_cat-meubelbeslag","9":"first","10":"instock","11":"taxable","12":"shipping-taxable","13":"purchasable","14":"product-type-simple"},"acf":[],"yoast_head":"<!-- This site is optimized with the Yoast SEO plugin v27.3 - https:\/\/yoast.com\/product\/yoast-seo-wordpress\/ -->\n<title>Kroon ornament Messing gegoten &#039;Schelp&#039; 380x95mm<\/title>\n<meta name=\"description\" content=\"Kroon ornament Messing gegoten &#039;Schelp&#039; 380x95mm is een prachtige massief messing decoratie voor op je meubel. Betreft een decoratie van zware kwaliteit.\" \/>\n<meta name=\"robots\" content=\"index, follow, max-snippet:-1, max-image-preview:large, max-video-preview:-1\" \/>\n<link rel=\"canonical\" href=\"https:\/\/partsandpieces.nl\/de\/produkt\/kronenornament-messinggussschale-380x95mm\/\" \/>\n<meta property=\"og:locale\" content=\"de_DE\" \/>\n<meta property=\"og:type\" content=\"article\" \/>\n<meta property=\"og:title\" content=\"Kroon ornament Messing gegoten &#039;Schelp&#039; 380x95mm\" \/>\n<meta property=\"og:description\" content=\"Kroon ornament Messing gegoten &#039;Schelp&#039; 380x95mm is een prachtige massief messing decoratie voor op je meubel. Betreft een decoratie van zware kwaliteit.\" \/>\n<meta property=\"og:url\" content=\"https:\/\/partsandpieces.nl\/de\/produkt\/kronenornament-messinggussschale-380x95mm\/\" \/>\n<meta property=\"og:site_name\" content=\"Parts &amp; Pieces\" \/>\n<meta property=\"article:modified_time\" content=\"2025-07-02T05:56:32+00:00\" \/>\n<meta property=\"og:image\" content=\"https:\/\/partsandpieces.nl\/wp-content\/uploads\/2023\/11\/Kroon-ornament-Messing-gegoten-Schelp-380x95mm.jpg\" \/>\n\t<meta property=\"og:image:width\" content=\"461\" \/>\n\t<meta property=\"og:image:height\" content=\"459\" \/>\n\t<meta property=\"og:image:type\" content=\"image\/jpeg\" \/>\n<meta name=\"twitter:card\" content=\"summary_large_image\" \/>\n<meta name=\"twitter:label1\" content=\"Gesch\u00e4tzte Lesezeit\" \/>\n\t<meta name=\"twitter:data1\" content=\"1\u00a0Minute\" \/>\n<script type=\"application\/ld+json\" class=\"yoast-schema-graph\">{\"@context\":\"https:\\\/\\\/schema.org\",\"@graph\":[{\"@type\":\"WebPage\",\"@id\":\"https:\\\/\\\/partsandpieces.nl\\\/product\\\/kroon-ornament-messing-gegoten-schelp-380x95mm\\\/\",\"url\":\"https:\\\/\\\/partsandpieces.nl\\\/product\\\/kroon-ornament-messing-gegoten-schelp-380x95mm\\\/\",\"name\":\"Kroon ornament Messing gegoten 'Schelp' 380x95mm\",\"isPartOf\":{\"@id\":\"https:\\\/\\\/partsandpieces.nl\\\/#website\"},\"primaryImageOfPage\":{\"@id\":\"https:\\\/\\\/partsandpieces.nl\\\/product\\\/kroon-ornament-messing-gegoten-schelp-380x95mm\\\/#primaryimage\"},\"image\":{\"@id\":\"https:\\\/\\\/partsandpieces.nl\\\/product\\\/kroon-ornament-messing-gegoten-schelp-380x95mm\\\/#primaryimage\"},\"thumbnailUrl\":\"https:\\\/\\\/partsandpieces.nl\\\/wp-content\\\/uploads\\\/2023\\\/11\\\/Kroon-ornament-Messing-gegoten-Schelp-380x95mm.jpg\",\"datePublished\":\"2023-11-08T09:59:38+00:00\",\"dateModified\":\"2025-07-02T05:56:32+00:00\",\"description\":\"Kroon ornament Messing gegoten 'Schelp' 380x95mm is een prachtige massief messing decoratie voor op je meubel. Betreft een decoratie van zware kwaliteit.\",\"breadcrumb\":{\"@id\":\"https:\\\/\\\/partsandpieces.nl\\\/product\\\/kroon-ornament-messing-gegoten-schelp-380x95mm\\\/#breadcrumb\"},\"inLanguage\":\"de\",\"potentialAction\":[{\"@type\":\"ReadAction\",\"target\":[\"https:\\\/\\\/partsandpieces.nl\\\/product\\\/kroon-ornament-messing-gegoten-schelp-380x95mm\\\/\"]}]},{\"@type\":\"ImageObject\",\"inLanguage\":\"de\",\"@id\":\"https:\\\/\\\/partsandpieces.nl\\\/product\\\/kroon-ornament-messing-gegoten-schelp-380x95mm\\\/#primaryimage\",\"url\":\"https:\\\/\\\/partsandpieces.nl\\\/wp-content\\\/uploads\\\/2023\\\/11\\\/Kroon-ornament-Messing-gegoten-Schelp-380x95mm.jpg\",\"contentUrl\":\"https:\\\/\\\/partsandpieces.nl\\\/wp-content\\\/uploads\\\/2023\\\/11\\\/Kroon-ornament-Messing-gegoten-Schelp-380x95mm.jpg\",\"width\":461,\"height\":459,\"caption\":\"Kroon ornament Messing gegoten 'Schelp' 380x95mm\"},{\"@type\":\"BreadcrumbList\",\"@id\":\"https:\\\/\\\/partsandpieces.nl\\\/product\\\/kroon-ornament-messing-gegoten-schelp-380x95mm\\\/#breadcrumb\",\"itemListElement\":[{\"@type\":\"ListItem\",\"position\":1,\"name\":\"Home\",\"item\":\"https:\\\/\\\/partsandpieces.nl\\\/home\\\/\"},{\"@type\":\"ListItem\",\"position\":2,\"name\":\"Winkel\",\"item\":\"https:\\\/\\\/partsandpieces.nl\\\/winkel\\\/\"},{\"@type\":\"ListItem\",\"position\":3,\"name\":\"Kroon ornament Messing gegoten &#8216;Schelp&#8217; 380x95mm\"}]},{\"@type\":\"WebSite\",\"@id\":\"https:\\\/\\\/partsandpieces.nl\\\/#website\",\"url\":\"https:\\\/\\\/partsandpieces.nl\\\/\",\"name\":\"Parts &amp; Pieces\",\"description\":\"Alles voor uw meubelrestauratie en -onderhoud!\",\"potentialAction\":[{\"@type\":\"SearchAction\",\"target\":{\"@type\":\"EntryPoint\",\"urlTemplate\":\"https:\\\/\\\/partsandpieces.nl\\\/?s={search_term_string}\"},\"query-input\":{\"@type\":\"PropertyValueSpecification\",\"valueRequired\":true,\"valueName\":\"search_term_string\"}}],\"inLanguage\":\"de\"}]}<\/script>\n<!-- \/ Yoast SEO plugin. -->","yoast_head_json":{"title":"Kronenornament Messingguss &#039;Muschel&#039; 380x95mm","description":"Kronenornament aus Messingguss \u201eMuschel\u201c 380 x 95 mm ist eine wundersch\u00f6ne Dekoration aus massivem Messing f\u00fcr Ihre M\u00f6bel. Dies ist eine schwere Qualit\u00e4tsdekoration.","robots":{"index":"index","follow":"follow","max-snippet":"max-snippet:-1","max-image-preview":"max-image-preview:large","max-video-preview":"max-video-preview:-1"},"canonical":"https:\/\/partsandpieces.nl\/de\/produkt\/kronenornament-messinggussschale-380x95mm\/","og_locale":"de_DE","og_type":"article","og_title":"Kroon ornament Messing gegoten 'Schelp' 380x95mm","og_description":"Kroon ornament Messing gegoten 'Schelp' 380x95mm is een prachtige massief messing decoratie voor op je meubel. Betreft een decoratie van zware kwaliteit.","og_url":"https:\/\/partsandpieces.nl\/de\/produkt\/kronenornament-messinggussschale-380x95mm\/","og_site_name":"Parts &amp; Pieces","article_modified_time":"2025-07-02T05:56:32+00:00","og_image":[{"width":461,"height":459,"url":"https:\/\/partsandpieces.nl\/wp-content\/uploads\/2023\/11\/Kroon-ornament-Messing-gegoten-Schelp-380x95mm.jpg","type":"image\/jpeg"}],"twitter_card":"summary_large_image","twitter_misc":{"Gesch\u00e4tzte Lesezeit":"1\u00a0Minute"},"schema":{"@context":"https:\/\/schema.org","@graph":[{"@type":"WebPage","@id":"https:\/\/partsandpieces.nl\/product\/kroon-ornament-messing-gegoten-schelp-380x95mm\/","url":"https:\/\/partsandpieces.nl\/product\/kroon-ornament-messing-gegoten-schelp-380x95mm\/","name":"Kronenornament Messingguss &#039;Muschel&#039; 380x95mm","isPartOf":{"@id":"https:\/\/partsandpieces.nl\/#website"},"primaryImageOfPage":{"@id":"https:\/\/partsandpieces.nl\/product\/kroon-ornament-messing-gegoten-schelp-380x95mm\/#primaryimage"},"image":{"@id":"https:\/\/partsandpieces.nl\/product\/kroon-ornament-messing-gegoten-schelp-380x95mm\/#primaryimage"},"thumbnailUrl":"https:\/\/partsandpieces.nl\/wp-content\/uploads\/2023\/11\/Kroon-ornament-Messing-gegoten-Schelp-380x95mm.jpg","datePublished":"2023-11-08T09:59:38+00:00","dateModified":"2025-07-02T05:56:32+00:00","description":"Kronenornament aus Messingguss \u201eMuschel\u201c 380 x 95 mm ist eine wundersch\u00f6ne Dekoration aus massivem Messing f\u00fcr Ihre M\u00f6bel. Dies ist eine schwere Qualit\u00e4tsdekoration.","breadcrumb":{"@id":"https:\/\/partsandpieces.nl\/product\/kroon-ornament-messing-gegoten-schelp-380x95mm\/#breadcrumb"},"inLanguage":"de","potentialAction":[{"@type":"ReadAction","target":["https:\/\/partsandpieces.nl\/product\/kroon-ornament-messing-gegoten-schelp-380x95mm\/"]}]},{"@type":"ImageObject","inLanguage":"de","@id":"https:\/\/partsandpieces.nl\/product\/kroon-ornament-messing-gegoten-schelp-380x95mm\/#primaryimage","url":"https:\/\/partsandpieces.nl\/wp-content\/uploads\/2023\/11\/Kroon-ornament-Messing-gegoten-Schelp-380x95mm.jpg","contentUrl":"https:\/\/partsandpieces.nl\/wp-content\/uploads\/2023\/11\/Kroon-ornament-Messing-gegoten-Schelp-380x95mm.jpg","width":461,"height":459,"caption":"Kroon ornament Messing gegoten 'Schelp' 380x95mm"},{"@type":"BreadcrumbList","@id":"https:\/\/partsandpieces.nl\/product\/kroon-ornament-messing-gegoten-schelp-380x95mm\/#breadcrumb","itemListElement":[{"@type":"ListItem","position":1,"name":"Home","item":"https:\/\/partsandpieces.nl\/home\/"},{"@type":"ListItem","position":2,"name":"Winkel","item":"https:\/\/partsandpieces.nl\/winkel\/"},{"@type":"ListItem","position":3,"name":"Kroon ornament Messing gegoten &#8216;Schelp&#8217; 380x95mm"}]},{"@type":"WebSite","@id":"https:\/\/partsandpieces.nl\/#website","url":"https:\/\/partsandpieces.nl\/","name":"Teile &amp; St\u00fccke","description":"Alles f\u00fcr Ihre M\u00f6belrestaurierung und -pflege!","potentialAction":[{"@type":"SearchAction","target":{"@type":"EntryPoint","urlTemplate":"https:\/\/partsandpieces.nl\/?s={search_term_string}"},"query-input":{"@type":"PropertyValueSpecification","valueRequired":true,"valueName":"search_term_string"}}],"inLanguage":"de"}]}},"_links":{"self":[{"href":"https:\/\/partsandpieces.nl\/de\/wp-json\/wp\/v2\/product\/7675","targetHints":{"allow":["GET"]}}],"collection":[{"href":"https:\/\/partsandpieces.nl\/de\/wp-json\/wp\/v2\/product"}],"about":[{"href":"https:\/\/partsandpieces.nl\/de\/wp-json\/wp\/v2\/types\/product"}],"wp:featuredmedia":[{"embeddable":true,"href":"https:\/\/partsandpieces.nl\/de\/wp-json\/wp\/v2\/media\/7676"}],"wp:attachment":[{"href":"https:\/\/partsandpieces.nl\/de\/wp-json\/wp\/v2\/media?parent=7675"}],"wp:term":[{"taxonomy":"product_brand","embeddable":true,"href":"https:\/\/partsandpieces.nl\/de\/wp-json\/wp\/v2\/product_brand?post=7675"},{"taxonomy":"product_cat","embeddable":true,"href":"https:\/\/partsandpieces.nl\/de\/wp-json\/wp\/v2\/product_cat?post=7675"},{"taxonomy":"product_tag","embeddable":true,"href":"https:\/\/partsandpieces.nl\/de\/wp-json\/wp\/v2\/product_tag?post=7675"}],"curies":[{"name":"wp","href":"https:\/\/api.w.org\/{rel}","templated":true}]}}