{"id":773,"date":"2020-07-22T10:08:32","date_gmt":"2020-07-22T08:08:32","guid":{"rendered":"https:\/\/partsandpieces.bonsaidev.nl\/?product=shelve-pull-ant-90x45-mm"},"modified":"2025-12-22T12:16:31","modified_gmt":"2025-12-22T11:16:31","slug":"griff-aus-antikem-messing-92-x-45-mm","status":"publish","type":"product","link":"https:\/\/partsandpieces.nl\/de\/product\/komgreep-messing-antiek-92x45mm\/","title":{"rendered":"Antiker Messinggriff 92x45mm"},"content":{"rendered":"<p><strong>Antiker Messinggriff 92x45mm<\/strong> ist ein massiver Muschelgriff aus Eisen mit antikem Messingfinish. Es handelt sich um einen schweren, robusten Tassengriff. Der Sch\u00fcsselgriff ist wundersch\u00f6n verziert.<\/p>\n<p><strong>Ma\u00dfe<br \/>\n<\/strong>Der Tassengriff Messing Antik 92x45mm hat eine Gesamtbreite von 92mm und eine H\u00f6he von 45mm. Nach der Montage ragt dieser Griffmulde ca. 20mm hervor. Die Sch\u00fcssel ist ca. 66 mm breit und 38 mm hoch.<\/p>\n<p><strong>Bearbeiten<br \/>\n<\/strong>Sie k\u00f6nnen den Einbaugriff mit 2 konischen Schrauben montieren. Ich werde diese Schrauben NICHT mit Ihrer Bestellung verschicken.<\/p>","protected":false},"excerpt":{"rendered":"<p>Komgreep Messing Antiek 92x45mm is een massief ijzeren schelpgreep met een antieke messing finish. Het is een zware, robuuste komgreep. De komgreep is prachtig versierd. Afmetingen Komgreep Messing Antiek 92x45mm heeft een totale breedte van 92mm en hoogte van 45mm. Na montage steekt deze komgreep ongeveer 20mm uit. De kom is ongeveer 66mm breed en [&hellip;]<\/p>\n","protected":false},"featured_media":7735,"template":"","meta":{"_acf_changed":false},"product_brand":[],"product_cat":[39,23],"product_tag":[],"class_list":{"0":"post-773","1":"product","2":"type-product","3":"status-publish","4":"has-post-thumbnail","6":"product_cat-komgrepen","7":"product_cat-meubelbeslag","9":"first","10":"instock","11":"taxable","12":"shipping-taxable","13":"purchasable","14":"product-type-simple"},"acf":[],"yoast_head":"<!-- This site is optimized with the Yoast SEO plugin v27.3 - https:\/\/yoast.com\/product\/yoast-seo-wordpress\/ -->\n<title>Komgreep Messing Antiek 92x45mm<\/title>\n<meta name=\"description\" content=\"Komgreep Messing Antiek 92x45mm is een massief ijzeren schelpgreep met een antieke messing finish. Het is een zware, robuuste komgreep.\" \/>\n<meta name=\"robots\" content=\"index, follow, max-snippet:-1, max-image-preview:large, max-video-preview:-1\" \/>\n<link rel=\"canonical\" href=\"https:\/\/partsandpieces.nl\/de\/produkt\/griff-aus-antikem-messing-92-x-45-mm\/\" \/>\n<meta property=\"og:locale\" content=\"de_DE\" \/>\n<meta property=\"og:type\" content=\"article\" \/>\n<meta property=\"og:title\" content=\"Komgreep Messing Antiek 92x45mm\" \/>\n<meta property=\"og:description\" content=\"Komgreep Messing Antiek 92x45mm is een massief ijzeren schelpgreep met een antieke messing finish. Het is een zware, robuuste komgreep.\" \/>\n<meta property=\"og:url\" content=\"https:\/\/partsandpieces.nl\/de\/produkt\/griff-aus-antikem-messing-92-x-45-mm\/\" \/>\n<meta property=\"og:site_name\" content=\"Parts &amp; Pieces\" \/>\n<meta property=\"article:modified_time\" content=\"2025-12-22T11:16:31+00:00\" \/>\n<meta property=\"og:image\" content=\"https:\/\/partsandpieces.nl\/wp-content\/uploads\/2020\/07\/Komgreep-Messing-Antiek-92x45mm.jpg\" \/>\n\t<meta property=\"og:image:width\" content=\"432\" \/>\n\t<meta property=\"og:image:height\" content=\"431\" \/>\n\t<meta property=\"og:image:type\" content=\"image\/jpeg\" \/>\n<meta name=\"twitter:card\" content=\"summary_large_image\" \/>\n<meta name=\"twitter:label1\" content=\"Gesch\u00e4tzte Lesezeit\" \/>\n\t<meta name=\"twitter:data1\" content=\"1\u00a0Minute\" \/>\n<script type=\"application\/ld+json\" class=\"yoast-schema-graph\">{\"@context\":\"https:\\\/\\\/schema.org\",\"@graph\":[{\"@type\":\"WebPage\",\"@id\":\"https:\\\/\\\/partsandpieces.nl\\\/product\\\/komgreep-messing-antiek-92x45mm\\\/\",\"url\":\"https:\\\/\\\/partsandpieces.nl\\\/product\\\/komgreep-messing-antiek-92x45mm\\\/\",\"name\":\"Komgreep Messing Antiek 92x45mm\",\"isPartOf\":{\"@id\":\"https:\\\/\\\/partsandpieces.nl\\\/#website\"},\"primaryImageOfPage\":{\"@id\":\"https:\\\/\\\/partsandpieces.nl\\\/product\\\/komgreep-messing-antiek-92x45mm\\\/#primaryimage\"},\"image\":{\"@id\":\"https:\\\/\\\/partsandpieces.nl\\\/product\\\/komgreep-messing-antiek-92x45mm\\\/#primaryimage\"},\"thumbnailUrl\":\"https:\\\/\\\/partsandpieces.nl\\\/wp-content\\\/uploads\\\/2020\\\/07\\\/Komgreep-Messing-Antiek-92x45mm.jpg\",\"datePublished\":\"2020-07-22T08:08:32+00:00\",\"dateModified\":\"2025-12-22T11:16:31+00:00\",\"description\":\"Komgreep Messing Antiek 92x45mm is een massief ijzeren schelpgreep met een antieke messing finish. Het is een zware, robuuste komgreep.\",\"breadcrumb\":{\"@id\":\"https:\\\/\\\/partsandpieces.nl\\\/product\\\/komgreep-messing-antiek-92x45mm\\\/#breadcrumb\"},\"inLanguage\":\"de\",\"potentialAction\":[{\"@type\":\"ReadAction\",\"target\":[\"https:\\\/\\\/partsandpieces.nl\\\/product\\\/komgreep-messing-antiek-92x45mm\\\/\"]}]},{\"@type\":\"ImageObject\",\"inLanguage\":\"de\",\"@id\":\"https:\\\/\\\/partsandpieces.nl\\\/product\\\/komgreep-messing-antiek-92x45mm\\\/#primaryimage\",\"url\":\"https:\\\/\\\/partsandpieces.nl\\\/wp-content\\\/uploads\\\/2020\\\/07\\\/Komgreep-Messing-Antiek-92x45mm.jpg\",\"contentUrl\":\"https:\\\/\\\/partsandpieces.nl\\\/wp-content\\\/uploads\\\/2020\\\/07\\\/Komgreep-Messing-Antiek-92x45mm.jpg\",\"width\":432,\"height\":431,\"caption\":\"Komgreep Messing Antiek 92x45mm\"},{\"@type\":\"BreadcrumbList\",\"@id\":\"https:\\\/\\\/partsandpieces.nl\\\/product\\\/komgreep-messing-antiek-92x45mm\\\/#breadcrumb\",\"itemListElement\":[{\"@type\":\"ListItem\",\"position\":1,\"name\":\"Home\",\"item\":\"https:\\\/\\\/partsandpieces.nl\\\/home\\\/\"},{\"@type\":\"ListItem\",\"position\":2,\"name\":\"Winkel\",\"item\":\"https:\\\/\\\/partsandpieces.nl\\\/winkel\\\/\"},{\"@type\":\"ListItem\",\"position\":3,\"name\":\"Komgreep Messing Antiek 92x45mm\"}]},{\"@type\":\"WebSite\",\"@id\":\"https:\\\/\\\/partsandpieces.nl\\\/#website\",\"url\":\"https:\\\/\\\/partsandpieces.nl\\\/\",\"name\":\"Parts &amp; Pieces\",\"description\":\"Alles voor uw meubelrestauratie en -onderhoud!\",\"potentialAction\":[{\"@type\":\"SearchAction\",\"target\":{\"@type\":\"EntryPoint\",\"urlTemplate\":\"https:\\\/\\\/partsandpieces.nl\\\/?s={search_term_string}\"},\"query-input\":{\"@type\":\"PropertyValueSpecification\",\"valueRequired\":true,\"valueName\":\"search_term_string\"}}],\"inLanguage\":\"de\"}]}<\/script>\n<!-- \/ Yoast SEO plugin. -->","yoast_head_json":{"title":"Antiker Messinggriff 92x45mm","description":"Der Tassengriff Messing Antik 92 x 45 mm ist ein massiver Muschelgriff aus Eisen mit einer antiken Messingoberfl\u00e4che. Es handelt sich um einen schweren, robusten Tassengriff.","robots":{"index":"index","follow":"follow","max-snippet":"max-snippet:-1","max-image-preview":"max-image-preview:large","max-video-preview":"max-video-preview:-1"},"canonical":"https:\/\/partsandpieces.nl\/de\/produkt\/griff-aus-antikem-messing-92-x-45-mm\/","og_locale":"de_DE","og_type":"article","og_title":"Komgreep Messing Antiek 92x45mm","og_description":"Komgreep Messing Antiek 92x45mm is een massief ijzeren schelpgreep met een antieke messing finish. Het is een zware, robuuste komgreep.","og_url":"https:\/\/partsandpieces.nl\/de\/produkt\/griff-aus-antikem-messing-92-x-45-mm\/","og_site_name":"Parts &amp; Pieces","article_modified_time":"2025-12-22T11:16:31+00:00","og_image":[{"width":432,"height":431,"url":"https:\/\/partsandpieces.nl\/wp-content\/uploads\/2020\/07\/Komgreep-Messing-Antiek-92x45mm.jpg","type":"image\/jpeg"}],"twitter_card":"summary_large_image","twitter_misc":{"Gesch\u00e4tzte Lesezeit":"1\u00a0Minute"},"schema":{"@context":"https:\/\/schema.org","@graph":[{"@type":"WebPage","@id":"https:\/\/partsandpieces.nl\/product\/komgreep-messing-antiek-92x45mm\/","url":"https:\/\/partsandpieces.nl\/product\/komgreep-messing-antiek-92x45mm\/","name":"Antiker Messinggriff 92x45mm","isPartOf":{"@id":"https:\/\/partsandpieces.nl\/#website"},"primaryImageOfPage":{"@id":"https:\/\/partsandpieces.nl\/product\/komgreep-messing-antiek-92x45mm\/#primaryimage"},"image":{"@id":"https:\/\/partsandpieces.nl\/product\/komgreep-messing-antiek-92x45mm\/#primaryimage"},"thumbnailUrl":"https:\/\/partsandpieces.nl\/wp-content\/uploads\/2020\/07\/Komgreep-Messing-Antiek-92x45mm.jpg","datePublished":"2020-07-22T08:08:32+00:00","dateModified":"2025-12-22T11:16:31+00:00","description":"Der Tassengriff Messing Antik 92 x 45 mm ist ein massiver Muschelgriff aus Eisen mit einer antiken Messingoberfl\u00e4che. Es handelt sich um einen schweren, robusten Tassengriff.","breadcrumb":{"@id":"https:\/\/partsandpieces.nl\/product\/komgreep-messing-antiek-92x45mm\/#breadcrumb"},"inLanguage":"de","potentialAction":[{"@type":"ReadAction","target":["https:\/\/partsandpieces.nl\/product\/komgreep-messing-antiek-92x45mm\/"]}]},{"@type":"ImageObject","inLanguage":"de","@id":"https:\/\/partsandpieces.nl\/product\/komgreep-messing-antiek-92x45mm\/#primaryimage","url":"https:\/\/partsandpieces.nl\/wp-content\/uploads\/2020\/07\/Komgreep-Messing-Antiek-92x45mm.jpg","contentUrl":"https:\/\/partsandpieces.nl\/wp-content\/uploads\/2020\/07\/Komgreep-Messing-Antiek-92x45mm.jpg","width":432,"height":431,"caption":"Komgreep Messing Antiek 92x45mm"},{"@type":"BreadcrumbList","@id":"https:\/\/partsandpieces.nl\/product\/komgreep-messing-antiek-92x45mm\/#breadcrumb","itemListElement":[{"@type":"ListItem","position":1,"name":"Home","item":"https:\/\/partsandpieces.nl\/home\/"},{"@type":"ListItem","position":2,"name":"Winkel","item":"https:\/\/partsandpieces.nl\/winkel\/"},{"@type":"ListItem","position":3,"name":"Komgreep Messing Antiek 92x45mm"}]},{"@type":"WebSite","@id":"https:\/\/partsandpieces.nl\/#website","url":"https:\/\/partsandpieces.nl\/","name":"Teile &amp; St\u00fccke","description":"Alles f\u00fcr Ihre M\u00f6belrestaurierung und -pflege!","potentialAction":[{"@type":"SearchAction","target":{"@type":"EntryPoint","urlTemplate":"https:\/\/partsandpieces.nl\/?s={search_term_string}"},"query-input":{"@type":"PropertyValueSpecification","valueRequired":true,"valueName":"search_term_string"}}],"inLanguage":"de"}]}},"_links":{"self":[{"href":"https:\/\/partsandpieces.nl\/de\/wp-json\/wp\/v2\/product\/773","targetHints":{"allow":["GET"]}}],"collection":[{"href":"https:\/\/partsandpieces.nl\/de\/wp-json\/wp\/v2\/product"}],"about":[{"href":"https:\/\/partsandpieces.nl\/de\/wp-json\/wp\/v2\/types\/product"}],"wp:featuredmedia":[{"embeddable":true,"href":"https:\/\/partsandpieces.nl\/de\/wp-json\/wp\/v2\/media\/7735"}],"wp:attachment":[{"href":"https:\/\/partsandpieces.nl\/de\/wp-json\/wp\/v2\/media?parent=773"}],"wp:term":[{"taxonomy":"product_brand","embeddable":true,"href":"https:\/\/partsandpieces.nl\/de\/wp-json\/wp\/v2\/product_brand?post=773"},{"taxonomy":"product_cat","embeddable":true,"href":"https:\/\/partsandpieces.nl\/de\/wp-json\/wp\/v2\/product_cat?post=773"},{"taxonomy":"product_tag","embeddable":true,"href":"https:\/\/partsandpieces.nl\/de\/wp-json\/wp\/v2\/product_tag?post=773"}],"curies":[{"name":"wp","href":"https:\/\/api.w.org\/{rel}","templated":true}]}}