{"id":7738,"date":"2023-11-22T11:20:18","date_gmt":"2023-11-22T10:20:18","guid":{"rendered":"https:\/\/partsandpieces.nl\/?post_type=product&#038;p=7738"},"modified":"2025-06-27T16:42:40","modified_gmt":"2025-06-27T14:42:40","slug":"schlusselplatte-messingwellen-vertikal-37x113mm","status":"publish","type":"product","link":"https:\/\/partsandpieces.nl\/de\/product\/sleutelplaat-messing-golven-verticaal-37x113mm\/","title":{"rendered":"Schl\u00fcsselplatte Messingwellen vertikal 37x113mm"},"content":{"rendered":"<p><strong>Schl\u00fcsselplatte Messingwellen vertikal 37x113mm<\/strong> ist eine sch\u00f6ne Schl\u00fcsselplatte aus Gusseisen mit Messingfinish. Die Schl\u00fcsselplatte ist vertikal ausgerichtet und reich mit Wellenmotiven verziert. Dieses Schl\u00fcsselschild passt gut zu Ihren antiken oder klassischen M\u00f6beln.<\/p>\n<p><strong>Ma\u00dfe<br \/>\n<\/strong>Schl\u00fcsselplatte Messingwellen vertikal 37x113mm hat eine Breite von 37mm und eine H\u00f6he von 113mm. Die Bohrl\u00f6cher haben einen Abstand von ca. 58 mm. Das Schl\u00fcsselloch ist 16 mm hoch.<\/p>\n<p><strong>Bearbeiten<br \/>\n<\/strong>Sie k\u00f6nnen die Schl\u00fcsselplatte mit 2 kleinen Schrauben befestigen. Ich werde diese Schrauben NICHT mit Ihrer Bestellung mitsenden.<\/p>","protected":false},"excerpt":{"rendered":"<p>Sleutelplaat Messing Golven verticaal 37x113mm is een mooie sleutelplaat gemaakt van gegoten ijzer met een messing afwerking. De sleutelplaat is verticaal gericht en rijkelijk versierd met golf motieven. Deze sleutelplaat past goed op je antieke of klassieke meubels. Afmetingen Sleutelplaat Messing Golven verticaal 37x113mm heeft een breedte van 37mm en een hoogte van 113mm. De [&hellip;]<\/p>\n","protected":false},"featured_media":7739,"template":"","meta":{"_acf_changed":false},"product_brand":[],"product_cat":[48],"product_tag":[],"class_list":{"0":"post-7738","1":"product","2":"type-product","3":"status-publish","4":"has-post-thumbnail","6":"product_cat-sleutelplaten","8":"first","9":"instock","10":"taxable","11":"shipping-taxable","12":"purchasable","13":"product-type-simple"},"acf":[],"yoast_head":"<!-- This site is optimized with the Yoast SEO plugin v27.3 - https:\/\/yoast.com\/product\/yoast-seo-wordpress\/ -->\n<title>Sleutelplaat Messing Golven verticaal 37x113mm<\/title>\n<meta name=\"description\" content=\"Sleutelplaat Messing Golven verticaal 37x113mm is verticaal gericht en rijkelijk versierd met golf motieven. Past goed op je antieke of klassieke meubels.\" \/>\n<meta name=\"robots\" content=\"index, follow, max-snippet:-1, max-image-preview:large, max-video-preview:-1\" \/>\n<link rel=\"canonical\" href=\"https:\/\/partsandpieces.nl\/de\/produkt\/schlusselplatte-messingwellen-vertikal-37x113mm\/\" \/>\n<meta property=\"og:locale\" content=\"de_DE\" \/>\n<meta property=\"og:type\" content=\"article\" \/>\n<meta property=\"og:title\" content=\"Sleutelplaat Messing Golven verticaal 37x113mm\" \/>\n<meta property=\"og:description\" content=\"Sleutelplaat Messing Golven verticaal 37x113mm is verticaal gericht en rijkelijk versierd met golf motieven. Past goed op je antieke of klassieke meubels.\" \/>\n<meta property=\"og:url\" content=\"https:\/\/partsandpieces.nl\/de\/produkt\/schlusselplatte-messingwellen-vertikal-37x113mm\/\" \/>\n<meta property=\"og:site_name\" content=\"Parts &amp; Pieces\" \/>\n<meta property=\"article:modified_time\" content=\"2025-06-27T14:42:40+00:00\" \/>\n<meta property=\"og:image\" content=\"https:\/\/partsandpieces.nl\/wp-content\/uploads\/2023\/11\/Sleutelplaat-Messing-Golven-verticaal-37x113mm.jpg\" \/>\n\t<meta property=\"og:image:width\" content=\"400\" \/>\n\t<meta property=\"og:image:height\" content=\"400\" \/>\n\t<meta property=\"og:image:type\" content=\"image\/jpeg\" \/>\n<meta name=\"twitter:card\" content=\"summary_large_image\" \/>\n<meta name=\"twitter:label1\" content=\"Gesch\u00e4tzte Lesezeit\" \/>\n\t<meta name=\"twitter:data1\" content=\"1\u00a0Minute\" \/>\n<script type=\"application\/ld+json\" class=\"yoast-schema-graph\">{\"@context\":\"https:\\\/\\\/schema.org\",\"@graph\":[{\"@type\":\"WebPage\",\"@id\":\"https:\\\/\\\/partsandpieces.nl\\\/product\\\/sleutelplaat-messing-golven-verticaal-37x113mm\\\/\",\"url\":\"https:\\\/\\\/partsandpieces.nl\\\/product\\\/sleutelplaat-messing-golven-verticaal-37x113mm\\\/\",\"name\":\"Sleutelplaat Messing Golven verticaal 37x113mm\",\"isPartOf\":{\"@id\":\"https:\\\/\\\/partsandpieces.nl\\\/#website\"},\"primaryImageOfPage\":{\"@id\":\"https:\\\/\\\/partsandpieces.nl\\\/product\\\/sleutelplaat-messing-golven-verticaal-37x113mm\\\/#primaryimage\"},\"image\":{\"@id\":\"https:\\\/\\\/partsandpieces.nl\\\/product\\\/sleutelplaat-messing-golven-verticaal-37x113mm\\\/#primaryimage\"},\"thumbnailUrl\":\"https:\\\/\\\/partsandpieces.nl\\\/wp-content\\\/uploads\\\/2023\\\/11\\\/Sleutelplaat-Messing-Golven-verticaal-37x113mm.jpg\",\"datePublished\":\"2023-11-22T10:20:18+00:00\",\"dateModified\":\"2025-06-27T14:42:40+00:00\",\"description\":\"Sleutelplaat Messing Golven verticaal 37x113mm is verticaal gericht en rijkelijk versierd met golf motieven. Past goed op je antieke of klassieke meubels.\",\"breadcrumb\":{\"@id\":\"https:\\\/\\\/partsandpieces.nl\\\/product\\\/sleutelplaat-messing-golven-verticaal-37x113mm\\\/#breadcrumb\"},\"inLanguage\":\"de\",\"potentialAction\":[{\"@type\":\"ReadAction\",\"target\":[\"https:\\\/\\\/partsandpieces.nl\\\/product\\\/sleutelplaat-messing-golven-verticaal-37x113mm\\\/\"]}]},{\"@type\":\"ImageObject\",\"inLanguage\":\"de\",\"@id\":\"https:\\\/\\\/partsandpieces.nl\\\/product\\\/sleutelplaat-messing-golven-verticaal-37x113mm\\\/#primaryimage\",\"url\":\"https:\\\/\\\/partsandpieces.nl\\\/wp-content\\\/uploads\\\/2023\\\/11\\\/Sleutelplaat-Messing-Golven-verticaal-37x113mm.jpg\",\"contentUrl\":\"https:\\\/\\\/partsandpieces.nl\\\/wp-content\\\/uploads\\\/2023\\\/11\\\/Sleutelplaat-Messing-Golven-verticaal-37x113mm.jpg\",\"width\":400,\"height\":400,\"caption\":\"Sleutelplaat Messing Golven verticaal 37x113mm\"},{\"@type\":\"BreadcrumbList\",\"@id\":\"https:\\\/\\\/partsandpieces.nl\\\/product\\\/sleutelplaat-messing-golven-verticaal-37x113mm\\\/#breadcrumb\",\"itemListElement\":[{\"@type\":\"ListItem\",\"position\":1,\"name\":\"Home\",\"item\":\"https:\\\/\\\/partsandpieces.nl\\\/home\\\/\"},{\"@type\":\"ListItem\",\"position\":2,\"name\":\"Winkel\",\"item\":\"https:\\\/\\\/partsandpieces.nl\\\/winkel\\\/\"},{\"@type\":\"ListItem\",\"position\":3,\"name\":\"Sleutelplaat Messing Golven verticaal 37x113mm\"}]},{\"@type\":\"WebSite\",\"@id\":\"https:\\\/\\\/partsandpieces.nl\\\/#website\",\"url\":\"https:\\\/\\\/partsandpieces.nl\\\/\",\"name\":\"Parts &amp; Pieces\",\"description\":\"Alles voor uw meubelrestauratie en -onderhoud!\",\"potentialAction\":[{\"@type\":\"SearchAction\",\"target\":{\"@type\":\"EntryPoint\",\"urlTemplate\":\"https:\\\/\\\/partsandpieces.nl\\\/?s={search_term_string}\"},\"query-input\":{\"@type\":\"PropertyValueSpecification\",\"valueRequired\":true,\"valueName\":\"search_term_string\"}}],\"inLanguage\":\"de\"}]}<\/script>\n<!-- \/ Yoast SEO plugin. -->","yoast_head_json":{"title":"Schl\u00fcsselplatte Messingwellen vertikal 37x113mm","description":"Schl\u00fcsselplatte Messingwellen vertikal 37x113mm ist vertikal ausgerichtet und reich mit Wellenmotiven verziert. Passt gut zu Ihren antiken oder klassischen M\u00f6beln.","robots":{"index":"index","follow":"follow","max-snippet":"max-snippet:-1","max-image-preview":"max-image-preview:large","max-video-preview":"max-video-preview:-1"},"canonical":"https:\/\/partsandpieces.nl\/de\/produkt\/schlusselplatte-messingwellen-vertikal-37x113mm\/","og_locale":"de_DE","og_type":"article","og_title":"Sleutelplaat Messing Golven verticaal 37x113mm","og_description":"Sleutelplaat Messing Golven verticaal 37x113mm is verticaal gericht en rijkelijk versierd met golf motieven. Past goed op je antieke of klassieke meubels.","og_url":"https:\/\/partsandpieces.nl\/de\/produkt\/schlusselplatte-messingwellen-vertikal-37x113mm\/","og_site_name":"Parts &amp; Pieces","article_modified_time":"2025-06-27T14:42:40+00:00","og_image":[{"width":400,"height":400,"url":"https:\/\/partsandpieces.nl\/wp-content\/uploads\/2023\/11\/Sleutelplaat-Messing-Golven-verticaal-37x113mm.jpg","type":"image\/jpeg"}],"twitter_card":"summary_large_image","twitter_misc":{"Gesch\u00e4tzte Lesezeit":"1\u00a0Minute"},"schema":{"@context":"https:\/\/schema.org","@graph":[{"@type":"WebPage","@id":"https:\/\/partsandpieces.nl\/product\/sleutelplaat-messing-golven-verticaal-37x113mm\/","url":"https:\/\/partsandpieces.nl\/product\/sleutelplaat-messing-golven-verticaal-37x113mm\/","name":"Schl\u00fcsselplatte Messingwellen vertikal 37x113mm","isPartOf":{"@id":"https:\/\/partsandpieces.nl\/#website"},"primaryImageOfPage":{"@id":"https:\/\/partsandpieces.nl\/product\/sleutelplaat-messing-golven-verticaal-37x113mm\/#primaryimage"},"image":{"@id":"https:\/\/partsandpieces.nl\/product\/sleutelplaat-messing-golven-verticaal-37x113mm\/#primaryimage"},"thumbnailUrl":"https:\/\/partsandpieces.nl\/wp-content\/uploads\/2023\/11\/Sleutelplaat-Messing-Golven-verticaal-37x113mm.jpg","datePublished":"2023-11-22T10:20:18+00:00","dateModified":"2025-06-27T14:42:40+00:00","description":"Schl\u00fcsselplatte Messingwellen vertikal 37x113mm ist vertikal ausgerichtet und reich mit Wellenmotiven verziert. Passt gut zu Ihren antiken oder klassischen M\u00f6beln.","breadcrumb":{"@id":"https:\/\/partsandpieces.nl\/product\/sleutelplaat-messing-golven-verticaal-37x113mm\/#breadcrumb"},"inLanguage":"de","potentialAction":[{"@type":"ReadAction","target":["https:\/\/partsandpieces.nl\/product\/sleutelplaat-messing-golven-verticaal-37x113mm\/"]}]},{"@type":"ImageObject","inLanguage":"de","@id":"https:\/\/partsandpieces.nl\/product\/sleutelplaat-messing-golven-verticaal-37x113mm\/#primaryimage","url":"https:\/\/partsandpieces.nl\/wp-content\/uploads\/2023\/11\/Sleutelplaat-Messing-Golven-verticaal-37x113mm.jpg","contentUrl":"https:\/\/partsandpieces.nl\/wp-content\/uploads\/2023\/11\/Sleutelplaat-Messing-Golven-verticaal-37x113mm.jpg","width":400,"height":400,"caption":"Sleutelplaat Messing Golven verticaal 37x113mm"},{"@type":"BreadcrumbList","@id":"https:\/\/partsandpieces.nl\/product\/sleutelplaat-messing-golven-verticaal-37x113mm\/#breadcrumb","itemListElement":[{"@type":"ListItem","position":1,"name":"Home","item":"https:\/\/partsandpieces.nl\/home\/"},{"@type":"ListItem","position":2,"name":"Winkel","item":"https:\/\/partsandpieces.nl\/winkel\/"},{"@type":"ListItem","position":3,"name":"Sleutelplaat Messing Golven verticaal 37x113mm"}]},{"@type":"WebSite","@id":"https:\/\/partsandpieces.nl\/#website","url":"https:\/\/partsandpieces.nl\/","name":"Teile &amp; St\u00fccke","description":"Alles f\u00fcr Ihre M\u00f6belrestaurierung und -pflege!","potentialAction":[{"@type":"SearchAction","target":{"@type":"EntryPoint","urlTemplate":"https:\/\/partsandpieces.nl\/?s={search_term_string}"},"query-input":{"@type":"PropertyValueSpecification","valueRequired":true,"valueName":"search_term_string"}}],"inLanguage":"de"}]}},"_links":{"self":[{"href":"https:\/\/partsandpieces.nl\/de\/wp-json\/wp\/v2\/product\/7738","targetHints":{"allow":["GET"]}}],"collection":[{"href":"https:\/\/partsandpieces.nl\/de\/wp-json\/wp\/v2\/product"}],"about":[{"href":"https:\/\/partsandpieces.nl\/de\/wp-json\/wp\/v2\/types\/product"}],"wp:featuredmedia":[{"embeddable":true,"href":"https:\/\/partsandpieces.nl\/de\/wp-json\/wp\/v2\/media\/7739"}],"wp:attachment":[{"href":"https:\/\/partsandpieces.nl\/de\/wp-json\/wp\/v2\/media?parent=7738"}],"wp:term":[{"taxonomy":"product_brand","embeddable":true,"href":"https:\/\/partsandpieces.nl\/de\/wp-json\/wp\/v2\/product_brand?post=7738"},{"taxonomy":"product_cat","embeddable":true,"href":"https:\/\/partsandpieces.nl\/de\/wp-json\/wp\/v2\/product_cat?post=7738"},{"taxonomy":"product_tag","embeddable":true,"href":"https:\/\/partsandpieces.nl\/de\/wp-json\/wp\/v2\/product_tag?post=7738"}],"curies":[{"name":"wp","href":"https:\/\/api.w.org\/{rel}","templated":true}]}}