{"id":7749,"date":"2023-11-23T13:47:25","date_gmt":"2023-11-23T12:47:25","guid":{"rendered":"https:\/\/partsandpieces.nl\/?post_type=product&#038;p=7749"},"modified":"2026-01-18T19:00:47","modified_gmt":"2026-01-18T18:00:47","slug":"schlusselplatte-messing-glanzend-gros-82x60mm","status":"publish","type":"product","link":"https:\/\/partsandpieces.nl\/de\/product\/sleutelplaat-messing-glanzend-groot-82x60mm\/","title":{"rendered":"Schl\u00fcsselplatte Messing gl\u00e4nzend, gro\u00df, 82 x 60 mm"},"content":{"rendered":"<p><strong>Schl\u00fcsselplatte Messing gl\u00e4nzend, gro\u00df, 82 x 60 mm<\/strong> ist ein Schl\u00fcsselschild f\u00fcr Ihre Schublade. Die Schl\u00fcsselplatte hat eine gl\u00e4nzende Messingoberfl\u00e4che und ist wundersch\u00f6n verziert.<\/p>\n<p><strong>Ma\u00dfe<br \/>\n<\/strong>Schl\u00fcsselplatte aus gl\u00e4nzendem Messing, gro\u00df, 82 x 60 mm, hat eine Breite von 82 mm und eine H\u00f6he von 60 mm. Die H\u00f6he des Schl\u00fcssellochs betr\u00e4gt 13 mm und die Bohrl\u00f6cher haben einen Abstand von 64 mm.<\/p>\n<p><strong>Bearbeiten<br \/>\n<\/strong>Sie k\u00f6nnen die Schl\u00fcsselplatte mit 2 konischen Schrauben montieren. Ich werde diese Schrauben NICHT mit Ihrer Bestellung verschicken.<\/p>","protected":false},"excerpt":{"rendered":"<p>Sleutelplaat Messing glanzend Groot 82x60mm is een sleutelplaat voor je lade. De sleutelplaat heeft een glanzende messing afwerking en is mooi versierd. Afmetingen Sleutelplaat Messing glanzend Groot 82x60mm heeft een breedte van 82mm en een hoogte van 60mm. De hoogte van het sleutelgat is 13mm en de boorgaten zitten 64mm uit elkaar. Montage Je kunt [&hellip;]<\/p>\n","protected":false},"featured_media":7750,"template":"","meta":{"_acf_changed":false},"product_brand":[],"product_cat":[23,48],"product_tag":[],"class_list":{"0":"post-7749","1":"product","2":"type-product","3":"status-publish","4":"has-post-thumbnail","6":"product_cat-meubelbeslag","7":"product_cat-sleutelplaten","9":"first","10":"instock","11":"taxable","12":"shipping-taxable","13":"purchasable","14":"product-type-simple"},"acf":[],"yoast_head":"<!-- This site is optimized with the Yoast SEO plugin v27.3 - https:\/\/yoast.com\/product\/yoast-seo-wordpress\/ -->\n<title>Sleutelplaat Messing glanzend Groot 82x60mm<\/title>\n<meta name=\"description\" content=\"Sleutelplaat Messing glanzend Groot 82x60mm is een sleutelplaat voor je lade. De sleutelplaat heeft een glanzende messing afwerking en is mooi versierd.\" \/>\n<meta name=\"robots\" content=\"index, follow, max-snippet:-1, max-image-preview:large, max-video-preview:-1\" \/>\n<link rel=\"canonical\" href=\"https:\/\/partsandpieces.nl\/de\/produkt\/schlusselplatte-messing-glanzend-gros-82x60mm\/\" \/>\n<meta property=\"og:locale\" content=\"de_DE\" \/>\n<meta property=\"og:type\" content=\"article\" \/>\n<meta property=\"og:title\" content=\"Sleutelplaat Messing glanzend Groot 82x60mm\" \/>\n<meta property=\"og:description\" content=\"Sleutelplaat Messing glanzend Groot 82x60mm is een sleutelplaat voor je lade. De sleutelplaat heeft een glanzende messing afwerking en is mooi versierd.\" \/>\n<meta property=\"og:url\" content=\"https:\/\/partsandpieces.nl\/de\/produkt\/schlusselplatte-messing-glanzend-gros-82x60mm\/\" \/>\n<meta property=\"og:site_name\" content=\"Parts &amp; Pieces\" \/>\n<meta property=\"article:modified_time\" content=\"2026-01-18T18:00:47+00:00\" \/>\n<meta property=\"og:image\" content=\"https:\/\/partsandpieces.nl\/wp-content\/uploads\/2023\/11\/Sleutelplaat-Messing-glanzend-Groot-82x60mm.jpg\" \/>\n\t<meta property=\"og:image:width\" content=\"371\" \/>\n\t<meta property=\"og:image:height\" content=\"370\" \/>\n\t<meta property=\"og:image:type\" content=\"image\/jpeg\" \/>\n<meta name=\"twitter:card\" content=\"summary_large_image\" \/>\n<meta name=\"twitter:label1\" content=\"Gesch\u00e4tzte Lesezeit\" \/>\n\t<meta name=\"twitter:data1\" content=\"1\u00a0Minute\" \/>\n<script type=\"application\/ld+json\" class=\"yoast-schema-graph\">{\"@context\":\"https:\\\/\\\/schema.org\",\"@graph\":[{\"@type\":\"WebPage\",\"@id\":\"https:\\\/\\\/partsandpieces.nl\\\/product\\\/sleutelplaat-messing-glanzend-groot-82x60mm\\\/\",\"url\":\"https:\\\/\\\/partsandpieces.nl\\\/product\\\/sleutelplaat-messing-glanzend-groot-82x60mm\\\/\",\"name\":\"Sleutelplaat Messing glanzend Groot 82x60mm\",\"isPartOf\":{\"@id\":\"https:\\\/\\\/partsandpieces.nl\\\/#website\"},\"primaryImageOfPage\":{\"@id\":\"https:\\\/\\\/partsandpieces.nl\\\/product\\\/sleutelplaat-messing-glanzend-groot-82x60mm\\\/#primaryimage\"},\"image\":{\"@id\":\"https:\\\/\\\/partsandpieces.nl\\\/product\\\/sleutelplaat-messing-glanzend-groot-82x60mm\\\/#primaryimage\"},\"thumbnailUrl\":\"https:\\\/\\\/partsandpieces.nl\\\/wp-content\\\/uploads\\\/2023\\\/11\\\/Sleutelplaat-Messing-glanzend-Groot-82x60mm.jpg\",\"datePublished\":\"2023-11-23T12:47:25+00:00\",\"dateModified\":\"2026-01-18T18:00:47+00:00\",\"description\":\"Sleutelplaat Messing glanzend Groot 82x60mm is een sleutelplaat voor je lade. De sleutelplaat heeft een glanzende messing afwerking en is mooi versierd.\",\"breadcrumb\":{\"@id\":\"https:\\\/\\\/partsandpieces.nl\\\/product\\\/sleutelplaat-messing-glanzend-groot-82x60mm\\\/#breadcrumb\"},\"inLanguage\":\"de\",\"potentialAction\":[{\"@type\":\"ReadAction\",\"target\":[\"https:\\\/\\\/partsandpieces.nl\\\/product\\\/sleutelplaat-messing-glanzend-groot-82x60mm\\\/\"]}]},{\"@type\":\"ImageObject\",\"inLanguage\":\"de\",\"@id\":\"https:\\\/\\\/partsandpieces.nl\\\/product\\\/sleutelplaat-messing-glanzend-groot-82x60mm\\\/#primaryimage\",\"url\":\"https:\\\/\\\/partsandpieces.nl\\\/wp-content\\\/uploads\\\/2023\\\/11\\\/Sleutelplaat-Messing-glanzend-Groot-82x60mm.jpg\",\"contentUrl\":\"https:\\\/\\\/partsandpieces.nl\\\/wp-content\\\/uploads\\\/2023\\\/11\\\/Sleutelplaat-Messing-glanzend-Groot-82x60mm.jpg\",\"width\":371,\"height\":370,\"caption\":\"Sleutelplaat Messing glanzend Groot 82x60mm\"},{\"@type\":\"BreadcrumbList\",\"@id\":\"https:\\\/\\\/partsandpieces.nl\\\/product\\\/sleutelplaat-messing-glanzend-groot-82x60mm\\\/#breadcrumb\",\"itemListElement\":[{\"@type\":\"ListItem\",\"position\":1,\"name\":\"Home\",\"item\":\"https:\\\/\\\/partsandpieces.nl\\\/home\\\/\"},{\"@type\":\"ListItem\",\"position\":2,\"name\":\"Winkel\",\"item\":\"https:\\\/\\\/partsandpieces.nl\\\/winkel\\\/\"},{\"@type\":\"ListItem\",\"position\":3,\"name\":\"Sleutelplaat Messing glanzend Groot 82x60mm\"}]},{\"@type\":\"WebSite\",\"@id\":\"https:\\\/\\\/partsandpieces.nl\\\/#website\",\"url\":\"https:\\\/\\\/partsandpieces.nl\\\/\",\"name\":\"Parts &amp; Pieces\",\"description\":\"Alles voor uw meubelrestauratie en -onderhoud!\",\"potentialAction\":[{\"@type\":\"SearchAction\",\"target\":{\"@type\":\"EntryPoint\",\"urlTemplate\":\"https:\\\/\\\/partsandpieces.nl\\\/?s={search_term_string}\"},\"query-input\":{\"@type\":\"PropertyValueSpecification\",\"valueRequired\":true,\"valueName\":\"search_term_string\"}}],\"inLanguage\":\"de\"}]}<\/script>\n<!-- \/ Yoast SEO plugin. -->","yoast_head_json":{"title":"Schl\u00fcsselplatte Messing gl\u00e4nzend, gro\u00df, 82 x 60 mm","description":"Schl\u00fcsselschild aus gl\u00e4nzendem Messing, gro\u00df, 82 x 60 mm, ist ein Schl\u00fcsselschild f\u00fcr Ihre Schublade. Die Schl\u00fcsselplatte hat eine gl\u00e4nzende Messingoberfl\u00e4che und ist wundersch\u00f6n verziert.","robots":{"index":"index","follow":"follow","max-snippet":"max-snippet:-1","max-image-preview":"max-image-preview:large","max-video-preview":"max-video-preview:-1"},"canonical":"https:\/\/partsandpieces.nl\/de\/produkt\/schlusselplatte-messing-glanzend-gros-82x60mm\/","og_locale":"de_DE","og_type":"article","og_title":"Sleutelplaat Messing glanzend Groot 82x60mm","og_description":"Sleutelplaat Messing glanzend Groot 82x60mm is een sleutelplaat voor je lade. De sleutelplaat heeft een glanzende messing afwerking en is mooi versierd.","og_url":"https:\/\/partsandpieces.nl\/de\/produkt\/schlusselplatte-messing-glanzend-gros-82x60mm\/","og_site_name":"Parts &amp; Pieces","article_modified_time":"2026-01-18T18:00:47+00:00","og_image":[{"width":371,"height":370,"url":"https:\/\/partsandpieces.nl\/wp-content\/uploads\/2023\/11\/Sleutelplaat-Messing-glanzend-Groot-82x60mm.jpg","type":"image\/jpeg"}],"twitter_card":"summary_large_image","twitter_misc":{"Gesch\u00e4tzte Lesezeit":"1\u00a0Minute"},"schema":{"@context":"https:\/\/schema.org","@graph":[{"@type":"WebPage","@id":"https:\/\/partsandpieces.nl\/product\/sleutelplaat-messing-glanzend-groot-82x60mm\/","url":"https:\/\/partsandpieces.nl\/product\/sleutelplaat-messing-glanzend-groot-82x60mm\/","name":"Schl\u00fcsselplatte Messing gl\u00e4nzend, gro\u00df, 82 x 60 mm","isPartOf":{"@id":"https:\/\/partsandpieces.nl\/#website"},"primaryImageOfPage":{"@id":"https:\/\/partsandpieces.nl\/product\/sleutelplaat-messing-glanzend-groot-82x60mm\/#primaryimage"},"image":{"@id":"https:\/\/partsandpieces.nl\/product\/sleutelplaat-messing-glanzend-groot-82x60mm\/#primaryimage"},"thumbnailUrl":"https:\/\/partsandpieces.nl\/wp-content\/uploads\/2023\/11\/Sleutelplaat-Messing-glanzend-Groot-82x60mm.jpg","datePublished":"2023-11-23T12:47:25+00:00","dateModified":"2026-01-18T18:00:47+00:00","description":"Schl\u00fcsselschild aus gl\u00e4nzendem Messing, gro\u00df, 82 x 60 mm, ist ein Schl\u00fcsselschild f\u00fcr Ihre Schublade. Die Schl\u00fcsselplatte hat eine gl\u00e4nzende Messingoberfl\u00e4che und ist wundersch\u00f6n verziert.","breadcrumb":{"@id":"https:\/\/partsandpieces.nl\/product\/sleutelplaat-messing-glanzend-groot-82x60mm\/#breadcrumb"},"inLanguage":"de","potentialAction":[{"@type":"ReadAction","target":["https:\/\/partsandpieces.nl\/product\/sleutelplaat-messing-glanzend-groot-82x60mm\/"]}]},{"@type":"ImageObject","inLanguage":"de","@id":"https:\/\/partsandpieces.nl\/product\/sleutelplaat-messing-glanzend-groot-82x60mm\/#primaryimage","url":"https:\/\/partsandpieces.nl\/wp-content\/uploads\/2023\/11\/Sleutelplaat-Messing-glanzend-Groot-82x60mm.jpg","contentUrl":"https:\/\/partsandpieces.nl\/wp-content\/uploads\/2023\/11\/Sleutelplaat-Messing-glanzend-Groot-82x60mm.jpg","width":371,"height":370,"caption":"Sleutelplaat Messing glanzend Groot 82x60mm"},{"@type":"BreadcrumbList","@id":"https:\/\/partsandpieces.nl\/product\/sleutelplaat-messing-glanzend-groot-82x60mm\/#breadcrumb","itemListElement":[{"@type":"ListItem","position":1,"name":"Home","item":"https:\/\/partsandpieces.nl\/home\/"},{"@type":"ListItem","position":2,"name":"Winkel","item":"https:\/\/partsandpieces.nl\/winkel\/"},{"@type":"ListItem","position":3,"name":"Sleutelplaat Messing glanzend Groot 82x60mm"}]},{"@type":"WebSite","@id":"https:\/\/partsandpieces.nl\/#website","url":"https:\/\/partsandpieces.nl\/","name":"Teile &amp; St\u00fccke","description":"Alles f\u00fcr Ihre M\u00f6belrestaurierung und -pflege!","potentialAction":[{"@type":"SearchAction","target":{"@type":"EntryPoint","urlTemplate":"https:\/\/partsandpieces.nl\/?s={search_term_string}"},"query-input":{"@type":"PropertyValueSpecification","valueRequired":true,"valueName":"search_term_string"}}],"inLanguage":"de"}]}},"_links":{"self":[{"href":"https:\/\/partsandpieces.nl\/de\/wp-json\/wp\/v2\/product\/7749","targetHints":{"allow":["GET"]}}],"collection":[{"href":"https:\/\/partsandpieces.nl\/de\/wp-json\/wp\/v2\/product"}],"about":[{"href":"https:\/\/partsandpieces.nl\/de\/wp-json\/wp\/v2\/types\/product"}],"wp:featuredmedia":[{"embeddable":true,"href":"https:\/\/partsandpieces.nl\/de\/wp-json\/wp\/v2\/media\/7750"}],"wp:attachment":[{"href":"https:\/\/partsandpieces.nl\/de\/wp-json\/wp\/v2\/media?parent=7749"}],"wp:term":[{"taxonomy":"product_brand","embeddable":true,"href":"https:\/\/partsandpieces.nl\/de\/wp-json\/wp\/v2\/product_brand?post=7749"},{"taxonomy":"product_cat","embeddable":true,"href":"https:\/\/partsandpieces.nl\/de\/wp-json\/wp\/v2\/product_cat?post=7749"},{"taxonomy":"product_tag","embeddable":true,"href":"https:\/\/partsandpieces.nl\/de\/wp-json\/wp\/v2\/product_tag?post=7749"}],"curies":[{"name":"wp","href":"https:\/\/api.w.org\/{rel}","templated":true}]}}