{"id":7770,"date":"2023-11-27T10:12:38","date_gmt":"2023-11-27T09:12:38","guid":{"rendered":"https:\/\/partsandpieces.nl\/?post_type=product&#038;p=7770"},"modified":"2024-11-26T12:09:57","modified_gmt":"2024-11-26T11:09:57","slug":"schlusselplatte-messing-glanzend-gros-vertikal-46x136mm","status":"publish","type":"product","link":"https:\/\/partsandpieces.nl\/de\/product\/sleutelplaat-messing-glanzend-groot-verticaal-46x136mm\/","title":{"rendered":"Schl\u00fcsselplatte Messing gl\u00e4nzend, gro\u00df, vertikal, 46 x 136 mm"},"content":{"rendered":"<p><strong>Schl\u00fcsselplatte Messing gl\u00e4nzend, gro\u00df, vertikal, 46 x 136 mm<\/strong> ist ein wundersch\u00f6nes gro\u00dfes Schl\u00fcsselschild aus Eisen mit gl\u00e4nzendem Messingfinish. Die Schl\u00fcsselplatte ist vertikal ausgerichtet und weist keine weiteren Verzierungen auf.<\/p>\n<p><strong>Ma\u00dfe<br \/>\n<\/strong>Schl\u00fcsselplatte aus gl\u00e4nzendem Messing, gro\u00df, vertikal, 46 x 136 mm, hat eine Breite von 46 mm und eine H\u00f6he von 136 mm. Die Bohrl\u00f6cher haben einen Abstand von ca. 94 mm. Das Schl\u00fcsselloch ist 17 mm hoch.<\/p>\n<p><strong>Bearbeiten<br \/>\n<\/strong>Sie k\u00f6nnen den Knopf mit 2 konischen Schrauben befestigen. Ich werde diese Schraube NICHT mit Ihrer Bestellung verschicken.<\/p>","protected":false},"excerpt":{"rendered":"<p>Sleutelplaat Messing glanzend Groot verticaal 46x136mm is een mooie grote sleutelplaat gemaakt van ijzer met een glanzende messing afwerking. De sleutelplaat is verticaal gericht en heeft geen verdere versiering. Afmetingen Sleutelplaat Messing glanzend Groot verticaal 46x136mm heeft een breedte van 46mm en een hoogte van 136mm. De boorgaten zitten ongeveer 94mm uit elkaar. Het sleutelgat [&hellip;]<\/p>\n","protected":false},"featured_media":7778,"template":"","meta":{"_acf_changed":false},"product_brand":[],"product_cat":[23,48],"product_tag":[],"class_list":{"0":"post-7770","1":"product","2":"type-product","3":"status-publish","4":"has-post-thumbnail","6":"product_cat-meubelbeslag","7":"product_cat-sleutelplaten","9":"first","10":"instock","11":"taxable","12":"shipping-taxable","13":"purchasable","14":"product-type-simple"},"acf":[],"yoast_head":"<!-- This site is optimized with the Yoast SEO plugin v27.3 - https:\/\/yoast.com\/product\/yoast-seo-wordpress\/ -->\n<title>Sleutelplaat Messing glanzend Groot verticaal 46x136mm<\/title>\n<meta name=\"description\" content=\"Sleutelplaat Messing glanzend Groot verticaal 46x136mm is een mooie grote sleutelplaat gemaakt van ijzer met een glanzende messing afwerking.\" \/>\n<meta name=\"robots\" content=\"index, follow, max-snippet:-1, max-image-preview:large, max-video-preview:-1\" \/>\n<link rel=\"canonical\" href=\"https:\/\/partsandpieces.nl\/de\/produkt\/schlusselplatte-messing-glanzend-gros-vertikal-46x136mm\/\" \/>\n<meta property=\"og:locale\" content=\"de_DE\" \/>\n<meta property=\"og:type\" content=\"article\" \/>\n<meta property=\"og:title\" content=\"Sleutelplaat Messing glanzend Groot verticaal 46x136mm\" \/>\n<meta property=\"og:description\" content=\"Sleutelplaat Messing glanzend Groot verticaal 46x136mm is een mooie grote sleutelplaat gemaakt van ijzer met een glanzende messing afwerking.\" \/>\n<meta property=\"og:url\" content=\"https:\/\/partsandpieces.nl\/de\/produkt\/schlusselplatte-messing-glanzend-gros-vertikal-46x136mm\/\" \/>\n<meta property=\"og:site_name\" content=\"Parts &amp; Pieces\" \/>\n<meta property=\"article:modified_time\" content=\"2024-11-26T11:09:57+00:00\" \/>\n<meta property=\"og:image\" content=\"https:\/\/partsandpieces.nl\/wp-content\/uploads\/2023\/11\/Sleutelplaat-Messing-glanzend-Groot-verticaal-46x136mm.jpg\" \/>\n\t<meta property=\"og:image:width\" content=\"399\" \/>\n\t<meta property=\"og:image:height\" content=\"400\" \/>\n\t<meta property=\"og:image:type\" content=\"image\/jpeg\" \/>\n<meta name=\"twitter:card\" content=\"summary_large_image\" \/>\n<meta name=\"twitter:label1\" content=\"Gesch\u00e4tzte Lesezeit\" \/>\n\t<meta name=\"twitter:data1\" content=\"1\u00a0Minute\" \/>\n<script type=\"application\/ld+json\" class=\"yoast-schema-graph\">{\"@context\":\"https:\\\/\\\/schema.org\",\"@graph\":[{\"@type\":\"WebPage\",\"@id\":\"https:\\\/\\\/partsandpieces.nl\\\/product\\\/sleutelplaat-messing-glanzend-groot-verticaal-46x136mm\\\/\",\"url\":\"https:\\\/\\\/partsandpieces.nl\\\/product\\\/sleutelplaat-messing-glanzend-groot-verticaal-46x136mm\\\/\",\"name\":\"Sleutelplaat Messing glanzend Groot verticaal 46x136mm\",\"isPartOf\":{\"@id\":\"https:\\\/\\\/partsandpieces.nl\\\/#website\"},\"primaryImageOfPage\":{\"@id\":\"https:\\\/\\\/partsandpieces.nl\\\/product\\\/sleutelplaat-messing-glanzend-groot-verticaal-46x136mm\\\/#primaryimage\"},\"image\":{\"@id\":\"https:\\\/\\\/partsandpieces.nl\\\/product\\\/sleutelplaat-messing-glanzend-groot-verticaal-46x136mm\\\/#primaryimage\"},\"thumbnailUrl\":\"https:\\\/\\\/partsandpieces.nl\\\/wp-content\\\/uploads\\\/2023\\\/11\\\/Sleutelplaat-Messing-glanzend-Groot-verticaal-46x136mm.jpg\",\"datePublished\":\"2023-11-27T09:12:38+00:00\",\"dateModified\":\"2024-11-26T11:09:57+00:00\",\"description\":\"Sleutelplaat Messing glanzend Groot verticaal 46x136mm is een mooie grote sleutelplaat gemaakt van ijzer met een glanzende messing afwerking.\",\"breadcrumb\":{\"@id\":\"https:\\\/\\\/partsandpieces.nl\\\/product\\\/sleutelplaat-messing-glanzend-groot-verticaal-46x136mm\\\/#breadcrumb\"},\"inLanguage\":\"de\",\"potentialAction\":[{\"@type\":\"ReadAction\",\"target\":[\"https:\\\/\\\/partsandpieces.nl\\\/product\\\/sleutelplaat-messing-glanzend-groot-verticaal-46x136mm\\\/\"]}]},{\"@type\":\"ImageObject\",\"inLanguage\":\"de\",\"@id\":\"https:\\\/\\\/partsandpieces.nl\\\/product\\\/sleutelplaat-messing-glanzend-groot-verticaal-46x136mm\\\/#primaryimage\",\"url\":\"https:\\\/\\\/partsandpieces.nl\\\/wp-content\\\/uploads\\\/2023\\\/11\\\/Sleutelplaat-Messing-glanzend-Groot-verticaal-46x136mm.jpg\",\"contentUrl\":\"https:\\\/\\\/partsandpieces.nl\\\/wp-content\\\/uploads\\\/2023\\\/11\\\/Sleutelplaat-Messing-glanzend-Groot-verticaal-46x136mm.jpg\",\"width\":399,\"height\":400,\"caption\":\"Sleutelplaat Messing glanzend Groot verticaal 46x136mm\"},{\"@type\":\"BreadcrumbList\",\"@id\":\"https:\\\/\\\/partsandpieces.nl\\\/product\\\/sleutelplaat-messing-glanzend-groot-verticaal-46x136mm\\\/#breadcrumb\",\"itemListElement\":[{\"@type\":\"ListItem\",\"position\":1,\"name\":\"Home\",\"item\":\"https:\\\/\\\/partsandpieces.nl\\\/home\\\/\"},{\"@type\":\"ListItem\",\"position\":2,\"name\":\"Winkel\",\"item\":\"https:\\\/\\\/partsandpieces.nl\\\/winkel\\\/\"},{\"@type\":\"ListItem\",\"position\":3,\"name\":\"Sleutelplaat Messing glanzend Groot verticaal 46x136mm\"}]},{\"@type\":\"WebSite\",\"@id\":\"https:\\\/\\\/partsandpieces.nl\\\/#website\",\"url\":\"https:\\\/\\\/partsandpieces.nl\\\/\",\"name\":\"Parts &amp; Pieces\",\"description\":\"Alles voor uw meubelrestauratie en -onderhoud!\",\"potentialAction\":[{\"@type\":\"SearchAction\",\"target\":{\"@type\":\"EntryPoint\",\"urlTemplate\":\"https:\\\/\\\/partsandpieces.nl\\\/?s={search_term_string}\"},\"query-input\":{\"@type\":\"PropertyValueSpecification\",\"valueRequired\":true,\"valueName\":\"search_term_string\"}}],\"inLanguage\":\"de\"}]}<\/script>\n<!-- \/ Yoast SEO plugin. -->","yoast_head_json":{"title":"Schl\u00fcsselplatte Messing gl\u00e4nzend, gro\u00df, vertikal, 46 x 136 mm","description":"Schl\u00fcsselplatte, gl\u00e4nzendes Messing, gro\u00df, vertikal, 46 x 136 mm, ist eine sch\u00f6ne gro\u00dfe Schl\u00fcsselplatte aus Eisen mit gl\u00e4nzender Messingoberfl\u00e4che.","robots":{"index":"index","follow":"follow","max-snippet":"max-snippet:-1","max-image-preview":"max-image-preview:large","max-video-preview":"max-video-preview:-1"},"canonical":"https:\/\/partsandpieces.nl\/de\/produkt\/schlusselplatte-messing-glanzend-gros-vertikal-46x136mm\/","og_locale":"de_DE","og_type":"article","og_title":"Sleutelplaat Messing glanzend Groot verticaal 46x136mm","og_description":"Sleutelplaat Messing glanzend Groot verticaal 46x136mm is een mooie grote sleutelplaat gemaakt van ijzer met een glanzende messing afwerking.","og_url":"https:\/\/partsandpieces.nl\/de\/produkt\/schlusselplatte-messing-glanzend-gros-vertikal-46x136mm\/","og_site_name":"Parts &amp; Pieces","article_modified_time":"2024-11-26T11:09:57+00:00","og_image":[{"width":399,"height":400,"url":"https:\/\/partsandpieces.nl\/wp-content\/uploads\/2023\/11\/Sleutelplaat-Messing-glanzend-Groot-verticaal-46x136mm.jpg","type":"image\/jpeg"}],"twitter_card":"summary_large_image","twitter_misc":{"Gesch\u00e4tzte Lesezeit":"1\u00a0Minute"},"schema":{"@context":"https:\/\/schema.org","@graph":[{"@type":"WebPage","@id":"https:\/\/partsandpieces.nl\/product\/sleutelplaat-messing-glanzend-groot-verticaal-46x136mm\/","url":"https:\/\/partsandpieces.nl\/product\/sleutelplaat-messing-glanzend-groot-verticaal-46x136mm\/","name":"Schl\u00fcsselplatte Messing gl\u00e4nzend, gro\u00df, vertikal, 46 x 136 mm","isPartOf":{"@id":"https:\/\/partsandpieces.nl\/#website"},"primaryImageOfPage":{"@id":"https:\/\/partsandpieces.nl\/product\/sleutelplaat-messing-glanzend-groot-verticaal-46x136mm\/#primaryimage"},"image":{"@id":"https:\/\/partsandpieces.nl\/product\/sleutelplaat-messing-glanzend-groot-verticaal-46x136mm\/#primaryimage"},"thumbnailUrl":"https:\/\/partsandpieces.nl\/wp-content\/uploads\/2023\/11\/Sleutelplaat-Messing-glanzend-Groot-verticaal-46x136mm.jpg","datePublished":"2023-11-27T09:12:38+00:00","dateModified":"2024-11-26T11:09:57+00:00","description":"Schl\u00fcsselplatte, gl\u00e4nzendes Messing, gro\u00df, vertikal, 46 x 136 mm, ist eine sch\u00f6ne gro\u00dfe Schl\u00fcsselplatte aus Eisen mit gl\u00e4nzender Messingoberfl\u00e4che.","breadcrumb":{"@id":"https:\/\/partsandpieces.nl\/product\/sleutelplaat-messing-glanzend-groot-verticaal-46x136mm\/#breadcrumb"},"inLanguage":"de","potentialAction":[{"@type":"ReadAction","target":["https:\/\/partsandpieces.nl\/product\/sleutelplaat-messing-glanzend-groot-verticaal-46x136mm\/"]}]},{"@type":"ImageObject","inLanguage":"de","@id":"https:\/\/partsandpieces.nl\/product\/sleutelplaat-messing-glanzend-groot-verticaal-46x136mm\/#primaryimage","url":"https:\/\/partsandpieces.nl\/wp-content\/uploads\/2023\/11\/Sleutelplaat-Messing-glanzend-Groot-verticaal-46x136mm.jpg","contentUrl":"https:\/\/partsandpieces.nl\/wp-content\/uploads\/2023\/11\/Sleutelplaat-Messing-glanzend-Groot-verticaal-46x136mm.jpg","width":399,"height":400,"caption":"Sleutelplaat Messing glanzend Groot verticaal 46x136mm"},{"@type":"BreadcrumbList","@id":"https:\/\/partsandpieces.nl\/product\/sleutelplaat-messing-glanzend-groot-verticaal-46x136mm\/#breadcrumb","itemListElement":[{"@type":"ListItem","position":1,"name":"Home","item":"https:\/\/partsandpieces.nl\/home\/"},{"@type":"ListItem","position":2,"name":"Winkel","item":"https:\/\/partsandpieces.nl\/winkel\/"},{"@type":"ListItem","position":3,"name":"Sleutelplaat Messing glanzend Groot verticaal 46x136mm"}]},{"@type":"WebSite","@id":"https:\/\/partsandpieces.nl\/#website","url":"https:\/\/partsandpieces.nl\/","name":"Teile &amp; St\u00fccke","description":"Alles f\u00fcr Ihre M\u00f6belrestaurierung und -pflege!","potentialAction":[{"@type":"SearchAction","target":{"@type":"EntryPoint","urlTemplate":"https:\/\/partsandpieces.nl\/?s={search_term_string}"},"query-input":{"@type":"PropertyValueSpecification","valueRequired":true,"valueName":"search_term_string"}}],"inLanguage":"de"}]}},"_links":{"self":[{"href":"https:\/\/partsandpieces.nl\/de\/wp-json\/wp\/v2\/product\/7770","targetHints":{"allow":["GET"]}}],"collection":[{"href":"https:\/\/partsandpieces.nl\/de\/wp-json\/wp\/v2\/product"}],"about":[{"href":"https:\/\/partsandpieces.nl\/de\/wp-json\/wp\/v2\/types\/product"}],"wp:featuredmedia":[{"embeddable":true,"href":"https:\/\/partsandpieces.nl\/de\/wp-json\/wp\/v2\/media\/7778"}],"wp:attachment":[{"href":"https:\/\/partsandpieces.nl\/de\/wp-json\/wp\/v2\/media?parent=7770"}],"wp:term":[{"taxonomy":"product_brand","embeddable":true,"href":"https:\/\/partsandpieces.nl\/de\/wp-json\/wp\/v2\/product_brand?post=7770"},{"taxonomy":"product_cat","embeddable":true,"href":"https:\/\/partsandpieces.nl\/de\/wp-json\/wp\/v2\/product_cat?post=7770"},{"taxonomy":"product_tag","embeddable":true,"href":"https:\/\/partsandpieces.nl\/de\/wp-json\/wp\/v2\/product_tag?post=7770"}],"curies":[{"name":"wp","href":"https:\/\/api.w.org\/{rel}","templated":true}]}}