{"id":7788,"date":"2023-11-28T16:36:08","date_gmt":"2023-11-28T15:36:08","guid":{"rendered":"https:\/\/partsandpieces.nl\/?post_type=product&#038;p=7788"},"modified":"2026-01-13T14:03:25","modified_gmt":"2026-01-13T13:03:25","slug":"schubladengriff-messing-glanzend-horizontal-mit-schlusselloch-maya-130mm","status":"publish","type":"product","link":"https:\/\/partsandpieces.nl\/de\/product\/ladegreep-messing-glanzend-horizontaal-met-sleutelgat-maya-130mm\/","title":{"rendered":"Schubladengriff Messing gl\u00e4nzend horizontal mit Schl\u00fcsselloch &#039;Maya&#039; 130mm"},"content":{"rendered":"<p><strong>Schubladengriff Messing gl\u00e4nzend horizontal mit Schl\u00fcsselloch &#039;Maya&#039; 130mm<\/strong> ist ein wundersch\u00f6ner Schubladengriff mit gl\u00e4nzendem Messingfinish. Der Schubladengriff ist aufwendig mit floralen Motiven verziert. Dieser Griff passt gut zu Ihren antiken oder klassischen M\u00f6beln und Schubladen.<\/p>\n<p><strong>Ma\u00dfe<br \/>\n<\/strong>Der Schubladengriff Messing gl\u00e4nzend horizontal mit Schl\u00fcsselloch \u201eMaya\u201c 130 mm ist insgesamt 30 mm breit und 58 mm hoch. Der Griff selbst ist 64 mm breit. Nach der Installation steht dieser Griff 14 mm hervor. Die Bohrungen des Griffs haben einen Abstand von 100 mm.<\/p>\n<p><strong>Bearbeiten<br \/>\n<\/strong>Sie k\u00f6nnen den Griff mit montieren <span style=\"text-decoration: underline;\"><a href=\"https:\/\/partsandpieces.nl\/de\/produkt\/schrauben-mit-rundkopf-antikbronze-mit-schlitz-2-x-14-mm\/\">Schraube Rundkopf Antik Bronze mit Schlitz (2x14mm)<\/a><\/span>. Ich schicke diese Schrauben <strong>FREI<\/strong> mit Ihrer Bestellung.<\/p>","protected":false},"excerpt":{"rendered":"<p>Ladegreep Messing glanzend horizontaal met sleutelgat &#8216;Maya&#8217; 130mm is een mooie ladegreep met een glanzende messing afwerking. De ladegreep is uitbundig versierd met bloemmotieven. Deze greep past goed op je antieke of klassieke meubel en lades. Afmetingen Ladegreep Messing glanzend horizontaal met sleutelgat &#8216;Maya&#8217; 130mm is in zijn geheel 30mm breed en 58mm hoog. De [&hellip;]<\/p>\n","protected":false},"featured_media":7789,"template":"","meta":{"_acf_changed":false},"product_brand":[],"product_cat":[41,23,48],"product_tag":[],"class_list":{"0":"post-7788","1":"product","2":"type-product","3":"status-publish","4":"has-post-thumbnail","6":"product_cat-ladetrekkers","7":"product_cat-meubelbeslag","8":"product_cat-sleutelplaten","10":"first","11":"instock","12":"taxable","13":"shipping-taxable","14":"purchasable","15":"product-type-simple"},"acf":[],"yoast_head":"<!-- This site is optimized with the Yoast SEO plugin v27.3 - https:\/\/yoast.com\/product\/yoast-seo-wordpress\/ -->\n<title>Ladegreep Messing glanzend met sleutelgat &#039;Maya&#039; 130mm<\/title>\n<meta name=\"description\" content=\"Ladegreep Messing glanzend horizontaal met sleutelgat &#039;Maya&#039; 130mm is uitbundig versierd met bloemmotieven. Past goed op je klassieke of antieke meubel.\" \/>\n<meta name=\"robots\" content=\"index, follow, max-snippet:-1, max-image-preview:large, max-video-preview:-1\" \/>\n<link rel=\"canonical\" href=\"https:\/\/partsandpieces.nl\/de\/produkt\/schubladengriff-messing-glanzend-horizontal-mit-schlusselloch-maya-130mm\/\" \/>\n<meta property=\"og:locale\" content=\"de_DE\" \/>\n<meta property=\"og:type\" content=\"article\" \/>\n<meta property=\"og:title\" content=\"Ladegreep Messing glanzend met sleutelgat &#039;Maya&#039; 130mm\" \/>\n<meta property=\"og:description\" content=\"Ladegreep Messing glanzend horizontaal met sleutelgat &#039;Maya&#039; 130mm is uitbundig versierd met bloemmotieven. Past goed op je klassieke of antieke meubel.\" \/>\n<meta property=\"og:url\" content=\"https:\/\/partsandpieces.nl\/de\/produkt\/schubladengriff-messing-glanzend-horizontal-mit-schlusselloch-maya-130mm\/\" \/>\n<meta property=\"og:site_name\" content=\"Parts &amp; Pieces\" \/>\n<meta property=\"article:modified_time\" content=\"2026-01-13T13:03:25+00:00\" \/>\n<meta property=\"og:image\" content=\"https:\/\/partsandpieces.nl\/wp-content\/uploads\/2023\/11\/Ladegreep-Messing-glanzend-horizontaal-met-sleutelgat-Maya-130mm.jpg\" \/>\n\t<meta property=\"og:image:width\" content=\"450\" \/>\n\t<meta property=\"og:image:height\" content=\"452\" \/>\n\t<meta property=\"og:image:type\" content=\"image\/jpeg\" \/>\n<meta name=\"twitter:card\" content=\"summary_large_image\" \/>\n<meta name=\"twitter:label1\" content=\"Gesch\u00e4tzte Lesezeit\" \/>\n\t<meta name=\"twitter:data1\" content=\"1\u00a0Minute\" \/>\n<script type=\"application\/ld+json\" class=\"yoast-schema-graph\">{\"@context\":\"https:\\\/\\\/schema.org\",\"@graph\":[{\"@type\":\"WebPage\",\"@id\":\"https:\\\/\\\/partsandpieces.nl\\\/product\\\/ladegreep-messing-glanzend-horizontaal-met-sleutelgat-maya-130mm\\\/\",\"url\":\"https:\\\/\\\/partsandpieces.nl\\\/product\\\/ladegreep-messing-glanzend-horizontaal-met-sleutelgat-maya-130mm\\\/\",\"name\":\"Ladegreep Messing glanzend met sleutelgat 'Maya' 130mm\",\"isPartOf\":{\"@id\":\"https:\\\/\\\/partsandpieces.nl\\\/#website\"},\"primaryImageOfPage\":{\"@id\":\"https:\\\/\\\/partsandpieces.nl\\\/product\\\/ladegreep-messing-glanzend-horizontaal-met-sleutelgat-maya-130mm\\\/#primaryimage\"},\"image\":{\"@id\":\"https:\\\/\\\/partsandpieces.nl\\\/product\\\/ladegreep-messing-glanzend-horizontaal-met-sleutelgat-maya-130mm\\\/#primaryimage\"},\"thumbnailUrl\":\"https:\\\/\\\/partsandpieces.nl\\\/wp-content\\\/uploads\\\/2023\\\/11\\\/Ladegreep-Messing-glanzend-horizontaal-met-sleutelgat-Maya-130mm.jpg\",\"datePublished\":\"2023-11-28T15:36:08+00:00\",\"dateModified\":\"2026-01-13T13:03:25+00:00\",\"description\":\"Ladegreep Messing glanzend horizontaal met sleutelgat 'Maya' 130mm is uitbundig versierd met bloemmotieven. Past goed op je klassieke of antieke meubel.\",\"breadcrumb\":{\"@id\":\"https:\\\/\\\/partsandpieces.nl\\\/product\\\/ladegreep-messing-glanzend-horizontaal-met-sleutelgat-maya-130mm\\\/#breadcrumb\"},\"inLanguage\":\"de\",\"potentialAction\":[{\"@type\":\"ReadAction\",\"target\":[\"https:\\\/\\\/partsandpieces.nl\\\/product\\\/ladegreep-messing-glanzend-horizontaal-met-sleutelgat-maya-130mm\\\/\"]}]},{\"@type\":\"ImageObject\",\"inLanguage\":\"de\",\"@id\":\"https:\\\/\\\/partsandpieces.nl\\\/product\\\/ladegreep-messing-glanzend-horizontaal-met-sleutelgat-maya-130mm\\\/#primaryimage\",\"url\":\"https:\\\/\\\/partsandpieces.nl\\\/wp-content\\\/uploads\\\/2023\\\/11\\\/Ladegreep-Messing-glanzend-horizontaal-met-sleutelgat-Maya-130mm.jpg\",\"contentUrl\":\"https:\\\/\\\/partsandpieces.nl\\\/wp-content\\\/uploads\\\/2023\\\/11\\\/Ladegreep-Messing-glanzend-horizontaal-met-sleutelgat-Maya-130mm.jpg\",\"width\":450,\"height\":452,\"caption\":\"Ladegreep Messing glanzend horizontaal met sleutelgat 'Maya' 130mm\"},{\"@type\":\"BreadcrumbList\",\"@id\":\"https:\\\/\\\/partsandpieces.nl\\\/product\\\/ladegreep-messing-glanzend-horizontaal-met-sleutelgat-maya-130mm\\\/#breadcrumb\",\"itemListElement\":[{\"@type\":\"ListItem\",\"position\":1,\"name\":\"Home\",\"item\":\"https:\\\/\\\/partsandpieces.nl\\\/home\\\/\"},{\"@type\":\"ListItem\",\"position\":2,\"name\":\"Winkel\",\"item\":\"https:\\\/\\\/partsandpieces.nl\\\/winkel\\\/\"},{\"@type\":\"ListItem\",\"position\":3,\"name\":\"Ladegreep Messing glanzend horizontaal met sleutelgat &#8216;Maya&#8217; 130mm\"}]},{\"@type\":\"WebSite\",\"@id\":\"https:\\\/\\\/partsandpieces.nl\\\/#website\",\"url\":\"https:\\\/\\\/partsandpieces.nl\\\/\",\"name\":\"Parts &amp; Pieces\",\"description\":\"Alles voor uw meubelrestauratie en -onderhoud!\",\"potentialAction\":[{\"@type\":\"SearchAction\",\"target\":{\"@type\":\"EntryPoint\",\"urlTemplate\":\"https:\\\/\\\/partsandpieces.nl\\\/?s={search_term_string}\"},\"query-input\":{\"@type\":\"PropertyValueSpecification\",\"valueRequired\":true,\"valueName\":\"search_term_string\"}}],\"inLanguage\":\"de\"}]}<\/script>\n<!-- \/ Yoast SEO plugin. -->","yoast_head_json":{"title":"Schubladengriff Messing gl\u00e4nzend mit Schl\u00fcsselloch &#039;Maya&#039; 130mm","description":"Schubladengriff Messing gl\u00e4nzend horizontal mit Schl\u00fcsselloch &#039;Maya&#039; 130mm ist aufwendig mit floralen Motiven verziert. Passt gut zu Ihren klassischen oder antiken M\u00f6beln.","robots":{"index":"index","follow":"follow","max-snippet":"max-snippet:-1","max-image-preview":"max-image-preview:large","max-video-preview":"max-video-preview:-1"},"canonical":"https:\/\/partsandpieces.nl\/de\/produkt\/schubladengriff-messing-glanzend-horizontal-mit-schlusselloch-maya-130mm\/","og_locale":"de_DE","og_type":"article","og_title":"Ladegreep Messing glanzend met sleutelgat 'Maya' 130mm","og_description":"Ladegreep Messing glanzend horizontaal met sleutelgat 'Maya' 130mm is uitbundig versierd met bloemmotieven. Past goed op je klassieke of antieke meubel.","og_url":"https:\/\/partsandpieces.nl\/de\/produkt\/schubladengriff-messing-glanzend-horizontal-mit-schlusselloch-maya-130mm\/","og_site_name":"Parts &amp; Pieces","article_modified_time":"2026-01-13T13:03:25+00:00","og_image":[{"width":450,"height":452,"url":"https:\/\/partsandpieces.nl\/wp-content\/uploads\/2023\/11\/Ladegreep-Messing-glanzend-horizontaal-met-sleutelgat-Maya-130mm.jpg","type":"image\/jpeg"}],"twitter_card":"summary_large_image","twitter_misc":{"Gesch\u00e4tzte Lesezeit":"1\u00a0Minute"},"schema":{"@context":"https:\/\/schema.org","@graph":[{"@type":"WebPage","@id":"https:\/\/partsandpieces.nl\/product\/ladegreep-messing-glanzend-horizontaal-met-sleutelgat-maya-130mm\/","url":"https:\/\/partsandpieces.nl\/product\/ladegreep-messing-glanzend-horizontaal-met-sleutelgat-maya-130mm\/","name":"Schubladengriff Messing gl\u00e4nzend mit Schl\u00fcsselloch &#039;Maya&#039; 130mm","isPartOf":{"@id":"https:\/\/partsandpieces.nl\/#website"},"primaryImageOfPage":{"@id":"https:\/\/partsandpieces.nl\/product\/ladegreep-messing-glanzend-horizontaal-met-sleutelgat-maya-130mm\/#primaryimage"},"image":{"@id":"https:\/\/partsandpieces.nl\/product\/ladegreep-messing-glanzend-horizontaal-met-sleutelgat-maya-130mm\/#primaryimage"},"thumbnailUrl":"https:\/\/partsandpieces.nl\/wp-content\/uploads\/2023\/11\/Ladegreep-Messing-glanzend-horizontaal-met-sleutelgat-Maya-130mm.jpg","datePublished":"2023-11-28T15:36:08+00:00","dateModified":"2026-01-13T13:03:25+00:00","description":"Schubladengriff Messing gl\u00e4nzend horizontal mit Schl\u00fcsselloch &#039;Maya&#039; 130mm ist aufwendig mit floralen Motiven verziert. Passt gut zu Ihren klassischen oder antiken M\u00f6beln.","breadcrumb":{"@id":"https:\/\/partsandpieces.nl\/product\/ladegreep-messing-glanzend-horizontaal-met-sleutelgat-maya-130mm\/#breadcrumb"},"inLanguage":"de","potentialAction":[{"@type":"ReadAction","target":["https:\/\/partsandpieces.nl\/product\/ladegreep-messing-glanzend-horizontaal-met-sleutelgat-maya-130mm\/"]}]},{"@type":"ImageObject","inLanguage":"de","@id":"https:\/\/partsandpieces.nl\/product\/ladegreep-messing-glanzend-horizontaal-met-sleutelgat-maya-130mm\/#primaryimage","url":"https:\/\/partsandpieces.nl\/wp-content\/uploads\/2023\/11\/Ladegreep-Messing-glanzend-horizontaal-met-sleutelgat-Maya-130mm.jpg","contentUrl":"https:\/\/partsandpieces.nl\/wp-content\/uploads\/2023\/11\/Ladegreep-Messing-glanzend-horizontaal-met-sleutelgat-Maya-130mm.jpg","width":450,"height":452,"caption":"Ladegreep Messing glanzend horizontaal met sleutelgat 'Maya' 130mm"},{"@type":"BreadcrumbList","@id":"https:\/\/partsandpieces.nl\/product\/ladegreep-messing-glanzend-horizontaal-met-sleutelgat-maya-130mm\/#breadcrumb","itemListElement":[{"@type":"ListItem","position":1,"name":"Home","item":"https:\/\/partsandpieces.nl\/home\/"},{"@type":"ListItem","position":2,"name":"Winkel","item":"https:\/\/partsandpieces.nl\/winkel\/"},{"@type":"ListItem","position":3,"name":"Ladegreep Messing glanzend horizontaal met sleutelgat &#8216;Maya&#8217; 130mm"}]},{"@type":"WebSite","@id":"https:\/\/partsandpieces.nl\/#website","url":"https:\/\/partsandpieces.nl\/","name":"Teile &amp; St\u00fccke","description":"Alles f\u00fcr Ihre M\u00f6belrestaurierung und -pflege!","potentialAction":[{"@type":"SearchAction","target":{"@type":"EntryPoint","urlTemplate":"https:\/\/partsandpieces.nl\/?s={search_term_string}"},"query-input":{"@type":"PropertyValueSpecification","valueRequired":true,"valueName":"search_term_string"}}],"inLanguage":"de"}]}},"_links":{"self":[{"href":"https:\/\/partsandpieces.nl\/de\/wp-json\/wp\/v2\/product\/7788","targetHints":{"allow":["GET"]}}],"collection":[{"href":"https:\/\/partsandpieces.nl\/de\/wp-json\/wp\/v2\/product"}],"about":[{"href":"https:\/\/partsandpieces.nl\/de\/wp-json\/wp\/v2\/types\/product"}],"wp:featuredmedia":[{"embeddable":true,"href":"https:\/\/partsandpieces.nl\/de\/wp-json\/wp\/v2\/media\/7789"}],"wp:attachment":[{"href":"https:\/\/partsandpieces.nl\/de\/wp-json\/wp\/v2\/media?parent=7788"}],"wp:term":[{"taxonomy":"product_brand","embeddable":true,"href":"https:\/\/partsandpieces.nl\/de\/wp-json\/wp\/v2\/product_brand?post=7788"},{"taxonomy":"product_cat","embeddable":true,"href":"https:\/\/partsandpieces.nl\/de\/wp-json\/wp\/v2\/product_cat?post=7788"},{"taxonomy":"product_tag","embeddable":true,"href":"https:\/\/partsandpieces.nl\/de\/wp-json\/wp\/v2\/product_tag?post=7788"}],"curies":[{"name":"wp","href":"https:\/\/api.w.org\/{rel}","templated":true}]}}