{"id":779,"date":"2020-07-22T10:33:08","date_gmt":"2020-07-22T10:33:08","guid":{"rendered":"https:\/\/partsandpieces.bonsaidev.nl\/?product=greep-brons-ant-210x16"},"modified":"2026-04-03T12:49:35","modified_gmt":"2026-04-03T10:49:35","slug":"schubladengriff-bronze-antik-quadratisch-210mm","status":"publish","type":"product","link":"https:\/\/partsandpieces.nl\/de\/product\/ladegreep-brons-antiek-vierkant-210mm\/","title":{"rendered":"Schubladengriff Bronze antik quadratisch 210mm"},"content":{"rendered":"<p><strong>Schubladengriff Bronze antik quadratisch 210mm<\/strong> ist ein wundersch\u00f6ner Schubladengriff mit antikem Bronze-Finish. Das Aussehen des Griffs ist leicht gl\u00e4nzend. Dieser Griff passt gut zu Ihren M\u00f6beln und Schubladen.<\/p>\n<p>Der Knauf passt zu diesem Schubladengriff <a href=\"https:\/\/partsandpieces.nl\/de\/produkt\/knopf-bronze-antik-quadratisch-18mm\/\"><span style=\"text-decoration: underline;\">Bronze antik quadratisch 18mm<\/span><\/a>.<\/p>\n<p>Ich habe diesen Griff auch in den Abmessungen <a href=\"https:\/\/partsandpieces.nl\/de\/produkt\/schubladengriff-bronze-antik-quadratisch-114mm\/\"><span style=\"text-decoration: underline;\">114mm<\/span><\/a> und <a href=\"https:\/\/partsandpieces.nl\/de\/produkt\/schubladengriff-bronze-antik-quadratisch-146mm\/\"><span style=\"text-decoration: underline;\">146mm<\/span><\/a>.<\/p>\n<p>Dieser hochwertige Schubladengriff wird in Italien hergestellt.<\/p>\n<p><strong>Ma\u00dfe<br \/>\n<\/strong>Der bronzefarbene antike quadratische Schubladengriff 210 mm ist 210 mm lang und 18 mm breit. Nach der Installation steht dieser Griff 22 mm hervor. Die Bohrl\u00f6cher des Griffs haben einen Abstand von 192 mm.<\/p>\n<p><strong>Bearbeiten<br \/>\n<\/strong>Sie k\u00f6nnen den Griff mit blind montieren\u00a0<u><a href=\"https:\/\/partsandpieces.nl\/de\/produkt\/schraube-edelstahl-zur-blindmontage-von-mobelbeschlagen-45x4mm-20-stuck\/\">Edelstahlschraube zur Blindbefestigung von M\u00f6belbeschl\u00e4gen (45x4mm)<\/a><\/u>. Ich schicke diese Schrauben\u00a0<strong>FREI<\/strong>\u00a0mit Ihrer Bestellung.<\/p>","protected":false},"excerpt":{"rendered":"<p>Ladegreep Brons antiek vierkant 210mm is een mooie ladegreep met een antieke bronzen afwerking. De uitstraling van de greep is licht glanzend. Deze greep past goed op je meubel en lades. Bij deze ladegreep past de knop Brons antiek vierkant 18mm. Ook heb ik deze greep in de afmetingen 114mm en 146mm. Deze kwalitatief uitstekende [&hellip;]<\/p>\n","protected":false},"featured_media":6345,"template":"","meta":{"_acf_changed":false},"product_brand":[],"product_cat":[41,23],"product_tag":[],"class_list":{"0":"post-779","1":"product","2":"type-product","3":"status-publish","4":"has-post-thumbnail","6":"product_cat-ladetrekkers","7":"product_cat-meubelbeslag","9":"first","10":"instock","11":"taxable","12":"shipping-taxable","13":"purchasable","14":"product-type-simple"},"acf":[],"yoast_head":"<!-- This site is optimized with the Yoast SEO plugin v27.3 - https:\/\/yoast.com\/product\/yoast-seo-wordpress\/ -->\n<title>Ladegreep Brons vierkant 210mm antiek<\/title>\n<meta name=\"description\" content=\"Ladegreep Brons antiek vierkant 210mm heeft een antieke bronzen afwerking. De uitstraling van de greep is licht glanzend. Past goed op je meubel en lades.\" \/>\n<meta name=\"robots\" content=\"index, follow, max-snippet:-1, max-image-preview:large, max-video-preview:-1\" \/>\n<link rel=\"canonical\" href=\"https:\/\/partsandpieces.nl\/de\/produkt\/schubladengriff-bronze-antik-quadratisch-210mm\/\" \/>\n<meta property=\"og:locale\" content=\"de_DE\" \/>\n<meta property=\"og:type\" content=\"article\" \/>\n<meta property=\"og:title\" content=\"Ladegreep Brons vierkant 210mm antiek\" \/>\n<meta property=\"og:description\" content=\"Ladegreep Brons antiek vierkant 210mm heeft een antieke bronzen afwerking. De uitstraling van de greep is licht glanzend. Past goed op je meubel en lades.\" \/>\n<meta property=\"og:url\" content=\"https:\/\/partsandpieces.nl\/de\/produkt\/schubladengriff-bronze-antik-quadratisch-210mm\/\" \/>\n<meta property=\"og:site_name\" content=\"Parts &amp; Pieces\" \/>\n<meta property=\"article:modified_time\" content=\"2026-04-03T10:49:35+00:00\" \/>\n<meta property=\"og:image\" content=\"https:\/\/partsandpieces.nl\/wp-content\/uploads\/2020\/07\/Ladegreep-Brons-antiek-vierkant-210mm-1.jpg\" \/>\n\t<meta property=\"og:image:width\" content=\"1440\" \/>\n\t<meta property=\"og:image:height\" content=\"1440\" \/>\n\t<meta property=\"og:image:type\" content=\"image\/jpeg\" \/>\n<meta name=\"twitter:card\" content=\"summary_large_image\" \/>\n<meta name=\"twitter:label1\" content=\"Gesch\u00e4tzte Lesezeit\" \/>\n\t<meta name=\"twitter:data1\" content=\"1\u00a0Minute\" \/>\n<script type=\"application\/ld+json\" class=\"yoast-schema-graph\">{\"@context\":\"https:\\\/\\\/schema.org\",\"@graph\":[{\"@type\":\"WebPage\",\"@id\":\"https:\\\/\\\/partsandpieces.nl\\\/product\\\/ladegreep-brons-antiek-vierkant-210mm\\\/\",\"url\":\"https:\\\/\\\/partsandpieces.nl\\\/product\\\/ladegreep-brons-antiek-vierkant-210mm\\\/\",\"name\":\"Ladegreep Brons vierkant 210mm antiek\",\"isPartOf\":{\"@id\":\"https:\\\/\\\/partsandpieces.nl\\\/#website\"},\"primaryImageOfPage\":{\"@id\":\"https:\\\/\\\/partsandpieces.nl\\\/product\\\/ladegreep-brons-antiek-vierkant-210mm\\\/#primaryimage\"},\"image\":{\"@id\":\"https:\\\/\\\/partsandpieces.nl\\\/product\\\/ladegreep-brons-antiek-vierkant-210mm\\\/#primaryimage\"},\"thumbnailUrl\":\"https:\\\/\\\/partsandpieces.nl\\\/wp-content\\\/uploads\\\/2020\\\/07\\\/Ladegreep-Brons-antiek-vierkant-210mm-1.jpg\",\"datePublished\":\"2020-07-22T10:33:08+00:00\",\"dateModified\":\"2026-04-03T10:49:35+00:00\",\"description\":\"Ladegreep Brons antiek vierkant 210mm heeft een antieke bronzen afwerking. De uitstraling van de greep is licht glanzend. Past goed op je meubel en lades.\",\"breadcrumb\":{\"@id\":\"https:\\\/\\\/partsandpieces.nl\\\/product\\\/ladegreep-brons-antiek-vierkant-210mm\\\/#breadcrumb\"},\"inLanguage\":\"de\",\"potentialAction\":[{\"@type\":\"ReadAction\",\"target\":[\"https:\\\/\\\/partsandpieces.nl\\\/product\\\/ladegreep-brons-antiek-vierkant-210mm\\\/\"]}]},{\"@type\":\"ImageObject\",\"inLanguage\":\"de\",\"@id\":\"https:\\\/\\\/partsandpieces.nl\\\/product\\\/ladegreep-brons-antiek-vierkant-210mm\\\/#primaryimage\",\"url\":\"https:\\\/\\\/partsandpieces.nl\\\/wp-content\\\/uploads\\\/2020\\\/07\\\/Ladegreep-Brons-antiek-vierkant-210mm-1.jpg\",\"contentUrl\":\"https:\\\/\\\/partsandpieces.nl\\\/wp-content\\\/uploads\\\/2020\\\/07\\\/Ladegreep-Brons-antiek-vierkant-210mm-1.jpg\",\"width\":1440,\"height\":1440,\"caption\":\"Ladegreep Brons antiek vierkant 210mm\"},{\"@type\":\"BreadcrumbList\",\"@id\":\"https:\\\/\\\/partsandpieces.nl\\\/product\\\/ladegreep-brons-antiek-vierkant-210mm\\\/#breadcrumb\",\"itemListElement\":[{\"@type\":\"ListItem\",\"position\":1,\"name\":\"Home\",\"item\":\"https:\\\/\\\/partsandpieces.nl\\\/home\\\/\"},{\"@type\":\"ListItem\",\"position\":2,\"name\":\"Winkel\",\"item\":\"https:\\\/\\\/partsandpieces.nl\\\/winkel\\\/\"},{\"@type\":\"ListItem\",\"position\":3,\"name\":\"Ladegreep Brons antiek vierkant 210mm\"}]},{\"@type\":\"WebSite\",\"@id\":\"https:\\\/\\\/partsandpieces.nl\\\/#website\",\"url\":\"https:\\\/\\\/partsandpieces.nl\\\/\",\"name\":\"Parts &amp; Pieces\",\"description\":\"Alles voor uw meubelrestauratie en -onderhoud!\",\"potentialAction\":[{\"@type\":\"SearchAction\",\"target\":{\"@type\":\"EntryPoint\",\"urlTemplate\":\"https:\\\/\\\/partsandpieces.nl\\\/?s={search_term_string}\"},\"query-input\":{\"@type\":\"PropertyValueSpecification\",\"valueRequired\":true,\"valueName\":\"search_term_string\"}}],\"inLanguage\":\"de\"}]}<\/script>\n<!-- \/ Yoast SEO plugin. -->","yoast_head_json":{"title":"Schubladengriff Bronze quadratisch 210mm antik","description":"Der Schubladengriff Bronze antik quadratisch 210 mm hat ein antikes Bronze-Finish. Das Aussehen des Griffs ist leicht gl\u00e4nzend. Passt gut auf Ihre M\u00f6bel und Schubladen.","robots":{"index":"index","follow":"follow","max-snippet":"max-snippet:-1","max-image-preview":"max-image-preview:large","max-video-preview":"max-video-preview:-1"},"canonical":"https:\/\/partsandpieces.nl\/de\/produkt\/schubladengriff-bronze-antik-quadratisch-210mm\/","og_locale":"de_DE","og_type":"article","og_title":"Ladegreep Brons vierkant 210mm antiek","og_description":"Ladegreep Brons antiek vierkant 210mm heeft een antieke bronzen afwerking. De uitstraling van de greep is licht glanzend. Past goed op je meubel en lades.","og_url":"https:\/\/partsandpieces.nl\/de\/produkt\/schubladengriff-bronze-antik-quadratisch-210mm\/","og_site_name":"Parts &amp; Pieces","article_modified_time":"2026-04-03T10:49:35+00:00","og_image":[{"width":1440,"height":1440,"url":"https:\/\/partsandpieces.nl\/wp-content\/uploads\/2020\/07\/Ladegreep-Brons-antiek-vierkant-210mm-1.jpg","type":"image\/jpeg"}],"twitter_card":"summary_large_image","twitter_misc":{"Gesch\u00e4tzte Lesezeit":"1\u00a0Minute"},"schema":{"@context":"https:\/\/schema.org","@graph":[{"@type":"WebPage","@id":"https:\/\/partsandpieces.nl\/product\/ladegreep-brons-antiek-vierkant-210mm\/","url":"https:\/\/partsandpieces.nl\/product\/ladegreep-brons-antiek-vierkant-210mm\/","name":"Schubladengriff Bronze quadratisch 210mm antik","isPartOf":{"@id":"https:\/\/partsandpieces.nl\/#website"},"primaryImageOfPage":{"@id":"https:\/\/partsandpieces.nl\/product\/ladegreep-brons-antiek-vierkant-210mm\/#primaryimage"},"image":{"@id":"https:\/\/partsandpieces.nl\/product\/ladegreep-brons-antiek-vierkant-210mm\/#primaryimage"},"thumbnailUrl":"https:\/\/partsandpieces.nl\/wp-content\/uploads\/2020\/07\/Ladegreep-Brons-antiek-vierkant-210mm-1.jpg","datePublished":"2020-07-22T10:33:08+00:00","dateModified":"2026-04-03T10:49:35+00:00","description":"Der Schubladengriff Bronze antik quadratisch 210 mm hat ein antikes Bronze-Finish. Das Aussehen des Griffs ist leicht gl\u00e4nzend. Passt gut auf Ihre M\u00f6bel und Schubladen.","breadcrumb":{"@id":"https:\/\/partsandpieces.nl\/product\/ladegreep-brons-antiek-vierkant-210mm\/#breadcrumb"},"inLanguage":"de","potentialAction":[{"@type":"ReadAction","target":["https:\/\/partsandpieces.nl\/product\/ladegreep-brons-antiek-vierkant-210mm\/"]}]},{"@type":"ImageObject","inLanguage":"de","@id":"https:\/\/partsandpieces.nl\/product\/ladegreep-brons-antiek-vierkant-210mm\/#primaryimage","url":"https:\/\/partsandpieces.nl\/wp-content\/uploads\/2020\/07\/Ladegreep-Brons-antiek-vierkant-210mm-1.jpg","contentUrl":"https:\/\/partsandpieces.nl\/wp-content\/uploads\/2020\/07\/Ladegreep-Brons-antiek-vierkant-210mm-1.jpg","width":1440,"height":1440,"caption":"Ladegreep Brons antiek vierkant 210mm"},{"@type":"BreadcrumbList","@id":"https:\/\/partsandpieces.nl\/product\/ladegreep-brons-antiek-vierkant-210mm\/#breadcrumb","itemListElement":[{"@type":"ListItem","position":1,"name":"Home","item":"https:\/\/partsandpieces.nl\/home\/"},{"@type":"ListItem","position":2,"name":"Winkel","item":"https:\/\/partsandpieces.nl\/winkel\/"},{"@type":"ListItem","position":3,"name":"Ladegreep Brons antiek vierkant 210mm"}]},{"@type":"WebSite","@id":"https:\/\/partsandpieces.nl\/#website","url":"https:\/\/partsandpieces.nl\/","name":"Teile &amp; St\u00fccke","description":"Alles f\u00fcr Ihre M\u00f6belrestaurierung und -pflege!","potentialAction":[{"@type":"SearchAction","target":{"@type":"EntryPoint","urlTemplate":"https:\/\/partsandpieces.nl\/?s={search_term_string}"},"query-input":{"@type":"PropertyValueSpecification","valueRequired":true,"valueName":"search_term_string"}}],"inLanguage":"de"}]}},"_links":{"self":[{"href":"https:\/\/partsandpieces.nl\/de\/wp-json\/wp\/v2\/product\/779","targetHints":{"allow":["GET"]}}],"collection":[{"href":"https:\/\/partsandpieces.nl\/de\/wp-json\/wp\/v2\/product"}],"about":[{"href":"https:\/\/partsandpieces.nl\/de\/wp-json\/wp\/v2\/types\/product"}],"wp:featuredmedia":[{"embeddable":true,"href":"https:\/\/partsandpieces.nl\/de\/wp-json\/wp\/v2\/media\/6345"}],"wp:attachment":[{"href":"https:\/\/partsandpieces.nl\/de\/wp-json\/wp\/v2\/media?parent=779"}],"wp:term":[{"taxonomy":"product_brand","embeddable":true,"href":"https:\/\/partsandpieces.nl\/de\/wp-json\/wp\/v2\/product_brand?post=779"},{"taxonomy":"product_cat","embeddable":true,"href":"https:\/\/partsandpieces.nl\/de\/wp-json\/wp\/v2\/product_cat?post=779"},{"taxonomy":"product_tag","embeddable":true,"href":"https:\/\/partsandpieces.nl\/de\/wp-json\/wp\/v2\/product_tag?post=779"}],"curies":[{"name":"wp","href":"https:\/\/api.w.org\/{rel}","templated":true}]}}