{"id":7889,"date":"2023-12-13T11:24:45","date_gmt":"2023-12-13T10:24:45","guid":{"rendered":"https:\/\/partsandpieces.nl\/?post_type=product&#038;p=7889"},"modified":"2026-04-02T13:32:30","modified_gmt":"2026-04-02T11:32:30","slug":"bormawachs-wetterol-uv-zum-schutz-vor-uv-strahlung-1-liter","status":"publish","type":"product","link":"https:\/\/partsandpieces.nl\/de\/product\/borma-wachs-weather-oil-uv-voor-bescherming-tegen-uv-straling-1-liter\/","title":{"rendered":"Borma Wachs Weather Oil UV zum Schutz vor UV-Strahlung 1 Liter"},"content":{"rendered":"<p><strong>Borma Wachs Weather Oil UV zum Schutz vor UV-Strahlung<\/strong> sch\u00fctzt Ihre Holzoberfl\u00e4che vor dem negativen Einfluss der Sonne und anderen Witterungseinfl\u00fcssen. Es handelt sich um eine Mischung aus \u00d6l, Wachs und Naturharzen f\u00fcr den fachgerechten Abschluss behandelter Holzoberfl\u00e4chen im Au\u00dfenbereich. Es handelt sich um ein transparentes \u00d6l, das als Decklack nach dem F\u00e4rben empfohlen wird. Dank der speziellen UV-Filter verl\u00e4ngert es die Lebensdauer von gef\u00e4rbtem und unbehandeltem Holz und verhindert dessen Vergrauung oder Oxidation. Tropfen nicht.<br \/>\nHet product kan ook voor binnen gebruikt worden.<\/p>\n<p>&nbsp;<\/p>\n<p><img decoding=\"async\" src=\"https:\/\/bormawachs.com\/img_cert\/s\/ICON_CERT_UV_FILTERS.png\" alt=\"ICON_CERT_UV_FILTERS\" \/><\/p>\n<p>&nbsp;<\/p>\n<p><strong>Anweisungen<br \/>\n<\/strong>\u2013 Verwenden Sie Borma Wachs Weather Oil UV zum Schutz vor UV-Strahlung auf trockenem Holz, das frei von alten Beizen, Lacken oder Lacken ist. Sie k\u00f6nnen es verwenden, wenn die Oberfl\u00e4che mit \u00d6l oder Beize\/Lasur gef\u00e4rbt wurde.<br \/>\n\u2013 Entfernen Sie vor jedem Auftrag eventuelle alte Farbreste durch Schleifen oder Abbeizmittel.<br \/>\n\u2013 Tragen Sie zwei Schichten des Produkts mit einem Pinsel oder einer Handrolle im Abstand von ca. 10\u201312 Stunden auf.<\/p>","protected":false},"excerpt":{"rendered":"<p>Borma Wachs Weather Oil UV voor bescherming tegen UV straling beschermt je houten oppervlak tegen de negatieve invloed van de zon en andere weersinvloeden. Het is een mengsel van olie, was en natuurlijke harsen voor de juiste afwerking van behandelde hout oppervlakte buiten. Het is een transparante olie aanbevolen als toplaag na het kleuren. Dankzij [&hellip;]<\/p>\n","protected":false},"featured_media":7891,"template":"","meta":{"_acf_changed":false},"product_brand":[],"product_cat":[67],"product_tag":[],"class_list":{"0":"post-7889","1":"product","2":"type-product","3":"status-publish","4":"has-post-thumbnail","6":"product_cat-danish-oil-en-outdoor-olie","8":"first","9":"instock","10":"taxable","11":"shipping-taxable","12":"purchasable","13":"product-type-simple"},"acf":[],"yoast_head":"<!-- This site is optimized with the Yoast SEO plugin v27.3 - https:\/\/yoast.com\/product\/yoast-seo-wordpress\/ -->\n<title>Borma Wachs Weather Oil UV voor bescherming tegen UV straling<\/title>\n<meta name=\"description\" content=\"Borma Wachs Weather Oil UV voor bescherming tegen UV straling verlengt de levensduur van hout buiten, waardoor het niet vergrijst en niet oxideert.\" \/>\n<meta name=\"robots\" content=\"index, follow, max-snippet:-1, max-image-preview:large, max-video-preview:-1\" \/>\n<link rel=\"canonical\" href=\"https:\/\/partsandpieces.nl\/de\/produkt\/bormawachs-wetterol-uv-zum-schutz-vor-uv-strahlung-1-liter\/\" \/>\n<meta property=\"og:locale\" content=\"de_DE\" \/>\n<meta property=\"og:type\" content=\"article\" \/>\n<meta property=\"og:title\" content=\"Borma Wachs Weather Oil UV voor bescherming tegen UV straling\" \/>\n<meta property=\"og:description\" content=\"Borma Wachs Weather Oil UV voor bescherming tegen UV straling verlengt de levensduur van hout buiten, waardoor het niet vergrijst en niet oxideert.\" \/>\n<meta property=\"og:url\" content=\"https:\/\/partsandpieces.nl\/de\/produkt\/bormawachs-wetterol-uv-zum-schutz-vor-uv-strahlung-1-liter\/\" \/>\n<meta property=\"og:site_name\" content=\"Parts &amp; Pieces\" \/>\n<meta property=\"article:modified_time\" content=\"2026-04-02T11:32:30+00:00\" \/>\n<meta property=\"og:image\" content=\"https:\/\/partsandpieces.nl\/wp-content\/uploads\/2023\/12\/Borma-Wachs-Weather-Oil-UV-voor-bescherming-tegen-UV-straling.jpg\" \/>\n\t<meta property=\"og:image:width\" content=\"600\" \/>\n\t<meta property=\"og:image:height\" content=\"600\" \/>\n\t<meta property=\"og:image:type\" content=\"image\/jpeg\" \/>\n<meta name=\"twitter:card\" content=\"summary_large_image\" \/>\n<meta name=\"twitter:label1\" content=\"Gesch\u00e4tzte Lesezeit\" \/>\n\t<meta name=\"twitter:data1\" content=\"2\u00a0Minuten\" \/>\n<script type=\"application\/ld+json\" class=\"yoast-schema-graph\">{\"@context\":\"https:\\\/\\\/schema.org\",\"@graph\":[{\"@type\":\"WebPage\",\"@id\":\"https:\\\/\\\/partsandpieces.nl\\\/product\\\/borma-wachs-weather-oil-uv-voor-bescherming-tegen-uv-straling-1-liter\\\/\",\"url\":\"https:\\\/\\\/partsandpieces.nl\\\/product\\\/borma-wachs-weather-oil-uv-voor-bescherming-tegen-uv-straling-1-liter\\\/\",\"name\":\"Borma Wachs Weather Oil UV voor bescherming tegen UV straling\",\"isPartOf\":{\"@id\":\"https:\\\/\\\/partsandpieces.nl\\\/#website\"},\"primaryImageOfPage\":{\"@id\":\"https:\\\/\\\/partsandpieces.nl\\\/product\\\/borma-wachs-weather-oil-uv-voor-bescherming-tegen-uv-straling-1-liter\\\/#primaryimage\"},\"image\":{\"@id\":\"https:\\\/\\\/partsandpieces.nl\\\/product\\\/borma-wachs-weather-oil-uv-voor-bescherming-tegen-uv-straling-1-liter\\\/#primaryimage\"},\"thumbnailUrl\":\"https:\\\/\\\/partsandpieces.nl\\\/wp-content\\\/uploads\\\/2023\\\/12\\\/Borma-Wachs-Weather-Oil-UV-voor-bescherming-tegen-UV-straling.jpg\",\"datePublished\":\"2023-12-13T10:24:45+00:00\",\"dateModified\":\"2026-04-02T11:32:30+00:00\",\"description\":\"Borma Wachs Weather Oil UV voor bescherming tegen UV straling verlengt de levensduur van hout buiten, waardoor het niet vergrijst en niet oxideert.\",\"breadcrumb\":{\"@id\":\"https:\\\/\\\/partsandpieces.nl\\\/product\\\/borma-wachs-weather-oil-uv-voor-bescherming-tegen-uv-straling-1-liter\\\/#breadcrumb\"},\"inLanguage\":\"de\",\"potentialAction\":[{\"@type\":\"ReadAction\",\"target\":[\"https:\\\/\\\/partsandpieces.nl\\\/product\\\/borma-wachs-weather-oil-uv-voor-bescherming-tegen-uv-straling-1-liter\\\/\"]}]},{\"@type\":\"ImageObject\",\"inLanguage\":\"de\",\"@id\":\"https:\\\/\\\/partsandpieces.nl\\\/product\\\/borma-wachs-weather-oil-uv-voor-bescherming-tegen-uv-straling-1-liter\\\/#primaryimage\",\"url\":\"https:\\\/\\\/partsandpieces.nl\\\/wp-content\\\/uploads\\\/2023\\\/12\\\/Borma-Wachs-Weather-Oil-UV-voor-bescherming-tegen-UV-straling.jpg\",\"contentUrl\":\"https:\\\/\\\/partsandpieces.nl\\\/wp-content\\\/uploads\\\/2023\\\/12\\\/Borma-Wachs-Weather-Oil-UV-voor-bescherming-tegen-UV-straling.jpg\",\"width\":600,\"height\":600,\"caption\":\"Borma Wachs Weather Oil UV voor bescherming tegen UV straling\"},{\"@type\":\"BreadcrumbList\",\"@id\":\"https:\\\/\\\/partsandpieces.nl\\\/product\\\/borma-wachs-weather-oil-uv-voor-bescherming-tegen-uv-straling-1-liter\\\/#breadcrumb\",\"itemListElement\":[{\"@type\":\"ListItem\",\"position\":1,\"name\":\"Home\",\"item\":\"https:\\\/\\\/partsandpieces.nl\\\/home\\\/\"},{\"@type\":\"ListItem\",\"position\":2,\"name\":\"Winkel\",\"item\":\"https:\\\/\\\/partsandpieces.nl\\\/winkel\\\/\"},{\"@type\":\"ListItem\",\"position\":3,\"name\":\"Borma Wachs Weather Oil UV voor bescherming tegen UV straling 1 liter\"}]},{\"@type\":\"WebSite\",\"@id\":\"https:\\\/\\\/partsandpieces.nl\\\/#website\",\"url\":\"https:\\\/\\\/partsandpieces.nl\\\/\",\"name\":\"Parts &amp; Pieces\",\"description\":\"Alles voor uw meubelrestauratie en -onderhoud!\",\"potentialAction\":[{\"@type\":\"SearchAction\",\"target\":{\"@type\":\"EntryPoint\",\"urlTemplate\":\"https:\\\/\\\/partsandpieces.nl\\\/?s={search_term_string}\"},\"query-input\":{\"@type\":\"PropertyValueSpecification\",\"valueRequired\":true,\"valueName\":\"search_term_string\"}}],\"inLanguage\":\"de\"}]}<\/script>\n<!-- \/ Yoast SEO plugin. -->","yoast_head_json":{"title":"Borma Wachs Weather Oil UV zum Schutz vor UV-Strahlung","description":"Borma Wachs Weather Oil UV zum Schutz vor UV-Strahlung verl\u00e4ngert die Lebensdauer von Holz im Au\u00dfenbereich und verhindert dessen Vergrauung oder Oxidation.","robots":{"index":"index","follow":"follow","max-snippet":"max-snippet:-1","max-image-preview":"max-image-preview:large","max-video-preview":"max-video-preview:-1"},"canonical":"https:\/\/partsandpieces.nl\/de\/produkt\/bormawachs-wetterol-uv-zum-schutz-vor-uv-strahlung-1-liter\/","og_locale":"de_DE","og_type":"article","og_title":"Borma Wachs Weather Oil UV voor bescherming tegen UV straling","og_description":"Borma Wachs Weather Oil UV voor bescherming tegen UV straling verlengt de levensduur van hout buiten, waardoor het niet vergrijst en niet oxideert.","og_url":"https:\/\/partsandpieces.nl\/de\/produkt\/bormawachs-wetterol-uv-zum-schutz-vor-uv-strahlung-1-liter\/","og_site_name":"Parts &amp; Pieces","article_modified_time":"2026-04-02T11:32:30+00:00","og_image":[{"width":600,"height":600,"url":"https:\/\/partsandpieces.nl\/wp-content\/uploads\/2023\/12\/Borma-Wachs-Weather-Oil-UV-voor-bescherming-tegen-UV-straling.jpg","type":"image\/jpeg"}],"twitter_card":"summary_large_image","twitter_misc":{"Gesch\u00e4tzte Lesezeit":"2\u00a0Minuten"},"schema":{"@context":"https:\/\/schema.org","@graph":[{"@type":"WebPage","@id":"https:\/\/partsandpieces.nl\/product\/borma-wachs-weather-oil-uv-voor-bescherming-tegen-uv-straling-1-liter\/","url":"https:\/\/partsandpieces.nl\/product\/borma-wachs-weather-oil-uv-voor-bescherming-tegen-uv-straling-1-liter\/","name":"Borma Wachs Weather Oil UV zum Schutz vor UV-Strahlung","isPartOf":{"@id":"https:\/\/partsandpieces.nl\/#website"},"primaryImageOfPage":{"@id":"https:\/\/partsandpieces.nl\/product\/borma-wachs-weather-oil-uv-voor-bescherming-tegen-uv-straling-1-liter\/#primaryimage"},"image":{"@id":"https:\/\/partsandpieces.nl\/product\/borma-wachs-weather-oil-uv-voor-bescherming-tegen-uv-straling-1-liter\/#primaryimage"},"thumbnailUrl":"https:\/\/partsandpieces.nl\/wp-content\/uploads\/2023\/12\/Borma-Wachs-Weather-Oil-UV-voor-bescherming-tegen-UV-straling.jpg","datePublished":"2023-12-13T10:24:45+00:00","dateModified":"2026-04-02T11:32:30+00:00","description":"Borma Wachs Weather Oil UV zum Schutz vor UV-Strahlung verl\u00e4ngert die Lebensdauer von Holz im Au\u00dfenbereich und verhindert dessen Vergrauung oder Oxidation.","breadcrumb":{"@id":"https:\/\/partsandpieces.nl\/product\/borma-wachs-weather-oil-uv-voor-bescherming-tegen-uv-straling-1-liter\/#breadcrumb"},"inLanguage":"de","potentialAction":[{"@type":"ReadAction","target":["https:\/\/partsandpieces.nl\/product\/borma-wachs-weather-oil-uv-voor-bescherming-tegen-uv-straling-1-liter\/"]}]},{"@type":"ImageObject","inLanguage":"de","@id":"https:\/\/partsandpieces.nl\/product\/borma-wachs-weather-oil-uv-voor-bescherming-tegen-uv-straling-1-liter\/#primaryimage","url":"https:\/\/partsandpieces.nl\/wp-content\/uploads\/2023\/12\/Borma-Wachs-Weather-Oil-UV-voor-bescherming-tegen-UV-straling.jpg","contentUrl":"https:\/\/partsandpieces.nl\/wp-content\/uploads\/2023\/12\/Borma-Wachs-Weather-Oil-UV-voor-bescherming-tegen-UV-straling.jpg","width":600,"height":600,"caption":"Borma Wachs Weather Oil UV voor bescherming tegen UV straling"},{"@type":"BreadcrumbList","@id":"https:\/\/partsandpieces.nl\/product\/borma-wachs-weather-oil-uv-voor-bescherming-tegen-uv-straling-1-liter\/#breadcrumb","itemListElement":[{"@type":"ListItem","position":1,"name":"Home","item":"https:\/\/partsandpieces.nl\/home\/"},{"@type":"ListItem","position":2,"name":"Winkel","item":"https:\/\/partsandpieces.nl\/winkel\/"},{"@type":"ListItem","position":3,"name":"Borma Wachs Weather Oil UV voor bescherming tegen UV straling 1 liter"}]},{"@type":"WebSite","@id":"https:\/\/partsandpieces.nl\/#website","url":"https:\/\/partsandpieces.nl\/","name":"Teile &amp; St\u00fccke","description":"Alles f\u00fcr Ihre M\u00f6belrestaurierung und -pflege!","potentialAction":[{"@type":"SearchAction","target":{"@type":"EntryPoint","urlTemplate":"https:\/\/partsandpieces.nl\/?s={search_term_string}"},"query-input":{"@type":"PropertyValueSpecification","valueRequired":true,"valueName":"search_term_string"}}],"inLanguage":"de"}]}},"_links":{"self":[{"href":"https:\/\/partsandpieces.nl\/de\/wp-json\/wp\/v2\/product\/7889","targetHints":{"allow":["GET"]}}],"collection":[{"href":"https:\/\/partsandpieces.nl\/de\/wp-json\/wp\/v2\/product"}],"about":[{"href":"https:\/\/partsandpieces.nl\/de\/wp-json\/wp\/v2\/types\/product"}],"wp:featuredmedia":[{"embeddable":true,"href":"https:\/\/partsandpieces.nl\/de\/wp-json\/wp\/v2\/media\/7891"}],"wp:attachment":[{"href":"https:\/\/partsandpieces.nl\/de\/wp-json\/wp\/v2\/media?parent=7889"}],"wp:term":[{"taxonomy":"product_brand","embeddable":true,"href":"https:\/\/partsandpieces.nl\/de\/wp-json\/wp\/v2\/product_brand?post=7889"},{"taxonomy":"product_cat","embeddable":true,"href":"https:\/\/partsandpieces.nl\/de\/wp-json\/wp\/v2\/product_cat?post=7889"},{"taxonomy":"product_tag","embeddable":true,"href":"https:\/\/partsandpieces.nl\/de\/wp-json\/wp\/v2\/product_tag?post=7889"}],"curies":[{"name":"wp","href":"https:\/\/api.w.org\/{rel}","templated":true}]}}