{"id":795,"date":"2020-07-22T11:16:09","date_gmt":"2020-07-22T11:16:09","guid":{"rendered":"https:\/\/partsandpieces.bonsaidev.nl\/?product=ladetrekker-zam-porselein-150x20mm"},"modified":"2024-11-26T12:06:49","modified_gmt":"2024-11-26T11:06:49","slug":"schubladengriff-in-antikbronze-mit-porzellan-elfenbein-einlage-148-mm","status":"publish","type":"product","link":"https:\/\/partsandpieces.nl\/de\/product\/ladegreep-antiek-brons-met-porseleinen-ivoorkleurige-inleg-148mm\/","title":{"rendered":"Schubladengriff aus Antikbronze mit Porzellan-Elfenbein-Einlage, 148 mm"},"content":{"rendered":"<p style=\"margin-bottom: 1em; padding: 0px; color: #777777; font-family: 'Helvetica Neue', Helvetica, Arial, sans-serif;\"><strong style=\"color: #333333; font-family: Georgia, 'Times New Roman', 'Bitstream Charter', Times, serif;\">Schubladengriff aus Antikbronze mit Porzellan-Elfenbein-Einlage, 148 mm<\/strong> <span style=\"color: #333333; font-family: Georgia, 'Times New Roman', 'Bitstream Charter', Times, serif;\">ist ein Schubladengriff aus Zamak* mit antikbronzefarbener Oberfl\u00e4che. Der Griff hat eine elfenbeinfarbene Porzellaneinlage mit verspieltem Linienmuster. Der Griff hat eine rechteckige Form mit abgerundeten Enden auf beiden Seiten, die in einem Bein enden. Das Erscheinungsbild des Griffs ist matt. Dieser Griff passt gut auf Ihre M\u00f6bel oder Ihren K\u00fcchenschrank.<\/span><\/p>\n<p>Dieser hochwertige Knopf wird in Italien hergestellt.<\/p>\n<p><strong>Ma\u00dfe<br \/>\n<\/strong>Der Schubladengriff aus Antikbronze mit Porzellan-Elfenbein-Einlage 148 mm ist 148 mm lang und 15 mm breit. Nach der Installation steht dieser Griff 30 mm hervor. Die Bohrl\u00f6cher haben einen Abstand von 128 mm.<\/p>\n<p><strong>Bearbeiten<br \/>\n<\/strong>Sie k\u00f6nnen den Griff mit blind montieren\u00a0<span style=\"text-decoration: underline;\"><a href=\"https:\/\/partsandpieces.nl\/de\/produkt\/schraube-edelstahl-zur-blindmontage-von-mobelbeschlagen-45x4mm-20-stuck\/\">Edelstahlschraube zur Blindbefestigung von M\u00f6belbeschl\u00e4gen (45x4mm)<\/a><\/span>. Ich schicke diese Schrauben\u00a0<strong>FREI<\/strong>\u00a0mit Ihrer Bestellung.<\/p>\n<p>* Zamak ist eine Legierung mit Zink als Hauptbestandteil. Es hat einen relativ niedrigen Schmelzpunkt und ist leicht zu gie\u00dfen. Der Name ist ein Akronym, abgeleitet von den Anfangsbuchstaben der deutschen Bezeichnungen f\u00fcr die Metalle, aus denen sich der Werkstoff zusammensetzt: Zink, Aluminium, MAGnesium, Kupfer. Zamak wird in der Auto- und M\u00f6belindustrie f\u00fcr T\u00fcrgriffe, Griffe, Logos und Zierleisten verwendet. Es wird auch h\u00e4ufig als Ersatz f\u00fcr das giftige Blei verwendet.<\/p>","protected":false},"excerpt":{"rendered":"<p>Ladegreep Antiek Brons met porseleinen ivoorkleurige inleg 148mm is een ladetrekker gemaakt van Zamak* met een antieke bronskleurige finish. De greep heeft een ivoorkleurige porseleinen inleg met daarop een speels lijnenpatroon. De greep is rechthoekig van vorm met aan beide zijden een afgerond uiteinde eindigend op een poot. De uitstraling van de greep is mat. [&hellip;]<\/p>\n","protected":false},"featured_media":6112,"template":"","meta":{"_acf_changed":false},"product_brand":[],"product_cat":[41,23],"product_tag":[],"class_list":{"0":"post-795","1":"product","2":"type-product","3":"status-publish","4":"has-post-thumbnail","6":"product_cat-ladetrekkers","7":"product_cat-meubelbeslag","9":"first","10":"instock","11":"taxable","12":"shipping-taxable","13":"purchasable","14":"product-type-simple"},"acf":[],"yoast_head":"<!-- This site is optimized with the Yoast SEO plugin v27.3 - https:\/\/yoast.com\/product\/yoast-seo-wordpress\/ -->\n<title>Ladegreep Brons ivoor 148mm<\/title>\n<meta name=\"description\" content=\"Ladegreep Antiek Brons met porseleinen ivoorkleurige inleg 148mm heeft een antieke bronskleurige finish en inleg met daarop een speels lijnenpatroon.\" \/>\n<meta name=\"robots\" content=\"index, follow, max-snippet:-1, max-image-preview:large, max-video-preview:-1\" \/>\n<link rel=\"canonical\" href=\"https:\/\/partsandpieces.nl\/de\/produkt\/schubladengriff-in-antikbronze-mit-porzellan-elfenbein-einlage-148-mm\/\" \/>\n<meta property=\"og:locale\" content=\"de_DE\" \/>\n<meta property=\"og:type\" content=\"article\" \/>\n<meta property=\"og:title\" content=\"Ladegreep Brons ivoor 148mm\" \/>\n<meta property=\"og:description\" content=\"Ladegreep Antiek Brons met porseleinen ivoorkleurige inleg 148mm heeft een antieke bronskleurige finish en inleg met daarop een speels lijnenpatroon.\" \/>\n<meta property=\"og:url\" content=\"https:\/\/partsandpieces.nl\/de\/produkt\/schubladengriff-in-antikbronze-mit-porzellan-elfenbein-einlage-148-mm\/\" \/>\n<meta property=\"og:site_name\" content=\"Parts &amp; Pieces\" \/>\n<meta property=\"article:modified_time\" content=\"2024-11-26T11:06:49+00:00\" \/>\n<meta property=\"og:image\" content=\"https:\/\/partsandpieces.nl\/wp-content\/uploads\/2020\/07\/Ladegreep-Antiek-Brons-met-porseleinen-ivoorkleurige-inleg-148mm.jpg\" \/>\n\t<meta property=\"og:image:width\" content=\"480\" \/>\n\t<meta property=\"og:image:height\" content=\"481\" \/>\n\t<meta property=\"og:image:type\" content=\"image\/jpeg\" \/>\n<meta name=\"twitter:card\" content=\"summary_large_image\" \/>\n<meta name=\"twitter:label1\" content=\"Gesch\u00e4tzte Lesezeit\" \/>\n\t<meta name=\"twitter:data1\" content=\"1\u00a0Minute\" \/>\n<script type=\"application\/ld+json\" class=\"yoast-schema-graph\">{\"@context\":\"https:\\\/\\\/schema.org\",\"@graph\":[{\"@type\":\"WebPage\",\"@id\":\"https:\\\/\\\/partsandpieces.nl\\\/product\\\/ladegreep-antiek-brons-met-porseleinen-ivoorkleurige-inleg-148mm\\\/\",\"url\":\"https:\\\/\\\/partsandpieces.nl\\\/product\\\/ladegreep-antiek-brons-met-porseleinen-ivoorkleurige-inleg-148mm\\\/\",\"name\":\"Ladegreep Brons ivoor 148mm\",\"isPartOf\":{\"@id\":\"https:\\\/\\\/partsandpieces.nl\\\/#website\"},\"primaryImageOfPage\":{\"@id\":\"https:\\\/\\\/partsandpieces.nl\\\/product\\\/ladegreep-antiek-brons-met-porseleinen-ivoorkleurige-inleg-148mm\\\/#primaryimage\"},\"image\":{\"@id\":\"https:\\\/\\\/partsandpieces.nl\\\/product\\\/ladegreep-antiek-brons-met-porseleinen-ivoorkleurige-inleg-148mm\\\/#primaryimage\"},\"thumbnailUrl\":\"https:\\\/\\\/partsandpieces.nl\\\/wp-content\\\/uploads\\\/2020\\\/07\\\/Ladegreep-Antiek-Brons-met-porseleinen-ivoorkleurige-inleg-148mm.jpg\",\"datePublished\":\"2020-07-22T11:16:09+00:00\",\"dateModified\":\"2024-11-26T11:06:49+00:00\",\"description\":\"Ladegreep Antiek Brons met porseleinen ivoorkleurige inleg 148mm heeft een antieke bronskleurige finish en inleg met daarop een speels lijnenpatroon.\",\"breadcrumb\":{\"@id\":\"https:\\\/\\\/partsandpieces.nl\\\/product\\\/ladegreep-antiek-brons-met-porseleinen-ivoorkleurige-inleg-148mm\\\/#breadcrumb\"},\"inLanguage\":\"de\",\"potentialAction\":[{\"@type\":\"ReadAction\",\"target\":[\"https:\\\/\\\/partsandpieces.nl\\\/product\\\/ladegreep-antiek-brons-met-porseleinen-ivoorkleurige-inleg-148mm\\\/\"]}]},{\"@type\":\"ImageObject\",\"inLanguage\":\"de\",\"@id\":\"https:\\\/\\\/partsandpieces.nl\\\/product\\\/ladegreep-antiek-brons-met-porseleinen-ivoorkleurige-inleg-148mm\\\/#primaryimage\",\"url\":\"https:\\\/\\\/partsandpieces.nl\\\/wp-content\\\/uploads\\\/2020\\\/07\\\/Ladegreep-Antiek-Brons-met-porseleinen-ivoorkleurige-inleg-148mm.jpg\",\"contentUrl\":\"https:\\\/\\\/partsandpieces.nl\\\/wp-content\\\/uploads\\\/2020\\\/07\\\/Ladegreep-Antiek-Brons-met-porseleinen-ivoorkleurige-inleg-148mm.jpg\",\"width\":480,\"height\":481,\"caption\":\"Ladegreep Antiek Brons met porseleinen ivoorkleurige inleg 148mm\"},{\"@type\":\"BreadcrumbList\",\"@id\":\"https:\\\/\\\/partsandpieces.nl\\\/product\\\/ladegreep-antiek-brons-met-porseleinen-ivoorkleurige-inleg-148mm\\\/#breadcrumb\",\"itemListElement\":[{\"@type\":\"ListItem\",\"position\":1,\"name\":\"Home\",\"item\":\"https:\\\/\\\/partsandpieces.nl\\\/home\\\/\"},{\"@type\":\"ListItem\",\"position\":2,\"name\":\"Winkel\",\"item\":\"https:\\\/\\\/partsandpieces.nl\\\/winkel\\\/\"},{\"@type\":\"ListItem\",\"position\":3,\"name\":\"Ladegreep Antiek Brons met porseleinen ivoorkleurige inleg 148mm\"}]},{\"@type\":\"WebSite\",\"@id\":\"https:\\\/\\\/partsandpieces.nl\\\/#website\",\"url\":\"https:\\\/\\\/partsandpieces.nl\\\/\",\"name\":\"Parts &amp; Pieces\",\"description\":\"Alles voor uw meubelrestauratie en -onderhoud!\",\"potentialAction\":[{\"@type\":\"SearchAction\",\"target\":{\"@type\":\"EntryPoint\",\"urlTemplate\":\"https:\\\/\\\/partsandpieces.nl\\\/?s={search_term_string}\"},\"query-input\":{\"@type\":\"PropertyValueSpecification\",\"valueRequired\":true,\"valueName\":\"search_term_string\"}}],\"inLanguage\":\"de\"}]}<\/script>\n<!-- \/ Yoast SEO plugin. -->","yoast_head_json":{"title":"Schubladengriff Bronze Elfenbein 148mm","description":"Der Schubladengriff aus Antikbronze mit porzellanfarbener elfenbeinfarbener Einlage (148 mm) hat eine antike bronzefarbene Oberfl\u00e4che und eine Einlage mit einem verspielten Linienmuster.","robots":{"index":"index","follow":"follow","max-snippet":"max-snippet:-1","max-image-preview":"max-image-preview:large","max-video-preview":"max-video-preview:-1"},"canonical":"https:\/\/partsandpieces.nl\/de\/produkt\/schubladengriff-in-antikbronze-mit-porzellan-elfenbein-einlage-148-mm\/","og_locale":"de_DE","og_type":"article","og_title":"Ladegreep Brons ivoor 148mm","og_description":"Ladegreep Antiek Brons met porseleinen ivoorkleurige inleg 148mm heeft een antieke bronskleurige finish en inleg met daarop een speels lijnenpatroon.","og_url":"https:\/\/partsandpieces.nl\/de\/produkt\/schubladengriff-in-antikbronze-mit-porzellan-elfenbein-einlage-148-mm\/","og_site_name":"Parts &amp; Pieces","article_modified_time":"2024-11-26T11:06:49+00:00","og_image":[{"width":480,"height":481,"url":"https:\/\/partsandpieces.nl\/wp-content\/uploads\/2020\/07\/Ladegreep-Antiek-Brons-met-porseleinen-ivoorkleurige-inleg-148mm.jpg","type":"image\/jpeg"}],"twitter_card":"summary_large_image","twitter_misc":{"Gesch\u00e4tzte Lesezeit":"1\u00a0Minute"},"schema":{"@context":"https:\/\/schema.org","@graph":[{"@type":"WebPage","@id":"https:\/\/partsandpieces.nl\/product\/ladegreep-antiek-brons-met-porseleinen-ivoorkleurige-inleg-148mm\/","url":"https:\/\/partsandpieces.nl\/product\/ladegreep-antiek-brons-met-porseleinen-ivoorkleurige-inleg-148mm\/","name":"Schubladengriff Bronze Elfenbein 148mm","isPartOf":{"@id":"https:\/\/partsandpieces.nl\/#website"},"primaryImageOfPage":{"@id":"https:\/\/partsandpieces.nl\/product\/ladegreep-antiek-brons-met-porseleinen-ivoorkleurige-inleg-148mm\/#primaryimage"},"image":{"@id":"https:\/\/partsandpieces.nl\/product\/ladegreep-antiek-brons-met-porseleinen-ivoorkleurige-inleg-148mm\/#primaryimage"},"thumbnailUrl":"https:\/\/partsandpieces.nl\/wp-content\/uploads\/2020\/07\/Ladegreep-Antiek-Brons-met-porseleinen-ivoorkleurige-inleg-148mm.jpg","datePublished":"2020-07-22T11:16:09+00:00","dateModified":"2024-11-26T11:06:49+00:00","description":"Der Schubladengriff aus Antikbronze mit porzellanfarbener elfenbeinfarbener Einlage (148 mm) hat eine antike bronzefarbene Oberfl\u00e4che und eine Einlage mit einem verspielten Linienmuster.","breadcrumb":{"@id":"https:\/\/partsandpieces.nl\/product\/ladegreep-antiek-brons-met-porseleinen-ivoorkleurige-inleg-148mm\/#breadcrumb"},"inLanguage":"de","potentialAction":[{"@type":"ReadAction","target":["https:\/\/partsandpieces.nl\/product\/ladegreep-antiek-brons-met-porseleinen-ivoorkleurige-inleg-148mm\/"]}]},{"@type":"ImageObject","inLanguage":"de","@id":"https:\/\/partsandpieces.nl\/product\/ladegreep-antiek-brons-met-porseleinen-ivoorkleurige-inleg-148mm\/#primaryimage","url":"https:\/\/partsandpieces.nl\/wp-content\/uploads\/2020\/07\/Ladegreep-Antiek-Brons-met-porseleinen-ivoorkleurige-inleg-148mm.jpg","contentUrl":"https:\/\/partsandpieces.nl\/wp-content\/uploads\/2020\/07\/Ladegreep-Antiek-Brons-met-porseleinen-ivoorkleurige-inleg-148mm.jpg","width":480,"height":481,"caption":"Ladegreep Antiek Brons met porseleinen ivoorkleurige inleg 148mm"},{"@type":"BreadcrumbList","@id":"https:\/\/partsandpieces.nl\/product\/ladegreep-antiek-brons-met-porseleinen-ivoorkleurige-inleg-148mm\/#breadcrumb","itemListElement":[{"@type":"ListItem","position":1,"name":"Home","item":"https:\/\/partsandpieces.nl\/home\/"},{"@type":"ListItem","position":2,"name":"Winkel","item":"https:\/\/partsandpieces.nl\/winkel\/"},{"@type":"ListItem","position":3,"name":"Ladegreep Antiek Brons met porseleinen ivoorkleurige inleg 148mm"}]},{"@type":"WebSite","@id":"https:\/\/partsandpieces.nl\/#website","url":"https:\/\/partsandpieces.nl\/","name":"Teile &amp; St\u00fccke","description":"Alles f\u00fcr Ihre M\u00f6belrestaurierung und -pflege!","potentialAction":[{"@type":"SearchAction","target":{"@type":"EntryPoint","urlTemplate":"https:\/\/partsandpieces.nl\/?s={search_term_string}"},"query-input":{"@type":"PropertyValueSpecification","valueRequired":true,"valueName":"search_term_string"}}],"inLanguage":"de"}]}},"_links":{"self":[{"href":"https:\/\/partsandpieces.nl\/de\/wp-json\/wp\/v2\/product\/795","targetHints":{"allow":["GET"]}}],"collection":[{"href":"https:\/\/partsandpieces.nl\/de\/wp-json\/wp\/v2\/product"}],"about":[{"href":"https:\/\/partsandpieces.nl\/de\/wp-json\/wp\/v2\/types\/product"}],"wp:featuredmedia":[{"embeddable":true,"href":"https:\/\/partsandpieces.nl\/de\/wp-json\/wp\/v2\/media\/6112"}],"wp:attachment":[{"href":"https:\/\/partsandpieces.nl\/de\/wp-json\/wp\/v2\/media?parent=795"}],"wp:term":[{"taxonomy":"product_brand","embeddable":true,"href":"https:\/\/partsandpieces.nl\/de\/wp-json\/wp\/v2\/product_brand?post=795"},{"taxonomy":"product_cat","embeddable":true,"href":"https:\/\/partsandpieces.nl\/de\/wp-json\/wp\/v2\/product_cat?post=795"},{"taxonomy":"product_tag","embeddable":true,"href":"https:\/\/partsandpieces.nl\/de\/wp-json\/wp\/v2\/product_tag?post=795"}],"curies":[{"name":"wp","href":"https:\/\/api.w.org\/{rel}","templated":true}]}}