{"id":799,"date":"2020-07-22T11:43:37","date_gmt":"2020-07-22T11:43:37","guid":{"rendered":"https:\/\/partsandpieces.bonsaidev.nl\/?product=ladegreep-chroom-links"},"modified":"2024-11-26T12:07:03","modified_gmt":"2024-11-26T11:07:03","slug":"griff-chrom-golf-links-gros-180mm","status":"publish","type":"product","link":"https:\/\/partsandpieces.nl\/de\/product\/greep-chroom-golf-links-groot-180mm\/","title":{"rendered":"Griff Chrom Golf links gro\u00df 180mm"},"content":{"rendered":"<p><strong>Griff Chrom Golf links gro\u00df 180mm <\/strong>ist ein Schubladengriff aus Zamak* mit hochgl\u00e4nzender Chromoberfl\u00e4che. Der Griff hat die Form einer Welle, die sich zur H\u00e4lfte dreht. Das Aussehen des Griffs ist gl\u00e4nzend. Der Griff kann f\u00fcr Schubladen und T\u00fcren verwendet werden. Das Komplettset \u201eGolf\u201c besteht aus einer gro\u00dfen und kleinen Variante, einem rechten und linken Modell sowie einem Knopf. Siehe unten unter \u201eWeitere Vorschl\u00e4ge\u2026\u201c.<\/p>\n<p>Dieser hochwertige Griff wird in Italien hergestellt.<\/p>\n<p><strong>Ma\u00dfe<br \/>\nGriff Chrom Golf links gro\u00df 180mm<\/strong>\u00a0ist 180mm breit. Die Bohrl\u00f6cher haben einen Abstand von 128 mm.<\/p>\n<p><strong>Bearbeiten<br \/>\n<\/strong>Sie k\u00f6nnen den Griff mit blind montieren\u00a0<span style=\"text-decoration: underline;\"><a href=\"https:\/\/partsandpieces.nl\/de\/produkt\/schraube-edelstahl-zur-blindmontage-von-mobelbeschlagen-45x4mm-20-stuck\/\">Edelstahlschraube zur Blindbefestigung von M\u00f6belbeschl\u00e4gen (45x4mm)<\/a><\/span>. Ich schicke diese Schrauben\u00a0<strong>FREI<\/strong>\u00a0mit Ihrer Bestellung.<\/p>\n<p>* Zamak ist eine Legierung mit Zink als Hauptbestandteil. Es hat einen relativ niedrigen Schmelzpunkt und ist leicht zu gie\u00dfen. Der Name ist ein Akronym, abgeleitet von den Anfangsbuchstaben der deutschen Bezeichnungen f\u00fcr die Metalle, aus denen sich der Werkstoff zusammensetzt: Zink, Aluminium, MAGnesium, Kupfer. Zamak wird in der Auto- und M\u00f6belindustrie f\u00fcr T\u00fcrgriffe, Griffe, Logos und Zierleisten verwendet. Es wird auch h\u00e4ufig als Ersatz f\u00fcr das giftige Blei verwendet.<\/p>","protected":false},"excerpt":{"rendered":"<p>Greep Chroom Golf links groot 180mm is een ladegreep gemaakt van Zamak* met een hoogglans chromen finish. De greep heeft de vorm van een golf die halverwege omslaat. De uitstraling van de greep is glanzend. De greep is te gebruiken voor lades en deurtjes. De volledige set \u2018Golf\u2019 bestaat uit een grote en kleine variant, [&hellip;]<\/p>\n","protected":false},"featured_media":6163,"template":"","meta":{"_acf_changed":false},"product_brand":[],"product_cat":[41,23],"product_tag":[],"class_list":{"0":"post-799","1":"product","2":"type-product","3":"status-publish","4":"has-post-thumbnail","6":"product_cat-ladetrekkers","7":"product_cat-meubelbeslag","9":"first","10":"instock","11":"taxable","12":"shipping-taxable","13":"purchasable","14":"product-type-simple"},"acf":[],"yoast_head":"<!-- This site is optimized with the Yoast SEO plugin v27.3 - https:\/\/yoast.com\/product\/yoast-seo-wordpress\/ -->\n<title>Greep Chroom links groot<\/title>\n<meta name=\"description\" content=\"Greep Chroom Golf links groot 180mm heeft een hoogglans chromen finish. De greep heeft de vorm van een golf die halverwege omslaat.\" \/>\n<meta name=\"robots\" content=\"index, follow, max-snippet:-1, max-image-preview:large, max-video-preview:-1\" \/>\n<link rel=\"canonical\" href=\"https:\/\/partsandpieces.nl\/de\/produkt\/griff-chrom-golf-links-gros-180mm\/\" \/>\n<meta property=\"og:locale\" content=\"de_DE\" \/>\n<meta property=\"og:type\" content=\"article\" \/>\n<meta property=\"og:title\" content=\"Greep Chroom links groot\" \/>\n<meta property=\"og:description\" content=\"Greep Chroom Golf links groot 180mm heeft een hoogglans chromen finish. De greep heeft de vorm van een golf die halverwege omslaat.\" \/>\n<meta property=\"og:url\" content=\"https:\/\/partsandpieces.nl\/de\/produkt\/griff-chrom-golf-links-gros-180mm\/\" \/>\n<meta property=\"og:site_name\" content=\"Parts &amp; Pieces\" \/>\n<meta property=\"article:modified_time\" content=\"2024-11-26T11:07:03+00:00\" \/>\n<meta property=\"og:image\" content=\"https:\/\/partsandpieces.nl\/wp-content\/uploads\/2020\/07\/Greep-Chroom-Golf-links-groot-180mm.jpg\" \/>\n\t<meta property=\"og:image:width\" content=\"480\" \/>\n\t<meta property=\"og:image:height\" content=\"479\" \/>\n\t<meta property=\"og:image:type\" content=\"image\/jpeg\" \/>\n<meta name=\"twitter:card\" content=\"summary_large_image\" \/>\n<meta name=\"twitter:label1\" content=\"Gesch\u00e4tzte Lesezeit\" \/>\n\t<meta name=\"twitter:data1\" content=\"1\u00a0Minute\" \/>\n<script type=\"application\/ld+json\" class=\"yoast-schema-graph\">{\"@context\":\"https:\\\/\\\/schema.org\",\"@graph\":[{\"@type\":\"WebPage\",\"@id\":\"https:\\\/\\\/partsandpieces.nl\\\/product\\\/greep-chroom-golf-links-groot-180mm\\\/\",\"url\":\"https:\\\/\\\/partsandpieces.nl\\\/product\\\/greep-chroom-golf-links-groot-180mm\\\/\",\"name\":\"Greep Chroom links groot\",\"isPartOf\":{\"@id\":\"https:\\\/\\\/partsandpieces.nl\\\/#website\"},\"primaryImageOfPage\":{\"@id\":\"https:\\\/\\\/partsandpieces.nl\\\/product\\\/greep-chroom-golf-links-groot-180mm\\\/#primaryimage\"},\"image\":{\"@id\":\"https:\\\/\\\/partsandpieces.nl\\\/product\\\/greep-chroom-golf-links-groot-180mm\\\/#primaryimage\"},\"thumbnailUrl\":\"https:\\\/\\\/partsandpieces.nl\\\/wp-content\\\/uploads\\\/2020\\\/07\\\/Greep-Chroom-Golf-links-groot-180mm.jpg\",\"datePublished\":\"2020-07-22T11:43:37+00:00\",\"dateModified\":\"2024-11-26T11:07:03+00:00\",\"description\":\"Greep Chroom Golf links groot 180mm heeft een hoogglans chromen finish. De greep heeft de vorm van een golf die halverwege omslaat.\",\"breadcrumb\":{\"@id\":\"https:\\\/\\\/partsandpieces.nl\\\/product\\\/greep-chroom-golf-links-groot-180mm\\\/#breadcrumb\"},\"inLanguage\":\"de\",\"potentialAction\":[{\"@type\":\"ReadAction\",\"target\":[\"https:\\\/\\\/partsandpieces.nl\\\/product\\\/greep-chroom-golf-links-groot-180mm\\\/\"]}]},{\"@type\":\"ImageObject\",\"inLanguage\":\"de\",\"@id\":\"https:\\\/\\\/partsandpieces.nl\\\/product\\\/greep-chroom-golf-links-groot-180mm\\\/#primaryimage\",\"url\":\"https:\\\/\\\/partsandpieces.nl\\\/wp-content\\\/uploads\\\/2020\\\/07\\\/Greep-Chroom-Golf-links-groot-180mm.jpg\",\"contentUrl\":\"https:\\\/\\\/partsandpieces.nl\\\/wp-content\\\/uploads\\\/2020\\\/07\\\/Greep-Chroom-Golf-links-groot-180mm.jpg\",\"width\":480,\"height\":479,\"caption\":\"Greep Chroom Golf links groot 180mm\"},{\"@type\":\"BreadcrumbList\",\"@id\":\"https:\\\/\\\/partsandpieces.nl\\\/product\\\/greep-chroom-golf-links-groot-180mm\\\/#breadcrumb\",\"itemListElement\":[{\"@type\":\"ListItem\",\"position\":1,\"name\":\"Home\",\"item\":\"https:\\\/\\\/partsandpieces.nl\\\/home\\\/\"},{\"@type\":\"ListItem\",\"position\":2,\"name\":\"Winkel\",\"item\":\"https:\\\/\\\/partsandpieces.nl\\\/winkel\\\/\"},{\"@type\":\"ListItem\",\"position\":3,\"name\":\"Greep Chroom Golf links groot 180mm\"}]},{\"@type\":\"WebSite\",\"@id\":\"https:\\\/\\\/partsandpieces.nl\\\/#website\",\"url\":\"https:\\\/\\\/partsandpieces.nl\\\/\",\"name\":\"Parts &amp; Pieces\",\"description\":\"Alles voor uw meubelrestauratie en -onderhoud!\",\"potentialAction\":[{\"@type\":\"SearchAction\",\"target\":{\"@type\":\"EntryPoint\",\"urlTemplate\":\"https:\\\/\\\/partsandpieces.nl\\\/?s={search_term_string}\"},\"query-input\":{\"@type\":\"PropertyValueSpecification\",\"valueRequired\":true,\"valueName\":\"search_term_string\"}}],\"inLanguage\":\"de\"}]}<\/script>\n<!-- \/ Yoast SEO plugin. -->","yoast_head_json":{"title":"Griff Chrom links gro\u00df","description":"Griff Chrom Golf links gro\u00df 180mm hat eine hochgl\u00e4nzende Chromoberfl\u00e4che. Der Griff hat die Form einer Welle, die sich zur H\u00e4lfte dreht.","robots":{"index":"index","follow":"follow","max-snippet":"max-snippet:-1","max-image-preview":"max-image-preview:large","max-video-preview":"max-video-preview:-1"},"canonical":"https:\/\/partsandpieces.nl\/de\/produkt\/griff-chrom-golf-links-gros-180mm\/","og_locale":"de_DE","og_type":"article","og_title":"Greep Chroom links groot","og_description":"Greep Chroom Golf links groot 180mm heeft een hoogglans chromen finish. De greep heeft de vorm van een golf die halverwege omslaat.","og_url":"https:\/\/partsandpieces.nl\/de\/produkt\/griff-chrom-golf-links-gros-180mm\/","og_site_name":"Parts &amp; Pieces","article_modified_time":"2024-11-26T11:07:03+00:00","og_image":[{"width":480,"height":479,"url":"https:\/\/partsandpieces.nl\/wp-content\/uploads\/2020\/07\/Greep-Chroom-Golf-links-groot-180mm.jpg","type":"image\/jpeg"}],"twitter_card":"summary_large_image","twitter_misc":{"Gesch\u00e4tzte Lesezeit":"1\u00a0Minute"},"schema":{"@context":"https:\/\/schema.org","@graph":[{"@type":"WebPage","@id":"https:\/\/partsandpieces.nl\/product\/greep-chroom-golf-links-groot-180mm\/","url":"https:\/\/partsandpieces.nl\/product\/greep-chroom-golf-links-groot-180mm\/","name":"Griff Chrom links gro\u00df","isPartOf":{"@id":"https:\/\/partsandpieces.nl\/#website"},"primaryImageOfPage":{"@id":"https:\/\/partsandpieces.nl\/product\/greep-chroom-golf-links-groot-180mm\/#primaryimage"},"image":{"@id":"https:\/\/partsandpieces.nl\/product\/greep-chroom-golf-links-groot-180mm\/#primaryimage"},"thumbnailUrl":"https:\/\/partsandpieces.nl\/wp-content\/uploads\/2020\/07\/Greep-Chroom-Golf-links-groot-180mm.jpg","datePublished":"2020-07-22T11:43:37+00:00","dateModified":"2024-11-26T11:07:03+00:00","description":"Griff Chrom Golf links gro\u00df 180mm hat eine hochgl\u00e4nzende Chromoberfl\u00e4che. Der Griff hat die Form einer Welle, die sich zur H\u00e4lfte dreht.","breadcrumb":{"@id":"https:\/\/partsandpieces.nl\/product\/greep-chroom-golf-links-groot-180mm\/#breadcrumb"},"inLanguage":"de","potentialAction":[{"@type":"ReadAction","target":["https:\/\/partsandpieces.nl\/product\/greep-chroom-golf-links-groot-180mm\/"]}]},{"@type":"ImageObject","inLanguage":"de","@id":"https:\/\/partsandpieces.nl\/product\/greep-chroom-golf-links-groot-180mm\/#primaryimage","url":"https:\/\/partsandpieces.nl\/wp-content\/uploads\/2020\/07\/Greep-Chroom-Golf-links-groot-180mm.jpg","contentUrl":"https:\/\/partsandpieces.nl\/wp-content\/uploads\/2020\/07\/Greep-Chroom-Golf-links-groot-180mm.jpg","width":480,"height":479,"caption":"Greep Chroom Golf links groot 180mm"},{"@type":"BreadcrumbList","@id":"https:\/\/partsandpieces.nl\/product\/greep-chroom-golf-links-groot-180mm\/#breadcrumb","itemListElement":[{"@type":"ListItem","position":1,"name":"Home","item":"https:\/\/partsandpieces.nl\/home\/"},{"@type":"ListItem","position":2,"name":"Winkel","item":"https:\/\/partsandpieces.nl\/winkel\/"},{"@type":"ListItem","position":3,"name":"Greep Chroom Golf links groot 180mm"}]},{"@type":"WebSite","@id":"https:\/\/partsandpieces.nl\/#website","url":"https:\/\/partsandpieces.nl\/","name":"Teile &amp; St\u00fccke","description":"Alles f\u00fcr Ihre M\u00f6belrestaurierung und -pflege!","potentialAction":[{"@type":"SearchAction","target":{"@type":"EntryPoint","urlTemplate":"https:\/\/partsandpieces.nl\/?s={search_term_string}"},"query-input":{"@type":"PropertyValueSpecification","valueRequired":true,"valueName":"search_term_string"}}],"inLanguage":"de"}]}},"_links":{"self":[{"href":"https:\/\/partsandpieces.nl\/de\/wp-json\/wp\/v2\/product\/799","targetHints":{"allow":["GET"]}}],"collection":[{"href":"https:\/\/partsandpieces.nl\/de\/wp-json\/wp\/v2\/product"}],"about":[{"href":"https:\/\/partsandpieces.nl\/de\/wp-json\/wp\/v2\/types\/product"}],"wp:featuredmedia":[{"embeddable":true,"href":"https:\/\/partsandpieces.nl\/de\/wp-json\/wp\/v2\/media\/6163"}],"wp:attachment":[{"href":"https:\/\/partsandpieces.nl\/de\/wp-json\/wp\/v2\/media?parent=799"}],"wp:term":[{"taxonomy":"product_brand","embeddable":true,"href":"https:\/\/partsandpieces.nl\/de\/wp-json\/wp\/v2\/product_brand?post=799"},{"taxonomy":"product_cat","embeddable":true,"href":"https:\/\/partsandpieces.nl\/de\/wp-json\/wp\/v2\/product_cat?post=799"},{"taxonomy":"product_tag","embeddable":true,"href":"https:\/\/partsandpieces.nl\/de\/wp-json\/wp\/v2\/product_tag?post=799"}],"curies":[{"name":"wp","href":"https:\/\/api.w.org\/{rel}","templated":true}]}}