{"id":8006,"date":"2024-01-17T10:45:18","date_gmt":"2024-01-17T09:45:18","guid":{"rendered":"https:\/\/partsandpieces.nl\/?post_type=product&#038;p=8006"},"modified":"2025-10-06T12:05:39","modified_gmt":"2025-10-06T10:05:39","slug":"schlusselplatte-messing-antik-horizontal-orient-133x34mm","status":"publish","type":"product","link":"https:\/\/partsandpieces.nl\/de\/product\/sleutelplaat-messing-antiek-horizontaal-orient-133x34mm\/","title":{"rendered":"Schl\u00fcsselplatte Messing antik horizontal &#039;Orient&#039; 133x34mm"},"content":{"rendered":"<p><strong>Schl\u00fcsselplatte Messing antik horizontal &#039;Orient&#039; 133x34mm<\/strong> ist ein wundersch\u00f6n gearbeitetes Schl\u00fcsselschild f\u00fcr M\u00f6belt\u00fcren und Schubladen. Das Schl\u00fcsselschild hat ein bronzefarbenes Antik-Finish und ein orientalisch anmutendes Dekor.<\/p>\n<p><strong>Ma\u00dfe<br \/>\n<\/strong>Schl\u00fcsselplatte Messing antik horizontal &#039;Orient&#039; 133x34mm hat eine H\u00f6he von 34mm und eine Breite von 133mm.<\/p>\n<p><strong>Bearbeiten<br \/>\n<\/strong>Sie k\u00f6nnen das Schl\u00fcsselschild mit blind montieren <a href=\"https:\/\/partsandpieces.nl\/de\/produkt\/schraube-edelstahl-fur-blindmontageknopf-20x4mm-20-stuck\/\">Edelstahlschraube f\u00fcr Blindbefestigungsknopf (20x4mm)<\/a>. Ich schicke diese Schrauben <strong>FREI<\/strong> mit Ihrer Bestellung.<\/p>","protected":false},"excerpt":{"rendered":"<p>Sleutelplaat Messing antiek horizontaal \u2018Orient\u2019 133x34mm is een mooi bewerkte sleutelplaat voor meubeldeurtjes en -lades. De sleutelplaat heeft een bronzen antieke afwerking en een ori\u00ebntaals aandoende decoratie. Afmetingen Sleutelplaat Messing antiek horizontaal \u2018Orient\u2019 133x34mm heeft een hoogte van 34mm en een breedte van 133mm. Montage Je kunt de sleutelplaat blind monteren met Schroef RVS voor [&hellip;]<\/p>\n","protected":false},"featured_media":8007,"template":"","meta":{"_acf_changed":false},"product_brand":[],"product_cat":[23,48],"product_tag":[],"class_list":{"0":"post-8006","1":"product","2":"type-product","3":"status-publish","4":"has-post-thumbnail","6":"product_cat-meubelbeslag","7":"product_cat-sleutelplaten","9":"first","10":"instock","11":"taxable","12":"shipping-taxable","13":"purchasable","14":"product-type-simple"},"acf":[],"yoast_head":"<!-- This site is optimized with the Yoast SEO plugin v27.3 - https:\/\/yoast.com\/product\/yoast-seo-wordpress\/ -->\n<title>Sleutelplaat Messing horizontaal 133x34mm antiek &#039;Orient&#039;<\/title>\n<meta name=\"description\" content=\"Sleutelplaat Messing antiek horizontaal \u2018Orient\u2019 133x34mm heeft een bronzen antieke afwerking en een ori\u00ebntaals aandoende decoratie.\" \/>\n<meta name=\"robots\" content=\"index, follow, max-snippet:-1, max-image-preview:large, max-video-preview:-1\" \/>\n<link rel=\"canonical\" href=\"https:\/\/partsandpieces.nl\/de\/produkt\/schlusselplatte-messing-antik-horizontal-orient-133x34mm\/\" \/>\n<meta property=\"og:locale\" content=\"de_DE\" \/>\n<meta property=\"og:type\" content=\"article\" \/>\n<meta property=\"og:title\" content=\"Sleutelplaat Messing horizontaal 133x34mm antiek &#039;Orient&#039;\" \/>\n<meta property=\"og:description\" content=\"Sleutelplaat Messing antiek horizontaal \u2018Orient\u2019 133x34mm heeft een bronzen antieke afwerking en een ori\u00ebntaals aandoende decoratie.\" \/>\n<meta property=\"og:url\" content=\"https:\/\/partsandpieces.nl\/de\/produkt\/schlusselplatte-messing-antik-horizontal-orient-133x34mm\/\" \/>\n<meta property=\"og:site_name\" content=\"Parts &amp; Pieces\" \/>\n<meta property=\"article:modified_time\" content=\"2025-10-06T10:05:39+00:00\" \/>\n<meta property=\"og:image\" content=\"https:\/\/partsandpieces.nl\/wp-content\/uploads\/2024\/01\/Sleutelplaat-Messing-antiek-horizontaal-\u2018Orient-133x34mm.jpg\" \/>\n\t<meta property=\"og:image:width\" content=\"455\" \/>\n\t<meta property=\"og:image:height\" content=\"455\" \/>\n\t<meta property=\"og:image:type\" content=\"image\/jpeg\" \/>\n<meta name=\"twitter:card\" content=\"summary_large_image\" \/>\n<meta name=\"twitter:label1\" content=\"Gesch\u00e4tzte Lesezeit\" \/>\n\t<meta name=\"twitter:data1\" content=\"1\u00a0Minute\" \/>\n<script type=\"application\/ld+json\" class=\"yoast-schema-graph\">{\"@context\":\"https:\\\/\\\/schema.org\",\"@graph\":[{\"@type\":\"WebPage\",\"@id\":\"https:\\\/\\\/partsandpieces.nl\\\/product\\\/sleutelplaat-messing-antiek-horizontaal-orient-133x34mm\\\/\",\"url\":\"https:\\\/\\\/partsandpieces.nl\\\/product\\\/sleutelplaat-messing-antiek-horizontaal-orient-133x34mm\\\/\",\"name\":\"Sleutelplaat Messing horizontaal 133x34mm antiek 'Orient'\",\"isPartOf\":{\"@id\":\"https:\\\/\\\/partsandpieces.nl\\\/#website\"},\"primaryImageOfPage\":{\"@id\":\"https:\\\/\\\/partsandpieces.nl\\\/product\\\/sleutelplaat-messing-antiek-horizontaal-orient-133x34mm\\\/#primaryimage\"},\"image\":{\"@id\":\"https:\\\/\\\/partsandpieces.nl\\\/product\\\/sleutelplaat-messing-antiek-horizontaal-orient-133x34mm\\\/#primaryimage\"},\"thumbnailUrl\":\"https:\\\/\\\/partsandpieces.nl\\\/wp-content\\\/uploads\\\/2024\\\/01\\\/Sleutelplaat-Messing-antiek-horizontaal-\u2018Orient-133x34mm.jpg\",\"datePublished\":\"2024-01-17T09:45:18+00:00\",\"dateModified\":\"2025-10-06T10:05:39+00:00\",\"description\":\"Sleutelplaat Messing antiek horizontaal \u2018Orient\u2019 133x34mm heeft een bronzen antieke afwerking en een ori\u00ebntaals aandoende decoratie.\",\"breadcrumb\":{\"@id\":\"https:\\\/\\\/partsandpieces.nl\\\/product\\\/sleutelplaat-messing-antiek-horizontaal-orient-133x34mm\\\/#breadcrumb\"},\"inLanguage\":\"de\",\"potentialAction\":[{\"@type\":\"ReadAction\",\"target\":[\"https:\\\/\\\/partsandpieces.nl\\\/product\\\/sleutelplaat-messing-antiek-horizontaal-orient-133x34mm\\\/\"]}]},{\"@type\":\"ImageObject\",\"inLanguage\":\"de\",\"@id\":\"https:\\\/\\\/partsandpieces.nl\\\/product\\\/sleutelplaat-messing-antiek-horizontaal-orient-133x34mm\\\/#primaryimage\",\"url\":\"https:\\\/\\\/partsandpieces.nl\\\/wp-content\\\/uploads\\\/2024\\\/01\\\/Sleutelplaat-Messing-antiek-horizontaal-\u2018Orient-133x34mm.jpg\",\"contentUrl\":\"https:\\\/\\\/partsandpieces.nl\\\/wp-content\\\/uploads\\\/2024\\\/01\\\/Sleutelplaat-Messing-antiek-horizontaal-\u2018Orient-133x34mm.jpg\",\"width\":455,\"height\":455,\"caption\":\"Sleutelplaat Messing antiek horizontaal \u2018Orient\u2019 133x34mm\"},{\"@type\":\"BreadcrumbList\",\"@id\":\"https:\\\/\\\/partsandpieces.nl\\\/product\\\/sleutelplaat-messing-antiek-horizontaal-orient-133x34mm\\\/#breadcrumb\",\"itemListElement\":[{\"@type\":\"ListItem\",\"position\":1,\"name\":\"Home\",\"item\":\"https:\\\/\\\/partsandpieces.nl\\\/home\\\/\"},{\"@type\":\"ListItem\",\"position\":2,\"name\":\"Winkel\",\"item\":\"https:\\\/\\\/partsandpieces.nl\\\/winkel\\\/\"},{\"@type\":\"ListItem\",\"position\":3,\"name\":\"Sleutelplaat Messing antiek horizontaal \u2018Orient\u2019 133x34mm\"}]},{\"@type\":\"WebSite\",\"@id\":\"https:\\\/\\\/partsandpieces.nl\\\/#website\",\"url\":\"https:\\\/\\\/partsandpieces.nl\\\/\",\"name\":\"Parts &amp; Pieces\",\"description\":\"Alles voor uw meubelrestauratie en -onderhoud!\",\"potentialAction\":[{\"@type\":\"SearchAction\",\"target\":{\"@type\":\"EntryPoint\",\"urlTemplate\":\"https:\\\/\\\/partsandpieces.nl\\\/?s={search_term_string}\"},\"query-input\":{\"@type\":\"PropertyValueSpecification\",\"valueRequired\":true,\"valueName\":\"search_term_string\"}}],\"inLanguage\":\"de\"}]}<\/script>\n<!-- \/ Yoast SEO plugin. -->","yoast_head_json":{"title":"Schl\u00fcsselschild Messing horizontal 133x34mm antik &#039;Orient&#039;","description":"Schl\u00fcsselplatte Messing antik horizontal &#039;Orient&#039; 133x34mm hat ein bronzefarbenes Antik-Finish und ein orientalisch anmutendes Dekor.","robots":{"index":"index","follow":"follow","max-snippet":"max-snippet:-1","max-image-preview":"max-image-preview:large","max-video-preview":"max-video-preview:-1"},"canonical":"https:\/\/partsandpieces.nl\/de\/produkt\/schlusselplatte-messing-antik-horizontal-orient-133x34mm\/","og_locale":"de_DE","og_type":"article","og_title":"Sleutelplaat Messing horizontaal 133x34mm antiek 'Orient'","og_description":"Sleutelplaat Messing antiek horizontaal \u2018Orient\u2019 133x34mm heeft een bronzen antieke afwerking en een ori\u00ebntaals aandoende decoratie.","og_url":"https:\/\/partsandpieces.nl\/de\/produkt\/schlusselplatte-messing-antik-horizontal-orient-133x34mm\/","og_site_name":"Parts &amp; Pieces","article_modified_time":"2025-10-06T10:05:39+00:00","og_image":[{"width":455,"height":455,"url":"https:\/\/partsandpieces.nl\/wp-content\/uploads\/2024\/01\/Sleutelplaat-Messing-antiek-horizontaal-\u2018Orient-133x34mm.jpg","type":"image\/jpeg"}],"twitter_card":"summary_large_image","twitter_misc":{"Gesch\u00e4tzte Lesezeit":"1\u00a0Minute"},"schema":{"@context":"https:\/\/schema.org","@graph":[{"@type":"WebPage","@id":"https:\/\/partsandpieces.nl\/product\/sleutelplaat-messing-antiek-horizontaal-orient-133x34mm\/","url":"https:\/\/partsandpieces.nl\/product\/sleutelplaat-messing-antiek-horizontaal-orient-133x34mm\/","name":"Schl\u00fcsselschild Messing horizontal 133x34mm antik &#039;Orient&#039;","isPartOf":{"@id":"https:\/\/partsandpieces.nl\/#website"},"primaryImageOfPage":{"@id":"https:\/\/partsandpieces.nl\/product\/sleutelplaat-messing-antiek-horizontaal-orient-133x34mm\/#primaryimage"},"image":{"@id":"https:\/\/partsandpieces.nl\/product\/sleutelplaat-messing-antiek-horizontaal-orient-133x34mm\/#primaryimage"},"thumbnailUrl":"https:\/\/partsandpieces.nl\/wp-content\/uploads\/2024\/01\/Sleutelplaat-Messing-antiek-horizontaal-\u2018Orient-133x34mm.jpg","datePublished":"2024-01-17T09:45:18+00:00","dateModified":"2025-10-06T10:05:39+00:00","description":"Schl\u00fcsselplatte Messing antik horizontal &#039;Orient&#039; 133x34mm hat ein bronzefarbenes Antik-Finish und ein orientalisch anmutendes Dekor.","breadcrumb":{"@id":"https:\/\/partsandpieces.nl\/product\/sleutelplaat-messing-antiek-horizontaal-orient-133x34mm\/#breadcrumb"},"inLanguage":"de","potentialAction":[{"@type":"ReadAction","target":["https:\/\/partsandpieces.nl\/product\/sleutelplaat-messing-antiek-horizontaal-orient-133x34mm\/"]}]},{"@type":"ImageObject","inLanguage":"de","@id":"https:\/\/partsandpieces.nl\/product\/sleutelplaat-messing-antiek-horizontaal-orient-133x34mm\/#primaryimage","url":"https:\/\/partsandpieces.nl\/wp-content\/uploads\/2024\/01\/Sleutelplaat-Messing-antiek-horizontaal-\u2018Orient-133x34mm.jpg","contentUrl":"https:\/\/partsandpieces.nl\/wp-content\/uploads\/2024\/01\/Sleutelplaat-Messing-antiek-horizontaal-\u2018Orient-133x34mm.jpg","width":455,"height":455,"caption":"Sleutelplaat Messing antiek horizontaal \u2018Orient\u2019 133x34mm"},{"@type":"BreadcrumbList","@id":"https:\/\/partsandpieces.nl\/product\/sleutelplaat-messing-antiek-horizontaal-orient-133x34mm\/#breadcrumb","itemListElement":[{"@type":"ListItem","position":1,"name":"Home","item":"https:\/\/partsandpieces.nl\/home\/"},{"@type":"ListItem","position":2,"name":"Winkel","item":"https:\/\/partsandpieces.nl\/winkel\/"},{"@type":"ListItem","position":3,"name":"Sleutelplaat Messing antiek horizontaal \u2018Orient\u2019 133x34mm"}]},{"@type":"WebSite","@id":"https:\/\/partsandpieces.nl\/#website","url":"https:\/\/partsandpieces.nl\/","name":"Teile &amp; St\u00fccke","description":"Alles f\u00fcr Ihre M\u00f6belrestaurierung und -pflege!","potentialAction":[{"@type":"SearchAction","target":{"@type":"EntryPoint","urlTemplate":"https:\/\/partsandpieces.nl\/?s={search_term_string}"},"query-input":{"@type":"PropertyValueSpecification","valueRequired":true,"valueName":"search_term_string"}}],"inLanguage":"de"}]}},"_links":{"self":[{"href":"https:\/\/partsandpieces.nl\/de\/wp-json\/wp\/v2\/product\/8006","targetHints":{"allow":["GET"]}}],"collection":[{"href":"https:\/\/partsandpieces.nl\/de\/wp-json\/wp\/v2\/product"}],"about":[{"href":"https:\/\/partsandpieces.nl\/de\/wp-json\/wp\/v2\/types\/product"}],"wp:featuredmedia":[{"embeddable":true,"href":"https:\/\/partsandpieces.nl\/de\/wp-json\/wp\/v2\/media\/8007"}],"wp:attachment":[{"href":"https:\/\/partsandpieces.nl\/de\/wp-json\/wp\/v2\/media?parent=8006"}],"wp:term":[{"taxonomy":"product_brand","embeddable":true,"href":"https:\/\/partsandpieces.nl\/de\/wp-json\/wp\/v2\/product_brand?post=8006"},{"taxonomy":"product_cat","embeddable":true,"href":"https:\/\/partsandpieces.nl\/de\/wp-json\/wp\/v2\/product_cat?post=8006"},{"taxonomy":"product_tag","embeddable":true,"href":"https:\/\/partsandpieces.nl\/de\/wp-json\/wp\/v2\/product_tag?post=8006"}],"curies":[{"name":"wp","href":"https:\/\/api.w.org\/{rel}","templated":true}]}}