{"id":801,"date":"2020-07-22T11:45:16","date_gmt":"2020-07-22T11:45:16","guid":{"rendered":"https:\/\/partsandpieces.bonsaidev.nl\/?product=greep-zam-ant-firenze-120x24"},"modified":"2026-01-26T13:39:43","modified_gmt":"2026-01-26T12:39:43","slug":"griff-firenze-antikbronze-mitte-122-mm","status":"publish","type":"product","link":"https:\/\/partsandpieces.nl\/de\/product\/greep-firenze-antiek-brons-midden-122mm\/","title":{"rendered":"Griff Firenze Antik Bronze Mitte 122mm"},"content":{"rendered":"<p><strong>Griff Firenze Antik Bronze Mitte 122mm <\/strong>ist ein Schubladengriff aus Zamak* mit antikbronzefarbener Oberfl\u00e4che. Der Griff hat die Form von 2 gekreuzten Ringen. Die Ringe haben eine helle Facette. In der Mitte ist der Griff mit 3 gekreuzten Linien verziert. Das Erscheinungsbild des Griffs ist matt. Dieser Griff passt gut auf Ihre M\u00f6bel oder Ihren K\u00fcchenschrank.<\/p>\n<p>Dieser hochwertige Knopf wird in Italien hergestellt.<\/p>\n<p><strong>Ma\u00dfe<br \/>\nGriff Firenze Antik Bronze Mitte 122mm<\/strong> ist 122 mm breit und 26 mm hoch. Nach der Installation steht dieser Griff 26 mm hervor. Die Bohrl\u00f6cher haben einen Abstand von 96 mm.<\/p>\n<p><strong>Bearbeiten<br \/>\n<\/strong>Sie k\u00f6nnen den Griff mit blind montieren\u00a0<span style=\"text-decoration: underline;\"><a href=\"https:\/\/partsandpieces.nl\/de\/produkt\/schraube-edelstahl-zur-blindmontage-von-mobelbeschlagen-45x4mm-20-stuck\/\">Edelstahlschraube zur Blindbefestigung von M\u00f6belbeschl\u00e4gen (45x4mm)<\/a><\/span>. Ich schicke diese Schrauben\u00a0<strong>FREI<\/strong>\u00a0mit Ihrer Bestellung.<\/p>\n<p>* Zamak ist eine Legierung mit Zink als Hauptbestandteil. Es hat einen relativ niedrigen Schmelzpunkt und ist leicht zu gie\u00dfen. Der Name ist ein Akronym, abgeleitet von den Anfangsbuchstaben der deutschen Bezeichnungen f\u00fcr die Metalle, aus denen sich der Werkstoff zusammensetzt: Zink, Aluminium, MAGnesium, Kupfer. Zamak wird in der Auto- und M\u00f6belindustrie f\u00fcr T\u00fcrgriffe, Griffe, Logos und Zierleisten verwendet. Es wird auch h\u00e4ufig als Ersatz f\u00fcr das giftige Blei verwendet.<\/p>","protected":false},"excerpt":{"rendered":"<p>Greep Firenze Antiek Brons midden 122mm is een ladetrekker gemaakt van Zamak* met een antieke bronskleurige finish. De greep heeft de vorm van 2 gekruiste ringen. De ringen hebben een licht facet. In het midden is de greep versierd met een 3 gekruiste lijnen. De uitstraling van de greep is mat. Deze greep past goed [&hellip;]<\/p>\n","protected":false},"featured_media":6120,"template":"","meta":{"_acf_changed":false},"product_brand":[],"product_cat":[41,23],"product_tag":[],"class_list":{"0":"post-801","1":"product","2":"type-product","3":"status-publish","4":"has-post-thumbnail","6":"product_cat-ladetrekkers","7":"product_cat-meubelbeslag","9":"first","10":"instock","11":"taxable","12":"shipping-taxable","13":"purchasable","14":"product-type-simple"},"acf":[],"yoast_head":"<!-- This site is optimized with the Yoast SEO plugin v27.3 - https:\/\/yoast.com\/product\/yoast-seo-wordpress\/ -->\n<title>Greep Firenze Brons 122mm<\/title>\n<meta name=\"description\" content=\"Greep Firenze Antiek Brons midden 122mm heeft de vorm van 2 gekruiste ringen. In het midden is de greep versierd met een 3 gekruiste lijnen.\" \/>\n<meta name=\"robots\" content=\"index, follow, max-snippet:-1, max-image-preview:large, max-video-preview:-1\" \/>\n<link rel=\"canonical\" href=\"https:\/\/partsandpieces.nl\/de\/produkt\/griff-firenze-antikbronze-mitte-122-mm\/\" \/>\n<meta property=\"og:locale\" content=\"de_DE\" \/>\n<meta property=\"og:type\" content=\"article\" \/>\n<meta property=\"og:title\" content=\"Greep Firenze Brons 122mm\" \/>\n<meta property=\"og:description\" content=\"Greep Firenze Antiek Brons midden 122mm heeft de vorm van 2 gekruiste ringen. In het midden is de greep versierd met een 3 gekruiste lijnen.\" \/>\n<meta property=\"og:url\" content=\"https:\/\/partsandpieces.nl\/de\/produkt\/griff-firenze-antikbronze-mitte-122-mm\/\" \/>\n<meta property=\"og:site_name\" content=\"Parts &amp; Pieces\" \/>\n<meta property=\"article:modified_time\" content=\"2026-01-26T12:39:43+00:00\" \/>\n<meta property=\"og:image\" content=\"https:\/\/partsandpieces.nl\/wp-content\/uploads\/2020\/07\/Greep-Firenze-Antiek-Brons-midden-122mm.jpg\" \/>\n\t<meta property=\"og:image:width\" content=\"442\" \/>\n\t<meta property=\"og:image:height\" content=\"441\" \/>\n\t<meta property=\"og:image:type\" content=\"image\/jpeg\" \/>\n<meta name=\"twitter:card\" content=\"summary_large_image\" \/>\n<meta name=\"twitter:label1\" content=\"Gesch\u00e4tzte Lesezeit\" \/>\n\t<meta name=\"twitter:data1\" content=\"1\u00a0Minute\" \/>\n<script type=\"application\/ld+json\" class=\"yoast-schema-graph\">{\"@context\":\"https:\\\/\\\/schema.org\",\"@graph\":[{\"@type\":\"WebPage\",\"@id\":\"https:\\\/\\\/partsandpieces.nl\\\/product\\\/greep-firenze-antiek-brons-midden-122mm\\\/\",\"url\":\"https:\\\/\\\/partsandpieces.nl\\\/product\\\/greep-firenze-antiek-brons-midden-122mm\\\/\",\"name\":\"Greep Firenze Brons 122mm\",\"isPartOf\":{\"@id\":\"https:\\\/\\\/partsandpieces.nl\\\/#website\"},\"primaryImageOfPage\":{\"@id\":\"https:\\\/\\\/partsandpieces.nl\\\/product\\\/greep-firenze-antiek-brons-midden-122mm\\\/#primaryimage\"},\"image\":{\"@id\":\"https:\\\/\\\/partsandpieces.nl\\\/product\\\/greep-firenze-antiek-brons-midden-122mm\\\/#primaryimage\"},\"thumbnailUrl\":\"https:\\\/\\\/partsandpieces.nl\\\/wp-content\\\/uploads\\\/2020\\\/07\\\/Greep-Firenze-Antiek-Brons-midden-122mm.jpg\",\"datePublished\":\"2020-07-22T11:45:16+00:00\",\"dateModified\":\"2026-01-26T12:39:43+00:00\",\"description\":\"Greep Firenze Antiek Brons midden 122mm heeft de vorm van 2 gekruiste ringen. In het midden is de greep versierd met een 3 gekruiste lijnen.\",\"breadcrumb\":{\"@id\":\"https:\\\/\\\/partsandpieces.nl\\\/product\\\/greep-firenze-antiek-brons-midden-122mm\\\/#breadcrumb\"},\"inLanguage\":\"de\",\"potentialAction\":[{\"@type\":\"ReadAction\",\"target\":[\"https:\\\/\\\/partsandpieces.nl\\\/product\\\/greep-firenze-antiek-brons-midden-122mm\\\/\"]}]},{\"@type\":\"ImageObject\",\"inLanguage\":\"de\",\"@id\":\"https:\\\/\\\/partsandpieces.nl\\\/product\\\/greep-firenze-antiek-brons-midden-122mm\\\/#primaryimage\",\"url\":\"https:\\\/\\\/partsandpieces.nl\\\/wp-content\\\/uploads\\\/2020\\\/07\\\/Greep-Firenze-Antiek-Brons-midden-122mm.jpg\",\"contentUrl\":\"https:\\\/\\\/partsandpieces.nl\\\/wp-content\\\/uploads\\\/2020\\\/07\\\/Greep-Firenze-Antiek-Brons-midden-122mm.jpg\",\"width\":442,\"height\":441,\"caption\":\"Greep Firenze Antiek Brons midden 122mm\"},{\"@type\":\"BreadcrumbList\",\"@id\":\"https:\\\/\\\/partsandpieces.nl\\\/product\\\/greep-firenze-antiek-brons-midden-122mm\\\/#breadcrumb\",\"itemListElement\":[{\"@type\":\"ListItem\",\"position\":1,\"name\":\"Home\",\"item\":\"https:\\\/\\\/partsandpieces.nl\\\/home\\\/\"},{\"@type\":\"ListItem\",\"position\":2,\"name\":\"Winkel\",\"item\":\"https:\\\/\\\/partsandpieces.nl\\\/winkel\\\/\"},{\"@type\":\"ListItem\",\"position\":3,\"name\":\"Greep Firenze Antiek Brons midden 122mm\"}]},{\"@type\":\"WebSite\",\"@id\":\"https:\\\/\\\/partsandpieces.nl\\\/#website\",\"url\":\"https:\\\/\\\/partsandpieces.nl\\\/\",\"name\":\"Parts &amp; Pieces\",\"description\":\"Alles voor uw meubelrestauratie en -onderhoud!\",\"potentialAction\":[{\"@type\":\"SearchAction\",\"target\":{\"@type\":\"EntryPoint\",\"urlTemplate\":\"https:\\\/\\\/partsandpieces.nl\\\/?s={search_term_string}\"},\"query-input\":{\"@type\":\"PropertyValueSpecification\",\"valueRequired\":true,\"valueName\":\"search_term_string\"}}],\"inLanguage\":\"de\"}]}<\/script>\n<!-- \/ Yoast SEO plugin. -->","yoast_head_json":{"title":"Griff Firenze Bronze 122mm","description":"Der Mittelgriff aus Antikbronze von Firenze, 122 mm, hat die Form von 2 gekreuzten Ringen. In der Mitte ist der Griff mit 3 gekreuzten Linien verziert.","robots":{"index":"index","follow":"follow","max-snippet":"max-snippet:-1","max-image-preview":"max-image-preview:large","max-video-preview":"max-video-preview:-1"},"canonical":"https:\/\/partsandpieces.nl\/de\/produkt\/griff-firenze-antikbronze-mitte-122-mm\/","og_locale":"de_DE","og_type":"article","og_title":"Greep Firenze Brons 122mm","og_description":"Greep Firenze Antiek Brons midden 122mm heeft de vorm van 2 gekruiste ringen. In het midden is de greep versierd met een 3 gekruiste lijnen.","og_url":"https:\/\/partsandpieces.nl\/de\/produkt\/griff-firenze-antikbronze-mitte-122-mm\/","og_site_name":"Parts &amp; Pieces","article_modified_time":"2026-01-26T12:39:43+00:00","og_image":[{"width":442,"height":441,"url":"https:\/\/partsandpieces.nl\/wp-content\/uploads\/2020\/07\/Greep-Firenze-Antiek-Brons-midden-122mm.jpg","type":"image\/jpeg"}],"twitter_card":"summary_large_image","twitter_misc":{"Gesch\u00e4tzte Lesezeit":"1\u00a0Minute"},"schema":{"@context":"https:\/\/schema.org","@graph":[{"@type":"WebPage","@id":"https:\/\/partsandpieces.nl\/product\/greep-firenze-antiek-brons-midden-122mm\/","url":"https:\/\/partsandpieces.nl\/product\/greep-firenze-antiek-brons-midden-122mm\/","name":"Griff Firenze Bronze 122mm","isPartOf":{"@id":"https:\/\/partsandpieces.nl\/#website"},"primaryImageOfPage":{"@id":"https:\/\/partsandpieces.nl\/product\/greep-firenze-antiek-brons-midden-122mm\/#primaryimage"},"image":{"@id":"https:\/\/partsandpieces.nl\/product\/greep-firenze-antiek-brons-midden-122mm\/#primaryimage"},"thumbnailUrl":"https:\/\/partsandpieces.nl\/wp-content\/uploads\/2020\/07\/Greep-Firenze-Antiek-Brons-midden-122mm.jpg","datePublished":"2020-07-22T11:45:16+00:00","dateModified":"2026-01-26T12:39:43+00:00","description":"Der Mittelgriff aus Antikbronze von Firenze, 122 mm, hat die Form von 2 gekreuzten Ringen. In der Mitte ist der Griff mit 3 gekreuzten Linien verziert.","breadcrumb":{"@id":"https:\/\/partsandpieces.nl\/product\/greep-firenze-antiek-brons-midden-122mm\/#breadcrumb"},"inLanguage":"de","potentialAction":[{"@type":"ReadAction","target":["https:\/\/partsandpieces.nl\/product\/greep-firenze-antiek-brons-midden-122mm\/"]}]},{"@type":"ImageObject","inLanguage":"de","@id":"https:\/\/partsandpieces.nl\/product\/greep-firenze-antiek-brons-midden-122mm\/#primaryimage","url":"https:\/\/partsandpieces.nl\/wp-content\/uploads\/2020\/07\/Greep-Firenze-Antiek-Brons-midden-122mm.jpg","contentUrl":"https:\/\/partsandpieces.nl\/wp-content\/uploads\/2020\/07\/Greep-Firenze-Antiek-Brons-midden-122mm.jpg","width":442,"height":441,"caption":"Greep Firenze Antiek Brons midden 122mm"},{"@type":"BreadcrumbList","@id":"https:\/\/partsandpieces.nl\/product\/greep-firenze-antiek-brons-midden-122mm\/#breadcrumb","itemListElement":[{"@type":"ListItem","position":1,"name":"Home","item":"https:\/\/partsandpieces.nl\/home\/"},{"@type":"ListItem","position":2,"name":"Winkel","item":"https:\/\/partsandpieces.nl\/winkel\/"},{"@type":"ListItem","position":3,"name":"Greep Firenze Antiek Brons midden 122mm"}]},{"@type":"WebSite","@id":"https:\/\/partsandpieces.nl\/#website","url":"https:\/\/partsandpieces.nl\/","name":"Teile &amp; St\u00fccke","description":"Alles f\u00fcr Ihre M\u00f6belrestaurierung und -pflege!","potentialAction":[{"@type":"SearchAction","target":{"@type":"EntryPoint","urlTemplate":"https:\/\/partsandpieces.nl\/?s={search_term_string}"},"query-input":{"@type":"PropertyValueSpecification","valueRequired":true,"valueName":"search_term_string"}}],"inLanguage":"de"}]}},"_links":{"self":[{"href":"https:\/\/partsandpieces.nl\/de\/wp-json\/wp\/v2\/product\/801","targetHints":{"allow":["GET"]}}],"collection":[{"href":"https:\/\/partsandpieces.nl\/de\/wp-json\/wp\/v2\/product"}],"about":[{"href":"https:\/\/partsandpieces.nl\/de\/wp-json\/wp\/v2\/types\/product"}],"wp:featuredmedia":[{"embeddable":true,"href":"https:\/\/partsandpieces.nl\/de\/wp-json\/wp\/v2\/media\/6120"}],"wp:attachment":[{"href":"https:\/\/partsandpieces.nl\/de\/wp-json\/wp\/v2\/media?parent=801"}],"wp:term":[{"taxonomy":"product_brand","embeddable":true,"href":"https:\/\/partsandpieces.nl\/de\/wp-json\/wp\/v2\/product_brand?post=801"},{"taxonomy":"product_cat","embeddable":true,"href":"https:\/\/partsandpieces.nl\/de\/wp-json\/wp\/v2\/product_cat?post=801"},{"taxonomy":"product_tag","embeddable":true,"href":"https:\/\/partsandpieces.nl\/de\/wp-json\/wp\/v2\/product_tag?post=801"}],"curies":[{"name":"wp","href":"https:\/\/api.w.org\/{rel}","templated":true}]}}