{"id":8041,"date":"2024-01-19T12:01:29","date_gmt":"2024-01-19T11:01:29","guid":{"rendered":"https:\/\/partsandpieces.nl\/?post_type=product&#038;p=8041"},"modified":"2025-01-24T09:20:18","modified_gmt":"2025-01-24T08:20:18","slug":"schubladengriffschrank-messing-glanzend-142x100mm","status":"publish","type":"product","link":"https:\/\/partsandpieces.nl\/de\/product\/ladetrekker-kabinet-messing-glanzend-142x100mm\/","title":{"rendered":"Schubladengriffschrank Messing gl\u00e4nzend 142x100mm"},"content":{"rendered":"<p><strong>Schubladengriffschrank Messing gl\u00e4nzend 142x100mm<\/strong> ist ein gro\u00dfer Gussgriff f\u00fcr Ihren Schrank oder Ihre Schublade mit gl\u00e4nzendem Messingfinish. Der Griff ist reich verziert mit Bildern eines Bauern, eines Ritters und eines K\u00f6nigs, Blumenmotiven und einem Bauern an der Unterseite. Dieser Griff passt gut zu Ihrem antiken oder klassischen Schrank.<\/p>\n<p><strong>Ma\u00dfe<br \/>\n<\/strong>Der Schubladenauszugschrank Messing gl\u00e4nzend 142 x 100 mm ist insgesamt 142 mm breit und 100 mm hoch. Der Griff selbst ist 80 mm breit. Die Bohrl\u00f6cher haben einen Abstand von 86 mm.<\/p>\n<p><strong>Bearbeiten<br \/>\n<\/strong>Sie k\u00f6nnen den Schubladengriff mit installieren\u00a0<a href=\"https:\/\/partsandpieces.nl\/de\/produkt\/schrauben-flachkopf-antik-bronze-mit-schlitz-3x12mm\/\">Schraube Rundkopf Antik Bronze mit Schlitz (3x12mm)<\/a>. Ich schicke diese Schrauben\u00a0<strong>FREI<\/strong>\u00a0mit Ihrer Bestellung.<\/p>","protected":false},"excerpt":{"rendered":"<p>Ladetrekker Kabinet Messing glanzend 142x100mm is een grote, gegoten greep voor je kabinet of lade met een glanzende messing afwerking. De greep is weelderig versierd met afbeeldingen van een boer, ridder en koning, bloemmotieven en een pion aan de onderkant. Deze greep past goed op je antieke of klassieke kabinet. Afmetingen Ladetrekker Kabinet Messing glanzend [&hellip;]<\/p>\n","protected":false},"featured_media":8042,"template":"","meta":{"_acf_changed":false},"product_brand":[],"product_cat":[32,41,23],"product_tag":[],"class_list":{"0":"post-8041","1":"product","2":"type-product","3":"status-publish","4":"has-post-thumbnail","6":"product_cat-kabinetbeslag","7":"product_cat-ladetrekkers","8":"product_cat-meubelbeslag","10":"first","11":"instock","12":"taxable","13":"shipping-taxable","14":"purchasable","15":"product-type-simple"},"acf":[],"yoast_head":"<!-- This site is optimized with the Yoast SEO plugin v27.3 - https:\/\/yoast.com\/product\/yoast-seo-wordpress\/ -->\n<title>Ladetrekker Kabinet glanzend 142x100mm Messing antiek<\/title>\n<meta name=\"description\" content=\"Ladetrekker Kabinet Messing glanzend 142x100mm is een grote, gegoten greep voor je kabinet of lade met een glanzende messing afwerking. Weelderig versierd.\" \/>\n<meta name=\"robots\" content=\"index, follow, max-snippet:-1, max-image-preview:large, max-video-preview:-1\" \/>\n<link rel=\"canonical\" href=\"https:\/\/partsandpieces.nl\/de\/produkt\/schubladengriffschrank-messing-glanzend-142x100mm\/\" \/>\n<meta property=\"og:locale\" content=\"de_DE\" \/>\n<meta property=\"og:type\" content=\"article\" \/>\n<meta property=\"og:title\" content=\"Ladetrekker Kabinet glanzend 142x100mm Messing antiek\" \/>\n<meta property=\"og:description\" content=\"Ladetrekker Kabinet Messing glanzend 142x100mm is een grote, gegoten greep voor je kabinet of lade met een glanzende messing afwerking. Weelderig versierd.\" \/>\n<meta property=\"og:url\" content=\"https:\/\/partsandpieces.nl\/de\/produkt\/schubladengriffschrank-messing-glanzend-142x100mm\/\" \/>\n<meta property=\"og:site_name\" content=\"Parts &amp; Pieces\" \/>\n<meta property=\"article:modified_time\" content=\"2025-01-24T08:20:18+00:00\" \/>\n<meta property=\"og:image\" content=\"https:\/\/partsandpieces.nl\/wp-content\/uploads\/2024\/01\/Ladetrekker-Kabinet-Messing-glanzend-142x100mm.jpg\" \/>\n\t<meta property=\"og:image:width\" content=\"455\" \/>\n\t<meta property=\"og:image:height\" content=\"555\" \/>\n\t<meta property=\"og:image:type\" content=\"image\/jpeg\" \/>\n<meta name=\"twitter:card\" content=\"summary_large_image\" \/>\n<meta name=\"twitter:label1\" content=\"Gesch\u00e4tzte Lesezeit\" \/>\n\t<meta name=\"twitter:data1\" content=\"1\u00a0Minute\" \/>\n<script type=\"application\/ld+json\" class=\"yoast-schema-graph\">{\"@context\":\"https:\\\/\\\/schema.org\",\"@graph\":[{\"@type\":\"WebPage\",\"@id\":\"https:\\\/\\\/partsandpieces.nl\\\/product\\\/ladetrekker-kabinet-messing-glanzend-142x100mm\\\/\",\"url\":\"https:\\\/\\\/partsandpieces.nl\\\/product\\\/ladetrekker-kabinet-messing-glanzend-142x100mm\\\/\",\"name\":\"Ladetrekker Kabinet glanzend 142x100mm Messing antiek\",\"isPartOf\":{\"@id\":\"https:\\\/\\\/partsandpieces.nl\\\/#website\"},\"primaryImageOfPage\":{\"@id\":\"https:\\\/\\\/partsandpieces.nl\\\/product\\\/ladetrekker-kabinet-messing-glanzend-142x100mm\\\/#primaryimage\"},\"image\":{\"@id\":\"https:\\\/\\\/partsandpieces.nl\\\/product\\\/ladetrekker-kabinet-messing-glanzend-142x100mm\\\/#primaryimage\"},\"thumbnailUrl\":\"https:\\\/\\\/partsandpieces.nl\\\/wp-content\\\/uploads\\\/2024\\\/01\\\/Ladetrekker-Kabinet-Messing-glanzend-142x100mm.jpg\",\"datePublished\":\"2024-01-19T11:01:29+00:00\",\"dateModified\":\"2025-01-24T08:20:18+00:00\",\"description\":\"Ladetrekker Kabinet Messing glanzend 142x100mm is een grote, gegoten greep voor je kabinet of lade met een glanzende messing afwerking. Weelderig versierd.\",\"breadcrumb\":{\"@id\":\"https:\\\/\\\/partsandpieces.nl\\\/product\\\/ladetrekker-kabinet-messing-glanzend-142x100mm\\\/#breadcrumb\"},\"inLanguage\":\"de\",\"potentialAction\":[{\"@type\":\"ReadAction\",\"target\":[\"https:\\\/\\\/partsandpieces.nl\\\/product\\\/ladetrekker-kabinet-messing-glanzend-142x100mm\\\/\"]}]},{\"@type\":\"ImageObject\",\"inLanguage\":\"de\",\"@id\":\"https:\\\/\\\/partsandpieces.nl\\\/product\\\/ladetrekker-kabinet-messing-glanzend-142x100mm\\\/#primaryimage\",\"url\":\"https:\\\/\\\/partsandpieces.nl\\\/wp-content\\\/uploads\\\/2024\\\/01\\\/Ladetrekker-Kabinet-Messing-glanzend-142x100mm.jpg\",\"contentUrl\":\"https:\\\/\\\/partsandpieces.nl\\\/wp-content\\\/uploads\\\/2024\\\/01\\\/Ladetrekker-Kabinet-Messing-glanzend-142x100mm.jpg\",\"width\":455,\"height\":555,\"caption\":\"Ladetrekker Kabinet Messing glanzend 142x100mm\"},{\"@type\":\"BreadcrumbList\",\"@id\":\"https:\\\/\\\/partsandpieces.nl\\\/product\\\/ladetrekker-kabinet-messing-glanzend-142x100mm\\\/#breadcrumb\",\"itemListElement\":[{\"@type\":\"ListItem\",\"position\":1,\"name\":\"Home\",\"item\":\"https:\\\/\\\/partsandpieces.nl\\\/home\\\/\"},{\"@type\":\"ListItem\",\"position\":2,\"name\":\"Winkel\",\"item\":\"https:\\\/\\\/partsandpieces.nl\\\/winkel\\\/\"},{\"@type\":\"ListItem\",\"position\":3,\"name\":\"Ladetrekker Kabinet Messing glanzend 142x100mm\"}]},{\"@type\":\"WebSite\",\"@id\":\"https:\\\/\\\/partsandpieces.nl\\\/#website\",\"url\":\"https:\\\/\\\/partsandpieces.nl\\\/\",\"name\":\"Parts &amp; Pieces\",\"description\":\"Alles voor uw meubelrestauratie en -onderhoud!\",\"potentialAction\":[{\"@type\":\"SearchAction\",\"target\":{\"@type\":\"EntryPoint\",\"urlTemplate\":\"https:\\\/\\\/partsandpieces.nl\\\/?s={search_term_string}\"},\"query-input\":{\"@type\":\"PropertyValueSpecification\",\"valueRequired\":true,\"valueName\":\"search_term_string\"}}],\"inLanguage\":\"de\"}]}<\/script>\n<!-- \/ Yoast SEO plugin. -->","yoast_head_json":{"title":"Schubladengriffschrank gl\u00e4nzend 142x100mm Antikmessing","description":"Schubladengriff f\u00fcr Schrank, Messing, gl\u00e4nzend, 142 x 100 mm, ist ein gro\u00dfer, gegossener Griff f\u00fcr Ihren Schrank oder Ihre Schublade mit gl\u00e4nzendem Messing-Finish. Aufwendig dekoriert.","robots":{"index":"index","follow":"follow","max-snippet":"max-snippet:-1","max-image-preview":"max-image-preview:large","max-video-preview":"max-video-preview:-1"},"canonical":"https:\/\/partsandpieces.nl\/de\/produkt\/schubladengriffschrank-messing-glanzend-142x100mm\/","og_locale":"de_DE","og_type":"article","og_title":"Ladetrekker Kabinet glanzend 142x100mm Messing antiek","og_description":"Ladetrekker Kabinet Messing glanzend 142x100mm is een grote, gegoten greep voor je kabinet of lade met een glanzende messing afwerking. Weelderig versierd.","og_url":"https:\/\/partsandpieces.nl\/de\/produkt\/schubladengriffschrank-messing-glanzend-142x100mm\/","og_site_name":"Parts &amp; Pieces","article_modified_time":"2025-01-24T08:20:18+00:00","og_image":[{"width":455,"height":555,"url":"https:\/\/partsandpieces.nl\/wp-content\/uploads\/2024\/01\/Ladetrekker-Kabinet-Messing-glanzend-142x100mm.jpg","type":"image\/jpeg"}],"twitter_card":"summary_large_image","twitter_misc":{"Gesch\u00e4tzte Lesezeit":"1\u00a0Minute"},"schema":{"@context":"https:\/\/schema.org","@graph":[{"@type":"WebPage","@id":"https:\/\/partsandpieces.nl\/product\/ladetrekker-kabinet-messing-glanzend-142x100mm\/","url":"https:\/\/partsandpieces.nl\/product\/ladetrekker-kabinet-messing-glanzend-142x100mm\/","name":"Schubladengriffschrank gl\u00e4nzend 142x100mm Antikmessing","isPartOf":{"@id":"https:\/\/partsandpieces.nl\/#website"},"primaryImageOfPage":{"@id":"https:\/\/partsandpieces.nl\/product\/ladetrekker-kabinet-messing-glanzend-142x100mm\/#primaryimage"},"image":{"@id":"https:\/\/partsandpieces.nl\/product\/ladetrekker-kabinet-messing-glanzend-142x100mm\/#primaryimage"},"thumbnailUrl":"https:\/\/partsandpieces.nl\/wp-content\/uploads\/2024\/01\/Ladetrekker-Kabinet-Messing-glanzend-142x100mm.jpg","datePublished":"2024-01-19T11:01:29+00:00","dateModified":"2025-01-24T08:20:18+00:00","description":"Schubladengriff f\u00fcr Schrank, Messing, gl\u00e4nzend, 142 x 100 mm, ist ein gro\u00dfer, gegossener Griff f\u00fcr Ihren Schrank oder Ihre Schublade mit gl\u00e4nzendem Messing-Finish. Aufwendig dekoriert.","breadcrumb":{"@id":"https:\/\/partsandpieces.nl\/product\/ladetrekker-kabinet-messing-glanzend-142x100mm\/#breadcrumb"},"inLanguage":"de","potentialAction":[{"@type":"ReadAction","target":["https:\/\/partsandpieces.nl\/product\/ladetrekker-kabinet-messing-glanzend-142x100mm\/"]}]},{"@type":"ImageObject","inLanguage":"de","@id":"https:\/\/partsandpieces.nl\/product\/ladetrekker-kabinet-messing-glanzend-142x100mm\/#primaryimage","url":"https:\/\/partsandpieces.nl\/wp-content\/uploads\/2024\/01\/Ladetrekker-Kabinet-Messing-glanzend-142x100mm.jpg","contentUrl":"https:\/\/partsandpieces.nl\/wp-content\/uploads\/2024\/01\/Ladetrekker-Kabinet-Messing-glanzend-142x100mm.jpg","width":455,"height":555,"caption":"Ladetrekker Kabinet Messing glanzend 142x100mm"},{"@type":"BreadcrumbList","@id":"https:\/\/partsandpieces.nl\/product\/ladetrekker-kabinet-messing-glanzend-142x100mm\/#breadcrumb","itemListElement":[{"@type":"ListItem","position":1,"name":"Home","item":"https:\/\/partsandpieces.nl\/home\/"},{"@type":"ListItem","position":2,"name":"Winkel","item":"https:\/\/partsandpieces.nl\/winkel\/"},{"@type":"ListItem","position":3,"name":"Ladetrekker Kabinet Messing glanzend 142x100mm"}]},{"@type":"WebSite","@id":"https:\/\/partsandpieces.nl\/#website","url":"https:\/\/partsandpieces.nl\/","name":"Teile &amp; St\u00fccke","description":"Alles f\u00fcr Ihre M\u00f6belrestaurierung und -pflege!","potentialAction":[{"@type":"SearchAction","target":{"@type":"EntryPoint","urlTemplate":"https:\/\/partsandpieces.nl\/?s={search_term_string}"},"query-input":{"@type":"PropertyValueSpecification","valueRequired":true,"valueName":"search_term_string"}}],"inLanguage":"de"}]}},"_links":{"self":[{"href":"https:\/\/partsandpieces.nl\/de\/wp-json\/wp\/v2\/product\/8041","targetHints":{"allow":["GET"]}}],"collection":[{"href":"https:\/\/partsandpieces.nl\/de\/wp-json\/wp\/v2\/product"}],"about":[{"href":"https:\/\/partsandpieces.nl\/de\/wp-json\/wp\/v2\/types\/product"}],"wp:featuredmedia":[{"embeddable":true,"href":"https:\/\/partsandpieces.nl\/de\/wp-json\/wp\/v2\/media\/8042"}],"wp:attachment":[{"href":"https:\/\/partsandpieces.nl\/de\/wp-json\/wp\/v2\/media?parent=8041"}],"wp:term":[{"taxonomy":"product_brand","embeddable":true,"href":"https:\/\/partsandpieces.nl\/de\/wp-json\/wp\/v2\/product_brand?post=8041"},{"taxonomy":"product_cat","embeddable":true,"href":"https:\/\/partsandpieces.nl\/de\/wp-json\/wp\/v2\/product_cat?post=8041"},{"taxonomy":"product_tag","embeddable":true,"href":"https:\/\/partsandpieces.nl\/de\/wp-json\/wp\/v2\/product_tag?post=8041"}],"curies":[{"name":"wp","href":"https:\/\/api.w.org\/{rel}","templated":true}]}}