{"id":8064,"date":"2024-01-22T15:48:23","date_gmt":"2024-01-22T14:48:23","guid":{"rendered":"https:\/\/partsandpieces.nl\/?post_type=product&#038;p=8064"},"modified":"2026-02-16T10:15:47","modified_gmt":"2026-02-16T09:15:47","slug":"lukengriff-messing-antik-rechteckig-gefrast-facette-90x46mm","status":"publish","type":"product","link":"https:\/\/partsandpieces.nl\/de\/product\/luikgreep-messing-antiek-rechthoekig-infrees-facet-90x46mm\/","title":{"rendered":"Lukengriff Messing antik rechteckig gefr\u00e4st Facette 90x46mm"},"content":{"rendered":"<p><strong>Lukengriff Messing antik rechteckig gefr\u00e4st Facette 90x46mm<\/strong> ist ein stabiler Griff mit einem antiken Messing-\/Bronze-Finish. Dieser Lukengriff hat eine l\u00e4ngliche Form und der Griff ist ebenfalls rechteckig. Die Ecken haben eine runde Form.<\/p>\n<p><strong>Ma\u00dfe<br \/>\n<\/strong>Lukengriff Messing antik rechteckig gefr\u00e4st Facette 90x46mm hat eine Breite von 90mm und eine H\u00f6he von 46mm. Nach der Montage ragt der Griff nicht hervor. Das ben\u00f6tigte Fr\u00e4sloch hat folgende Ma\u00dfe: 72mm breit, 32mm hoch und 5mm tief.<\/p>\n<p><strong>Bearbeiten<br \/>\n<\/strong>Sie montieren den Griff mit 3 konischen Schrauben. Ich liefere diese Schrauben nicht.<\/p>","protected":false},"excerpt":{"rendered":"<p>Luikgreep Messing antiek rechthoekig infrees facet 90x46mm is een stoere greep met een antieke messing \/ bronzen afwerking. Deze luikgreep is langwerpig van vorm en ook het handvat is rechthoekig. De hoeken hebben een ronde vorm. Afmetingen Luikgreep Messing antiek rechthoekig infrees facet 90x46mm heeft een breedte van 90mm en een hoogte van 46mm. Na [&hellip;]<\/p>\n","protected":false},"featured_media":8065,"template":"","meta":{"_acf_changed":false},"product_brand":[],"product_cat":[146,23],"product_tag":[],"class_list":{"0":"post-8064","1":"product","2":"type-product","3":"status-publish","4":"has-post-thumbnail","6":"product_cat-infreesgrepen","7":"product_cat-meubelbeslag","9":"first","10":"instock","11":"taxable","12":"shipping-taxable","13":"purchasable","14":"product-type-simple"},"acf":[],"yoast_head":"<!-- This site is optimized with the Yoast SEO plugin v27.3 - https:\/\/yoast.com\/product\/yoast-seo-wordpress\/ -->\n<title>Luikgreep Messing infrees facet 85x43mm antiek rechthoekig<\/title>\n<meta name=\"description\" content=\"Luikgreep Messing antiek rechthoekig infrees 85x43mm\u00a0heeft een antieke messing \/ bronzen afwerking. Is langwerpig van vorm, ook het handvat is rechthoekig.\" \/>\n<meta name=\"robots\" content=\"index, follow, max-snippet:-1, max-image-preview:large, max-video-preview:-1\" \/>\n<link rel=\"canonical\" href=\"https:\/\/partsandpieces.nl\/de\/produkt\/lukengriff-messing-antik-rechteckig-gefrast-facette-90x46mm\/\" \/>\n<meta property=\"og:locale\" content=\"de_DE\" \/>\n<meta property=\"og:type\" content=\"article\" \/>\n<meta property=\"og:title\" content=\"Luikgreep Messing infrees facet 85x43mm antiek rechthoekig\" \/>\n<meta property=\"og:description\" content=\"Luikgreep Messing antiek rechthoekig infrees 85x43mm\u00a0heeft een antieke messing \/ bronzen afwerking. Is langwerpig van vorm, ook het handvat is rechthoekig.\" \/>\n<meta property=\"og:url\" content=\"https:\/\/partsandpieces.nl\/de\/produkt\/lukengriff-messing-antik-rechteckig-gefrast-facette-90x46mm\/\" \/>\n<meta property=\"og:site_name\" content=\"Parts &amp; Pieces\" \/>\n<meta property=\"article:modified_time\" content=\"2026-02-16T09:15:47+00:00\" \/>\n<meta property=\"og:image\" content=\"https:\/\/partsandpieces.nl\/wp-content\/uploads\/2024\/01\/Luikgreep-Messing-antiek-rechthoekig-infrees-facet-90x46mm.jpg\" \/>\n\t<meta property=\"og:image:width\" content=\"405\" \/>\n\t<meta property=\"og:image:height\" content=\"406\" \/>\n\t<meta property=\"og:image:type\" content=\"image\/jpeg\" \/>\n<meta name=\"twitter:card\" content=\"summary_large_image\" \/>\n<meta name=\"twitter:label1\" content=\"Gesch\u00e4tzte Lesezeit\" \/>\n\t<meta name=\"twitter:data1\" content=\"1\u00a0Minute\" \/>\n<script type=\"application\/ld+json\" class=\"yoast-schema-graph\">{\"@context\":\"https:\\\/\\\/schema.org\",\"@graph\":[{\"@type\":\"WebPage\",\"@id\":\"https:\\\/\\\/partsandpieces.nl\\\/product\\\/luikgreep-messing-antiek-rechthoekig-infrees-facet-90x46mm\\\/\",\"url\":\"https:\\\/\\\/partsandpieces.nl\\\/product\\\/luikgreep-messing-antiek-rechthoekig-infrees-facet-90x46mm\\\/\",\"name\":\"Luikgreep Messing infrees facet 85x43mm antiek rechthoekig\",\"isPartOf\":{\"@id\":\"https:\\\/\\\/partsandpieces.nl\\\/#website\"},\"primaryImageOfPage\":{\"@id\":\"https:\\\/\\\/partsandpieces.nl\\\/product\\\/luikgreep-messing-antiek-rechthoekig-infrees-facet-90x46mm\\\/#primaryimage\"},\"image\":{\"@id\":\"https:\\\/\\\/partsandpieces.nl\\\/product\\\/luikgreep-messing-antiek-rechthoekig-infrees-facet-90x46mm\\\/#primaryimage\"},\"thumbnailUrl\":\"https:\\\/\\\/partsandpieces.nl\\\/wp-content\\\/uploads\\\/2024\\\/01\\\/Luikgreep-Messing-antiek-rechthoekig-infrees-facet-90x46mm.jpg\",\"datePublished\":\"2024-01-22T14:48:23+00:00\",\"dateModified\":\"2026-02-16T09:15:47+00:00\",\"description\":\"Luikgreep Messing antiek rechthoekig infrees 85x43mm\u00a0heeft een antieke messing \\\/ bronzen afwerking. Is langwerpig van vorm, ook het handvat is rechthoekig.\",\"breadcrumb\":{\"@id\":\"https:\\\/\\\/partsandpieces.nl\\\/product\\\/luikgreep-messing-antiek-rechthoekig-infrees-facet-90x46mm\\\/#breadcrumb\"},\"inLanguage\":\"de\",\"potentialAction\":[{\"@type\":\"ReadAction\",\"target\":[\"https:\\\/\\\/partsandpieces.nl\\\/product\\\/luikgreep-messing-antiek-rechthoekig-infrees-facet-90x46mm\\\/\"]}]},{\"@type\":\"ImageObject\",\"inLanguage\":\"de\",\"@id\":\"https:\\\/\\\/partsandpieces.nl\\\/product\\\/luikgreep-messing-antiek-rechthoekig-infrees-facet-90x46mm\\\/#primaryimage\",\"url\":\"https:\\\/\\\/partsandpieces.nl\\\/wp-content\\\/uploads\\\/2024\\\/01\\\/Luikgreep-Messing-antiek-rechthoekig-infrees-facet-90x46mm.jpg\",\"contentUrl\":\"https:\\\/\\\/partsandpieces.nl\\\/wp-content\\\/uploads\\\/2024\\\/01\\\/Luikgreep-Messing-antiek-rechthoekig-infrees-facet-90x46mm.jpg\",\"width\":405,\"height\":406,\"caption\":\"Luikgreep Messing antiek rechthoekig infrees facet 90x46mm\"},{\"@type\":\"BreadcrumbList\",\"@id\":\"https:\\\/\\\/partsandpieces.nl\\\/product\\\/luikgreep-messing-antiek-rechthoekig-infrees-facet-90x46mm\\\/#breadcrumb\",\"itemListElement\":[{\"@type\":\"ListItem\",\"position\":1,\"name\":\"Home\",\"item\":\"https:\\\/\\\/partsandpieces.nl\\\/home\\\/\"},{\"@type\":\"ListItem\",\"position\":2,\"name\":\"Winkel\",\"item\":\"https:\\\/\\\/partsandpieces.nl\\\/winkel\\\/\"},{\"@type\":\"ListItem\",\"position\":3,\"name\":\"Luikgreep Messing antiek rechthoekig infrees facet 90x46mm\"}]},{\"@type\":\"WebSite\",\"@id\":\"https:\\\/\\\/partsandpieces.nl\\\/#website\",\"url\":\"https:\\\/\\\/partsandpieces.nl\\\/\",\"name\":\"Parts &amp; Pieces\",\"description\":\"Alles voor uw meubelrestauratie en -onderhoud!\",\"potentialAction\":[{\"@type\":\"SearchAction\",\"target\":{\"@type\":\"EntryPoint\",\"urlTemplate\":\"https:\\\/\\\/partsandpieces.nl\\\/?s={search_term_string}\"},\"query-input\":{\"@type\":\"PropertyValueSpecification\",\"valueRequired\":true,\"valueName\":\"search_term_string\"}}],\"inLanguage\":\"de\"}]}<\/script>\n<!-- \/ Yoast SEO plugin. -->","yoast_head_json":{"title":"Lukengriff Messing gefr\u00e4st Facette 85x43mm antik rechteckig","description":"Der Lukengriff Messing antiker rechteckiger Fr\u00e4ser 85 x 43 mm hat ein antikes Messing-\/Bronze-Finish. Ist l\u00e4nglich geformt, der Griff ist ebenfalls rechteckig.","robots":{"index":"index","follow":"follow","max-snippet":"max-snippet:-1","max-image-preview":"max-image-preview:large","max-video-preview":"max-video-preview:-1"},"canonical":"https:\/\/partsandpieces.nl\/de\/produkt\/lukengriff-messing-antik-rechteckig-gefrast-facette-90x46mm\/","og_locale":"de_DE","og_type":"article","og_title":"Luikgreep Messing infrees facet 85x43mm antiek rechthoekig","og_description":"Luikgreep Messing antiek rechthoekig infrees 85x43mm\u00a0heeft een antieke messing \/ bronzen afwerking. Is langwerpig van vorm, ook het handvat is rechthoekig.","og_url":"https:\/\/partsandpieces.nl\/de\/produkt\/lukengriff-messing-antik-rechteckig-gefrast-facette-90x46mm\/","og_site_name":"Parts &amp; Pieces","article_modified_time":"2026-02-16T09:15:47+00:00","og_image":[{"width":405,"height":406,"url":"https:\/\/partsandpieces.nl\/wp-content\/uploads\/2024\/01\/Luikgreep-Messing-antiek-rechthoekig-infrees-facet-90x46mm.jpg","type":"image\/jpeg"}],"twitter_card":"summary_large_image","twitter_misc":{"Gesch\u00e4tzte Lesezeit":"1\u00a0Minute"},"schema":{"@context":"https:\/\/schema.org","@graph":[{"@type":"WebPage","@id":"https:\/\/partsandpieces.nl\/product\/luikgreep-messing-antiek-rechthoekig-infrees-facet-90x46mm\/","url":"https:\/\/partsandpieces.nl\/product\/luikgreep-messing-antiek-rechthoekig-infrees-facet-90x46mm\/","name":"Lukengriff Messing gefr\u00e4st Facette 85x43mm antik rechteckig","isPartOf":{"@id":"https:\/\/partsandpieces.nl\/#website"},"primaryImageOfPage":{"@id":"https:\/\/partsandpieces.nl\/product\/luikgreep-messing-antiek-rechthoekig-infrees-facet-90x46mm\/#primaryimage"},"image":{"@id":"https:\/\/partsandpieces.nl\/product\/luikgreep-messing-antiek-rechthoekig-infrees-facet-90x46mm\/#primaryimage"},"thumbnailUrl":"https:\/\/partsandpieces.nl\/wp-content\/uploads\/2024\/01\/Luikgreep-Messing-antiek-rechthoekig-infrees-facet-90x46mm.jpg","datePublished":"2024-01-22T14:48:23+00:00","dateModified":"2026-02-16T09:15:47+00:00","description":"Der Lukengriff Messing antiker rechteckiger Fr\u00e4ser 85 x 43 mm hat ein antikes Messing-\/Bronze-Finish. Ist l\u00e4nglich geformt, der Griff ist ebenfalls rechteckig.","breadcrumb":{"@id":"https:\/\/partsandpieces.nl\/product\/luikgreep-messing-antiek-rechthoekig-infrees-facet-90x46mm\/#breadcrumb"},"inLanguage":"de","potentialAction":[{"@type":"ReadAction","target":["https:\/\/partsandpieces.nl\/product\/luikgreep-messing-antiek-rechthoekig-infrees-facet-90x46mm\/"]}]},{"@type":"ImageObject","inLanguage":"de","@id":"https:\/\/partsandpieces.nl\/product\/luikgreep-messing-antiek-rechthoekig-infrees-facet-90x46mm\/#primaryimage","url":"https:\/\/partsandpieces.nl\/wp-content\/uploads\/2024\/01\/Luikgreep-Messing-antiek-rechthoekig-infrees-facet-90x46mm.jpg","contentUrl":"https:\/\/partsandpieces.nl\/wp-content\/uploads\/2024\/01\/Luikgreep-Messing-antiek-rechthoekig-infrees-facet-90x46mm.jpg","width":405,"height":406,"caption":"Luikgreep Messing antiek rechthoekig infrees facet 90x46mm"},{"@type":"BreadcrumbList","@id":"https:\/\/partsandpieces.nl\/product\/luikgreep-messing-antiek-rechthoekig-infrees-facet-90x46mm\/#breadcrumb","itemListElement":[{"@type":"ListItem","position":1,"name":"Home","item":"https:\/\/partsandpieces.nl\/home\/"},{"@type":"ListItem","position":2,"name":"Winkel","item":"https:\/\/partsandpieces.nl\/winkel\/"},{"@type":"ListItem","position":3,"name":"Luikgreep Messing antiek rechthoekig infrees facet 90x46mm"}]},{"@type":"WebSite","@id":"https:\/\/partsandpieces.nl\/#website","url":"https:\/\/partsandpieces.nl\/","name":"Teile &amp; St\u00fccke","description":"Alles f\u00fcr Ihre M\u00f6belrestaurierung und -pflege!","potentialAction":[{"@type":"SearchAction","target":{"@type":"EntryPoint","urlTemplate":"https:\/\/partsandpieces.nl\/?s={search_term_string}"},"query-input":{"@type":"PropertyValueSpecification","valueRequired":true,"valueName":"search_term_string"}}],"inLanguage":"de"}]}},"_links":{"self":[{"href":"https:\/\/partsandpieces.nl\/de\/wp-json\/wp\/v2\/product\/8064","targetHints":{"allow":["GET"]}}],"collection":[{"href":"https:\/\/partsandpieces.nl\/de\/wp-json\/wp\/v2\/product"}],"about":[{"href":"https:\/\/partsandpieces.nl\/de\/wp-json\/wp\/v2\/types\/product"}],"wp:featuredmedia":[{"embeddable":true,"href":"https:\/\/partsandpieces.nl\/de\/wp-json\/wp\/v2\/media\/8065"}],"wp:attachment":[{"href":"https:\/\/partsandpieces.nl\/de\/wp-json\/wp\/v2\/media?parent=8064"}],"wp:term":[{"taxonomy":"product_brand","embeddable":true,"href":"https:\/\/partsandpieces.nl\/de\/wp-json\/wp\/v2\/product_brand?post=8064"},{"taxonomy":"product_cat","embeddable":true,"href":"https:\/\/partsandpieces.nl\/de\/wp-json\/wp\/v2\/product_cat?post=8064"},{"taxonomy":"product_tag","embeddable":true,"href":"https:\/\/partsandpieces.nl\/de\/wp-json\/wp\/v2\/product_tag?post=8064"}],"curies":[{"name":"wp","href":"https:\/\/api.w.org\/{rel}","templated":true}]}}