{"id":807,"date":"2020-07-22T11:52:07","date_gmt":"2020-07-22T11:52:07","guid":{"rendered":"https:\/\/partsandpieces.bonsaidev.nl\/?product=ladetrekker-zam-mat-nikkel-112x16mm"},"modified":"2026-03-26T10:37:05","modified_gmt":"2026-03-26T09:37:05","slug":"schubladengriff-nickel-quadratisch-114mm","status":"publish","type":"product","link":"https:\/\/partsandpieces.nl\/de\/product\/ladegreep-nikkel-vierkant-114mm\/","title":{"rendered":"Schubladengriff Nickel quadratisch 114mm"},"content":{"rendered":"<p><strong>Schubladengriff Nickel quadratisch 114mm<\/strong> ist ein sch\u00f6ner Schubladengriff mit antikem Nickel-Finish. Das Aussehen des Griffs ist leicht gl\u00e4nzend. Dieser Griff passt gut auf Ihre M\u00f6bel und Schubladen.<\/p>\n<p>Die Kn\u00f6pfe passen zu diesem Schubladengriff <a href=\"https:\/\/partsandpieces.nl\/de\/produkt\/knopf-nickel-quadratisch-18mm\/\"><span style=\"text-decoration: underline;\">Knopf Nickel quadratisch 18mm<\/span><\/a> und <a href=\"https:\/\/partsandpieces.nl\/de\/produkt\/knopf-nickel-quadratisch-24mm\/\"><span style=\"text-decoration: underline;\">Knopf Nickel quadratisch 24mm<\/span><\/a>.<\/p>\n<p>Ich habe auch diesen Schubladengriff in den Ma\u00dfen<a href=\"https:\/\/partsandpieces.nl\/de\/produkt\/schubladengriff-nickel-quadratisch-146mm\/\"><span style=\"text-decoration: underline;\"> 146mm<\/span><\/a> und <a href=\"https:\/\/partsandpieces.nl\/de\/produkt\/schubladengriff-nickel-quadratisch-210mm\/\"><span style=\"text-decoration: underline;\">210mm<\/span><\/a>.<\/p>\n<p>Dieser hochwertige Schubladengriff wird in Italien hergestellt.<\/p>\n<p><strong>Ma\u00dfe<br \/>\n<\/strong>Der Schubladengriff Nickel quadratisch 114 mm ist 114 mm lang und 18 mm breit. Nach der Montage ragt dieser Griff 22 mm heraus. Die Bohrl\u00f6cher des Griffs haben einen Abstand von 96 mm.<\/p>\n<p><strong>Bearbeiten<br \/>\n<\/strong>Sie k\u00f6nnen den Griff mit blind montieren <u><a href=\"https:\/\/partsandpieces.nl\/de\/produkt\/schraube-edelstahl-zur-blindmontage-von-mobelbeschlagen-45x4mm-20-stuck\/\">Edelstahlschraube zur Blindbefestigung von M\u00f6belbeschl\u00e4gen (45x4mm)<\/a><\/u>. Ich schicke diese Schrauben <strong>FREI<\/strong> mit Ihrer Bestellung.<\/p>","protected":false},"excerpt":{"rendered":"<p>Ladegreep Nikkel vierkant 114mm is een mooie ladegreep met een antieke nikkel afwerking. De uitstraling van de greep is licht glanzend. Deze greep past goed op je meubel en lades. Bij deze ladegreep passen de knoppen Knop Nikkel vierkant 18mm en Knop Nikkel vierkant 24mm. Ook heb ik deze ladegreep in de afmetingen 146mm en [&hellip;]<\/p>\n","protected":false},"featured_media":4715,"template":"","meta":{"_acf_changed":false},"product_brand":[],"product_cat":[41,23],"product_tag":[],"class_list":{"0":"post-807","1":"product","2":"type-product","3":"status-publish","4":"has-post-thumbnail","6":"product_cat-ladetrekkers","7":"product_cat-meubelbeslag","9":"first","10":"instock","11":"taxable","12":"shipping-taxable","13":"purchasable","14":"product-type-simple"},"acf":[],"yoast_head":"<!-- This site is optimized with the Yoast SEO plugin v27.3 - https:\/\/yoast.com\/product\/yoast-seo-wordpress\/ -->\n<title>Ladegreep Nikkel vierkant 114mm<\/title>\n<meta name=\"description\" content=\"Ladegreep Nikkel vierkant 114mm is een greep met een antieke nikkel afwerking. De uitstraling is licht glanzend. Past goed op je meubel en lades.\" \/>\n<meta name=\"robots\" content=\"index, follow, max-snippet:-1, max-image-preview:large, max-video-preview:-1\" \/>\n<link rel=\"canonical\" href=\"https:\/\/partsandpieces.nl\/de\/produkt\/schubladengriff-nickel-quadratisch-114mm\/\" \/>\n<meta property=\"og:locale\" content=\"de_DE\" \/>\n<meta property=\"og:type\" content=\"article\" \/>\n<meta property=\"og:title\" content=\"Ladegreep Nikkel vierkant 114mm\" \/>\n<meta property=\"og:description\" content=\"Ladegreep Nikkel vierkant 114mm is een greep met een antieke nikkel afwerking. De uitstraling is licht glanzend. Past goed op je meubel en lades.\" \/>\n<meta property=\"og:url\" content=\"https:\/\/partsandpieces.nl\/de\/produkt\/schubladengriff-nickel-quadratisch-114mm\/\" \/>\n<meta property=\"og:site_name\" content=\"Parts &amp; Pieces\" \/>\n<meta property=\"article:modified_time\" content=\"2026-03-26T09:37:05+00:00\" \/>\n<meta property=\"og:image\" content=\"https:\/\/partsandpieces.nl\/wp-content\/uploads\/2020\/07\/Ladegreep-Nikkel-vierkant-114mm.jpg\" \/>\n\t<meta property=\"og:image:width\" content=\"480\" \/>\n\t<meta property=\"og:image:height\" content=\"640\" \/>\n\t<meta property=\"og:image:type\" content=\"image\/jpeg\" \/>\n<meta name=\"twitter:card\" content=\"summary_large_image\" \/>\n<meta name=\"twitter:label1\" content=\"Gesch\u00e4tzte Lesezeit\" \/>\n\t<meta name=\"twitter:data1\" content=\"1\u00a0Minute\" \/>\n<script type=\"application\/ld+json\" class=\"yoast-schema-graph\">{\"@context\":\"https:\\\/\\\/schema.org\",\"@graph\":[{\"@type\":\"WebPage\",\"@id\":\"https:\\\/\\\/partsandpieces.nl\\\/product\\\/ladegreep-nikkel-vierkant-114mm\\\/\",\"url\":\"https:\\\/\\\/partsandpieces.nl\\\/product\\\/ladegreep-nikkel-vierkant-114mm\\\/\",\"name\":\"Ladegreep Nikkel vierkant 114mm\",\"isPartOf\":{\"@id\":\"https:\\\/\\\/partsandpieces.nl\\\/#website\"},\"primaryImageOfPage\":{\"@id\":\"https:\\\/\\\/partsandpieces.nl\\\/product\\\/ladegreep-nikkel-vierkant-114mm\\\/#primaryimage\"},\"image\":{\"@id\":\"https:\\\/\\\/partsandpieces.nl\\\/product\\\/ladegreep-nikkel-vierkant-114mm\\\/#primaryimage\"},\"thumbnailUrl\":\"https:\\\/\\\/partsandpieces.nl\\\/wp-content\\\/uploads\\\/2020\\\/07\\\/Ladegreep-Nikkel-vierkant-114mm.jpg\",\"datePublished\":\"2020-07-22T11:52:07+00:00\",\"dateModified\":\"2026-03-26T09:37:05+00:00\",\"description\":\"Ladegreep Nikkel vierkant 114mm is een greep met een antieke nikkel afwerking. De uitstraling is licht glanzend. Past goed op je meubel en lades.\",\"breadcrumb\":{\"@id\":\"https:\\\/\\\/partsandpieces.nl\\\/product\\\/ladegreep-nikkel-vierkant-114mm\\\/#breadcrumb\"},\"inLanguage\":\"de\",\"potentialAction\":[{\"@type\":\"ReadAction\",\"target\":[\"https:\\\/\\\/partsandpieces.nl\\\/product\\\/ladegreep-nikkel-vierkant-114mm\\\/\"]}]},{\"@type\":\"ImageObject\",\"inLanguage\":\"de\",\"@id\":\"https:\\\/\\\/partsandpieces.nl\\\/product\\\/ladegreep-nikkel-vierkant-114mm\\\/#primaryimage\",\"url\":\"https:\\\/\\\/partsandpieces.nl\\\/wp-content\\\/uploads\\\/2020\\\/07\\\/Ladegreep-Nikkel-vierkant-114mm.jpg\",\"contentUrl\":\"https:\\\/\\\/partsandpieces.nl\\\/wp-content\\\/uploads\\\/2020\\\/07\\\/Ladegreep-Nikkel-vierkant-114mm.jpg\",\"width\":480,\"height\":640,\"caption\":\"Ladegreep Nikkel vierkant 114mm\"},{\"@type\":\"BreadcrumbList\",\"@id\":\"https:\\\/\\\/partsandpieces.nl\\\/product\\\/ladegreep-nikkel-vierkant-114mm\\\/#breadcrumb\",\"itemListElement\":[{\"@type\":\"ListItem\",\"position\":1,\"name\":\"Home\",\"item\":\"https:\\\/\\\/partsandpieces.nl\\\/home\\\/\"},{\"@type\":\"ListItem\",\"position\":2,\"name\":\"Winkel\",\"item\":\"https:\\\/\\\/partsandpieces.nl\\\/winkel\\\/\"},{\"@type\":\"ListItem\",\"position\":3,\"name\":\"Ladegreep Nikkel vierkant 114mm\"}]},{\"@type\":\"WebSite\",\"@id\":\"https:\\\/\\\/partsandpieces.nl\\\/#website\",\"url\":\"https:\\\/\\\/partsandpieces.nl\\\/\",\"name\":\"Parts &amp; Pieces\",\"description\":\"Alles voor uw meubelrestauratie en -onderhoud!\",\"potentialAction\":[{\"@type\":\"SearchAction\",\"target\":{\"@type\":\"EntryPoint\",\"urlTemplate\":\"https:\\\/\\\/partsandpieces.nl\\\/?s={search_term_string}\"},\"query-input\":{\"@type\":\"PropertyValueSpecification\",\"valueRequired\":true,\"valueName\":\"search_term_string\"}}],\"inLanguage\":\"de\"}]}<\/script>\n<!-- \/ Yoast SEO plugin. -->","yoast_head_json":{"title":"Schubladengriff Nickel quadratisch 114mm","description":"Schubladengriff Nickel quadratisch 114 mm ist ein Griff mit Antik-Nickel-Finish. Das Erscheinungsbild ist leicht gl\u00e4nzend. Passt gut auf Ihre M\u00f6bel und Schubladen.","robots":{"index":"index","follow":"follow","max-snippet":"max-snippet:-1","max-image-preview":"max-image-preview:large","max-video-preview":"max-video-preview:-1"},"canonical":"https:\/\/partsandpieces.nl\/de\/produkt\/schubladengriff-nickel-quadratisch-114mm\/","og_locale":"de_DE","og_type":"article","og_title":"Ladegreep Nikkel vierkant 114mm","og_description":"Ladegreep Nikkel vierkant 114mm is een greep met een antieke nikkel afwerking. De uitstraling is licht glanzend. Past goed op je meubel en lades.","og_url":"https:\/\/partsandpieces.nl\/de\/produkt\/schubladengriff-nickel-quadratisch-114mm\/","og_site_name":"Parts &amp; Pieces","article_modified_time":"2026-03-26T09:37:05+00:00","og_image":[{"width":480,"height":640,"url":"https:\/\/partsandpieces.nl\/wp-content\/uploads\/2020\/07\/Ladegreep-Nikkel-vierkant-114mm.jpg","type":"image\/jpeg"}],"twitter_card":"summary_large_image","twitter_misc":{"Gesch\u00e4tzte Lesezeit":"1\u00a0Minute"},"schema":{"@context":"https:\/\/schema.org","@graph":[{"@type":"WebPage","@id":"https:\/\/partsandpieces.nl\/product\/ladegreep-nikkel-vierkant-114mm\/","url":"https:\/\/partsandpieces.nl\/product\/ladegreep-nikkel-vierkant-114mm\/","name":"Schubladengriff Nickel quadratisch 114mm","isPartOf":{"@id":"https:\/\/partsandpieces.nl\/#website"},"primaryImageOfPage":{"@id":"https:\/\/partsandpieces.nl\/product\/ladegreep-nikkel-vierkant-114mm\/#primaryimage"},"image":{"@id":"https:\/\/partsandpieces.nl\/product\/ladegreep-nikkel-vierkant-114mm\/#primaryimage"},"thumbnailUrl":"https:\/\/partsandpieces.nl\/wp-content\/uploads\/2020\/07\/Ladegreep-Nikkel-vierkant-114mm.jpg","datePublished":"2020-07-22T11:52:07+00:00","dateModified":"2026-03-26T09:37:05+00:00","description":"Schubladengriff Nickel quadratisch 114 mm ist ein Griff mit Antik-Nickel-Finish. Das Erscheinungsbild ist leicht gl\u00e4nzend. Passt gut auf Ihre M\u00f6bel und Schubladen.","breadcrumb":{"@id":"https:\/\/partsandpieces.nl\/product\/ladegreep-nikkel-vierkant-114mm\/#breadcrumb"},"inLanguage":"de","potentialAction":[{"@type":"ReadAction","target":["https:\/\/partsandpieces.nl\/product\/ladegreep-nikkel-vierkant-114mm\/"]}]},{"@type":"ImageObject","inLanguage":"de","@id":"https:\/\/partsandpieces.nl\/product\/ladegreep-nikkel-vierkant-114mm\/#primaryimage","url":"https:\/\/partsandpieces.nl\/wp-content\/uploads\/2020\/07\/Ladegreep-Nikkel-vierkant-114mm.jpg","contentUrl":"https:\/\/partsandpieces.nl\/wp-content\/uploads\/2020\/07\/Ladegreep-Nikkel-vierkant-114mm.jpg","width":480,"height":640,"caption":"Ladegreep Nikkel vierkant 114mm"},{"@type":"BreadcrumbList","@id":"https:\/\/partsandpieces.nl\/product\/ladegreep-nikkel-vierkant-114mm\/#breadcrumb","itemListElement":[{"@type":"ListItem","position":1,"name":"Home","item":"https:\/\/partsandpieces.nl\/home\/"},{"@type":"ListItem","position":2,"name":"Winkel","item":"https:\/\/partsandpieces.nl\/winkel\/"},{"@type":"ListItem","position":3,"name":"Ladegreep Nikkel vierkant 114mm"}]},{"@type":"WebSite","@id":"https:\/\/partsandpieces.nl\/#website","url":"https:\/\/partsandpieces.nl\/","name":"Teile &amp; St\u00fccke","description":"Alles f\u00fcr Ihre M\u00f6belrestaurierung und -pflege!","potentialAction":[{"@type":"SearchAction","target":{"@type":"EntryPoint","urlTemplate":"https:\/\/partsandpieces.nl\/?s={search_term_string}"},"query-input":{"@type":"PropertyValueSpecification","valueRequired":true,"valueName":"search_term_string"}}],"inLanguage":"de"}]}},"_links":{"self":[{"href":"https:\/\/partsandpieces.nl\/de\/wp-json\/wp\/v2\/product\/807","targetHints":{"allow":["GET"]}}],"collection":[{"href":"https:\/\/partsandpieces.nl\/de\/wp-json\/wp\/v2\/product"}],"about":[{"href":"https:\/\/partsandpieces.nl\/de\/wp-json\/wp\/v2\/types\/product"}],"wp:featuredmedia":[{"embeddable":true,"href":"https:\/\/partsandpieces.nl\/de\/wp-json\/wp\/v2\/media\/4715"}],"wp:attachment":[{"href":"https:\/\/partsandpieces.nl\/de\/wp-json\/wp\/v2\/media?parent=807"}],"wp:term":[{"taxonomy":"product_brand","embeddable":true,"href":"https:\/\/partsandpieces.nl\/de\/wp-json\/wp\/v2\/product_brand?post=807"},{"taxonomy":"product_cat","embeddable":true,"href":"https:\/\/partsandpieces.nl\/de\/wp-json\/wp\/v2\/product_cat?post=807"},{"taxonomy":"product_tag","embeddable":true,"href":"https:\/\/partsandpieces.nl\/de\/wp-json\/wp\/v2\/product_tag?post=807"}],"curies":[{"name":"wp","href":"https:\/\/api.w.org\/{rel}","templated":true}]}}