{"id":809,"date":"2020-07-22T11:54:08","date_gmt":"2020-07-22T09:54:08","guid":{"rendered":"https:\/\/partsandpieces.bonsaidev.nl\/?product=ring-voor-stoelrug-zam-rond-90-mm-zilver-alu-kleur"},"modified":"2026-03-12T13:16:48","modified_gmt":"2026-03-12T12:16:48","slug":"ringgriff-fur-stuhl-silber-90mm","status":"publish","type":"product","link":"https:\/\/partsandpieces.nl\/de\/product\/ringgreep-voor-stoel-zilver-90mm\/","title":{"rendered":"Ringgriff f\u00fcr Stuhl silber 90mm"},"content":{"rendered":"<p><strong>Ringgriff f\u00fcr Stuhl silber 90mm<\/strong> ist eine Auswahl aus der Serie 764 der Decor-Linie von Giusti. Es handelt sich um einen gro\u00dfen, stabilen Ring, der an der Stuhllehne montiert werden soll. Der Ring erleichtert das Verschieben der Sitzlehne. Der Ring hat ein Silberfinish \u201eVenezianisches Silber\u201c.<\/p>\n<p>Dieser hochwertige Ringgriff wird in Italien hergestellt.<\/p>\n<p><strong>Ma\u00dfe<br \/>\n<\/strong>Der Ringgriff f\u00fcr Stuhl Silber 90mm hat einen Durchmesser von 90mm. Nach der Montage steht dieser Ringgriff 20mm \u00fcber. Die Gesamth\u00f6he des Griffs betr\u00e4gt 108 mm.<\/p>\n<p><strong>Bearbeiten<br \/>\n<\/strong>Den Ringgriff montieren Sie mit 2 Holzschrauben. Diese Schrauben sind nicht im Lieferumfang enthalten.<\/p>","protected":false},"excerpt":{"rendered":"<p>Ringgreep voor stoel zilver 90mm is een greep uit de serie 764 van de Decor lijn van Giusti. Het is een grote, stevige ring bedoeld om te monteren aan de rugleuning van de stoel. Met de ring wordt het makkelijker om de stoel achteruit te schuiven. De ring heeft een zilverkleurige finish &#8216;Venetian silver&#8217;. Deze [&hellip;]<\/p>\n","protected":false},"featured_media":6203,"template":"","meta":{"_acf_changed":false},"product_brand":[],"product_cat":[23,44],"product_tag":[],"class_list":{"0":"post-809","1":"product","2":"type-product","3":"status-publish","4":"has-post-thumbnail","6":"product_cat-meubelbeslag","7":"product_cat-ringbeslag","9":"first","10":"instock","11":"taxable","12":"shipping-taxable","13":"purchasable","14":"product-type-simple"},"acf":[],"yoast_head":"<!-- This site is optimized with the Yoast SEO plugin v27.3 - https:\/\/yoast.com\/product\/yoast-seo-wordpress\/ -->\n<title>Ringgreep voor stoel zilver<\/title>\n<meta name=\"description\" content=\"Ringgreep voor stoel zilver 90mm is een grote, stevige ring bedoeld om te monteren aan de rugleuning van de stoel. De ring heeft een zilverkleurige finish.\" \/>\n<meta name=\"robots\" content=\"index, follow, max-snippet:-1, max-image-preview:large, max-video-preview:-1\" \/>\n<link rel=\"canonical\" href=\"https:\/\/partsandpieces.nl\/de\/produkt\/ringgriff-fur-stuhl-silber-90mm\/\" \/>\n<meta property=\"og:locale\" content=\"de_DE\" \/>\n<meta property=\"og:type\" content=\"article\" \/>\n<meta property=\"og:title\" content=\"Ringgreep voor stoel zilver\" \/>\n<meta property=\"og:description\" content=\"Ringgreep voor stoel zilver 90mm is een grote, stevige ring bedoeld om te monteren aan de rugleuning van de stoel. De ring heeft een zilverkleurige finish.\" \/>\n<meta property=\"og:url\" content=\"https:\/\/partsandpieces.nl\/de\/produkt\/ringgriff-fur-stuhl-silber-90mm\/\" \/>\n<meta property=\"og:site_name\" content=\"Parts &amp; Pieces\" \/>\n<meta property=\"article:modified_time\" content=\"2026-03-12T12:16:48+00:00\" \/>\n<meta property=\"og:image\" content=\"https:\/\/partsandpieces.nl\/wp-content\/uploads\/2020\/07\/Ringgreep-voor-stoel-zilver-90mm.jpg\" \/>\n\t<meta property=\"og:image:width\" content=\"480\" \/>\n\t<meta property=\"og:image:height\" content=\"481\" \/>\n\t<meta property=\"og:image:type\" content=\"image\/jpeg\" \/>\n<meta name=\"twitter:card\" content=\"summary_large_image\" \/>\n<meta name=\"twitter:label1\" content=\"Gesch\u00e4tzte Lesezeit\" \/>\n\t<meta name=\"twitter:data1\" content=\"1\u00a0Minute\" \/>\n<script type=\"application\/ld+json\" class=\"yoast-schema-graph\">{\"@context\":\"https:\\\/\\\/schema.org\",\"@graph\":[{\"@type\":\"WebPage\",\"@id\":\"https:\\\/\\\/partsandpieces.nl\\\/product\\\/ringgreep-voor-stoel-zilver-90mm\\\/\",\"url\":\"https:\\\/\\\/partsandpieces.nl\\\/product\\\/ringgreep-voor-stoel-zilver-90mm\\\/\",\"name\":\"Ringgreep voor stoel zilver\",\"isPartOf\":{\"@id\":\"https:\\\/\\\/partsandpieces.nl\\\/#website\"},\"primaryImageOfPage\":{\"@id\":\"https:\\\/\\\/partsandpieces.nl\\\/product\\\/ringgreep-voor-stoel-zilver-90mm\\\/#primaryimage\"},\"image\":{\"@id\":\"https:\\\/\\\/partsandpieces.nl\\\/product\\\/ringgreep-voor-stoel-zilver-90mm\\\/#primaryimage\"},\"thumbnailUrl\":\"https:\\\/\\\/partsandpieces.nl\\\/wp-content\\\/uploads\\\/2020\\\/07\\\/Ringgreep-voor-stoel-zilver-90mm.jpg\",\"datePublished\":\"2020-07-22T09:54:08+00:00\",\"dateModified\":\"2026-03-12T12:16:48+00:00\",\"description\":\"Ringgreep voor stoel zilver 90mm is een grote, stevige ring bedoeld om te monteren aan de rugleuning van de stoel. De ring heeft een zilverkleurige finish.\",\"breadcrumb\":{\"@id\":\"https:\\\/\\\/partsandpieces.nl\\\/product\\\/ringgreep-voor-stoel-zilver-90mm\\\/#breadcrumb\"},\"inLanguage\":\"de\",\"potentialAction\":[{\"@type\":\"ReadAction\",\"target\":[\"https:\\\/\\\/partsandpieces.nl\\\/product\\\/ringgreep-voor-stoel-zilver-90mm\\\/\"]}]},{\"@type\":\"ImageObject\",\"inLanguage\":\"de\",\"@id\":\"https:\\\/\\\/partsandpieces.nl\\\/product\\\/ringgreep-voor-stoel-zilver-90mm\\\/#primaryimage\",\"url\":\"https:\\\/\\\/partsandpieces.nl\\\/wp-content\\\/uploads\\\/2020\\\/07\\\/Ringgreep-voor-stoel-zilver-90mm.jpg\",\"contentUrl\":\"https:\\\/\\\/partsandpieces.nl\\\/wp-content\\\/uploads\\\/2020\\\/07\\\/Ringgreep-voor-stoel-zilver-90mm.jpg\",\"width\":480,\"height\":481,\"caption\":\"Ringgreep voor stoel zilver 90mm\"},{\"@type\":\"BreadcrumbList\",\"@id\":\"https:\\\/\\\/partsandpieces.nl\\\/product\\\/ringgreep-voor-stoel-zilver-90mm\\\/#breadcrumb\",\"itemListElement\":[{\"@type\":\"ListItem\",\"position\":1,\"name\":\"Home\",\"item\":\"https:\\\/\\\/partsandpieces.nl\\\/home\\\/\"},{\"@type\":\"ListItem\",\"position\":2,\"name\":\"Winkel\",\"item\":\"https:\\\/\\\/partsandpieces.nl\\\/winkel\\\/\"},{\"@type\":\"ListItem\",\"position\":3,\"name\":\"Ringgreep voor stoel zilver 90mm\"}]},{\"@type\":\"WebSite\",\"@id\":\"https:\\\/\\\/partsandpieces.nl\\\/#website\",\"url\":\"https:\\\/\\\/partsandpieces.nl\\\/\",\"name\":\"Parts &amp; Pieces\",\"description\":\"Alles voor uw meubelrestauratie en -onderhoud!\",\"potentialAction\":[{\"@type\":\"SearchAction\",\"target\":{\"@type\":\"EntryPoint\",\"urlTemplate\":\"https:\\\/\\\/partsandpieces.nl\\\/?s={search_term_string}\"},\"query-input\":{\"@type\":\"PropertyValueSpecification\",\"valueRequired\":true,\"valueName\":\"search_term_string\"}}],\"inLanguage\":\"de\"}]}<\/script>\n<!-- \/ Yoast SEO plugin. -->","yoast_head_json":{"title":"Ringgriff f\u00fcr Stuhl silber","description":"Ringgriff f\u00fcr Stuhl silber 90 mm ist ein gro\u00dfer, stabiler Ring, der an der Stuhllehne montiert werden soll. Der Ring hat eine silberfarbene Oberfl\u00e4che.","robots":{"index":"index","follow":"follow","max-snippet":"max-snippet:-1","max-image-preview":"max-image-preview:large","max-video-preview":"max-video-preview:-1"},"canonical":"https:\/\/partsandpieces.nl\/de\/produkt\/ringgriff-fur-stuhl-silber-90mm\/","og_locale":"de_DE","og_type":"article","og_title":"Ringgreep voor stoel zilver","og_description":"Ringgreep voor stoel zilver 90mm is een grote, stevige ring bedoeld om te monteren aan de rugleuning van de stoel. De ring heeft een zilverkleurige finish.","og_url":"https:\/\/partsandpieces.nl\/de\/produkt\/ringgriff-fur-stuhl-silber-90mm\/","og_site_name":"Parts &amp; Pieces","article_modified_time":"2026-03-12T12:16:48+00:00","og_image":[{"width":480,"height":481,"url":"https:\/\/partsandpieces.nl\/wp-content\/uploads\/2020\/07\/Ringgreep-voor-stoel-zilver-90mm.jpg","type":"image\/jpeg"}],"twitter_card":"summary_large_image","twitter_misc":{"Gesch\u00e4tzte Lesezeit":"1\u00a0Minute"},"schema":{"@context":"https:\/\/schema.org","@graph":[{"@type":"WebPage","@id":"https:\/\/partsandpieces.nl\/product\/ringgreep-voor-stoel-zilver-90mm\/","url":"https:\/\/partsandpieces.nl\/product\/ringgreep-voor-stoel-zilver-90mm\/","name":"Ringgriff f\u00fcr Stuhl silber","isPartOf":{"@id":"https:\/\/partsandpieces.nl\/#website"},"primaryImageOfPage":{"@id":"https:\/\/partsandpieces.nl\/product\/ringgreep-voor-stoel-zilver-90mm\/#primaryimage"},"image":{"@id":"https:\/\/partsandpieces.nl\/product\/ringgreep-voor-stoel-zilver-90mm\/#primaryimage"},"thumbnailUrl":"https:\/\/partsandpieces.nl\/wp-content\/uploads\/2020\/07\/Ringgreep-voor-stoel-zilver-90mm.jpg","datePublished":"2020-07-22T09:54:08+00:00","dateModified":"2026-03-12T12:16:48+00:00","description":"Ringgriff f\u00fcr Stuhl silber 90 mm ist ein gro\u00dfer, stabiler Ring, der an der Stuhllehne montiert werden soll. Der Ring hat eine silberfarbene Oberfl\u00e4che.","breadcrumb":{"@id":"https:\/\/partsandpieces.nl\/product\/ringgreep-voor-stoel-zilver-90mm\/#breadcrumb"},"inLanguage":"de","potentialAction":[{"@type":"ReadAction","target":["https:\/\/partsandpieces.nl\/product\/ringgreep-voor-stoel-zilver-90mm\/"]}]},{"@type":"ImageObject","inLanguage":"de","@id":"https:\/\/partsandpieces.nl\/product\/ringgreep-voor-stoel-zilver-90mm\/#primaryimage","url":"https:\/\/partsandpieces.nl\/wp-content\/uploads\/2020\/07\/Ringgreep-voor-stoel-zilver-90mm.jpg","contentUrl":"https:\/\/partsandpieces.nl\/wp-content\/uploads\/2020\/07\/Ringgreep-voor-stoel-zilver-90mm.jpg","width":480,"height":481,"caption":"Ringgreep voor stoel zilver 90mm"},{"@type":"BreadcrumbList","@id":"https:\/\/partsandpieces.nl\/product\/ringgreep-voor-stoel-zilver-90mm\/#breadcrumb","itemListElement":[{"@type":"ListItem","position":1,"name":"Home","item":"https:\/\/partsandpieces.nl\/home\/"},{"@type":"ListItem","position":2,"name":"Winkel","item":"https:\/\/partsandpieces.nl\/winkel\/"},{"@type":"ListItem","position":3,"name":"Ringgreep voor stoel zilver 90mm"}]},{"@type":"WebSite","@id":"https:\/\/partsandpieces.nl\/#website","url":"https:\/\/partsandpieces.nl\/","name":"Teile &amp; St\u00fccke","description":"Alles f\u00fcr Ihre M\u00f6belrestaurierung und -pflege!","potentialAction":[{"@type":"SearchAction","target":{"@type":"EntryPoint","urlTemplate":"https:\/\/partsandpieces.nl\/?s={search_term_string}"},"query-input":{"@type":"PropertyValueSpecification","valueRequired":true,"valueName":"search_term_string"}}],"inLanguage":"de"}]}},"_links":{"self":[{"href":"https:\/\/partsandpieces.nl\/de\/wp-json\/wp\/v2\/product\/809","targetHints":{"allow":["GET"]}}],"collection":[{"href":"https:\/\/partsandpieces.nl\/de\/wp-json\/wp\/v2\/product"}],"about":[{"href":"https:\/\/partsandpieces.nl\/de\/wp-json\/wp\/v2\/types\/product"}],"wp:featuredmedia":[{"embeddable":true,"href":"https:\/\/partsandpieces.nl\/de\/wp-json\/wp\/v2\/media\/6203"}],"wp:attachment":[{"href":"https:\/\/partsandpieces.nl\/de\/wp-json\/wp\/v2\/media?parent=809"}],"wp:term":[{"taxonomy":"product_brand","embeddable":true,"href":"https:\/\/partsandpieces.nl\/de\/wp-json\/wp\/v2\/product_brand?post=809"},{"taxonomy":"product_cat","embeddable":true,"href":"https:\/\/partsandpieces.nl\/de\/wp-json\/wp\/v2\/product_cat?post=809"},{"taxonomy":"product_tag","embeddable":true,"href":"https:\/\/partsandpieces.nl\/de\/wp-json\/wp\/v2\/product_tag?post=809"}],"curies":[{"name":"wp","href":"https:\/\/api.w.org\/{rel}","templated":true}]}}