{"id":815,"date":"2020-07-22T12:03:10","date_gmt":"2020-07-22T12:03:10","guid":{"rendered":"https:\/\/partsandpieces.bonsaidev.nl\/?product=knop-zam-rustiek-57x19"},"modified":"2025-12-17T13:29:03","modified_gmt":"2025-12-17T12:29:03","slug":"griffknopf-eisen-rustikal-elfenbein-weizenspitze-58mm","status":"publish","type":"product","link":"https:\/\/partsandpieces.nl\/de\/product\/greep-knop-ijzer-rustiek-ivoor-tarwe-aar-58mm\/","title":{"rendered":"Griff \/ Knopf Eisen rustikal Elfenbein Weizen Spike 58mm"},"content":{"rendered":"<p><strong>Griff \/ Knopf Eisen rustikal Elfenbein Weizen Spike 58mm<\/strong> ist ein rechteckiger M\u00f6belknopf mit antikem Eisenfinish und einem elfenbeinfarbenen Bild einer Weizen\u00e4hre. Dieser Knauf passt gut zu Ihrem l\u00e4ndlichen M\u00f6belst\u00fcck.<\/p>\n<p>Dieser hochwertige Knopf wird in Italien hergestellt.<\/p>\n<p><strong>Ma\u00dfe<br \/>\n<\/strong>Griff\/Knopf Eisen rustikal Elfenbein Weizen Spike 58 mm hat eine H\u00f6he von 58 mm und eine Breite von 20 mm. Nach der Installation steht dieser Knopf 21 mm hervor. Die Bohrl\u00f6cher haben einen Abstand von 32 mm.<\/p>\n<p><strong>Bearbeiten<br \/>\n<\/strong>Sie k\u00f6nnen den Taster mit blind montieren <span style=\"text-decoration: underline;\"><a href=\"https:\/\/partsandpieces.nl\/de\/produkt\/schraube-edelstahl-zur-blindmontage-von-mobelbeschlagen-45x4mm-20-stuck\/\">Edelstahlschraube zur Blindbefestigung von M\u00f6belbeschl\u00e4gen (45x4mm)<\/a><\/span>. Ich schicke diese Schraube <strong>FREI<\/strong> mit Ihrer Bestellung.<\/p>","protected":false},"excerpt":{"rendered":"<p>Greep \/ Knop IJzer rustiek Ivoor Tarwe Aar 58mm is een rechthoekige meubelknop met een antiek ijzer finish en een ivoorkleurige afbeelding van een tarwe aar. Deze knop past goed op je landelijke meubelstuk. Deze kwalitatief uitstekende knop is gemaakt in Itali\u00eb. Afmetingen Greep \/ Knop IJzer rustiek Ivoor Tarwe Aar 58mm heeft een hoogte [&hellip;]<\/p>\n","protected":false},"featured_media":5582,"template":"","meta":{"_acf_changed":false},"product_brand":[],"product_cat":[37,41,23],"product_tag":[],"class_list":{"0":"post-815","1":"product","2":"type-product","3":"status-publish","4":"has-post-thumbnail","6":"product_cat-knoppen","7":"product_cat-ladetrekkers","8":"product_cat-meubelbeslag","10":"first","11":"instock","12":"taxable","13":"shipping-taxable","14":"purchasable","15":"product-type-simple"},"acf":[],"yoast_head":"<!-- This site is optimized with the Yoast SEO plugin v27.3 - https:\/\/yoast.com\/product\/yoast-seo-wordpress\/ -->\n<title>Knop rustiek Tarwe Aar<\/title>\n<meta name=\"description\" content=\"Knop IJzer rustiek Ivoor Tarwe Aar 58mm is een rechthoekige meubelknop met een antiek ijzer finish en een ivoorkleurige afbeelding van een tarwe aar.\" \/>\n<meta name=\"robots\" content=\"index, follow, max-snippet:-1, max-image-preview:large, max-video-preview:-1\" \/>\n<link rel=\"canonical\" href=\"https:\/\/partsandpieces.nl\/de\/produkt\/griffknopf-eisen-rustikal-elfenbein-weizenspitze-58mm\/\" \/>\n<meta property=\"og:locale\" content=\"de_DE\" \/>\n<meta property=\"og:type\" content=\"article\" \/>\n<meta property=\"og:title\" content=\"Knop rustiek Tarwe Aar\" \/>\n<meta property=\"og:description\" content=\"Knop IJzer rustiek Ivoor Tarwe Aar 58mm is een rechthoekige meubelknop met een antiek ijzer finish en een ivoorkleurige afbeelding van een tarwe aar.\" \/>\n<meta property=\"og:url\" content=\"https:\/\/partsandpieces.nl\/de\/produkt\/griffknopf-eisen-rustikal-elfenbein-weizenspitze-58mm\/\" \/>\n<meta property=\"og:site_name\" content=\"Parts &amp; Pieces\" \/>\n<meta property=\"article:modified_time\" content=\"2025-12-17T12:29:03+00:00\" \/>\n<meta property=\"og:image\" content=\"https:\/\/partsandpieces.nl\/wp-content\/uploads\/2020\/07\/Greep-Knop-IJzer-rustiek-Ivoor-Tarwe-Aar-58mm.jpg\" \/>\n\t<meta property=\"og:image:width\" content=\"480\" \/>\n\t<meta property=\"og:image:height\" content=\"480\" \/>\n\t<meta property=\"og:image:type\" content=\"image\/jpeg\" \/>\n<meta name=\"twitter:card\" content=\"summary_large_image\" \/>\n<meta name=\"twitter:label1\" content=\"Gesch\u00e4tzte Lesezeit\" \/>\n\t<meta name=\"twitter:data1\" content=\"1\u00a0Minute\" \/>\n<script type=\"application\/ld+json\" class=\"yoast-schema-graph\">{\"@context\":\"https:\\\/\\\/schema.org\",\"@graph\":[{\"@type\":\"WebPage\",\"@id\":\"https:\\\/\\\/partsandpieces.nl\\\/product\\\/greep-knop-ijzer-rustiek-ivoor-tarwe-aar-58mm\\\/\",\"url\":\"https:\\\/\\\/partsandpieces.nl\\\/product\\\/greep-knop-ijzer-rustiek-ivoor-tarwe-aar-58mm\\\/\",\"name\":\"Knop rustiek Tarwe Aar\",\"isPartOf\":{\"@id\":\"https:\\\/\\\/partsandpieces.nl\\\/#website\"},\"primaryImageOfPage\":{\"@id\":\"https:\\\/\\\/partsandpieces.nl\\\/product\\\/greep-knop-ijzer-rustiek-ivoor-tarwe-aar-58mm\\\/#primaryimage\"},\"image\":{\"@id\":\"https:\\\/\\\/partsandpieces.nl\\\/product\\\/greep-knop-ijzer-rustiek-ivoor-tarwe-aar-58mm\\\/#primaryimage\"},\"thumbnailUrl\":\"https:\\\/\\\/partsandpieces.nl\\\/wp-content\\\/uploads\\\/2020\\\/07\\\/Greep-Knop-IJzer-rustiek-Ivoor-Tarwe-Aar-58mm.jpg\",\"datePublished\":\"2020-07-22T12:03:10+00:00\",\"dateModified\":\"2025-12-17T12:29:03+00:00\",\"description\":\"Knop IJzer rustiek Ivoor Tarwe Aar 58mm is een rechthoekige meubelknop met een antiek ijzer finish en een ivoorkleurige afbeelding van een tarwe aar.\",\"breadcrumb\":{\"@id\":\"https:\\\/\\\/partsandpieces.nl\\\/product\\\/greep-knop-ijzer-rustiek-ivoor-tarwe-aar-58mm\\\/#breadcrumb\"},\"inLanguage\":\"de\",\"potentialAction\":[{\"@type\":\"ReadAction\",\"target\":[\"https:\\\/\\\/partsandpieces.nl\\\/product\\\/greep-knop-ijzer-rustiek-ivoor-tarwe-aar-58mm\\\/\"]}]},{\"@type\":\"ImageObject\",\"inLanguage\":\"de\",\"@id\":\"https:\\\/\\\/partsandpieces.nl\\\/product\\\/greep-knop-ijzer-rustiek-ivoor-tarwe-aar-58mm\\\/#primaryimage\",\"url\":\"https:\\\/\\\/partsandpieces.nl\\\/wp-content\\\/uploads\\\/2020\\\/07\\\/Greep-Knop-IJzer-rustiek-Ivoor-Tarwe-Aar-58mm.jpg\",\"contentUrl\":\"https:\\\/\\\/partsandpieces.nl\\\/wp-content\\\/uploads\\\/2020\\\/07\\\/Greep-Knop-IJzer-rustiek-Ivoor-Tarwe-Aar-58mm.jpg\",\"width\":480,\"height\":480,\"caption\":\"Greep \\\/ Knop IJzer rustiek Ivoor Tarwe Aar 58mm\"},{\"@type\":\"BreadcrumbList\",\"@id\":\"https:\\\/\\\/partsandpieces.nl\\\/product\\\/greep-knop-ijzer-rustiek-ivoor-tarwe-aar-58mm\\\/#breadcrumb\",\"itemListElement\":[{\"@type\":\"ListItem\",\"position\":1,\"name\":\"Home\",\"item\":\"https:\\\/\\\/partsandpieces.nl\\\/home\\\/\"},{\"@type\":\"ListItem\",\"position\":2,\"name\":\"Winkel\",\"item\":\"https:\\\/\\\/partsandpieces.nl\\\/winkel\\\/\"},{\"@type\":\"ListItem\",\"position\":3,\"name\":\"Greep \\\/ Knop IJzer rustiek Ivoor Tarwe Aar 58mm\"}]},{\"@type\":\"WebSite\",\"@id\":\"https:\\\/\\\/partsandpieces.nl\\\/#website\",\"url\":\"https:\\\/\\\/partsandpieces.nl\\\/\",\"name\":\"Parts &amp; Pieces\",\"description\":\"Alles voor uw meubelrestauratie en -onderhoud!\",\"potentialAction\":[{\"@type\":\"SearchAction\",\"target\":{\"@type\":\"EntryPoint\",\"urlTemplate\":\"https:\\\/\\\/partsandpieces.nl\\\/?s={search_term_string}\"},\"query-input\":{\"@type\":\"PropertyValueSpecification\",\"valueRequired\":true,\"valueName\":\"search_term_string\"}}],\"inLanguage\":\"de\"}]}<\/script>\n<!-- \/ Yoast SEO plugin. -->","yoast_head_json":{"title":"Knopf rustikaler Weizen\u00e4hren","description":"Knauf Eisen Rustikal Elfenbein Weizenspitze 58 mm ist ein rechteckiger M\u00f6belknopf mit einer antiken Eisenoberfl\u00e4che und einem elfenbeinfarbenen Bild einer Weizenspitze.","robots":{"index":"index","follow":"follow","max-snippet":"max-snippet:-1","max-image-preview":"max-image-preview:large","max-video-preview":"max-video-preview:-1"},"canonical":"https:\/\/partsandpieces.nl\/de\/produkt\/griffknopf-eisen-rustikal-elfenbein-weizenspitze-58mm\/","og_locale":"de_DE","og_type":"article","og_title":"Knop rustiek Tarwe Aar","og_description":"Knop IJzer rustiek Ivoor Tarwe Aar 58mm is een rechthoekige meubelknop met een antiek ijzer finish en een ivoorkleurige afbeelding van een tarwe aar.","og_url":"https:\/\/partsandpieces.nl\/de\/produkt\/griffknopf-eisen-rustikal-elfenbein-weizenspitze-58mm\/","og_site_name":"Parts &amp; Pieces","article_modified_time":"2025-12-17T12:29:03+00:00","og_image":[{"width":480,"height":480,"url":"https:\/\/partsandpieces.nl\/wp-content\/uploads\/2020\/07\/Greep-Knop-IJzer-rustiek-Ivoor-Tarwe-Aar-58mm.jpg","type":"image\/jpeg"}],"twitter_card":"summary_large_image","twitter_misc":{"Gesch\u00e4tzte Lesezeit":"1\u00a0Minute"},"schema":{"@context":"https:\/\/schema.org","@graph":[{"@type":"WebPage","@id":"https:\/\/partsandpieces.nl\/product\/greep-knop-ijzer-rustiek-ivoor-tarwe-aar-58mm\/","url":"https:\/\/partsandpieces.nl\/product\/greep-knop-ijzer-rustiek-ivoor-tarwe-aar-58mm\/","name":"Knopf rustikaler Weizen\u00e4hren","isPartOf":{"@id":"https:\/\/partsandpieces.nl\/#website"},"primaryImageOfPage":{"@id":"https:\/\/partsandpieces.nl\/product\/greep-knop-ijzer-rustiek-ivoor-tarwe-aar-58mm\/#primaryimage"},"image":{"@id":"https:\/\/partsandpieces.nl\/product\/greep-knop-ijzer-rustiek-ivoor-tarwe-aar-58mm\/#primaryimage"},"thumbnailUrl":"https:\/\/partsandpieces.nl\/wp-content\/uploads\/2020\/07\/Greep-Knop-IJzer-rustiek-Ivoor-Tarwe-Aar-58mm.jpg","datePublished":"2020-07-22T12:03:10+00:00","dateModified":"2025-12-17T12:29:03+00:00","description":"Knauf Eisen Rustikal Elfenbein Weizenspitze 58 mm ist ein rechteckiger M\u00f6belknopf mit einer antiken Eisenoberfl\u00e4che und einem elfenbeinfarbenen Bild einer Weizenspitze.","breadcrumb":{"@id":"https:\/\/partsandpieces.nl\/product\/greep-knop-ijzer-rustiek-ivoor-tarwe-aar-58mm\/#breadcrumb"},"inLanguage":"de","potentialAction":[{"@type":"ReadAction","target":["https:\/\/partsandpieces.nl\/product\/greep-knop-ijzer-rustiek-ivoor-tarwe-aar-58mm\/"]}]},{"@type":"ImageObject","inLanguage":"de","@id":"https:\/\/partsandpieces.nl\/product\/greep-knop-ijzer-rustiek-ivoor-tarwe-aar-58mm\/#primaryimage","url":"https:\/\/partsandpieces.nl\/wp-content\/uploads\/2020\/07\/Greep-Knop-IJzer-rustiek-Ivoor-Tarwe-Aar-58mm.jpg","contentUrl":"https:\/\/partsandpieces.nl\/wp-content\/uploads\/2020\/07\/Greep-Knop-IJzer-rustiek-Ivoor-Tarwe-Aar-58mm.jpg","width":480,"height":480,"caption":"Greep \/ Knop IJzer rustiek Ivoor Tarwe Aar 58mm"},{"@type":"BreadcrumbList","@id":"https:\/\/partsandpieces.nl\/product\/greep-knop-ijzer-rustiek-ivoor-tarwe-aar-58mm\/#breadcrumb","itemListElement":[{"@type":"ListItem","position":1,"name":"Home","item":"https:\/\/partsandpieces.nl\/home\/"},{"@type":"ListItem","position":2,"name":"Winkel","item":"https:\/\/partsandpieces.nl\/winkel\/"},{"@type":"ListItem","position":3,"name":"Greep \/ Knop IJzer rustiek Ivoor Tarwe Aar 58mm"}]},{"@type":"WebSite","@id":"https:\/\/partsandpieces.nl\/#website","url":"https:\/\/partsandpieces.nl\/","name":"Teile &amp; St\u00fccke","description":"Alles f\u00fcr Ihre M\u00f6belrestaurierung und -pflege!","potentialAction":[{"@type":"SearchAction","target":{"@type":"EntryPoint","urlTemplate":"https:\/\/partsandpieces.nl\/?s={search_term_string}"},"query-input":{"@type":"PropertyValueSpecification","valueRequired":true,"valueName":"search_term_string"}}],"inLanguage":"de"}]}},"_links":{"self":[{"href":"https:\/\/partsandpieces.nl\/de\/wp-json\/wp\/v2\/product\/815","targetHints":{"allow":["GET"]}}],"collection":[{"href":"https:\/\/partsandpieces.nl\/de\/wp-json\/wp\/v2\/product"}],"about":[{"href":"https:\/\/partsandpieces.nl\/de\/wp-json\/wp\/v2\/types\/product"}],"wp:featuredmedia":[{"embeddable":true,"href":"https:\/\/partsandpieces.nl\/de\/wp-json\/wp\/v2\/media\/5582"}],"wp:attachment":[{"href":"https:\/\/partsandpieces.nl\/de\/wp-json\/wp\/v2\/media?parent=815"}],"wp:term":[{"taxonomy":"product_brand","embeddable":true,"href":"https:\/\/partsandpieces.nl\/de\/wp-json\/wp\/v2\/product_brand?post=815"},{"taxonomy":"product_cat","embeddable":true,"href":"https:\/\/partsandpieces.nl\/de\/wp-json\/wp\/v2\/product_cat?post=815"},{"taxonomy":"product_tag","embeddable":true,"href":"https:\/\/partsandpieces.nl\/de\/wp-json\/wp\/v2\/product_tag?post=815"}],"curies":[{"name":"wp","href":"https:\/\/api.w.org\/{rel}","templated":true}]}}