{"id":817,"date":"2020-07-22T12:06:50","date_gmt":"2020-07-22T10:06:50","guid":{"rendered":"https:\/\/partsandpieces.bonsaidev.nl\/?product=ladegreep-invallend-88x44-7mm"},"modified":"2026-03-01T11:01:34","modified_gmt":"2026-03-01T10:01:34","slug":"lukengriff-messing-antik-rechteckiger-schliff-90x46mm","status":"publish","type":"product","link":"https:\/\/partsandpieces.nl\/de\/product\/luikgreep-messing-antiek-rechthoekig-infrees-90x46mm\/","title":{"rendered":"Lukengriff Messing antik rechteckiger Fr\u00e4ser 90x46mm"},"content":{"rendered":"<p><strong>Lukengriff Messing antik rechteckiger Fr\u00e4ser 90x46mm<\/strong>\u00a0ist ein stabiler Griff mit einem antiken Messing-\/Bronze-Finish. Dieser Lukengriff hat eine l\u00e4ngliche Form und der Griff ist ebenfalls rechteckig.<\/p>\n<p><strong>Ma\u00dfe<br \/>\n<\/strong>Lukengriff Messing antik rechteckiger Fr\u00e4ser 90x46mm hat eine Breite von 90mm und eine H\u00f6he von 46mm. Nach der Montage ragt der Griff nicht hervor. Das ben\u00f6tigte Fr\u00e4sloch hat folgende Ma\u00dfe: 72mm breit, 32mm hoch und 5mm tief.<\/p>\n<p><strong>Bearbeiten<br \/>\n<\/strong>Sie montieren den Griff mit 3 konischen Schrauben. Ich liefere diese Schrauben nicht.<\/p>","protected":false},"excerpt":{"rendered":"<p>Luikgreep Messing antiek rechthoekig infrees 90x46mm\u00a0is een stoere greep met een antieke messing \/ bronzen afwerking. Deze luikgreep is langwerpig van vorm en ook het handvat is rechthoekig. Afmetingen Luikgreep Messing antiek rechthoekig infrees 90x46mm heeft een breedte van 90mm en een hoogte van 46mm. Na montage steekt de greep niet uit. Het benodigde freesgat [&hellip;]<\/p>\n","protected":false},"featured_media":8063,"template":"","meta":{"_acf_changed":false},"product_brand":[],"product_cat":[146,23],"product_tag":[],"class_list":{"0":"post-817","1":"product","2":"type-product","3":"status-publish","4":"has-post-thumbnail","6":"product_cat-infreesgrepen","7":"product_cat-meubelbeslag","9":"first","10":"instock","11":"taxable","12":"shipping-taxable","13":"purchasable","14":"product-type-simple"},"acf":[],"yoast_head":"<!-- This site is optimized with the Yoast SEO plugin v27.3 - https:\/\/yoast.com\/product\/yoast-seo-wordpress\/ -->\n<title>Luikgreep Messing infrees 85x43mm rechthoekig antiek<\/title>\n<meta name=\"description\" content=\"Luikgreep Messing antiek rechthoekig infrees 90x46mm\u00a0heeft een antieke messing \/ bronzen afwerking. Is langwerpig van vorm, ook het handvat is rechthoekig.\" \/>\n<meta name=\"robots\" content=\"index, follow, max-snippet:-1, max-image-preview:large, max-video-preview:-1\" \/>\n<link rel=\"canonical\" href=\"https:\/\/partsandpieces.nl\/de\/produkt\/lukengriff-messing-antik-rechteckiger-schliff-90x46mm\/\" \/>\n<meta property=\"og:locale\" content=\"de_DE\" \/>\n<meta property=\"og:type\" content=\"article\" \/>\n<meta property=\"og:title\" content=\"Luikgreep Messing infrees 85x43mm rechthoekig antiek\" \/>\n<meta property=\"og:description\" content=\"Luikgreep Messing antiek rechthoekig infrees 90x46mm\u00a0heeft een antieke messing \/ bronzen afwerking. Is langwerpig van vorm, ook het handvat is rechthoekig.\" \/>\n<meta property=\"og:url\" content=\"https:\/\/partsandpieces.nl\/de\/produkt\/lukengriff-messing-antik-rechteckiger-schliff-90x46mm\/\" \/>\n<meta property=\"og:site_name\" content=\"Parts &amp; Pieces\" \/>\n<meta property=\"article:modified_time\" content=\"2026-03-01T10:01:34+00:00\" \/>\n<meta property=\"og:image\" content=\"https:\/\/partsandpieces.nl\/wp-content\/uploads\/2020\/07\/Luikgreep-Messing-antiek-rechthoekig-infrees-85x43mm.jpg\" \/>\n\t<meta property=\"og:image:width\" content=\"382\" \/>\n\t<meta property=\"og:image:height\" content=\"383\" \/>\n\t<meta property=\"og:image:type\" content=\"image\/jpeg\" \/>\n<meta name=\"twitter:card\" content=\"summary_large_image\" \/>\n<meta name=\"twitter:label1\" content=\"Gesch\u00e4tzte Lesezeit\" \/>\n\t<meta name=\"twitter:data1\" content=\"1\u00a0Minute\" \/>\n<script type=\"application\/ld+json\" class=\"yoast-schema-graph\">{\"@context\":\"https:\\\/\\\/schema.org\",\"@graph\":[{\"@type\":\"WebPage\",\"@id\":\"https:\\\/\\\/partsandpieces.nl\\\/product\\\/luikgreep-messing-antiek-rechthoekig-infrees-90x46mm\\\/\",\"url\":\"https:\\\/\\\/partsandpieces.nl\\\/product\\\/luikgreep-messing-antiek-rechthoekig-infrees-90x46mm\\\/\",\"name\":\"Luikgreep Messing infrees 85x43mm rechthoekig antiek\",\"isPartOf\":{\"@id\":\"https:\\\/\\\/partsandpieces.nl\\\/#website\"},\"primaryImageOfPage\":{\"@id\":\"https:\\\/\\\/partsandpieces.nl\\\/product\\\/luikgreep-messing-antiek-rechthoekig-infrees-90x46mm\\\/#primaryimage\"},\"image\":{\"@id\":\"https:\\\/\\\/partsandpieces.nl\\\/product\\\/luikgreep-messing-antiek-rechthoekig-infrees-90x46mm\\\/#primaryimage\"},\"thumbnailUrl\":\"https:\\\/\\\/partsandpieces.nl\\\/wp-content\\\/uploads\\\/2020\\\/07\\\/Luikgreep-Messing-antiek-rechthoekig-infrees-85x43mm.jpg\",\"datePublished\":\"2020-07-22T10:06:50+00:00\",\"dateModified\":\"2026-03-01T10:01:34+00:00\",\"description\":\"Luikgreep Messing antiek rechthoekig infrees 90x46mm\u00a0heeft een antieke messing \\\/ bronzen afwerking. Is langwerpig van vorm, ook het handvat is rechthoekig.\",\"breadcrumb\":{\"@id\":\"https:\\\/\\\/partsandpieces.nl\\\/product\\\/luikgreep-messing-antiek-rechthoekig-infrees-90x46mm\\\/#breadcrumb\"},\"inLanguage\":\"de\",\"potentialAction\":[{\"@type\":\"ReadAction\",\"target\":[\"https:\\\/\\\/partsandpieces.nl\\\/product\\\/luikgreep-messing-antiek-rechthoekig-infrees-90x46mm\\\/\"]}]},{\"@type\":\"ImageObject\",\"inLanguage\":\"de\",\"@id\":\"https:\\\/\\\/partsandpieces.nl\\\/product\\\/luikgreep-messing-antiek-rechthoekig-infrees-90x46mm\\\/#primaryimage\",\"url\":\"https:\\\/\\\/partsandpieces.nl\\\/wp-content\\\/uploads\\\/2020\\\/07\\\/Luikgreep-Messing-antiek-rechthoekig-infrees-85x43mm.jpg\",\"contentUrl\":\"https:\\\/\\\/partsandpieces.nl\\\/wp-content\\\/uploads\\\/2020\\\/07\\\/Luikgreep-Messing-antiek-rechthoekig-infrees-85x43mm.jpg\",\"width\":382,\"height\":383,\"caption\":\"Luikgreep Messing antiek rechthoekig infrees 85x43mm\"},{\"@type\":\"BreadcrumbList\",\"@id\":\"https:\\\/\\\/partsandpieces.nl\\\/product\\\/luikgreep-messing-antiek-rechthoekig-infrees-90x46mm\\\/#breadcrumb\",\"itemListElement\":[{\"@type\":\"ListItem\",\"position\":1,\"name\":\"Home\",\"item\":\"https:\\\/\\\/partsandpieces.nl\\\/home\\\/\"},{\"@type\":\"ListItem\",\"position\":2,\"name\":\"Winkel\",\"item\":\"https:\\\/\\\/partsandpieces.nl\\\/winkel\\\/\"},{\"@type\":\"ListItem\",\"position\":3,\"name\":\"Luikgreep Messing antiek rechthoekig infrees 90x46mm\"}]},{\"@type\":\"WebSite\",\"@id\":\"https:\\\/\\\/partsandpieces.nl\\\/#website\",\"url\":\"https:\\\/\\\/partsandpieces.nl\\\/\",\"name\":\"Parts &amp; Pieces\",\"description\":\"Alles voor uw meubelrestauratie en -onderhoud!\",\"potentialAction\":[{\"@type\":\"SearchAction\",\"target\":{\"@type\":\"EntryPoint\",\"urlTemplate\":\"https:\\\/\\\/partsandpieces.nl\\\/?s={search_term_string}\"},\"query-input\":{\"@type\":\"PropertyValueSpecification\",\"valueRequired\":true,\"valueName\":\"search_term_string\"}}],\"inLanguage\":\"de\"}]}<\/script>\n<!-- \/ Yoast SEO plugin. -->","yoast_head_json":{"title":"Lukengriff Messingfr\u00e4ser 85x43mm rechteckig antik","description":"Der Lukengriff Messing antiker rechteckiger Fr\u00e4ser 90 x 46 mm hat ein antikes Messing-\/Bronze-Finish. Ist l\u00e4nglich geformt, der Griff ist ebenfalls rechteckig.","robots":{"index":"index","follow":"follow","max-snippet":"max-snippet:-1","max-image-preview":"max-image-preview:large","max-video-preview":"max-video-preview:-1"},"canonical":"https:\/\/partsandpieces.nl\/de\/produkt\/lukengriff-messing-antik-rechteckiger-schliff-90x46mm\/","og_locale":"de_DE","og_type":"article","og_title":"Luikgreep Messing infrees 85x43mm rechthoekig antiek","og_description":"Luikgreep Messing antiek rechthoekig infrees 90x46mm\u00a0heeft een antieke messing \/ bronzen afwerking. Is langwerpig van vorm, ook het handvat is rechthoekig.","og_url":"https:\/\/partsandpieces.nl\/de\/produkt\/lukengriff-messing-antik-rechteckiger-schliff-90x46mm\/","og_site_name":"Parts &amp; Pieces","article_modified_time":"2026-03-01T10:01:34+00:00","og_image":[{"width":382,"height":383,"url":"https:\/\/partsandpieces.nl\/wp-content\/uploads\/2020\/07\/Luikgreep-Messing-antiek-rechthoekig-infrees-85x43mm.jpg","type":"image\/jpeg"}],"twitter_card":"summary_large_image","twitter_misc":{"Gesch\u00e4tzte Lesezeit":"1\u00a0Minute"},"schema":{"@context":"https:\/\/schema.org","@graph":[{"@type":"WebPage","@id":"https:\/\/partsandpieces.nl\/product\/luikgreep-messing-antiek-rechthoekig-infrees-90x46mm\/","url":"https:\/\/partsandpieces.nl\/product\/luikgreep-messing-antiek-rechthoekig-infrees-90x46mm\/","name":"Lukengriff Messingfr\u00e4ser 85x43mm rechteckig antik","isPartOf":{"@id":"https:\/\/partsandpieces.nl\/#website"},"primaryImageOfPage":{"@id":"https:\/\/partsandpieces.nl\/product\/luikgreep-messing-antiek-rechthoekig-infrees-90x46mm\/#primaryimage"},"image":{"@id":"https:\/\/partsandpieces.nl\/product\/luikgreep-messing-antiek-rechthoekig-infrees-90x46mm\/#primaryimage"},"thumbnailUrl":"https:\/\/partsandpieces.nl\/wp-content\/uploads\/2020\/07\/Luikgreep-Messing-antiek-rechthoekig-infrees-85x43mm.jpg","datePublished":"2020-07-22T10:06:50+00:00","dateModified":"2026-03-01T10:01:34+00:00","description":"Der Lukengriff Messing antiker rechteckiger Fr\u00e4ser 90 x 46 mm hat ein antikes Messing-\/Bronze-Finish. Ist l\u00e4nglich geformt, der Griff ist ebenfalls rechteckig.","breadcrumb":{"@id":"https:\/\/partsandpieces.nl\/product\/luikgreep-messing-antiek-rechthoekig-infrees-90x46mm\/#breadcrumb"},"inLanguage":"de","potentialAction":[{"@type":"ReadAction","target":["https:\/\/partsandpieces.nl\/product\/luikgreep-messing-antiek-rechthoekig-infrees-90x46mm\/"]}]},{"@type":"ImageObject","inLanguage":"de","@id":"https:\/\/partsandpieces.nl\/product\/luikgreep-messing-antiek-rechthoekig-infrees-90x46mm\/#primaryimage","url":"https:\/\/partsandpieces.nl\/wp-content\/uploads\/2020\/07\/Luikgreep-Messing-antiek-rechthoekig-infrees-85x43mm.jpg","contentUrl":"https:\/\/partsandpieces.nl\/wp-content\/uploads\/2020\/07\/Luikgreep-Messing-antiek-rechthoekig-infrees-85x43mm.jpg","width":382,"height":383,"caption":"Luikgreep Messing antiek rechthoekig infrees 85x43mm"},{"@type":"BreadcrumbList","@id":"https:\/\/partsandpieces.nl\/product\/luikgreep-messing-antiek-rechthoekig-infrees-90x46mm\/#breadcrumb","itemListElement":[{"@type":"ListItem","position":1,"name":"Home","item":"https:\/\/partsandpieces.nl\/home\/"},{"@type":"ListItem","position":2,"name":"Winkel","item":"https:\/\/partsandpieces.nl\/winkel\/"},{"@type":"ListItem","position":3,"name":"Luikgreep Messing antiek rechthoekig infrees 90x46mm"}]},{"@type":"WebSite","@id":"https:\/\/partsandpieces.nl\/#website","url":"https:\/\/partsandpieces.nl\/","name":"Teile &amp; St\u00fccke","description":"Alles f\u00fcr Ihre M\u00f6belrestaurierung und -pflege!","potentialAction":[{"@type":"SearchAction","target":{"@type":"EntryPoint","urlTemplate":"https:\/\/partsandpieces.nl\/?s={search_term_string}"},"query-input":{"@type":"PropertyValueSpecification","valueRequired":true,"valueName":"search_term_string"}}],"inLanguage":"de"}]}},"_links":{"self":[{"href":"https:\/\/partsandpieces.nl\/de\/wp-json\/wp\/v2\/product\/817","targetHints":{"allow":["GET"]}}],"collection":[{"href":"https:\/\/partsandpieces.nl\/de\/wp-json\/wp\/v2\/product"}],"about":[{"href":"https:\/\/partsandpieces.nl\/de\/wp-json\/wp\/v2\/types\/product"}],"wp:featuredmedia":[{"embeddable":true,"href":"https:\/\/partsandpieces.nl\/de\/wp-json\/wp\/v2\/media\/8063"}],"wp:attachment":[{"href":"https:\/\/partsandpieces.nl\/de\/wp-json\/wp\/v2\/media?parent=817"}],"wp:term":[{"taxonomy":"product_brand","embeddable":true,"href":"https:\/\/partsandpieces.nl\/de\/wp-json\/wp\/v2\/product_brand?post=817"},{"taxonomy":"product_cat","embeddable":true,"href":"https:\/\/partsandpieces.nl\/de\/wp-json\/wp\/v2\/product_cat?post=817"},{"taxonomy":"product_tag","embeddable":true,"href":"https:\/\/partsandpieces.nl\/de\/wp-json\/wp\/v2\/product_tag?post=817"}],"curies":[{"name":"wp","href":"https:\/\/api.w.org\/{rel}","templated":true}]}}