{"id":819,"date":"2020-07-22T12:09:03","date_gmt":"2020-07-22T12:09:03","guid":{"rendered":"https:\/\/partsandpieces.bonsaidev.nl\/?product=lade-luikgreep-invallend-87x44mm"},"modified":"2026-01-22T14:41:10","modified_gmt":"2026-01-22T13:41:10","slug":"lukengriff-nickel-geburstet-rechteckige-frasung-85x43mm","status":"publish","type":"product","link":"https:\/\/partsandpieces.nl\/de\/product\/luikgreep-nikkel-geborsteld-rechthoekig-infrees-85x43mm\/","title":{"rendered":"Lukengriff Nickel geb\u00fcrsteter rechteckiger Fr\u00e4ser 85x43mm"},"content":{"rendered":"<p><strong>Lukengriff Nickel geb\u00fcrsteter rechteckiger Fr\u00e4ser 85x43mm<\/strong>\u00a0ist ein stabiler Griff mit geb\u00fcrstetem Nickel-Finish. Dieser Lukengriff hat eine l\u00e4ngliche Form und der Griff ist ebenfalls rechteckig.<\/p>\n<p><strong>Ma\u00dfe<br \/>\n<\/strong>Lukengriff Nickel geb\u00fcrstet, rechteckig, versenkt, 85 x 43 mm, hat eine Breite von 85 mm und eine H\u00f6he von 43 mm. Nach der Montage ragt der Griff nicht hervor. Das ben\u00f6tigte Fr\u00e4sloch hat folgende Ma\u00dfe: 72mm breit, 32mm hoch und 5mm tief.<\/p>\n<p><strong>Bearbeiten<br \/>\n<\/strong>Sie montieren den Griff mit 3 konischen Schrauben. Ich liefere diese Schrauben nicht.<\/p>","protected":false},"excerpt":{"rendered":"<p>Luikgreep Nikkel geborsteld rechthoekig infrees 85x43mm\u00a0is een stoere greep met een geborstelde nikkel afwerking. Deze luikgreep is langwerpig van vorm en ook het handvat is rechthoekig. Afmetingen Luikgreep Nikkel geborsteld rechthoekig invallend 85x43mm heeft een breedte van 85mm en een hoogte van 43mm. Na montage steekt de greep niet uit. Het benodigde freesgat heeft de [&hellip;]<\/p>\n","protected":false},"featured_media":8062,"template":"","meta":{"_acf_changed":false},"product_brand":[],"product_cat":[146,23],"product_tag":[],"class_list":{"0":"post-819","1":"product","2":"type-product","3":"status-publish","4":"has-post-thumbnail","6":"product_cat-infreesgrepen","7":"product_cat-meubelbeslag","9":"first","10":"instock","11":"taxable","12":"shipping-taxable","13":"purchasable","14":"product-type-simple"},"acf":[],"yoast_head":"<!-- This site is optimized with the Yoast SEO plugin v27.3 - https:\/\/yoast.com\/product\/yoast-seo-wordpress\/ -->\n<title>Luikgreep Nikkel rechthoekig infrees 85x43mm<\/title>\n<meta name=\"description\" content=\"Luikgreep Nikkel geborsteld rechthoekig infrees 85x43mm\u00a0heeft een geborstelde nikkel afwerking. Is langwerpig van vorm en ook het handvat is rechthoekig.\" \/>\n<meta name=\"robots\" content=\"index, follow, max-snippet:-1, max-image-preview:large, max-video-preview:-1\" \/>\n<link rel=\"canonical\" href=\"https:\/\/partsandpieces.nl\/de\/produkt\/lukengriff-nickel-geburstet-rechteckige-frasung-85x43mm\/\" \/>\n<meta property=\"og:locale\" content=\"de_DE\" \/>\n<meta property=\"og:type\" content=\"article\" \/>\n<meta property=\"og:title\" content=\"Luikgreep Nikkel rechthoekig infrees 85x43mm\" \/>\n<meta property=\"og:description\" content=\"Luikgreep Nikkel geborsteld rechthoekig infrees 85x43mm\u00a0heeft een geborstelde nikkel afwerking. Is langwerpig van vorm en ook het handvat is rechthoekig.\" \/>\n<meta property=\"og:url\" content=\"https:\/\/partsandpieces.nl\/de\/produkt\/lukengriff-nickel-geburstet-rechteckige-frasung-85x43mm\/\" \/>\n<meta property=\"og:site_name\" content=\"Parts &amp; Pieces\" \/>\n<meta property=\"article:modified_time\" content=\"2026-01-22T13:41:10+00:00\" \/>\n<meta property=\"og:image\" content=\"https:\/\/partsandpieces.nl\/wp-content\/uploads\/2020\/07\/Luikgreep-Nikkel-geborsteld-rechthoekig-infrees-85x43mm.jpg\" \/>\n\t<meta property=\"og:image:width\" content=\"426\" \/>\n\t<meta property=\"og:image:height\" content=\"427\" \/>\n\t<meta property=\"og:image:type\" content=\"image\/jpeg\" \/>\n<meta name=\"twitter:card\" content=\"summary_large_image\" \/>\n<meta name=\"twitter:label1\" content=\"Gesch\u00e4tzte Lesezeit\" \/>\n\t<meta name=\"twitter:data1\" content=\"1\u00a0Minute\" \/>\n<script type=\"application\/ld+json\" class=\"yoast-schema-graph\">{\"@context\":\"https:\\\/\\\/schema.org\",\"@graph\":[{\"@type\":\"WebPage\",\"@id\":\"https:\\\/\\\/partsandpieces.nl\\\/product\\\/luikgreep-nikkel-geborsteld-rechthoekig-infrees-85x43mm\\\/\",\"url\":\"https:\\\/\\\/partsandpieces.nl\\\/product\\\/luikgreep-nikkel-geborsteld-rechthoekig-infrees-85x43mm\\\/\",\"name\":\"Luikgreep Nikkel rechthoekig infrees 85x43mm\",\"isPartOf\":{\"@id\":\"https:\\\/\\\/partsandpieces.nl\\\/#website\"},\"primaryImageOfPage\":{\"@id\":\"https:\\\/\\\/partsandpieces.nl\\\/product\\\/luikgreep-nikkel-geborsteld-rechthoekig-infrees-85x43mm\\\/#primaryimage\"},\"image\":{\"@id\":\"https:\\\/\\\/partsandpieces.nl\\\/product\\\/luikgreep-nikkel-geborsteld-rechthoekig-infrees-85x43mm\\\/#primaryimage\"},\"thumbnailUrl\":\"https:\\\/\\\/partsandpieces.nl\\\/wp-content\\\/uploads\\\/2020\\\/07\\\/Luikgreep-Nikkel-geborsteld-rechthoekig-infrees-85x43mm.jpg\",\"datePublished\":\"2020-07-22T12:09:03+00:00\",\"dateModified\":\"2026-01-22T13:41:10+00:00\",\"description\":\"Luikgreep Nikkel geborsteld rechthoekig infrees 85x43mm\u00a0heeft een geborstelde nikkel afwerking. Is langwerpig van vorm en ook het handvat is rechthoekig.\",\"breadcrumb\":{\"@id\":\"https:\\\/\\\/partsandpieces.nl\\\/product\\\/luikgreep-nikkel-geborsteld-rechthoekig-infrees-85x43mm\\\/#breadcrumb\"},\"inLanguage\":\"de\",\"potentialAction\":[{\"@type\":\"ReadAction\",\"target\":[\"https:\\\/\\\/partsandpieces.nl\\\/product\\\/luikgreep-nikkel-geborsteld-rechthoekig-infrees-85x43mm\\\/\"]}]},{\"@type\":\"ImageObject\",\"inLanguage\":\"de\",\"@id\":\"https:\\\/\\\/partsandpieces.nl\\\/product\\\/luikgreep-nikkel-geborsteld-rechthoekig-infrees-85x43mm\\\/#primaryimage\",\"url\":\"https:\\\/\\\/partsandpieces.nl\\\/wp-content\\\/uploads\\\/2020\\\/07\\\/Luikgreep-Nikkel-geborsteld-rechthoekig-infrees-85x43mm.jpg\",\"contentUrl\":\"https:\\\/\\\/partsandpieces.nl\\\/wp-content\\\/uploads\\\/2020\\\/07\\\/Luikgreep-Nikkel-geborsteld-rechthoekig-infrees-85x43mm.jpg\",\"width\":426,\"height\":427,\"caption\":\"Luikgreep Nikkel geborsteld rechthoekig infrees 85x43mm\"},{\"@type\":\"BreadcrumbList\",\"@id\":\"https:\\\/\\\/partsandpieces.nl\\\/product\\\/luikgreep-nikkel-geborsteld-rechthoekig-infrees-85x43mm\\\/#breadcrumb\",\"itemListElement\":[{\"@type\":\"ListItem\",\"position\":1,\"name\":\"Home\",\"item\":\"https:\\\/\\\/partsandpieces.nl\\\/home\\\/\"},{\"@type\":\"ListItem\",\"position\":2,\"name\":\"Winkel\",\"item\":\"https:\\\/\\\/partsandpieces.nl\\\/winkel\\\/\"},{\"@type\":\"ListItem\",\"position\":3,\"name\":\"Luikgreep Nikkel geborsteld rechthoekig infrees 85x43mm\"}]},{\"@type\":\"WebSite\",\"@id\":\"https:\\\/\\\/partsandpieces.nl\\\/#website\",\"url\":\"https:\\\/\\\/partsandpieces.nl\\\/\",\"name\":\"Parts &amp; Pieces\",\"description\":\"Alles voor uw meubelrestauratie en -onderhoud!\",\"potentialAction\":[{\"@type\":\"SearchAction\",\"target\":{\"@type\":\"EntryPoint\",\"urlTemplate\":\"https:\\\/\\\/partsandpieces.nl\\\/?s={search_term_string}\"},\"query-input\":{\"@type\":\"PropertyValueSpecification\",\"valueRequired\":true,\"valueName\":\"search_term_string\"}}],\"inLanguage\":\"de\"}]}<\/script>\n<!-- \/ Yoast SEO plugin. -->","yoast_head_json":{"title":"Lukengriff Nickel rechteckiger Fr\u00e4ser 85x43mm","description":"Der rechteckige Fr\u00e4ser aus geb\u00fcrstetem Nickel mit den Abmessungen 85 x 43 mm hat eine Oberfl\u00e4che aus geb\u00fcrstetem Nickel. Es hat eine l\u00e4ngliche Form und der Griff ist ebenfalls rechteckig.","robots":{"index":"index","follow":"follow","max-snippet":"max-snippet:-1","max-image-preview":"max-image-preview:large","max-video-preview":"max-video-preview:-1"},"canonical":"https:\/\/partsandpieces.nl\/de\/produkt\/lukengriff-nickel-geburstet-rechteckige-frasung-85x43mm\/","og_locale":"de_DE","og_type":"article","og_title":"Luikgreep Nikkel rechthoekig infrees 85x43mm","og_description":"Luikgreep Nikkel geborsteld rechthoekig infrees 85x43mm\u00a0heeft een geborstelde nikkel afwerking. Is langwerpig van vorm en ook het handvat is rechthoekig.","og_url":"https:\/\/partsandpieces.nl\/de\/produkt\/lukengriff-nickel-geburstet-rechteckige-frasung-85x43mm\/","og_site_name":"Parts &amp; Pieces","article_modified_time":"2026-01-22T13:41:10+00:00","og_image":[{"width":426,"height":427,"url":"https:\/\/partsandpieces.nl\/wp-content\/uploads\/2020\/07\/Luikgreep-Nikkel-geborsteld-rechthoekig-infrees-85x43mm.jpg","type":"image\/jpeg"}],"twitter_card":"summary_large_image","twitter_misc":{"Gesch\u00e4tzte Lesezeit":"1\u00a0Minute"},"schema":{"@context":"https:\/\/schema.org","@graph":[{"@type":"WebPage","@id":"https:\/\/partsandpieces.nl\/product\/luikgreep-nikkel-geborsteld-rechthoekig-infrees-85x43mm\/","url":"https:\/\/partsandpieces.nl\/product\/luikgreep-nikkel-geborsteld-rechthoekig-infrees-85x43mm\/","name":"Lukengriff Nickel rechteckiger Fr\u00e4ser 85x43mm","isPartOf":{"@id":"https:\/\/partsandpieces.nl\/#website"},"primaryImageOfPage":{"@id":"https:\/\/partsandpieces.nl\/product\/luikgreep-nikkel-geborsteld-rechthoekig-infrees-85x43mm\/#primaryimage"},"image":{"@id":"https:\/\/partsandpieces.nl\/product\/luikgreep-nikkel-geborsteld-rechthoekig-infrees-85x43mm\/#primaryimage"},"thumbnailUrl":"https:\/\/partsandpieces.nl\/wp-content\/uploads\/2020\/07\/Luikgreep-Nikkel-geborsteld-rechthoekig-infrees-85x43mm.jpg","datePublished":"2020-07-22T12:09:03+00:00","dateModified":"2026-01-22T13:41:10+00:00","description":"Der rechteckige Fr\u00e4ser aus geb\u00fcrstetem Nickel mit den Abmessungen 85 x 43 mm hat eine Oberfl\u00e4che aus geb\u00fcrstetem Nickel. Es hat eine l\u00e4ngliche Form und der Griff ist ebenfalls rechteckig.","breadcrumb":{"@id":"https:\/\/partsandpieces.nl\/product\/luikgreep-nikkel-geborsteld-rechthoekig-infrees-85x43mm\/#breadcrumb"},"inLanguage":"de","potentialAction":[{"@type":"ReadAction","target":["https:\/\/partsandpieces.nl\/product\/luikgreep-nikkel-geborsteld-rechthoekig-infrees-85x43mm\/"]}]},{"@type":"ImageObject","inLanguage":"de","@id":"https:\/\/partsandpieces.nl\/product\/luikgreep-nikkel-geborsteld-rechthoekig-infrees-85x43mm\/#primaryimage","url":"https:\/\/partsandpieces.nl\/wp-content\/uploads\/2020\/07\/Luikgreep-Nikkel-geborsteld-rechthoekig-infrees-85x43mm.jpg","contentUrl":"https:\/\/partsandpieces.nl\/wp-content\/uploads\/2020\/07\/Luikgreep-Nikkel-geborsteld-rechthoekig-infrees-85x43mm.jpg","width":426,"height":427,"caption":"Luikgreep Nikkel geborsteld rechthoekig infrees 85x43mm"},{"@type":"BreadcrumbList","@id":"https:\/\/partsandpieces.nl\/product\/luikgreep-nikkel-geborsteld-rechthoekig-infrees-85x43mm\/#breadcrumb","itemListElement":[{"@type":"ListItem","position":1,"name":"Home","item":"https:\/\/partsandpieces.nl\/home\/"},{"@type":"ListItem","position":2,"name":"Winkel","item":"https:\/\/partsandpieces.nl\/winkel\/"},{"@type":"ListItem","position":3,"name":"Luikgreep Nikkel geborsteld rechthoekig infrees 85x43mm"}]},{"@type":"WebSite","@id":"https:\/\/partsandpieces.nl\/#website","url":"https:\/\/partsandpieces.nl\/","name":"Teile &amp; St\u00fccke","description":"Alles f\u00fcr Ihre M\u00f6belrestaurierung und -pflege!","potentialAction":[{"@type":"SearchAction","target":{"@type":"EntryPoint","urlTemplate":"https:\/\/partsandpieces.nl\/?s={search_term_string}"},"query-input":{"@type":"PropertyValueSpecification","valueRequired":true,"valueName":"search_term_string"}}],"inLanguage":"de"}]}},"_links":{"self":[{"href":"https:\/\/partsandpieces.nl\/de\/wp-json\/wp\/v2\/product\/819","targetHints":{"allow":["GET"]}}],"collection":[{"href":"https:\/\/partsandpieces.nl\/de\/wp-json\/wp\/v2\/product"}],"about":[{"href":"https:\/\/partsandpieces.nl\/de\/wp-json\/wp\/v2\/types\/product"}],"wp:featuredmedia":[{"embeddable":true,"href":"https:\/\/partsandpieces.nl\/de\/wp-json\/wp\/v2\/media\/8062"}],"wp:attachment":[{"href":"https:\/\/partsandpieces.nl\/de\/wp-json\/wp\/v2\/media?parent=819"}],"wp:term":[{"taxonomy":"product_brand","embeddable":true,"href":"https:\/\/partsandpieces.nl\/de\/wp-json\/wp\/v2\/product_brand?post=819"},{"taxonomy":"product_cat","embeddable":true,"href":"https:\/\/partsandpieces.nl\/de\/wp-json\/wp\/v2\/product_cat?post=819"},{"taxonomy":"product_tag","embeddable":true,"href":"https:\/\/partsandpieces.nl\/de\/wp-json\/wp\/v2\/product_tag?post=819"}],"curies":[{"name":"wp","href":"https:\/\/api.w.org\/{rel}","templated":true}]}}