{"id":821,"date":"2020-07-22T12:18:03","date_gmt":"2020-07-22T12:18:03","guid":{"rendered":"https:\/\/partsandpieces.bonsaidev.nl\/?product=ladegreep-invallend-87x44x5mm"},"modified":"2026-03-16T19:00:13","modified_gmt":"2026-03-16T18:00:13","slug":"lukengriff-nickel-geburstet-rechteckig-85x43mm","status":"publish","type":"product","link":"https:\/\/partsandpieces.nl\/de\/product\/luikgreep-nikkel-geborsteld-rechthoekig-85x43mm\/","title":{"rendered":"Lukengriff Nickel geb\u00fcrstet, rechteckig, 85 x 43 mm"},"content":{"rendered":"<p><strong>Lukengriff Nickel geb\u00fcrstet, rechteckig, 85 x 43 mm<\/strong> ist ein stabiler Griff mit geb\u00fcrstetem Nickel-Finish. Dieser Lukengriff hat eine l\u00e4ngliche Form und der Griff ist ebenfalls rechteckig.<\/p>\n<p><strong>Ma\u00dfe<br \/>\n<\/strong>Lukengriff Nickel geb\u00fcrstet, rechteckig, 85 x 43 mm, hat eine Breite von 85 mm und eine H\u00f6he von 43 mm. Nach der Montage steht der Griff 6mm \u00fcber.<\/p>\n<p><strong>Bearbeiten<br \/>\n<\/strong>Sie montieren den Griff mit 3 konischen Schrauben. Ich liefere diese Schrauben nicht.<\/p>","protected":false},"excerpt":{"rendered":"<p>Luikgreep Nikkel geborsteld rechthoekig 85x43mm is een stoere greep met een geborstelde nikkel afwerking. Deze luikgreep is langwerpig van vorm en ook het handvat is rechthoekig. Afmetingen Luikgreep Nikkel geborsteld rechthoekig 85x43mm heeft een breedte van 85mm en een hoogte van 43mm. Na montage steekt de greep 6mm uit. Montage De greep monteer je met [&hellip;]<\/p>\n","protected":false},"featured_media":8025,"template":"","meta":{"_acf_changed":false},"product_brand":[],"product_cat":[146,23],"product_tag":[],"class_list":{"0":"post-821","1":"product","2":"type-product","3":"status-publish","4":"has-post-thumbnail","6":"product_cat-infreesgrepen","7":"product_cat-meubelbeslag","9":"first","10":"instock","11":"taxable","12":"shipping-taxable","13":"purchasable","14":"product-type-simple"},"acf":[],"yoast_head":"<!-- This site is optimized with the Yoast SEO plugin v27.3 - https:\/\/yoast.com\/product\/yoast-seo-wordpress\/ -->\n<title>Luikgreep Nikkel rechthoekig 85x43mm<\/title>\n<meta name=\"description\" content=\"Luikgreep Nikkel geborsteld rechthoekig 85x43mm is een stoere greep met een geborstelde nikkel afwerking. Ook het handvat is rechthoekig.\" \/>\n<meta name=\"robots\" content=\"index, follow, max-snippet:-1, max-image-preview:large, max-video-preview:-1\" \/>\n<link rel=\"canonical\" href=\"https:\/\/partsandpieces.nl\/de\/produkt\/lukengriff-nickel-geburstet-rechteckig-85x43mm\/\" \/>\n<meta property=\"og:locale\" content=\"de_DE\" \/>\n<meta property=\"og:type\" content=\"article\" \/>\n<meta property=\"og:title\" content=\"Luikgreep Nikkel rechthoekig 85x43mm\" \/>\n<meta property=\"og:description\" content=\"Luikgreep Nikkel geborsteld rechthoekig 85x43mm is een stoere greep met een geborstelde nikkel afwerking. Ook het handvat is rechthoekig.\" \/>\n<meta property=\"og:url\" content=\"https:\/\/partsandpieces.nl\/de\/produkt\/lukengriff-nickel-geburstet-rechteckig-85x43mm\/\" \/>\n<meta property=\"og:site_name\" content=\"Parts &amp; Pieces\" \/>\n<meta property=\"article:modified_time\" content=\"2026-03-16T18:00:13+00:00\" \/>\n<meta property=\"og:image\" content=\"https:\/\/partsandpieces.nl\/wp-content\/uploads\/2020\/07\/Luikgreep-Nikkel-geborsteld-rechthoekig-85x43mm.jpg\" \/>\n\t<meta property=\"og:image:width\" content=\"413\" \/>\n\t<meta property=\"og:image:height\" content=\"414\" \/>\n\t<meta property=\"og:image:type\" content=\"image\/jpeg\" \/>\n<meta name=\"twitter:card\" content=\"summary_large_image\" \/>\n<meta name=\"twitter:label1\" content=\"Gesch\u00e4tzte Lesezeit\" \/>\n\t<meta name=\"twitter:data1\" content=\"1\u00a0Minute\" \/>\n<script type=\"application\/ld+json\" class=\"yoast-schema-graph\">{\"@context\":\"https:\\\/\\\/schema.org\",\"@graph\":[{\"@type\":\"WebPage\",\"@id\":\"https:\\\/\\\/partsandpieces.nl\\\/product\\\/luikgreep-nikkel-geborsteld-rechthoekig-85x43mm\\\/\",\"url\":\"https:\\\/\\\/partsandpieces.nl\\\/product\\\/luikgreep-nikkel-geborsteld-rechthoekig-85x43mm\\\/\",\"name\":\"Luikgreep Nikkel rechthoekig 85x43mm\",\"isPartOf\":{\"@id\":\"https:\\\/\\\/partsandpieces.nl\\\/#website\"},\"primaryImageOfPage\":{\"@id\":\"https:\\\/\\\/partsandpieces.nl\\\/product\\\/luikgreep-nikkel-geborsteld-rechthoekig-85x43mm\\\/#primaryimage\"},\"image\":{\"@id\":\"https:\\\/\\\/partsandpieces.nl\\\/product\\\/luikgreep-nikkel-geborsteld-rechthoekig-85x43mm\\\/#primaryimage\"},\"thumbnailUrl\":\"https:\\\/\\\/partsandpieces.nl\\\/wp-content\\\/uploads\\\/2020\\\/07\\\/Luikgreep-Nikkel-geborsteld-rechthoekig-85x43mm.jpg\",\"datePublished\":\"2020-07-22T12:18:03+00:00\",\"dateModified\":\"2026-03-16T18:00:13+00:00\",\"description\":\"Luikgreep Nikkel geborsteld rechthoekig 85x43mm is een stoere greep met een geborstelde nikkel afwerking. Ook het handvat is rechthoekig.\",\"breadcrumb\":{\"@id\":\"https:\\\/\\\/partsandpieces.nl\\\/product\\\/luikgreep-nikkel-geborsteld-rechthoekig-85x43mm\\\/#breadcrumb\"},\"inLanguage\":\"de\",\"potentialAction\":[{\"@type\":\"ReadAction\",\"target\":[\"https:\\\/\\\/partsandpieces.nl\\\/product\\\/luikgreep-nikkel-geborsteld-rechthoekig-85x43mm\\\/\"]}]},{\"@type\":\"ImageObject\",\"inLanguage\":\"de\",\"@id\":\"https:\\\/\\\/partsandpieces.nl\\\/product\\\/luikgreep-nikkel-geborsteld-rechthoekig-85x43mm\\\/#primaryimage\",\"url\":\"https:\\\/\\\/partsandpieces.nl\\\/wp-content\\\/uploads\\\/2020\\\/07\\\/Luikgreep-Nikkel-geborsteld-rechthoekig-85x43mm.jpg\",\"contentUrl\":\"https:\\\/\\\/partsandpieces.nl\\\/wp-content\\\/uploads\\\/2020\\\/07\\\/Luikgreep-Nikkel-geborsteld-rechthoekig-85x43mm.jpg\",\"width\":413,\"height\":414,\"caption\":\"Luikgreep Nikkel geborsteld rechthoekig 85x43mm\"},{\"@type\":\"BreadcrumbList\",\"@id\":\"https:\\\/\\\/partsandpieces.nl\\\/product\\\/luikgreep-nikkel-geborsteld-rechthoekig-85x43mm\\\/#breadcrumb\",\"itemListElement\":[{\"@type\":\"ListItem\",\"position\":1,\"name\":\"Home\",\"item\":\"https:\\\/\\\/partsandpieces.nl\\\/home\\\/\"},{\"@type\":\"ListItem\",\"position\":2,\"name\":\"Winkel\",\"item\":\"https:\\\/\\\/partsandpieces.nl\\\/winkel\\\/\"},{\"@type\":\"ListItem\",\"position\":3,\"name\":\"Luikgreep Nikkel geborsteld rechthoekig 85x43mm\"}]},{\"@type\":\"WebSite\",\"@id\":\"https:\\\/\\\/partsandpieces.nl\\\/#website\",\"url\":\"https:\\\/\\\/partsandpieces.nl\\\/\",\"name\":\"Parts &amp; Pieces\",\"description\":\"Alles voor uw meubelrestauratie en -onderhoud!\",\"potentialAction\":[{\"@type\":\"SearchAction\",\"target\":{\"@type\":\"EntryPoint\",\"urlTemplate\":\"https:\\\/\\\/partsandpieces.nl\\\/?s={search_term_string}\"},\"query-input\":{\"@type\":\"PropertyValueSpecification\",\"valueRequired\":true,\"valueName\":\"search_term_string\"}}],\"inLanguage\":\"de\"}]}<\/script>\n<!-- \/ Yoast SEO plugin. -->","yoast_head_json":{"title":"Lukengriff Nickel rechteckig 85x43mm","description":"Der Lukengriff Nickel geb\u00fcrstet rechteckig 85 x 43 mm ist ein stabiler Griff mit einer Oberfl\u00e4che aus geb\u00fcrstetem Nickel. Der Griff ist ebenfalls rechteckig.","robots":{"index":"index","follow":"follow","max-snippet":"max-snippet:-1","max-image-preview":"max-image-preview:large","max-video-preview":"max-video-preview:-1"},"canonical":"https:\/\/partsandpieces.nl\/de\/produkt\/lukengriff-nickel-geburstet-rechteckig-85x43mm\/","og_locale":"de_DE","og_type":"article","og_title":"Luikgreep Nikkel rechthoekig 85x43mm","og_description":"Luikgreep Nikkel geborsteld rechthoekig 85x43mm is een stoere greep met een geborstelde nikkel afwerking. Ook het handvat is rechthoekig.","og_url":"https:\/\/partsandpieces.nl\/de\/produkt\/lukengriff-nickel-geburstet-rechteckig-85x43mm\/","og_site_name":"Parts &amp; Pieces","article_modified_time":"2026-03-16T18:00:13+00:00","og_image":[{"width":413,"height":414,"url":"https:\/\/partsandpieces.nl\/wp-content\/uploads\/2020\/07\/Luikgreep-Nikkel-geborsteld-rechthoekig-85x43mm.jpg","type":"image\/jpeg"}],"twitter_card":"summary_large_image","twitter_misc":{"Gesch\u00e4tzte Lesezeit":"1\u00a0Minute"},"schema":{"@context":"https:\/\/schema.org","@graph":[{"@type":"WebPage","@id":"https:\/\/partsandpieces.nl\/product\/luikgreep-nikkel-geborsteld-rechthoekig-85x43mm\/","url":"https:\/\/partsandpieces.nl\/product\/luikgreep-nikkel-geborsteld-rechthoekig-85x43mm\/","name":"Lukengriff Nickel rechteckig 85x43mm","isPartOf":{"@id":"https:\/\/partsandpieces.nl\/#website"},"primaryImageOfPage":{"@id":"https:\/\/partsandpieces.nl\/product\/luikgreep-nikkel-geborsteld-rechthoekig-85x43mm\/#primaryimage"},"image":{"@id":"https:\/\/partsandpieces.nl\/product\/luikgreep-nikkel-geborsteld-rechthoekig-85x43mm\/#primaryimage"},"thumbnailUrl":"https:\/\/partsandpieces.nl\/wp-content\/uploads\/2020\/07\/Luikgreep-Nikkel-geborsteld-rechthoekig-85x43mm.jpg","datePublished":"2020-07-22T12:18:03+00:00","dateModified":"2026-03-16T18:00:13+00:00","description":"Der Lukengriff Nickel geb\u00fcrstet rechteckig 85 x 43 mm ist ein stabiler Griff mit einer Oberfl\u00e4che aus geb\u00fcrstetem Nickel. Der Griff ist ebenfalls rechteckig.","breadcrumb":{"@id":"https:\/\/partsandpieces.nl\/product\/luikgreep-nikkel-geborsteld-rechthoekig-85x43mm\/#breadcrumb"},"inLanguage":"de","potentialAction":[{"@type":"ReadAction","target":["https:\/\/partsandpieces.nl\/product\/luikgreep-nikkel-geborsteld-rechthoekig-85x43mm\/"]}]},{"@type":"ImageObject","inLanguage":"de","@id":"https:\/\/partsandpieces.nl\/product\/luikgreep-nikkel-geborsteld-rechthoekig-85x43mm\/#primaryimage","url":"https:\/\/partsandpieces.nl\/wp-content\/uploads\/2020\/07\/Luikgreep-Nikkel-geborsteld-rechthoekig-85x43mm.jpg","contentUrl":"https:\/\/partsandpieces.nl\/wp-content\/uploads\/2020\/07\/Luikgreep-Nikkel-geborsteld-rechthoekig-85x43mm.jpg","width":413,"height":414,"caption":"Luikgreep Nikkel geborsteld rechthoekig 85x43mm"},{"@type":"BreadcrumbList","@id":"https:\/\/partsandpieces.nl\/product\/luikgreep-nikkel-geborsteld-rechthoekig-85x43mm\/#breadcrumb","itemListElement":[{"@type":"ListItem","position":1,"name":"Home","item":"https:\/\/partsandpieces.nl\/home\/"},{"@type":"ListItem","position":2,"name":"Winkel","item":"https:\/\/partsandpieces.nl\/winkel\/"},{"@type":"ListItem","position":3,"name":"Luikgreep Nikkel geborsteld rechthoekig 85x43mm"}]},{"@type":"WebSite","@id":"https:\/\/partsandpieces.nl\/#website","url":"https:\/\/partsandpieces.nl\/","name":"Teile &amp; St\u00fccke","description":"Alles f\u00fcr Ihre M\u00f6belrestaurierung und -pflege!","potentialAction":[{"@type":"SearchAction","target":{"@type":"EntryPoint","urlTemplate":"https:\/\/partsandpieces.nl\/?s={search_term_string}"},"query-input":{"@type":"PropertyValueSpecification","valueRequired":true,"valueName":"search_term_string"}}],"inLanguage":"de"}]}},"_links":{"self":[{"href":"https:\/\/partsandpieces.nl\/de\/wp-json\/wp\/v2\/product\/821","targetHints":{"allow":["GET"]}}],"collection":[{"href":"https:\/\/partsandpieces.nl\/de\/wp-json\/wp\/v2\/product"}],"about":[{"href":"https:\/\/partsandpieces.nl\/de\/wp-json\/wp\/v2\/types\/product"}],"wp:featuredmedia":[{"embeddable":true,"href":"https:\/\/partsandpieces.nl\/de\/wp-json\/wp\/v2\/media\/8025"}],"wp:attachment":[{"href":"https:\/\/partsandpieces.nl\/de\/wp-json\/wp\/v2\/media?parent=821"}],"wp:term":[{"taxonomy":"product_brand","embeddable":true,"href":"https:\/\/partsandpieces.nl\/de\/wp-json\/wp\/v2\/product_brand?post=821"},{"taxonomy":"product_cat","embeddable":true,"href":"https:\/\/partsandpieces.nl\/de\/wp-json\/wp\/v2\/product_cat?post=821"},{"taxonomy":"product_tag","embeddable":true,"href":"https:\/\/partsandpieces.nl\/de\/wp-json\/wp\/v2\/product_tag?post=821"}],"curies":[{"name":"wp","href":"https:\/\/api.w.org\/{rel}","templated":true}]}}