{"id":8231,"date":"2024-02-23T13:51:47","date_gmt":"2024-02-23T12:51:47","guid":{"rendered":"https:\/\/partsandpieces.nl\/?post_type=product&#038;p=8231"},"modified":"2025-10-02T15:28:11","modified_gmt":"2025-10-02T13:28:11","slug":"fensterbaum-nickel-mit-schwarzem-griff-und-anschlag-rechts","status":"publish","type":"product","link":"https:\/\/partsandpieces.nl\/de\/product\/raamboom-nikkel-met-zwart-heft-en-aanslag-rechts\/","title":{"rendered":"Fensterbaum Nickel mit schwarzem Griff und Anschlag rechts"},"content":{"rendered":"<p><strong>Fensterbaum Nickel mit schwarzem Griff und Anschlag rechts <\/strong>ist ein klassischer Fensterverschluss bzw. Fensterbaum. Der Fensterverschluss besteht aus Metall mit nickelfarbener Oberfl\u00e4che. Dieser Fensterladen passt gut in ein klassisches Interieur. Dieses Modell ist f\u00fcr Fenster gedacht, die nach rechts \u00f6ffnen. Ich habe dieses Modell auch in einer Linksh\u00e4nder-Variante im Sortiment.<\/p>\n<p><strong>Ma\u00dfe<br \/>\n<\/strong>Fensterbaum aus Nickel mit schwarzem Griff und Anschlag. Der rechte hat einen 110 mm langen Griff. Das Schlie\u00dfblech ist 58x18mm gro\u00df und hat eine ovale Form. Die Lippe des Verschlusses steht etwa 15 mm hervor. Die Anschlagplatte ist 58x18mm gro\u00df und 26mm tief.<\/p>\n<p><strong>Bearbeiten<br \/>\n<\/strong>Sie montieren diesen Fensterverschluss mit 4 konischen Schrauben. Ich werde dies f\u00fcr Sie liefern.<\/p>","protected":false},"excerpt":{"rendered":"<p>Raamboom Nikkel met zwart heft en aanslag Rechts is een klassieke raamsluiting of raamboom. De raamsluiting is gemaakt van metaal met een nikkel kleurige finish. Deze sluiter past goed in een klassiek interieur. Dit model is bedoeld voor naar rechts draaiende ramen. Ik heb dit model ook in een links draaiende variant in het assortiment. [&hellip;]<\/p>\n","protected":false},"featured_media":8232,"template":"","meta":{"_acf_changed":false},"product_brand":[],"product_cat":[58,62],"product_tag":[],"class_list":{"0":"post-8231","1":"product","2":"type-product","3":"status-publish","4":"has-post-thumbnail","6":"product_cat-deurbeslag","7":"product_cat-raamgrepen-en-sluiters","9":"first","10":"instock","11":"taxable","12":"shipping-taxable","13":"purchasable","14":"product-type-simple"},"acf":[],"yoast_head":"<!-- This site is optimized with the Yoast SEO plugin v27.3 - https:\/\/yoast.com\/product\/yoast-seo-wordpress\/ -->\n<title>Raamboom Nikkel Rechts met zwart heft en aanslag<\/title>\n<meta name=\"description\" content=\"Raamboom Nikkel met zwart heft en aanslag Rechts is een klassieke raamsluiting of raamboom. Deze sluiter past goed in een klassiek interieur.\" \/>\n<meta name=\"robots\" content=\"index, follow, max-snippet:-1, max-image-preview:large, max-video-preview:-1\" \/>\n<link rel=\"canonical\" href=\"https:\/\/partsandpieces.nl\/de\/produkt\/fensterbaum-nickel-mit-schwarzem-griff-und-anschlag-rechts\/\" \/>\n<meta property=\"og:locale\" content=\"de_DE\" \/>\n<meta property=\"og:type\" content=\"article\" \/>\n<meta property=\"og:title\" content=\"Raamboom Nikkel Rechts met zwart heft en aanslag\" \/>\n<meta property=\"og:description\" content=\"Raamboom Nikkel met zwart heft en aanslag Rechts is een klassieke raamsluiting of raamboom. Deze sluiter past goed in een klassiek interieur.\" \/>\n<meta property=\"og:url\" content=\"https:\/\/partsandpieces.nl\/de\/produkt\/fensterbaum-nickel-mit-schwarzem-griff-und-anschlag-rechts\/\" \/>\n<meta property=\"og:site_name\" content=\"Parts &amp; Pieces\" \/>\n<meta property=\"article:modified_time\" content=\"2025-10-02T13:28:11+00:00\" \/>\n<meta property=\"og:image\" content=\"https:\/\/partsandpieces.nl\/wp-content\/uploads\/2024\/02\/Raamboom-Nikkel-met-zwart-heft-en-aanslag-Rechts.jpg\" \/>\n\t<meta property=\"og:image:width\" content=\"386\" \/>\n\t<meta property=\"og:image:height\" content=\"384\" \/>\n\t<meta property=\"og:image:type\" content=\"image\/jpeg\" \/>\n<meta name=\"twitter:card\" content=\"summary_large_image\" \/>\n<meta name=\"twitter:label1\" content=\"Gesch\u00e4tzte Lesezeit\" \/>\n\t<meta name=\"twitter:data1\" content=\"1\u00a0Minute\" \/>\n<script type=\"application\/ld+json\" class=\"yoast-schema-graph\">{\"@context\":\"https:\\\/\\\/schema.org\",\"@graph\":[{\"@type\":\"WebPage\",\"@id\":\"https:\\\/\\\/partsandpieces.nl\\\/product\\\/raamboom-nikkel-met-zwart-heft-en-aanslag-rechts\\\/\",\"url\":\"https:\\\/\\\/partsandpieces.nl\\\/product\\\/raamboom-nikkel-met-zwart-heft-en-aanslag-rechts\\\/\",\"name\":\"Raamboom Nikkel Rechts met zwart heft en aanslag\",\"isPartOf\":{\"@id\":\"https:\\\/\\\/partsandpieces.nl\\\/#website\"},\"primaryImageOfPage\":{\"@id\":\"https:\\\/\\\/partsandpieces.nl\\\/product\\\/raamboom-nikkel-met-zwart-heft-en-aanslag-rechts\\\/#primaryimage\"},\"image\":{\"@id\":\"https:\\\/\\\/partsandpieces.nl\\\/product\\\/raamboom-nikkel-met-zwart-heft-en-aanslag-rechts\\\/#primaryimage\"},\"thumbnailUrl\":\"https:\\\/\\\/partsandpieces.nl\\\/wp-content\\\/uploads\\\/2024\\\/02\\\/Raamboom-Nikkel-met-zwart-heft-en-aanslag-Rechts.jpg\",\"datePublished\":\"2024-02-23T12:51:47+00:00\",\"dateModified\":\"2025-10-02T13:28:11+00:00\",\"description\":\"Raamboom Nikkel met zwart heft en aanslag Rechts is een klassieke raamsluiting of raamboom. Deze sluiter past goed in een klassiek interieur.\",\"breadcrumb\":{\"@id\":\"https:\\\/\\\/partsandpieces.nl\\\/product\\\/raamboom-nikkel-met-zwart-heft-en-aanslag-rechts\\\/#breadcrumb\"},\"inLanguage\":\"de\",\"potentialAction\":[{\"@type\":\"ReadAction\",\"target\":[\"https:\\\/\\\/partsandpieces.nl\\\/product\\\/raamboom-nikkel-met-zwart-heft-en-aanslag-rechts\\\/\"]}]},{\"@type\":\"ImageObject\",\"inLanguage\":\"de\",\"@id\":\"https:\\\/\\\/partsandpieces.nl\\\/product\\\/raamboom-nikkel-met-zwart-heft-en-aanslag-rechts\\\/#primaryimage\",\"url\":\"https:\\\/\\\/partsandpieces.nl\\\/wp-content\\\/uploads\\\/2024\\\/02\\\/Raamboom-Nikkel-met-zwart-heft-en-aanslag-Rechts.jpg\",\"contentUrl\":\"https:\\\/\\\/partsandpieces.nl\\\/wp-content\\\/uploads\\\/2024\\\/02\\\/Raamboom-Nikkel-met-zwart-heft-en-aanslag-Rechts.jpg\",\"width\":386,\"height\":384,\"caption\":\"Raamboom Nikkel met zwart heft en aanslag Rechts\"},{\"@type\":\"BreadcrumbList\",\"@id\":\"https:\\\/\\\/partsandpieces.nl\\\/product\\\/raamboom-nikkel-met-zwart-heft-en-aanslag-rechts\\\/#breadcrumb\",\"itemListElement\":[{\"@type\":\"ListItem\",\"position\":1,\"name\":\"Home\",\"item\":\"https:\\\/\\\/partsandpieces.nl\\\/home\\\/\"},{\"@type\":\"ListItem\",\"position\":2,\"name\":\"Winkel\",\"item\":\"https:\\\/\\\/partsandpieces.nl\\\/winkel\\\/\"},{\"@type\":\"ListItem\",\"position\":3,\"name\":\"Raamboom Nikkel met zwart heft en aanslag Rechts\"}]},{\"@type\":\"WebSite\",\"@id\":\"https:\\\/\\\/partsandpieces.nl\\\/#website\",\"url\":\"https:\\\/\\\/partsandpieces.nl\\\/\",\"name\":\"Parts &amp; Pieces\",\"description\":\"Alles voor uw meubelrestauratie en -onderhoud!\",\"potentialAction\":[{\"@type\":\"SearchAction\",\"target\":{\"@type\":\"EntryPoint\",\"urlTemplate\":\"https:\\\/\\\/partsandpieces.nl\\\/?s={search_term_string}\"},\"query-input\":{\"@type\":\"PropertyValueSpecification\",\"valueRequired\":true,\"valueName\":\"search_term_string\"}}],\"inLanguage\":\"de\"}]}<\/script>\n<!-- \/ Yoast SEO plugin. -->","yoast_head_json":{"title":"Fensterbaum Nickel rechts mit schwarzem Griff und Anschlag","description":"Fensterbaum Nickel mit schwarzem Griff und Anschlag. Rechts ist ein klassisches Fensterschloss bzw. Fensterbaum. Dieser Fensterladen passt gut in ein klassisches Interieur.","robots":{"index":"index","follow":"follow","max-snippet":"max-snippet:-1","max-image-preview":"max-image-preview:large","max-video-preview":"max-video-preview:-1"},"canonical":"https:\/\/partsandpieces.nl\/de\/produkt\/fensterbaum-nickel-mit-schwarzem-griff-und-anschlag-rechts\/","og_locale":"de_DE","og_type":"article","og_title":"Raamboom Nikkel Rechts met zwart heft en aanslag","og_description":"Raamboom Nikkel met zwart heft en aanslag Rechts is een klassieke raamsluiting of raamboom. Deze sluiter past goed in een klassiek interieur.","og_url":"https:\/\/partsandpieces.nl\/de\/produkt\/fensterbaum-nickel-mit-schwarzem-griff-und-anschlag-rechts\/","og_site_name":"Parts &amp; Pieces","article_modified_time":"2025-10-02T13:28:11+00:00","og_image":[{"width":386,"height":384,"url":"https:\/\/partsandpieces.nl\/wp-content\/uploads\/2024\/02\/Raamboom-Nikkel-met-zwart-heft-en-aanslag-Rechts.jpg","type":"image\/jpeg"}],"twitter_card":"summary_large_image","twitter_misc":{"Gesch\u00e4tzte Lesezeit":"1\u00a0Minute"},"schema":{"@context":"https:\/\/schema.org","@graph":[{"@type":"WebPage","@id":"https:\/\/partsandpieces.nl\/product\/raamboom-nikkel-met-zwart-heft-en-aanslag-rechts\/","url":"https:\/\/partsandpieces.nl\/product\/raamboom-nikkel-met-zwart-heft-en-aanslag-rechts\/","name":"Fensterbaum Nickel rechts mit schwarzem Griff und Anschlag","isPartOf":{"@id":"https:\/\/partsandpieces.nl\/#website"},"primaryImageOfPage":{"@id":"https:\/\/partsandpieces.nl\/product\/raamboom-nikkel-met-zwart-heft-en-aanslag-rechts\/#primaryimage"},"image":{"@id":"https:\/\/partsandpieces.nl\/product\/raamboom-nikkel-met-zwart-heft-en-aanslag-rechts\/#primaryimage"},"thumbnailUrl":"https:\/\/partsandpieces.nl\/wp-content\/uploads\/2024\/02\/Raamboom-Nikkel-met-zwart-heft-en-aanslag-Rechts.jpg","datePublished":"2024-02-23T12:51:47+00:00","dateModified":"2025-10-02T13:28:11+00:00","description":"Fensterbaum Nickel mit schwarzem Griff und Anschlag. Rechts ist ein klassisches Fensterschloss bzw. Fensterbaum. Dieser Fensterladen passt gut in ein klassisches Interieur.","breadcrumb":{"@id":"https:\/\/partsandpieces.nl\/product\/raamboom-nikkel-met-zwart-heft-en-aanslag-rechts\/#breadcrumb"},"inLanguage":"de","potentialAction":[{"@type":"ReadAction","target":["https:\/\/partsandpieces.nl\/product\/raamboom-nikkel-met-zwart-heft-en-aanslag-rechts\/"]}]},{"@type":"ImageObject","inLanguage":"de","@id":"https:\/\/partsandpieces.nl\/product\/raamboom-nikkel-met-zwart-heft-en-aanslag-rechts\/#primaryimage","url":"https:\/\/partsandpieces.nl\/wp-content\/uploads\/2024\/02\/Raamboom-Nikkel-met-zwart-heft-en-aanslag-Rechts.jpg","contentUrl":"https:\/\/partsandpieces.nl\/wp-content\/uploads\/2024\/02\/Raamboom-Nikkel-met-zwart-heft-en-aanslag-Rechts.jpg","width":386,"height":384,"caption":"Raamboom Nikkel met zwart heft en aanslag Rechts"},{"@type":"BreadcrumbList","@id":"https:\/\/partsandpieces.nl\/product\/raamboom-nikkel-met-zwart-heft-en-aanslag-rechts\/#breadcrumb","itemListElement":[{"@type":"ListItem","position":1,"name":"Home","item":"https:\/\/partsandpieces.nl\/home\/"},{"@type":"ListItem","position":2,"name":"Winkel","item":"https:\/\/partsandpieces.nl\/winkel\/"},{"@type":"ListItem","position":3,"name":"Raamboom Nikkel met zwart heft en aanslag Rechts"}]},{"@type":"WebSite","@id":"https:\/\/partsandpieces.nl\/#website","url":"https:\/\/partsandpieces.nl\/","name":"Teile &amp; St\u00fccke","description":"Alles f\u00fcr Ihre M\u00f6belrestaurierung und -pflege!","potentialAction":[{"@type":"SearchAction","target":{"@type":"EntryPoint","urlTemplate":"https:\/\/partsandpieces.nl\/?s={search_term_string}"},"query-input":{"@type":"PropertyValueSpecification","valueRequired":true,"valueName":"search_term_string"}}],"inLanguage":"de"}]}},"_links":{"self":[{"href":"https:\/\/partsandpieces.nl\/de\/wp-json\/wp\/v2\/product\/8231","targetHints":{"allow":["GET"]}}],"collection":[{"href":"https:\/\/partsandpieces.nl\/de\/wp-json\/wp\/v2\/product"}],"about":[{"href":"https:\/\/partsandpieces.nl\/de\/wp-json\/wp\/v2\/types\/product"}],"wp:featuredmedia":[{"embeddable":true,"href":"https:\/\/partsandpieces.nl\/de\/wp-json\/wp\/v2\/media\/8232"}],"wp:attachment":[{"href":"https:\/\/partsandpieces.nl\/de\/wp-json\/wp\/v2\/media?parent=8231"}],"wp:term":[{"taxonomy":"product_brand","embeddable":true,"href":"https:\/\/partsandpieces.nl\/de\/wp-json\/wp\/v2\/product_brand?post=8231"},{"taxonomy":"product_cat","embeddable":true,"href":"https:\/\/partsandpieces.nl\/de\/wp-json\/wp\/v2\/product_cat?post=8231"},{"taxonomy":"product_tag","embeddable":true,"href":"https:\/\/partsandpieces.nl\/de\/wp-json\/wp\/v2\/product_tag?post=8231"}],"curies":[{"name":"wp","href":"https:\/\/api.w.org\/{rel}","templated":true}]}}