{"id":8292,"date":"2024-03-07T14:28:25","date_gmt":"2024-03-07T13:28:25","guid":{"rendered":"https:\/\/partsandpieces.nl\/?post_type=product&#038;p=8292"},"modified":"2026-03-24T22:30:28","modified_gmt":"2026-03-24T21:30:28","slug":"holzornament-eckholzschnitzerei-mahagoni-235x110mm-set-2-stuck","status":"publish","type":"product","link":"https:\/\/partsandpieces.nl\/de\/product\/houten-ornament-hoek-houtsnijwerk-mahonie-235x110mm-set-2-stuks\/","title":{"rendered":"Holzornament-Ecke, Holzschnitzerei, Mahagoni, 235 x 110 mm (Set 2 St\u00fcck)"},"content":{"rendered":"<p><strong>Holzornament, Eckschnitzerei, Mahagoni, 235 x 110 mm<\/strong> ist ein Set bestehend aus 2 Holzornamenten: einem linken und einem rechten. Es ist ein wundersch\u00f6nes, handgeschnitztes Ornamentset f\u00fcr Ihre M\u00f6bel. Zum Beispiel an Ihrer Paneelt\u00fcr oder Ihrem Rundbogenschrank. Die Schnitzereien bestehen aus Mahagoniholz. Das Holz ist unbehandelt und geschliffen, sodass es f\u00fcr jede weitere Behandlung bereit ist.<\/p>\n<p><strong>Ma\u00dfe\u00a0<\/strong><br \/>\nHolzornament-Ecke, Holzschnitzerei, Mahagoni, 235 x 110 mm, jedes St\u00fcck ist 235 mm hoch und 110 mm breit.<\/p>","protected":false},"excerpt":{"rendered":"<p>Houten Ornament Hoek Houtsnijwerk Mahonie 235x110mm is een set bestaande uit 2 houten ornamenten: een linker en een rechter. Het is een prachtig, hand gestoken ornamentenset voor op je meubel. Bijvoorbeeld op je paneeldeur of toogkast. Het houtsnijwerk is gemaakt van mahonie hout. Het hout is onbehandeld en geschuurd, dus klaar voor eventuele verdere behandeling. [&hellip;]<\/p>\n","protected":false},"featured_media":8294,"template":"","meta":{"_acf_changed":false},"product_brand":[],"product_cat":[54,56],"product_tag":[],"class_list":{"0":"post-8292","1":"product","2":"type-product","3":"status-publish","4":"has-post-thumbnail","6":"product_cat-houten-snij-en-draaiwerk","7":"product_cat-ornamenten","9":"first","10":"instock","11":"taxable","12":"shipping-taxable","13":"purchasable","14":"product-type-simple"},"acf":[],"yoast_head":"<!-- This site is optimized with the Yoast SEO plugin v27.3 - https:\/\/yoast.com\/product\/yoast-seo-wordpress\/ -->\n<title>Houten Ornament Hoek Houtsnijwerk Mahonie 235x110mm<\/title>\n<meta name=\"description\" content=\"Houten Ornament Hoek Houtsnijwerk Mahonie 235x110mm is een set bestaande uit 2 houten ornamenten. Het is een prachtige set voor op je meubel.\" \/>\n<meta name=\"robots\" content=\"index, follow, max-snippet:-1, max-image-preview:large, max-video-preview:-1\" \/>\n<link rel=\"canonical\" href=\"https:\/\/partsandpieces.nl\/de\/produkt\/holzornament-eckholzschnitzerei-mahagoni-235x110mm-set-2-stuck\/\" \/>\n<meta property=\"og:locale\" content=\"de_DE\" \/>\n<meta property=\"og:type\" content=\"article\" \/>\n<meta property=\"og:title\" content=\"Houten Ornament Hoek Houtsnijwerk Mahonie 235x110mm\" \/>\n<meta property=\"og:description\" content=\"Houten Ornament Hoek Houtsnijwerk Mahonie 235x110mm is een set bestaande uit 2 houten ornamenten. Het is een prachtige set voor op je meubel.\" \/>\n<meta property=\"og:url\" content=\"https:\/\/partsandpieces.nl\/de\/produkt\/holzornament-eckholzschnitzerei-mahagoni-235x110mm-set-2-stuck\/\" \/>\n<meta property=\"og:site_name\" content=\"Parts &amp; Pieces\" \/>\n<meta property=\"article:modified_time\" content=\"2026-03-24T21:30:28+00:00\" \/>\n<meta property=\"og:image\" content=\"https:\/\/partsandpieces.nl\/wp-content\/uploads\/2024\/03\/Houten-Ornament-Hoek-Houtsnijwerk-Mahonie-235x110mm.jpg\" \/>\n\t<meta property=\"og:image:width\" content=\"416\" \/>\n\t<meta property=\"og:image:height\" content=\"411\" \/>\n\t<meta property=\"og:image:type\" content=\"image\/jpeg\" \/>\n<meta name=\"twitter:card\" content=\"summary_large_image\" \/>\n<meta name=\"twitter:label1\" content=\"Gesch\u00e4tzte Lesezeit\" \/>\n\t<meta name=\"twitter:data1\" content=\"1\u00a0Minute\" \/>\n<script type=\"application\/ld+json\" class=\"yoast-schema-graph\">{\"@context\":\"https:\\\/\\\/schema.org\",\"@graph\":[{\"@type\":\"WebPage\",\"@id\":\"https:\\\/\\\/partsandpieces.nl\\\/product\\\/houten-ornament-hoek-houtsnijwerk-mahonie-235x110mm-set-2-stuks\\\/\",\"url\":\"https:\\\/\\\/partsandpieces.nl\\\/product\\\/houten-ornament-hoek-houtsnijwerk-mahonie-235x110mm-set-2-stuks\\\/\",\"name\":\"Houten Ornament Hoek Houtsnijwerk Mahonie 235x110mm\",\"isPartOf\":{\"@id\":\"https:\\\/\\\/partsandpieces.nl\\\/#website\"},\"primaryImageOfPage\":{\"@id\":\"https:\\\/\\\/partsandpieces.nl\\\/product\\\/houten-ornament-hoek-houtsnijwerk-mahonie-235x110mm-set-2-stuks\\\/#primaryimage\"},\"image\":{\"@id\":\"https:\\\/\\\/partsandpieces.nl\\\/product\\\/houten-ornament-hoek-houtsnijwerk-mahonie-235x110mm-set-2-stuks\\\/#primaryimage\"},\"thumbnailUrl\":\"https:\\\/\\\/partsandpieces.nl\\\/wp-content\\\/uploads\\\/2024\\\/03\\\/Houten-Ornament-Hoek-Houtsnijwerk-Mahonie-235x110mm.jpg\",\"datePublished\":\"2024-03-07T13:28:25+00:00\",\"dateModified\":\"2026-03-24T21:30:28+00:00\",\"description\":\"Houten Ornament Hoek Houtsnijwerk Mahonie 235x110mm is een set bestaande uit 2 houten ornamenten. Het is een prachtige set voor op je meubel.\",\"breadcrumb\":{\"@id\":\"https:\\\/\\\/partsandpieces.nl\\\/product\\\/houten-ornament-hoek-houtsnijwerk-mahonie-235x110mm-set-2-stuks\\\/#breadcrumb\"},\"inLanguage\":\"de\",\"potentialAction\":[{\"@type\":\"ReadAction\",\"target\":[\"https:\\\/\\\/partsandpieces.nl\\\/product\\\/houten-ornament-hoek-houtsnijwerk-mahonie-235x110mm-set-2-stuks\\\/\"]}]},{\"@type\":\"ImageObject\",\"inLanguage\":\"de\",\"@id\":\"https:\\\/\\\/partsandpieces.nl\\\/product\\\/houten-ornament-hoek-houtsnijwerk-mahonie-235x110mm-set-2-stuks\\\/#primaryimage\",\"url\":\"https:\\\/\\\/partsandpieces.nl\\\/wp-content\\\/uploads\\\/2024\\\/03\\\/Houten-Ornament-Hoek-Houtsnijwerk-Mahonie-235x110mm.jpg\",\"contentUrl\":\"https:\\\/\\\/partsandpieces.nl\\\/wp-content\\\/uploads\\\/2024\\\/03\\\/Houten-Ornament-Hoek-Houtsnijwerk-Mahonie-235x110mm.jpg\",\"width\":416,\"height\":411,\"caption\":\"Houten Ornament Hoek Houtsnijwerk Mahonie 235x110mm\"},{\"@type\":\"BreadcrumbList\",\"@id\":\"https:\\\/\\\/partsandpieces.nl\\\/product\\\/houten-ornament-hoek-houtsnijwerk-mahonie-235x110mm-set-2-stuks\\\/#breadcrumb\",\"itemListElement\":[{\"@type\":\"ListItem\",\"position\":1,\"name\":\"Home\",\"item\":\"https:\\\/\\\/partsandpieces.nl\\\/home\\\/\"},{\"@type\":\"ListItem\",\"position\":2,\"name\":\"Winkel\",\"item\":\"https:\\\/\\\/partsandpieces.nl\\\/winkel\\\/\"},{\"@type\":\"ListItem\",\"position\":3,\"name\":\"Houten Ornament Hoek Houtsnijwerk Mahonie 235x110mm (set 2 stuks)\"}]},{\"@type\":\"WebSite\",\"@id\":\"https:\\\/\\\/partsandpieces.nl\\\/#website\",\"url\":\"https:\\\/\\\/partsandpieces.nl\\\/\",\"name\":\"Parts &amp; Pieces\",\"description\":\"Alles voor uw meubelrestauratie en -onderhoud!\",\"potentialAction\":[{\"@type\":\"SearchAction\",\"target\":{\"@type\":\"EntryPoint\",\"urlTemplate\":\"https:\\\/\\\/partsandpieces.nl\\\/?s={search_term_string}\"},\"query-input\":{\"@type\":\"PropertyValueSpecification\",\"valueRequired\":true,\"valueName\":\"search_term_string\"}}],\"inLanguage\":\"de\"}]}<\/script>\n<!-- \/ Yoast SEO plugin. -->","yoast_head_json":{"title":"Holzornament, Eckschnitzerei, Mahagoni, 235 x 110 mm","description":"Holzornament-Ecke, Holzschnitzerei, Mahagoni, 235 x 110 mm, ist ein Set bestehend aus 2 Holzornamenten. Es ist ein wundersch\u00f6nes Set f\u00fcr Ihre M\u00f6bel.","robots":{"index":"index","follow":"follow","max-snippet":"max-snippet:-1","max-image-preview":"max-image-preview:large","max-video-preview":"max-video-preview:-1"},"canonical":"https:\/\/partsandpieces.nl\/de\/produkt\/holzornament-eckholzschnitzerei-mahagoni-235x110mm-set-2-stuck\/","og_locale":"de_DE","og_type":"article","og_title":"Houten Ornament Hoek Houtsnijwerk Mahonie 235x110mm","og_description":"Houten Ornament Hoek Houtsnijwerk Mahonie 235x110mm is een set bestaande uit 2 houten ornamenten. Het is een prachtige set voor op je meubel.","og_url":"https:\/\/partsandpieces.nl\/de\/produkt\/holzornament-eckholzschnitzerei-mahagoni-235x110mm-set-2-stuck\/","og_site_name":"Parts &amp; Pieces","article_modified_time":"2026-03-24T21:30:28+00:00","og_image":[{"width":416,"height":411,"url":"https:\/\/partsandpieces.nl\/wp-content\/uploads\/2024\/03\/Houten-Ornament-Hoek-Houtsnijwerk-Mahonie-235x110mm.jpg","type":"image\/jpeg"}],"twitter_card":"summary_large_image","twitter_misc":{"Gesch\u00e4tzte Lesezeit":"1\u00a0Minute"},"schema":{"@context":"https:\/\/schema.org","@graph":[{"@type":"WebPage","@id":"https:\/\/partsandpieces.nl\/product\/houten-ornament-hoek-houtsnijwerk-mahonie-235x110mm-set-2-stuks\/","url":"https:\/\/partsandpieces.nl\/product\/houten-ornament-hoek-houtsnijwerk-mahonie-235x110mm-set-2-stuks\/","name":"Holzornament, Eckschnitzerei, Mahagoni, 235 x 110 mm","isPartOf":{"@id":"https:\/\/partsandpieces.nl\/#website"},"primaryImageOfPage":{"@id":"https:\/\/partsandpieces.nl\/product\/houten-ornament-hoek-houtsnijwerk-mahonie-235x110mm-set-2-stuks\/#primaryimage"},"image":{"@id":"https:\/\/partsandpieces.nl\/product\/houten-ornament-hoek-houtsnijwerk-mahonie-235x110mm-set-2-stuks\/#primaryimage"},"thumbnailUrl":"https:\/\/partsandpieces.nl\/wp-content\/uploads\/2024\/03\/Houten-Ornament-Hoek-Houtsnijwerk-Mahonie-235x110mm.jpg","datePublished":"2024-03-07T13:28:25+00:00","dateModified":"2026-03-24T21:30:28+00:00","description":"Holzornament-Ecke, Holzschnitzerei, Mahagoni, 235 x 110 mm, ist ein Set bestehend aus 2 Holzornamenten. Es ist ein wundersch\u00f6nes Set f\u00fcr Ihre M\u00f6bel.","breadcrumb":{"@id":"https:\/\/partsandpieces.nl\/product\/houten-ornament-hoek-houtsnijwerk-mahonie-235x110mm-set-2-stuks\/#breadcrumb"},"inLanguage":"de","potentialAction":[{"@type":"ReadAction","target":["https:\/\/partsandpieces.nl\/product\/houten-ornament-hoek-houtsnijwerk-mahonie-235x110mm-set-2-stuks\/"]}]},{"@type":"ImageObject","inLanguage":"de","@id":"https:\/\/partsandpieces.nl\/product\/houten-ornament-hoek-houtsnijwerk-mahonie-235x110mm-set-2-stuks\/#primaryimage","url":"https:\/\/partsandpieces.nl\/wp-content\/uploads\/2024\/03\/Houten-Ornament-Hoek-Houtsnijwerk-Mahonie-235x110mm.jpg","contentUrl":"https:\/\/partsandpieces.nl\/wp-content\/uploads\/2024\/03\/Houten-Ornament-Hoek-Houtsnijwerk-Mahonie-235x110mm.jpg","width":416,"height":411,"caption":"Houten Ornament Hoek Houtsnijwerk Mahonie 235x110mm"},{"@type":"BreadcrumbList","@id":"https:\/\/partsandpieces.nl\/product\/houten-ornament-hoek-houtsnijwerk-mahonie-235x110mm-set-2-stuks\/#breadcrumb","itemListElement":[{"@type":"ListItem","position":1,"name":"Home","item":"https:\/\/partsandpieces.nl\/home\/"},{"@type":"ListItem","position":2,"name":"Winkel","item":"https:\/\/partsandpieces.nl\/winkel\/"},{"@type":"ListItem","position":3,"name":"Houten Ornament Hoek Houtsnijwerk Mahonie 235x110mm (set 2 stuks)"}]},{"@type":"WebSite","@id":"https:\/\/partsandpieces.nl\/#website","url":"https:\/\/partsandpieces.nl\/","name":"Teile &amp; St\u00fccke","description":"Alles f\u00fcr Ihre M\u00f6belrestaurierung und -pflege!","potentialAction":[{"@type":"SearchAction","target":{"@type":"EntryPoint","urlTemplate":"https:\/\/partsandpieces.nl\/?s={search_term_string}"},"query-input":{"@type":"PropertyValueSpecification","valueRequired":true,"valueName":"search_term_string"}}],"inLanguage":"de"}]}},"_links":{"self":[{"href":"https:\/\/partsandpieces.nl\/de\/wp-json\/wp\/v2\/product\/8292","targetHints":{"allow":["GET"]}}],"collection":[{"href":"https:\/\/partsandpieces.nl\/de\/wp-json\/wp\/v2\/product"}],"about":[{"href":"https:\/\/partsandpieces.nl\/de\/wp-json\/wp\/v2\/types\/product"}],"wp:featuredmedia":[{"embeddable":true,"href":"https:\/\/partsandpieces.nl\/de\/wp-json\/wp\/v2\/media\/8294"}],"wp:attachment":[{"href":"https:\/\/partsandpieces.nl\/de\/wp-json\/wp\/v2\/media?parent=8292"}],"wp:term":[{"taxonomy":"product_brand","embeddable":true,"href":"https:\/\/partsandpieces.nl\/de\/wp-json\/wp\/v2\/product_brand?post=8292"},{"taxonomy":"product_cat","embeddable":true,"href":"https:\/\/partsandpieces.nl\/de\/wp-json\/wp\/v2\/product_cat?post=8292"},{"taxonomy":"product_tag","embeddable":true,"href":"https:\/\/partsandpieces.nl\/de\/wp-json\/wp\/v2\/product_tag?post=8292"}],"curies":[{"name":"wp","href":"https:\/\/api.w.org\/{rel}","templated":true}]}}