{"id":8313,"date":"2024-03-08T13:51:32","date_gmt":"2024-03-08T12:51:32","guid":{"rendered":"https:\/\/partsandpieces.nl\/?post_type=product&#038;p=8313"},"modified":"2026-01-15T11:23:48","modified_gmt":"2026-01-15T10:23:48","slug":"schrankbein-bankbein-kiefer-modell-osterreich-73mm","status":"publish","type":"product","link":"https:\/\/partsandpieces.nl\/de\/product\/kastpoot-bankpoot-grenen-model-oostenrijk-73mm\/","title":{"rendered":"Schrankbein \/ Bankbein Kiefer Modell &#039;Austria&#039; 73mm"},"content":{"rendered":"<p><strong>Schrankbein \/ Bankbein Kiefer Modell &#039;Austria&#039; 73mm<\/strong> ist ein formsch\u00f6nes Schrankbein\/Bankbein aus Kiefernholz. Das Holz ist unbehandelt und geschliffen, sodass es f\u00fcr jede weitere Behandlung bereit ist.<\/p>\n<p><strong>Ma\u00dfe\u00a0<\/strong><br \/>\nSchrankbein \/ Bankbein Kiefer Modell &#039;Austria&#039; 73mm hat einen Durchmesser von 65mm (maximal). Die H\u00f6he des Schrankbeins betr\u00e4gt 73 mm.<\/p>","protected":false},"excerpt":{"rendered":"<p>Schrankbein\/Bankbein Kiefer Modell \u201eAustria\u201c 73mm ist ein wundersch\u00f6n gestaltetes Schrankbein\/Bankbein aus Kiefernholz. Das Holz ist unbehandelt und geschliffen, sodass es f\u00fcr jede weitere Behandlung bereit ist. Ma\u00dfe Schrankbein \/ Bankbein Kiefer Modell \u201eAustria\u201c 73mm hat einen Durchmesser von 65mm (maximal). Die H\u00f6he des Schrankbeins betr\u00e4gt 73 mm.<\/p>","protected":false},"featured_media":8314,"template":"","meta":{"_acf_changed":false},"product_brand":[],"product_cat":[57,54],"product_tag":[],"class_list":{"0":"post-8313","1":"product","2":"type-product","3":"status-publish","4":"has-post-thumbnail","6":"product_cat-houten-kastpoten","7":"product_cat-houten-snij-en-draaiwerk","9":"first","10":"instock","11":"taxable","12":"shipping-taxable","13":"purchasable","14":"product-type-simple"},"acf":[],"yoast_head":"<!-- This site is optimized with the Yoast SEO plugin v27.3 - https:\/\/yoast.com\/product\/yoast-seo-wordpress\/ -->\n<title>Kastpoot Bankpoot Grenen 73mm model \u2018Oostenrijk\u2019<\/title>\n<meta name=\"description\" content=\"Kastpoot \/ Bankpoot Grenen model \u2018Oostenrijk\u2019 73mm is een mooi vormgegeven kastpoot \/ bankpoot gemaakt van grenenhout. Het hout is onbehandeld en geschuurd.\" \/>\n<meta name=\"robots\" content=\"index, follow, max-snippet:-1, max-image-preview:large, max-video-preview:-1\" \/>\n<link rel=\"canonical\" href=\"https:\/\/partsandpieces.nl\/de\/produkt\/schrankbein-bankbein-kiefer-modell-osterreich-73mm\/\" \/>\n<meta property=\"og:locale\" content=\"de_DE\" \/>\n<meta property=\"og:type\" content=\"article\" \/>\n<meta property=\"og:title\" content=\"Kastpoot Bankpoot Grenen 73mm model \u2018Oostenrijk\u2019\" \/>\n<meta property=\"og:description\" content=\"Kastpoot \/ Bankpoot Grenen model \u2018Oostenrijk\u2019 73mm is een mooi vormgegeven kastpoot \/ bankpoot gemaakt van grenenhout. Het hout is onbehandeld en geschuurd.\" \/>\n<meta property=\"og:url\" content=\"https:\/\/partsandpieces.nl\/de\/produkt\/schrankbein-bankbein-kiefer-modell-osterreich-73mm\/\" \/>\n<meta property=\"og:site_name\" content=\"Parts &amp; Pieces\" \/>\n<meta property=\"article:modified_time\" content=\"2026-01-15T10:23:48+00:00\" \/>\n<meta property=\"og:image\" content=\"https:\/\/partsandpieces.nl\/wp-content\/uploads\/2024\/03\/Kastpoot-Bankpoot-Grenen-model-\u2018Oostenrijk-73mm.jpg\" \/>\n\t<meta property=\"og:image:width\" content=\"402\" \/>\n\t<meta property=\"og:image:height\" content=\"401\" \/>\n\t<meta property=\"og:image:type\" content=\"image\/jpeg\" \/>\n<meta name=\"twitter:card\" content=\"summary_large_image\" \/>\n<meta name=\"twitter:label1\" content=\"Gesch\u00e4tzte Lesezeit\" \/>\n\t<meta name=\"twitter:data1\" content=\"1\u00a0Minute\" \/>\n<script type=\"application\/ld+json\" class=\"yoast-schema-graph\">{\"@context\":\"https:\\\/\\\/schema.org\",\"@graph\":[{\"@type\":\"WebPage\",\"@id\":\"https:\\\/\\\/partsandpieces.nl\\\/product\\\/kastpoot-bankpoot-grenen-model-oostenrijk-73mm\\\/\",\"url\":\"https:\\\/\\\/partsandpieces.nl\\\/product\\\/kastpoot-bankpoot-grenen-model-oostenrijk-73mm\\\/\",\"name\":\"Kastpoot Bankpoot Grenen 73mm model \u2018Oostenrijk\u2019\",\"isPartOf\":{\"@id\":\"https:\\\/\\\/partsandpieces.nl\\\/#website\"},\"primaryImageOfPage\":{\"@id\":\"https:\\\/\\\/partsandpieces.nl\\\/product\\\/kastpoot-bankpoot-grenen-model-oostenrijk-73mm\\\/#primaryimage\"},\"image\":{\"@id\":\"https:\\\/\\\/partsandpieces.nl\\\/product\\\/kastpoot-bankpoot-grenen-model-oostenrijk-73mm\\\/#primaryimage\"},\"thumbnailUrl\":\"https:\\\/\\\/partsandpieces.nl\\\/wp-content\\\/uploads\\\/2024\\\/03\\\/Kastpoot-Bankpoot-Grenen-model-\u2018Oostenrijk-73mm.jpg\",\"datePublished\":\"2024-03-08T12:51:32+00:00\",\"dateModified\":\"2026-01-15T10:23:48+00:00\",\"description\":\"Kastpoot \\\/ Bankpoot Grenen model \u2018Oostenrijk\u2019 73mm is een mooi vormgegeven kastpoot \\\/ bankpoot gemaakt van grenenhout. Het hout is onbehandeld en geschuurd.\",\"breadcrumb\":{\"@id\":\"https:\\\/\\\/partsandpieces.nl\\\/product\\\/kastpoot-bankpoot-grenen-model-oostenrijk-73mm\\\/#breadcrumb\"},\"inLanguage\":\"de\",\"potentialAction\":[{\"@type\":\"ReadAction\",\"target\":[\"https:\\\/\\\/partsandpieces.nl\\\/product\\\/kastpoot-bankpoot-grenen-model-oostenrijk-73mm\\\/\"]}]},{\"@type\":\"ImageObject\",\"inLanguage\":\"de\",\"@id\":\"https:\\\/\\\/partsandpieces.nl\\\/product\\\/kastpoot-bankpoot-grenen-model-oostenrijk-73mm\\\/#primaryimage\",\"url\":\"https:\\\/\\\/partsandpieces.nl\\\/wp-content\\\/uploads\\\/2024\\\/03\\\/Kastpoot-Bankpoot-Grenen-model-\u2018Oostenrijk-73mm.jpg\",\"contentUrl\":\"https:\\\/\\\/partsandpieces.nl\\\/wp-content\\\/uploads\\\/2024\\\/03\\\/Kastpoot-Bankpoot-Grenen-model-\u2018Oostenrijk-73mm.jpg\",\"width\":402,\"height\":401,\"caption\":\"Kastpoot \\\/ Bankpoot Grenen model \u2018Oostenrijk\u2019 73mm\"},{\"@type\":\"BreadcrumbList\",\"@id\":\"https:\\\/\\\/partsandpieces.nl\\\/product\\\/kastpoot-bankpoot-grenen-model-oostenrijk-73mm\\\/#breadcrumb\",\"itemListElement\":[{\"@type\":\"ListItem\",\"position\":1,\"name\":\"Home\",\"item\":\"https:\\\/\\\/partsandpieces.nl\\\/home\\\/\"},{\"@type\":\"ListItem\",\"position\":2,\"name\":\"Winkel\",\"item\":\"https:\\\/\\\/partsandpieces.nl\\\/winkel\\\/\"},{\"@type\":\"ListItem\",\"position\":3,\"name\":\"Kastpoot \\\/ Bankpoot Grenen model \u2018Oostenrijk\u2019 73mm\"}]},{\"@type\":\"WebSite\",\"@id\":\"https:\\\/\\\/partsandpieces.nl\\\/#website\",\"url\":\"https:\\\/\\\/partsandpieces.nl\\\/\",\"name\":\"Parts &amp; Pieces\",\"description\":\"Alles voor uw meubelrestauratie en -onderhoud!\",\"potentialAction\":[{\"@type\":\"SearchAction\",\"target\":{\"@type\":\"EntryPoint\",\"urlTemplate\":\"https:\\\/\\\/partsandpieces.nl\\\/?s={search_term_string}\"},\"query-input\":{\"@type\":\"PropertyValueSpecification\",\"valueRequired\":true,\"valueName\":\"search_term_string\"}}],\"inLanguage\":\"de\"}]}<\/script>\n<!-- \/ Yoast SEO plugin. -->","yoast_head_json":{"title":"Schrankbein Bankbein Kiefer 73mm Modell &#039;\u00d6sterreich&#039;","description":"Schrankbein \/ Bankbein Kiefer Modell &#039;Austria&#039; 73mm ist ein wundersch\u00f6n gestaltetes Schrankbein \/ Bankbein aus Kiefernholz. Das Holz ist unbehandelt und geschliffen.","robots":{"index":"index","follow":"follow","max-snippet":"max-snippet:-1","max-image-preview":"max-image-preview:large","max-video-preview":"max-video-preview:-1"},"canonical":"https:\/\/partsandpieces.nl\/de\/produkt\/schrankbein-bankbein-kiefer-modell-osterreich-73mm\/","og_locale":"de_DE","og_type":"article","og_title":"Kastpoot Bankpoot Grenen 73mm model \u2018Oostenrijk\u2019","og_description":"Kastpoot \/ Bankpoot Grenen model \u2018Oostenrijk\u2019 73mm is een mooi vormgegeven kastpoot \/ bankpoot gemaakt van grenenhout. Het hout is onbehandeld en geschuurd.","og_url":"https:\/\/partsandpieces.nl\/de\/produkt\/schrankbein-bankbein-kiefer-modell-osterreich-73mm\/","og_site_name":"Parts &amp; Pieces","article_modified_time":"2026-01-15T10:23:48+00:00","og_image":[{"width":402,"height":401,"url":"https:\/\/partsandpieces.nl\/wp-content\/uploads\/2024\/03\/Kastpoot-Bankpoot-Grenen-model-\u2018Oostenrijk-73mm.jpg","type":"image\/jpeg"}],"twitter_card":"summary_large_image","twitter_misc":{"Gesch\u00e4tzte Lesezeit":"1\u00a0Minute"},"schema":{"@context":"https:\/\/schema.org","@graph":[{"@type":"WebPage","@id":"https:\/\/partsandpieces.nl\/product\/kastpoot-bankpoot-grenen-model-oostenrijk-73mm\/","url":"https:\/\/partsandpieces.nl\/product\/kastpoot-bankpoot-grenen-model-oostenrijk-73mm\/","name":"Schrankbein Bankbein Kiefer 73mm Modell &#039;\u00d6sterreich&#039;","isPartOf":{"@id":"https:\/\/partsandpieces.nl\/#website"},"primaryImageOfPage":{"@id":"https:\/\/partsandpieces.nl\/product\/kastpoot-bankpoot-grenen-model-oostenrijk-73mm\/#primaryimage"},"image":{"@id":"https:\/\/partsandpieces.nl\/product\/kastpoot-bankpoot-grenen-model-oostenrijk-73mm\/#primaryimage"},"thumbnailUrl":"https:\/\/partsandpieces.nl\/wp-content\/uploads\/2024\/03\/Kastpoot-Bankpoot-Grenen-model-\u2018Oostenrijk-73mm.jpg","datePublished":"2024-03-08T12:51:32+00:00","dateModified":"2026-01-15T10:23:48+00:00","description":"Schrankbein \/ Bankbein Kiefer Modell &#039;Austria&#039; 73mm ist ein wundersch\u00f6n gestaltetes Schrankbein \/ Bankbein aus Kiefernholz. Das Holz ist unbehandelt und geschliffen.","breadcrumb":{"@id":"https:\/\/partsandpieces.nl\/product\/kastpoot-bankpoot-grenen-model-oostenrijk-73mm\/#breadcrumb"},"inLanguage":"de","potentialAction":[{"@type":"ReadAction","target":["https:\/\/partsandpieces.nl\/product\/kastpoot-bankpoot-grenen-model-oostenrijk-73mm\/"]}]},{"@type":"ImageObject","inLanguage":"de","@id":"https:\/\/partsandpieces.nl\/product\/kastpoot-bankpoot-grenen-model-oostenrijk-73mm\/#primaryimage","url":"https:\/\/partsandpieces.nl\/wp-content\/uploads\/2024\/03\/Kastpoot-Bankpoot-Grenen-model-\u2018Oostenrijk-73mm.jpg","contentUrl":"https:\/\/partsandpieces.nl\/wp-content\/uploads\/2024\/03\/Kastpoot-Bankpoot-Grenen-model-\u2018Oostenrijk-73mm.jpg","width":402,"height":401,"caption":"Kastpoot \/ Bankpoot Grenen model \u2018Oostenrijk\u2019 73mm"},{"@type":"BreadcrumbList","@id":"https:\/\/partsandpieces.nl\/product\/kastpoot-bankpoot-grenen-model-oostenrijk-73mm\/#breadcrumb","itemListElement":[{"@type":"ListItem","position":1,"name":"Home","item":"https:\/\/partsandpieces.nl\/home\/"},{"@type":"ListItem","position":2,"name":"Winkel","item":"https:\/\/partsandpieces.nl\/winkel\/"},{"@type":"ListItem","position":3,"name":"Kastpoot \/ Bankpoot Grenen model \u2018Oostenrijk\u2019 73mm"}]},{"@type":"WebSite","@id":"https:\/\/partsandpieces.nl\/#website","url":"https:\/\/partsandpieces.nl\/","name":"Teile &amp; St\u00fccke","description":"Alles f\u00fcr Ihre M\u00f6belrestaurierung und -pflege!","potentialAction":[{"@type":"SearchAction","target":{"@type":"EntryPoint","urlTemplate":"https:\/\/partsandpieces.nl\/?s={search_term_string}"},"query-input":{"@type":"PropertyValueSpecification","valueRequired":true,"valueName":"search_term_string"}}],"inLanguage":"de"}]}},"_links":{"self":[{"href":"https:\/\/partsandpieces.nl\/de\/wp-json\/wp\/v2\/product\/8313","targetHints":{"allow":["GET"]}}],"collection":[{"href":"https:\/\/partsandpieces.nl\/de\/wp-json\/wp\/v2\/product"}],"about":[{"href":"https:\/\/partsandpieces.nl\/de\/wp-json\/wp\/v2\/types\/product"}],"wp:featuredmedia":[{"embeddable":true,"href":"https:\/\/partsandpieces.nl\/de\/wp-json\/wp\/v2\/media\/8314"}],"wp:attachment":[{"href":"https:\/\/partsandpieces.nl\/de\/wp-json\/wp\/v2\/media?parent=8313"}],"wp:term":[{"taxonomy":"product_brand","embeddable":true,"href":"https:\/\/partsandpieces.nl\/de\/wp-json\/wp\/v2\/product_brand?post=8313"},{"taxonomy":"product_cat","embeddable":true,"href":"https:\/\/partsandpieces.nl\/de\/wp-json\/wp\/v2\/product_cat?post=8313"},{"taxonomy":"product_tag","embeddable":true,"href":"https:\/\/partsandpieces.nl\/de\/wp-json\/wp\/v2\/product_tag?post=8313"}],"curies":[{"name":"wp","href":"https:\/\/api.w.org\/{rel}","templated":true}]}}